{"id":34571,"date":"2025-02-14T18:55:16","date_gmt":"2025-02-14T16:55:16","guid":{"rendered":"https:\/\/test.puhdasplus.ee\/\/tooted\/be-kategorijos\/laukiniu-melyniu-kombucia-330-ml\/"},"modified":"2026-02-22T22:48:20","modified_gmt":"2026-02-22T20:48:20","slug":"laukiniu-melyniu-kombucia-330-ml","status":"publish","type":"product","link":"https:\/\/test.puhdasplus.ee\/lt\/tooted\/gerimai\/kombuca\/laukiniu-melyniu-kombucia-330-ml\/","title":{"rendered":"Laukini\u0173 m\u0117lyni\u0173 kombu\u010dia 330 ml"},"content":{"rendered":"<h2 data-start=\"389\" data-end=\"744\">Kas yra \u201ePure+\u201c laukini\u0173 m\u0117lyni\u0173 kombu\u010dia?<\/h2>\n<p class=\"\" data-start=\"89\" data-end=\"256\"><strong data-start=\"89\" data-end=\"181\">\u0160i autenti\u0161ka, ekologi\u0161ka kombu\u010dia, rank\u0173 darbo, gaminama Suomijoje, gaminama m\u016bs\u0173 pa\u010di\u0173 alaus darykloje.<\/strong><br data-start=\"181\" data-end=\"184\"> Viename g\u0117rimo butelyje yra <strong data-start=\"198\" data-end=\"238\">5 milijardai gyv\u0173 pieno r\u016bg\u0161ties bakterij\u0173<\/strong> .<\/p>\n<p class=\"\" data-start=\"746\" data-end=\"1052\">Kombu\u010dia yra nat\u016braliai gazuota \u2013 burbuliukai susidaro nat\u016bralaus fermentacijos proceso metu, o ne dirbtinai \u012fpilto anglies dioksido. Lengvas g\u0117rimo r\u016bg\u0161tumas ir uog\u0173 gaivumas paver\u010dia j\u012f maloniu u\u017ekand\u017eiu, vir\u0161kinim\u0105 gerinan\u010dia priemone po valgio arba sveika alternatyva \u012fprastiems gaiviesiems g\u0117rimams. <\/p>\n<h2 data-start=\"1059\" data-end=\"1083\">Kod\u0117l \u201ePuhdas+ Wild Blueberry kombucha\u201c naudinga?<\/h2>\n<p class=\"\" data-start=\"1085\" data-end=\"1326\"><strong data-start=\"1085\" data-end=\"1121\">Palaiko \u017earnyno mikrobiom\u0105<\/strong><br data-start=\"1121\" data-end=\"1124\"> Sud\u0117tyje yra gyv\u0173 pieno r\u016bg\u0161ties bakterij\u0173 \u2013 <em data-start=\"1162\" data-end=\"1187\">Lactobacillus paracasei<\/em> ir <em data-start=\"1191\" data-end=\"1211\">Bacillus coagulans<\/em> \u2013 kurios palaiko vir\u0161kinimo trakto mikrofloros pusiausvyr\u0105 ir taip gali teigiamai paveikti vir\u0161kinim\u0105 bei imunitet\u0105.<\/p>\n<p class=\"\" data-start=\"1328\" data-end=\"1553\"><strong data-start=\"1328\" data-end=\"1357\">Nat\u016brali m\u0117lyni\u0173 galia<\/strong><br data-start=\"1357\" data-end=\"1360\"> Laukin\u0117s m\u0117lyn\u0117s \u017einomos d\u0117l didelio antioksidant\u0173 kiekio. \u0160ie nat\u016bral\u016bs junginiai padeda apsaugoti organizmo l\u0105steles nuo oksidacinio streso ir palaiko bendr\u0105 atsparum\u0105 bei ger\u0105 savijaut\u0105. <\/p>\n<p class=\"\" data-start=\"1555\" data-end=\"1787\"><strong data-start=\"1555\" data-end=\"1588\">100 % ekologi\u0161k\u0173 ir gryn\u0173 ingredient\u0173<\/strong><br data-start=\"1588\" data-end=\"1591\"> Visos sudedamosios dalys yra ekologi\u0161kos kilm\u0117s. G\u0117rime n\u0117ra dirbtini\u0173 saldikli\u0173, konservant\u0173 ar da\u017eikli\u0173. Jis taip pat tinka s\u0105moningam vartotojui, vertinan\u010diam grynum\u0105 ir ekologi\u0161kum\u0105.  <\/p>\n<p class=\"\" data-start=\"1789\" data-end=\"1976\"><strong data-start=\"1789\" data-end=\"1834\">Ma\u017eai cukraus ir gaivus<\/strong><br data-start=\"1834\" data-end=\"1837\"> \u0160iek tiek r\u016bg\u0161tokas, nat\u016braliai putojantis ir ma\u017eai cukraus turintis \u2013 puikus pasirinkimas tiems, kurie nori ka\u017eko skanaus, bet ne saldaus.<\/p>\n<h3>Ingredientai<\/h3>\n<p class=\"\" data-start=\"2001\" data-end=\"2053\"><strong data-start=\"468\" data-end=\"484\">Sudedamosios dalys:<\/strong><br data-start=\"484\" data-end=\"487\"> Vanduo, burok\u0117li\u0173 cukrus*, juodoji arbata*, kombu\u010dios kult\u016bros*, m\u0117lyni\u0173 sultys*, pieno r\u016bg\u0161ties bakterijos (Lactobacillus paracasei, Bacillus coagulans), anglies dioksidas.<\/p>\n<p class=\"\" data-start=\"2001\" data-end=\"2053\">(*ekologi\u0161kas)<\/p>\n<h3 data-start=\"640\" data-end=\"678\">Maistin\u0117 informacija (100 g):<\/h3>\n<ul data-start=\"679\" data-end=\"805\">\n<li class=\"\" data-start=\"679\" data-end=\"707\">\n<p class=\"\" data-start=\"681\" data-end=\"707\">Energin\u0117 vert\u0117: 23 kcal \/ 95 kJ<\/p>\n<\/li>\n<li class=\"\" data-start=\"708\" data-end=\"723\">\n<p class=\"\" data-start=\"710\" data-end=\"723\">Riebalai: 0 g<\/p>\n<\/li>\n<li class=\"\" data-start=\"724\" data-end=\"775\">\n<p class=\"\" data-start=\"726\" data-end=\"746\">Angliavandeniai: 5,6 g<\/p>\n<ul data-start=\"749\" data-end=\"775\">\n<li class=\"\" data-start=\"749\" data-end=\"775\">\n<p class=\"\" data-start=\"751\" data-end=\"775\">i\u0161 kuri\u0173 cukr\u0173: 5,2 g<\/p>\n<\/li>\n<\/ul>\n<\/li>\n<li class=\"\" data-start=\"776\" data-end=\"791\">\n<p class=\"\" data-start=\"778\" data-end=\"791\">Baltymai: 0 g<\/p>\n<\/li>\n<li class=\"\" data-start=\"792\" data-end=\"805\">\n<p class=\"\" data-start=\"794\" data-end=\"805\">Druska: 0 g<\/p>\n<\/li>\n<\/ul>\n<p class=\"\" data-start=\"807\" data-end=\"834\"><strong data-start=\"807\" data-end=\"828\">Alkoholio kiekis:<\/strong>&lt; 0,5%<\/p>\n<p class=\"\" data-start=\"836\" data-end=\"869\"><strong data-start=\"836\" data-end=\"847\">Pakuot\u0117:<\/strong> 12 buteliuk\u0173 po 330 ml<\/p>\n<h2 data-start=\"2492\" data-end=\"2523\">Naudojimas ir saugojimas<\/h2>\n<p class=\"\" data-start=\"2524\" data-end=\"2696\">M\u0117gaukit\u0117s at\u0161aldytu. Idealiai tinka kaip lengvas u\u017ekandis, vir\u0161kinimui skatinti po valgio arba tiesiog atsigaivinti.<br data-start=\"2631\" data-end=\"2634\"> Atidarius laikyti \u0161aldytuve ir suvartoti per 2 dienas. <\/p>\n","protected":false},"excerpt":{"rendered":"<p class=\"\" data-start=\"248\" data-end=\"661\">\u201ePure+ Wild Blueberry Kombucha\u201c \u2013 tai auk\u0161tos kokyb\u0117s, ekologi\u0161kai u\u017eauginta fermentuota arbata, kurioje derinamas tradicin\u0117s kombu\u010dios privalumas ir tikr\u0173 laukini\u0173 m\u0117lyni\u0173 gaivumas. Tai nat\u016braliai fermentuotas g\u0117rimas, pagamintas i\u0161 juodosios arbatos, ekologi\u0161ko cukraus ir gyvosios kult\u016bros (SCOBY), kuri suteikia lengv\u0105 r\u016bg\u0161tum\u0105, nat\u016brali\u0105 gazuot\u0105 sud\u0117t\u012f ir bioaktyvi\u0105 sud\u0117t\u012f. <\/p>\n<p class=\"\" data-start=\"663\" data-end=\"1097\">Kiekviename buteliuke yra gyv\u0173 pieno r\u016bg\u0161ties bakterij\u0173 \u2013 <em data-start=\"711\" data-end=\"736\">Lactobacillus paracasei<\/em> ir <em data-start=\"740\" data-end=\"760\">Bacillus coagulans<\/em> \u2013 kurios palaiko subalansuot\u0105 \u017earnyno mikrobiom\u0105. Reguliarus probiotini\u0173 bakterij\u0173 vartojimas gali prisid\u0117ti prie normalios vir\u0161kinimo funkcijos, pagerinti maistini\u0173 med\u017eiag\u0173 \u012fsisavinim\u0105 ir bendr\u0105 savijaut\u0105. Kombu\u010dia taip pat \u017einoma d\u0117l savo \u0161velni\u0173 vir\u0161kinim\u0105 gerinan\u010di\u0173 savybi\u0173, tod\u0117l puikiai tinka vartoti po valgio.  <\/p>\n<p class=\"\" data-start=\"1099\" data-end=\"1468\">Papildoma g\u0117rimo vert\u0117 \u2013 ekologi\u0161kos m\u0117lyni\u0173 sultys, kurios suteikia kombu\u010diai nat\u016brali\u0105 spalv\u0105, malon\u0173 uog\u0173 skon\u012f ir papildo antioksidacin\u012f poveik\u012f. Laukin\u0117s m\u0117lyn\u0117s nat\u016braliai gausios antocianin\u0173 \u2013 bioaktyvi\u0173j\u0173 jungini\u0173, kurie padeda apsaugoti organizmo l\u0105steles nuo oksidacinio streso ir palaiko normali\u0105 aki\u0173, odos ir kraujagysli\u0173 funkcij\u0105. <\/p>\n","protected":false},"featured_media":34574,"comment_status":"closed","ping_status":"closed","template":"","meta":{"_acf_changed":false},"product_brand":[],"product_cat":[5426,5427,3049],"product_tag":[3563,5430,5433,5428,5432,5431,2667,5429,2967],"class_list":{"0":"post-34571","1":"product","2":"type-product","3":"status-publish","4":"has-post-thumbnail","6":"product_cat-gerimai","7":"product_cat-kombuca","8":"product_cat-specialus-pasiulymai","9":"product_tag-ekologiskas-lt","10":"product_tag-fermentuotas-gerimas","11":"product_tag-gerimai","12":"product_tag-kombuca","13":"product_tag-laukines-melynes","14":"product_tag-melyniu","15":"product_tag-organinis","16":"product_tag-pieno-rugsties-bakterijos-lt","17":"product_tag-veganas","19":"first","20":"instock","21":"sale","22":"taxable","23":"shipping-taxable","24":"purchasable","25":"product-type-variable","26":"has-default-attributes"},"acf":[],"yoast_head":"<!-- This site is optimized with the Yoast SEO plugin v27.1.1 - https:\/\/yoast.com\/product\/yoast-seo-wordpress\/ -->\n<title>Laukini\u0173 m\u0117lyni\u0173 kombu\u010dia 330 ml - Puhdas+<\/title>\n<meta name=\"description\" content=\"Laukini\u0173 m\u0117lyni\u0173 kombu\u010dia 330 ml. Organin\u0117 rank\u0173 darbo kombu\u010dia, pagaminta Suomijoje, viename buteliuke yra 5 milijardai pieno r\u016bg\u0161ties bakterij\u0173.\" \/>\n<meta name=\"robots\" content=\"noindex, follow, max-snippet:-1, max-image-preview:large, max-video-preview:-1\" \/>\n<meta property=\"og:locale\" content=\"lt_LT\" \/>\n<meta property=\"og:type\" content=\"article\" \/>\n<meta property=\"og:title\" content=\"Laukini\u0173 m\u0117lyni\u0173 kombu\u010dia 330 ml - Puhdas+\" \/>\n<meta property=\"og:description\" content=\"Laukini\u0173 m\u0117lyni\u0173 kombu\u010dia 330 ml. Organin\u0117 rank\u0173 darbo kombu\u010dia, pagaminta Suomijoje, viename buteliuke yra 5 milijardai pieno r\u016bg\u0161ties bakterij\u0173.\" \/>\n<meta property=\"og:url\" content=\"https:\/\/test.puhdasplus.ee\/lt\/tooted\/gerimai\/kombuca\/laukiniu-melyniu-kombucia-330-ml\/\" \/>\n<meta property=\"og:site_name\" content=\"Puhdas+\" \/>\n<meta property=\"article:publisher\" content=\"https:\/\/www.facebook.com\/puhdasplus\" \/>\n<meta property=\"article:modified_time\" content=\"2026-02-22T20:48:20+00:00\" \/>\n<meta property=\"og:image\" content=\"https:\/\/test.puhdasplus.ee\/wp-content\/uploads\/2025\/03\/201.jpg\" \/>\n\t<meta property=\"og:image:width\" content=\"1862\" \/>\n\t<meta property=\"og:image:height\" content=\"2560\" \/>\n\t<meta property=\"og:image:type\" content=\"image\/jpeg\" \/>\n<meta name=\"twitter:card\" content=\"summary_large_image\" \/>\n<meta name=\"twitter:label1\" content=\"Est. reading time\" \/>\n\t<meta name=\"twitter:data1\" content=\"2 minut\u0117\" \/>\n<script type=\"application\/ld+json\" class=\"yoast-schema-graph\">{\"@context\":\"https:\/\/schema.org\",\"@graph\":[{\"@type\":\"WebPage\",\"@id\":\"https:\/\/test.puhdasplus.ee\/lt\/tooted\/gerimai\/kombuca\/laukiniu-melyniu-kombucia-330-ml\/\",\"url\":\"https:\/\/test.puhdasplus.ee\/lt\/tooted\/gerimai\/kombuca\/laukiniu-melyniu-kombucia-330-ml\/\",\"name\":\"Laukini\u0173 m\u0117lyni\u0173 kombu\u010dia 330 ml - Puhdas+\",\"isPartOf\":{\"@id\":\"https:\/\/test.puhdasplus.ee\/lt\/#website\"},\"primaryImageOfPage\":{\"@id\":\"https:\/\/test.puhdasplus.ee\/lt\/tooted\/gerimai\/kombuca\/laukiniu-melyniu-kombucia-330-ml\/#primaryimage\"},\"image\":{\"@id\":\"https:\/\/test.puhdasplus.ee\/lt\/tooted\/gerimai\/kombuca\/laukiniu-melyniu-kombucia-330-ml\/#primaryimage\"},\"thumbnailUrl\":\"https:\/\/test.puhdasplus.ee\/wp-content\/uploads\/2025\/03\/201.jpg\",\"datePublished\":\"2025-02-14T16:55:16+00:00\",\"dateModified\":\"2026-02-22T20:48:20+00:00\",\"description\":\"Laukini\u0173 m\u0117lyni\u0173 kombu\u010dia 330 ml. Organin\u0117 rank\u0173 darbo kombu\u010dia, pagaminta Suomijoje, viename buteliuke yra 5 milijardai pieno r\u016bg\u0161ties bakterij\u0173.\",\"breadcrumb\":{\"@id\":\"https:\/\/test.puhdasplus.ee\/lt\/tooted\/gerimai\/kombuca\/laukiniu-melyniu-kombucia-330-ml\/#breadcrumb\"},\"inLanguage\":\"lt-LT\",\"potentialAction\":[{\"@type\":\"ReadAction\",\"target\":[\"https:\/\/test.puhdasplus.ee\/lt\/tooted\/gerimai\/kombuca\/laukiniu-melyniu-kombucia-330-ml\/\"]}]},{\"@type\":\"ImageObject\",\"inLanguage\":\"lt-LT\",\"@id\":\"https:\/\/test.puhdasplus.ee\/lt\/tooted\/gerimai\/kombuca\/laukiniu-melyniu-kombucia-330-ml\/#primaryimage\",\"url\":\"https:\/\/test.puhdasplus.ee\/wp-content\/uploads\/2025\/03\/201.jpg\",\"contentUrl\":\"https:\/\/test.puhdasplus.ee\/wp-content\/uploads\/2025\/03\/201.jpg\",\"width\":1862,\"height\":2560,\"caption\":\"m\u0117lyni\u0173 kombu\u010dia\"},{\"@type\":\"BreadcrumbList\",\"@id\":\"https:\/\/test.puhdasplus.ee\/lt\/tooted\/gerimai\/kombuca\/laukiniu-melyniu-kombucia-330-ml\/#breadcrumb\",\"itemListElement\":[{\"@type\":\"ListItem\",\"position\":1,\"name\":\"Prad\u017eia\",\"item\":\"https:\/\/test.puhdasplus.ee\/lt\/\"},{\"@type\":\"ListItem\",\"position\":2,\"name\":\"Produktai\",\"item\":\"https:\/\/test.puhdasplus.ee\/lt\/parduotuve\/\"},{\"@type\":\"ListItem\",\"position\":3,\"name\":\"Laukini\u0173 m\u0117lyni\u0173 kombu\u010dia 330 ml\"}]},{\"@type\":\"WebSite\",\"@id\":\"https:\/\/test.puhdasplus.ee\/lt\/#website\",\"url\":\"https:\/\/test.puhdasplus.ee\/lt\/\",\"name\":\"Puhdas+\",\"description\":\"Vitamiinid, Toidulisandid, looduskosmeetika, tervis, sport\",\"publisher\":{\"@id\":\"https:\/\/test.puhdasplus.ee\/lt\/#organization\"},\"potentialAction\":[{\"@type\":\"SearchAction\",\"target\":{\"@type\":\"EntryPoint\",\"urlTemplate\":\"https:\/\/test.puhdasplus.ee\/lt\/?s={search_term_string}\"},\"query-input\":{\"@type\":\"PropertyValueSpecification\",\"valueRequired\":true,\"valueName\":\"search_term_string\"}}],\"inLanguage\":\"lt-LT\"},{\"@type\":\"Organization\",\"@id\":\"https:\/\/test.puhdasplus.ee\/lt\/#organization\",\"name\":\"Puhdas+\",\"alternateName\":\"Puhdasplus\",\"url\":\"https:\/\/test.puhdasplus.ee\/lt\/\",\"logo\":{\"@type\":\"ImageObject\",\"inLanguage\":\"lt-LT\",\"@id\":\"https:\/\/test.puhdasplus.ee\/lt\/#\/schema\/logo\/image\/\",\"url\":\"https:\/\/test.puhdasplus.ee\/\/wp-content\/uploads\/2019\/10\/puhdas_logo-arvele.png\",\"contentUrl\":\"https:\/\/test.puhdasplus.ee\/\/wp-content\/uploads\/2019\/10\/puhdas_logo-arvele.png\",\"width\":114,\"height\":94,\"caption\":\"Puhdas+\"},\"image\":{\"@id\":\"https:\/\/test.puhdasplus.ee\/lt\/#\/schema\/logo\/image\/\"},\"sameAs\":[\"https:\/\/www.facebook.com\/puhdasplus\",\"https:\/\/www.instagram.com\/puhdasplus_ee\/\"]}]}<\/script>\n<!-- \/ Yoast SEO plugin. -->","yoast_head_json":{"title":"Laukini\u0173 m\u0117lyni\u0173 kombu\u010dia 330 ml - Puhdas+","description":"Laukini\u0173 m\u0117lyni\u0173 kombu\u010dia 330 ml. Organin\u0117 rank\u0173 darbo kombu\u010dia, pagaminta Suomijoje, viename buteliuke yra 5 milijardai pieno r\u016bg\u0161ties bakterij\u0173.","robots":{"index":"noindex","follow":"follow","max-snippet":"max-snippet:-1","max-image-preview":"max-image-preview:large","max-video-preview":"max-video-preview:-1"},"og_locale":"lt_LT","og_type":"article","og_title":"Laukini\u0173 m\u0117lyni\u0173 kombu\u010dia 330 ml - Puhdas+","og_description":"Laukini\u0173 m\u0117lyni\u0173 kombu\u010dia 330 ml. Organin\u0117 rank\u0173 darbo kombu\u010dia, pagaminta Suomijoje, viename buteliuke yra 5 milijardai pieno r\u016bg\u0161ties bakterij\u0173.","og_url":"https:\/\/test.puhdasplus.ee\/lt\/tooted\/gerimai\/kombuca\/laukiniu-melyniu-kombucia-330-ml\/","og_site_name":"Puhdas+","article_publisher":"https:\/\/www.facebook.com\/puhdasplus","article_modified_time":"2026-02-22T20:48:20+00:00","og_image":[{"width":1862,"height":2560,"url":"https:\/\/test.puhdasplus.ee\/wp-content\/uploads\/2025\/03\/201.jpg","type":"image\/jpeg"}],"twitter_card":"summary_large_image","twitter_misc":{"Est. reading time":"2 minut\u0117"},"schema":{"@context":"https:\/\/schema.org","@graph":[{"@type":"WebPage","@id":"https:\/\/test.puhdasplus.ee\/lt\/tooted\/gerimai\/kombuca\/laukiniu-melyniu-kombucia-330-ml\/","url":"https:\/\/test.puhdasplus.ee\/lt\/tooted\/gerimai\/kombuca\/laukiniu-melyniu-kombucia-330-ml\/","name":"Laukini\u0173 m\u0117lyni\u0173 kombu\u010dia 330 ml - Puhdas+","isPartOf":{"@id":"https:\/\/test.puhdasplus.ee\/lt\/#website"},"primaryImageOfPage":{"@id":"https:\/\/test.puhdasplus.ee\/lt\/tooted\/gerimai\/kombuca\/laukiniu-melyniu-kombucia-330-ml\/#primaryimage"},"image":{"@id":"https:\/\/test.puhdasplus.ee\/lt\/tooted\/gerimai\/kombuca\/laukiniu-melyniu-kombucia-330-ml\/#primaryimage"},"thumbnailUrl":"https:\/\/test.puhdasplus.ee\/wp-content\/uploads\/2025\/03\/201.jpg","datePublished":"2025-02-14T16:55:16+00:00","dateModified":"2026-02-22T20:48:20+00:00","description":"Laukini\u0173 m\u0117lyni\u0173 kombu\u010dia 330 ml. Organin\u0117 rank\u0173 darbo kombu\u010dia, pagaminta Suomijoje, viename buteliuke yra 5 milijardai pieno r\u016bg\u0161ties bakterij\u0173.","breadcrumb":{"@id":"https:\/\/test.puhdasplus.ee\/lt\/tooted\/gerimai\/kombuca\/laukiniu-melyniu-kombucia-330-ml\/#breadcrumb"},"inLanguage":"lt-LT","potentialAction":[{"@type":"ReadAction","target":["https:\/\/test.puhdasplus.ee\/lt\/tooted\/gerimai\/kombuca\/laukiniu-melyniu-kombucia-330-ml\/"]}]},{"@type":"ImageObject","inLanguage":"lt-LT","@id":"https:\/\/test.puhdasplus.ee\/lt\/tooted\/gerimai\/kombuca\/laukiniu-melyniu-kombucia-330-ml\/#primaryimage","url":"https:\/\/test.puhdasplus.ee\/wp-content\/uploads\/2025\/03\/201.jpg","contentUrl":"https:\/\/test.puhdasplus.ee\/wp-content\/uploads\/2025\/03\/201.jpg","width":1862,"height":2560,"caption":"m\u0117lyni\u0173 kombu\u010dia"},{"@type":"BreadcrumbList","@id":"https:\/\/test.puhdasplus.ee\/lt\/tooted\/gerimai\/kombuca\/laukiniu-melyniu-kombucia-330-ml\/#breadcrumb","itemListElement":[{"@type":"ListItem","position":1,"name":"Prad\u017eia","item":"https:\/\/test.puhdasplus.ee\/lt\/"},{"@type":"ListItem","position":2,"name":"Produktai","item":"https:\/\/test.puhdasplus.ee\/lt\/parduotuve\/"},{"@type":"ListItem","position":3,"name":"Laukini\u0173 m\u0117lyni\u0173 kombu\u010dia 330 ml"}]},{"@type":"WebSite","@id":"https:\/\/test.puhdasplus.ee\/lt\/#website","url":"https:\/\/test.puhdasplus.ee\/lt\/","name":"Puhdas+","description":"Vitamiinid, Toidulisandid, looduskosmeetika, tervis, sport","publisher":{"@id":"https:\/\/test.puhdasplus.ee\/lt\/#organization"},"potentialAction":[{"@type":"SearchAction","target":{"@type":"EntryPoint","urlTemplate":"https:\/\/test.puhdasplus.ee\/lt\/?s={search_term_string}"},"query-input":{"@type":"PropertyValueSpecification","valueRequired":true,"valueName":"search_term_string"}}],"inLanguage":"lt-LT"},{"@type":"Organization","@id":"https:\/\/test.puhdasplus.ee\/lt\/#organization","name":"Puhdas+","alternateName":"Puhdasplus","url":"https:\/\/test.puhdasplus.ee\/lt\/","logo":{"@type":"ImageObject","inLanguage":"lt-LT","@id":"https:\/\/test.puhdasplus.ee\/lt\/#\/schema\/logo\/image\/","url":"https:\/\/test.puhdasplus.ee\/\/wp-content\/uploads\/2019\/10\/puhdas_logo-arvele.png","contentUrl":"https:\/\/test.puhdasplus.ee\/\/wp-content\/uploads\/2019\/10\/puhdas_logo-arvele.png","width":114,"height":94,"caption":"Puhdas+"},"image":{"@id":"https:\/\/test.puhdasplus.ee\/lt\/#\/schema\/logo\/image\/"},"sameAs":["https:\/\/www.facebook.com\/puhdasplus","https:\/\/www.instagram.com\/puhdasplus_ee\/"]}]}},"_links":{"self":[{"href":"https:\/\/test.puhdasplus.ee\/lt\/wp-json\/wp\/v2\/product\/34571","targetHints":{"allow":["GET"]}}],"collection":[{"href":"https:\/\/test.puhdasplus.ee\/lt\/wp-json\/wp\/v2\/product"}],"about":[{"href":"https:\/\/test.puhdasplus.ee\/lt\/wp-json\/wp\/v2\/types\/product"}],"replies":[{"embeddable":true,"href":"https:\/\/test.puhdasplus.ee\/lt\/wp-json\/wp\/v2\/comments?post=34571"}],"wp:featuredmedia":[{"embeddable":true,"href":"https:\/\/test.puhdasplus.ee\/lt\/wp-json\/wp\/v2\/media\/34574"}],"wp:attachment":[{"href":"https:\/\/test.puhdasplus.ee\/lt\/wp-json\/wp\/v2\/media?parent=34571"}],"wp:term":[{"taxonomy":"product_brand","embeddable":true,"href":"https:\/\/test.puhdasplus.ee\/lt\/wp-json\/wp\/v2\/product_brand?post=34571"},{"taxonomy":"product_cat","embeddable":true,"href":"https:\/\/test.puhdasplus.ee\/lt\/wp-json\/wp\/v2\/product_cat?post=34571"},{"taxonomy":"product_tag","embeddable":true,"href":"https:\/\/test.puhdasplus.ee\/lt\/wp-json\/wp\/v2\/product_tag?post=34571"}],"curies":[{"name":"wp","href":"https:\/\/api.w.org\/{rel}","templated":true}]}}