{"id":34564,"date":"2025-02-14T10:21:29","date_gmt":"2025-02-14T08:21:29","guid":{"rendered":"https:\/\/test.puhdasplus.ee\/\/tooted\/be-kategorijos\/super-cesnakas\/"},"modified":"2026-02-22T22:48:09","modified_gmt":"2026-02-22T20:48:09","slug":"super-cesnakas","status":"publish","type":"product","link":"https:\/\/test.puhdasplus.ee\/lt\/tooted\/imunine-sistema\/super-cesnakas\/","title":{"rendered":"Super \u010desnakas"},"content":{"rendered":"<h2 class=\"\" data-start=\"291\" data-end=\"335\">Kas yra \u201ePure+ Super\u201c \u010desnakas + cinkas?<\/h2>\n<p class=\"\" data-start=\"337\" data-end=\"720\"><strong data-start=\"337\" data-end=\"371\">\u201ePure+ Super Garlic + Zinc\u201c<\/strong> yra nat\u016bralios kilm\u0117s maisto papildas, kuriame derinami liofilizuoti \u010desnako milteliai, koncentruotas \u010desnako ekstraktas ir cinkas. \u010cesnakas tradici\u0161kai buvo populiari mitybos dalis, o jo vartojimas siejamas su ilga kult\u016brine istorija. Bekvap\u0117 kapsul\u0117 leid\u017eia patogiai \u012ftraukti \u010desnak\u0105 ir cink\u0105 \u012f savo kasdien\u0119 mityb\u0105 \u2013 be stipraus \u010desnako kvapo.  <\/p>\n<h2 class=\"\" data-start=\"727\" data-end=\"759\">Kod\u0117l \u201ePure+ Super\u201c \u010desnakas + cinkas yra naudingas?<\/h2>\n<p data-start=\"693\" data-end=\"972\">\u010cesnakas jau \u0161imtme\u010dius yra vertinama dar\u017eov\u0117 ir prieskonis, naudojamas kasdieniame maiste. \u201eSuper Garlic + Zinc\u201c sud\u0117tyje yra liofilizuot\u0173 \u010desnak\u0173 milteli\u0173 ir koncentruoto \u010desnako ekstrakto, tod\u0117l \u010desnak\u0105 galima lengvai vartoti be b\u016bdingo kvapo. <\/p>\n<p data-start=\"974\" data-end=\"1030\">Produkte esantis <strong>cinkas<\/strong> yra b\u016btinas mineralas, kuris:<\/p>\n<ul data-start=\"1031\" data-end=\"1195\">\n<li data-start=\"1031\" data-end=\"1085\">\n<p data-start=\"1033\" data-end=\"1085\">prisideda prie normalios imunin\u0117s sistemos veiklos<\/p>\n<\/li>\n<li data-start=\"1086\" data-end=\"1135\">\n<p data-start=\"1088\" data-end=\"1135\">padeda apsaugoti l\u0105steles nuo oksidacinio streso<\/p>\n<\/li>\n<li data-start=\"1136\" data-end=\"1195\">\n<p data-start=\"1138\" data-end=\"1195\">padeda palaikyti normali\u0105 odos, plauk\u0173 ir nag\u0173 b\u016bkl\u0119<\/p>\n<\/li>\n<\/ul>\n<h2 data-start=\"767\" data-end=\"810\">\u010cesnakas \u2013 nat\u016bralus pasirinkimas<\/h2>\n<p data-start=\"1236\" data-end=\"1497\">\u010cesnakas jau \u0161imtme\u010dius yra vertinama \u017eolel\u0117 ir sveikos mitybos dalis. Nat\u016bral\u016bs jo junginiai, \u012fskaitant alicin\u0105, suteikia \u010desnakui b\u016bding\u0105 skon\u012f ir aromat\u0105 ir tradici\u0161kai siejamas su kasdiene gerove ir subalansuota mityba. <\/p>\n<p data-start=\"1499\" data-end=\"1663\">Skirtingai nuo \u017ealio \u010desnako, \u201ePure+ Super\u201c \u010desnakas yra bekvapis \u2013 tai rei\u0161kia, kad \u010desnak\u0105 galite patogiai \u012fsigyti kapsuli\u0173 pavidalu, be nemalonaus poskonio ar kvapo.<\/p>\n<h2 data-start=\"1404\" data-end=\"1448\">Cinkas \u2013 svarbus imunin\u0117s sistemos mineralas<\/h2>\n<p class=\"\" data-start=\"1450\" data-end=\"1732\">Cinkas yra b\u016btinas mineralas, kurio organizmui reikia normaliam imunin\u0117s sistemos funkcionavimui, \u017eaizd\u0173 gijimui, l\u0105steli\u0173 atsinaujinimui ir net skonio bei uosl\u0117s poj\u016b\u010di\u0173 palaikymui. Cinko tr\u016bkumas gali pasireik\u0161ti, pavyzd\u017eiui, da\u017enu per\u0161alimu, nuovargiu, sausa oda ar trapiais nagais. <\/p>\n<p class=\"\" data-start=\"1734\" data-end=\"1759\">\u0160iame maisto papilde esantis cinkas:<\/p>\n<ul data-start=\"1760\" data-end=\"1912\">\n<li class=\"\" data-start=\"1760\" data-end=\"1818\">\n<p class=\"\" data-start=\"1762\" data-end=\"1818\">prisideda prie <strong data-start=\"1774\" data-end=\"1816\">normalios imunin\u0117s sistemos veiklos<\/strong><\/p>\n<\/li>\n<li class=\"\" data-start=\"1819\" data-end=\"1872\">\n<p class=\"\" data-start=\"1821\" data-end=\"1872\">padeda apsaugoti l\u0105steles nuo <strong data-start=\"1841\" data-end=\"1865\">oksidacinio streso<\/strong><\/p>\n<\/li>\n<li class=\"\" data-start=\"1873\" data-end=\"1912\">\n<p class=\"\" data-start=\"1875\" data-end=\"1912\">palaiko odos, nag\u0173 ir plauk\u0173 sveikat\u0105<\/p>\n<\/li>\n<\/ul>\n<h2 class=\"\" data-start=\"1350\" data-end=\"1374\">Kam tai tinka?<\/h2>\n<p class=\"\" data-start=\"1376\" data-end=\"1409\">Produktas tinka suaugusiesiems, kurie:<\/p>\n<ul data-start=\"1410\" data-end=\"1624\">\n<li class=\"\" data-start=\"1410\" data-end=\"1445\">\n<p class=\"\" data-start=\"1412\" data-end=\"1445\">nori sustiprinti savo imunitet\u0105<\/p>\n<\/li>\n<li class=\"\" data-start=\"1512\" data-end=\"1570\">\n<p class=\"\" data-start=\"1514\" data-end=\"1570\">nori nauding\u0173 \u010desnako savybi\u0173 be stipraus kvapo<\/p>\n<\/li>\n<li class=\"\" data-start=\"1571\" data-end=\"1624\">\n<p class=\"\" data-start=\"1573\" data-end=\"1624\">vertiname produktus be pried\u0173 ir grynus ingredientus<\/p>\n<\/li>\n<\/ul>\n<h2 class=\"\" data-start=\"2193\" data-end=\"2223\">Kada j\u012f b\u016bt\u0173 galima panaudoti?<\/h2>\n<p class=\"\" data-start=\"2225\" data-end=\"2327\"><strong data-start=\"2225\" data-end=\"2259\">\u201ePure+ Super Garlic + Zinc\u201c<\/strong> puikiai tinka kasdieniam naudojimui, ta\u010diau ypa\u010d rekomenduojamas:<\/p>\n<ul data-start=\"2329\" data-end=\"2644\">\n<li class=\"\" data-start=\"2329\" data-end=\"2404\">\n<p class=\"\" data-start=\"2331\" data-end=\"2404\"><strong data-start=\"2331\" data-end=\"2365\">per\u0161alimo ir virusini\u0173 lig\u0173 laikotarpiu<\/strong> \u2013 kai reikia stipresnio imuniteto<\/p>\n<\/li>\n<li class=\"\" data-start=\"2405\" data-end=\"2466\">\n<p class=\"\" data-start=\"2407\" data-end=\"2466\"><strong data-start=\"2407\" data-end=\"2434\">stresiniais laikais<\/strong> \u2013 kai k\u016bnas yra labiau pa\u017eeid\u017eiamas<\/p>\n<\/li>\n<li class=\"\" data-start=\"2566\" data-end=\"2644\">\n<p class=\"\" data-start=\"2568\" data-end=\"2644\"><strong data-start=\"2568\" data-end=\"2609\">pagerinti bendr\u0105 gyvybingum\u0105 ir savijaut\u0105<\/strong> \u2013 nat\u016brali papildoma parama kasdieniam gyvenimui<\/p>\n<\/li>\n<\/ul>\n<h2 class=\"\" data-start=\"1631\" data-end=\"1648\">Ingredientai<\/h2>\n<p class=\"\" data-start=\"1652\" data-end=\"1667\">Saul\u0117gr\u0105\u017e\u0173 aliejus, kapsul\u0117s apvalkalas (\u017eelatina, gyv\u016bnin\u0117s kilm\u0117s), dr\u0117gm\u0119 i\u0161laikanti med\u017eiaga (glicerolis), liofilizuoti \u010desnak\u0173 milteliai, rozmarin\u0173 aliejus, bi\u010di\u0173 va\u0161kas, i\u0161grynintas vanduo, \u010desnak\u0173 ekstraktas, cinko oksidas.<\/p>\n<p class=\"\" data-start=\"1873\" data-end=\"1973\"><strong data-start=\"1873\" data-end=\"1887\">Sud\u0117tyje n\u0117ra<\/strong> glitimo, laktoz\u0117s, mieli\u0173, cukraus, druskos, krakmolo, sojos ar dirbtini\u0173 saldikli\u0173.<\/p>\n<h2 class=\"\" data-start=\"1980\" data-end=\"2017\">Veikliosios med\u017eiagos 1 kapsul\u0117je:<\/h2>\n<ul data-start=\"2019\" data-end=\"2138\">\n<li class=\"\" data-start=\"2019\" data-end=\"2055\">\n<p class=\"\" data-start=\"2021\" data-end=\"2055\">Liofilizuotas \u010desnakas \u2013 100 mg<\/p>\n<\/li>\n<li class=\"\" data-start=\"2056\" data-end=\"2085\">\n<p class=\"\" data-start=\"2058\" data-end=\"2085\">\u010cesnak\u0173 ekstraktas \u2013 20 mg<\/p>\n<\/li>\n<li class=\"\" data-start=\"2086\" data-end=\"2138\">\n<p class=\"\" data-start=\"2088\" data-end=\"2138\">Cinkas \u2013 4 mg (40 % rekomenduojamos paros normos \/ RMV)<\/p>\n<\/li>\n<\/ul>\n<h2 class=\"\" data-start=\"2145\" data-end=\"2166\">Naudotojo vadovas<\/h2>\n<p class=\"\" data-start=\"2168\" data-end=\"2226\"><strong data-start=\"2168\" data-end=\"2184\">Dozavimas:<\/strong><br data-start=\"2184\" data-end=\"2187\"> 1 kapsul\u0117 per dien\u0105 su maistu arba vandeniu.<\/p>\n<p class=\"\" data-start=\"2228\" data-end=\"2375\"><strong data-start=\"2228\" data-end=\"2239\">Pastaba:<\/strong><br data-start=\"2239\" data-end=\"2242\"> Rekomenduojamos paros doz\u0117s vir\u0161yti negalima. Maisto papildas nepakei\u010dia \u012fvairios ir subalansuotos mitybos ar sveiko gyvenimo b\u016bdo.<\/p>\n<h2 class=\"\" data-start=\"2382\" data-end=\"2412\">\u012esp\u0117jimai ir laikymas<\/h2>\n<ul data-start=\"2414\" data-end=\"2583\">\n<li class=\"\" data-start=\"2414\" data-end=\"2454\">\n<p class=\"\" data-start=\"2416\" data-end=\"2454\">Laikyti vaikams nepasiekiamoje vietoje.<\/p>\n<\/li>\n<li class=\"\" data-start=\"2455\" data-end=\"2528\">\n<p class=\"\" data-start=\"2457\" data-end=\"2528\">Laikyti sausoje ir kambario temperat\u016broje vietoje, toliau nuo tiesiogini\u0173 saul\u0117s spinduli\u0173.<\/p>\n<\/li>\n<\/ul>\n","protected":false},"excerpt":{"rendered":"<p data-start=\"180\" data-end=\"514\"><strong data-start=\"180\" data-end=\"214\">\u201ePure+ Super Garlic + Zinc\u201c<\/strong> skirtas \u017emon\u0117ms, kurie renkasi nat\u016bral\u0173 ir gryn\u0105 maisto papild\u0105 \u2013 be perteklini\u0173 pried\u0173 ir stipraus \u010desnako kvapo. Produkto sud\u0117tyje yra liofilizuot\u0173 \u010desnak\u0173 milteli\u0173 ir \u010desnak\u0173 ekstrakto, kurie suteikia patog\u0173 b\u016bd\u0105 vartoti \u010desnak\u0105 kasdien\u0117je mityboje. <\/p>\n<p data-start=\"516\" data-end=\"855\">Siekiant papildyti produkto poveik\u012f, jis praturtintas cinku \u2013 mineralu, kuris prisideda prie normalios imunin\u0117s sistemos funkcijos, apsaugo l\u0105steles nuo oksidacinio streso ir padeda palaikyti normali\u0105 odos, plauk\u0173 ir nag\u0173 b\u016bkl\u0119. D\u0117l to \u0161is produktas tinka tiems, kurie nori palaikyti savo k\u016bno kasdien\u0119 savijaut\u0105 ir mitybos \u012fvairov\u0119. <\/p>\n<p data-start=\"857\" data-end=\"1108\">Skirtingai nuo daugelio \u010desnako papild\u0173 <strong>, \u201ePure+ Super Garlic + Zinc\u201c<\/strong> nepalieka nemalonaus skonio ar kvapo. Gryna formul\u0117 puikiai tinka tiems, kurie nori i\u0161vengti dirbtini\u0173 kvapi\u0173j\u0173 med\u017eiag\u0173 ir aromat\u0173, taip pat laktoz\u0117s, glitimo, mieli\u0173 ar sojos. <\/p>\n<p data-start=\"1110\" data-end=\"1398\">\u0160is papildas tinka vartoti kasdien i\u0161tisus metus \u2013 pavyzd\u017eiui, laikotarpiais, kai j\u016bs\u0173 mityba gali b\u016bti vienpusi\u0161kesn\u0117 arba gyvenimo tempas greitesnis. Kvapios kapsul\u0117s si\u016blo paprast\u0105 ir malon\u0173 b\u016bd\u0105 \u012ftraukti \u010desnak\u0105 ir cink\u0105 \u012f savo kasdienyb\u0119, kad palaikytum\u0117te pusiausvyr\u0105 ir ger\u0105 savijaut\u0105. <\/p>\n","protected":false},"featured_media":34568,"comment_status":"closed","ping_status":"closed","template":"","meta":{"_acf_changed":false},"product_brand":[],"product_cat":[3048,3412,3049],"product_tag":[3396,5409,5415,5410,5411,5416,5412,3633,3050,3023,3400,5418,3391,3399,5420,3397,5413,3706,3398,3401],"class_list":{"0":"post-34564","1":"product","2":"type-product","3":"status-publish","4":"has-post-thumbnail","6":"product_cat-imunine-sistema","7":"product_cat-sirdies-sveikata","8":"product_cat-specialus-pasiulymai","9":"product_tag-antioksidacine-apsauga","10":"product_tag-cesnakas","11":"product_tag-cesnako-ekstraktas","12":"product_tag-cesnako-papildas","13":"product_tag-cholesterolio-kiekio-reguliavimas","14":"product_tag-cinko-oksidas","15":"product_tag-cinko-papildas","16":"product_tag-gerinant-kraujotaka","17":"product_tag-imunines-sistemos-palaikymas","18":"product_tag-imunitetas","19":"product_tag-mazinantis-cholesterolio-kieki","20":"product_tag-naturalus-imuniteto-palaikymas","21":"product_tag-naturalus-papildai","22":"product_tag-palaikant-sirdies-ir-kraujagysliu-sveikata","23":"product_tag-persalimo-prevencija","24":"product_tag-priesuzdegiminis-poveikis","25":"product_tag-saltai-apdorotu-cesnaku-milteliu","26":"product_tag-sirdies-sveikata","27":"product_tag-stiprinant-imunine-sistema","28":"product_tag-stiprinant-organizmo-gynybos-mechanizmus","30":"first","31":"instock","32":"sale","33":"taxable","34":"shipping-taxable","35":"purchasable","36":"product-type-variable","37":"has-default-attributes"},"acf":[],"yoast_head":"<!-- This site is optimized with the Yoast SEO plugin v27.1.1 - https:\/\/yoast.com\/product\/yoast-seo-wordpress\/ -->\n<title>Super \u010desnakas - Puhdas+<\/title>\n<meta name=\"description\" content=\"Bekvap\u0117 \u010desnako kapsul\u0117 su cinku imunitetui, \u0161ird\u017eiai ir cholesterolio kiekiui palaikyti. Gryna sud\u0117tis, be pried\u0173. Tinka vartoti kasdien.\" \/>\n<meta name=\"robots\" content=\"noindex, follow, max-snippet:-1, max-image-preview:large, max-video-preview:-1\" \/>\n<meta property=\"og:locale\" content=\"lt_LT\" \/>\n<meta property=\"og:type\" content=\"article\" \/>\n<meta property=\"og:title\" content=\"Super \u010desnakas - Puhdas+\" \/>\n<meta property=\"og:description\" content=\"Bekvap\u0117 \u010desnako kapsul\u0117 su cinku imunitetui, \u0161ird\u017eiai ir cholesterolio kiekiui palaikyti. Gryna sud\u0117tis, be pried\u0173. Tinka vartoti kasdien.\" \/>\n<meta property=\"og:url\" content=\"https:\/\/test.puhdasplus.ee\/lt\/tooted\/imunine-sistema\/super-cesnakas\/\" \/>\n<meta property=\"og:site_name\" content=\"Puhdas+\" \/>\n<meta property=\"article:publisher\" content=\"https:\/\/www.facebook.com\/puhdasplus\" \/>\n<meta property=\"article:modified_time\" content=\"2026-02-22T20:48:09+00:00\" \/>\n<meta property=\"og:image\" content=\"https:\/\/test.puhdasplus.ee\/wp-content\/uploads\/2025\/03\/196.jpg\" \/>\n\t<meta property=\"og:image:width\" content=\"1862\" \/>\n\t<meta property=\"og:image:height\" content=\"2560\" \/>\n\t<meta property=\"og:image:type\" content=\"image\/jpeg\" \/>\n<meta name=\"twitter:card\" content=\"summary_large_image\" \/>\n<meta name=\"twitter:label1\" content=\"Est. reading time\" \/>\n\t<meta name=\"twitter:data1\" content=\"2 minut\u0117\" \/>\n<script type=\"application\/ld+json\" class=\"yoast-schema-graph\">{\"@context\":\"https:\/\/schema.org\",\"@graph\":[{\"@type\":\"WebPage\",\"@id\":\"https:\/\/test.puhdasplus.ee\/lt\/tooted\/imunine-sistema\/super-cesnakas\/\",\"url\":\"https:\/\/test.puhdasplus.ee\/lt\/tooted\/imunine-sistema\/super-cesnakas\/\",\"name\":\"Super \u010desnakas - Puhdas+\",\"isPartOf\":{\"@id\":\"https:\/\/test.puhdasplus.ee\/lt\/#website\"},\"primaryImageOfPage\":{\"@id\":\"https:\/\/test.puhdasplus.ee\/lt\/tooted\/imunine-sistema\/super-cesnakas\/#primaryimage\"},\"image\":{\"@id\":\"https:\/\/test.puhdasplus.ee\/lt\/tooted\/imunine-sistema\/super-cesnakas\/#primaryimage\"},\"thumbnailUrl\":\"https:\/\/test.puhdasplus.ee\/wp-content\/uploads\/2025\/03\/196.jpg\",\"datePublished\":\"2025-02-14T08:21:29+00:00\",\"dateModified\":\"2026-02-22T20:48:09+00:00\",\"description\":\"Bekvap\u0117 \u010desnako kapsul\u0117 su cinku imunitetui, \u0161ird\u017eiai ir cholesterolio kiekiui palaikyti. Gryna sud\u0117tis, be pried\u0173. Tinka vartoti kasdien.\",\"breadcrumb\":{\"@id\":\"https:\/\/test.puhdasplus.ee\/lt\/tooted\/imunine-sistema\/super-cesnakas\/#breadcrumb\"},\"inLanguage\":\"lt-LT\",\"potentialAction\":[{\"@type\":\"ReadAction\",\"target\":[\"https:\/\/test.puhdasplus.ee\/lt\/tooted\/imunine-sistema\/super-cesnakas\/\"]}]},{\"@type\":\"ImageObject\",\"inLanguage\":\"lt-LT\",\"@id\":\"https:\/\/test.puhdasplus.ee\/lt\/tooted\/imunine-sistema\/super-cesnakas\/#primaryimage\",\"url\":\"https:\/\/test.puhdasplus.ee\/wp-content\/uploads\/2025\/03\/196.jpg\",\"contentUrl\":\"https:\/\/test.puhdasplus.ee\/wp-content\/uploads\/2025\/03\/196.jpg\",\"width\":1862,\"height\":2560,\"caption\":\"\u010desnakas\"},{\"@type\":\"BreadcrumbList\",\"@id\":\"https:\/\/test.puhdasplus.ee\/lt\/tooted\/imunine-sistema\/super-cesnakas\/#breadcrumb\",\"itemListElement\":[{\"@type\":\"ListItem\",\"position\":1,\"name\":\"Prad\u017eia\",\"item\":\"https:\/\/test.puhdasplus.ee\/lt\/\"},{\"@type\":\"ListItem\",\"position\":2,\"name\":\"Produktai\",\"item\":\"https:\/\/test.puhdasplus.ee\/lt\/parduotuve\/\"},{\"@type\":\"ListItem\",\"position\":3,\"name\":\"Super \u010desnakas\"}]},{\"@type\":\"WebSite\",\"@id\":\"https:\/\/test.puhdasplus.ee\/lt\/#website\",\"url\":\"https:\/\/test.puhdasplus.ee\/lt\/\",\"name\":\"Puhdas+\",\"description\":\"Vitamiinid, Toidulisandid, looduskosmeetika, tervis, sport\",\"publisher\":{\"@id\":\"https:\/\/test.puhdasplus.ee\/lt\/#organization\"},\"potentialAction\":[{\"@type\":\"SearchAction\",\"target\":{\"@type\":\"EntryPoint\",\"urlTemplate\":\"https:\/\/test.puhdasplus.ee\/lt\/?s={search_term_string}\"},\"query-input\":{\"@type\":\"PropertyValueSpecification\",\"valueRequired\":true,\"valueName\":\"search_term_string\"}}],\"inLanguage\":\"lt-LT\"},{\"@type\":\"Organization\",\"@id\":\"https:\/\/test.puhdasplus.ee\/lt\/#organization\",\"name\":\"Puhdas+\",\"alternateName\":\"Puhdasplus\",\"url\":\"https:\/\/test.puhdasplus.ee\/lt\/\",\"logo\":{\"@type\":\"ImageObject\",\"inLanguage\":\"lt-LT\",\"@id\":\"https:\/\/test.puhdasplus.ee\/lt\/#\/schema\/logo\/image\/\",\"url\":\"https:\/\/test.puhdasplus.ee\/\/wp-content\/uploads\/2019\/10\/puhdas_logo-arvele.png\",\"contentUrl\":\"https:\/\/test.puhdasplus.ee\/\/wp-content\/uploads\/2019\/10\/puhdas_logo-arvele.png\",\"width\":114,\"height\":94,\"caption\":\"Puhdas+\"},\"image\":{\"@id\":\"https:\/\/test.puhdasplus.ee\/lt\/#\/schema\/logo\/image\/\"},\"sameAs\":[\"https:\/\/www.facebook.com\/puhdasplus\",\"https:\/\/www.instagram.com\/puhdasplus_ee\/\"]}]}<\/script>\n<!-- \/ Yoast SEO plugin. -->","yoast_head_json":{"title":"Super \u010desnakas - Puhdas+","description":"Bekvap\u0117 \u010desnako kapsul\u0117 su cinku imunitetui, \u0161ird\u017eiai ir cholesterolio kiekiui palaikyti. Gryna sud\u0117tis, be pried\u0173. Tinka vartoti kasdien.","robots":{"index":"noindex","follow":"follow","max-snippet":"max-snippet:-1","max-image-preview":"max-image-preview:large","max-video-preview":"max-video-preview:-1"},"og_locale":"lt_LT","og_type":"article","og_title":"Super \u010desnakas - Puhdas+","og_description":"Bekvap\u0117 \u010desnako kapsul\u0117 su cinku imunitetui, \u0161ird\u017eiai ir cholesterolio kiekiui palaikyti. Gryna sud\u0117tis, be pried\u0173. Tinka vartoti kasdien.","og_url":"https:\/\/test.puhdasplus.ee\/lt\/tooted\/imunine-sistema\/super-cesnakas\/","og_site_name":"Puhdas+","article_publisher":"https:\/\/www.facebook.com\/puhdasplus","article_modified_time":"2026-02-22T20:48:09+00:00","og_image":[{"width":1862,"height":2560,"url":"https:\/\/test.puhdasplus.ee\/wp-content\/uploads\/2025\/03\/196.jpg","type":"image\/jpeg"}],"twitter_card":"summary_large_image","twitter_misc":{"Est. reading time":"2 minut\u0117"},"schema":{"@context":"https:\/\/schema.org","@graph":[{"@type":"WebPage","@id":"https:\/\/test.puhdasplus.ee\/lt\/tooted\/imunine-sistema\/super-cesnakas\/","url":"https:\/\/test.puhdasplus.ee\/lt\/tooted\/imunine-sistema\/super-cesnakas\/","name":"Super \u010desnakas - Puhdas+","isPartOf":{"@id":"https:\/\/test.puhdasplus.ee\/lt\/#website"},"primaryImageOfPage":{"@id":"https:\/\/test.puhdasplus.ee\/lt\/tooted\/imunine-sistema\/super-cesnakas\/#primaryimage"},"image":{"@id":"https:\/\/test.puhdasplus.ee\/lt\/tooted\/imunine-sistema\/super-cesnakas\/#primaryimage"},"thumbnailUrl":"https:\/\/test.puhdasplus.ee\/wp-content\/uploads\/2025\/03\/196.jpg","datePublished":"2025-02-14T08:21:29+00:00","dateModified":"2026-02-22T20:48:09+00:00","description":"Bekvap\u0117 \u010desnako kapsul\u0117 su cinku imunitetui, \u0161ird\u017eiai ir cholesterolio kiekiui palaikyti. Gryna sud\u0117tis, be pried\u0173. Tinka vartoti kasdien.","breadcrumb":{"@id":"https:\/\/test.puhdasplus.ee\/lt\/tooted\/imunine-sistema\/super-cesnakas\/#breadcrumb"},"inLanguage":"lt-LT","potentialAction":[{"@type":"ReadAction","target":["https:\/\/test.puhdasplus.ee\/lt\/tooted\/imunine-sistema\/super-cesnakas\/"]}]},{"@type":"ImageObject","inLanguage":"lt-LT","@id":"https:\/\/test.puhdasplus.ee\/lt\/tooted\/imunine-sistema\/super-cesnakas\/#primaryimage","url":"https:\/\/test.puhdasplus.ee\/wp-content\/uploads\/2025\/03\/196.jpg","contentUrl":"https:\/\/test.puhdasplus.ee\/wp-content\/uploads\/2025\/03\/196.jpg","width":1862,"height":2560,"caption":"\u010desnakas"},{"@type":"BreadcrumbList","@id":"https:\/\/test.puhdasplus.ee\/lt\/tooted\/imunine-sistema\/super-cesnakas\/#breadcrumb","itemListElement":[{"@type":"ListItem","position":1,"name":"Prad\u017eia","item":"https:\/\/test.puhdasplus.ee\/lt\/"},{"@type":"ListItem","position":2,"name":"Produktai","item":"https:\/\/test.puhdasplus.ee\/lt\/parduotuve\/"},{"@type":"ListItem","position":3,"name":"Super \u010desnakas"}]},{"@type":"WebSite","@id":"https:\/\/test.puhdasplus.ee\/lt\/#website","url":"https:\/\/test.puhdasplus.ee\/lt\/","name":"Puhdas+","description":"Vitamiinid, Toidulisandid, looduskosmeetika, tervis, sport","publisher":{"@id":"https:\/\/test.puhdasplus.ee\/lt\/#organization"},"potentialAction":[{"@type":"SearchAction","target":{"@type":"EntryPoint","urlTemplate":"https:\/\/test.puhdasplus.ee\/lt\/?s={search_term_string}"},"query-input":{"@type":"PropertyValueSpecification","valueRequired":true,"valueName":"search_term_string"}}],"inLanguage":"lt-LT"},{"@type":"Organization","@id":"https:\/\/test.puhdasplus.ee\/lt\/#organization","name":"Puhdas+","alternateName":"Puhdasplus","url":"https:\/\/test.puhdasplus.ee\/lt\/","logo":{"@type":"ImageObject","inLanguage":"lt-LT","@id":"https:\/\/test.puhdasplus.ee\/lt\/#\/schema\/logo\/image\/","url":"https:\/\/test.puhdasplus.ee\/\/wp-content\/uploads\/2019\/10\/puhdas_logo-arvele.png","contentUrl":"https:\/\/test.puhdasplus.ee\/\/wp-content\/uploads\/2019\/10\/puhdas_logo-arvele.png","width":114,"height":94,"caption":"Puhdas+"},"image":{"@id":"https:\/\/test.puhdasplus.ee\/lt\/#\/schema\/logo\/image\/"},"sameAs":["https:\/\/www.facebook.com\/puhdasplus","https:\/\/www.instagram.com\/puhdasplus_ee\/"]}]}},"_links":{"self":[{"href":"https:\/\/test.puhdasplus.ee\/lt\/wp-json\/wp\/v2\/product\/34564","targetHints":{"allow":["GET"]}}],"collection":[{"href":"https:\/\/test.puhdasplus.ee\/lt\/wp-json\/wp\/v2\/product"}],"about":[{"href":"https:\/\/test.puhdasplus.ee\/lt\/wp-json\/wp\/v2\/types\/product"}],"replies":[{"embeddable":true,"href":"https:\/\/test.puhdasplus.ee\/lt\/wp-json\/wp\/v2\/comments?post=34564"}],"wp:featuredmedia":[{"embeddable":true,"href":"https:\/\/test.puhdasplus.ee\/lt\/wp-json\/wp\/v2\/media\/34568"}],"wp:attachment":[{"href":"https:\/\/test.puhdasplus.ee\/lt\/wp-json\/wp\/v2\/media?parent=34564"}],"wp:term":[{"taxonomy":"product_brand","embeddable":true,"href":"https:\/\/test.puhdasplus.ee\/lt\/wp-json\/wp\/v2\/product_brand?post=34564"},{"taxonomy":"product_cat","embeddable":true,"href":"https:\/\/test.puhdasplus.ee\/lt\/wp-json\/wp\/v2\/product_cat?post=34564"},{"taxonomy":"product_tag","embeddable":true,"href":"https:\/\/test.puhdasplus.ee\/lt\/wp-json\/wp\/v2\/product_tag?post=34564"}],"curies":[{"name":"wp","href":"https:\/\/api.w.org\/{rel}","templated":true}]}}