{"id":34550,"date":"2025-02-03T15:00:02","date_gmt":"2025-02-03T13:00:02","guid":{"rendered":"https:\/\/test.puhdasplus.ee\/\/tooted\/be-kategorijos\/cholinas-300-mg\/"},"modified":"2026-03-04T22:06:19","modified_gmt":"2026-03-04T20:06:19","slug":"cholinas-300-mg","status":"publish","type":"product","link":"https:\/\/test.puhdasplus.ee\/lt\/tooted\/specialus-pasiulymai\/cholinas-300-mg\/","title":{"rendered":"Cholinas 300 mg"},"content":{"rendered":"<h3 data-start=\"77\" data-end=\"201\">Cholinas <b>\u2013 padeda palaikyti normali\u0105 kepen\u0173 funkcij\u0105 ir homocisteino metabolizm\u0105.<\/b><\/h3>\n<p data-start=\"77\" data-end=\"201\">Cholinas neseniai buvo \u012ftrauktas \u012f \u0160iaur\u0117s \u0161ali\u0173 mitybos rekomendacijas.<\/p>\n<p class=\"p1\">Cholinas yra b\u016btina organizmo maistin\u0117 med\u017eiaga, prisidedanti prie <b>riebal\u0173 apykaitos ir normalios kepen\u0173 funkcijos.<\/b> Cholinas palaiko riebal\u0173 transportavim\u0105 i\u0161 kepen\u0173 \u012f kitas k\u016bno dalis, taip pad\u0117damas <b>palaikyti nat\u016brali\u0105 kepen\u0173 pusiausvyr\u0105 ir funkcij\u0105<\/b> . Cholinas taip pat dalyvauja med\u017eiag\u0173 apykaitos procesuose, kurie <b>paver\u010dia maistines med\u017eiagas energija, kuri\u0105 organizmas gali panaudoti.<\/b> Tod\u0117l cholinas yra svarbus elementas <b>, palaikantis tiek kepen\u0173 sveikat\u0105, tiek riebal\u0173 apykait\u0105.<\/b> Pakankamas cholino vartojimas padeda palaikyti kepen\u0173 funkcij\u0105 ir <strong>palaiko nat\u016bral\u0173 organizmo energijos panaudojim\u0105.<\/strong> <\/p>\n<p data-start=\"848\" data-end=\"885\"><strong data-start=\"852\" data-end=\"883\">Naudingos cholino savyb\u0117s:<\/strong><\/p>\n<ul>\n<li data-start=\"886\" data-end=\"1025\">Padeda <strong data-start=\"894\" data-end=\"939\">palaikyti normali\u0105 riebal\u0173 apykait\u0105<\/strong><\/li>\n<li data-start=\"886\" data-end=\"1025\">Palaiko <strong data-start=\"951\" data-end=\"983\">normali\u0105 kepen\u0173 funkcij\u0105<\/strong><\/li>\n<\/ul>\n<p data-start=\"1027\" data-end=\"1191\" data-is-last-node=\"\">  Produktas yra auk\u0161tos kokyb\u0117s maisto papildas, pagamintas be nereikaling\u0173 pried\u0173 \u2013 <strong data-start=\"1126\" data-end=\"1190\">jame n\u0117ra konservant\u0173, da\u017eikli\u0173 ar pavir\u0161iaus apdorojimo med\u017eiag\u0173<\/strong> .<\/p>\n<p data-start=\"0\" data-end=\"96\"><strong>Sudedamosios dalys:<\/strong> cholinas (L-bitartratas), augalin\u0117 kapsul\u0117 (stabilizatorius: hidroksipropilmetilceliulioz\u0117).<\/p>\n<p data-start=\"98\" data-end=\"209\"><strong data-start=\"98\" data-end=\"112\">Sud\u0117tyje n\u0117ra<\/strong> laktoz\u0117s, mieli\u0173 ar glitimo.<br data-start=\"142\" data-end=\"145\"> <strong data-start=\"145\" data-end=\"159\">Sud\u0117tyje n\u0117ra<\/strong> cukraus, krakmolo, kukur\u016bz\u0173, sojos ar saldikli\u0173.<\/p>\n<p data-start=\"0\" data-end=\"22\"><strong>Dozavimas<\/strong> : 1\u20132 kapsuli\u0173 paros doz\u0117je yra 300\u2013600 mg cholino. Nevir\u0161ykite rekomenduojamos paros doz\u0117s. <\/p>\n<p data-start=\"83\" data-end=\"211\" data-is-last-node=\"\">Maisto papildas nepakei\u010dia \u012fvairios ir subalansuotos mitybos ar sveiko gyvenimo b\u016bdo.<br data-start=\"171\" data-end=\"174\"> Laikyti vaikams nepasiekiamoje vietoje.<\/p>\n<p data-start=\"83\" data-end=\"211\" data-is-last-node=\"\"><strong data-start=\"796\" data-end=\"807\">Gamintojas:<\/strong> New Organics Oy, Suomija<br data-start=\"830\" data-end=\"833\"><strong data-start=\"833\" data-end=\"848\">Importuotojas:<\/strong> NordenBio O\u00dc, Narva mnt 7, 10117 Talinas<\/p>\n","protected":false},"excerpt":{"rendered":"<p class=\"p1\"><b>Cholinas \u2013 svarbi maistin\u0117 med\u017eiaga, palaikanti kepen\u0173 ir riebal\u0173 apykait\u0105.<\/b><b><\/b><\/p>\n<p class=\"p2\">\u201ePure+ Strong Choline\u201c yra auk\u0161tos kokyb\u0117s maisto papildas, kurio sud\u0117tyje yra cholino L-bitartrato pavidalu. Cholinas padeda palaikyti normali\u0105 riebal\u0173 apykait\u0105 ir normali\u0105 kepen\u0173 funkcij\u0105. Produktas yra grynos sud\u0117ties ir neturi dirbtini\u0173 pried\u0173, toki\u0173 kaip konservantai, da\u017eikliai ar saldikliai.  <\/p>\n","protected":false},"featured_media":32439,"comment_status":"closed","ping_status":"closed","template":"","meta":{"_acf_changed":false},"product_brand":[],"product_cat":[3049,3318],"product_tag":[3320,3319,5389,4649,5386,5387,3857,5388],"class_list":{"0":"post-34550","1":"product","2":"type-product","3":"status-publish","4":"has-post-thumbnail","6":"product_cat-specialus-pasiulymai","7":"product_cat-virskinimas-ir-medziagu-apykaita","8":"product_tag-be-glitimo","9":"product_tag-be-laktozes","10":"product_tag-be-priedu","11":"product_tag-cholinas","12":"product_tag-cholino-papildas","13":"product_tag-kepenu-palaikymui","14":"product_tag-metabolizmas","15":"product_tag-veganiskas-cholinas","17":"first","18":"instock","19":"sale","20":"taxable","21":"shipping-taxable","22":"purchasable","23":"product-type-variable","24":"has-default-attributes"},"acf":[],"yoast_head":"<!-- This site is optimized with the Yoast SEO plugin v27.1.1 - https:\/\/yoast.com\/product\/yoast-seo-wordpress\/ -->\n<title>Cholinas 300 mg - Puhdas+<\/title>\n<meta name=\"description\" content=\"Cholino 50 kapsuli\u0173 \u2013 auk\u0161tos kokyb\u0117s, be pried\u0173 maisto papildas, kurio sud\u0117tyje yra cholino \u2013 b\u016btinos maistin\u0117s med\u017eiagos normaliai kepen\u0173 funkcijai. Tinka veganams.\" \/>\n<meta name=\"robots\" content=\"noindex, follow, max-snippet:-1, max-image-preview:large, max-video-preview:-1\" \/>\n<meta property=\"og:locale\" content=\"lt_LT\" \/>\n<meta property=\"og:type\" content=\"article\" \/>\n<meta property=\"og:title\" content=\"Cholinas 300 mg - Puhdas+\" \/>\n<meta property=\"og:description\" content=\"Cholino 50 kapsuli\u0173 \u2013 auk\u0161tos kokyb\u0117s, be pried\u0173 maisto papildas, kurio sud\u0117tyje yra cholino \u2013 b\u016btinos maistin\u0117s med\u017eiagos normaliai kepen\u0173 funkcijai. Tinka veganams.\" \/>\n<meta property=\"og:url\" content=\"https:\/\/test.puhdasplus.ee\/lt\/tooted\/specialus-pasiulymai\/cholinas-300-mg\/\" \/>\n<meta property=\"og:site_name\" content=\"Puhdas+\" \/>\n<meta property=\"article:publisher\" content=\"https:\/\/www.facebook.com\/puhdasplus\" \/>\n<meta property=\"article:modified_time\" content=\"2026-03-04T20:06:19+00:00\" \/>\n<meta property=\"og:image\" content=\"https:\/\/test.puhdasplus.ee\/wp-content\/uploads\/2025\/03\/192.jpg\" \/>\n\t<meta property=\"og:image:width\" content=\"1862\" \/>\n\t<meta property=\"og:image:height\" content=\"2560\" \/>\n\t<meta property=\"og:image:type\" content=\"image\/jpeg\" \/>\n<meta name=\"twitter:card\" content=\"summary_large_image\" \/>\n<meta name=\"twitter:label1\" content=\"Est. reading time\" \/>\n\t<meta name=\"twitter:data1\" content=\"1 minut\u0117\" \/>\n<script type=\"application\/ld+json\" class=\"yoast-schema-graph\">{\"@context\":\"https:\/\/schema.org\",\"@graph\":[{\"@type\":\"WebPage\",\"@id\":\"https:\/\/test.puhdasplus.ee\/lt\/tooted\/specialus-pasiulymai\/cholinas-300-mg\/\",\"url\":\"https:\/\/test.puhdasplus.ee\/lt\/tooted\/specialus-pasiulymai\/cholinas-300-mg\/\",\"name\":\"Cholinas 300 mg - Puhdas+\",\"isPartOf\":{\"@id\":\"https:\/\/test.puhdasplus.ee\/lt\/#website\"},\"primaryImageOfPage\":{\"@id\":\"https:\/\/test.puhdasplus.ee\/lt\/tooted\/specialus-pasiulymai\/cholinas-300-mg\/#primaryimage\"},\"image\":{\"@id\":\"https:\/\/test.puhdasplus.ee\/lt\/tooted\/specialus-pasiulymai\/cholinas-300-mg\/#primaryimage\"},\"thumbnailUrl\":\"https:\/\/test.puhdasplus.ee\/wp-content\/uploads\/2025\/03\/192.jpg\",\"datePublished\":\"2025-02-03T13:00:02+00:00\",\"dateModified\":\"2026-03-04T20:06:19+00:00\",\"description\":\"Cholino 50 kapsuli\u0173 \u2013 auk\u0161tos kokyb\u0117s, be pried\u0173 maisto papildas, kurio sud\u0117tyje yra cholino \u2013 b\u016btinos maistin\u0117s med\u017eiagos normaliai kepen\u0173 funkcijai. Tinka veganams.\",\"breadcrumb\":{\"@id\":\"https:\/\/test.puhdasplus.ee\/lt\/tooted\/specialus-pasiulymai\/cholinas-300-mg\/#breadcrumb\"},\"inLanguage\":\"lt-LT\",\"potentialAction\":[{\"@type\":\"ReadAction\",\"target\":[\"https:\/\/test.puhdasplus.ee\/lt\/tooted\/specialus-pasiulymai\/cholinas-300-mg\/\"]}]},{\"@type\":\"ImageObject\",\"inLanguage\":\"lt-LT\",\"@id\":\"https:\/\/test.puhdasplus.ee\/lt\/tooted\/specialus-pasiulymai\/cholinas-300-mg\/#primaryimage\",\"url\":\"https:\/\/test.puhdasplus.ee\/wp-content\/uploads\/2025\/03\/192.jpg\",\"contentUrl\":\"https:\/\/test.puhdasplus.ee\/wp-content\/uploads\/2025\/03\/192.jpg\",\"width\":1862,\"height\":2560,\"caption\":\"cholinas\"},{\"@type\":\"BreadcrumbList\",\"@id\":\"https:\/\/test.puhdasplus.ee\/lt\/tooted\/specialus-pasiulymai\/cholinas-300-mg\/#breadcrumb\",\"itemListElement\":[{\"@type\":\"ListItem\",\"position\":1,\"name\":\"Prad\u017eia\",\"item\":\"https:\/\/test.puhdasplus.ee\/lt\/\"},{\"@type\":\"ListItem\",\"position\":2,\"name\":\"Produktai\",\"item\":\"https:\/\/test.puhdasplus.ee\/lt\/parduotuve\/\"},{\"@type\":\"ListItem\",\"position\":3,\"name\":\"Cholinas 300 mg\"}]},{\"@type\":\"WebSite\",\"@id\":\"https:\/\/test.puhdasplus.ee\/lt\/#website\",\"url\":\"https:\/\/test.puhdasplus.ee\/lt\/\",\"name\":\"Puhdas+\",\"description\":\"Vitamiinid, Toidulisandid, looduskosmeetika, tervis, sport\",\"publisher\":{\"@id\":\"https:\/\/test.puhdasplus.ee\/lt\/#organization\"},\"potentialAction\":[{\"@type\":\"SearchAction\",\"target\":{\"@type\":\"EntryPoint\",\"urlTemplate\":\"https:\/\/test.puhdasplus.ee\/lt\/?s={search_term_string}\"},\"query-input\":{\"@type\":\"PropertyValueSpecification\",\"valueRequired\":true,\"valueName\":\"search_term_string\"}}],\"inLanguage\":\"lt-LT\"},{\"@type\":\"Organization\",\"@id\":\"https:\/\/test.puhdasplus.ee\/lt\/#organization\",\"name\":\"Puhdas+\",\"alternateName\":\"Puhdasplus\",\"url\":\"https:\/\/test.puhdasplus.ee\/lt\/\",\"logo\":{\"@type\":\"ImageObject\",\"inLanguage\":\"lt-LT\",\"@id\":\"https:\/\/test.puhdasplus.ee\/lt\/#\/schema\/logo\/image\/\",\"url\":\"https:\/\/test.puhdasplus.ee\/\/wp-content\/uploads\/2019\/10\/puhdas_logo-arvele.png\",\"contentUrl\":\"https:\/\/test.puhdasplus.ee\/\/wp-content\/uploads\/2019\/10\/puhdas_logo-arvele.png\",\"width\":114,\"height\":94,\"caption\":\"Puhdas+\"},\"image\":{\"@id\":\"https:\/\/test.puhdasplus.ee\/lt\/#\/schema\/logo\/image\/\"},\"sameAs\":[\"https:\/\/www.facebook.com\/puhdasplus\",\"https:\/\/www.instagram.com\/puhdasplus_ee\/\"]}]}<\/script>\n<!-- \/ Yoast SEO plugin. -->","yoast_head_json":{"title":"Cholinas 300 mg - Puhdas+","description":"Cholino 50 kapsuli\u0173 \u2013 auk\u0161tos kokyb\u0117s, be pried\u0173 maisto papildas, kurio sud\u0117tyje yra cholino \u2013 b\u016btinos maistin\u0117s med\u017eiagos normaliai kepen\u0173 funkcijai. Tinka veganams.","robots":{"index":"noindex","follow":"follow","max-snippet":"max-snippet:-1","max-image-preview":"max-image-preview:large","max-video-preview":"max-video-preview:-1"},"og_locale":"lt_LT","og_type":"article","og_title":"Cholinas 300 mg - Puhdas+","og_description":"Cholino 50 kapsuli\u0173 \u2013 auk\u0161tos kokyb\u0117s, be pried\u0173 maisto papildas, kurio sud\u0117tyje yra cholino \u2013 b\u016btinos maistin\u0117s med\u017eiagos normaliai kepen\u0173 funkcijai. Tinka veganams.","og_url":"https:\/\/test.puhdasplus.ee\/lt\/tooted\/specialus-pasiulymai\/cholinas-300-mg\/","og_site_name":"Puhdas+","article_publisher":"https:\/\/www.facebook.com\/puhdasplus","article_modified_time":"2026-03-04T20:06:19+00:00","og_image":[{"width":1862,"height":2560,"url":"https:\/\/test.puhdasplus.ee\/wp-content\/uploads\/2025\/03\/192.jpg","type":"image\/jpeg"}],"twitter_card":"summary_large_image","twitter_misc":{"Est. reading time":"1 minut\u0117"},"schema":{"@context":"https:\/\/schema.org","@graph":[{"@type":"WebPage","@id":"https:\/\/test.puhdasplus.ee\/lt\/tooted\/specialus-pasiulymai\/cholinas-300-mg\/","url":"https:\/\/test.puhdasplus.ee\/lt\/tooted\/specialus-pasiulymai\/cholinas-300-mg\/","name":"Cholinas 300 mg - Puhdas+","isPartOf":{"@id":"https:\/\/test.puhdasplus.ee\/lt\/#website"},"primaryImageOfPage":{"@id":"https:\/\/test.puhdasplus.ee\/lt\/tooted\/specialus-pasiulymai\/cholinas-300-mg\/#primaryimage"},"image":{"@id":"https:\/\/test.puhdasplus.ee\/lt\/tooted\/specialus-pasiulymai\/cholinas-300-mg\/#primaryimage"},"thumbnailUrl":"https:\/\/test.puhdasplus.ee\/wp-content\/uploads\/2025\/03\/192.jpg","datePublished":"2025-02-03T13:00:02+00:00","dateModified":"2026-03-04T20:06:19+00:00","description":"Cholino 50 kapsuli\u0173 \u2013 auk\u0161tos kokyb\u0117s, be pried\u0173 maisto papildas, kurio sud\u0117tyje yra cholino \u2013 b\u016btinos maistin\u0117s med\u017eiagos normaliai kepen\u0173 funkcijai. Tinka veganams.","breadcrumb":{"@id":"https:\/\/test.puhdasplus.ee\/lt\/tooted\/specialus-pasiulymai\/cholinas-300-mg\/#breadcrumb"},"inLanguage":"lt-LT","potentialAction":[{"@type":"ReadAction","target":["https:\/\/test.puhdasplus.ee\/lt\/tooted\/specialus-pasiulymai\/cholinas-300-mg\/"]}]},{"@type":"ImageObject","inLanguage":"lt-LT","@id":"https:\/\/test.puhdasplus.ee\/lt\/tooted\/specialus-pasiulymai\/cholinas-300-mg\/#primaryimage","url":"https:\/\/test.puhdasplus.ee\/wp-content\/uploads\/2025\/03\/192.jpg","contentUrl":"https:\/\/test.puhdasplus.ee\/wp-content\/uploads\/2025\/03\/192.jpg","width":1862,"height":2560,"caption":"cholinas"},{"@type":"BreadcrumbList","@id":"https:\/\/test.puhdasplus.ee\/lt\/tooted\/specialus-pasiulymai\/cholinas-300-mg\/#breadcrumb","itemListElement":[{"@type":"ListItem","position":1,"name":"Prad\u017eia","item":"https:\/\/test.puhdasplus.ee\/lt\/"},{"@type":"ListItem","position":2,"name":"Produktai","item":"https:\/\/test.puhdasplus.ee\/lt\/parduotuve\/"},{"@type":"ListItem","position":3,"name":"Cholinas 300 mg"}]},{"@type":"WebSite","@id":"https:\/\/test.puhdasplus.ee\/lt\/#website","url":"https:\/\/test.puhdasplus.ee\/lt\/","name":"Puhdas+","description":"Vitamiinid, Toidulisandid, looduskosmeetika, tervis, sport","publisher":{"@id":"https:\/\/test.puhdasplus.ee\/lt\/#organization"},"potentialAction":[{"@type":"SearchAction","target":{"@type":"EntryPoint","urlTemplate":"https:\/\/test.puhdasplus.ee\/lt\/?s={search_term_string}"},"query-input":{"@type":"PropertyValueSpecification","valueRequired":true,"valueName":"search_term_string"}}],"inLanguage":"lt-LT"},{"@type":"Organization","@id":"https:\/\/test.puhdasplus.ee\/lt\/#organization","name":"Puhdas+","alternateName":"Puhdasplus","url":"https:\/\/test.puhdasplus.ee\/lt\/","logo":{"@type":"ImageObject","inLanguage":"lt-LT","@id":"https:\/\/test.puhdasplus.ee\/lt\/#\/schema\/logo\/image\/","url":"https:\/\/test.puhdasplus.ee\/\/wp-content\/uploads\/2019\/10\/puhdas_logo-arvele.png","contentUrl":"https:\/\/test.puhdasplus.ee\/\/wp-content\/uploads\/2019\/10\/puhdas_logo-arvele.png","width":114,"height":94,"caption":"Puhdas+"},"image":{"@id":"https:\/\/test.puhdasplus.ee\/lt\/#\/schema\/logo\/image\/"},"sameAs":["https:\/\/www.facebook.com\/puhdasplus","https:\/\/www.instagram.com\/puhdasplus_ee\/"]}]}},"_links":{"self":[{"href":"https:\/\/test.puhdasplus.ee\/lt\/wp-json\/wp\/v2\/product\/34550","targetHints":{"allow":["GET"]}}],"collection":[{"href":"https:\/\/test.puhdasplus.ee\/lt\/wp-json\/wp\/v2\/product"}],"about":[{"href":"https:\/\/test.puhdasplus.ee\/lt\/wp-json\/wp\/v2\/types\/product"}],"replies":[{"embeddable":true,"href":"https:\/\/test.puhdasplus.ee\/lt\/wp-json\/wp\/v2\/comments?post=34550"}],"wp:featuredmedia":[{"embeddable":true,"href":"https:\/\/test.puhdasplus.ee\/lt\/wp-json\/wp\/v2\/media\/32439"}],"wp:attachment":[{"href":"https:\/\/test.puhdasplus.ee\/lt\/wp-json\/wp\/v2\/media?parent=34550"}],"wp:term":[{"taxonomy":"product_brand","embeddable":true,"href":"https:\/\/test.puhdasplus.ee\/lt\/wp-json\/wp\/v2\/product_brand?post=34550"},{"taxonomy":"product_cat","embeddable":true,"href":"https:\/\/test.puhdasplus.ee\/lt\/wp-json\/wp\/v2\/product_cat?post=34550"},{"taxonomy":"product_tag","embeddable":true,"href":"https:\/\/test.puhdasplus.ee\/lt\/wp-json\/wp\/v2\/product_tag?post=34550"}],"curies":[{"name":"wp","href":"https:\/\/api.w.org\/{rel}","templated":true}]}}