{"id":34549,"date":"2025-02-02T16:03:19","date_gmt":"2025-02-02T14:03:19","guid":{"rendered":"https:\/\/test.puhdasplus.ee\/\/tooted\/be-kategorijos\/l-karnitino-milteliai-100-g\/"},"modified":"2026-02-22T22:48:02","modified_gmt":"2026-02-22T20:48:02","slug":"l-karnitino-milteliai-100-g","status":"publish","type":"product","link":"https:\/\/test.puhdasplus.ee\/lt\/tooted\/virskinimas-ir-medziagu-apykaita\/l-karnitino-milteliai-100-g\/","title":{"rendered":"L-karnitino milteliai 100 g"},"content":{"rendered":"<h2>Kas yra L-karnitino milteliai?<\/h2>\n<p>\u201ePure+\u201c L-karnitino milteliai yra 100 % gryno L-karnitino \u2013 aminor\u016bg\u0161ties, kuri\u0105 organizmas naudoja energijos apykaitai. Tai paprastas ir lankstus b\u016bdas \u012f savo kasdien\u0119 mityb\u0105 \u012ftraukti su gyvybingumu ir aktyviu gyvenimo b\u016bdu susijusi\u0105 med\u017eiag\u0105. Milteli\u0173 forma leid\u017eia patogiai naudoti \u2013 tiesiog sumai\u0161ykite su vandeniu, sultimis ar kokteiliais.  <\/p>\n<h2 data-start=\"644\" data-end=\"683\">Kod\u0117l L-karnitinas yra naudingas?<\/h2>\n<p data-start=\"685\" data-end=\"727\"><strong>Dalyvauja energijos apykaitoje<\/strong><\/p>\n<p data-start=\"190\" data-end=\"338\">L-karnitinas yra aminor\u016bg\u0161tis, dalyvaujanti riebal\u0173 r\u016bg\u0161\u010di\u0173 metabolizme ir padedanti organizmui efektyviau naudoti energij\u0105.<\/p>\n<p data-start=\"340\" data-end=\"552\"><strong data-start=\"340\" data-end=\"369\">Palaiko aktyv\u0173 gyvenimo b\u016bd\u0105<\/strong><\/p>\n<p data-start=\"340\" data-end=\"552\">Karnitino populiarumas kyla i\u0161 jo s\u0105sajos su energijos lygio ir i\u0161tverm\u0117s palaikymu \u2013 jis da\u017enai naudojamas tiek sportinink\u0173, tiek aktyvi\u0173 \u017emoni\u0173 kasdien\u0117je mityboje.<\/p>\n<p data-start=\"554\" data-end=\"739\"><strong data-start=\"554\" data-end=\"589\">Kasdienei energijos palaikymui<\/strong><\/p>\n<p data-start=\"554\" data-end=\"739\">L-karnitino papildai gali b\u016bti naudingi nuovargio ir streso laikotarpiais, kai organizmui reikia papildomos paramos nat\u016braliems med\u017eiag\u0173 apykaitos procesams.<\/p>\n<p data-start=\"741\" data-end=\"920\"><strong data-start=\"741\" data-end=\"766\">Visi\u0161kai gryna sud\u0117tis<\/strong><\/p>\n<p data-start=\"741\" data-end=\"920\">Produkte n\u0117ra glitimo, laktoz\u0117s, mieli\u0173, dirbtini\u0173 saldikli\u0173 ar kit\u0173 pried\u0173. Jis taip pat tinka veganams ir \u017emon\u0117ms su jautria vir\u0161kinimo sistema. <\/p>\n<h2 data-start=\"1488\" data-end=\"1533\">Kam tinka \u201ePure+\u201c L-karnitinas?<\/h2>\n<ul data-start=\"1535\" data-end=\"1807\">\n<li class=\"\" data-start=\"1535\" data-end=\"1605\">\n<p class=\"\" data-start=\"1537\" data-end=\"1605\">Tiems, kurie nori palaikyti energijos lyg\u012f ir med\u017eiag\u0173 apykait\u0105<\/p>\n<\/li>\n<li class=\"\" data-start=\"1606\" data-end=\"1663\">\n<p class=\"\" data-start=\"1608\" data-end=\"1663\">Treneriams, sportininkams ir aktyviems \u017emon\u0117ms<\/p>\n<\/li>\n<li class=\"\" data-start=\"1664\" data-end=\"1742\">\n<p class=\"\" data-start=\"1666\" data-end=\"1742\">Veganams ir vegetarams, kuri\u0173 mityboje gali tr\u016bkti karnitino<\/p>\n<\/li>\n<li class=\"\" data-start=\"1743\" data-end=\"1807\">\n<p class=\"\" data-start=\"1745\" data-end=\"1807\">Visiems, norintiems gryno ir be pried\u0173 maisto papildo<\/p>\n<\/li>\n<\/ul>\n<h2 data-start=\"1814\" data-end=\"1835\">Naudojimas<\/h2>\n<p class=\"\" data-start=\"1837\" data-end=\"1983\"><strong data-start=\"1837\" data-end=\"1866\">Rekomenduojama paros doz\u0117:<\/strong> 3 matavimo \u0161auk\u0161teliai (1 ml) per dien\u0105.<br data-start=\"1899\" data-end=\"1902\"> \u012emai\u0161ykite \u012f nedidel\u012f kiek\u012f vandens arba sul\u010di\u0173. Taip pat puikiai tinka \u012fmai\u0161yti \u012f kokteilius. <\/p>\n<p class=\"\" data-start=\"1985\" data-end=\"2136\">Paros doz\u0117s vir\u0161yti negalima. Maisto papildas nepakei\u010dia \u012fvairios mitybos ar sveiko gyvenimo b\u016bdo. Laikyti vaikams nepasiekiamoje vietoje.<\/p>\n<h2 data-start=\"2143\" data-end=\"2181\">Sudedamosios dalys ir maistin\u0117 vert\u0117<\/h2>\n<ul data-start=\"2183\" data-end=\"2299\">\n<li class=\"\" data-start=\"2183\" data-end=\"2215\">\n<p class=\"\" data-start=\"2185\" data-end=\"2215\"><strong data-start=\"2185\" data-end=\"2201\">Sudedamosios dalys:<\/strong> L-karnitinas<\/p>\n<\/li>\n<li class=\"\" data-start=\"2216\" data-end=\"2299\">\n<p class=\"\" data-start=\"2218\" data-end=\"2274\"><strong data-start=\"2218\" data-end=\"2272\">Paros doz\u0117je (3 matavimo \u0161auk\u0161teliai \/ 1 ml) yra:<\/strong><\/p>\n<ul data-start=\"2277\" data-end=\"2299\">\n<li class=\"\" data-start=\"2277\" data-end=\"2299\">\n<p class=\"\" data-start=\"2279\" data-end=\"2299\">L-karnitinas: 2000 mg<\/p>\n<\/li>\n<\/ul>\n<\/li>\n<\/ul>\n","protected":false},"excerpt":{"rendered":"<p data-start=\"364\" data-end=\"658\"><strong data-start=\"364\" data-end=\"504\">\u201ePure+ L-karnitino milteliai\u201c 100 g yra nat\u016bralus ir grynas maisto papildas, palaikantis energijos apykait\u0105 ir padedantis palaikyti kasdien\u012f gyvybingum\u0105.<\/strong>  L-karnitinas yra aminor\u016bg\u0161tis, kuri\u0105 organizmas naudoja riebal\u0173 r\u016bg\u0161\u010di\u0173 metabolizme, tod\u0117l ji ypa\u010d populiari tarp aktyvi\u0173 \u017emoni\u0173 ir sportuojan\u010di\u0173.<\/p>\n<p data-start=\"660\" data-end=\"950\">Milteliai taip pat tinka nuovargio ir streso metu, nes suteikia papildom\u0105 param\u0105 nat\u016braliems organizmo procesams. D\u0117l neutralaus skonio juos lengva mai\u0161yti su vandeniu, sultimis ar kokteiliais. Produktas yra 100 % grynas, be glitimo, laktoz\u0117s ar dirbtini\u0173 pried\u0173, taip pat tinka veganams.  <\/p>\n","protected":false},"featured_media":34552,"comment_status":"closed","ping_status":"closed","template":"","meta":{"_acf_changed":false},"product_brand":[],"product_cat":[3490,3318],"product_tag":[3465,3025,5385,5384,3131,3857,4654,2967],"class_list":{"0":"post-34549","1":"product","2":"type-product","3":"status-publish","4":"has-post-thumbnail","6":"product_cat-aminorugstys","7":"product_cat-virskinimas-ir-medziagu-apykaita","8":"product_tag-aminorugstis","9":"product_tag-energija","10":"product_tag-energijos-lygis","11":"product_tag-l-karnitinas","12":"product_tag-maisto-papildas","13":"product_tag-metabolizmas","14":"product_tag-riebalu-metabolizmas","15":"product_tag-veganas","17":"first","18":"onbackorder","19":"taxable","20":"shipping-taxable","21":"purchasable","22":"product-type-simple"},"acf":[],"yoast_head":"<!-- This site is optimized with the Yoast SEO plugin v27.1.1 - https:\/\/yoast.com\/product\/yoast-seo-wordpress\/ -->\n<title>L-karnitino milteliai 100 g - Puhdas+<\/title>\n<meta name=\"description\" content=\"L-karnitino milteliai 100 g yra grynas maisto papildas, palaikantis riebal\u0173 apykait\u0105 ir energijos lyg\u012f. Be pried\u0173, tinka veganams ir vegetarams.\" \/>\n<meta name=\"robots\" content=\"noindex, follow, max-snippet:-1, max-image-preview:large, max-video-preview:-1\" \/>\n<meta property=\"og:locale\" content=\"lt_LT\" \/>\n<meta property=\"og:type\" content=\"article\" \/>\n<meta property=\"og:title\" content=\"L-karnitino milteliai 100 g - Puhdas+\" \/>\n<meta property=\"og:description\" content=\"L-karnitino milteliai 100 g yra grynas maisto papildas, palaikantis riebal\u0173 apykait\u0105 ir energijos lyg\u012f. Be pried\u0173, tinka veganams ir vegetarams.\" \/>\n<meta property=\"og:url\" content=\"https:\/\/test.puhdasplus.ee\/lt\/tooted\/virskinimas-ir-medziagu-apykaita\/l-karnitino-milteliai-100-g\/\" \/>\n<meta property=\"og:site_name\" content=\"Puhdas+\" \/>\n<meta property=\"article:publisher\" content=\"https:\/\/www.facebook.com\/puhdasplus\" \/>\n<meta property=\"article:modified_time\" content=\"2026-02-22T20:48:02+00:00\" \/>\n<meta property=\"og:image\" content=\"https:\/\/test.puhdasplus.ee\/wp-content\/uploads\/2025\/03\/179.jpg\" \/>\n\t<meta property=\"og:image:width\" content=\"1862\" \/>\n\t<meta property=\"og:image:height\" content=\"2560\" \/>\n\t<meta property=\"og:image:type\" content=\"image\/jpeg\" \/>\n<meta name=\"twitter:card\" content=\"summary_large_image\" \/>\n<meta name=\"twitter:label1\" content=\"Est. reading time\" \/>\n\t<meta name=\"twitter:data1\" content=\"1 minut\u0117\" \/>\n<script type=\"application\/ld+json\" class=\"yoast-schema-graph\">{\"@context\":\"https:\/\/schema.org\",\"@graph\":[{\"@type\":\"WebPage\",\"@id\":\"https:\/\/test.puhdasplus.ee\/lt\/tooted\/virskinimas-ir-medziagu-apykaita\/l-karnitino-milteliai-100-g\/\",\"url\":\"https:\/\/test.puhdasplus.ee\/lt\/tooted\/virskinimas-ir-medziagu-apykaita\/l-karnitino-milteliai-100-g\/\",\"name\":\"L-karnitino milteliai 100 g - Puhdas+\",\"isPartOf\":{\"@id\":\"https:\/\/test.puhdasplus.ee\/lt\/#website\"},\"primaryImageOfPage\":{\"@id\":\"https:\/\/test.puhdasplus.ee\/lt\/tooted\/virskinimas-ir-medziagu-apykaita\/l-karnitino-milteliai-100-g\/#primaryimage\"},\"image\":{\"@id\":\"https:\/\/test.puhdasplus.ee\/lt\/tooted\/virskinimas-ir-medziagu-apykaita\/l-karnitino-milteliai-100-g\/#primaryimage\"},\"thumbnailUrl\":\"https:\/\/test.puhdasplus.ee\/wp-content\/uploads\/2025\/03\/179.jpg\",\"datePublished\":\"2025-02-02T14:03:19+00:00\",\"dateModified\":\"2026-02-22T20:48:02+00:00\",\"description\":\"L-karnitino milteliai 100 g yra grynas maisto papildas, palaikantis riebal\u0173 apykait\u0105 ir energijos lyg\u012f. Be pried\u0173, tinka veganams ir vegetarams.\",\"breadcrumb\":{\"@id\":\"https:\/\/test.puhdasplus.ee\/lt\/tooted\/virskinimas-ir-medziagu-apykaita\/l-karnitino-milteliai-100-g\/#breadcrumb\"},\"inLanguage\":\"lt-LT\",\"potentialAction\":[{\"@type\":\"ReadAction\",\"target\":[\"https:\/\/test.puhdasplus.ee\/lt\/tooted\/virskinimas-ir-medziagu-apykaita\/l-karnitino-milteliai-100-g\/\"]}]},{\"@type\":\"ImageObject\",\"inLanguage\":\"lt-LT\",\"@id\":\"https:\/\/test.puhdasplus.ee\/lt\/tooted\/virskinimas-ir-medziagu-apykaita\/l-karnitino-milteliai-100-g\/#primaryimage\",\"url\":\"https:\/\/test.puhdasplus.ee\/wp-content\/uploads\/2025\/03\/179.jpg\",\"contentUrl\":\"https:\/\/test.puhdasplus.ee\/wp-content\/uploads\/2025\/03\/179.jpg\",\"width\":1862,\"height\":2560,\"caption\":\"L-karnitino milteliai\"},{\"@type\":\"BreadcrumbList\",\"@id\":\"https:\/\/test.puhdasplus.ee\/lt\/tooted\/virskinimas-ir-medziagu-apykaita\/l-karnitino-milteliai-100-g\/#breadcrumb\",\"itemListElement\":[{\"@type\":\"ListItem\",\"position\":1,\"name\":\"Prad\u017eia\",\"item\":\"https:\/\/test.puhdasplus.ee\/lt\/\"},{\"@type\":\"ListItem\",\"position\":2,\"name\":\"Produktai\",\"item\":\"https:\/\/test.puhdasplus.ee\/lt\/parduotuve\/\"},{\"@type\":\"ListItem\",\"position\":3,\"name\":\"L-karnitino milteliai 100 g\"}]},{\"@type\":\"WebSite\",\"@id\":\"https:\/\/test.puhdasplus.ee\/lt\/#website\",\"url\":\"https:\/\/test.puhdasplus.ee\/lt\/\",\"name\":\"Puhdas+\",\"description\":\"Vitamiinid, Toidulisandid, looduskosmeetika, tervis, sport\",\"publisher\":{\"@id\":\"https:\/\/test.puhdasplus.ee\/lt\/#organization\"},\"potentialAction\":[{\"@type\":\"SearchAction\",\"target\":{\"@type\":\"EntryPoint\",\"urlTemplate\":\"https:\/\/test.puhdasplus.ee\/lt\/?s={search_term_string}\"},\"query-input\":{\"@type\":\"PropertyValueSpecification\",\"valueRequired\":true,\"valueName\":\"search_term_string\"}}],\"inLanguage\":\"lt-LT\"},{\"@type\":\"Organization\",\"@id\":\"https:\/\/test.puhdasplus.ee\/lt\/#organization\",\"name\":\"Puhdas+\",\"alternateName\":\"Puhdasplus\",\"url\":\"https:\/\/test.puhdasplus.ee\/lt\/\",\"logo\":{\"@type\":\"ImageObject\",\"inLanguage\":\"lt-LT\",\"@id\":\"https:\/\/test.puhdasplus.ee\/lt\/#\/schema\/logo\/image\/\",\"url\":\"https:\/\/test.puhdasplus.ee\/\/wp-content\/uploads\/2019\/10\/puhdas_logo-arvele.png\",\"contentUrl\":\"https:\/\/test.puhdasplus.ee\/\/wp-content\/uploads\/2019\/10\/puhdas_logo-arvele.png\",\"width\":114,\"height\":94,\"caption\":\"Puhdas+\"},\"image\":{\"@id\":\"https:\/\/test.puhdasplus.ee\/lt\/#\/schema\/logo\/image\/\"},\"sameAs\":[\"https:\/\/www.facebook.com\/puhdasplus\",\"https:\/\/www.instagram.com\/puhdasplus_ee\/\"]}]}<\/script>\n<!-- \/ Yoast SEO plugin. -->","yoast_head_json":{"title":"L-karnitino milteliai 100 g - Puhdas+","description":"L-karnitino milteliai 100 g yra grynas maisto papildas, palaikantis riebal\u0173 apykait\u0105 ir energijos lyg\u012f. Be pried\u0173, tinka veganams ir vegetarams.","robots":{"index":"noindex","follow":"follow","max-snippet":"max-snippet:-1","max-image-preview":"max-image-preview:large","max-video-preview":"max-video-preview:-1"},"og_locale":"lt_LT","og_type":"article","og_title":"L-karnitino milteliai 100 g - Puhdas+","og_description":"L-karnitino milteliai 100 g yra grynas maisto papildas, palaikantis riebal\u0173 apykait\u0105 ir energijos lyg\u012f. Be pried\u0173, tinka veganams ir vegetarams.","og_url":"https:\/\/test.puhdasplus.ee\/lt\/tooted\/virskinimas-ir-medziagu-apykaita\/l-karnitino-milteliai-100-g\/","og_site_name":"Puhdas+","article_publisher":"https:\/\/www.facebook.com\/puhdasplus","article_modified_time":"2026-02-22T20:48:02+00:00","og_image":[{"width":1862,"height":2560,"url":"https:\/\/test.puhdasplus.ee\/wp-content\/uploads\/2025\/03\/179.jpg","type":"image\/jpeg"}],"twitter_card":"summary_large_image","twitter_misc":{"Est. reading time":"1 minut\u0117"},"schema":{"@context":"https:\/\/schema.org","@graph":[{"@type":"WebPage","@id":"https:\/\/test.puhdasplus.ee\/lt\/tooted\/virskinimas-ir-medziagu-apykaita\/l-karnitino-milteliai-100-g\/","url":"https:\/\/test.puhdasplus.ee\/lt\/tooted\/virskinimas-ir-medziagu-apykaita\/l-karnitino-milteliai-100-g\/","name":"L-karnitino milteliai 100 g - Puhdas+","isPartOf":{"@id":"https:\/\/test.puhdasplus.ee\/lt\/#website"},"primaryImageOfPage":{"@id":"https:\/\/test.puhdasplus.ee\/lt\/tooted\/virskinimas-ir-medziagu-apykaita\/l-karnitino-milteliai-100-g\/#primaryimage"},"image":{"@id":"https:\/\/test.puhdasplus.ee\/lt\/tooted\/virskinimas-ir-medziagu-apykaita\/l-karnitino-milteliai-100-g\/#primaryimage"},"thumbnailUrl":"https:\/\/test.puhdasplus.ee\/wp-content\/uploads\/2025\/03\/179.jpg","datePublished":"2025-02-02T14:03:19+00:00","dateModified":"2026-02-22T20:48:02+00:00","description":"L-karnitino milteliai 100 g yra grynas maisto papildas, palaikantis riebal\u0173 apykait\u0105 ir energijos lyg\u012f. Be pried\u0173, tinka veganams ir vegetarams.","breadcrumb":{"@id":"https:\/\/test.puhdasplus.ee\/lt\/tooted\/virskinimas-ir-medziagu-apykaita\/l-karnitino-milteliai-100-g\/#breadcrumb"},"inLanguage":"lt-LT","potentialAction":[{"@type":"ReadAction","target":["https:\/\/test.puhdasplus.ee\/lt\/tooted\/virskinimas-ir-medziagu-apykaita\/l-karnitino-milteliai-100-g\/"]}]},{"@type":"ImageObject","inLanguage":"lt-LT","@id":"https:\/\/test.puhdasplus.ee\/lt\/tooted\/virskinimas-ir-medziagu-apykaita\/l-karnitino-milteliai-100-g\/#primaryimage","url":"https:\/\/test.puhdasplus.ee\/wp-content\/uploads\/2025\/03\/179.jpg","contentUrl":"https:\/\/test.puhdasplus.ee\/wp-content\/uploads\/2025\/03\/179.jpg","width":1862,"height":2560,"caption":"L-karnitino milteliai"},{"@type":"BreadcrumbList","@id":"https:\/\/test.puhdasplus.ee\/lt\/tooted\/virskinimas-ir-medziagu-apykaita\/l-karnitino-milteliai-100-g\/#breadcrumb","itemListElement":[{"@type":"ListItem","position":1,"name":"Prad\u017eia","item":"https:\/\/test.puhdasplus.ee\/lt\/"},{"@type":"ListItem","position":2,"name":"Produktai","item":"https:\/\/test.puhdasplus.ee\/lt\/parduotuve\/"},{"@type":"ListItem","position":3,"name":"L-karnitino milteliai 100 g"}]},{"@type":"WebSite","@id":"https:\/\/test.puhdasplus.ee\/lt\/#website","url":"https:\/\/test.puhdasplus.ee\/lt\/","name":"Puhdas+","description":"Vitamiinid, Toidulisandid, looduskosmeetika, tervis, sport","publisher":{"@id":"https:\/\/test.puhdasplus.ee\/lt\/#organization"},"potentialAction":[{"@type":"SearchAction","target":{"@type":"EntryPoint","urlTemplate":"https:\/\/test.puhdasplus.ee\/lt\/?s={search_term_string}"},"query-input":{"@type":"PropertyValueSpecification","valueRequired":true,"valueName":"search_term_string"}}],"inLanguage":"lt-LT"},{"@type":"Organization","@id":"https:\/\/test.puhdasplus.ee\/lt\/#organization","name":"Puhdas+","alternateName":"Puhdasplus","url":"https:\/\/test.puhdasplus.ee\/lt\/","logo":{"@type":"ImageObject","inLanguage":"lt-LT","@id":"https:\/\/test.puhdasplus.ee\/lt\/#\/schema\/logo\/image\/","url":"https:\/\/test.puhdasplus.ee\/\/wp-content\/uploads\/2019\/10\/puhdas_logo-arvele.png","contentUrl":"https:\/\/test.puhdasplus.ee\/\/wp-content\/uploads\/2019\/10\/puhdas_logo-arvele.png","width":114,"height":94,"caption":"Puhdas+"},"image":{"@id":"https:\/\/test.puhdasplus.ee\/lt\/#\/schema\/logo\/image\/"},"sameAs":["https:\/\/www.facebook.com\/puhdasplus","https:\/\/www.instagram.com\/puhdasplus_ee\/"]}]}},"_links":{"self":[{"href":"https:\/\/test.puhdasplus.ee\/lt\/wp-json\/wp\/v2\/product\/34549","targetHints":{"allow":["GET"]}}],"collection":[{"href":"https:\/\/test.puhdasplus.ee\/lt\/wp-json\/wp\/v2\/product"}],"about":[{"href":"https:\/\/test.puhdasplus.ee\/lt\/wp-json\/wp\/v2\/types\/product"}],"replies":[{"embeddable":true,"href":"https:\/\/test.puhdasplus.ee\/lt\/wp-json\/wp\/v2\/comments?post=34549"}],"wp:featuredmedia":[{"embeddable":true,"href":"https:\/\/test.puhdasplus.ee\/lt\/wp-json\/wp\/v2\/media\/34552"}],"wp:attachment":[{"href":"https:\/\/test.puhdasplus.ee\/lt\/wp-json\/wp\/v2\/media?parent=34549"}],"wp:term":[{"taxonomy":"product_brand","embeddable":true,"href":"https:\/\/test.puhdasplus.ee\/lt\/wp-json\/wp\/v2\/product_brand?post=34549"},{"taxonomy":"product_cat","embeddable":true,"href":"https:\/\/test.puhdasplus.ee\/lt\/wp-json\/wp\/v2\/product_cat?post=34549"},{"taxonomy":"product_tag","embeddable":true,"href":"https:\/\/test.puhdasplus.ee\/lt\/wp-json\/wp\/v2\/product_tag?post=34549"}],"curies":[{"name":"wp","href":"https:\/\/api.w.org\/{rel}","templated":true}]}}