{"id":34535,"date":"2025-02-02T15:24:33","date_gmt":"2025-02-02T13:24:33","guid":{"rendered":"https:\/\/test.puhdasplus.ee\/\/tooted\/be-kategorijos\/gliukozaminas\/"},"modified":"2026-02-22T22:47:56","modified_gmt":"2026-02-22T20:47:56","slug":"gliukozaminas","status":"publish","type":"product","link":"https:\/\/test.puhdasplus.ee\/lt\/tooted\/sportas\/gliukozaminas\/","title":{"rendered":"Gliukozaminas"},"content":{"rendered":"<h2 class=\"\" data-start=\"511\" data-end=\"563\">Kas yra gliukozaminas ir kam jis naudingas?<\/h2>\n<p class=\"p1\">\u201ePure+ Glucosamine\u201c yra 100 % augalin\u0117s kilm\u0117s papildas, kurio sud\u0117tyje yra gliukozamino sulfato, pagamintas be dirbtini\u0173 pried\u0173. Gliukozaminas yra nat\u016bralus junginys, randamas organizme, \u012fskaitant s\u0105nari\u0173 kremzles ir jungiam\u0105j\u012f audin\u012f. Am\u017eius ir gyvenimo b\u016bdo poky\u010diai gali paveikti organizmo gliukozamino atsargas, tod\u0117l \u0161i med\u017eiaga yra populiarus papildas kaip kasdien\u0117s mitybos dalis.  <\/p>\n<p class=\"p1\">Gliukozamino papildus da\u017enai vartoja aktyv\u0173 gyvenimo b\u016bd\u0105 gyvenantys \u017emon\u0117s. \u0160is papildas puikiai tinka tiems, kurie nori s\u0105moningai papildyti savo mityb\u0105 med\u017eiaga, kuri yra nat\u016brali\u0173 organizmo strukt\u016br\u0173 dalis. <\/p>\n<h2>Kam tinka \u201ePure+\u201c gliukozaminas?<\/h2>\n<ul data-start=\"1007\" data-end=\"1135\">\n<li class=\"\" data-start=\"1007\" data-end=\"1063\">\n<p class=\"\" data-start=\"1009\" data-end=\"1063\">Tiems, kurie vertina s\u0105moning\u0105 mityb\u0105 ir nori \u012ftraukti gliukozamin\u0105 \u012f savo kasdien\u012f valgiara\u0161t\u012f<\/p>\n<\/li>\n<li class=\"\" data-start=\"1064\" data-end=\"1094\">\n<p class=\"\" data-start=\"1066\" data-end=\"1094\">Fizi\u0161kai aktyviems \u017emon\u0117ms<\/p>\n<\/li>\n<li class=\"\" data-start=\"1095\" data-end=\"1135\">\n<p class=\"\" data-start=\"1097\" data-end=\"1135\">Vegetarams ir veganams \u2013 produktas yra 100 % augalin\u0117s kilm\u0117s<\/p>\n<\/li>\n<\/ul>\n<ul data-start=\"1158\" data-end=\"1306\">\n<li class=\"\" data-start=\"1224\" data-end=\"1306\">\n<p class=\"\" data-start=\"1226\" data-end=\"1306\">Tiems, kurie renkasi grynus papildus be dirbtini\u0173 pried\u0173<\/p>\n<\/li>\n<\/ul>\n<h2 class=\"\" data-start=\"141\" data-end=\"159\">Ingredientai<\/h2>\n<ul data-start=\"161\" data-end=\"294\">\n<li class=\"\" data-start=\"161\" data-end=\"205\">\n<p class=\"\" data-start=\"163\" data-end=\"205\"><strong data-start=\"163\" data-end=\"185\">Gliukozamino sulfatas<\/strong> (augalin\u0117s kilm\u0117s)<\/p>\n<\/li>\n<li class=\"\" data-start=\"206\" data-end=\"234\">\n<p class=\"\" data-start=\"208\" data-end=\"234\"><strong data-start=\"208\" data-end=\"222\">\u012edaras:<\/strong> Ry\u017ei\u0173 miltai<\/p>\n<\/li>\n<li class=\"\" data-start=\"235\" data-end=\"294\">\n<p class=\"\" data-start=\"237\" data-end=\"294\"><strong data-start=\"237\" data-end=\"253\">Kapsul\u0117s apvalkalas:<\/strong> hidroksipropilmetilceliulioz\u0117 (augalin\u0117)<\/p>\n<\/li>\n<\/ul>\n<p class=\"\" data-start=\"296\" data-end=\"472\"><strong data-start=\"296\" data-end=\"311\">Ne\u012fskai\u010diuota:<\/strong><br data-start=\"311\" data-end=\"314\"> Be pieno produkt\u0173, laktoz\u0117s, glitimo, sojos, mieli\u0173, prid\u0117tinio cukraus ar saldikli\u0173, konservant\u0173, da\u017eikli\u0173 ar dirbtini\u0173 kvapi\u0173j\u0173 med\u017eiag\u0173<\/p>\n<h2 class=\"\" data-start=\"519\" data-end=\"567\">Maistin\u0117 vert\u0117 (dienos doz\u0117 \u2013 2 kapsul\u0117s):<\/h2>\n<div class=\"group pointer-events-none relative flex justify-center *:pointer-events-auto\">\n<div class=\"tableContainer horzScrollShadows relative\">\n<p class=\"p1\">Gliukozamino sulfatas 1000 mg, i\u0161 kuri\u0173 gliukozamino 600 mg.<\/p>\n<h2 class=\"\" data-start=\"1889\" data-end=\"1909\">Naudojimas<\/h2>\n<p class=\"\" data-start=\"1911\" data-end=\"2018\">Rekomenduojama paros doz\u0117: 2 kapsul\u0117s per dien\u0105, u\u017egeriant vandeniu. <br data-start=\"1969\" data-end=\"1972\"> Nevir\u0161ykite paros doz\u0117s.<\/p>\n<h2 class=\"\" data-start=\"2025\" data-end=\"2065\">\u012esp\u0117jimai ir laikymo s\u0105lygos<\/h2>\n<ul data-start=\"2067\" data-end=\"2235\">\n<li class=\"\" data-start=\"2067\" data-end=\"2159\">\n<p class=\"\" data-start=\"2069\" data-end=\"2159\">Maisto papildas nepakei\u010dia \u012fvairios ir subalansuotos mitybos ar sveiko gyvenimo b\u016bdo.<\/p>\n<\/li>\n<li class=\"\" data-start=\"2160\" data-end=\"2198\">\n<p class=\"\" data-start=\"2162\" data-end=\"2198\">Laikyti vaikams nepasiekiamoje vietoje.<\/p>\n<\/li>\n<li class=\"\" data-start=\"2199\" data-end=\"2235\">\n<p class=\"\" data-start=\"2201\" data-end=\"2235\">Laikyti sausoje ir v\u0117sioje vietoje.<\/p>\n<\/li>\n<\/ul>\n<\/div>\n<\/div>\n","protected":false},"excerpt":{"rendered":"<p class=\"\" data-start=\"269\" data-end=\"631\">\u201ePure+ Glucosamine\u201c yra auk\u0161tos kokyb\u0117s augalin\u0117s kilm\u0117s maisto papildas, kurio sud\u0117tyje yra gliukozamino sulfato \u2013 nat\u016bralios med\u017eiagos, randamos \u017emogaus organizme s\u0105nari\u0173 kremzl\u0117se ir jungiamajame audinyje. Gliukozamino kiekis organizme gali suma\u017e\u0117ti d\u0117l am\u017eiaus, aktyvaus gyvenimo b\u016bdo ar fizinio kr\u016bvio, tod\u0117l gali prireikti vartoti \u0161i\u0105 med\u017eiag\u0105 kaip papild\u0105. <\/p>\n<p class=\"\" data-start=\"633\" data-end=\"943\">\u0160is maisto papildas skirtas papildyti \u017emoni\u0173, norin\u010di\u0173 <b>palaikyti aktyv\u0173 gyvenimo b\u016bd\u0105 ir r\u016bpintis savo jud\u0117jimo patogumu,<\/b> kasdien\u0119 mityb\u0105 <span class=\"s1\">.<\/span> <\/p>\n<p class=\"p1\"><span class=\"s1\">\u201ePure+\u201c gliukozaminas pagamintas remiantis gryn\u0173 ingredient\u0173 principu \u2013<\/span> <b>be konservant\u0173, glitimo, laktoz\u0117s, sojos, mieli\u0173 ir dirbtini\u0173 pried\u0173.<\/b><\/p>\n<p class=\"\" data-start=\"945\" data-end=\"969\">Grynas+ gliukozaminas:<\/p>\n<ul data-start=\"970\" data-end=\"1262\">\n<li class=\"\" data-start=\"970\" data-end=\"1033\">\n<p class=\"\" data-start=\"972\" data-end=\"1033\">Sud\u0117tyje yra <strong data-start=\"981\" data-end=\"1012\">1000 mg gliukozamino sulfato,<\/strong> dviejose kapsul\u0117se per dien\u0105.<\/p>\n<\/li>\n<li class=\"\" data-start=\"1034\" data-end=\"1099\">\n<p class=\"\" data-start=\"1036\" data-end=\"1099\"><strong data-start=\"1039\" data-end=\"1060\">Visi\u0161kai augalinis<\/strong> \u2013 tinka veganams ir vegetarams<\/p>\n<\/li>\n<li class=\"\" data-start=\"1100\" data-end=\"1190\">\n<p class=\"\" data-start=\"1102\" data-end=\"1190\"><strong data-start=\"1102\" data-end=\"1116\">Be<\/strong> konservant\u0173, laktoz\u0117s, glitimo, sojos, mieli\u0173 ar dirbtini\u0173 pried\u0173. Tinka veganams. <\/p>\n<\/li>\n<li class=\"\" data-start=\"1191\" data-end=\"1262\">\n<p class=\"\" data-start=\"1193\" data-end=\"1262\">Pagaminta i\u0161 <strong data-start=\"1205\" data-end=\"1234\">gryn\u0173 ingredient\u0173<\/strong> , be nereikaling\u0173 pried\u0173<\/p>\n<\/li>\n<\/ul>\n<h4 data-start=\"325\" data-end=\"351\"><\/h4>\n","protected":false},"featured_media":32442,"comment_status":"closed","ping_status":"closed","template":"","meta":{"_acf_changed":false},"product_brand":[],"product_cat":[3461,3049,3016],"product_tag":[5361,5367,5365,5364,3144,5363,5360,5366,5362,2967,5368],"class_list":{"0":"post-34535","1":"product","2":"type-product","3":"status-publish","4":"has-post-thumbnail","6":"product_cat-sanariai-raumenys-ir-kaulai","7":"product_cat-specialus-pasiulymai","8":"product_cat-sportas","9":"product_tag-gliukozaminas","10":"product_tag-gliukozamino-papildas","11":"product_tag-gliukozamino-sulfatas","12":"product_tag-naturalus-sanariu-palaikymas","13":"product_tag-raumenys-ir-sanariai","14":"product_tag-sanariai-ir-judrumas","15":"product_tag-sanariams","16":"product_tag-sanariu-lankstumas","17":"product_tag-sanariu-sveikata","18":"product_tag-veganas","19":"product_tag-veganiskas-gliukozaminas","21":"first","22":"instock","23":"sale","24":"taxable","25":"shipping-taxable","26":"purchasable","27":"product-type-variable","28":"has-default-attributes"},"acf":[],"yoast_head":"<!-- This site is optimized with the Yoast SEO plugin v27.1.1 - https:\/\/yoast.com\/product\/yoast-seo-wordpress\/ -->\n<title>Gliukozaminas - Puhdas+<\/title>\n<meta name=\"description\" content=\"Gliukozamino 50 kapsuli\u0173 \u2013 vegani\u0161kas gliukozamino papildas su grynais ingredientais. Tinka kasdieniam vartojimui s\u0105nari\u0173 ir kremzli\u0173 gerovei palaikyti.\" \/>\n<meta name=\"robots\" content=\"noindex, follow, max-snippet:-1, max-image-preview:large, max-video-preview:-1\" \/>\n<meta property=\"og:locale\" content=\"lt_LT\" \/>\n<meta property=\"og:type\" content=\"article\" \/>\n<meta property=\"og:title\" content=\"Gliukozaminas - Puhdas+\" \/>\n<meta property=\"og:description\" content=\"Gliukozamino 50 kapsuli\u0173 \u2013 vegani\u0161kas gliukozamino papildas su grynais ingredientais. Tinka kasdieniam vartojimui s\u0105nari\u0173 ir kremzli\u0173 gerovei palaikyti.\" \/>\n<meta property=\"og:url\" content=\"https:\/\/test.puhdasplus.ee\/lt\/tooted\/sportas\/gliukozaminas\/\" \/>\n<meta property=\"og:site_name\" content=\"Puhdas+\" \/>\n<meta property=\"article:publisher\" content=\"https:\/\/www.facebook.com\/puhdasplus\" \/>\n<meta property=\"article:modified_time\" content=\"2026-02-22T20:47:56+00:00\" \/>\n<meta property=\"og:image\" content=\"https:\/\/test.puhdasplus.ee\/wp-content\/uploads\/2025\/03\/190.jpg\" \/>\n\t<meta property=\"og:image:width\" content=\"1862\" \/>\n\t<meta property=\"og:image:height\" content=\"2560\" \/>\n\t<meta property=\"og:image:type\" content=\"image\/jpeg\" \/>\n<meta name=\"twitter:card\" content=\"summary_large_image\" \/>\n<meta name=\"twitter:label1\" content=\"Est. reading time\" \/>\n\t<meta name=\"twitter:data1\" content=\"1 minut\u0117\" \/>\n<script type=\"application\/ld+json\" class=\"yoast-schema-graph\">{\"@context\":\"https:\/\/schema.org\",\"@graph\":[{\"@type\":\"WebPage\",\"@id\":\"https:\/\/test.puhdasplus.ee\/lt\/tooted\/sportas\/gliukozaminas\/\",\"url\":\"https:\/\/test.puhdasplus.ee\/lt\/tooted\/sportas\/gliukozaminas\/\",\"name\":\"Gliukozaminas - Puhdas+\",\"isPartOf\":{\"@id\":\"https:\/\/test.puhdasplus.ee\/lt\/#website\"},\"primaryImageOfPage\":{\"@id\":\"https:\/\/test.puhdasplus.ee\/lt\/tooted\/sportas\/gliukozaminas\/#primaryimage\"},\"image\":{\"@id\":\"https:\/\/test.puhdasplus.ee\/lt\/tooted\/sportas\/gliukozaminas\/#primaryimage\"},\"thumbnailUrl\":\"https:\/\/test.puhdasplus.ee\/wp-content\/uploads\/2025\/03\/190.jpg\",\"datePublished\":\"2025-02-02T13:24:33+00:00\",\"dateModified\":\"2026-02-22T20:47:56+00:00\",\"description\":\"Gliukozamino 50 kapsuli\u0173 \u2013 vegani\u0161kas gliukozamino papildas su grynais ingredientais. Tinka kasdieniam vartojimui s\u0105nari\u0173 ir kremzli\u0173 gerovei palaikyti.\",\"breadcrumb\":{\"@id\":\"https:\/\/test.puhdasplus.ee\/lt\/tooted\/sportas\/gliukozaminas\/#breadcrumb\"},\"inLanguage\":\"lt-LT\",\"potentialAction\":[{\"@type\":\"ReadAction\",\"target\":[\"https:\/\/test.puhdasplus.ee\/lt\/tooted\/sportas\/gliukozaminas\/\"]}]},{\"@type\":\"ImageObject\",\"inLanguage\":\"lt-LT\",\"@id\":\"https:\/\/test.puhdasplus.ee\/lt\/tooted\/sportas\/gliukozaminas\/#primaryimage\",\"url\":\"https:\/\/test.puhdasplus.ee\/wp-content\/uploads\/2025\/03\/190.jpg\",\"contentUrl\":\"https:\/\/test.puhdasplus.ee\/wp-content\/uploads\/2025\/03\/190.jpg\",\"width\":1862,\"height\":2560,\"caption\":\"gliukozaminas\"},{\"@type\":\"BreadcrumbList\",\"@id\":\"https:\/\/test.puhdasplus.ee\/lt\/tooted\/sportas\/gliukozaminas\/#breadcrumb\",\"itemListElement\":[{\"@type\":\"ListItem\",\"position\":1,\"name\":\"Prad\u017eia\",\"item\":\"https:\/\/test.puhdasplus.ee\/lt\/\"},{\"@type\":\"ListItem\",\"position\":2,\"name\":\"Produktai\",\"item\":\"https:\/\/test.puhdasplus.ee\/lt\/parduotuve\/\"},{\"@type\":\"ListItem\",\"position\":3,\"name\":\"Gliukozaminas\"}]},{\"@type\":\"WebSite\",\"@id\":\"https:\/\/test.puhdasplus.ee\/lt\/#website\",\"url\":\"https:\/\/test.puhdasplus.ee\/lt\/\",\"name\":\"Puhdas+\",\"description\":\"Vitamiinid, Toidulisandid, looduskosmeetika, tervis, sport\",\"publisher\":{\"@id\":\"https:\/\/test.puhdasplus.ee\/lt\/#organization\"},\"potentialAction\":[{\"@type\":\"SearchAction\",\"target\":{\"@type\":\"EntryPoint\",\"urlTemplate\":\"https:\/\/test.puhdasplus.ee\/lt\/?s={search_term_string}\"},\"query-input\":{\"@type\":\"PropertyValueSpecification\",\"valueRequired\":true,\"valueName\":\"search_term_string\"}}],\"inLanguage\":\"lt-LT\"},{\"@type\":\"Organization\",\"@id\":\"https:\/\/test.puhdasplus.ee\/lt\/#organization\",\"name\":\"Puhdas+\",\"alternateName\":\"Puhdasplus\",\"url\":\"https:\/\/test.puhdasplus.ee\/lt\/\",\"logo\":{\"@type\":\"ImageObject\",\"inLanguage\":\"lt-LT\",\"@id\":\"https:\/\/test.puhdasplus.ee\/lt\/#\/schema\/logo\/image\/\",\"url\":\"https:\/\/test.puhdasplus.ee\/\/wp-content\/uploads\/2019\/10\/puhdas_logo-arvele.png\",\"contentUrl\":\"https:\/\/test.puhdasplus.ee\/\/wp-content\/uploads\/2019\/10\/puhdas_logo-arvele.png\",\"width\":114,\"height\":94,\"caption\":\"Puhdas+\"},\"image\":{\"@id\":\"https:\/\/test.puhdasplus.ee\/lt\/#\/schema\/logo\/image\/\"},\"sameAs\":[\"https:\/\/www.facebook.com\/puhdasplus\",\"https:\/\/www.instagram.com\/puhdasplus_ee\/\"]}]}<\/script>\n<!-- \/ Yoast SEO plugin. -->","yoast_head_json":{"title":"Gliukozaminas - Puhdas+","description":"Gliukozamino 50 kapsuli\u0173 \u2013 vegani\u0161kas gliukozamino papildas su grynais ingredientais. Tinka kasdieniam vartojimui s\u0105nari\u0173 ir kremzli\u0173 gerovei palaikyti.","robots":{"index":"noindex","follow":"follow","max-snippet":"max-snippet:-1","max-image-preview":"max-image-preview:large","max-video-preview":"max-video-preview:-1"},"og_locale":"lt_LT","og_type":"article","og_title":"Gliukozaminas - Puhdas+","og_description":"Gliukozamino 50 kapsuli\u0173 \u2013 vegani\u0161kas gliukozamino papildas su grynais ingredientais. Tinka kasdieniam vartojimui s\u0105nari\u0173 ir kremzli\u0173 gerovei palaikyti.","og_url":"https:\/\/test.puhdasplus.ee\/lt\/tooted\/sportas\/gliukozaminas\/","og_site_name":"Puhdas+","article_publisher":"https:\/\/www.facebook.com\/puhdasplus","article_modified_time":"2026-02-22T20:47:56+00:00","og_image":[{"width":1862,"height":2560,"url":"https:\/\/test.puhdasplus.ee\/wp-content\/uploads\/2025\/03\/190.jpg","type":"image\/jpeg"}],"twitter_card":"summary_large_image","twitter_misc":{"Est. reading time":"1 minut\u0117"},"schema":{"@context":"https:\/\/schema.org","@graph":[{"@type":"WebPage","@id":"https:\/\/test.puhdasplus.ee\/lt\/tooted\/sportas\/gliukozaminas\/","url":"https:\/\/test.puhdasplus.ee\/lt\/tooted\/sportas\/gliukozaminas\/","name":"Gliukozaminas - Puhdas+","isPartOf":{"@id":"https:\/\/test.puhdasplus.ee\/lt\/#website"},"primaryImageOfPage":{"@id":"https:\/\/test.puhdasplus.ee\/lt\/tooted\/sportas\/gliukozaminas\/#primaryimage"},"image":{"@id":"https:\/\/test.puhdasplus.ee\/lt\/tooted\/sportas\/gliukozaminas\/#primaryimage"},"thumbnailUrl":"https:\/\/test.puhdasplus.ee\/wp-content\/uploads\/2025\/03\/190.jpg","datePublished":"2025-02-02T13:24:33+00:00","dateModified":"2026-02-22T20:47:56+00:00","description":"Gliukozamino 50 kapsuli\u0173 \u2013 vegani\u0161kas gliukozamino papildas su grynais ingredientais. Tinka kasdieniam vartojimui s\u0105nari\u0173 ir kremzli\u0173 gerovei palaikyti.","breadcrumb":{"@id":"https:\/\/test.puhdasplus.ee\/lt\/tooted\/sportas\/gliukozaminas\/#breadcrumb"},"inLanguage":"lt-LT","potentialAction":[{"@type":"ReadAction","target":["https:\/\/test.puhdasplus.ee\/lt\/tooted\/sportas\/gliukozaminas\/"]}]},{"@type":"ImageObject","inLanguage":"lt-LT","@id":"https:\/\/test.puhdasplus.ee\/lt\/tooted\/sportas\/gliukozaminas\/#primaryimage","url":"https:\/\/test.puhdasplus.ee\/wp-content\/uploads\/2025\/03\/190.jpg","contentUrl":"https:\/\/test.puhdasplus.ee\/wp-content\/uploads\/2025\/03\/190.jpg","width":1862,"height":2560,"caption":"gliukozaminas"},{"@type":"BreadcrumbList","@id":"https:\/\/test.puhdasplus.ee\/lt\/tooted\/sportas\/gliukozaminas\/#breadcrumb","itemListElement":[{"@type":"ListItem","position":1,"name":"Prad\u017eia","item":"https:\/\/test.puhdasplus.ee\/lt\/"},{"@type":"ListItem","position":2,"name":"Produktai","item":"https:\/\/test.puhdasplus.ee\/lt\/parduotuve\/"},{"@type":"ListItem","position":3,"name":"Gliukozaminas"}]},{"@type":"WebSite","@id":"https:\/\/test.puhdasplus.ee\/lt\/#website","url":"https:\/\/test.puhdasplus.ee\/lt\/","name":"Puhdas+","description":"Vitamiinid, Toidulisandid, looduskosmeetika, tervis, sport","publisher":{"@id":"https:\/\/test.puhdasplus.ee\/lt\/#organization"},"potentialAction":[{"@type":"SearchAction","target":{"@type":"EntryPoint","urlTemplate":"https:\/\/test.puhdasplus.ee\/lt\/?s={search_term_string}"},"query-input":{"@type":"PropertyValueSpecification","valueRequired":true,"valueName":"search_term_string"}}],"inLanguage":"lt-LT"},{"@type":"Organization","@id":"https:\/\/test.puhdasplus.ee\/lt\/#organization","name":"Puhdas+","alternateName":"Puhdasplus","url":"https:\/\/test.puhdasplus.ee\/lt\/","logo":{"@type":"ImageObject","inLanguage":"lt-LT","@id":"https:\/\/test.puhdasplus.ee\/lt\/#\/schema\/logo\/image\/","url":"https:\/\/test.puhdasplus.ee\/\/wp-content\/uploads\/2019\/10\/puhdas_logo-arvele.png","contentUrl":"https:\/\/test.puhdasplus.ee\/\/wp-content\/uploads\/2019\/10\/puhdas_logo-arvele.png","width":114,"height":94,"caption":"Puhdas+"},"image":{"@id":"https:\/\/test.puhdasplus.ee\/lt\/#\/schema\/logo\/image\/"},"sameAs":["https:\/\/www.facebook.com\/puhdasplus","https:\/\/www.instagram.com\/puhdasplus_ee\/"]}]}},"_links":{"self":[{"href":"https:\/\/test.puhdasplus.ee\/lt\/wp-json\/wp\/v2\/product\/34535","targetHints":{"allow":["GET"]}}],"collection":[{"href":"https:\/\/test.puhdasplus.ee\/lt\/wp-json\/wp\/v2\/product"}],"about":[{"href":"https:\/\/test.puhdasplus.ee\/lt\/wp-json\/wp\/v2\/types\/product"}],"replies":[{"embeddable":true,"href":"https:\/\/test.puhdasplus.ee\/lt\/wp-json\/wp\/v2\/comments?post=34535"}],"wp:featuredmedia":[{"embeddable":true,"href":"https:\/\/test.puhdasplus.ee\/lt\/wp-json\/wp\/v2\/media\/32442"}],"wp:attachment":[{"href":"https:\/\/test.puhdasplus.ee\/lt\/wp-json\/wp\/v2\/media?parent=34535"}],"wp:term":[{"taxonomy":"product_brand","embeddable":true,"href":"https:\/\/test.puhdasplus.ee\/lt\/wp-json\/wp\/v2\/product_brand?post=34535"},{"taxonomy":"product_cat","embeddable":true,"href":"https:\/\/test.puhdasplus.ee\/lt\/wp-json\/wp\/v2\/product_cat?post=34535"},{"taxonomy":"product_tag","embeddable":true,"href":"https:\/\/test.puhdasplus.ee\/lt\/wp-json\/wp\/v2\/product_tag?post=34535"}],"curies":[{"name":"wp","href":"https:\/\/api.w.org\/{rel}","templated":true}]}}