{"id":34524,"date":"2025-01-17T11:15:32","date_gmt":"2025-01-17T09:15:32","guid":{"rendered":"https:\/\/test.puhdasplus.ee\/\/tooted\/be-kategorijos\/arbatmedzio-rutulinis-dezodorantas-10-ml\/"},"modified":"2026-02-22T22:47:47","modified_gmt":"2026-02-22T20:47:47","slug":"arbatmedzio-rutulinis-dezodorantas-10-ml","status":"publish","type":"product","link":"https:\/\/test.puhdasplus.ee\/lt\/tooted\/eteriniai-aliejai\/arbatmedzio-rutulinis-dezodorantas-10-ml\/","title":{"rendered":"Arbatmed\u017eio rutulinis dezodorantas 10 ml"},"content":{"rendered":"<h3>Arbatmed\u017eio rutulinis kremas \u2013 nat\u016bralus antibakterinis ir raminantis<\/h3>\n<p>Arbatmed\u017eio rutulinis dezodorantas yra prakti\u0161ka ir nat\u016brali prie\u017ei\u016bros priemon\u0117, padedanti valyti, raminti ir apsaugoti od\u0105. <strong data-start=\"230\" data-end=\"243\">Arbatmed\u017eio aliejus<\/strong> \u017einomas d\u0117l savo <strong data-start=\"258\" data-end=\"322\">antibakterini\u0173, prie\u0161u\u017edegimini\u0173 ir raminam\u0173j\u0173 savybi\u0173<\/strong> , padedan\u010di\u0173 kovoti su spuogais, sudirgimais ir nedidel\u0117mis odos problemomis. Lengvas rutulinis aplikatorius leid\u017eia patogiai ir tiksliai tepti tiesiai ant problemini\u0173 viet\u0173. Idealiai tinka spuoguotos odos prie\u017ei\u016brai, vabzd\u017ei\u0173 \u012fkandim\u0173 palengvinimui ir nedideli\u0173 \u017eaizdeli\u0173 bei sudirgim\u0173 raminimui.   <\/p>\n<h4 data-start=\"804\" data-end=\"833\"><strong data-start=\"809\" data-end=\"831\">Naudojimo instrukcijos:<\/strong><\/h4>\n<ol data-start=\"834\" data-end=\"1267\">\n<li data-start=\"834\" data-end=\"927\"><strong data-start=\"837\" data-end=\"866\">Spuog\u0173 ir spuog\u0173 prie\u017ei\u016bra:<\/strong> tepkite tiesiai ant problemini\u0173 viet\u0173 1\u20132 kartus per dien\u0105.<\/li>\n<li data-start=\"928\" data-end=\"1029\"><strong data-start=\"931\" data-end=\"970\">Vabzd\u017ei\u0173 \u012fkandimai ir odos sudirginimas:<\/strong> tepkite tiesiai ant \u012fkandimo ar sudirgusios vietos pagal poreik\u012f.<\/li>\n<li data-start=\"1030\" data-end=\"1155\"><strong data-start=\"1033\" data-end=\"1080\">Nedideli\u0173 \u017eaizd\u0173 ir \u012fpjovim\u0173 prie\u017ei\u016bra:<\/strong> nuvalykite od\u0105 ir u\u017etepkite rutulin\u012f krem\u0105 ant \u017eaizd\u0173, kad paskatintum\u0117te j\u0173 gijim\u0105.<\/li>\n<li data-start=\"1156\" data-end=\"1267\"><strong data-start=\"1159\" data-end=\"1194\">Ne\u0161iojama nat\u016brali prie\u017ei\u016bra:<\/strong> D\u0117l prakti\u0161ko dyd\u017eio tinka naudoti bet kada ir bet kur.<\/li>\n<\/ol>\n<h4 data-start=\"1269\" data-end=\"1312\"><strong data-start=\"1274\" data-end=\"1310\">Sudedamosios dalys ir j\u0173 nauda:<\/strong><\/h4>\n<ul data-start=\"1313\" data-end=\"1668\">\n<li data-start=\"1313\" data-end=\"1473\"><strong data-start=\"1315\" data-end=\"1368\">100 % nat\u016bralus arbatmed\u017eio aliejus (Melaleuca Alternifolia)<\/strong> \u2013 pasi\u017eymi antibakterin\u0117mis, prie\u0161u\u017edegimin\u0117mis ir raminamosiomis savyb\u0117mis, padedan\u010diomis suma\u017einti spuogus ir odos sudirgimus.<\/li>\n<li data-start=\"1474\" data-end=\"1562\"><strong data-start=\"1476\" data-end=\"1500\">Nat\u016bralus antiseptikas<\/strong> \u2013 padeda kovoti su odos problemomis ir nedidel\u0117mis \u017eaizdel\u0117mis.<\/li>\n<li data-start=\"1563\" data-end=\"1668\"><strong data-start=\"1565\" data-end=\"1608\">Tinka jautriai ir probleminei odai<\/strong> \u2013 padeda subalansuoti riebal\u0173 i\u0161siskyrim\u0105 ir suma\u017einti paraudim\u0105.<\/li>\n<\/ul>\n","protected":false},"excerpt":{"rendered":"<p>Nat\u016bralus arbatmed\u017eio aliejaus rutulinis dezodorantas, kuris valo, subalansuoja ir ramina od\u0105, padeda suma\u017einti spuogus, vabzd\u017ei\u0173 \u012fkandimus ir odos sudirgimus.<\/p>\n","protected":false},"featured_media":34526,"comment_status":"closed","ping_status":"closed","template":"","meta":{"_acf_changed":false},"product_brand":[],"product_cat":[2752,3049],"product_tag":[4425,5331,2577,2563,5330,5333,4426,4424,5332],"class_list":{"0":"post-34524","1":"product","2":"type-product","3":"status-publish","4":"has-post-thumbnail","6":"product_cat-eteriniai-aliejai","7":"product_cat-specialus-pasiulymai","8":"product_tag-antibakterine-prieziura","9":"product_tag-arbatmedzio-aliejaus-rutulinis-kremas","10":"product_tag-grynas-grozis","11":"product_tag-naturali-grozio-prieziura","12":"product_tag-naturalus-antiseptikas","13":"product_tag-nuo-spuogu","14":"product_tag-priesuzdegimine-prieziura","15":"product_tag-spuogu-prieziura","16":"product_tag-vabzdziu-ikandimu-palengvinimas","18":"first","19":"instock","20":"sale","21":"taxable","22":"shipping-taxable","23":"purchasable","24":"product-type-simple"},"acf":[],"yoast_head":"<!-- This site is optimized with the Yoast SEO plugin v27.1.1 - https:\/\/yoast.com\/product\/yoast-seo-wordpress\/ -->\n<title>Arbatmed\u017eio rutulinis dezodorantas 10 ml - Puhdas+<\/title>\n<meta name=\"description\" content=\"Arbatmed\u017eio rutulinis dezodorantas (10 ml) yra nat\u016bralus antibakterinis preparatas, padedantis palengvinti spuogus, vabzd\u017ei\u0173 \u012fkandimus ir odos sudirgimus.\" \/>\n<meta name=\"robots\" content=\"noindex, follow, max-snippet:-1, max-image-preview:large, max-video-preview:-1\" \/>\n<meta property=\"og:locale\" content=\"lt_LT\" \/>\n<meta property=\"og:type\" content=\"article\" \/>\n<meta property=\"og:title\" content=\"Arbatmed\u017eio rutulinis dezodorantas 10 ml - Puhdas+\" \/>\n<meta property=\"og:description\" content=\"Arbatmed\u017eio rutulinis dezodorantas (10 ml) yra nat\u016bralus antibakterinis preparatas, padedantis palengvinti spuogus, vabzd\u017ei\u0173 \u012fkandimus ir odos sudirgimus.\" \/>\n<meta property=\"og:url\" content=\"https:\/\/test.puhdasplus.ee\/lt\/tooted\/eteriniai-aliejai\/arbatmedzio-rutulinis-dezodorantas-10-ml\/\" \/>\n<meta property=\"og:site_name\" content=\"Puhdas+\" \/>\n<meta property=\"article:publisher\" content=\"https:\/\/www.facebook.com\/puhdasplus\" \/>\n<meta property=\"article:modified_time\" content=\"2026-02-22T20:47:47+00:00\" \/>\n<meta property=\"og:image\" content=\"https:\/\/test.puhdasplus.ee\/wp-content\/uploads\/2025\/03\/127.jpg\" \/>\n\t<meta property=\"og:image:width\" content=\"1862\" \/>\n\t<meta property=\"og:image:height\" content=\"2560\" \/>\n\t<meta property=\"og:image:type\" content=\"image\/jpeg\" \/>\n<meta name=\"twitter:card\" content=\"summary_large_image\" \/>\n<meta name=\"twitter:label1\" content=\"Est. reading time\" \/>\n\t<meta name=\"twitter:data1\" content=\"1 minut\u0117\" \/>\n<script type=\"application\/ld+json\" class=\"yoast-schema-graph\">{\"@context\":\"https:\/\/schema.org\",\"@graph\":[{\"@type\":\"WebPage\",\"@id\":\"https:\/\/test.puhdasplus.ee\/lt\/tooted\/eteriniai-aliejai\/arbatmedzio-rutulinis-dezodorantas-10-ml\/\",\"url\":\"https:\/\/test.puhdasplus.ee\/lt\/tooted\/eteriniai-aliejai\/arbatmedzio-rutulinis-dezodorantas-10-ml\/\",\"name\":\"Arbatmed\u017eio rutulinis dezodorantas 10 ml - Puhdas+\",\"isPartOf\":{\"@id\":\"https:\/\/test.puhdasplus.ee\/lt\/#website\"},\"primaryImageOfPage\":{\"@id\":\"https:\/\/test.puhdasplus.ee\/lt\/tooted\/eteriniai-aliejai\/arbatmedzio-rutulinis-dezodorantas-10-ml\/#primaryimage\"},\"image\":{\"@id\":\"https:\/\/test.puhdasplus.ee\/lt\/tooted\/eteriniai-aliejai\/arbatmedzio-rutulinis-dezodorantas-10-ml\/#primaryimage\"},\"thumbnailUrl\":\"https:\/\/test.puhdasplus.ee\/wp-content\/uploads\/2025\/03\/127.jpg\",\"datePublished\":\"2025-01-17T09:15:32+00:00\",\"dateModified\":\"2026-02-22T20:47:47+00:00\",\"description\":\"Arbatmed\u017eio rutulinis dezodorantas (10 ml) yra nat\u016bralus antibakterinis preparatas, padedantis palengvinti spuogus, vabzd\u017ei\u0173 \u012fkandimus ir odos sudirgimus.\",\"breadcrumb\":{\"@id\":\"https:\/\/test.puhdasplus.ee\/lt\/tooted\/eteriniai-aliejai\/arbatmedzio-rutulinis-dezodorantas-10-ml\/#breadcrumb\"},\"inLanguage\":\"lt-LT\",\"potentialAction\":[{\"@type\":\"ReadAction\",\"target\":[\"https:\/\/test.puhdasplus.ee\/lt\/tooted\/eteriniai-aliejai\/arbatmedzio-rutulinis-dezodorantas-10-ml\/\"]}]},{\"@type\":\"ImageObject\",\"inLanguage\":\"lt-LT\",\"@id\":\"https:\/\/test.puhdasplus.ee\/lt\/tooted\/eteriniai-aliejai\/arbatmedzio-rutulinis-dezodorantas-10-ml\/#primaryimage\",\"url\":\"https:\/\/test.puhdasplus.ee\/wp-content\/uploads\/2025\/03\/127.jpg\",\"contentUrl\":\"https:\/\/test.puhdasplus.ee\/wp-content\/uploads\/2025\/03\/127.jpg\",\"width\":1862,\"height\":2560,\"caption\":\"Arbatmed\u017eio rutulinis kremas\"},{\"@type\":\"BreadcrumbList\",\"@id\":\"https:\/\/test.puhdasplus.ee\/lt\/tooted\/eteriniai-aliejai\/arbatmedzio-rutulinis-dezodorantas-10-ml\/#breadcrumb\",\"itemListElement\":[{\"@type\":\"ListItem\",\"position\":1,\"name\":\"Prad\u017eia\",\"item\":\"https:\/\/test.puhdasplus.ee\/lt\/\"},{\"@type\":\"ListItem\",\"position\":2,\"name\":\"Produktai\",\"item\":\"https:\/\/test.puhdasplus.ee\/lt\/parduotuve\/\"},{\"@type\":\"ListItem\",\"position\":3,\"name\":\"Arbatmed\u017eio rutulinis dezodorantas 10 ml\"}]},{\"@type\":\"WebSite\",\"@id\":\"https:\/\/test.puhdasplus.ee\/lt\/#website\",\"url\":\"https:\/\/test.puhdasplus.ee\/lt\/\",\"name\":\"Puhdas+\",\"description\":\"Vitamiinid, Toidulisandid, looduskosmeetika, tervis, sport\",\"publisher\":{\"@id\":\"https:\/\/test.puhdasplus.ee\/lt\/#organization\"},\"potentialAction\":[{\"@type\":\"SearchAction\",\"target\":{\"@type\":\"EntryPoint\",\"urlTemplate\":\"https:\/\/test.puhdasplus.ee\/lt\/?s={search_term_string}\"},\"query-input\":{\"@type\":\"PropertyValueSpecification\",\"valueRequired\":true,\"valueName\":\"search_term_string\"}}],\"inLanguage\":\"lt-LT\"},{\"@type\":\"Organization\",\"@id\":\"https:\/\/test.puhdasplus.ee\/lt\/#organization\",\"name\":\"Puhdas+\",\"alternateName\":\"Puhdasplus\",\"url\":\"https:\/\/test.puhdasplus.ee\/lt\/\",\"logo\":{\"@type\":\"ImageObject\",\"inLanguage\":\"lt-LT\",\"@id\":\"https:\/\/test.puhdasplus.ee\/lt\/#\/schema\/logo\/image\/\",\"url\":\"https:\/\/test.puhdasplus.ee\/\/wp-content\/uploads\/2019\/10\/puhdas_logo-arvele.png\",\"contentUrl\":\"https:\/\/test.puhdasplus.ee\/\/wp-content\/uploads\/2019\/10\/puhdas_logo-arvele.png\",\"width\":114,\"height\":94,\"caption\":\"Puhdas+\"},\"image\":{\"@id\":\"https:\/\/test.puhdasplus.ee\/lt\/#\/schema\/logo\/image\/\"},\"sameAs\":[\"https:\/\/www.facebook.com\/puhdasplus\",\"https:\/\/www.instagram.com\/puhdasplus_ee\/\"]}]}<\/script>\n<!-- \/ Yoast SEO plugin. -->","yoast_head_json":{"title":"Arbatmed\u017eio rutulinis dezodorantas 10 ml - Puhdas+","description":"Arbatmed\u017eio rutulinis dezodorantas (10 ml) yra nat\u016bralus antibakterinis preparatas, padedantis palengvinti spuogus, vabzd\u017ei\u0173 \u012fkandimus ir odos sudirgimus.","robots":{"index":"noindex","follow":"follow","max-snippet":"max-snippet:-1","max-image-preview":"max-image-preview:large","max-video-preview":"max-video-preview:-1"},"og_locale":"lt_LT","og_type":"article","og_title":"Arbatmed\u017eio rutulinis dezodorantas 10 ml - Puhdas+","og_description":"Arbatmed\u017eio rutulinis dezodorantas (10 ml) yra nat\u016bralus antibakterinis preparatas, padedantis palengvinti spuogus, vabzd\u017ei\u0173 \u012fkandimus ir odos sudirgimus.","og_url":"https:\/\/test.puhdasplus.ee\/lt\/tooted\/eteriniai-aliejai\/arbatmedzio-rutulinis-dezodorantas-10-ml\/","og_site_name":"Puhdas+","article_publisher":"https:\/\/www.facebook.com\/puhdasplus","article_modified_time":"2026-02-22T20:47:47+00:00","og_image":[{"width":1862,"height":2560,"url":"https:\/\/test.puhdasplus.ee\/wp-content\/uploads\/2025\/03\/127.jpg","type":"image\/jpeg"}],"twitter_card":"summary_large_image","twitter_misc":{"Est. reading time":"1 minut\u0117"},"schema":{"@context":"https:\/\/schema.org","@graph":[{"@type":"WebPage","@id":"https:\/\/test.puhdasplus.ee\/lt\/tooted\/eteriniai-aliejai\/arbatmedzio-rutulinis-dezodorantas-10-ml\/","url":"https:\/\/test.puhdasplus.ee\/lt\/tooted\/eteriniai-aliejai\/arbatmedzio-rutulinis-dezodorantas-10-ml\/","name":"Arbatmed\u017eio rutulinis dezodorantas 10 ml - Puhdas+","isPartOf":{"@id":"https:\/\/test.puhdasplus.ee\/lt\/#website"},"primaryImageOfPage":{"@id":"https:\/\/test.puhdasplus.ee\/lt\/tooted\/eteriniai-aliejai\/arbatmedzio-rutulinis-dezodorantas-10-ml\/#primaryimage"},"image":{"@id":"https:\/\/test.puhdasplus.ee\/lt\/tooted\/eteriniai-aliejai\/arbatmedzio-rutulinis-dezodorantas-10-ml\/#primaryimage"},"thumbnailUrl":"https:\/\/test.puhdasplus.ee\/wp-content\/uploads\/2025\/03\/127.jpg","datePublished":"2025-01-17T09:15:32+00:00","dateModified":"2026-02-22T20:47:47+00:00","description":"Arbatmed\u017eio rutulinis dezodorantas (10 ml) yra nat\u016bralus antibakterinis preparatas, padedantis palengvinti spuogus, vabzd\u017ei\u0173 \u012fkandimus ir odos sudirgimus.","breadcrumb":{"@id":"https:\/\/test.puhdasplus.ee\/lt\/tooted\/eteriniai-aliejai\/arbatmedzio-rutulinis-dezodorantas-10-ml\/#breadcrumb"},"inLanguage":"lt-LT","potentialAction":[{"@type":"ReadAction","target":["https:\/\/test.puhdasplus.ee\/lt\/tooted\/eteriniai-aliejai\/arbatmedzio-rutulinis-dezodorantas-10-ml\/"]}]},{"@type":"ImageObject","inLanguage":"lt-LT","@id":"https:\/\/test.puhdasplus.ee\/lt\/tooted\/eteriniai-aliejai\/arbatmedzio-rutulinis-dezodorantas-10-ml\/#primaryimage","url":"https:\/\/test.puhdasplus.ee\/wp-content\/uploads\/2025\/03\/127.jpg","contentUrl":"https:\/\/test.puhdasplus.ee\/wp-content\/uploads\/2025\/03\/127.jpg","width":1862,"height":2560,"caption":"Arbatmed\u017eio rutulinis kremas"},{"@type":"BreadcrumbList","@id":"https:\/\/test.puhdasplus.ee\/lt\/tooted\/eteriniai-aliejai\/arbatmedzio-rutulinis-dezodorantas-10-ml\/#breadcrumb","itemListElement":[{"@type":"ListItem","position":1,"name":"Prad\u017eia","item":"https:\/\/test.puhdasplus.ee\/lt\/"},{"@type":"ListItem","position":2,"name":"Produktai","item":"https:\/\/test.puhdasplus.ee\/lt\/parduotuve\/"},{"@type":"ListItem","position":3,"name":"Arbatmed\u017eio rutulinis dezodorantas 10 ml"}]},{"@type":"WebSite","@id":"https:\/\/test.puhdasplus.ee\/lt\/#website","url":"https:\/\/test.puhdasplus.ee\/lt\/","name":"Puhdas+","description":"Vitamiinid, Toidulisandid, looduskosmeetika, tervis, sport","publisher":{"@id":"https:\/\/test.puhdasplus.ee\/lt\/#organization"},"potentialAction":[{"@type":"SearchAction","target":{"@type":"EntryPoint","urlTemplate":"https:\/\/test.puhdasplus.ee\/lt\/?s={search_term_string}"},"query-input":{"@type":"PropertyValueSpecification","valueRequired":true,"valueName":"search_term_string"}}],"inLanguage":"lt-LT"},{"@type":"Organization","@id":"https:\/\/test.puhdasplus.ee\/lt\/#organization","name":"Puhdas+","alternateName":"Puhdasplus","url":"https:\/\/test.puhdasplus.ee\/lt\/","logo":{"@type":"ImageObject","inLanguage":"lt-LT","@id":"https:\/\/test.puhdasplus.ee\/lt\/#\/schema\/logo\/image\/","url":"https:\/\/test.puhdasplus.ee\/\/wp-content\/uploads\/2019\/10\/puhdas_logo-arvele.png","contentUrl":"https:\/\/test.puhdasplus.ee\/\/wp-content\/uploads\/2019\/10\/puhdas_logo-arvele.png","width":114,"height":94,"caption":"Puhdas+"},"image":{"@id":"https:\/\/test.puhdasplus.ee\/lt\/#\/schema\/logo\/image\/"},"sameAs":["https:\/\/www.facebook.com\/puhdasplus","https:\/\/www.instagram.com\/puhdasplus_ee\/"]}]}},"_links":{"self":[{"href":"https:\/\/test.puhdasplus.ee\/lt\/wp-json\/wp\/v2\/product\/34524","targetHints":{"allow":["GET"]}}],"collection":[{"href":"https:\/\/test.puhdasplus.ee\/lt\/wp-json\/wp\/v2\/product"}],"about":[{"href":"https:\/\/test.puhdasplus.ee\/lt\/wp-json\/wp\/v2\/types\/product"}],"replies":[{"embeddable":true,"href":"https:\/\/test.puhdasplus.ee\/lt\/wp-json\/wp\/v2\/comments?post=34524"}],"wp:featuredmedia":[{"embeddable":true,"href":"https:\/\/test.puhdasplus.ee\/lt\/wp-json\/wp\/v2\/media\/34526"}],"wp:attachment":[{"href":"https:\/\/test.puhdasplus.ee\/lt\/wp-json\/wp\/v2\/media?parent=34524"}],"wp:term":[{"taxonomy":"product_brand","embeddable":true,"href":"https:\/\/test.puhdasplus.ee\/lt\/wp-json\/wp\/v2\/product_brand?post=34524"},{"taxonomy":"product_cat","embeddable":true,"href":"https:\/\/test.puhdasplus.ee\/lt\/wp-json\/wp\/v2\/product_cat?post=34524"},{"taxonomy":"product_tag","embeddable":true,"href":"https:\/\/test.puhdasplus.ee\/lt\/wp-json\/wp\/v2\/product_tag?post=34524"}],"curies":[{"name":"wp","href":"https:\/\/api.w.org\/{rel}","templated":true}]}}