{"id":34518,"date":"2025-02-02T15:12:08","date_gmt":"2025-02-02T13:12:08","guid":{"rendered":"https:\/\/test.puhdasplus.ee\/\/tooted\/be-kategorijos\/berberino-ir-raugerskio-saknu-60-kapsuliu\/"},"modified":"2026-02-22T22:47:52","modified_gmt":"2026-02-22T20:47:52","slug":"berberino-ir-raugerskio-saknu-60-kapsuliu","status":"publish","type":"product","link":"https:\/\/test.puhdasplus.ee\/lt\/tooted\/virskinimas-ir-medziagu-apykaita\/berberino-ir-raugerskio-saknu-60-kapsuliu\/","title":{"rendered":"Berberino ir rauger\u0161kio \u0161akn\u0173 60 kapsuli\u0173"},"content":{"rendered":"<p class=\"p1\"><span class=\"s1\"><b>\u201ePure+ Berberine 800 mg\u201c<\/b><\/span> yra auk\u0161tos kokyb\u0117s, nat\u016bralios kilm\u0117s maisto papildas, kurio sud\u0117tyje yra berberino, i\u0161gauto i\u0161 rauger\u0161kio (Berberis vulgaris) \u0161aknies. Tai augalinis junginys, tradici\u0161kai naudojamas med\u017eiag\u0173 apykaitai ir vir\u0161kinimui palaikyti. Berberinas pastaruoju metu tapo populiariu papildu kaip s\u0105moningo gyvenimo b\u016bdo dalis.  <\/p>\n<p class=\"p1\">Produktas tinka tiems, kurie nori palaikyti organizmo <span class=\"s1\"><b>vidin\u0119 pusiausvyr\u0105<\/b><\/span> ir <span class=\"s1\"><b>mikrobiomo \u012fvairov\u0119<\/b><\/span> , vertindami grynus ir augalin\u0117s kilm\u0117s ingredientus.<\/p>\n<p data-start=\"496\" data-end=\"518\"><b>Kod\u0117l verta rinktis \u201ePure+ Berberine\u201c?<\/b><\/p>\n<ul data-start=\"519\" data-end=\"900\">\n<li data-start=\"519\" data-end=\"591\"><span class=\"s1\"><b>\u017doleli\u0173 ir nat\u016brali sud\u0117tis<\/b><\/span> \u2013 i\u0161gauta i\u0161 paprastojo agrasto \u0161akn\u0173<\/li>\n<li data-start=\"592\" data-end=\"710\"><b>Sud\u0117tyje n\u0117ra dirbtini\u0173 pried\u0173<\/b> <span class=\"s1\">ar \u012fprast\u0173 alergen\u0173<\/span><\/li>\n<li data-start=\"592\" data-end=\"710\"><span class=\"s1\"><b>Tinka s\u0105moningam gyvenimo b\u016bdui<\/b><\/span> ir \u017emon\u0117ms, kurie atkreipia d\u0117mes\u012f \u012f vir\u0161kinim\u0105 ir med\u017eiag\u0173 apykait\u0105<\/li>\n<li data-start=\"711\" data-end=\"804\"><strong data-start=\"713\" data-end=\"754\">Tinka veganams ir vegetarams:<\/strong><\/li>\n<li data-start=\"805\" data-end=\"900\"><strong data-start=\"807\" data-end=\"835\"><strong data-start=\"807\" data-end=\"835\">Pagaminta<\/strong><\/strong> <span class=\"s1\"><b>Suomijoje<\/b><\/span> pagal auk\u0161tus kokyb\u0117s standartus<\/li>\n<\/ul>\n<p data-start=\"902\" data-end=\"1119\"><strong data-start=\"902\" data-end=\"917\">Vartojimas:<\/strong> Rekomenduojama doz\u0117 yra 2 kapsul\u0117s per dien\u0105. Nevir\u0161ykite rekomenduojamos paros doz\u0117s. Maisto papildas nepakei\u010dia \u012fvairios ir subalansuotos mitybos ar sveiko gyvenimo b\u016bdo. Laikyti vaikams nepasiekiamoje vietoje.   <\/p>\n<p data-start=\"1121\" data-end=\"1383\"><strong data-start=\"1121\" data-end=\"1137\">Sud\u0117tis:<\/strong> kapsul\u0117 (stabilizatorius: hidroksipropilmetilceliulioz\u0117), rauger\u0161kio \u0161aknis (Berberis vulgaris). Sud\u0117tyje n\u0117ra laktoz\u0117s, mieli\u0173 ar glitimo. Sud\u0117tyje n\u0117ra cukraus, druskos, krakmolo, kukur\u016bz\u0173, sojos ar saldikli\u0173. Tinka veganams ir vegetarams.   <\/p>\n<p data-start=\"1385\" data-end=\"1421\"><strong data-start=\"1385\" data-end=\"1421\">Maistin\u0117 informacija (2 kapsul\u0117s):<\/strong><\/p>\n<ul data-start=\"1422\" data-end=\"1496\">\n<li data-start=\"1422\" data-end=\"1496\"><strong data-start=\"1424\" data-end=\"1455\">Paprast\u0173j\u0173 agrast\u0173 ekstraktas:<\/strong> 800 mg\n<ul data-start=\"1465\" data-end=\"1496\">\n<li data-start=\"1465\" data-end=\"1496\"><strong data-start=\"1467\" data-end=\"1489\">i\u0161 kuri\u0173 berberino:<\/strong> 560 mg<\/li>\n<\/ul>\n<\/li>\n<\/ul>\n","protected":false},"excerpt":{"rendered":"<p class=\"p1\"><span class=\"s1\"><b>Berberinas 800 mg<\/b><\/span> yra nat\u016bralus maisto papildas, kurio sud\u0117tyje yra paprastojo rauger\u0161kio (Berberis vulgaris) \u0161akn\u0173 ekstrakto. Augalinis junginys <span class=\"s1\"><b>berberinas<\/b><\/span> yra \u017einomas d\u0117l <span class=\"s1\"><b>savo geb\u0117jimo palaikyti vir\u0161kinim\u0105 ir med\u017eiag\u0173 apykait\u0105<\/b><\/span> , tod\u0117l tradici\u0161kai naudojamas vidinei pusiausvyrai palaikyti. Produktas puikiai tinka <span class=\"s1\"><b>\u017emon\u0117ms, kurie vertina s\u0105moning\u0105 gyvenimo b\u016bd\u0105<\/b><\/span> ir nori prisid\u0117ti prie savo gerov\u0117s \u0161variu ir nat\u016braliu b\u016bdu.  <\/p>\n<p class=\"p1\">Pagaminta be nereikaling\u0173 pried\u0173, tinka veganams ir vegetarams.<\/p>\n","protected":false},"featured_media":34523,"comment_status":"closed","ping_status":"closed","template":"","meta":{"_acf_changed":false},"product_brand":[],"product_cat":[3318],"product_tag":[5328,3396,5317,5313,5326,5325,5314,3395,3857,5321,3391,5323,5324,5327,5315,5319,3397,5329,2967,3393,3492,3858,3941],"class_list":{"0":"post-34518","1":"product","2":"type-product","3":"status-publish","4":"has-post-thumbnail","6":"product_cat-virskinimas-ir-medziagu-apykaita","7":"product_tag-antibakterinis-poveikis","8":"product_tag-antioksidacine-apsauga","9":"product_tag-aukstos-kokybes-papildai","10":"product_tag-berberinas","11":"product_tag-cholesterolio-lygio-reguliavimas","12":"product_tag-cukraus-kiekio-kraujyje-balansavimas","13":"product_tag-cukraus-kiekis-kraujyje","14":"product_tag-hidroksipropilmetilceliulioze","15":"product_tag-metabolizmas","16":"product_tag-naturali-sveikatos-parama","17":"product_tag-naturalus-papildai","18":"product_tag-palaikant-imunine-sistema","19":"product_tag-palaikant-medziagu-apykaita","20":"product_tag-palaiko-virskinima","21":"product_tag-paprastasis-raugerskis","22":"product_tag-paprastuju-agrastu-ekstraktas","23":"product_tag-priesuzdegiminis-poveikis","24":"product_tag-sirdies-ir-kraujagysliu-sveikata","25":"product_tag-veganas","26":"product_tag-veganiski-papildai","27":"product_tag-vegetariski-papildai","28":"product_tag-virskinimas","29":"product_tag-virskinimas-ir-medziagu-apykaita-lt","31":"first","32":"instock","33":"featured","34":"taxable","35":"shipping-taxable","36":"purchasable","37":"product-type-simple"},"acf":[],"yoast_head":"<!-- This site is optimized with the Yoast SEO plugin v27.1.1 - https:\/\/yoast.com\/product\/yoast-seo-wordpress\/ -->\n<title>Berberino ir rauger\u0161kio \u0161akn\u0173 60 kapsuli\u0173 - Puhdas+<\/title>\n<meta name=\"description\" content=\"Berberinas 800 mg \u2013 60 kapsuli\u0173. Nat\u016bralus maisto papildas, kurio sud\u0117tyje yra berberino i\u0161 paprastosios o\u017erag\u0117s \u0161aknies. Tinka veganams.\" \/>\n<meta name=\"robots\" content=\"noindex, follow, max-snippet:-1, max-image-preview:large, max-video-preview:-1\" \/>\n<meta property=\"og:locale\" content=\"lt_LT\" \/>\n<meta property=\"og:type\" content=\"article\" \/>\n<meta property=\"og:title\" content=\"Berberino ir rauger\u0161kio \u0161akn\u0173 60 kapsuli\u0173 - Puhdas+\" \/>\n<meta property=\"og:description\" content=\"Berberinas 800 mg \u2013 60 kapsuli\u0173. Nat\u016bralus maisto papildas, kurio sud\u0117tyje yra berberino i\u0161 paprastosios o\u017erag\u0117s \u0161aknies. Tinka veganams.\" \/>\n<meta property=\"og:url\" content=\"https:\/\/test.puhdasplus.ee\/lt\/tooted\/virskinimas-ir-medziagu-apykaita\/berberino-ir-raugerskio-saknu-60-kapsuliu\/\" \/>\n<meta property=\"og:site_name\" content=\"Puhdas+\" \/>\n<meta property=\"article:publisher\" content=\"https:\/\/www.facebook.com\/puhdasplus\" \/>\n<meta property=\"article:modified_time\" content=\"2026-02-22T20:47:52+00:00\" \/>\n<meta property=\"og:image\" content=\"https:\/\/test.puhdasplus.ee\/wp-content\/uploads\/2025\/03\/191.jpg\" \/>\n\t<meta property=\"og:image:width\" content=\"1862\" \/>\n\t<meta property=\"og:image:height\" content=\"2560\" \/>\n\t<meta property=\"og:image:type\" content=\"image\/jpeg\" \/>\n<meta name=\"twitter:card\" content=\"summary_large_image\" \/>\n<meta name=\"twitter:label1\" content=\"Est. reading time\" \/>\n\t<meta name=\"twitter:data1\" content=\"1 minut\u0117\" \/>\n<script type=\"application\/ld+json\" class=\"yoast-schema-graph\">{\"@context\":\"https:\/\/schema.org\",\"@graph\":[{\"@type\":\"WebPage\",\"@id\":\"https:\/\/test.puhdasplus.ee\/lt\/tooted\/virskinimas-ir-medziagu-apykaita\/berberino-ir-raugerskio-saknu-60-kapsuliu\/\",\"url\":\"https:\/\/test.puhdasplus.ee\/lt\/tooted\/virskinimas-ir-medziagu-apykaita\/berberino-ir-raugerskio-saknu-60-kapsuliu\/\",\"name\":\"Berberino ir rauger\u0161kio \u0161akn\u0173 60 kapsuli\u0173 - Puhdas+\",\"isPartOf\":{\"@id\":\"https:\/\/test.puhdasplus.ee\/lt\/#website\"},\"primaryImageOfPage\":{\"@id\":\"https:\/\/test.puhdasplus.ee\/lt\/tooted\/virskinimas-ir-medziagu-apykaita\/berberino-ir-raugerskio-saknu-60-kapsuliu\/#primaryimage\"},\"image\":{\"@id\":\"https:\/\/test.puhdasplus.ee\/lt\/tooted\/virskinimas-ir-medziagu-apykaita\/berberino-ir-raugerskio-saknu-60-kapsuliu\/#primaryimage\"},\"thumbnailUrl\":\"https:\/\/test.puhdasplus.ee\/wp-content\/uploads\/2025\/03\/191.jpg\",\"datePublished\":\"2025-02-02T13:12:08+00:00\",\"dateModified\":\"2026-02-22T20:47:52+00:00\",\"description\":\"Berberinas 800 mg \u2013 60 kapsuli\u0173. Nat\u016bralus maisto papildas, kurio sud\u0117tyje yra berberino i\u0161 paprastosios o\u017erag\u0117s \u0161aknies. Tinka veganams.\",\"breadcrumb\":{\"@id\":\"https:\/\/test.puhdasplus.ee\/lt\/tooted\/virskinimas-ir-medziagu-apykaita\/berberino-ir-raugerskio-saknu-60-kapsuliu\/#breadcrumb\"},\"inLanguage\":\"lt-LT\",\"potentialAction\":[{\"@type\":\"ReadAction\",\"target\":[\"https:\/\/test.puhdasplus.ee\/lt\/tooted\/virskinimas-ir-medziagu-apykaita\/berberino-ir-raugerskio-saknu-60-kapsuliu\/\"]}]},{\"@type\":\"ImageObject\",\"inLanguage\":\"lt-LT\",\"@id\":\"https:\/\/test.puhdasplus.ee\/lt\/tooted\/virskinimas-ir-medziagu-apykaita\/berberino-ir-raugerskio-saknu-60-kapsuliu\/#primaryimage\",\"url\":\"https:\/\/test.puhdasplus.ee\/wp-content\/uploads\/2025\/03\/191.jpg\",\"contentUrl\":\"https:\/\/test.puhdasplus.ee\/wp-content\/uploads\/2025\/03\/191.jpg\",\"width\":1862,\"height\":2560,\"caption\":\"berberinas\"},{\"@type\":\"BreadcrumbList\",\"@id\":\"https:\/\/test.puhdasplus.ee\/lt\/tooted\/virskinimas-ir-medziagu-apykaita\/berberino-ir-raugerskio-saknu-60-kapsuliu\/#breadcrumb\",\"itemListElement\":[{\"@type\":\"ListItem\",\"position\":1,\"name\":\"Prad\u017eia\",\"item\":\"https:\/\/test.puhdasplus.ee\/lt\/\"},{\"@type\":\"ListItem\",\"position\":2,\"name\":\"Produktai\",\"item\":\"https:\/\/test.puhdasplus.ee\/lt\/parduotuve\/\"},{\"@type\":\"ListItem\",\"position\":3,\"name\":\"Berberino ir rauger\u0161kio \u0161akn\u0173 60 kapsuli\u0173\"}]},{\"@type\":\"WebSite\",\"@id\":\"https:\/\/test.puhdasplus.ee\/lt\/#website\",\"url\":\"https:\/\/test.puhdasplus.ee\/lt\/\",\"name\":\"Puhdas+\",\"description\":\"Vitamiinid, Toidulisandid, looduskosmeetika, tervis, sport\",\"publisher\":{\"@id\":\"https:\/\/test.puhdasplus.ee\/lt\/#organization\"},\"potentialAction\":[{\"@type\":\"SearchAction\",\"target\":{\"@type\":\"EntryPoint\",\"urlTemplate\":\"https:\/\/test.puhdasplus.ee\/lt\/?s={search_term_string}\"},\"query-input\":{\"@type\":\"PropertyValueSpecification\",\"valueRequired\":true,\"valueName\":\"search_term_string\"}}],\"inLanguage\":\"lt-LT\"},{\"@type\":\"Organization\",\"@id\":\"https:\/\/test.puhdasplus.ee\/lt\/#organization\",\"name\":\"Puhdas+\",\"alternateName\":\"Puhdasplus\",\"url\":\"https:\/\/test.puhdasplus.ee\/lt\/\",\"logo\":{\"@type\":\"ImageObject\",\"inLanguage\":\"lt-LT\",\"@id\":\"https:\/\/test.puhdasplus.ee\/lt\/#\/schema\/logo\/image\/\",\"url\":\"https:\/\/test.puhdasplus.ee\/\/wp-content\/uploads\/2019\/10\/puhdas_logo-arvele.png\",\"contentUrl\":\"https:\/\/test.puhdasplus.ee\/\/wp-content\/uploads\/2019\/10\/puhdas_logo-arvele.png\",\"width\":114,\"height\":94,\"caption\":\"Puhdas+\"},\"image\":{\"@id\":\"https:\/\/test.puhdasplus.ee\/lt\/#\/schema\/logo\/image\/\"},\"sameAs\":[\"https:\/\/www.facebook.com\/puhdasplus\",\"https:\/\/www.instagram.com\/puhdasplus_ee\/\"]}]}<\/script>\n<!-- \/ Yoast SEO plugin. -->","yoast_head_json":{"title":"Berberino ir rauger\u0161kio \u0161akn\u0173 60 kapsuli\u0173 - Puhdas+","description":"Berberinas 800 mg \u2013 60 kapsuli\u0173. Nat\u016bralus maisto papildas, kurio sud\u0117tyje yra berberino i\u0161 paprastosios o\u017erag\u0117s \u0161aknies. Tinka veganams.","robots":{"index":"noindex","follow":"follow","max-snippet":"max-snippet:-1","max-image-preview":"max-image-preview:large","max-video-preview":"max-video-preview:-1"},"og_locale":"lt_LT","og_type":"article","og_title":"Berberino ir rauger\u0161kio \u0161akn\u0173 60 kapsuli\u0173 - Puhdas+","og_description":"Berberinas 800 mg \u2013 60 kapsuli\u0173. Nat\u016bralus maisto papildas, kurio sud\u0117tyje yra berberino i\u0161 paprastosios o\u017erag\u0117s \u0161aknies. Tinka veganams.","og_url":"https:\/\/test.puhdasplus.ee\/lt\/tooted\/virskinimas-ir-medziagu-apykaita\/berberino-ir-raugerskio-saknu-60-kapsuliu\/","og_site_name":"Puhdas+","article_publisher":"https:\/\/www.facebook.com\/puhdasplus","article_modified_time":"2026-02-22T20:47:52+00:00","og_image":[{"width":1862,"height":2560,"url":"https:\/\/test.puhdasplus.ee\/wp-content\/uploads\/2025\/03\/191.jpg","type":"image\/jpeg"}],"twitter_card":"summary_large_image","twitter_misc":{"Est. reading time":"1 minut\u0117"},"schema":{"@context":"https:\/\/schema.org","@graph":[{"@type":"WebPage","@id":"https:\/\/test.puhdasplus.ee\/lt\/tooted\/virskinimas-ir-medziagu-apykaita\/berberino-ir-raugerskio-saknu-60-kapsuliu\/","url":"https:\/\/test.puhdasplus.ee\/lt\/tooted\/virskinimas-ir-medziagu-apykaita\/berberino-ir-raugerskio-saknu-60-kapsuliu\/","name":"Berberino ir rauger\u0161kio \u0161akn\u0173 60 kapsuli\u0173 - Puhdas+","isPartOf":{"@id":"https:\/\/test.puhdasplus.ee\/lt\/#website"},"primaryImageOfPage":{"@id":"https:\/\/test.puhdasplus.ee\/lt\/tooted\/virskinimas-ir-medziagu-apykaita\/berberino-ir-raugerskio-saknu-60-kapsuliu\/#primaryimage"},"image":{"@id":"https:\/\/test.puhdasplus.ee\/lt\/tooted\/virskinimas-ir-medziagu-apykaita\/berberino-ir-raugerskio-saknu-60-kapsuliu\/#primaryimage"},"thumbnailUrl":"https:\/\/test.puhdasplus.ee\/wp-content\/uploads\/2025\/03\/191.jpg","datePublished":"2025-02-02T13:12:08+00:00","dateModified":"2026-02-22T20:47:52+00:00","description":"Berberinas 800 mg \u2013 60 kapsuli\u0173. Nat\u016bralus maisto papildas, kurio sud\u0117tyje yra berberino i\u0161 paprastosios o\u017erag\u0117s \u0161aknies. Tinka veganams.","breadcrumb":{"@id":"https:\/\/test.puhdasplus.ee\/lt\/tooted\/virskinimas-ir-medziagu-apykaita\/berberino-ir-raugerskio-saknu-60-kapsuliu\/#breadcrumb"},"inLanguage":"lt-LT","potentialAction":[{"@type":"ReadAction","target":["https:\/\/test.puhdasplus.ee\/lt\/tooted\/virskinimas-ir-medziagu-apykaita\/berberino-ir-raugerskio-saknu-60-kapsuliu\/"]}]},{"@type":"ImageObject","inLanguage":"lt-LT","@id":"https:\/\/test.puhdasplus.ee\/lt\/tooted\/virskinimas-ir-medziagu-apykaita\/berberino-ir-raugerskio-saknu-60-kapsuliu\/#primaryimage","url":"https:\/\/test.puhdasplus.ee\/wp-content\/uploads\/2025\/03\/191.jpg","contentUrl":"https:\/\/test.puhdasplus.ee\/wp-content\/uploads\/2025\/03\/191.jpg","width":1862,"height":2560,"caption":"berberinas"},{"@type":"BreadcrumbList","@id":"https:\/\/test.puhdasplus.ee\/lt\/tooted\/virskinimas-ir-medziagu-apykaita\/berberino-ir-raugerskio-saknu-60-kapsuliu\/#breadcrumb","itemListElement":[{"@type":"ListItem","position":1,"name":"Prad\u017eia","item":"https:\/\/test.puhdasplus.ee\/lt\/"},{"@type":"ListItem","position":2,"name":"Produktai","item":"https:\/\/test.puhdasplus.ee\/lt\/parduotuve\/"},{"@type":"ListItem","position":3,"name":"Berberino ir rauger\u0161kio \u0161akn\u0173 60 kapsuli\u0173"}]},{"@type":"WebSite","@id":"https:\/\/test.puhdasplus.ee\/lt\/#website","url":"https:\/\/test.puhdasplus.ee\/lt\/","name":"Puhdas+","description":"Vitamiinid, Toidulisandid, looduskosmeetika, tervis, sport","publisher":{"@id":"https:\/\/test.puhdasplus.ee\/lt\/#organization"},"potentialAction":[{"@type":"SearchAction","target":{"@type":"EntryPoint","urlTemplate":"https:\/\/test.puhdasplus.ee\/lt\/?s={search_term_string}"},"query-input":{"@type":"PropertyValueSpecification","valueRequired":true,"valueName":"search_term_string"}}],"inLanguage":"lt-LT"},{"@type":"Organization","@id":"https:\/\/test.puhdasplus.ee\/lt\/#organization","name":"Puhdas+","alternateName":"Puhdasplus","url":"https:\/\/test.puhdasplus.ee\/lt\/","logo":{"@type":"ImageObject","inLanguage":"lt-LT","@id":"https:\/\/test.puhdasplus.ee\/lt\/#\/schema\/logo\/image\/","url":"https:\/\/test.puhdasplus.ee\/\/wp-content\/uploads\/2019\/10\/puhdas_logo-arvele.png","contentUrl":"https:\/\/test.puhdasplus.ee\/\/wp-content\/uploads\/2019\/10\/puhdas_logo-arvele.png","width":114,"height":94,"caption":"Puhdas+"},"image":{"@id":"https:\/\/test.puhdasplus.ee\/lt\/#\/schema\/logo\/image\/"},"sameAs":["https:\/\/www.facebook.com\/puhdasplus","https:\/\/www.instagram.com\/puhdasplus_ee\/"]}]}},"_links":{"self":[{"href":"https:\/\/test.puhdasplus.ee\/lt\/wp-json\/wp\/v2\/product\/34518","targetHints":{"allow":["GET"]}}],"collection":[{"href":"https:\/\/test.puhdasplus.ee\/lt\/wp-json\/wp\/v2\/product"}],"about":[{"href":"https:\/\/test.puhdasplus.ee\/lt\/wp-json\/wp\/v2\/types\/product"}],"replies":[{"embeddable":true,"href":"https:\/\/test.puhdasplus.ee\/lt\/wp-json\/wp\/v2\/comments?post=34518"}],"wp:featuredmedia":[{"embeddable":true,"href":"https:\/\/test.puhdasplus.ee\/lt\/wp-json\/wp\/v2\/media\/34523"}],"wp:attachment":[{"href":"https:\/\/test.puhdasplus.ee\/lt\/wp-json\/wp\/v2\/media?parent=34518"}],"wp:term":[{"taxonomy":"product_brand","embeddable":true,"href":"https:\/\/test.puhdasplus.ee\/lt\/wp-json\/wp\/v2\/product_brand?post=34518"},{"taxonomy":"product_cat","embeddable":true,"href":"https:\/\/test.puhdasplus.ee\/lt\/wp-json\/wp\/v2\/product_cat?post=34518"},{"taxonomy":"product_tag","embeddable":true,"href":"https:\/\/test.puhdasplus.ee\/lt\/wp-json\/wp\/v2\/product_tag?post=34518"}],"curies":[{"name":"wp","href":"https:\/\/api.w.org\/{rel}","templated":true}]}}