{"id":34509,"date":"2025-01-17T11:07:00","date_gmt":"2025-01-17T09:07:00","guid":{"rendered":"https:\/\/test.puhdasplus.ee\/\/tooted\/be-kategorijos\/kuno-ir-masazo-aliejus-su-saldziuoju-apelsinu-ir-vanile-150-ml\/"},"modified":"2026-02-22T22:48:46","modified_gmt":"2026-02-22T20:48:46","slug":"kuno-ir-masazo-aliejus-su-saldziuoju-apelsinu-ir-vanile-150-ml","status":"publish","type":"product","link":"https:\/\/test.puhdasplus.ee\/lt\/tooted\/kosmetika-lt\/kuno-ir-masazo-aliejus-su-saldziuoju-apelsinu-ir-vanile-150-ml\/","title":{"rendered":"K\u016bno ir masa\u017eo aliejus su sald\u017eiuoju apelsinu ir vanile 150 ml"},"content":{"rendered":"<p>K\u016bno ir masa\u017eo aliejus su sald\u017eiaisiais apelsinais ir vanile \u2013 tai prabangiai kvepiantis ir giliai dr\u0117kinantis aliejus, kuris padeda atsipalaiduoti, pagerinti nuotaik\u0105 ir palepinti od\u0105. <strong data-start=\"299\" data-end=\"331\">Sald\u017ei\u0173j\u0173 apelsin\u0173 eterinis aliejus<\/strong> \u017einomas d\u0117l savo <strong data-start=\"346\" data-end=\"396\">gaivinan\u010di\u0173 ir stres\u0105 ma\u017einan\u010di\u0173 savybi\u0173<\/strong> , padedan\u010di\u0173 pakelti nuotaik\u0105 ir stimuliuoti poj\u016b\u010dius. <strong data-start=\"444\" data-end=\"463\">Vanil\u0117s ekstraktas<\/strong> suteikia \u0161ilt\u0105 ir raminant\u012f aromat\u0105, paversdamas masa\u017e\u0105 ar kasdien\u0119 k\u016bno prie\u017ei\u016bros ritual\u0105 maloniu ritualu. Maitinamoji formul\u0117 greitai \u012fsigeria, oda tampa \u0161velni kaip \u0161ilkas ir spindinti. Tinka visiems odos tipams ir idealiai tinka kaip masa\u017eo aliejus arba kasdienis k\u016bno dr\u0117kiklis.  <\/p>\n<h4 data-start=\"912\" data-end=\"941\"><strong data-start=\"917\" data-end=\"939\">Naudojimo instrukcijos:<\/strong><\/h4>\n<ol data-start=\"942\" data-end=\"1303\">\n<li data-start=\"942\" data-end=\"1064\"><strong data-start=\"945\" data-end=\"960\">Masa\u017eui:<\/strong> pa\u0161ildykite nedidel\u012f kiek\u012f aliejaus tarp deln\u0173 ir \u012fmasa\u017euokite \u012f od\u0105, kad suma\u017eintum\u0117te \u012ftamp\u0105 ir sudr\u0117kintum\u0117te.<\/li>\n<li data-start=\"1065\" data-end=\"1186\"><strong data-start=\"1068\" data-end=\"1088\">Kaip k\u016bno dr\u0117kiklis:<\/strong> tepkite aliej\u0173 ant \u0161varios, sausos odos po du\u0161o ar vonios, kad oda i\u0161likt\u0173 mink\u0161ta ir sudr\u0117kinta.<\/li>\n<li data-start=\"1187\" data-end=\"1303\"><strong data-start=\"1190\" data-end=\"1214\">Nuotaikai pakelti:<\/strong> \u0161velniai pamasa\u017euokite kakl\u0105 ir dekolt\u0117 srit\u012f, kad m\u0117gautum\u0117t\u0117s nat\u016bralia aromaterapija.<\/li>\n<\/ol>\n<h4 data-start=\"1305\" data-end=\"1348\"><strong data-start=\"1310\" data-end=\"1346\">Sudedamosios dalys ir j\u0173 nauda:<\/strong><\/h4>\n<ul data-start=\"1349\" data-end=\"1954\">\n<li data-start=\"1349\" data-end=\"1481\"><strong data-start=\"1351\" data-end=\"1401\">Citrus Sinensis (sald\u017ei\u0173j\u0173 apelsin\u0173 eterinis aliejus)<\/strong> \u2013 gaivina ir suteikia energijos, stimuliuoja kraujotak\u0105 ir ma\u017eina stres\u0105.<\/li>\n<li data-start=\"1482\" data-end=\"1591\"><strong data-start=\"1484\" data-end=\"1524\">Vanilla Planifolia (vanil\u0117s ekstraktas)<\/strong> \u2013 pasi\u017eymi raminan\u010diu ir atpalaiduojan\u010diu poveikiu, suteikia prabang\u0173 ir \u0161ilt\u0105 aromat\u0105.<\/li>\n<li data-start=\"1592\" data-end=\"1707\"><strong data-start=\"1594\" data-end=\"1638\">Prunus Amygdalus Dulcis (sald\u017ei\u0173j\u0173 migdol\u0173 aliejus)<\/strong> \u2013 giliai dr\u0117kina ir mink\u0161tina od\u0105, padeda atkurti jos elastingum\u0105.<\/li>\n<li data-start=\"1708\" data-end=\"1839\"><strong data-start=\"1710\" data-end=\"1750\">Vitis Vinifera (vynuogi\u0173 kauliuk\u0173 aliejus)<\/strong> \u2013 antioksidantais turtingas aliejus, kuris skatina odos atsinaujinim\u0105 ir apsaugo nuo aplinkos agresori\u0173.<\/li>\n<li data-start=\"1840\" data-end=\"1954\"><strong data-start=\"1842\" data-end=\"1869\">Tokoferolis (vitaminas E)<\/strong> \u2013 nat\u016bralus antioksidantas, dr\u0117kinantis od\u0105 ir apsaugantis j\u0105 nuo prie\u0161laikinio sen\u0117jimo.<\/li>\n<\/ul>\n","protected":false},"excerpt":{"rendered":"<p>Nat\u016bralus k\u016bno ir masa\u017eo aliejus su sald\u017eiuoju apelsinu ir vanile, kuris dr\u0117kina od\u0105, atpalaiduoja poj\u016b\u010dius ir sukuria prabangi\u0105 aromaterapijos patirt\u012f.<\/p>\n","protected":false},"featured_media":34512,"comment_status":"closed","ping_status":"closed","template":"","meta":{"_acf_changed":false},"product_brand":[],"product_cat":[2582,3282],"product_tag":[5290,5292,4102,2577,5268,5265,2563,5294,2756,5293,2753,5291],"class_list":{"0":"post-34509","1":"product","2":"type-product","3":"status-publish","4":"has-post-thumbnail","6":"product_cat-kosmetika-lt","7":"product_cat-oda-plaukai-nagai","8":"product_tag-apelsinu-aliejus","9":"product_tag-atpalaiduojantis-masazas","10":"product_tag-drekinamoji-prieziura","11":"product_tag-grynas-grozis","12":"product_tag-kuno-aliejus","13":"product_tag-masazo-aliejus","14":"product_tag-naturali-grozio-prieziura","15":"product_tag-naturalus-kuno-prausiklis-lt","16":"product_tag-nuotaikos-pakilimas","17":"product_tag-prabangi-prieziura","18":"product_tag-streso-mazinimas","19":"product_tag-vaniles-ekstraktas","21":"first","22":"onbackorder","23":"taxable","24":"shipping-taxable","25":"purchasable","26":"product-type-simple"},"acf":[],"yoast_head":"<!-- This site is optimized with the Yoast SEO plugin v27.1.1 - https:\/\/yoast.com\/product\/yoast-seo-wordpress\/ -->\n<title>K\u016bno ir masa\u017eo aliejus su sald\u017eiuoju apelsinu ir vanile 150 ml - Puhdas+<\/title>\n<meta name=\"description\" content=\"K\u016bno ir masa\u017eo aliejus su sald\u017eiaisiais apelsinais ir vanile (150 ml) dr\u0117kina od\u0105, atpalaiduoja poj\u016b\u010dius ir suteikia prabangi\u0105 aromaterapij\u0105.\" \/>\n<meta name=\"robots\" content=\"noindex, follow, max-snippet:-1, max-image-preview:large, max-video-preview:-1\" \/>\n<meta property=\"og:locale\" content=\"lt_LT\" \/>\n<meta property=\"og:type\" content=\"article\" \/>\n<meta property=\"og:title\" content=\"K\u016bno ir masa\u017eo aliejus su sald\u017eiuoju apelsinu ir vanile 150 ml - Puhdas+\" \/>\n<meta property=\"og:description\" content=\"K\u016bno ir masa\u017eo aliejus su sald\u017eiaisiais apelsinais ir vanile (150 ml) dr\u0117kina od\u0105, atpalaiduoja poj\u016b\u010dius ir suteikia prabangi\u0105 aromaterapij\u0105.\" \/>\n<meta property=\"og:url\" content=\"https:\/\/test.puhdasplus.ee\/lt\/tooted\/kosmetika-lt\/kuno-ir-masazo-aliejus-su-saldziuoju-apelsinu-ir-vanile-150-ml\/\" \/>\n<meta property=\"og:site_name\" content=\"Puhdas+\" \/>\n<meta property=\"article:publisher\" content=\"https:\/\/www.facebook.com\/puhdasplus\" \/>\n<meta property=\"article:modified_time\" content=\"2026-02-22T20:48:46+00:00\" \/>\n<meta property=\"og:image\" content=\"https:\/\/test.puhdasplus.ee\/wp-content\/uploads\/2025\/03\/128.jpg\" \/>\n\t<meta property=\"og:image:width\" content=\"1862\" \/>\n\t<meta property=\"og:image:height\" content=\"2560\" \/>\n\t<meta property=\"og:image:type\" content=\"image\/jpeg\" \/>\n<meta name=\"twitter:card\" content=\"summary_large_image\" \/>\n<meta name=\"twitter:label1\" content=\"Est. reading time\" \/>\n\t<meta name=\"twitter:data1\" content=\"1 minut\u0117\" \/>\n<script type=\"application\/ld+json\" class=\"yoast-schema-graph\">{\"@context\":\"https:\/\/schema.org\",\"@graph\":[{\"@type\":\"WebPage\",\"@id\":\"https:\/\/test.puhdasplus.ee\/lt\/tooted\/kosmetika-lt\/kuno-ir-masazo-aliejus-su-saldziuoju-apelsinu-ir-vanile-150-ml\/\",\"url\":\"https:\/\/test.puhdasplus.ee\/lt\/tooted\/kosmetika-lt\/kuno-ir-masazo-aliejus-su-saldziuoju-apelsinu-ir-vanile-150-ml\/\",\"name\":\"K\u016bno ir masa\u017eo aliejus su sald\u017eiuoju apelsinu ir vanile 150 ml - Puhdas+\",\"isPartOf\":{\"@id\":\"https:\/\/test.puhdasplus.ee\/lt\/#website\"},\"primaryImageOfPage\":{\"@id\":\"https:\/\/test.puhdasplus.ee\/lt\/tooted\/kosmetika-lt\/kuno-ir-masazo-aliejus-su-saldziuoju-apelsinu-ir-vanile-150-ml\/#primaryimage\"},\"image\":{\"@id\":\"https:\/\/test.puhdasplus.ee\/lt\/tooted\/kosmetika-lt\/kuno-ir-masazo-aliejus-su-saldziuoju-apelsinu-ir-vanile-150-ml\/#primaryimage\"},\"thumbnailUrl\":\"https:\/\/test.puhdasplus.ee\/wp-content\/uploads\/2025\/03\/128.jpg\",\"datePublished\":\"2025-01-17T09:07:00+00:00\",\"dateModified\":\"2026-02-22T20:48:46+00:00\",\"description\":\"K\u016bno ir masa\u017eo aliejus su sald\u017eiaisiais apelsinais ir vanile (150 ml) dr\u0117kina od\u0105, atpalaiduoja poj\u016b\u010dius ir suteikia prabangi\u0105 aromaterapij\u0105.\",\"breadcrumb\":{\"@id\":\"https:\/\/test.puhdasplus.ee\/lt\/tooted\/kosmetika-lt\/kuno-ir-masazo-aliejus-su-saldziuoju-apelsinu-ir-vanile-150-ml\/#breadcrumb\"},\"inLanguage\":\"lt-LT\",\"potentialAction\":[{\"@type\":\"ReadAction\",\"target\":[\"https:\/\/test.puhdasplus.ee\/lt\/tooted\/kosmetika-lt\/kuno-ir-masazo-aliejus-su-saldziuoju-apelsinu-ir-vanile-150-ml\/\"]}]},{\"@type\":\"ImageObject\",\"inLanguage\":\"lt-LT\",\"@id\":\"https:\/\/test.puhdasplus.ee\/lt\/tooted\/kosmetika-lt\/kuno-ir-masazo-aliejus-su-saldziuoju-apelsinu-ir-vanile-150-ml\/#primaryimage\",\"url\":\"https:\/\/test.puhdasplus.ee\/wp-content\/uploads\/2025\/03\/128.jpg\",\"contentUrl\":\"https:\/\/test.puhdasplus.ee\/wp-content\/uploads\/2025\/03\/128.jpg\",\"width\":1862,\"height\":2560,\"caption\":\"k\u016bno masa\u017eo aliejus\"},{\"@type\":\"BreadcrumbList\",\"@id\":\"https:\/\/test.puhdasplus.ee\/lt\/tooted\/kosmetika-lt\/kuno-ir-masazo-aliejus-su-saldziuoju-apelsinu-ir-vanile-150-ml\/#breadcrumb\",\"itemListElement\":[{\"@type\":\"ListItem\",\"position\":1,\"name\":\"Prad\u017eia\",\"item\":\"https:\/\/test.puhdasplus.ee\/lt\/\"},{\"@type\":\"ListItem\",\"position\":2,\"name\":\"Produktai\",\"item\":\"https:\/\/test.puhdasplus.ee\/lt\/parduotuve\/\"},{\"@type\":\"ListItem\",\"position\":3,\"name\":\"K\u016bno ir masa\u017eo aliejus su sald\u017eiuoju apelsinu ir vanile 150 ml\"}]},{\"@type\":\"WebSite\",\"@id\":\"https:\/\/test.puhdasplus.ee\/lt\/#website\",\"url\":\"https:\/\/test.puhdasplus.ee\/lt\/\",\"name\":\"Puhdas+\",\"description\":\"Vitamiinid, Toidulisandid, looduskosmeetika, tervis, sport\",\"publisher\":{\"@id\":\"https:\/\/test.puhdasplus.ee\/lt\/#organization\"},\"potentialAction\":[{\"@type\":\"SearchAction\",\"target\":{\"@type\":\"EntryPoint\",\"urlTemplate\":\"https:\/\/test.puhdasplus.ee\/lt\/?s={search_term_string}\"},\"query-input\":{\"@type\":\"PropertyValueSpecification\",\"valueRequired\":true,\"valueName\":\"search_term_string\"}}],\"inLanguage\":\"lt-LT\"},{\"@type\":\"Organization\",\"@id\":\"https:\/\/test.puhdasplus.ee\/lt\/#organization\",\"name\":\"Puhdas+\",\"alternateName\":\"Puhdasplus\",\"url\":\"https:\/\/test.puhdasplus.ee\/lt\/\",\"logo\":{\"@type\":\"ImageObject\",\"inLanguage\":\"lt-LT\",\"@id\":\"https:\/\/test.puhdasplus.ee\/lt\/#\/schema\/logo\/image\/\",\"url\":\"https:\/\/test.puhdasplus.ee\/\/wp-content\/uploads\/2019\/10\/puhdas_logo-arvele.png\",\"contentUrl\":\"https:\/\/test.puhdasplus.ee\/\/wp-content\/uploads\/2019\/10\/puhdas_logo-arvele.png\",\"width\":114,\"height\":94,\"caption\":\"Puhdas+\"},\"image\":{\"@id\":\"https:\/\/test.puhdasplus.ee\/lt\/#\/schema\/logo\/image\/\"},\"sameAs\":[\"https:\/\/www.facebook.com\/puhdasplus\",\"https:\/\/www.instagram.com\/puhdasplus_ee\/\"]}]}<\/script>\n<!-- \/ Yoast SEO plugin. -->","yoast_head_json":{"title":"K\u016bno ir masa\u017eo aliejus su sald\u017eiuoju apelsinu ir vanile 150 ml - Puhdas+","description":"K\u016bno ir masa\u017eo aliejus su sald\u017eiaisiais apelsinais ir vanile (150 ml) dr\u0117kina od\u0105, atpalaiduoja poj\u016b\u010dius ir suteikia prabangi\u0105 aromaterapij\u0105.","robots":{"index":"noindex","follow":"follow","max-snippet":"max-snippet:-1","max-image-preview":"max-image-preview:large","max-video-preview":"max-video-preview:-1"},"og_locale":"lt_LT","og_type":"article","og_title":"K\u016bno ir masa\u017eo aliejus su sald\u017eiuoju apelsinu ir vanile 150 ml - Puhdas+","og_description":"K\u016bno ir masa\u017eo aliejus su sald\u017eiaisiais apelsinais ir vanile (150 ml) dr\u0117kina od\u0105, atpalaiduoja poj\u016b\u010dius ir suteikia prabangi\u0105 aromaterapij\u0105.","og_url":"https:\/\/test.puhdasplus.ee\/lt\/tooted\/kosmetika-lt\/kuno-ir-masazo-aliejus-su-saldziuoju-apelsinu-ir-vanile-150-ml\/","og_site_name":"Puhdas+","article_publisher":"https:\/\/www.facebook.com\/puhdasplus","article_modified_time":"2026-02-22T20:48:46+00:00","og_image":[{"width":1862,"height":2560,"url":"https:\/\/test.puhdasplus.ee\/wp-content\/uploads\/2025\/03\/128.jpg","type":"image\/jpeg"}],"twitter_card":"summary_large_image","twitter_misc":{"Est. reading time":"1 minut\u0117"},"schema":{"@context":"https:\/\/schema.org","@graph":[{"@type":"WebPage","@id":"https:\/\/test.puhdasplus.ee\/lt\/tooted\/kosmetika-lt\/kuno-ir-masazo-aliejus-su-saldziuoju-apelsinu-ir-vanile-150-ml\/","url":"https:\/\/test.puhdasplus.ee\/lt\/tooted\/kosmetika-lt\/kuno-ir-masazo-aliejus-su-saldziuoju-apelsinu-ir-vanile-150-ml\/","name":"K\u016bno ir masa\u017eo aliejus su sald\u017eiuoju apelsinu ir vanile 150 ml - Puhdas+","isPartOf":{"@id":"https:\/\/test.puhdasplus.ee\/lt\/#website"},"primaryImageOfPage":{"@id":"https:\/\/test.puhdasplus.ee\/lt\/tooted\/kosmetika-lt\/kuno-ir-masazo-aliejus-su-saldziuoju-apelsinu-ir-vanile-150-ml\/#primaryimage"},"image":{"@id":"https:\/\/test.puhdasplus.ee\/lt\/tooted\/kosmetika-lt\/kuno-ir-masazo-aliejus-su-saldziuoju-apelsinu-ir-vanile-150-ml\/#primaryimage"},"thumbnailUrl":"https:\/\/test.puhdasplus.ee\/wp-content\/uploads\/2025\/03\/128.jpg","datePublished":"2025-01-17T09:07:00+00:00","dateModified":"2026-02-22T20:48:46+00:00","description":"K\u016bno ir masa\u017eo aliejus su sald\u017eiaisiais apelsinais ir vanile (150 ml) dr\u0117kina od\u0105, atpalaiduoja poj\u016b\u010dius ir suteikia prabangi\u0105 aromaterapij\u0105.","breadcrumb":{"@id":"https:\/\/test.puhdasplus.ee\/lt\/tooted\/kosmetika-lt\/kuno-ir-masazo-aliejus-su-saldziuoju-apelsinu-ir-vanile-150-ml\/#breadcrumb"},"inLanguage":"lt-LT","potentialAction":[{"@type":"ReadAction","target":["https:\/\/test.puhdasplus.ee\/lt\/tooted\/kosmetika-lt\/kuno-ir-masazo-aliejus-su-saldziuoju-apelsinu-ir-vanile-150-ml\/"]}]},{"@type":"ImageObject","inLanguage":"lt-LT","@id":"https:\/\/test.puhdasplus.ee\/lt\/tooted\/kosmetika-lt\/kuno-ir-masazo-aliejus-su-saldziuoju-apelsinu-ir-vanile-150-ml\/#primaryimage","url":"https:\/\/test.puhdasplus.ee\/wp-content\/uploads\/2025\/03\/128.jpg","contentUrl":"https:\/\/test.puhdasplus.ee\/wp-content\/uploads\/2025\/03\/128.jpg","width":1862,"height":2560,"caption":"k\u016bno masa\u017eo aliejus"},{"@type":"BreadcrumbList","@id":"https:\/\/test.puhdasplus.ee\/lt\/tooted\/kosmetika-lt\/kuno-ir-masazo-aliejus-su-saldziuoju-apelsinu-ir-vanile-150-ml\/#breadcrumb","itemListElement":[{"@type":"ListItem","position":1,"name":"Prad\u017eia","item":"https:\/\/test.puhdasplus.ee\/lt\/"},{"@type":"ListItem","position":2,"name":"Produktai","item":"https:\/\/test.puhdasplus.ee\/lt\/parduotuve\/"},{"@type":"ListItem","position":3,"name":"K\u016bno ir masa\u017eo aliejus su sald\u017eiuoju apelsinu ir vanile 150 ml"}]},{"@type":"WebSite","@id":"https:\/\/test.puhdasplus.ee\/lt\/#website","url":"https:\/\/test.puhdasplus.ee\/lt\/","name":"Puhdas+","description":"Vitamiinid, Toidulisandid, looduskosmeetika, tervis, sport","publisher":{"@id":"https:\/\/test.puhdasplus.ee\/lt\/#organization"},"potentialAction":[{"@type":"SearchAction","target":{"@type":"EntryPoint","urlTemplate":"https:\/\/test.puhdasplus.ee\/lt\/?s={search_term_string}"},"query-input":{"@type":"PropertyValueSpecification","valueRequired":true,"valueName":"search_term_string"}}],"inLanguage":"lt-LT"},{"@type":"Organization","@id":"https:\/\/test.puhdasplus.ee\/lt\/#organization","name":"Puhdas+","alternateName":"Puhdasplus","url":"https:\/\/test.puhdasplus.ee\/lt\/","logo":{"@type":"ImageObject","inLanguage":"lt-LT","@id":"https:\/\/test.puhdasplus.ee\/lt\/#\/schema\/logo\/image\/","url":"https:\/\/test.puhdasplus.ee\/\/wp-content\/uploads\/2019\/10\/puhdas_logo-arvele.png","contentUrl":"https:\/\/test.puhdasplus.ee\/\/wp-content\/uploads\/2019\/10\/puhdas_logo-arvele.png","width":114,"height":94,"caption":"Puhdas+"},"image":{"@id":"https:\/\/test.puhdasplus.ee\/lt\/#\/schema\/logo\/image\/"},"sameAs":["https:\/\/www.facebook.com\/puhdasplus","https:\/\/www.instagram.com\/puhdasplus_ee\/"]}]}},"_links":{"self":[{"href":"https:\/\/test.puhdasplus.ee\/lt\/wp-json\/wp\/v2\/product\/34509","targetHints":{"allow":["GET"]}}],"collection":[{"href":"https:\/\/test.puhdasplus.ee\/lt\/wp-json\/wp\/v2\/product"}],"about":[{"href":"https:\/\/test.puhdasplus.ee\/lt\/wp-json\/wp\/v2\/types\/product"}],"replies":[{"embeddable":true,"href":"https:\/\/test.puhdasplus.ee\/lt\/wp-json\/wp\/v2\/comments?post=34509"}],"wp:featuredmedia":[{"embeddable":true,"href":"https:\/\/test.puhdasplus.ee\/lt\/wp-json\/wp\/v2\/media\/34512"}],"wp:attachment":[{"href":"https:\/\/test.puhdasplus.ee\/lt\/wp-json\/wp\/v2\/media?parent=34509"}],"wp:term":[{"taxonomy":"product_brand","embeddable":true,"href":"https:\/\/test.puhdasplus.ee\/lt\/wp-json\/wp\/v2\/product_brand?post=34509"},{"taxonomy":"product_cat","embeddable":true,"href":"https:\/\/test.puhdasplus.ee\/lt\/wp-json\/wp\/v2\/product_cat?post=34509"},{"taxonomy":"product_tag","embeddable":true,"href":"https:\/\/test.puhdasplus.ee\/lt\/wp-json\/wp\/v2\/product_tag?post=34509"}],"curies":[{"name":"wp","href":"https:\/\/api.w.org\/{rel}","templated":true}]}}