{"id":34501,"date":"2025-01-17T11:01:48","date_gmt":"2025-01-17T09:01:48","guid":{"rendered":"https:\/\/test.puhdasplus.ee\/\/tooted\/be-kategorijos\/grozio-aliejus-ricinos-aliejus-50-ml\/"},"modified":"2026-02-22T22:49:38","modified_gmt":"2026-02-22T20:49:38","slug":"grozio-aliejus-ricinos-aliejus-50-ml","status":"publish","type":"product","link":"https:\/\/test.puhdasplus.ee\/lt\/tooted\/kosmetika-lt\/grozio-aliejus-ricinos-aliejus-50-ml\/","title":{"rendered":"Gro\u017eio aliejus Ricinos aliejus 50 ml"},"content":{"rendered":"<p data-start=\"103\" data-end=\"613\">Ricinos aliejus yra 100 % nat\u016bralus ir \u0161alto spaudimo aliejus, kuris stiprina blakstienas, antakius, plaukus ir nagus, suteikdamas jiems intensyv\u0173 dr\u0117kinim\u0105 ir apsaug\u0105. Ricinos aliejuje gausu <strong data-start=\"286\" data-end=\"300\">riebal\u0173 r\u016bg\u0161\u010di\u0173<\/strong> , <strong data-start=\"302\" data-end=\"317\">vitamino E<\/strong> ir <strong data-start=\"321\" data-end=\"340\">antioksidant\u0173<\/strong> , kurie maitina od\u0105, spartina blakstien\u0173 ir plauk\u0173 augim\u0105 bei padeda suma\u017einti sausum\u0105 ir dirginim\u0105. D\u0117l klampios sud\u0117ties jis sukuria apsaugin\u012f sluoksn\u012f, kuris palaiko od\u0105 ir plaukus mink\u0161tus ir elastingus. Tinka naudoti veidui, k\u016bnui, plaukams ir nagams.   <\/p>\n<h4 data-start=\"756\" data-end=\"785\"><strong data-start=\"761\" data-end=\"783\">Naudojimo instrukcijos:<\/strong><\/h4>\n<ol data-start=\"786\" data-end=\"1203\">\n<li data-start=\"786\" data-end=\"893\"><strong data-start=\"789\" data-end=\"817\">Blakstienoms ir antakiams:<\/strong> prie\u0161 eidami miegoti, \u0161velniai u\u017etepkite ant blakstien\u0173 ir antaki\u0173 ma\u017eu \u0161epet\u0117liu.<\/li>\n<li data-start=\"894\" data-end=\"1006\"><strong data-start=\"897\" data-end=\"923\">Plaukams ir galvos odai:<\/strong> \u012fmasa\u017euokite aliej\u0173 \u012f plauk\u0173 \u0161aknis ir palikite bent 30 minu\u010di\u0173 prie\u0161 plaunant.<\/li>\n<li data-start=\"1007\" data-end=\"1119\"><strong data-start=\"1010\" data-end=\"1033\">Nagams ir rankoms:<\/strong> \u012ftrinkite nedidel\u012f kiek\u012f aliejaus \u012f odeles ir nagus, kad juos sustiprintum\u0117te ir sudr\u0117kintum\u0117te.<\/li>\n<li data-start=\"1120\" data-end=\"1203\"><strong data-start=\"1123\" data-end=\"1134\">Odai:<\/strong> tepkite ant saus\u0173 viet\u0173, kad u\u017etikrintum\u0117te gil\u0173 dr\u0117kinim\u0105 ir apsaug\u0105.<\/li>\n<\/ol>\n<h4 data-start=\"1205\" data-end=\"1248\"><strong data-start=\"1210\" data-end=\"1246\">Sudedamosios dalys ir j\u0173 nauda:<\/strong><\/h4>\n<ul data-start=\"1249\" data-end=\"1586\">\n<li data-start=\"1249\" data-end=\"1373\"><strong data-start=\"1251\" data-end=\"1304\">100 % grynas ricinos (Ricinus Communis) s\u0117kl\u0173 aliejus<\/strong> \u2013 stiprina blakstienas, antakius ir plaukus bei skatina j\u0173 augim\u0105.<\/li>\n<li data-start=\"1374\" data-end=\"1477\"><strong data-start=\"1376\" data-end=\"1411\">Riebal\u0173 r\u016bg\u0161tys (Omega-9 ir Omega-6)<\/strong> \u2013 dr\u0117kina od\u0105 ir sukuria apsaugin\u012f sluoksn\u012f, kuris neleid\u017eia jai prarasti dr\u0117gm\u0117s.<\/li>\n<li data-start=\"1478\" data-end=\"1586\"><strong data-start=\"1480\" data-end=\"1494\">Vitaminas E<\/strong> \u2013 antioksidantas, apsaugantis od\u0105 ir plaukus nuo pa\u017eeidim\u0173 ir palaikantis j\u0173 sveikat\u0105.<\/li>\n<\/ul>\n","protected":false},"excerpt":{"rendered":"<p>Nat\u016bralus ricinos aliejus, kuris giliai dr\u0117kina, stiprina blakstienas, antakius ir plaukus bei skatina j\u0173 augim\u0105.<\/p>\n","protected":false},"featured_media":34505,"comment_status":"closed","ping_status":"closed","template":"","meta":{"_acf_changed":false},"product_brand":[],"product_cat":[2582,3282],"product_tag":[5281,2691,2577,2575,2563,2571,5283,3837,5284,5279,2561],"class_list":{"0":"post-34501","1":"product","2":"type-product","3":"status-publish","4":"has-post-thumbnail","6":"product_cat-kosmetika-lt","7":"product_cat-oda-plaukai-nagai","8":"product_tag-blakstienu-ir-antakiu-prieziura","9":"product_tag-gilus-drekinimas","10":"product_tag-grynas-grozis","11":"product_tag-nagu-prieziura","12":"product_tag-naturali-grozio-prieziura","13":"product_tag-naturalus-drekiklis","14":"product_tag-oda-apsaugantis-aliejus","15":"product_tag-plauku-stiprinimas","16":"product_tag-ricinos-aliejus-lt","17":"product_tag-ricinos-aliejus","18":"product_tag-vitaminas-e","20":"first","21":"onbackorder","22":"taxable","23":"shipping-taxable","24":"purchasable","25":"product-type-simple"},"acf":[],"yoast_head":"<!-- This site is optimized with the Yoast SEO plugin v27.1.1 - https:\/\/yoast.com\/product\/yoast-seo-wordpress\/ -->\n<title>Gro\u017eio aliejus Ricinos aliejus 50 ml - Puhdas+<\/title>\n<meta name=\"description\" content=\"Gro\u017eio aliejus Ricinos aliejus 50 ml yra 100 % nat\u016bralus aliejus, kuris stiprina blakstienas, antakius ir plaukus bei giliai dr\u0117kina od\u0105. Idealiai tinka kasdieniam naudojimui!\" \/>\n<meta name=\"robots\" content=\"noindex, follow, max-snippet:-1, max-image-preview:large, max-video-preview:-1\" \/>\n<meta property=\"og:locale\" content=\"lt_LT\" \/>\n<meta property=\"og:type\" content=\"article\" \/>\n<meta property=\"og:title\" content=\"Gro\u017eio aliejus Ricinos aliejus 50 ml - Puhdas+\" \/>\n<meta property=\"og:description\" content=\"Gro\u017eio aliejus Ricinos aliejus 50 ml yra 100 % nat\u016bralus aliejus, kuris stiprina blakstienas, antakius ir plaukus bei giliai dr\u0117kina od\u0105. Idealiai tinka kasdieniam naudojimui!\" \/>\n<meta property=\"og:url\" content=\"https:\/\/test.puhdasplus.ee\/lt\/tooted\/kosmetika-lt\/grozio-aliejus-ricinos-aliejus-50-ml\/\" \/>\n<meta property=\"og:site_name\" content=\"Puhdas+\" \/>\n<meta property=\"article:publisher\" content=\"https:\/\/www.facebook.com\/puhdasplus\" \/>\n<meta property=\"article:modified_time\" content=\"2026-02-22T20:49:38+00:00\" \/>\n<meta property=\"og:image\" content=\"https:\/\/test.puhdasplus.ee\/wp-content\/uploads\/2025\/03\/130.jpg\" \/>\n\t<meta property=\"og:image:width\" content=\"1862\" \/>\n\t<meta property=\"og:image:height\" content=\"2560\" \/>\n\t<meta property=\"og:image:type\" content=\"image\/jpeg\" \/>\n<meta name=\"twitter:card\" content=\"summary_large_image\" \/>\n<meta name=\"twitter:label1\" content=\"Est. reading time\" \/>\n\t<meta name=\"twitter:data1\" content=\"1 minut\u0117\" \/>\n<script type=\"application\/ld+json\" class=\"yoast-schema-graph\">{\"@context\":\"https:\/\/schema.org\",\"@graph\":[{\"@type\":\"WebPage\",\"@id\":\"https:\/\/test.puhdasplus.ee\/lt\/tooted\/kosmetika-lt\/grozio-aliejus-ricinos-aliejus-50-ml\/\",\"url\":\"https:\/\/test.puhdasplus.ee\/lt\/tooted\/kosmetika-lt\/grozio-aliejus-ricinos-aliejus-50-ml\/\",\"name\":\"Gro\u017eio aliejus Ricinos aliejus 50 ml - Puhdas+\",\"isPartOf\":{\"@id\":\"https:\/\/test.puhdasplus.ee\/lt\/#website\"},\"primaryImageOfPage\":{\"@id\":\"https:\/\/test.puhdasplus.ee\/lt\/tooted\/kosmetika-lt\/grozio-aliejus-ricinos-aliejus-50-ml\/#primaryimage\"},\"image\":{\"@id\":\"https:\/\/test.puhdasplus.ee\/lt\/tooted\/kosmetika-lt\/grozio-aliejus-ricinos-aliejus-50-ml\/#primaryimage\"},\"thumbnailUrl\":\"https:\/\/test.puhdasplus.ee\/wp-content\/uploads\/2025\/03\/130.jpg\",\"datePublished\":\"2025-01-17T09:01:48+00:00\",\"dateModified\":\"2026-02-22T20:49:38+00:00\",\"description\":\"Gro\u017eio aliejus Ricinos aliejus 50 ml yra 100 % nat\u016bralus aliejus, kuris stiprina blakstienas, antakius ir plaukus bei giliai dr\u0117kina od\u0105. Idealiai tinka kasdieniam naudojimui!\",\"breadcrumb\":{\"@id\":\"https:\/\/test.puhdasplus.ee\/lt\/tooted\/kosmetika-lt\/grozio-aliejus-ricinos-aliejus-50-ml\/#breadcrumb\"},\"inLanguage\":\"lt-LT\",\"potentialAction\":[{\"@type\":\"ReadAction\",\"target\":[\"https:\/\/test.puhdasplus.ee\/lt\/tooted\/kosmetika-lt\/grozio-aliejus-ricinos-aliejus-50-ml\/\"]}]},{\"@type\":\"ImageObject\",\"inLanguage\":\"lt-LT\",\"@id\":\"https:\/\/test.puhdasplus.ee\/lt\/tooted\/kosmetika-lt\/grozio-aliejus-ricinos-aliejus-50-ml\/#primaryimage\",\"url\":\"https:\/\/test.puhdasplus.ee\/wp-content\/uploads\/2025\/03\/130.jpg\",\"contentUrl\":\"https:\/\/test.puhdasplus.ee\/wp-content\/uploads\/2025\/03\/130.jpg\",\"width\":1862,\"height\":2560,\"caption\":\"Gro\u017eio aliejus Ricin\u0173 aliejus (Castor Oil)\"},{\"@type\":\"BreadcrumbList\",\"@id\":\"https:\/\/test.puhdasplus.ee\/lt\/tooted\/kosmetika-lt\/grozio-aliejus-ricinos-aliejus-50-ml\/#breadcrumb\",\"itemListElement\":[{\"@type\":\"ListItem\",\"position\":1,\"name\":\"Prad\u017eia\",\"item\":\"https:\/\/test.puhdasplus.ee\/lt\/\"},{\"@type\":\"ListItem\",\"position\":2,\"name\":\"Produktai\",\"item\":\"https:\/\/test.puhdasplus.ee\/lt\/parduotuve\/\"},{\"@type\":\"ListItem\",\"position\":3,\"name\":\"Gro\u017eio aliejus Ricinos aliejus 50 ml\"}]},{\"@type\":\"WebSite\",\"@id\":\"https:\/\/test.puhdasplus.ee\/lt\/#website\",\"url\":\"https:\/\/test.puhdasplus.ee\/lt\/\",\"name\":\"Puhdas+\",\"description\":\"Vitamiinid, Toidulisandid, looduskosmeetika, tervis, sport\",\"publisher\":{\"@id\":\"https:\/\/test.puhdasplus.ee\/lt\/#organization\"},\"potentialAction\":[{\"@type\":\"SearchAction\",\"target\":{\"@type\":\"EntryPoint\",\"urlTemplate\":\"https:\/\/test.puhdasplus.ee\/lt\/?s={search_term_string}\"},\"query-input\":{\"@type\":\"PropertyValueSpecification\",\"valueRequired\":true,\"valueName\":\"search_term_string\"}}],\"inLanguage\":\"lt-LT\"},{\"@type\":\"Organization\",\"@id\":\"https:\/\/test.puhdasplus.ee\/lt\/#organization\",\"name\":\"Puhdas+\",\"alternateName\":\"Puhdasplus\",\"url\":\"https:\/\/test.puhdasplus.ee\/lt\/\",\"logo\":{\"@type\":\"ImageObject\",\"inLanguage\":\"lt-LT\",\"@id\":\"https:\/\/test.puhdasplus.ee\/lt\/#\/schema\/logo\/image\/\",\"url\":\"https:\/\/test.puhdasplus.ee\/\/wp-content\/uploads\/2019\/10\/puhdas_logo-arvele.png\",\"contentUrl\":\"https:\/\/test.puhdasplus.ee\/\/wp-content\/uploads\/2019\/10\/puhdas_logo-arvele.png\",\"width\":114,\"height\":94,\"caption\":\"Puhdas+\"},\"image\":{\"@id\":\"https:\/\/test.puhdasplus.ee\/lt\/#\/schema\/logo\/image\/\"},\"sameAs\":[\"https:\/\/www.facebook.com\/puhdasplus\",\"https:\/\/www.instagram.com\/puhdasplus_ee\/\"]}]}<\/script>\n<!-- \/ Yoast SEO plugin. -->","yoast_head_json":{"title":"Gro\u017eio aliejus Ricinos aliejus 50 ml - Puhdas+","description":"Gro\u017eio aliejus Ricinos aliejus 50 ml yra 100 % nat\u016bralus aliejus, kuris stiprina blakstienas, antakius ir plaukus bei giliai dr\u0117kina od\u0105. Idealiai tinka kasdieniam naudojimui!","robots":{"index":"noindex","follow":"follow","max-snippet":"max-snippet:-1","max-image-preview":"max-image-preview:large","max-video-preview":"max-video-preview:-1"},"og_locale":"lt_LT","og_type":"article","og_title":"Gro\u017eio aliejus Ricinos aliejus 50 ml - Puhdas+","og_description":"Gro\u017eio aliejus Ricinos aliejus 50 ml yra 100 % nat\u016bralus aliejus, kuris stiprina blakstienas, antakius ir plaukus bei giliai dr\u0117kina od\u0105. Idealiai tinka kasdieniam naudojimui!","og_url":"https:\/\/test.puhdasplus.ee\/lt\/tooted\/kosmetika-lt\/grozio-aliejus-ricinos-aliejus-50-ml\/","og_site_name":"Puhdas+","article_publisher":"https:\/\/www.facebook.com\/puhdasplus","article_modified_time":"2026-02-22T20:49:38+00:00","og_image":[{"width":1862,"height":2560,"url":"https:\/\/test.puhdasplus.ee\/wp-content\/uploads\/2025\/03\/130.jpg","type":"image\/jpeg"}],"twitter_card":"summary_large_image","twitter_misc":{"Est. reading time":"1 minut\u0117"},"schema":{"@context":"https:\/\/schema.org","@graph":[{"@type":"WebPage","@id":"https:\/\/test.puhdasplus.ee\/lt\/tooted\/kosmetika-lt\/grozio-aliejus-ricinos-aliejus-50-ml\/","url":"https:\/\/test.puhdasplus.ee\/lt\/tooted\/kosmetika-lt\/grozio-aliejus-ricinos-aliejus-50-ml\/","name":"Gro\u017eio aliejus Ricinos aliejus 50 ml - Puhdas+","isPartOf":{"@id":"https:\/\/test.puhdasplus.ee\/lt\/#website"},"primaryImageOfPage":{"@id":"https:\/\/test.puhdasplus.ee\/lt\/tooted\/kosmetika-lt\/grozio-aliejus-ricinos-aliejus-50-ml\/#primaryimage"},"image":{"@id":"https:\/\/test.puhdasplus.ee\/lt\/tooted\/kosmetika-lt\/grozio-aliejus-ricinos-aliejus-50-ml\/#primaryimage"},"thumbnailUrl":"https:\/\/test.puhdasplus.ee\/wp-content\/uploads\/2025\/03\/130.jpg","datePublished":"2025-01-17T09:01:48+00:00","dateModified":"2026-02-22T20:49:38+00:00","description":"Gro\u017eio aliejus Ricinos aliejus 50 ml yra 100 % nat\u016bralus aliejus, kuris stiprina blakstienas, antakius ir plaukus bei giliai dr\u0117kina od\u0105. Idealiai tinka kasdieniam naudojimui!","breadcrumb":{"@id":"https:\/\/test.puhdasplus.ee\/lt\/tooted\/kosmetika-lt\/grozio-aliejus-ricinos-aliejus-50-ml\/#breadcrumb"},"inLanguage":"lt-LT","potentialAction":[{"@type":"ReadAction","target":["https:\/\/test.puhdasplus.ee\/lt\/tooted\/kosmetika-lt\/grozio-aliejus-ricinos-aliejus-50-ml\/"]}]},{"@type":"ImageObject","inLanguage":"lt-LT","@id":"https:\/\/test.puhdasplus.ee\/lt\/tooted\/kosmetika-lt\/grozio-aliejus-ricinos-aliejus-50-ml\/#primaryimage","url":"https:\/\/test.puhdasplus.ee\/wp-content\/uploads\/2025\/03\/130.jpg","contentUrl":"https:\/\/test.puhdasplus.ee\/wp-content\/uploads\/2025\/03\/130.jpg","width":1862,"height":2560,"caption":"Gro\u017eio aliejus Ricin\u0173 aliejus (Castor Oil)"},{"@type":"BreadcrumbList","@id":"https:\/\/test.puhdasplus.ee\/lt\/tooted\/kosmetika-lt\/grozio-aliejus-ricinos-aliejus-50-ml\/#breadcrumb","itemListElement":[{"@type":"ListItem","position":1,"name":"Prad\u017eia","item":"https:\/\/test.puhdasplus.ee\/lt\/"},{"@type":"ListItem","position":2,"name":"Produktai","item":"https:\/\/test.puhdasplus.ee\/lt\/parduotuve\/"},{"@type":"ListItem","position":3,"name":"Gro\u017eio aliejus Ricinos aliejus 50 ml"}]},{"@type":"WebSite","@id":"https:\/\/test.puhdasplus.ee\/lt\/#website","url":"https:\/\/test.puhdasplus.ee\/lt\/","name":"Puhdas+","description":"Vitamiinid, Toidulisandid, looduskosmeetika, tervis, sport","publisher":{"@id":"https:\/\/test.puhdasplus.ee\/lt\/#organization"},"potentialAction":[{"@type":"SearchAction","target":{"@type":"EntryPoint","urlTemplate":"https:\/\/test.puhdasplus.ee\/lt\/?s={search_term_string}"},"query-input":{"@type":"PropertyValueSpecification","valueRequired":true,"valueName":"search_term_string"}}],"inLanguage":"lt-LT"},{"@type":"Organization","@id":"https:\/\/test.puhdasplus.ee\/lt\/#organization","name":"Puhdas+","alternateName":"Puhdasplus","url":"https:\/\/test.puhdasplus.ee\/lt\/","logo":{"@type":"ImageObject","inLanguage":"lt-LT","@id":"https:\/\/test.puhdasplus.ee\/lt\/#\/schema\/logo\/image\/","url":"https:\/\/test.puhdasplus.ee\/\/wp-content\/uploads\/2019\/10\/puhdas_logo-arvele.png","contentUrl":"https:\/\/test.puhdasplus.ee\/\/wp-content\/uploads\/2019\/10\/puhdas_logo-arvele.png","width":114,"height":94,"caption":"Puhdas+"},"image":{"@id":"https:\/\/test.puhdasplus.ee\/lt\/#\/schema\/logo\/image\/"},"sameAs":["https:\/\/www.facebook.com\/puhdasplus","https:\/\/www.instagram.com\/puhdasplus_ee\/"]}]}},"_links":{"self":[{"href":"https:\/\/test.puhdasplus.ee\/lt\/wp-json\/wp\/v2\/product\/34501","targetHints":{"allow":["GET"]}}],"collection":[{"href":"https:\/\/test.puhdasplus.ee\/lt\/wp-json\/wp\/v2\/product"}],"about":[{"href":"https:\/\/test.puhdasplus.ee\/lt\/wp-json\/wp\/v2\/types\/product"}],"replies":[{"embeddable":true,"href":"https:\/\/test.puhdasplus.ee\/lt\/wp-json\/wp\/v2\/comments?post=34501"}],"wp:featuredmedia":[{"embeddable":true,"href":"https:\/\/test.puhdasplus.ee\/lt\/wp-json\/wp\/v2\/media\/34505"}],"wp:attachment":[{"href":"https:\/\/test.puhdasplus.ee\/lt\/wp-json\/wp\/v2\/media?parent=34501"}],"wp:term":[{"taxonomy":"product_brand","embeddable":true,"href":"https:\/\/test.puhdasplus.ee\/lt\/wp-json\/wp\/v2\/product_brand?post=34501"},{"taxonomy":"product_cat","embeddable":true,"href":"https:\/\/test.puhdasplus.ee\/lt\/wp-json\/wp\/v2\/product_cat?post=34501"},{"taxonomy":"product_tag","embeddable":true,"href":"https:\/\/test.puhdasplus.ee\/lt\/wp-json\/wp\/v2\/product_tag?post=34501"}],"curies":[{"name":"wp","href":"https:\/\/api.w.org\/{rel}","templated":true}]}}