{"id":34494,"date":"2025-01-17T11:05:05","date_gmt":"2025-01-17T09:05:05","guid":{"rendered":"https:\/\/test.puhdasplus.ee\/\/tooted\/be-kategorijos\/kuno-ir-masazo-aliejus-su-levandomis-150-ml\/"},"modified":"2026-02-22T22:49:00","modified_gmt":"2026-02-22T20:49:00","slug":"kuno-ir-masazo-aliejus-su-levandomis-150-ml","status":"publish","type":"product","link":"https:\/\/test.puhdasplus.ee\/lt\/tooted\/kosmetika-lt\/kuno-ir-masazo-aliejus-su-levandomis-150-ml\/","title":{"rendered":"K\u016bno ir masa\u017eo aliejus su levandomis 150 ml"},"content":{"rendered":"<p>Atpalaiduojantis levand\u0173 k\u016bno ir masa\u017eo aliejus yra nat\u016braliai raminanti ir dr\u0117kinanti proced\u016bra, padedanti atsipalaiduoti ir suma\u017einti \u012ftamp\u0105. Levand\u0173 eterinis aliejus yra \u017einomas d\u0117l savo <strong data-start=\"304\" data-end=\"327\">stres\u0105 ma\u017einan\u010di\u0173<\/strong> , <strong data-start=\"329\" data-end=\"349\">prie\u0161u\u017edegimini\u0173<\/strong> ir <strong data-start=\"353\" data-end=\"377\">raminam\u0173j\u0173 savybi\u0173<\/strong> , kurios prisideda prie gilaus atsipalaidavimo ir geresn\u0117s miego kokyb\u0117s. Lengva ir maitinanti formul\u0117 greitai \u012fsigeria, tod\u0117l oda tampa \u0161velni kaip \u0161ilkas ir sudr\u0117kinta. Idealiai tinka kaip masa\u017eo aliejus arba kasdien\u0117 k\u016bno proced\u016bra, suteikianti odai gil\u0173 dr\u0117kinim\u0105 ir raminant\u012f aromaterapin\u012f poveik\u012f.   <\/p>\n<h4 data-start=\"826\" data-end=\"855\"><strong data-start=\"831\" data-end=\"853\">Naudojimo instrukcijos:<\/strong><\/h4>\n<ol data-start=\"856\" data-end=\"1170\">\n<li data-start=\"856\" data-end=\"955\"><strong data-start=\"859\" data-end=\"874\">Masa\u017eui:<\/strong> nedidel\u012f kiek\u012f aliejaus u\u017etepkite ant deln\u0173, pa\u0161ildykite ir \u0161velniai \u012fmasa\u017euokite \u012f od\u0105.<\/li>\n<li data-start=\"956\" data-end=\"1061\"><strong data-start=\"959\" data-end=\"979\">Kaip k\u016bno dr\u0117kiklis:<\/strong> tepkite ant \u0161varios, sausos odos po prausimosi, kad giliai sudr\u0117kintum\u0117te.<\/li>\n<li data-start=\"1062\" data-end=\"1170\"><strong data-start=\"1065\" data-end=\"1088\">Prie\u0161 mieg\u0105:<\/strong> masa\u017euokite kakl\u0105 ir kr\u016btin\u0119, kad atsipalaiduotum\u0117te ir ramiai u\u017emigtum\u0117te.<\/li>\n<\/ol>\n<h4 data-start=\"1172\" data-end=\"1215\"><strong data-start=\"1177\" data-end=\"1213\">Sudedamosios dalys ir j\u0173 nauda:<\/strong><\/h4>\n<ul data-start=\"1216\" data-end=\"1685\">\n<li data-start=\"1216\" data-end=\"1320\"><strong data-start=\"1218\" data-end=\"1258\">Lavandula Angustifolia (levand\u0173 aliejus)<\/strong> \u2013 ramina, ma\u017eina stres\u0105 ir skatina geresn\u012f mieg\u0105.<\/li>\n<li data-start=\"1321\" data-end=\"1436\"><strong data-start=\"1323\" data-end=\"1367\">Prunus Amygdalus Dulcis (sald\u017ei\u0173j\u0173 migdol\u0173 aliejus)<\/strong> \u2013 giliai dr\u0117kina ir mink\u0161tina od\u0105, padeda atkurti odos elastingum\u0105.<\/li>\n<li data-start=\"1437\" data-end=\"1570\"><strong data-start=\"1439\" data-end=\"1479\">Vitis Vinifera (vynuogi\u0173 kauliuk\u0173 aliejus)<\/strong> \u2013 gausus antioksidant\u0173, skatina odos regeneracij\u0105 ir apsaugo nuo aplinkos agresori\u0173.<\/li>\n<li data-start=\"1571\" data-end=\"1685\"><strong data-start=\"1573\" data-end=\"1600\">Tokoferolis (vitaminas E)<\/strong> \u2013 nat\u016bralus antioksidantas, dr\u0117kinantis od\u0105 ir apsaugantis j\u0105 nuo prie\u0161laikinio sen\u0117jimo.<\/li>\n<\/ul>\n","protected":false},"excerpt":{"rendered":"<p>Nat\u016bralus k\u016bno ir masa\u017eo aliejus su levand\u0173 aliejumi, kuris dr\u0117kina od\u0105 ir atpalaiduoja poj\u016b\u010dius, padeda suma\u017einti stres\u0105 ir \u012ftamp\u0105.<\/p>\n","protected":false},"featured_media":34497,"comment_status":"closed","ping_status":"closed","template":"","meta":{"_acf_changed":false},"product_brand":[],"product_cat":[2582,3282],"product_tag":[4102,5263,5269,2577,5268,5264,5265,2563,5267,4454,5266],"class_list":{"0":"post-34494","1":"product","2":"type-product","3":"status-publish","4":"has-post-thumbnail","6":"product_cat-kosmetika-lt","7":"product_cat-oda-plaukai-nagai","8":"product_tag-drekinamoji-prieziura","9":"product_tag-gerinant-miego-kokybe","10":"product_tag-gilus-atsipalaidavimas","11":"product_tag-grynas-grozis","12":"product_tag-kuno-aliejus","13":"product_tag-levandu-aliejus","14":"product_tag-masazo-aliejus","15":"product_tag-naturali-grozio-prieziura","16":"product_tag-naturalus-atsipalaidavimas","17":"product_tag-naturalus-kuno-prausiklis","18":"product_tag-streso-mazinimas-lt","20":"first","21":"onbackorder","22":"taxable","23":"shipping-taxable","24":"purchasable","25":"product-type-simple"},"acf":[],"yoast_head":"<!-- This site is optimized with the Yoast SEO plugin v27.1.1 - https:\/\/yoast.com\/product\/yoast-seo-wordpress\/ -->\n<title>K\u016bno ir masa\u017eo aliejus su levandomis 150 ml - Puhdas+<\/title>\n<meta name=\"description\" content=\"K\u016bno ir masa\u017eo aliejus su atpalaiduojan\u010dia levanda 150 ml ramina, dr\u0117kina ir padeda suma\u017einti \u012ftamp\u0105. Nat\u016brali prie\u017ei\u016bra geresniam miegui ir atsipalaidavimui!\" \/>\n<meta name=\"robots\" content=\"noindex, follow, max-snippet:-1, max-image-preview:large, max-video-preview:-1\" \/>\n<meta property=\"og:locale\" content=\"lt_LT\" \/>\n<meta property=\"og:type\" content=\"article\" \/>\n<meta property=\"og:title\" content=\"K\u016bno ir masa\u017eo aliejus su levandomis 150 ml - Puhdas+\" \/>\n<meta property=\"og:description\" content=\"K\u016bno ir masa\u017eo aliejus su atpalaiduojan\u010dia levanda 150 ml ramina, dr\u0117kina ir padeda suma\u017einti \u012ftamp\u0105. Nat\u016brali prie\u017ei\u016bra geresniam miegui ir atsipalaidavimui!\" \/>\n<meta property=\"og:url\" content=\"https:\/\/test.puhdasplus.ee\/lt\/tooted\/kosmetika-lt\/kuno-ir-masazo-aliejus-su-levandomis-150-ml\/\" \/>\n<meta property=\"og:site_name\" content=\"Puhdas+\" \/>\n<meta property=\"article:publisher\" content=\"https:\/\/www.facebook.com\/puhdasplus\" \/>\n<meta property=\"article:modified_time\" content=\"2026-02-22T20:49:00+00:00\" \/>\n<meta property=\"og:image\" content=\"https:\/\/test.puhdasplus.ee\/wp-content\/uploads\/2025\/03\/129.jpg\" \/>\n\t<meta property=\"og:image:width\" content=\"1862\" \/>\n\t<meta property=\"og:image:height\" content=\"2560\" \/>\n\t<meta property=\"og:image:type\" content=\"image\/jpeg\" \/>\n<meta name=\"twitter:card\" content=\"summary_large_image\" \/>\n<meta name=\"twitter:label1\" content=\"Est. reading time\" \/>\n\t<meta name=\"twitter:data1\" content=\"1 minut\u0117\" \/>\n<script type=\"application\/ld+json\" class=\"yoast-schema-graph\">{\"@context\":\"https:\/\/schema.org\",\"@graph\":[{\"@type\":\"WebPage\",\"@id\":\"https:\/\/test.puhdasplus.ee\/lt\/tooted\/kosmetika-lt\/kuno-ir-masazo-aliejus-su-levandomis-150-ml\/\",\"url\":\"https:\/\/test.puhdasplus.ee\/lt\/tooted\/kosmetika-lt\/kuno-ir-masazo-aliejus-su-levandomis-150-ml\/\",\"name\":\"K\u016bno ir masa\u017eo aliejus su levandomis 150 ml - Puhdas+\",\"isPartOf\":{\"@id\":\"https:\/\/test.puhdasplus.ee\/lt\/#website\"},\"primaryImageOfPage\":{\"@id\":\"https:\/\/test.puhdasplus.ee\/lt\/tooted\/kosmetika-lt\/kuno-ir-masazo-aliejus-su-levandomis-150-ml\/#primaryimage\"},\"image\":{\"@id\":\"https:\/\/test.puhdasplus.ee\/lt\/tooted\/kosmetika-lt\/kuno-ir-masazo-aliejus-su-levandomis-150-ml\/#primaryimage\"},\"thumbnailUrl\":\"https:\/\/test.puhdasplus.ee\/wp-content\/uploads\/2025\/03\/129.jpg\",\"datePublished\":\"2025-01-17T09:05:05+00:00\",\"dateModified\":\"2026-02-22T20:49:00+00:00\",\"description\":\"K\u016bno ir masa\u017eo aliejus su atpalaiduojan\u010dia levanda 150 ml ramina, dr\u0117kina ir padeda suma\u017einti \u012ftamp\u0105. Nat\u016brali prie\u017ei\u016bra geresniam miegui ir atsipalaidavimui!\",\"breadcrumb\":{\"@id\":\"https:\/\/test.puhdasplus.ee\/lt\/tooted\/kosmetika-lt\/kuno-ir-masazo-aliejus-su-levandomis-150-ml\/#breadcrumb\"},\"inLanguage\":\"lt-LT\",\"potentialAction\":[{\"@type\":\"ReadAction\",\"target\":[\"https:\/\/test.puhdasplus.ee\/lt\/tooted\/kosmetika-lt\/kuno-ir-masazo-aliejus-su-levandomis-150-ml\/\"]}]},{\"@type\":\"ImageObject\",\"inLanguage\":\"lt-LT\",\"@id\":\"https:\/\/test.puhdasplus.ee\/lt\/tooted\/kosmetika-lt\/kuno-ir-masazo-aliejus-su-levandomis-150-ml\/#primaryimage\",\"url\":\"https:\/\/test.puhdasplus.ee\/wp-content\/uploads\/2025\/03\/129.jpg\",\"contentUrl\":\"https:\/\/test.puhdasplus.ee\/wp-content\/uploads\/2025\/03\/129.jpg\",\"width\":1862,\"height\":2560,\"caption\":\"K\u016bno ir masa\u017eo aliejus su levandomis\"},{\"@type\":\"BreadcrumbList\",\"@id\":\"https:\/\/test.puhdasplus.ee\/lt\/tooted\/kosmetika-lt\/kuno-ir-masazo-aliejus-su-levandomis-150-ml\/#breadcrumb\",\"itemListElement\":[{\"@type\":\"ListItem\",\"position\":1,\"name\":\"Prad\u017eia\",\"item\":\"https:\/\/test.puhdasplus.ee\/lt\/\"},{\"@type\":\"ListItem\",\"position\":2,\"name\":\"Produktai\",\"item\":\"https:\/\/test.puhdasplus.ee\/lt\/parduotuve\/\"},{\"@type\":\"ListItem\",\"position\":3,\"name\":\"K\u016bno ir masa\u017eo aliejus su levandomis 150 ml\"}]},{\"@type\":\"WebSite\",\"@id\":\"https:\/\/test.puhdasplus.ee\/lt\/#website\",\"url\":\"https:\/\/test.puhdasplus.ee\/lt\/\",\"name\":\"Puhdas+\",\"description\":\"Vitamiinid, Toidulisandid, looduskosmeetika, tervis, sport\",\"publisher\":{\"@id\":\"https:\/\/test.puhdasplus.ee\/lt\/#organization\"},\"potentialAction\":[{\"@type\":\"SearchAction\",\"target\":{\"@type\":\"EntryPoint\",\"urlTemplate\":\"https:\/\/test.puhdasplus.ee\/lt\/?s={search_term_string}\"},\"query-input\":{\"@type\":\"PropertyValueSpecification\",\"valueRequired\":true,\"valueName\":\"search_term_string\"}}],\"inLanguage\":\"lt-LT\"},{\"@type\":\"Organization\",\"@id\":\"https:\/\/test.puhdasplus.ee\/lt\/#organization\",\"name\":\"Puhdas+\",\"alternateName\":\"Puhdasplus\",\"url\":\"https:\/\/test.puhdasplus.ee\/lt\/\",\"logo\":{\"@type\":\"ImageObject\",\"inLanguage\":\"lt-LT\",\"@id\":\"https:\/\/test.puhdasplus.ee\/lt\/#\/schema\/logo\/image\/\",\"url\":\"https:\/\/test.puhdasplus.ee\/\/wp-content\/uploads\/2019\/10\/puhdas_logo-arvele.png\",\"contentUrl\":\"https:\/\/test.puhdasplus.ee\/\/wp-content\/uploads\/2019\/10\/puhdas_logo-arvele.png\",\"width\":114,\"height\":94,\"caption\":\"Puhdas+\"},\"image\":{\"@id\":\"https:\/\/test.puhdasplus.ee\/lt\/#\/schema\/logo\/image\/\"},\"sameAs\":[\"https:\/\/www.facebook.com\/puhdasplus\",\"https:\/\/www.instagram.com\/puhdasplus_ee\/\"]}]}<\/script>\n<!-- \/ Yoast SEO plugin. -->","yoast_head_json":{"title":"K\u016bno ir masa\u017eo aliejus su levandomis 150 ml - Puhdas+","description":"K\u016bno ir masa\u017eo aliejus su atpalaiduojan\u010dia levanda 150 ml ramina, dr\u0117kina ir padeda suma\u017einti \u012ftamp\u0105. Nat\u016brali prie\u017ei\u016bra geresniam miegui ir atsipalaidavimui!","robots":{"index":"noindex","follow":"follow","max-snippet":"max-snippet:-1","max-image-preview":"max-image-preview:large","max-video-preview":"max-video-preview:-1"},"og_locale":"lt_LT","og_type":"article","og_title":"K\u016bno ir masa\u017eo aliejus su levandomis 150 ml - Puhdas+","og_description":"K\u016bno ir masa\u017eo aliejus su atpalaiduojan\u010dia levanda 150 ml ramina, dr\u0117kina ir padeda suma\u017einti \u012ftamp\u0105. Nat\u016brali prie\u017ei\u016bra geresniam miegui ir atsipalaidavimui!","og_url":"https:\/\/test.puhdasplus.ee\/lt\/tooted\/kosmetika-lt\/kuno-ir-masazo-aliejus-su-levandomis-150-ml\/","og_site_name":"Puhdas+","article_publisher":"https:\/\/www.facebook.com\/puhdasplus","article_modified_time":"2026-02-22T20:49:00+00:00","og_image":[{"width":1862,"height":2560,"url":"https:\/\/test.puhdasplus.ee\/wp-content\/uploads\/2025\/03\/129.jpg","type":"image\/jpeg"}],"twitter_card":"summary_large_image","twitter_misc":{"Est. reading time":"1 minut\u0117"},"schema":{"@context":"https:\/\/schema.org","@graph":[{"@type":"WebPage","@id":"https:\/\/test.puhdasplus.ee\/lt\/tooted\/kosmetika-lt\/kuno-ir-masazo-aliejus-su-levandomis-150-ml\/","url":"https:\/\/test.puhdasplus.ee\/lt\/tooted\/kosmetika-lt\/kuno-ir-masazo-aliejus-su-levandomis-150-ml\/","name":"K\u016bno ir masa\u017eo aliejus su levandomis 150 ml - Puhdas+","isPartOf":{"@id":"https:\/\/test.puhdasplus.ee\/lt\/#website"},"primaryImageOfPage":{"@id":"https:\/\/test.puhdasplus.ee\/lt\/tooted\/kosmetika-lt\/kuno-ir-masazo-aliejus-su-levandomis-150-ml\/#primaryimage"},"image":{"@id":"https:\/\/test.puhdasplus.ee\/lt\/tooted\/kosmetika-lt\/kuno-ir-masazo-aliejus-su-levandomis-150-ml\/#primaryimage"},"thumbnailUrl":"https:\/\/test.puhdasplus.ee\/wp-content\/uploads\/2025\/03\/129.jpg","datePublished":"2025-01-17T09:05:05+00:00","dateModified":"2026-02-22T20:49:00+00:00","description":"K\u016bno ir masa\u017eo aliejus su atpalaiduojan\u010dia levanda 150 ml ramina, dr\u0117kina ir padeda suma\u017einti \u012ftamp\u0105. Nat\u016brali prie\u017ei\u016bra geresniam miegui ir atsipalaidavimui!","breadcrumb":{"@id":"https:\/\/test.puhdasplus.ee\/lt\/tooted\/kosmetika-lt\/kuno-ir-masazo-aliejus-su-levandomis-150-ml\/#breadcrumb"},"inLanguage":"lt-LT","potentialAction":[{"@type":"ReadAction","target":["https:\/\/test.puhdasplus.ee\/lt\/tooted\/kosmetika-lt\/kuno-ir-masazo-aliejus-su-levandomis-150-ml\/"]}]},{"@type":"ImageObject","inLanguage":"lt-LT","@id":"https:\/\/test.puhdasplus.ee\/lt\/tooted\/kosmetika-lt\/kuno-ir-masazo-aliejus-su-levandomis-150-ml\/#primaryimage","url":"https:\/\/test.puhdasplus.ee\/wp-content\/uploads\/2025\/03\/129.jpg","contentUrl":"https:\/\/test.puhdasplus.ee\/wp-content\/uploads\/2025\/03\/129.jpg","width":1862,"height":2560,"caption":"K\u016bno ir masa\u017eo aliejus su levandomis"},{"@type":"BreadcrumbList","@id":"https:\/\/test.puhdasplus.ee\/lt\/tooted\/kosmetika-lt\/kuno-ir-masazo-aliejus-su-levandomis-150-ml\/#breadcrumb","itemListElement":[{"@type":"ListItem","position":1,"name":"Prad\u017eia","item":"https:\/\/test.puhdasplus.ee\/lt\/"},{"@type":"ListItem","position":2,"name":"Produktai","item":"https:\/\/test.puhdasplus.ee\/lt\/parduotuve\/"},{"@type":"ListItem","position":3,"name":"K\u016bno ir masa\u017eo aliejus su levandomis 150 ml"}]},{"@type":"WebSite","@id":"https:\/\/test.puhdasplus.ee\/lt\/#website","url":"https:\/\/test.puhdasplus.ee\/lt\/","name":"Puhdas+","description":"Vitamiinid, Toidulisandid, looduskosmeetika, tervis, sport","publisher":{"@id":"https:\/\/test.puhdasplus.ee\/lt\/#organization"},"potentialAction":[{"@type":"SearchAction","target":{"@type":"EntryPoint","urlTemplate":"https:\/\/test.puhdasplus.ee\/lt\/?s={search_term_string}"},"query-input":{"@type":"PropertyValueSpecification","valueRequired":true,"valueName":"search_term_string"}}],"inLanguage":"lt-LT"},{"@type":"Organization","@id":"https:\/\/test.puhdasplus.ee\/lt\/#organization","name":"Puhdas+","alternateName":"Puhdasplus","url":"https:\/\/test.puhdasplus.ee\/lt\/","logo":{"@type":"ImageObject","inLanguage":"lt-LT","@id":"https:\/\/test.puhdasplus.ee\/lt\/#\/schema\/logo\/image\/","url":"https:\/\/test.puhdasplus.ee\/\/wp-content\/uploads\/2019\/10\/puhdas_logo-arvele.png","contentUrl":"https:\/\/test.puhdasplus.ee\/\/wp-content\/uploads\/2019\/10\/puhdas_logo-arvele.png","width":114,"height":94,"caption":"Puhdas+"},"image":{"@id":"https:\/\/test.puhdasplus.ee\/lt\/#\/schema\/logo\/image\/"},"sameAs":["https:\/\/www.facebook.com\/puhdasplus","https:\/\/www.instagram.com\/puhdasplus_ee\/"]}]}},"_links":{"self":[{"href":"https:\/\/test.puhdasplus.ee\/lt\/wp-json\/wp\/v2\/product\/34494","targetHints":{"allow":["GET"]}}],"collection":[{"href":"https:\/\/test.puhdasplus.ee\/lt\/wp-json\/wp\/v2\/product"}],"about":[{"href":"https:\/\/test.puhdasplus.ee\/lt\/wp-json\/wp\/v2\/types\/product"}],"replies":[{"embeddable":true,"href":"https:\/\/test.puhdasplus.ee\/lt\/wp-json\/wp\/v2\/comments?post=34494"}],"wp:featuredmedia":[{"embeddable":true,"href":"https:\/\/test.puhdasplus.ee\/lt\/wp-json\/wp\/v2\/media\/34497"}],"wp:attachment":[{"href":"https:\/\/test.puhdasplus.ee\/lt\/wp-json\/wp\/v2\/media?parent=34494"}],"wp:term":[{"taxonomy":"product_brand","embeddable":true,"href":"https:\/\/test.puhdasplus.ee\/lt\/wp-json\/wp\/v2\/product_brand?post=34494"},{"taxonomy":"product_cat","embeddable":true,"href":"https:\/\/test.puhdasplus.ee\/lt\/wp-json\/wp\/v2\/product_cat?post=34494"},{"taxonomy":"product_tag","embeddable":true,"href":"https:\/\/test.puhdasplus.ee\/lt\/wp-json\/wp\/v2\/product_tag?post=34494"}],"curies":[{"name":"wp","href":"https:\/\/api.w.org\/{rel}","templated":true}]}}