{"id":34485,"date":"2025-01-17T10:58:37","date_gmt":"2025-01-17T08:58:37","guid":{"rendered":"https:\/\/test.puhdasplus.ee\/\/tooted\/be-kategorijos\/grozio-aliejus-argano-aliejus-50-ml\/"},"modified":"2026-02-22T22:49:29","modified_gmt":"2026-02-22T20:49:29","slug":"grozio-aliejus-argano-aliejus-50-ml","status":"publish","type":"product","link":"https:\/\/test.puhdasplus.ee\/lt\/tooted\/kosmetika-lt\/grozio-aliejus-argano-aliejus-50-ml\/","title":{"rendered":"Gro\u017eio aliejus Argano aliejus 50 ml"},"content":{"rendered":"<p>Gro\u017eio aliejus Argano aliejus yra 100 % nat\u016bralus ir \u0161alto spaudimo gro\u017eio aliejus, kuris giliai dr\u0117kina, atkuria odos elastingum\u0105 ir suteikia plaukams sveik\u0105 blizges\u012f. Argano aliejus yra gausus <strong data-start=\"278\" data-end=\"293\">vitamino E<\/strong> , <strong data-start=\"295\" data-end=\"322\">nepakei\u010diam\u0173j\u0173 riebal\u0173 r\u016bg\u0161\u010di\u0173<\/strong> ir <strong data-start=\"326\" data-end=\"345\">antioksidant\u0173<\/strong> , kurie padeda suma\u017einti odos sausum\u0105, apsaugoti nuo sen\u0117jimo po\u017eymi\u0173 ir stiprinti plaukus. D\u0117l lengvos sud\u0117ties jis greitai \u012fsigeria, tod\u0117l oda tampa \u0161ilkiniai \u0161velni ir spindinti. Tinka visiems odos tipams, ypa\u010d sausai ir brand\u017eiai odai. Taip pat idealiai tinka plauk\u0173 ir nag\u0173 prie\u017ei\u016brai.    <\/p>\n<h4 data-start=\"779\" data-end=\"808\"><strong data-start=\"784\" data-end=\"806\">Naudojimo instrukcijos:<\/strong><\/h4>\n<ol data-start=\"809\" data-end=\"1204\">\n<li data-start=\"809\" data-end=\"911\"><strong data-start=\"812\" data-end=\"832\">Veidui ir k\u016bnui:<\/strong> u\u017etepkite kelis la\u0161us aliejaus ant \u0161varios odos ir \u0161velniai masa\u017euokite, kol \u012fsigers.<\/li>\n<li data-start=\"912\" data-end=\"1016\"><strong data-start=\"915\" data-end=\"928\">Plaukams:<\/strong> \u012etrinkite nedidel\u012f kiek\u012f aliejaus \u012f plauk\u0173 galiukus, kad suma\u017eintum\u0117te sausum\u0105 ir i\u0161laikytum\u0117te elastingum\u0105.<\/li>\n<li data-start=\"1017\" data-end=\"1111\"><strong data-start=\"1020\" data-end=\"1034\">Galvos odai:<\/strong> prie\u0161 plovim\u0105 \u012fmasa\u017euokite aliej\u0173 \u012f galvos od\u0105, kad sudr\u0117kintum\u0117te ir sustiprintum\u0117te plauk\u0173 \u0161aknis.<\/li>\n<li data-start=\"1112\" data-end=\"1204\"><strong data-start=\"1115\" data-end=\"1128\">Nagams:<\/strong> patepkite nag\u0173 plok\u0161teles ir odeles aliejumi, kad jas pamaitintum\u0117te ir sustiprintum\u0117te.<\/li>\n<\/ol>\n<h4 data-start=\"1206\" data-end=\"1249\"><strong data-start=\"1211\" data-end=\"1247\">Sudedamosios dalys ir j\u0173 nauda:<\/strong><\/h4>\n<ul data-start=\"1250\" data-end=\"1624\">\n<li data-start=\"1250\" data-end=\"1383\"><strong data-start=\"1252\" data-end=\"1306\">100 % grynas Argania Spinosa (argano med\u017eio) s\u0117kl\u0173 aliejus<\/strong> \u2013 giliai dr\u0117kinantis ir maitinantis aliejus, padedantis atkurti odos ir plauk\u0173 gyvybingum\u0105.<\/li>\n<li data-start=\"1384\" data-end=\"1501\"><strong data-start=\"1386\" data-end=\"1400\">Vitaminas E<\/strong> \u2013 galingas antioksidantas, apsaugantis od\u0105 nuo laisv\u0173j\u0173 radikal\u0173 ir stabdantis prie\u0161laikin\u012f sen\u0117jim\u0105.<\/li>\n<li data-start=\"1502\" data-end=\"1624\"><strong data-start=\"1504\" data-end=\"1551\">Esmin\u0117s riebal\u0173 r\u016bg\u0161tys (Omega-6 ir Omega-9)<\/strong> \u2013 padeda atkurti odos dr\u0117gm\u0117s balans\u0105 ir pagerinti jos elastingum\u0105.<\/li>\n<\/ul>\n","protected":false},"excerpt":{"rendered":"<p>Nat\u016bralus ir giliai dr\u0117kinantis argano aliejus maitina od\u0105, stiprina plaukus ir suteikia jiems sveiko blizgesio.<\/p>\n","protected":false},"featured_media":34488,"comment_status":"closed","ping_status":"closed","template":"","meta":{"_acf_changed":false},"product_brand":[],"product_cat":[2582],"product_tag":[2697,5253,5252,2700,2577,2575,2563,2584,2668,2562,2669,2561],"class_list":{"0":"post-34485","1":"product","2":"type-product","3":"status-publish","4":"has-post-thumbnail","6":"product_cat-kosmetika-lt","7":"product_tag-antioksidantinis-aliejus","8":"product_tag-argano-aliejus","9":"product_tag-atkuriamoji-prieziura","10":"product_tag-drekinamasis-aliejus","11":"product_tag-grynas-grozis","12":"product_tag-nagu-prieziura","13":"product_tag-naturali-grozio-prieziura","14":"product_tag-naturali-odos-prieziura","15":"product_tag-odos-elastingumas","16":"product_tag-plauku-prieziura","17":"product_tag-rauksliu-prevencijos-priemone","18":"product_tag-vitaminas-e","20":"first","21":"onbackorder","22":"taxable","23":"shipping-taxable","24":"purchasable","25":"product-type-simple"},"acf":[],"yoast_head":"<!-- This site is optimized with the Yoast SEO plugin v27.1.1 - https:\/\/yoast.com\/product\/yoast-seo-wordpress\/ -->\n<title>Gro\u017eio aliejus Argano aliejus 50 ml - Puhdas+<\/title>\n<meta name=\"description\" content=\"Gro\u017eio aliejus Argano aliejus 50 ml yra 100 % nat\u016bralus ir giliai dr\u0117kinantis gro\u017eio aliejus, kuris maitina od\u0105, stiprina plaukus ir apsaugo nuo sen\u0117jimo.\" \/>\n<meta name=\"robots\" content=\"noindex, follow, max-snippet:-1, max-image-preview:large, max-video-preview:-1\" \/>\n<meta property=\"og:locale\" content=\"lt_LT\" \/>\n<meta property=\"og:type\" content=\"article\" \/>\n<meta property=\"og:title\" content=\"Gro\u017eio aliejus Argano aliejus 50 ml - Puhdas+\" \/>\n<meta property=\"og:description\" content=\"Gro\u017eio aliejus Argano aliejus 50 ml yra 100 % nat\u016bralus ir giliai dr\u0117kinantis gro\u017eio aliejus, kuris maitina od\u0105, stiprina plaukus ir apsaugo nuo sen\u0117jimo.\" \/>\n<meta property=\"og:url\" content=\"https:\/\/test.puhdasplus.ee\/lt\/tooted\/kosmetika-lt\/grozio-aliejus-argano-aliejus-50-ml\/\" \/>\n<meta property=\"og:site_name\" content=\"Puhdas+\" \/>\n<meta property=\"article:publisher\" content=\"https:\/\/www.facebook.com\/puhdasplus\" \/>\n<meta property=\"article:modified_time\" content=\"2026-02-22T20:49:29+00:00\" \/>\n<meta property=\"og:image\" content=\"https:\/\/test.puhdasplus.ee\/wp-content\/uploads\/2025\/03\/131.jpg\" \/>\n\t<meta property=\"og:image:width\" content=\"1862\" \/>\n\t<meta property=\"og:image:height\" content=\"2560\" \/>\n\t<meta property=\"og:image:type\" content=\"image\/jpeg\" \/>\n<meta name=\"twitter:card\" content=\"summary_large_image\" \/>\n<meta name=\"twitter:label1\" content=\"Est. reading time\" \/>\n\t<meta name=\"twitter:data1\" content=\"1 minut\u0117\" \/>\n<script type=\"application\/ld+json\" class=\"yoast-schema-graph\">{\"@context\":\"https:\/\/schema.org\",\"@graph\":[{\"@type\":\"WebPage\",\"@id\":\"https:\/\/test.puhdasplus.ee\/lt\/tooted\/kosmetika-lt\/grozio-aliejus-argano-aliejus-50-ml\/\",\"url\":\"https:\/\/test.puhdasplus.ee\/lt\/tooted\/kosmetika-lt\/grozio-aliejus-argano-aliejus-50-ml\/\",\"name\":\"Gro\u017eio aliejus Argano aliejus 50 ml - Puhdas+\",\"isPartOf\":{\"@id\":\"https:\/\/test.puhdasplus.ee\/lt\/#website\"},\"primaryImageOfPage\":{\"@id\":\"https:\/\/test.puhdasplus.ee\/lt\/tooted\/kosmetika-lt\/grozio-aliejus-argano-aliejus-50-ml\/#primaryimage\"},\"image\":{\"@id\":\"https:\/\/test.puhdasplus.ee\/lt\/tooted\/kosmetika-lt\/grozio-aliejus-argano-aliejus-50-ml\/#primaryimage\"},\"thumbnailUrl\":\"https:\/\/test.puhdasplus.ee\/wp-content\/uploads\/2025\/03\/131.jpg\",\"datePublished\":\"2025-01-17T08:58:37+00:00\",\"dateModified\":\"2026-02-22T20:49:29+00:00\",\"description\":\"Gro\u017eio aliejus Argano aliejus 50 ml yra 100 % nat\u016bralus ir giliai dr\u0117kinantis gro\u017eio aliejus, kuris maitina od\u0105, stiprina plaukus ir apsaugo nuo sen\u0117jimo.\",\"breadcrumb\":{\"@id\":\"https:\/\/test.puhdasplus.ee\/lt\/tooted\/kosmetika-lt\/grozio-aliejus-argano-aliejus-50-ml\/#breadcrumb\"},\"inLanguage\":\"lt-LT\",\"potentialAction\":[{\"@type\":\"ReadAction\",\"target\":[\"https:\/\/test.puhdasplus.ee\/lt\/tooted\/kosmetika-lt\/grozio-aliejus-argano-aliejus-50-ml\/\"]}]},{\"@type\":\"ImageObject\",\"inLanguage\":\"lt-LT\",\"@id\":\"https:\/\/test.puhdasplus.ee\/lt\/tooted\/kosmetika-lt\/grozio-aliejus-argano-aliejus-50-ml\/#primaryimage\",\"url\":\"https:\/\/test.puhdasplus.ee\/wp-content\/uploads\/2025\/03\/131.jpg\",\"contentUrl\":\"https:\/\/test.puhdasplus.ee\/wp-content\/uploads\/2025\/03\/131.jpg\",\"width\":1862,\"height\":2560,\"caption\":\"Gro\u017eio argan\u0173 aliejus\"},{\"@type\":\"BreadcrumbList\",\"@id\":\"https:\/\/test.puhdasplus.ee\/lt\/tooted\/kosmetika-lt\/grozio-aliejus-argano-aliejus-50-ml\/#breadcrumb\",\"itemListElement\":[{\"@type\":\"ListItem\",\"position\":1,\"name\":\"Prad\u017eia\",\"item\":\"https:\/\/test.puhdasplus.ee\/lt\/\"},{\"@type\":\"ListItem\",\"position\":2,\"name\":\"Produktai\",\"item\":\"https:\/\/test.puhdasplus.ee\/lt\/parduotuve\/\"},{\"@type\":\"ListItem\",\"position\":3,\"name\":\"Gro\u017eio aliejus Argano aliejus 50 ml\"}]},{\"@type\":\"WebSite\",\"@id\":\"https:\/\/test.puhdasplus.ee\/lt\/#website\",\"url\":\"https:\/\/test.puhdasplus.ee\/lt\/\",\"name\":\"Puhdas+\",\"description\":\"Vitamiinid, Toidulisandid, looduskosmeetika, tervis, sport\",\"publisher\":{\"@id\":\"https:\/\/test.puhdasplus.ee\/lt\/#organization\"},\"potentialAction\":[{\"@type\":\"SearchAction\",\"target\":{\"@type\":\"EntryPoint\",\"urlTemplate\":\"https:\/\/test.puhdasplus.ee\/lt\/?s={search_term_string}\"},\"query-input\":{\"@type\":\"PropertyValueSpecification\",\"valueRequired\":true,\"valueName\":\"search_term_string\"}}],\"inLanguage\":\"lt-LT\"},{\"@type\":\"Organization\",\"@id\":\"https:\/\/test.puhdasplus.ee\/lt\/#organization\",\"name\":\"Puhdas+\",\"alternateName\":\"Puhdasplus\",\"url\":\"https:\/\/test.puhdasplus.ee\/lt\/\",\"logo\":{\"@type\":\"ImageObject\",\"inLanguage\":\"lt-LT\",\"@id\":\"https:\/\/test.puhdasplus.ee\/lt\/#\/schema\/logo\/image\/\",\"url\":\"https:\/\/test.puhdasplus.ee\/\/wp-content\/uploads\/2019\/10\/puhdas_logo-arvele.png\",\"contentUrl\":\"https:\/\/test.puhdasplus.ee\/\/wp-content\/uploads\/2019\/10\/puhdas_logo-arvele.png\",\"width\":114,\"height\":94,\"caption\":\"Puhdas+\"},\"image\":{\"@id\":\"https:\/\/test.puhdasplus.ee\/lt\/#\/schema\/logo\/image\/\"},\"sameAs\":[\"https:\/\/www.facebook.com\/puhdasplus\",\"https:\/\/www.instagram.com\/puhdasplus_ee\/\"]}]}<\/script>\n<!-- \/ Yoast SEO plugin. -->","yoast_head_json":{"title":"Gro\u017eio aliejus Argano aliejus 50 ml - Puhdas+","description":"Gro\u017eio aliejus Argano aliejus 50 ml yra 100 % nat\u016bralus ir giliai dr\u0117kinantis gro\u017eio aliejus, kuris maitina od\u0105, stiprina plaukus ir apsaugo nuo sen\u0117jimo.","robots":{"index":"noindex","follow":"follow","max-snippet":"max-snippet:-1","max-image-preview":"max-image-preview:large","max-video-preview":"max-video-preview:-1"},"og_locale":"lt_LT","og_type":"article","og_title":"Gro\u017eio aliejus Argano aliejus 50 ml - Puhdas+","og_description":"Gro\u017eio aliejus Argano aliejus 50 ml yra 100 % nat\u016bralus ir giliai dr\u0117kinantis gro\u017eio aliejus, kuris maitina od\u0105, stiprina plaukus ir apsaugo nuo sen\u0117jimo.","og_url":"https:\/\/test.puhdasplus.ee\/lt\/tooted\/kosmetika-lt\/grozio-aliejus-argano-aliejus-50-ml\/","og_site_name":"Puhdas+","article_publisher":"https:\/\/www.facebook.com\/puhdasplus","article_modified_time":"2026-02-22T20:49:29+00:00","og_image":[{"width":1862,"height":2560,"url":"https:\/\/test.puhdasplus.ee\/wp-content\/uploads\/2025\/03\/131.jpg","type":"image\/jpeg"}],"twitter_card":"summary_large_image","twitter_misc":{"Est. reading time":"1 minut\u0117"},"schema":{"@context":"https:\/\/schema.org","@graph":[{"@type":"WebPage","@id":"https:\/\/test.puhdasplus.ee\/lt\/tooted\/kosmetika-lt\/grozio-aliejus-argano-aliejus-50-ml\/","url":"https:\/\/test.puhdasplus.ee\/lt\/tooted\/kosmetika-lt\/grozio-aliejus-argano-aliejus-50-ml\/","name":"Gro\u017eio aliejus Argano aliejus 50 ml - Puhdas+","isPartOf":{"@id":"https:\/\/test.puhdasplus.ee\/lt\/#website"},"primaryImageOfPage":{"@id":"https:\/\/test.puhdasplus.ee\/lt\/tooted\/kosmetika-lt\/grozio-aliejus-argano-aliejus-50-ml\/#primaryimage"},"image":{"@id":"https:\/\/test.puhdasplus.ee\/lt\/tooted\/kosmetika-lt\/grozio-aliejus-argano-aliejus-50-ml\/#primaryimage"},"thumbnailUrl":"https:\/\/test.puhdasplus.ee\/wp-content\/uploads\/2025\/03\/131.jpg","datePublished":"2025-01-17T08:58:37+00:00","dateModified":"2026-02-22T20:49:29+00:00","description":"Gro\u017eio aliejus Argano aliejus 50 ml yra 100 % nat\u016bralus ir giliai dr\u0117kinantis gro\u017eio aliejus, kuris maitina od\u0105, stiprina plaukus ir apsaugo nuo sen\u0117jimo.","breadcrumb":{"@id":"https:\/\/test.puhdasplus.ee\/lt\/tooted\/kosmetika-lt\/grozio-aliejus-argano-aliejus-50-ml\/#breadcrumb"},"inLanguage":"lt-LT","potentialAction":[{"@type":"ReadAction","target":["https:\/\/test.puhdasplus.ee\/lt\/tooted\/kosmetika-lt\/grozio-aliejus-argano-aliejus-50-ml\/"]}]},{"@type":"ImageObject","inLanguage":"lt-LT","@id":"https:\/\/test.puhdasplus.ee\/lt\/tooted\/kosmetika-lt\/grozio-aliejus-argano-aliejus-50-ml\/#primaryimage","url":"https:\/\/test.puhdasplus.ee\/wp-content\/uploads\/2025\/03\/131.jpg","contentUrl":"https:\/\/test.puhdasplus.ee\/wp-content\/uploads\/2025\/03\/131.jpg","width":1862,"height":2560,"caption":"Gro\u017eio argan\u0173 aliejus"},{"@type":"BreadcrumbList","@id":"https:\/\/test.puhdasplus.ee\/lt\/tooted\/kosmetika-lt\/grozio-aliejus-argano-aliejus-50-ml\/#breadcrumb","itemListElement":[{"@type":"ListItem","position":1,"name":"Prad\u017eia","item":"https:\/\/test.puhdasplus.ee\/lt\/"},{"@type":"ListItem","position":2,"name":"Produktai","item":"https:\/\/test.puhdasplus.ee\/lt\/parduotuve\/"},{"@type":"ListItem","position":3,"name":"Gro\u017eio aliejus Argano aliejus 50 ml"}]},{"@type":"WebSite","@id":"https:\/\/test.puhdasplus.ee\/lt\/#website","url":"https:\/\/test.puhdasplus.ee\/lt\/","name":"Puhdas+","description":"Vitamiinid, Toidulisandid, looduskosmeetika, tervis, sport","publisher":{"@id":"https:\/\/test.puhdasplus.ee\/lt\/#organization"},"potentialAction":[{"@type":"SearchAction","target":{"@type":"EntryPoint","urlTemplate":"https:\/\/test.puhdasplus.ee\/lt\/?s={search_term_string}"},"query-input":{"@type":"PropertyValueSpecification","valueRequired":true,"valueName":"search_term_string"}}],"inLanguage":"lt-LT"},{"@type":"Organization","@id":"https:\/\/test.puhdasplus.ee\/lt\/#organization","name":"Puhdas+","alternateName":"Puhdasplus","url":"https:\/\/test.puhdasplus.ee\/lt\/","logo":{"@type":"ImageObject","inLanguage":"lt-LT","@id":"https:\/\/test.puhdasplus.ee\/lt\/#\/schema\/logo\/image\/","url":"https:\/\/test.puhdasplus.ee\/\/wp-content\/uploads\/2019\/10\/puhdas_logo-arvele.png","contentUrl":"https:\/\/test.puhdasplus.ee\/\/wp-content\/uploads\/2019\/10\/puhdas_logo-arvele.png","width":114,"height":94,"caption":"Puhdas+"},"image":{"@id":"https:\/\/test.puhdasplus.ee\/lt\/#\/schema\/logo\/image\/"},"sameAs":["https:\/\/www.facebook.com\/puhdasplus","https:\/\/www.instagram.com\/puhdasplus_ee\/"]}]}},"_links":{"self":[{"href":"https:\/\/test.puhdasplus.ee\/lt\/wp-json\/wp\/v2\/product\/34485","targetHints":{"allow":["GET"]}}],"collection":[{"href":"https:\/\/test.puhdasplus.ee\/lt\/wp-json\/wp\/v2\/product"}],"about":[{"href":"https:\/\/test.puhdasplus.ee\/lt\/wp-json\/wp\/v2\/types\/product"}],"replies":[{"embeddable":true,"href":"https:\/\/test.puhdasplus.ee\/lt\/wp-json\/wp\/v2\/comments?post=34485"}],"wp:featuredmedia":[{"embeddable":true,"href":"https:\/\/test.puhdasplus.ee\/lt\/wp-json\/wp\/v2\/media\/34488"}],"wp:attachment":[{"href":"https:\/\/test.puhdasplus.ee\/lt\/wp-json\/wp\/v2\/media?parent=34485"}],"wp:term":[{"taxonomy":"product_brand","embeddable":true,"href":"https:\/\/test.puhdasplus.ee\/lt\/wp-json\/wp\/v2\/product_brand?post=34485"},{"taxonomy":"product_cat","embeddable":true,"href":"https:\/\/test.puhdasplus.ee\/lt\/wp-json\/wp\/v2\/product_cat?post=34485"},{"taxonomy":"product_tag","embeddable":true,"href":"https:\/\/test.puhdasplus.ee\/lt\/wp-json\/wp\/v2\/product_tag?post=34485"}],"curies":[{"name":"wp","href":"https:\/\/api.w.org\/{rel}","templated":true}]}}