{"id":34167,"date":"2022-08-06T20:52:01","date_gmt":"2022-08-06T17:52:01","guid":{"rendered":"https:\/\/test.puhdasplus.ee\/\/tooted\/be-kategorijos\/quattro-magnis-150-g\/"},"modified":"2026-02-27T13:12:34","modified_gmt":"2026-02-27T11:12:34","slug":"quattro-magnis-150-g","status":"publish","type":"product","link":"https:\/\/test.puhdasplus.ee\/lt\/tooted\/mineralai\/magnis\/quattro-magnis-150-g\/","title":{"rendered":"Quattro Magnis 150 g"},"content":{"rendered":"<h2>Kas yra \u201ePure+ Quattro\u201c magnio milteliai ir kod\u0117l jie naudingi?<\/h2>\n<p class=\"\" data-start=\"365\" data-end=\"900\">\u201eQuattro Magnesium\u201c \u2013 tai auk\u0161tos kokyb\u0117s ir universal\u016bs magnio milteliai, kurie \u012fvairiais lygmenimis palaiko organizmo veikl\u0105 \u2013 padeda palaikyti normali\u0105 raumen\u0173 funkcij\u0105, stiprina nerv\u0173 sistem\u0105 ir padeda ma\u017einti nuovarg\u012f bei i\u0161sekim\u0105. Produkte yra <b>keturios skirtingos magnio formos<\/b> : malatas, bisglicinatas, tauratas ir gliukonatas. <\/p>\n<p class=\"\" data-start=\"902\" data-end=\"1273\">Magnis yra gyvybi\u0161kai svarbus mineralas, kuris padeda <b>palaikyti energijos gamyb\u0105<\/b> , <b>normali\u0105 nerv\u0173 sistemos ir raumen\u0173 funkcij\u0105<\/b> bei <b>normali\u0105 kaul\u0173<\/b> b\u016bkl\u0119.<\/p>\n<p class=\"\" data-start=\"1275\" data-end=\"1583\">Milteli\u0173 pavidalo produkt\u0105 <b>lengva mai\u0161yti su vandeniu, sultimis ar kokteiliais<\/b> , tod\u0117l tai geras pasirinkimas tiems, kurie renkasi geriam\u0105j\u012f variant\u0105, o ne kapsules. Gryna ir be pried\u0173 formul\u0117 taip pat tinka vegetarams ir \u017emon\u0117ms, turintiems jautri\u0105 vir\u0161kinim\u0105. <\/p>\n<p data-start=\"192\" data-end=\"269\"><strong data-start=\"192\" data-end=\"267\">Keturi\u0173 skirting\u0173 magnio form\u0173 derinys suteikia universal\u0173 palaikym\u0105:<\/strong><\/p>\n<ul data-start=\"271\" data-end=\"623\">\n<li data-start=\"271\" data-end=\"341\">\n<p data-start=\"273\" data-end=\"341\"><strong data-start=\"273\" data-end=\"294\">Magnio malatas<\/strong> \u2013 padeda palaikyti normali\u0105 energijos apykait\u0105.<\/p>\n<\/li>\n<li data-start=\"342\" data-end=\"439\">\n<p data-start=\"344\" data-end=\"439\"><strong data-start=\"344\" data-end=\"371\">Magnio bisglicinatas<\/strong> \u2013 gerai toleruojama magnio forma, tinkama vartoti kasdien.<\/p>\n<\/li>\n<li data-start=\"440\" data-end=\"532\">\n<p data-start=\"442\" data-end=\"532\"><strong data-start=\"442\" data-end=\"463\">Magnio tauratas<\/strong> \u2013 kartu su taurinu palaiko normali\u0105 nerv\u0173 sistemos veikl\u0105.<\/p>\n<\/li>\n<li data-start=\"533\" data-end=\"623\">\n<p data-start=\"535\" data-end=\"623\"><strong data-start=\"535\" data-end=\"558\">Magnio gliukonatas<\/strong> \u2013 lengvai absorbuojama ir pla\u010diai naudojama magnio forma.<\/p>\n<\/li>\n<\/ul>\n<p data-start=\"625\" data-end=\"833\">D\u0117l to \u0161is produktas yra ideali kasdien\u0117 pagalba tiems, kuri\u0173 gyvenimo b\u016bdas aktyvus, \u012ftemptas ar fizi\u0161kai reiklus, taip pat tiems, kurie tiesiog nori palaikyti normal\u0173 organizmo funkcionavim\u0105 ir kasdien\u0119 savijaut\u0105.<\/p>\n<h2 data-start=\"1585\" data-end=\"1662\">Kam tai tinka?<\/h2>\n<p class=\"\" data-start=\"400\" data-end=\"481\">Produktas tinka suaugusiesiems, norintiems papildyti magnio kiek\u012f, ypa\u010d fizi\u0161kai aktyviems \u017emon\u0117ms, sportininkams ar tiems, kurie da\u017enai jau\u010dia nuovarg\u012f.<\/p>\n<h2 data-start=\"488\" data-end=\"508\">Kaip naudoti?<\/h2>\n<p class=\"\" data-start=\"510\" data-end=\"749\">Rekomenduojama doz\u0117 yra 1\u20134 kau\u0161eliai per dien\u0105. Miltelius galima sumai\u0161yti su stikline vandens, sul\u010di\u0173 ar kokteilio. Rekomenduojamos paros doz\u0117s vir\u0161yti negalima. Maisto papildas nepakei\u010dia \u012fvairios ir subalansuotos mitybos ar sveiko gyvenimo b\u016bdo. Laikyti vaikams nepasiekiamoje vietoje.    <\/p>\n<h2 data-start=\"756\" data-end=\"771\">Ingredientai<\/h2>\n<p class=\"\" data-start=\"773\" data-end=\"978\">Magnio malatas, magnio bisglicinatas, magnio tauratas, magnio gliukonatas. Sud\u0117tyje n\u0117ra laktoz\u0117s, mieli\u0173 ar glitimo. Sud\u0117tyje n\u0117ra cukraus, druskos, krakmolo, kukur\u016bz\u0173, sojos ar saldikli\u0173. Tinka vegetarams.<\/p>\n<h2 data-start=\"985\" data-end=\"1001\">Maistin\u0117 vert\u0117<\/h2>\n<p class=\"\" data-start=\"1003\" data-end=\"1088\"><span class=\"relative -mx-px my-[-0.2rem] rounded px-px py-[0.2rem] transition-colors duration-100 ease-in-out\">1\u20134 kau\u0161eliuose yra:<\/span><\/p>\n<ul data-start=\"1090\" data-end=\"1177\">\n<li class=\"\" data-start=\"1090\" data-end=\"1177\">\n<p class=\"\" data-start=\"1092\" data-end=\"1177\"><span class=\"relative -mx-px my-[-0.2rem] rounded px-px py-[0.2rem] transition-colors duration-100 ease-in-out\">Magnis: 85\u2013340 mg (23\u201391 % referencin\u0117s paros normos)<\/span><\/p>\n<\/li>\n<\/ul>\n<h2 data-start=\"1184\" data-end=\"1233\">Kod\u0117l verta rinktis \u201ePure+ Quattro\u201c magnio miltelius?<\/h2>\n<ul data-start=\"1235\" data-end=\"1532\">\n<li class=\"\" data-start=\"1235\" data-end=\"1276\">\n<p class=\"\" data-start=\"1237\" data-end=\"1276\"><span class=\"relative -mx-px my-[-0.2rem] rounded px-px py-[0.2rem] transition-colors duration-100 ease-in-out\">Sud\u0117tyje yra keturios skirtingos magnio formos \u2013 geresnis \u012fsisavinimas ir universalus poveikis<\/span><\/p>\n<\/li>\n<li class=\"\" data-start=\"1277\" data-end=\"1318\">\n<p class=\"\" data-start=\"1279\" data-end=\"1318\"><span class=\"relative -mx-px my-[-0.2rem] rounded px-px py-[0.2rem] transition-colors duration-100 ease-in-out\">Palaiko normali\u0105 raumen\u0173 ir nerv\u0173 sistemos funkcij\u0105<\/span><\/p>\n<\/li>\n<li class=\"\" data-start=\"1319\" data-end=\"1360\">\n<p class=\"\" data-start=\"1321\" data-end=\"1360\"><span class=\"relative -mx-px my-[-0.2rem] rounded px-px py-[0.2rem] transition-colors duration-100 ease-in-out\">Padeda suma\u017einti nuovarg\u012f ir i\u0161sekim\u0105<\/span><\/p>\n<\/li>\n<li class=\"\" data-start=\"1361\" data-end=\"1402\">\n<p class=\"\" data-start=\"1363\" data-end=\"1402\"><span class=\"relative -mx-px my-[-0.2rem] rounded px-px py-[0.2rem] transition-colors duration-100 ease-in-out\">Sud\u0117tyje n\u0117ra dirbtini\u0173 pried\u0173 ar alergen\u0173<\/span><\/p>\n<\/li>\n<li class=\"\" data-start=\"1403\" data-end=\"1444\">\n<p class=\"\" data-start=\"1405\" data-end=\"1444\"><span class=\"relative -mx-px my-[-0.2rem] rounded px-px py-[0.2rem] transition-colors duration-100 ease-in-out\">Tinka vegetarams<\/span><\/p>\n<\/li>\n<li class=\"\" data-start=\"1445\" data-end=\"1532\">\n<p class=\"\" data-start=\"1447\" data-end=\"1532\"><span class=\"relative -mx-px my-[-0.2rem] rounded px-px py-[0.2rem] transition-colors duration-100 ease-in-out\">Pagaminta Suomijoje<\/span><\/p>\n<\/li>\n<\/ul>\n","protected":false},"excerpt":{"rendered":"<p data-start=\"463\" data-end=\"898\">\u201eQuattro Magnesium Powder\u201c yra veiksmingas ir grynas magnio papildas, kuriame sujungtos keturios skirtingos magnio formos \u2013 malatas, bisglicinatas, tauratas ir gliukonatas. Magnis padeda palaikyti normali\u0105 raumen\u0173 funkcij\u0105, palaiko nerv\u0173 sistem\u0105 ir padeda ma\u017einti nuovarg\u012f bei i\u0161sekim\u0105. D\u0117l milteli\u0173 pavidalo produkt\u0105 lengva mai\u0161yti su vandeniu, sultimis ar kokteiliais, tod\u0117l jis idealiai tinka tiems, kurie renkasi geriam\u0105j\u012f variant\u0105, o ne kapsules.  <\/p>\n<p data-start=\"900\" data-end=\"1130\">Produktas tinka kasdieniam vartojimui suaugusiems, \u012fskaitant aktyv\u0173 gyvenimo b\u016bd\u0105 gyvenan\u010dius \u017emones ir sportininkus. \u201eQuattro Magnesium\u201c milteliai neturi pried\u0173, cukraus, glitimo ar laktoz\u0117s, tod\u0117l tinka ir vegetarams. <\/p>\n","protected":false},"featured_media":34172,"comment_status":"closed","ping_status":"closed","template":"","meta":{"_acf_changed":false},"product_brand":[],"product_cat":[3265,3120],"product_tag":[3028,4955,4954,3127,3503,3144],"class_list":{"0":"post-34167","1":"product","2":"type-product","3":"status-publish","4":"has-post-thumbnail","6":"product_cat-magnis","7":"product_cat-mineralai","8":"product_tag-energija-ir-nuovargis","9":"product_tag-magnio-kompleksas","10":"product_tag-magnio-milteliai","11":"product_tag-magnis","12":"product_tag-miegas-ir-stresas","13":"product_tag-raumenys-ir-sanariai","15":"first","16":"instock","17":"taxable","18":"shipping-taxable","19":"purchasable","20":"product-type-simple"},"acf":[],"yoast_head":"<!-- This site is optimized with the Yoast SEO plugin v27.1.1 - https:\/\/yoast.com\/product\/yoast-seo-wordpress\/ -->\n<title>Quattro Magnis 150 g - Puhdas+<\/title>\n<meta name=\"description\" content=\"Veiksmingi magnio milteliai su keturiomis magnio formomis. Padeda ma\u017einti nuovarg\u012f, palaiko raumenis ir nerv\u0173 sistem\u0105. Tinka veganams ir kasdieniam naudojimui.\" \/>\n<meta name=\"robots\" content=\"noindex, follow, max-snippet:-1, max-image-preview:large, max-video-preview:-1\" \/>\n<meta property=\"og:locale\" content=\"lt_LT\" \/>\n<meta property=\"og:type\" content=\"article\" \/>\n<meta property=\"og:title\" content=\"Quattro Magnis 150 g - Puhdas+\" \/>\n<meta property=\"og:description\" content=\"Veiksmingi magnio milteliai su keturiomis magnio formomis. Padeda ma\u017einti nuovarg\u012f, palaiko raumenis ir nerv\u0173 sistem\u0105. Tinka veganams ir kasdieniam naudojimui.\" \/>\n<meta property=\"og:url\" content=\"https:\/\/test.puhdasplus.ee\/lt\/tooted\/mineralai\/magnis\/quattro-magnis-150-g\/\" \/>\n<meta property=\"og:site_name\" content=\"Puhdas+\" \/>\n<meta property=\"article:publisher\" content=\"https:\/\/www.facebook.com\/puhdasplus\" \/>\n<meta property=\"article:modified_time\" content=\"2026-02-27T11:12:34+00:00\" \/>\n<meta property=\"og:image\" content=\"https:\/\/test.puhdasplus.ee\/wp-content\/uploads\/2025\/03\/34.jpg\" \/>\n\t<meta property=\"og:image:width\" content=\"1862\" \/>\n\t<meta property=\"og:image:height\" content=\"2560\" \/>\n\t<meta property=\"og:image:type\" content=\"image\/jpeg\" \/>\n<meta name=\"twitter:card\" content=\"summary_large_image\" \/>\n<meta name=\"twitter:label1\" content=\"Est. reading time\" \/>\n\t<meta name=\"twitter:data1\" content=\"2 minut\u0117\" \/>\n<script type=\"application\/ld+json\" class=\"yoast-schema-graph\">{\"@context\":\"https:\/\/schema.org\",\"@graph\":[{\"@type\":\"WebPage\",\"@id\":\"https:\/\/test.puhdasplus.ee\/lt\/tooted\/mineralai\/magnis\/quattro-magnis-150-g\/\",\"url\":\"https:\/\/test.puhdasplus.ee\/lt\/tooted\/mineralai\/magnis\/quattro-magnis-150-g\/\",\"name\":\"Quattro Magnis 150 g - Puhdas+\",\"isPartOf\":{\"@id\":\"https:\/\/test.puhdasplus.ee\/lt\/#website\"},\"primaryImageOfPage\":{\"@id\":\"https:\/\/test.puhdasplus.ee\/lt\/tooted\/mineralai\/magnis\/quattro-magnis-150-g\/#primaryimage\"},\"image\":{\"@id\":\"https:\/\/test.puhdasplus.ee\/lt\/tooted\/mineralai\/magnis\/quattro-magnis-150-g\/#primaryimage\"},\"thumbnailUrl\":\"https:\/\/test.puhdasplus.ee\/wp-content\/uploads\/2025\/03\/34.jpg\",\"datePublished\":\"2022-08-06T17:52:01+00:00\",\"dateModified\":\"2026-02-27T11:12:34+00:00\",\"description\":\"Veiksmingi magnio milteliai su keturiomis magnio formomis. Padeda ma\u017einti nuovarg\u012f, palaiko raumenis ir nerv\u0173 sistem\u0105. Tinka veganams ir kasdieniam naudojimui.\",\"breadcrumb\":{\"@id\":\"https:\/\/test.puhdasplus.ee\/lt\/tooted\/mineralai\/magnis\/quattro-magnis-150-g\/#breadcrumb\"},\"inLanguage\":\"lt-LT\",\"potentialAction\":[{\"@type\":\"ReadAction\",\"target\":[\"https:\/\/test.puhdasplus.ee\/lt\/tooted\/mineralai\/magnis\/quattro-magnis-150-g\/\"]}]},{\"@type\":\"ImageObject\",\"inLanguage\":\"lt-LT\",\"@id\":\"https:\/\/test.puhdasplus.ee\/lt\/tooted\/mineralai\/magnis\/quattro-magnis-150-g\/#primaryimage\",\"url\":\"https:\/\/test.puhdasplus.ee\/wp-content\/uploads\/2025\/03\/34.jpg\",\"contentUrl\":\"https:\/\/test.puhdasplus.ee\/wp-content\/uploads\/2025\/03\/34.jpg\",\"width\":1862,\"height\":2560,\"caption\":\"Quattro Magnis - milteliai 150 g\"},{\"@type\":\"BreadcrumbList\",\"@id\":\"https:\/\/test.puhdasplus.ee\/lt\/tooted\/mineralai\/magnis\/quattro-magnis-150-g\/#breadcrumb\",\"itemListElement\":[{\"@type\":\"ListItem\",\"position\":1,\"name\":\"Prad\u017eia\",\"item\":\"https:\/\/test.puhdasplus.ee\/lt\/\"},{\"@type\":\"ListItem\",\"position\":2,\"name\":\"Produktai\",\"item\":\"https:\/\/test.puhdasplus.ee\/lt\/parduotuve\/\"},{\"@type\":\"ListItem\",\"position\":3,\"name\":\"Quattro Magnis 150 g\"}]},{\"@type\":\"WebSite\",\"@id\":\"https:\/\/test.puhdasplus.ee\/lt\/#website\",\"url\":\"https:\/\/test.puhdasplus.ee\/lt\/\",\"name\":\"Puhdas+\",\"description\":\"Vitamiinid, Toidulisandid, looduskosmeetika, tervis, sport\",\"publisher\":{\"@id\":\"https:\/\/test.puhdasplus.ee\/lt\/#organization\"},\"potentialAction\":[{\"@type\":\"SearchAction\",\"target\":{\"@type\":\"EntryPoint\",\"urlTemplate\":\"https:\/\/test.puhdasplus.ee\/lt\/?s={search_term_string}\"},\"query-input\":{\"@type\":\"PropertyValueSpecification\",\"valueRequired\":true,\"valueName\":\"search_term_string\"}}],\"inLanguage\":\"lt-LT\"},{\"@type\":\"Organization\",\"@id\":\"https:\/\/test.puhdasplus.ee\/lt\/#organization\",\"name\":\"Puhdas+\",\"alternateName\":\"Puhdasplus\",\"url\":\"https:\/\/test.puhdasplus.ee\/lt\/\",\"logo\":{\"@type\":\"ImageObject\",\"inLanguage\":\"lt-LT\",\"@id\":\"https:\/\/test.puhdasplus.ee\/lt\/#\/schema\/logo\/image\/\",\"url\":\"https:\/\/test.puhdasplus.ee\/\/wp-content\/uploads\/2019\/10\/puhdas_logo-arvele.png\",\"contentUrl\":\"https:\/\/test.puhdasplus.ee\/\/wp-content\/uploads\/2019\/10\/puhdas_logo-arvele.png\",\"width\":114,\"height\":94,\"caption\":\"Puhdas+\"},\"image\":{\"@id\":\"https:\/\/test.puhdasplus.ee\/lt\/#\/schema\/logo\/image\/\"},\"sameAs\":[\"https:\/\/www.facebook.com\/puhdasplus\",\"https:\/\/www.instagram.com\/puhdasplus_ee\/\"]}]}<\/script>\n<!-- \/ Yoast SEO plugin. -->","yoast_head_json":{"title":"Quattro Magnis 150 g - Puhdas+","description":"Veiksmingi magnio milteliai su keturiomis magnio formomis. Padeda ma\u017einti nuovarg\u012f, palaiko raumenis ir nerv\u0173 sistem\u0105. Tinka veganams ir kasdieniam naudojimui.","robots":{"index":"noindex","follow":"follow","max-snippet":"max-snippet:-1","max-image-preview":"max-image-preview:large","max-video-preview":"max-video-preview:-1"},"og_locale":"lt_LT","og_type":"article","og_title":"Quattro Magnis 150 g - Puhdas+","og_description":"Veiksmingi magnio milteliai su keturiomis magnio formomis. Padeda ma\u017einti nuovarg\u012f, palaiko raumenis ir nerv\u0173 sistem\u0105. Tinka veganams ir kasdieniam naudojimui.","og_url":"https:\/\/test.puhdasplus.ee\/lt\/tooted\/mineralai\/magnis\/quattro-magnis-150-g\/","og_site_name":"Puhdas+","article_publisher":"https:\/\/www.facebook.com\/puhdasplus","article_modified_time":"2026-02-27T11:12:34+00:00","og_image":[{"width":1862,"height":2560,"url":"https:\/\/test.puhdasplus.ee\/wp-content\/uploads\/2025\/03\/34.jpg","type":"image\/jpeg"}],"twitter_card":"summary_large_image","twitter_misc":{"Est. reading time":"2 minut\u0117"},"schema":{"@context":"https:\/\/schema.org","@graph":[{"@type":"WebPage","@id":"https:\/\/test.puhdasplus.ee\/lt\/tooted\/mineralai\/magnis\/quattro-magnis-150-g\/","url":"https:\/\/test.puhdasplus.ee\/lt\/tooted\/mineralai\/magnis\/quattro-magnis-150-g\/","name":"Quattro Magnis 150 g - Puhdas+","isPartOf":{"@id":"https:\/\/test.puhdasplus.ee\/lt\/#website"},"primaryImageOfPage":{"@id":"https:\/\/test.puhdasplus.ee\/lt\/tooted\/mineralai\/magnis\/quattro-magnis-150-g\/#primaryimage"},"image":{"@id":"https:\/\/test.puhdasplus.ee\/lt\/tooted\/mineralai\/magnis\/quattro-magnis-150-g\/#primaryimage"},"thumbnailUrl":"https:\/\/test.puhdasplus.ee\/wp-content\/uploads\/2025\/03\/34.jpg","datePublished":"2022-08-06T17:52:01+00:00","dateModified":"2026-02-27T11:12:34+00:00","description":"Veiksmingi magnio milteliai su keturiomis magnio formomis. Padeda ma\u017einti nuovarg\u012f, palaiko raumenis ir nerv\u0173 sistem\u0105. Tinka veganams ir kasdieniam naudojimui.","breadcrumb":{"@id":"https:\/\/test.puhdasplus.ee\/lt\/tooted\/mineralai\/magnis\/quattro-magnis-150-g\/#breadcrumb"},"inLanguage":"lt-LT","potentialAction":[{"@type":"ReadAction","target":["https:\/\/test.puhdasplus.ee\/lt\/tooted\/mineralai\/magnis\/quattro-magnis-150-g\/"]}]},{"@type":"ImageObject","inLanguage":"lt-LT","@id":"https:\/\/test.puhdasplus.ee\/lt\/tooted\/mineralai\/magnis\/quattro-magnis-150-g\/#primaryimage","url":"https:\/\/test.puhdasplus.ee\/wp-content\/uploads\/2025\/03\/34.jpg","contentUrl":"https:\/\/test.puhdasplus.ee\/wp-content\/uploads\/2025\/03\/34.jpg","width":1862,"height":2560,"caption":"Quattro Magnis - milteliai 150 g"},{"@type":"BreadcrumbList","@id":"https:\/\/test.puhdasplus.ee\/lt\/tooted\/mineralai\/magnis\/quattro-magnis-150-g\/#breadcrumb","itemListElement":[{"@type":"ListItem","position":1,"name":"Prad\u017eia","item":"https:\/\/test.puhdasplus.ee\/lt\/"},{"@type":"ListItem","position":2,"name":"Produktai","item":"https:\/\/test.puhdasplus.ee\/lt\/parduotuve\/"},{"@type":"ListItem","position":3,"name":"Quattro Magnis 150 g"}]},{"@type":"WebSite","@id":"https:\/\/test.puhdasplus.ee\/lt\/#website","url":"https:\/\/test.puhdasplus.ee\/lt\/","name":"Puhdas+","description":"Vitamiinid, Toidulisandid, looduskosmeetika, tervis, sport","publisher":{"@id":"https:\/\/test.puhdasplus.ee\/lt\/#organization"},"potentialAction":[{"@type":"SearchAction","target":{"@type":"EntryPoint","urlTemplate":"https:\/\/test.puhdasplus.ee\/lt\/?s={search_term_string}"},"query-input":{"@type":"PropertyValueSpecification","valueRequired":true,"valueName":"search_term_string"}}],"inLanguage":"lt-LT"},{"@type":"Organization","@id":"https:\/\/test.puhdasplus.ee\/lt\/#organization","name":"Puhdas+","alternateName":"Puhdasplus","url":"https:\/\/test.puhdasplus.ee\/lt\/","logo":{"@type":"ImageObject","inLanguage":"lt-LT","@id":"https:\/\/test.puhdasplus.ee\/lt\/#\/schema\/logo\/image\/","url":"https:\/\/test.puhdasplus.ee\/\/wp-content\/uploads\/2019\/10\/puhdas_logo-arvele.png","contentUrl":"https:\/\/test.puhdasplus.ee\/\/wp-content\/uploads\/2019\/10\/puhdas_logo-arvele.png","width":114,"height":94,"caption":"Puhdas+"},"image":{"@id":"https:\/\/test.puhdasplus.ee\/lt\/#\/schema\/logo\/image\/"},"sameAs":["https:\/\/www.facebook.com\/puhdasplus","https:\/\/www.instagram.com\/puhdasplus_ee\/"]}]}},"_links":{"self":[{"href":"https:\/\/test.puhdasplus.ee\/lt\/wp-json\/wp\/v2\/product\/34167","targetHints":{"allow":["GET"]}}],"collection":[{"href":"https:\/\/test.puhdasplus.ee\/lt\/wp-json\/wp\/v2\/product"}],"about":[{"href":"https:\/\/test.puhdasplus.ee\/lt\/wp-json\/wp\/v2\/types\/product"}],"replies":[{"embeddable":true,"href":"https:\/\/test.puhdasplus.ee\/lt\/wp-json\/wp\/v2\/comments?post=34167"}],"wp:featuredmedia":[{"embeddable":true,"href":"https:\/\/test.puhdasplus.ee\/lt\/wp-json\/wp\/v2\/media\/34172"}],"wp:attachment":[{"href":"https:\/\/test.puhdasplus.ee\/lt\/wp-json\/wp\/v2\/media?parent=34167"}],"wp:term":[{"taxonomy":"product_brand","embeddable":true,"href":"https:\/\/test.puhdasplus.ee\/lt\/wp-json\/wp\/v2\/product_brand?post=34167"},{"taxonomy":"product_cat","embeddable":true,"href":"https:\/\/test.puhdasplus.ee\/lt\/wp-json\/wp\/v2\/product_cat?post=34167"},{"taxonomy":"product_tag","embeddable":true,"href":"https:\/\/test.puhdasplus.ee\/lt\/wp-json\/wp\/v2\/product_tag?post=34167"}],"curies":[{"name":"wp","href":"https:\/\/api.w.org\/{rel}","templated":true}]}}