{"id":34114,"date":"2022-08-01T16:44:41","date_gmt":"2022-08-01T13:44:41","guid":{"rendered":"https:\/\/test.puhdasplus.ee\/\/tooted\/be-kategorijos\/vitaminas-b12-1-mg-60-kapsuliu\/"},"modified":"2026-03-10T14:14:27","modified_gmt":"2026-03-10T12:14:27","slug":"vitaminas-b12-1-mg-60-kapsuliu","status":"publish","type":"product","link":"https:\/\/test.puhdasplus.ee\/lt\/tooted\/vitaminai\/vitaminas-b\/vitaminas-b12-1-mg-60-kapsuliu\/","title":{"rendered":"Vitaminas B12 1 mg 60 kapsuli\u0173"},"content":{"rendered":"<h3 class=\"\" data-start=\"258\" data-end=\"305\">Kas yra vitaminas B12 ir kod\u0117l jis svarbus?<\/h3>\n<p><span class=\"relative -mx-px my-[-0.2rem] rounded px-px py-[0.2rem] transition-colors duration-100 ease-in-out\">Vitaminas B12, dar \u017einomas kaip kobalaminas, yra vandenyje tirpus vitaminas, atliekantis svarb\u0173 vaidmen\u012f normaliai nerv\u0173 sistemos veiklai, energijos apykaitai ir kraujodarai.<\/span> <span class=\"relative -mx-px my-[-0.2rem] rounded px-px py-[0.2rem] transition-colors duration-100 ease-in-out\">Organizmas pats vitamino B12 pasigaminti negali, tod\u0117l jo reikia gauti su maistu arba papildais.<\/span> <span class=\"relative -mx-px my-[-0.2rem] rounded px-px py-[0.2rem] transition-colors duration-100 ease-in-out\">Pakankamas vitamino B12 suvartojimas yra ypa\u010d svarbus vegetarams ir veganams, nes jo daugiausia yra gyv\u016bnin\u0117s kilm\u0117s produktuose.<\/span><\/p>\n<p class=\"\" data-start=\"373\" data-end=\"536\">Vitaminas B12, dar \u017einomas kaip <strong data-start=\"401\" data-end=\"415\">kobalaminas<\/strong> , yra b\u016btinas vandenyje tirpus vitaminas, atliekantis svarb\u0173 vaidmen\u012f daugelyje biologini\u0173 proces\u0173 organizme. B12 prisideda prie: <\/p>\n<ul data-start=\"537\" data-end=\"710\">\n<li class=\"\" data-start=\"537\" data-end=\"583\">\n<p class=\"\" data-start=\"539\" data-end=\"583\">normaliam <strong data-start=\"551\" data-end=\"580\">nerv\u0173 sistemos veikimui<\/strong> ,<\/p>\n<\/li>\n<li class=\"\" data-start=\"584\" data-end=\"637\">\n<p class=\"\" data-start=\"586\" data-end=\"637\">palaikyti <strong data-start=\"586\" data-end=\"620\">psichologines funkcijas<\/strong> ,<\/p>\n<\/li>\n<li class=\"\" data-start=\"638\" data-end=\"670\">\n<p class=\"\" data-start=\"640\" data-end=\"670\"><strong data-start=\"640\" data-end=\"663\">kraujo susidarymas ir<\/strong><\/p>\n<\/li>\n<li class=\"\" data-start=\"671\" data-end=\"710\">\n<p class=\"\" data-start=\"673\" data-end=\"710\">energijos gamybai organizme.<\/p>\n<\/li>\n<\/ul>\n<p class=\"\" data-start=\"712\" data-end=\"818\">Be to, tai padeda suma\u017einti <strong data-start=\"739\" data-end=\"764\">nuovarg\u012f ir i\u0161sekim\u0105<\/strong> bei palaiko <em data-start=\"777\" data-end=\"817\">normali\u0105 imunin\u0117s sistemos veikl\u0105.<\/em> *<\/p>\n<p class=\"\" data-start=\"820\" data-end=\"1212\">Skirtingai nuo daugelio kit\u0173 vitamin\u0173, \u017emogaus organizmas pats negali sintetinti vitamino B12 \u2013 jo reikia gauti su maistu. Ta\u010diau vitamino B12 daugiausia yra tik <strong data-start=\"982\" data-end=\"1011\">gyv\u016bnin\u0117s kilm\u0117s maisto produktuose<\/strong> , tod\u0117l vegetarams, veganams ir pagyvenusiems \u017emon\u0117ms gali kilti tr\u016bkumo rizika. B12 absorbcij\u0105 taip pat gali sutrikdyti tam tikri gyvenimo b\u016bdo veiksniai arba vir\u0161kinimo trakto ypatyb\u0117s.  <\/p>\n<h3 class=\"\" data-start=\"471\" data-end=\"522\">Kam tinka \u201ePure+\u201c vitaminas B12?<\/h3>\n<p class=\"\" data-start=\"1875\" data-end=\"1977\">\u201ePuhdas+\u201c veiksmingas vitaminas B12 tinka visiems suaugusiesiems, ta\u010diau ypa\u010d j\u012f vartoti tur\u0117t\u0173 apsvarstyti:<\/p>\n<ul data-start=\"1978\" data-end=\"2355\">\n<li class=\"\" data-start=\"1978\" data-end=\"2076\">\n<p class=\"\" data-start=\"1980\" data-end=\"2076\"><strong data-start=\"1980\" data-end=\"2009\">veganai ir vegetarai<\/strong> , kuri\u0173 mityboje gali b\u016bti ma\u017eai vitamino B12,<\/p>\n<\/li>\n<li class=\"\" data-start=\"2077\" data-end=\"2158\">\n<p class=\"\" data-start=\"2079\" data-end=\"2158\"><strong data-start=\"2079\" data-end=\"2097\">vyresnio am\u017eiaus \u017emon\u0117s<\/strong> , kuri\u0173 B12 absorbcija vir\u0161kinimo sistemoje su am\u017eiumi gali suma\u017e\u0117ti,<\/p>\n<\/li>\n<li class=\"\" data-start=\"2159\" data-end=\"2278\">\n<p class=\"\" data-start=\"2161\" data-end=\"2278\">tiems, kurie da\u017enai jau\u010diasi <strong data-start=\"2191\" data-end=\"2203\">pavarg\u0119<\/strong> , i\u0161sek\u0119 arba kuriems reikia bendros energijos lygio ir susikaupimo palaikymo,<\/p>\n<\/li>\n<li class=\"\" data-start=\"2279\" data-end=\"2355\">\n<p class=\"\" data-start=\"2281\" data-end=\"2355\">\u017emon\u0117ms, norintiems palaikyti savo <strong data-start=\"2318\" data-end=\"2354\">nerv\u0173 sistem\u0105 ir<\/strong> <b>psichologines funkcijas,<\/b><\/p>\n<p class=\"\" data-start=\"2281\" data-end=\"2355\">.<\/p>\n<\/li>\n<\/ul>\n<h3 data-start=\"1219\" data-end=\"1286\">Kod\u0117l verta rinktis Puhdas+ vitamino B12 papild\u0105?<\/h3>\n<ul data-start=\"1288\" data-end=\"1820\">\n<li class=\"\" data-start=\"1288\" data-end=\"1447\">\n<p class=\"\" data-start=\"1290\" data-end=\"1447\">Produkte yra <strong data-start=\"1305\" data-end=\"1336\">veikliosios med\u017eiagos metilkobalamino<\/strong> , kuris yra nat\u016brali ir paruo\u0161ta vartoti vitamino B12 forma organizme \u2013 jam nereikia papildomo aktyvinimo organizme.<\/p>\n<\/li>\n<li class=\"\" data-start=\"1448\" data-end=\"1546\">\n<p class=\"\" data-start=\"1450\" data-end=\"1546\">Kiekvienoje kapsul\u0117je yra <strong data-start=\"1470\" data-end=\"1488\">1 mg (1000 \u00b5g)<\/strong> vitamino B12, tai atitinka didel\u0119 paros doz\u0119.<\/p>\n<\/li>\n<li class=\"\" data-start=\"1547\" data-end=\"1666\">\n<p class=\"\" data-start=\"1549\" data-end=\"1666\">Taip pat tinka <strong data-start=\"1587\" data-end=\"1626\">veganams ar vegetarams<\/strong> , nes produkte n\u0117ra joki\u0173 gyv\u016bnin\u0117s kilm\u0117s produkt\u0173.<\/p>\n<\/li>\n<li class=\"\" data-start=\"1667\" data-end=\"1758\">\n<p class=\"\" data-start=\"1669\" data-end=\"1758\">Kapsul\u0117s yra <strong data-start=\"1680\" data-end=\"1700\">grynos sud\u0117ties<\/strong> , be dirbtini\u0173 pried\u0173, da\u017eikli\u0173 ar saldikli\u0173.<\/p>\n<\/li>\n<li class=\"\" data-start=\"1759\" data-end=\"1820\">\n<p class=\"\" data-start=\"1761\" data-end=\"1820\">Pagaminta <strong data-start=\"1773\" data-end=\"1819\">Suomijoje laikantis auk\u0161t\u0173 kokyb\u0117s standart\u0173<\/strong> .<\/p>\n<\/li>\n<\/ul>\n<h3 class=\"\" data-start=\"652\" data-end=\"687\">Kaip ir kada j\u012f naudoti?<\/h3>\n<p class=\"\" data-start=\"689\" data-end=\"953\"><strong data-start=\"689\" data-end=\"707\">Vartojimo instrukcijos:<\/strong> <span class=\"relative -mx-px my-[-0.2rem] rounded px-px py-[0.2rem] transition-colors duration-100 ease-in-out\">Rekomenduojama doz\u0117 suaugusiesiems yra 1 kapsul\u0117 per dien\u0105.<\/span> <span class=\"relative -mx-px my-[-0.2rem] rounded px-px py-[0.2rem] transition-colors duration-100 ease-in-out\">Kapsul\u0119 nurykite u\u017egerdami vandeniu.<\/span> <span class=\"relative -mx-px my-[-0.2rem] rounded px-px py-[0.2rem] transition-colors duration-100 ease-in-out\">Rekomenduojamos paros doz\u0117s vir\u0161yti negalima.<\/span> <span class=\"relative -mx-px my-[-0.2rem] rounded px-px py-[0.2rem] transition-colors duration-100 ease-in-out\">Maisto papildas nepakei\u010dia \u012fvairios ir subalansuotos mitybos ar sveiko gyvenimo b\u016bdo.<\/span> <span class=\"relative -mx-px my-[-0.2rem] rounded px-px py-[0.2rem] transition-colors duration-100 ease-in-out\">Laikyti vaikams nepasiekiamoje vietoje.<\/span><\/p>\n<h3 class=\"\" data-start=\"960\" data-end=\"999\">Kokie yra ingredientai ir maistin\u0117 vert\u0117?<\/h3>\n<p class=\"\" data-start=\"1001\" data-end=\"1183\"><strong data-start=\"1001\" data-end=\"1017\">Sudedamosios dalys:<\/strong> <strong data-start=\"21\" data-end=\"34\">u\u017epildas<\/strong> (mikrokristalin\u0117 celiulioz\u0117), <strong data-start=\"64\" data-end=\"74\">kapsul\u0117<\/strong> (stabilizatoriai: hidroksipropilmetilceliulioz\u0117, gelano derva), <strong data-start=\"140\" data-end=\"160\" data-is-only-node=\"\">metilkobalaminas<\/strong> .<br data-start=\"161\" data-end=\"164\"> Be laktoz\u0117s, mieli\u0173 ar glitimo. Be cukraus, druskos, sojos ar saldikli\u0173. <\/p>\n<p class=\"\" data-start=\"1185\" data-end=\"1288\"><strong data-start=\"1185\" data-end=\"1202\">Maistin\u0117 vert\u0117:<\/strong> <span class=\"relative -mx-px my-[-0.2rem] rounded px-px py-[0.2rem] transition-colors duration-100 ease-in-out\">1 kapsul\u0117je yra 1000 \u00b5g vitamino B12 (metilkobalamino) (40000 % RMV*). *RMV \u2013 referencin\u0117 paros norma suaugusiajam.<\/span><\/p>\n<h3 class=\"\" data-start=\"1295\" data-end=\"1326\">Ar tai ekonomi\u0161kas pasirinkimas?<\/h3>\n<p class=\"\" data-start=\"1328\" data-end=\"1413\"><span class=\"relative -mx-px my-[-0.2rem] rounded px-px py-[0.2rem] transition-colors duration-100 ease-in-out\">Taip, pakuot\u0117je yra 60 kapsuli\u0173, tod\u0117l tai ekonomi\u0161kas ir ilgalaikis pasirinkimas kasdieniam vartojimui.<\/span><\/p>\n","protected":false},"excerpt":{"rendered":"<p>\u201ePuhdas+\u201c veiksmingas vitaminas B12 (1 mg) padeda palaikyti normali\u0105 energijos apykait\u0105 ir ma\u017einti pavargimo jausm\u0105 bei nuovarg\u012f. Vitaminas B12 taip pat padeda palaikyti normali\u0105 nerv\u0173 sistemos veikl\u0105 ir psichologin\u0119 funkcij\u0105. Produkto sud\u0117tyje esantis metilkobalaminas yra aktyvi ir gerai pasisavinama vitamino B12 forma. Kapsul\u0117s yra grynos sud\u0117ties \u2013 be konservant\u0173, saldikli\u0173 ar alergen\u0173, taip pat tinka veganams. 60 kapsuli\u0173 pakuot\u0117je u\u017etikrina paprast\u0105 ir veiksming\u0105 kasdien\u0119 param\u0105 dviem m\u0117nesiams.    <\/p>\n","protected":false},"featured_media":357375,"comment_status":"closed","ping_status":"closed","template":"","meta":{"_acf_changed":false},"product_brand":[],"product_cat":[3174,3175],"product_tag":[3176,3028,4909,4025,4920,4918,3177,4913,4916,4911],"class_list":{"0":"post-34114","1":"product","2":"type-product","3":"status-publish","4":"has-post-thumbnail","6":"product_cat-vitaminai","7":"product_cat-vitaminas-b","8":"product_tag-b12-lt","9":"product_tag-energija-ir-nuovargis","10":"product_tag-energijos-ir-nuovargio-mazinimas","11":"product_tag-imunines-sistemos-palaikymas-lt","12":"product_tag-kognityvine-parama","13":"product_tag-metilkobalaminas","14":"product_tag-nervu-sistemos-palaikymas","15":"product_tag-raudonuju-kraujo-kuneliu-susidarymas","16":"product_tag-veganiskas-b12","17":"product_tag-vitaminas-b12","19":"first","20":"onbackorder","21":"taxable","22":"shipping-taxable","23":"purchasable","24":"product-type-simple"},"acf":[],"yoast_head":"<!-- This site is optimized with the Yoast SEO plugin v27.1.1 - https:\/\/yoast.com\/product\/yoast-seo-wordpress\/ -->\n<title>Vitaminas B12 1 mg 60 kapsuli\u0173 - Puhdas+<\/title>\n<meta name=\"description\" content=\"Vitaminas B12 1 mg \u2013 60 vegetari\u0161k\u0173 kapsuli\u0173, kurios palaiko nerv\u0173 sistem\u0105, energijos lyg\u012f ir imunitet\u0105. Tinka veganams ir padeda suma\u017einti nuovarg\u012f!\" \/>\n<meta name=\"robots\" content=\"noindex, follow, max-snippet:-1, max-image-preview:large, max-video-preview:-1\" \/>\n<meta property=\"og:locale\" content=\"lt_LT\" \/>\n<meta property=\"og:type\" content=\"article\" \/>\n<meta property=\"og:title\" content=\"Vitaminas B12 1 mg 60 kapsuli\u0173 - Puhdas+\" \/>\n<meta property=\"og:description\" content=\"Vitaminas B12 1 mg \u2013 60 vegetari\u0161k\u0173 kapsuli\u0173, kurios palaiko nerv\u0173 sistem\u0105, energijos lyg\u012f ir imunitet\u0105. Tinka veganams ir padeda suma\u017einti nuovarg\u012f!\" \/>\n<meta property=\"og:url\" content=\"https:\/\/test.puhdasplus.ee\/lt\/tooted\/vitaminai\/vitaminas-b\/vitaminas-b12-1-mg-60-kapsuliu\/\" \/>\n<meta property=\"og:site_name\" content=\"Puhdas+\" \/>\n<meta property=\"article:publisher\" content=\"https:\/\/www.facebook.com\/puhdasplus\" \/>\n<meta property=\"article:modified_time\" content=\"2026-03-10T12:14:27+00:00\" \/>\n<meta property=\"og:image\" content=\"https:\/\/test.puhdasplus.ee\/wp-content\/uploads\/2022\/08\/b12-vitamiin-puhdasplus-scaled.jpg\" \/>\n\t<meta property=\"og:image:width\" content=\"1862\" \/>\n\t<meta property=\"og:image:height\" content=\"2560\" \/>\n\t<meta property=\"og:image:type\" content=\"image\/jpeg\" \/>\n<meta name=\"twitter:card\" content=\"summary_large_image\" \/>\n<meta name=\"twitter:label1\" content=\"Est. reading time\" \/>\n\t<meta name=\"twitter:data1\" content=\"2 minut\u0117\" \/>\n<script type=\"application\/ld+json\" class=\"yoast-schema-graph\">{\"@context\":\"https:\/\/schema.org\",\"@graph\":[{\"@type\":\"WebPage\",\"@id\":\"https:\/\/test.puhdasplus.ee\/lt\/tooted\/vitaminai\/vitaminas-b\/vitaminas-b12-1-mg-60-kapsuliu\/\",\"url\":\"https:\/\/test.puhdasplus.ee\/lt\/tooted\/vitaminai\/vitaminas-b\/vitaminas-b12-1-mg-60-kapsuliu\/\",\"name\":\"Vitaminas B12 1 mg 60 kapsuli\u0173 - Puhdas+\",\"isPartOf\":{\"@id\":\"https:\/\/test.puhdasplus.ee\/lt\/#website\"},\"primaryImageOfPage\":{\"@id\":\"https:\/\/test.puhdasplus.ee\/lt\/tooted\/vitaminai\/vitaminas-b\/vitaminas-b12-1-mg-60-kapsuliu\/#primaryimage\"},\"image\":{\"@id\":\"https:\/\/test.puhdasplus.ee\/lt\/tooted\/vitaminai\/vitaminas-b\/vitaminas-b12-1-mg-60-kapsuliu\/#primaryimage\"},\"thumbnailUrl\":\"https:\/\/test.puhdasplus.ee\/wp-content\/uploads\/2022\/08\/b12-vitamiin-puhdasplus-scaled.jpg\",\"datePublished\":\"2022-08-01T13:44:41+00:00\",\"dateModified\":\"2026-03-10T12:14:27+00:00\",\"description\":\"Vitaminas B12 1 mg \u2013 60 vegetari\u0161k\u0173 kapsuli\u0173, kurios palaiko nerv\u0173 sistem\u0105, energijos lyg\u012f ir imunitet\u0105. Tinka veganams ir padeda suma\u017einti nuovarg\u012f!\",\"breadcrumb\":{\"@id\":\"https:\/\/test.puhdasplus.ee\/lt\/tooted\/vitaminai\/vitaminas-b\/vitaminas-b12-1-mg-60-kapsuliu\/#breadcrumb\"},\"inLanguage\":\"lt-LT\",\"potentialAction\":[{\"@type\":\"ReadAction\",\"target\":[\"https:\/\/test.puhdasplus.ee\/lt\/tooted\/vitaminai\/vitaminas-b\/vitaminas-b12-1-mg-60-kapsuliu\/\"]}]},{\"@type\":\"ImageObject\",\"inLanguage\":\"lt-LT\",\"@id\":\"https:\/\/test.puhdasplus.ee\/lt\/tooted\/vitaminai\/vitaminas-b\/vitaminas-b12-1-mg-60-kapsuliu\/#primaryimage\",\"url\":\"https:\/\/test.puhdasplus.ee\/wp-content\/uploads\/2022\/08\/b12-vitamiin-puhdasplus-scaled.jpg\",\"contentUrl\":\"https:\/\/test.puhdasplus.ee\/wp-content\/uploads\/2022\/08\/b12-vitamiin-puhdasplus-scaled.jpg\",\"width\":1862,\"height\":2560,\"caption\":\"vitaminas b12 puhdasplus\"},{\"@type\":\"BreadcrumbList\",\"@id\":\"https:\/\/test.puhdasplus.ee\/lt\/tooted\/vitaminai\/vitaminas-b\/vitaminas-b12-1-mg-60-kapsuliu\/#breadcrumb\",\"itemListElement\":[{\"@type\":\"ListItem\",\"position\":1,\"name\":\"Prad\u017eia\",\"item\":\"https:\/\/test.puhdasplus.ee\/lt\/\"},{\"@type\":\"ListItem\",\"position\":2,\"name\":\"Produktai\",\"item\":\"https:\/\/test.puhdasplus.ee\/lt\/parduotuve\/\"},{\"@type\":\"ListItem\",\"position\":3,\"name\":\"Vitaminas B12 1 mg 60 kapsuli\u0173\"}]},{\"@type\":\"WebSite\",\"@id\":\"https:\/\/test.puhdasplus.ee\/lt\/#website\",\"url\":\"https:\/\/test.puhdasplus.ee\/lt\/\",\"name\":\"Puhdas+\",\"description\":\"Vitamiinid, Toidulisandid, looduskosmeetika, tervis, sport\",\"publisher\":{\"@id\":\"https:\/\/test.puhdasplus.ee\/lt\/#organization\"},\"potentialAction\":[{\"@type\":\"SearchAction\",\"target\":{\"@type\":\"EntryPoint\",\"urlTemplate\":\"https:\/\/test.puhdasplus.ee\/lt\/?s={search_term_string}\"},\"query-input\":{\"@type\":\"PropertyValueSpecification\",\"valueRequired\":true,\"valueName\":\"search_term_string\"}}],\"inLanguage\":\"lt-LT\"},{\"@type\":\"Organization\",\"@id\":\"https:\/\/test.puhdasplus.ee\/lt\/#organization\",\"name\":\"Puhdas+\",\"alternateName\":\"Puhdasplus\",\"url\":\"https:\/\/test.puhdasplus.ee\/lt\/\",\"logo\":{\"@type\":\"ImageObject\",\"inLanguage\":\"lt-LT\",\"@id\":\"https:\/\/test.puhdasplus.ee\/lt\/#\/schema\/logo\/image\/\",\"url\":\"https:\/\/test.puhdasplus.ee\/\/wp-content\/uploads\/2019\/10\/puhdas_logo-arvele.png\",\"contentUrl\":\"https:\/\/test.puhdasplus.ee\/\/wp-content\/uploads\/2019\/10\/puhdas_logo-arvele.png\",\"width\":114,\"height\":94,\"caption\":\"Puhdas+\"},\"image\":{\"@id\":\"https:\/\/test.puhdasplus.ee\/lt\/#\/schema\/logo\/image\/\"},\"sameAs\":[\"https:\/\/www.facebook.com\/puhdasplus\",\"https:\/\/www.instagram.com\/puhdasplus_ee\/\"]}]}<\/script>\n<!-- \/ Yoast SEO plugin. -->","yoast_head_json":{"title":"Vitaminas B12 1 mg 60 kapsuli\u0173 - Puhdas+","description":"Vitaminas B12 1 mg \u2013 60 vegetari\u0161k\u0173 kapsuli\u0173, kurios palaiko nerv\u0173 sistem\u0105, energijos lyg\u012f ir imunitet\u0105. Tinka veganams ir padeda suma\u017einti nuovarg\u012f!","robots":{"index":"noindex","follow":"follow","max-snippet":"max-snippet:-1","max-image-preview":"max-image-preview:large","max-video-preview":"max-video-preview:-1"},"og_locale":"lt_LT","og_type":"article","og_title":"Vitaminas B12 1 mg 60 kapsuli\u0173 - Puhdas+","og_description":"Vitaminas B12 1 mg \u2013 60 vegetari\u0161k\u0173 kapsuli\u0173, kurios palaiko nerv\u0173 sistem\u0105, energijos lyg\u012f ir imunitet\u0105. Tinka veganams ir padeda suma\u017einti nuovarg\u012f!","og_url":"https:\/\/test.puhdasplus.ee\/lt\/tooted\/vitaminai\/vitaminas-b\/vitaminas-b12-1-mg-60-kapsuliu\/","og_site_name":"Puhdas+","article_publisher":"https:\/\/www.facebook.com\/puhdasplus","article_modified_time":"2026-03-10T12:14:27+00:00","og_image":[{"width":1862,"height":2560,"url":"https:\/\/test.puhdasplus.ee\/wp-content\/uploads\/2022\/08\/b12-vitamiin-puhdasplus-scaled.jpg","type":"image\/jpeg"}],"twitter_card":"summary_large_image","twitter_misc":{"Est. reading time":"2 minut\u0117"},"schema":{"@context":"https:\/\/schema.org","@graph":[{"@type":"WebPage","@id":"https:\/\/test.puhdasplus.ee\/lt\/tooted\/vitaminai\/vitaminas-b\/vitaminas-b12-1-mg-60-kapsuliu\/","url":"https:\/\/test.puhdasplus.ee\/lt\/tooted\/vitaminai\/vitaminas-b\/vitaminas-b12-1-mg-60-kapsuliu\/","name":"Vitaminas B12 1 mg 60 kapsuli\u0173 - Puhdas+","isPartOf":{"@id":"https:\/\/test.puhdasplus.ee\/lt\/#website"},"primaryImageOfPage":{"@id":"https:\/\/test.puhdasplus.ee\/lt\/tooted\/vitaminai\/vitaminas-b\/vitaminas-b12-1-mg-60-kapsuliu\/#primaryimage"},"image":{"@id":"https:\/\/test.puhdasplus.ee\/lt\/tooted\/vitaminai\/vitaminas-b\/vitaminas-b12-1-mg-60-kapsuliu\/#primaryimage"},"thumbnailUrl":"https:\/\/test.puhdasplus.ee\/wp-content\/uploads\/2022\/08\/b12-vitamiin-puhdasplus-scaled.jpg","datePublished":"2022-08-01T13:44:41+00:00","dateModified":"2026-03-10T12:14:27+00:00","description":"Vitaminas B12 1 mg \u2013 60 vegetari\u0161k\u0173 kapsuli\u0173, kurios palaiko nerv\u0173 sistem\u0105, energijos lyg\u012f ir imunitet\u0105. Tinka veganams ir padeda suma\u017einti nuovarg\u012f!","breadcrumb":{"@id":"https:\/\/test.puhdasplus.ee\/lt\/tooted\/vitaminai\/vitaminas-b\/vitaminas-b12-1-mg-60-kapsuliu\/#breadcrumb"},"inLanguage":"lt-LT","potentialAction":[{"@type":"ReadAction","target":["https:\/\/test.puhdasplus.ee\/lt\/tooted\/vitaminai\/vitaminas-b\/vitaminas-b12-1-mg-60-kapsuliu\/"]}]},{"@type":"ImageObject","inLanguage":"lt-LT","@id":"https:\/\/test.puhdasplus.ee\/lt\/tooted\/vitaminai\/vitaminas-b\/vitaminas-b12-1-mg-60-kapsuliu\/#primaryimage","url":"https:\/\/test.puhdasplus.ee\/wp-content\/uploads\/2022\/08\/b12-vitamiin-puhdasplus-scaled.jpg","contentUrl":"https:\/\/test.puhdasplus.ee\/wp-content\/uploads\/2022\/08\/b12-vitamiin-puhdasplus-scaled.jpg","width":1862,"height":2560,"caption":"vitaminas b12 puhdasplus"},{"@type":"BreadcrumbList","@id":"https:\/\/test.puhdasplus.ee\/lt\/tooted\/vitaminai\/vitaminas-b\/vitaminas-b12-1-mg-60-kapsuliu\/#breadcrumb","itemListElement":[{"@type":"ListItem","position":1,"name":"Prad\u017eia","item":"https:\/\/test.puhdasplus.ee\/lt\/"},{"@type":"ListItem","position":2,"name":"Produktai","item":"https:\/\/test.puhdasplus.ee\/lt\/parduotuve\/"},{"@type":"ListItem","position":3,"name":"Vitaminas B12 1 mg 60 kapsuli\u0173"}]},{"@type":"WebSite","@id":"https:\/\/test.puhdasplus.ee\/lt\/#website","url":"https:\/\/test.puhdasplus.ee\/lt\/","name":"Puhdas+","description":"Vitamiinid, Toidulisandid, looduskosmeetika, tervis, sport","publisher":{"@id":"https:\/\/test.puhdasplus.ee\/lt\/#organization"},"potentialAction":[{"@type":"SearchAction","target":{"@type":"EntryPoint","urlTemplate":"https:\/\/test.puhdasplus.ee\/lt\/?s={search_term_string}"},"query-input":{"@type":"PropertyValueSpecification","valueRequired":true,"valueName":"search_term_string"}}],"inLanguage":"lt-LT"},{"@type":"Organization","@id":"https:\/\/test.puhdasplus.ee\/lt\/#organization","name":"Puhdas+","alternateName":"Puhdasplus","url":"https:\/\/test.puhdasplus.ee\/lt\/","logo":{"@type":"ImageObject","inLanguage":"lt-LT","@id":"https:\/\/test.puhdasplus.ee\/lt\/#\/schema\/logo\/image\/","url":"https:\/\/test.puhdasplus.ee\/\/wp-content\/uploads\/2019\/10\/puhdas_logo-arvele.png","contentUrl":"https:\/\/test.puhdasplus.ee\/\/wp-content\/uploads\/2019\/10\/puhdas_logo-arvele.png","width":114,"height":94,"caption":"Puhdas+"},"image":{"@id":"https:\/\/test.puhdasplus.ee\/lt\/#\/schema\/logo\/image\/"},"sameAs":["https:\/\/www.facebook.com\/puhdasplus","https:\/\/www.instagram.com\/puhdasplus_ee\/"]}]}},"_links":{"self":[{"href":"https:\/\/test.puhdasplus.ee\/lt\/wp-json\/wp\/v2\/product\/34114","targetHints":{"allow":["GET"]}}],"collection":[{"href":"https:\/\/test.puhdasplus.ee\/lt\/wp-json\/wp\/v2\/product"}],"about":[{"href":"https:\/\/test.puhdasplus.ee\/lt\/wp-json\/wp\/v2\/types\/product"}],"replies":[{"embeddable":true,"href":"https:\/\/test.puhdasplus.ee\/lt\/wp-json\/wp\/v2\/comments?post=34114"}],"wp:featuredmedia":[{"embeddable":true,"href":"https:\/\/test.puhdasplus.ee\/lt\/wp-json\/wp\/v2\/media\/357375"}],"wp:attachment":[{"href":"https:\/\/test.puhdasplus.ee\/lt\/wp-json\/wp\/v2\/media?parent=34114"}],"wp:term":[{"taxonomy":"product_brand","embeddable":true,"href":"https:\/\/test.puhdasplus.ee\/lt\/wp-json\/wp\/v2\/product_brand?post=34114"},{"taxonomy":"product_cat","embeddable":true,"href":"https:\/\/test.puhdasplus.ee\/lt\/wp-json\/wp\/v2\/product_cat?post=34114"},{"taxonomy":"product_tag","embeddable":true,"href":"https:\/\/test.puhdasplus.ee\/lt\/wp-json\/wp\/v2\/product_tag?post=34114"}],"curies":[{"name":"wp","href":"https:\/\/api.w.org\/{rel}","templated":true}]}}