{"id":34055,"date":"2022-03-15T17:42:27","date_gmt":"2022-03-15T15:42:27","guid":{"rendered":"https:\/\/test.puhdasplus.ee\/\/tooted\/be-kategorijos\/salto-spaudimo-aliejus-is-juoduju-kmynu-nigella-sativa-seklu\/"},"modified":"2026-02-27T13:13:30","modified_gmt":"2026-02-27T11:13:30","slug":"salto-spaudimo-aliejus-is-juoduju-kmynu-nigella-sativa-seklu","status":"publish","type":"product","link":"https:\/\/test.puhdasplus.ee\/lt\/tooted\/supermaistas\/salto-spaudimo-aliejus-is-juoduju-kmynu-nigella-sativa-seklu\/","title":{"rendered":"Juod\u0173j\u0173 kmyn\u0173 aliejus"},"content":{"rendered":"<h2><b>Kas yra \u201ePure+\u201c juod\u0173j\u0173 kmyn\u0173 aliejus?<\/b><\/h2>\n<p class=\"p3\">\u201ePure+ Black Cumin Oil\u201c yra 100 % \u0161alto spaudimo juod\u0173j\u0173 kmyn\u0173 (Nigella sativa) s\u0117kl\u0173 aliejus, kuriame gausu nat\u016brali\u0173 bioaktyvi\u0173j\u0173 jungini\u0173, riebal\u0173 r\u016bg\u0161\u010di\u0173 ir antioksidant\u0173. \u0160is aliejus tradici\u0161kai naudojamas jau t\u016bkstantme\u010dius ir dabar vertinamas d\u0117l savo antioksidacini\u0173 savybi\u0173 ir geb\u0117jimo palaikyti odos gerov\u0119. Aliejus tinka naudoti tiek vidiniam naudojimui kaip maisto papildas, tiek i\u0161oriniam naudojimui ant odos ir plauk\u0173.  <\/p>\n<h2 class=\"p4\"><b>Thymokinonas \u2013 nat\u016bralus bioaktyvus junginys<\/b><b><\/b><\/h2>\n<p class=\"p3\">Timokinonas yra juod\u0173j\u0173 kmyn\u0173 aliejuje randamas junginys ir vienas i\u0161 nat\u016brali\u0173 bioaktyvi\u0173j\u0173 komponent\u0173. Jis padeda apsaugoti l\u0105steles nuo oksidacinio streso ir yra subalansuotos juod\u0173j\u0173 kmyn\u0173 aliejaus sud\u0117ties dalis. <\/p>\n<h2 class=\"p4\"><b>Palaiko odos ir l\u0105steli\u0173 gerov\u0119<\/b><b><\/b><\/h2>\n<p class=\"p3\">\u2013 Padeda i\u0161laikyti l\u0105steli\u0173 vientisum\u0105 ir apsaugo nuo oksidacinio streso<\/p>\n<p class=\"p3\">\u2013 Palaiko nat\u016bral\u0173 odos apsaugin\u012f barjer\u0105 ir dr\u0117gm\u0117s balans\u0105<\/p>\n<p class=\"p3\">\u2013 Sud\u0117tyje yra verting\u0173 riebal\u0173 r\u016bg\u0161\u010di\u0173 (omega-6 ir omega-9), kurios yra b\u016btinos normaliam l\u0105steli\u0173 ir odos funkcionavimui<\/p>\n<p class=\"p3\">\u2013 Tinka jautrios arba senstan\u010dios odos prie\u017ei\u016brai<\/p>\n<h2 class=\"p4\"><b>Linolo r\u016bg\u0161tis (Omega-6)<\/b><b><\/b><\/h2>\n<p class=\"p3\">Esmin\u0117 riebal\u0173 r\u016bg\u0161tis, palaikanti odos dr\u0117gm\u0117s balans\u0105 ir prisidedanti prie normalios odos funkcijos.<\/p>\n<h2 class=\"p4\"><b>Oleino r\u016bg\u0161tis (Omega-9)<\/b><b><\/b><\/h2>\n<p class=\"p3\">Mononeso\u010di\u0173j\u0173 riebal\u0173 r\u016bg\u0161tis, padedanti palaikyti odos elastingum\u0105 ir lipid\u0173 apykait\u0105.<\/p>\n<h2 class=\"p4\"><b>Vitaminai ir mineralai \u2013 nat\u016brali parama<\/b><b><\/b><\/h2>\n<p class=\"p3\">Juod\u0173j\u0173 kmyn\u0173 aliejuje nat\u016braliai yra keletas mikroelement\u0173, \u012fskaitant B grup\u0117s vitaminus, gele\u017e\u012f, cink\u0105, kalc\u012f ir fosfor\u0105.<\/p>\n<h2 class=\"p4\"><b>Skonio savyb\u0117s<\/b><b><\/b><\/h2>\n<p class=\"p3\">Aliejaus skonis \u0161velnus, \u0161iek tiek pipirinis ir kartus.<\/p>\n<h2><b>Oda ir plaukai \u2013 i\u0161orin\u0117 prie\u017ei\u016bra i\u0161 gamtos<\/b><\/h2>\n<p class=\"p3\">Juod\u0173j\u0173 kmyn\u0173 aliejus puikiai tinka i\u0161oriniam naudojimui d\u0117l savo dr\u0117kinam\u0173j\u0173 ir mink\u0161tinam\u0173j\u0173 savybi\u0173.<\/p>\n<p class=\"p3\">\u2013 Tinka sausai arba jautriai odai pri\u017ei\u016br\u0117ti<\/p>\n<p class=\"p3\">\u2013 Palaiko galvos odos sveikat\u0105 ir plauk\u0173 \u0161akn\u0173 stiprum\u0105<\/p>\n<p class=\"p3\">\u2013 Tinka kaip veido ir k\u016bno valymo aliejus, masa\u017eo aliejus arba bazinis aliejus eteriniams aliejams<\/p>\n<h2><b>Naudojimas viduje ir lauke<\/b><\/h2>\n<p class=\"p4\"><b>Vidinis naudojimas:<\/b><b><\/b><\/p>\n<p class=\"p3\">1\u20133 arbatiniai \u0161auk\u0161teliai per dien\u0105 (5\u201315 ml). Galima vartoti tiesiogiai arba sumai\u0161yti su \u0161altu maistu ir salotomis. <span class=\"s2\"><b>Ne\u0161ildyti<\/b><\/span> , nes auk\u0161ta temperat\u016bra gali pakenkti naudingoms aliejaus savyb\u0117ms. <\/p>\n<p class=\"p4\"><b>I\u0161orinis naudojimas:<\/b><b><\/b><\/p>\n<p class=\"p3\">Tepkite tiesiai ant odos arba plauk\u0173. Tinka kaip veido ir k\u016bno valymo aliejus arba kaip bazinis aliejus eteriniams aliejams. <\/p>\n<h2><b>Sudedamosios dalys:<\/b><\/h2>\n<p class=\"p3\">100 % \u0161alto spaudimo juod\u0173j\u0173 kmyn\u0173 (Nigella sativa) aliejus.<\/p>\n<p class=\"p3\">Sud\u0117tyje n\u0117ra laktoz\u0117s, mieli\u0173, glitimo, cukraus, druskos, krakmolo, kukur\u016bz\u0173, sojos ar saldikli\u0173.<\/p>\n<p class=\"p3\">Tinka vegetarams ir veganams.<\/p>\n<h2><b>Dienos doz\u0117:<\/b><\/h2>\n<p class=\"p3\">1\u20133 arbatiniai \u0161auk\u0161teliai (5\u201315 ml)<\/p>\n<h2><b>Maistin\u0117 vert\u0117 vienai paros dozei:<\/b><\/h2>\n<table>\n<thead>\n<tr>\n<th>\n<p class=\"p1\"><b>Veiklioji med\u017eiaga<\/b><\/p>\n<\/th>\n<th>\n<p class=\"p1\"><b>5\u201315 ml vienam<\/b><\/p>\n<\/th>\n<\/tr>\n<\/thead>\n<tbody>\n<tr>\n<td>\n<p class=\"p1\">\u0160alto spaudimo juod\u0173j\u0173 kmyn\u0173 aliejus<\/p>\n<\/td>\n<td>\n<p class=\"p1\">5\u201315 ml<\/p>\n<\/td>\n<\/tr>\n<tr>\n<td>\n<p class=\"p1\">Linolo r\u016bg\u0161tis (omega-6)<\/p>\n<\/td>\n<td>\n<p class=\"p1\">2750\u20138250 mg<\/p>\n<\/td>\n<\/tr>\n<tr>\n<td>\n<p class=\"p1\">Oleino r\u016bg\u0161tis (omega-9)<\/p>\n<\/td>\n<td>\n<p class=\"p1\">1150\u20133450 mg<\/p>\n<\/td>\n<\/tr>\n<\/tbody>\n<\/table>\n<h2><b>\u012esp\u0117jimai:<\/b><\/h2>\n<p class=\"p3\">Nevir\u0161ykite rekomenduojamos paros doz\u0117s.<\/p>\n<p class=\"p3\">Maisto papildas nepakei\u010dia \u012fvairios ir subalansuotos mitybos ar sveiko gyvenimo b\u016bdo.<\/p>\n<p class=\"p3\">Laikyti vaikams nepasiekiamoje vietoje.<\/p>\n<p class=\"p3\">Nerekomenduojama vartoti n\u0117\u0161tumo metu.<\/p>\n<h2><b>Sand\u0117liavimas:<\/b><\/h2>\n<p class=\"p3\">Laikyti u\u017edaryt\u0105, apsaugot\u0105 nuo \u0161viesos, v\u0117sioje, sausoje vietoje.<\/p>\n<p class=\"p3\">Atidarius laikyti \u0161aldytuve ir suvartoti per 30 dien\u0173.<\/p>\n","protected":false},"excerpt":{"rendered":"<p class=\"p1\"><b>\u201ePure+\u201c juod\u0173j\u0173 kmyn\u0173 aliejus yra nat\u016bralus maisto papildas, pagamintas i\u0161 100 % \u0161alto spaudimo juod\u0173j\u0173 kmyn\u0173 s\u0117kl\u0173. Aliejuje yra verting\u0173 riebal\u0173 r\u016bg\u0161\u010di\u0173 ir timochinono \u2013 nat\u016bralaus antioksidanto, kuris \u012fvairiais lygmenimis palaiko organizmo ir odos b\u016bkl\u0119. <\/b><\/p>\n","protected":false},"featured_media":355896,"comment_status":"closed","ping_status":"closed","template":"","meta":{"_acf_changed":false},"product_brand":[],"product_cat":[3461,3049,3019],"product_tag":[4764,4778,3320,3319,2577,4767,4775,4766,3131,4771,4774,4779,4777,4780,2936,4776,2807,4773,4769,4781],"class_list":{"0":"post-34055","1":"product","2":"type-product","3":"status-publish","4":"has-post-thumbnail","6":"product_cat-sanariai-raumenys-ir-kaulai","7":"product_cat-specialus-pasiulymai","8":"product_cat-supermaistas","9":"product_tag-antioksidantas-lt","10":"product_tag-augalinis-aliejus","11":"product_tag-be-glitimo","12":"product_tag-be-laktozes","13":"product_tag-grynas-grozis","14":"product_tag-juodoji-juodgrude-nigella-sativa","15":"product_tag-juoduju-kmynu-aliejus-lt","16":"product_tag-juoduju-kmynu-aliejus","17":"product_tag-maisto-papildas","18":"product_tag-naturalus-aliejus","19":"product_tag-naturalus-maisto-papildas","20":"product_tag-odos-prieziura-lt","21":"product_tag-omega-6-riebalu-rugstys","22":"product_tag-plauku-prieziura-lt","23":"product_tag-priesuzdegiminis","24":"product_tag-salto-spaudimo-aliejus","25":"product_tag-svarus","26":"product_tag-sveika-mityba","27":"product_tag-timochinonas","28":"product_tag-veganiskas-produktas","30":"first","31":"instock","32":"sale","33":"taxable","34":"shipping-taxable","35":"purchasable","36":"product-type-variable","37":"has-default-attributes"},"acf":[],"yoast_head":"<!-- This site is optimized with the Yoast SEO plugin v27.1.1 - https:\/\/yoast.com\/product\/yoast-seo-wordpress\/ -->\n<title>Juod\u0173j\u0173 kmyn\u0173 aliejus - Puhdas+<\/title>\n<meta name=\"description\" content=\"Juod\u0173j\u0173 kmyn\u0173 aliejus 150 ml yra maistin\u0117mis med\u017eiagomis turtingas nat\u016bralus aliejus, kuriame yra daugiau nei 100 bioaktyvi\u0173j\u0173 med\u017eiag\u0173. Tinka naudoti kaip maisto papildas arba kaip prieskonis.\" \/>\n<meta name=\"robots\" content=\"noindex, follow, max-snippet:-1, max-image-preview:large, max-video-preview:-1\" \/>\n<meta property=\"og:locale\" content=\"lt_LT\" \/>\n<meta property=\"og:type\" content=\"article\" \/>\n<meta property=\"og:title\" content=\"Juod\u0173j\u0173 kmyn\u0173 aliejus - Puhdas+\" \/>\n<meta property=\"og:description\" content=\"Juod\u0173j\u0173 kmyn\u0173 aliejus 150 ml yra maistin\u0117mis med\u017eiagomis turtingas nat\u016bralus aliejus, kuriame yra daugiau nei 100 bioaktyvi\u0173j\u0173 med\u017eiag\u0173. Tinka naudoti kaip maisto papildas arba kaip prieskonis.\" \/>\n<meta property=\"og:url\" content=\"https:\/\/test.puhdasplus.ee\/lt\/tooted\/supermaistas\/salto-spaudimo-aliejus-is-juoduju-kmynu-nigella-sativa-seklu\/\" \/>\n<meta property=\"og:site_name\" content=\"Puhdas+\" \/>\n<meta property=\"article:publisher\" content=\"https:\/\/www.facebook.com\/puhdasplus\" \/>\n<meta property=\"article:modified_time\" content=\"2026-02-27T11:13:30+00:00\" \/>\n<meta property=\"og:image\" content=\"https:\/\/test.puhdasplus.ee\/wp-content\/uploads\/2022\/03\/mustakoomneoli-puhdasplus-scaled.jpg\" \/>\n\t<meta property=\"og:image:width\" content=\"1862\" \/>\n\t<meta property=\"og:image:height\" content=\"2560\" \/>\n\t<meta property=\"og:image:type\" content=\"image\/jpeg\" \/>\n<meta name=\"twitter:card\" content=\"summary_large_image\" \/>\n<meta name=\"twitter:label1\" content=\"Est. reading time\" \/>\n\t<meta name=\"twitter:data1\" content=\"2 minut\u0117\" \/>\n<script type=\"application\/ld+json\" class=\"yoast-schema-graph\">{\"@context\":\"https:\/\/schema.org\",\"@graph\":[{\"@type\":\"WebPage\",\"@id\":\"https:\/\/test.puhdasplus.ee\/lt\/tooted\/supermaistas\/salto-spaudimo-aliejus-is-juoduju-kmynu-nigella-sativa-seklu\/\",\"url\":\"https:\/\/test.puhdasplus.ee\/lt\/tooted\/supermaistas\/salto-spaudimo-aliejus-is-juoduju-kmynu-nigella-sativa-seklu\/\",\"name\":\"Juod\u0173j\u0173 kmyn\u0173 aliejus - Puhdas+\",\"isPartOf\":{\"@id\":\"https:\/\/test.puhdasplus.ee\/lt\/#website\"},\"primaryImageOfPage\":{\"@id\":\"https:\/\/test.puhdasplus.ee\/lt\/tooted\/supermaistas\/salto-spaudimo-aliejus-is-juoduju-kmynu-nigella-sativa-seklu\/#primaryimage\"},\"image\":{\"@id\":\"https:\/\/test.puhdasplus.ee\/lt\/tooted\/supermaistas\/salto-spaudimo-aliejus-is-juoduju-kmynu-nigella-sativa-seklu\/#primaryimage\"},\"thumbnailUrl\":\"https:\/\/test.puhdasplus.ee\/wp-content\/uploads\/2022\/03\/mustakoomneoli-puhdasplus-scaled.jpg\",\"datePublished\":\"2022-03-15T15:42:27+00:00\",\"dateModified\":\"2026-02-27T11:13:30+00:00\",\"description\":\"Juod\u0173j\u0173 kmyn\u0173 aliejus 150 ml yra maistin\u0117mis med\u017eiagomis turtingas nat\u016bralus aliejus, kuriame yra daugiau nei 100 bioaktyvi\u0173j\u0173 med\u017eiag\u0173. Tinka naudoti kaip maisto papildas arba kaip prieskonis.\",\"breadcrumb\":{\"@id\":\"https:\/\/test.puhdasplus.ee\/lt\/tooted\/supermaistas\/salto-spaudimo-aliejus-is-juoduju-kmynu-nigella-sativa-seklu\/#breadcrumb\"},\"inLanguage\":\"lt-LT\",\"potentialAction\":[{\"@type\":\"ReadAction\",\"target\":[\"https:\/\/test.puhdasplus.ee\/lt\/tooted\/supermaistas\/salto-spaudimo-aliejus-is-juoduju-kmynu-nigella-sativa-seklu\/\"]}]},{\"@type\":\"ImageObject\",\"inLanguage\":\"lt-LT\",\"@id\":\"https:\/\/test.puhdasplus.ee\/lt\/tooted\/supermaistas\/salto-spaudimo-aliejus-is-juoduju-kmynu-nigella-sativa-seklu\/#primaryimage\",\"url\":\"https:\/\/test.puhdasplus.ee\/wp-content\/uploads\/2022\/03\/mustakoomneoli-puhdasplus-scaled.jpg\",\"contentUrl\":\"https:\/\/test.puhdasplus.ee\/wp-content\/uploads\/2022\/03\/mustakoomneoli-puhdasplus-scaled.jpg\",\"width\":1862,\"height\":2560,\"caption\":\"juodgr\u016bd\u017ei\u0173 aliejus puhdasplus\"},{\"@type\":\"BreadcrumbList\",\"@id\":\"https:\/\/test.puhdasplus.ee\/lt\/tooted\/supermaistas\/salto-spaudimo-aliejus-is-juoduju-kmynu-nigella-sativa-seklu\/#breadcrumb\",\"itemListElement\":[{\"@type\":\"ListItem\",\"position\":1,\"name\":\"Prad\u017eia\",\"item\":\"https:\/\/test.puhdasplus.ee\/lt\/\"},{\"@type\":\"ListItem\",\"position\":2,\"name\":\"Produktai\",\"item\":\"https:\/\/test.puhdasplus.ee\/lt\/parduotuve\/\"},{\"@type\":\"ListItem\",\"position\":3,\"name\":\"Juod\u0173j\u0173 kmyn\u0173 aliejus\"}]},{\"@type\":\"WebSite\",\"@id\":\"https:\/\/test.puhdasplus.ee\/lt\/#website\",\"url\":\"https:\/\/test.puhdasplus.ee\/lt\/\",\"name\":\"Puhdas+\",\"description\":\"Vitamiinid, Toidulisandid, looduskosmeetika, tervis, sport\",\"publisher\":{\"@id\":\"https:\/\/test.puhdasplus.ee\/lt\/#organization\"},\"potentialAction\":[{\"@type\":\"SearchAction\",\"target\":{\"@type\":\"EntryPoint\",\"urlTemplate\":\"https:\/\/test.puhdasplus.ee\/lt\/?s={search_term_string}\"},\"query-input\":{\"@type\":\"PropertyValueSpecification\",\"valueRequired\":true,\"valueName\":\"search_term_string\"}}],\"inLanguage\":\"lt-LT\"},{\"@type\":\"Organization\",\"@id\":\"https:\/\/test.puhdasplus.ee\/lt\/#organization\",\"name\":\"Puhdas+\",\"alternateName\":\"Puhdasplus\",\"url\":\"https:\/\/test.puhdasplus.ee\/lt\/\",\"logo\":{\"@type\":\"ImageObject\",\"inLanguage\":\"lt-LT\",\"@id\":\"https:\/\/test.puhdasplus.ee\/lt\/#\/schema\/logo\/image\/\",\"url\":\"https:\/\/test.puhdasplus.ee\/\/wp-content\/uploads\/2019\/10\/puhdas_logo-arvele.png\",\"contentUrl\":\"https:\/\/test.puhdasplus.ee\/\/wp-content\/uploads\/2019\/10\/puhdas_logo-arvele.png\",\"width\":114,\"height\":94,\"caption\":\"Puhdas+\"},\"image\":{\"@id\":\"https:\/\/test.puhdasplus.ee\/lt\/#\/schema\/logo\/image\/\"},\"sameAs\":[\"https:\/\/www.facebook.com\/puhdasplus\",\"https:\/\/www.instagram.com\/puhdasplus_ee\/\"]}]}<\/script>\n<!-- \/ Yoast SEO plugin. -->","yoast_head_json":{"title":"Juod\u0173j\u0173 kmyn\u0173 aliejus - Puhdas+","description":"Juod\u0173j\u0173 kmyn\u0173 aliejus 150 ml yra maistin\u0117mis med\u017eiagomis turtingas nat\u016bralus aliejus, kuriame yra daugiau nei 100 bioaktyvi\u0173j\u0173 med\u017eiag\u0173. Tinka naudoti kaip maisto papildas arba kaip prieskonis.","robots":{"index":"noindex","follow":"follow","max-snippet":"max-snippet:-1","max-image-preview":"max-image-preview:large","max-video-preview":"max-video-preview:-1"},"og_locale":"lt_LT","og_type":"article","og_title":"Juod\u0173j\u0173 kmyn\u0173 aliejus - Puhdas+","og_description":"Juod\u0173j\u0173 kmyn\u0173 aliejus 150 ml yra maistin\u0117mis med\u017eiagomis turtingas nat\u016bralus aliejus, kuriame yra daugiau nei 100 bioaktyvi\u0173j\u0173 med\u017eiag\u0173. Tinka naudoti kaip maisto papildas arba kaip prieskonis.","og_url":"https:\/\/test.puhdasplus.ee\/lt\/tooted\/supermaistas\/salto-spaudimo-aliejus-is-juoduju-kmynu-nigella-sativa-seklu\/","og_site_name":"Puhdas+","article_publisher":"https:\/\/www.facebook.com\/puhdasplus","article_modified_time":"2026-02-27T11:13:30+00:00","og_image":[{"width":1862,"height":2560,"url":"https:\/\/test.puhdasplus.ee\/wp-content\/uploads\/2022\/03\/mustakoomneoli-puhdasplus-scaled.jpg","type":"image\/jpeg"}],"twitter_card":"summary_large_image","twitter_misc":{"Est. reading time":"2 minut\u0117"},"schema":{"@context":"https:\/\/schema.org","@graph":[{"@type":"WebPage","@id":"https:\/\/test.puhdasplus.ee\/lt\/tooted\/supermaistas\/salto-spaudimo-aliejus-is-juoduju-kmynu-nigella-sativa-seklu\/","url":"https:\/\/test.puhdasplus.ee\/lt\/tooted\/supermaistas\/salto-spaudimo-aliejus-is-juoduju-kmynu-nigella-sativa-seklu\/","name":"Juod\u0173j\u0173 kmyn\u0173 aliejus - Puhdas+","isPartOf":{"@id":"https:\/\/test.puhdasplus.ee\/lt\/#website"},"primaryImageOfPage":{"@id":"https:\/\/test.puhdasplus.ee\/lt\/tooted\/supermaistas\/salto-spaudimo-aliejus-is-juoduju-kmynu-nigella-sativa-seklu\/#primaryimage"},"image":{"@id":"https:\/\/test.puhdasplus.ee\/lt\/tooted\/supermaistas\/salto-spaudimo-aliejus-is-juoduju-kmynu-nigella-sativa-seklu\/#primaryimage"},"thumbnailUrl":"https:\/\/test.puhdasplus.ee\/wp-content\/uploads\/2022\/03\/mustakoomneoli-puhdasplus-scaled.jpg","datePublished":"2022-03-15T15:42:27+00:00","dateModified":"2026-02-27T11:13:30+00:00","description":"Juod\u0173j\u0173 kmyn\u0173 aliejus 150 ml yra maistin\u0117mis med\u017eiagomis turtingas nat\u016bralus aliejus, kuriame yra daugiau nei 100 bioaktyvi\u0173j\u0173 med\u017eiag\u0173. Tinka naudoti kaip maisto papildas arba kaip prieskonis.","breadcrumb":{"@id":"https:\/\/test.puhdasplus.ee\/lt\/tooted\/supermaistas\/salto-spaudimo-aliejus-is-juoduju-kmynu-nigella-sativa-seklu\/#breadcrumb"},"inLanguage":"lt-LT","potentialAction":[{"@type":"ReadAction","target":["https:\/\/test.puhdasplus.ee\/lt\/tooted\/supermaistas\/salto-spaudimo-aliejus-is-juoduju-kmynu-nigella-sativa-seklu\/"]}]},{"@type":"ImageObject","inLanguage":"lt-LT","@id":"https:\/\/test.puhdasplus.ee\/lt\/tooted\/supermaistas\/salto-spaudimo-aliejus-is-juoduju-kmynu-nigella-sativa-seklu\/#primaryimage","url":"https:\/\/test.puhdasplus.ee\/wp-content\/uploads\/2022\/03\/mustakoomneoli-puhdasplus-scaled.jpg","contentUrl":"https:\/\/test.puhdasplus.ee\/wp-content\/uploads\/2022\/03\/mustakoomneoli-puhdasplus-scaled.jpg","width":1862,"height":2560,"caption":"juodgr\u016bd\u017ei\u0173 aliejus puhdasplus"},{"@type":"BreadcrumbList","@id":"https:\/\/test.puhdasplus.ee\/lt\/tooted\/supermaistas\/salto-spaudimo-aliejus-is-juoduju-kmynu-nigella-sativa-seklu\/#breadcrumb","itemListElement":[{"@type":"ListItem","position":1,"name":"Prad\u017eia","item":"https:\/\/test.puhdasplus.ee\/lt\/"},{"@type":"ListItem","position":2,"name":"Produktai","item":"https:\/\/test.puhdasplus.ee\/lt\/parduotuve\/"},{"@type":"ListItem","position":3,"name":"Juod\u0173j\u0173 kmyn\u0173 aliejus"}]},{"@type":"WebSite","@id":"https:\/\/test.puhdasplus.ee\/lt\/#website","url":"https:\/\/test.puhdasplus.ee\/lt\/","name":"Puhdas+","description":"Vitamiinid, Toidulisandid, looduskosmeetika, tervis, sport","publisher":{"@id":"https:\/\/test.puhdasplus.ee\/lt\/#organization"},"potentialAction":[{"@type":"SearchAction","target":{"@type":"EntryPoint","urlTemplate":"https:\/\/test.puhdasplus.ee\/lt\/?s={search_term_string}"},"query-input":{"@type":"PropertyValueSpecification","valueRequired":true,"valueName":"search_term_string"}}],"inLanguage":"lt-LT"},{"@type":"Organization","@id":"https:\/\/test.puhdasplus.ee\/lt\/#organization","name":"Puhdas+","alternateName":"Puhdasplus","url":"https:\/\/test.puhdasplus.ee\/lt\/","logo":{"@type":"ImageObject","inLanguage":"lt-LT","@id":"https:\/\/test.puhdasplus.ee\/lt\/#\/schema\/logo\/image\/","url":"https:\/\/test.puhdasplus.ee\/\/wp-content\/uploads\/2019\/10\/puhdas_logo-arvele.png","contentUrl":"https:\/\/test.puhdasplus.ee\/\/wp-content\/uploads\/2019\/10\/puhdas_logo-arvele.png","width":114,"height":94,"caption":"Puhdas+"},"image":{"@id":"https:\/\/test.puhdasplus.ee\/lt\/#\/schema\/logo\/image\/"},"sameAs":["https:\/\/www.facebook.com\/puhdasplus","https:\/\/www.instagram.com\/puhdasplus_ee\/"]}]}},"_links":{"self":[{"href":"https:\/\/test.puhdasplus.ee\/lt\/wp-json\/wp\/v2\/product\/34055","targetHints":{"allow":["GET"]}}],"collection":[{"href":"https:\/\/test.puhdasplus.ee\/lt\/wp-json\/wp\/v2\/product"}],"about":[{"href":"https:\/\/test.puhdasplus.ee\/lt\/wp-json\/wp\/v2\/types\/product"}],"replies":[{"embeddable":true,"href":"https:\/\/test.puhdasplus.ee\/lt\/wp-json\/wp\/v2\/comments?post=34055"}],"wp:featuredmedia":[{"embeddable":true,"href":"https:\/\/test.puhdasplus.ee\/lt\/wp-json\/wp\/v2\/media\/355896"}],"wp:attachment":[{"href":"https:\/\/test.puhdasplus.ee\/lt\/wp-json\/wp\/v2\/media?parent=34055"}],"wp:term":[{"taxonomy":"product_brand","embeddable":true,"href":"https:\/\/test.puhdasplus.ee\/lt\/wp-json\/wp\/v2\/product_brand?post=34055"},{"taxonomy":"product_cat","embeddable":true,"href":"https:\/\/test.puhdasplus.ee\/lt\/wp-json\/wp\/v2\/product_cat?post=34055"},{"taxonomy":"product_tag","embeddable":true,"href":"https:\/\/test.puhdasplus.ee\/lt\/wp-json\/wp\/v2\/product_tag?post=34055"}],"curies":[{"name":"wp","href":"https:\/\/api.w.org\/{rel}","templated":true}]}}