{"id":33954,"date":"2022-11-14T20:06:28","date_gmt":"2022-11-14T18:06:28","guid":{"rendered":"https:\/\/test.puhdasplus.ee\/\/tooted\/be-kategorijos\/vitaminas-d3-100-%c2%b5g\/"},"modified":"2026-02-27T13:12:49","modified_gmt":"2026-02-27T11:12:49","slug":"vitaminas-d3-100-%c2%b5g","status":"publish","type":"product","link":"https:\/\/test.puhdasplus.ee\/lt\/tooted\/vitaminai\/vitaminas-d\/vitaminas-d3-100-%c2%b5g\/","title":{"rendered":"Vitaminas D3 100 \u00b5g"},"content":{"rendered":"<h2>Kas yra \u201ePure+\u201c vitaminas D3 100 \u00b5g?<\/h2>\n<p data-start=\"964\" data-end=\"1288\">\u201ePuhdas+ Vitamin D3 100 \u00b5g\u201c yra auk\u0161tos kokyb\u0117s maisto papildas, kurio sud\u0117tyje yra vitamino D3, i\u0161gauto i\u0161 dumbli\u0173. \u0160i forma taip pat tinka vegetarams. Vitaminas D3 padeda palaikyti normali\u0105 imunin\u0117s sistemos funkcij\u0105, normali\u0105 kaul\u0173 ir dant\u0173 b\u016bkl\u0119 bei normali\u0105 raumen\u0173 funkcij\u0105.  <\/p>\n<h2 data-start=\"574\" data-end=\"610\">Kod\u0117l vitaminas D3 yra svarbus?<\/h2>\n<p class=\"\" data-start=\"612\" data-end=\"1002\">Vitaminas D3 atlieka pagrindin\u012f vaidmen\u012f kalcio ir fosforo metabolizme, o tai padeda palaikyti stiprius kaulus ir dantis. Vitaminas D3 taip pat palaiko normali\u0105 imunin\u0117s sistemos ir raumen\u0173 veikl\u0105. <\/p>\n<h2 data-start=\"883\" data-end=\"901\">Naudotojo vadovas<\/h2>\n<p class=\"\" data-start=\"903\" data-end=\"1100\">1 kapsul\u0119 per dien\u0105, u\u017egeriant vandeniu. Nevir\u0161ykite rekomenduojamos paros doz\u0117s. Maisto papildas n\u0117ra \u012fvairios ir subalansuotos mitybos ar sveiko gyvenimo b\u016bdo pakaitalas. Laikyti vaikams nepasiekiamoje vietoje.  <\/p>\n<h2 data-start=\"1102\" data-end=\"1118\">Ingredientai<\/h2>\n<p class=\"\" data-start=\"1120\" data-end=\"1241\">\u0160alto spaudimo ypa\u010d tyras alyvuogi\u0173 aliejus, kapsul\u0117 (\u017eelatina, i\u0161 galvij\u0173), dr\u0117gm\u0119 i\u0161laikanti med\u017eiaga (glicerolis), cholekalciferolis (vitaminas D3).<br data-start=\"1885\" data-end=\"1888\">Sud\u0117tyje n\u0117ra laktoz\u0117s, mieli\u0173 ar glitimo. Sud\u0117tyje n\u0117ra cukraus, druskos, sojos ar saldikli\u0173.<\/p>\n<h2 data-start=\"1604\" data-end=\"1626\">Kam tai tinka?<\/h2>\n<p class=\"\" data-start=\"1628\" data-end=\"2020\">\u201ePure+\u201c vitaminas D3 100 \u00b5g tinka kasdien vartoti suaugusiesiems, siekiant palaikyti imunin\u0119 sistem\u0105, normali\u0105 kaul\u0173 ir dant\u0173 b\u016bkl\u0119 bei normali\u0105 raumen\u0173 funkcij\u0105.<\/p>\n<h2 data-start=\"2389\" data-end=\"2414\">Pakuot\u0117s dyd\u017eiai<\/h2>\n<ul data-start=\"2416\" data-end=\"2488\">\n<li class=\"\" data-start=\"2416\" data-end=\"2451\">\n<p class=\"\" data-start=\"2418\" data-end=\"2451\">60 kapsuli\u0173 (ma\u017edaug 2 m\u0117nesi\u0173 vartojimo)<\/p>\n<\/li>\n<li class=\"\" data-start=\"2452\" data-end=\"2488\">\n<p class=\"\" data-start=\"2454\" data-end=\"2488\">120 kapsuli\u0173 (ma\u017edaug 4 m\u0117nesi\u0173 vartojimo)<\/p>\n<\/li>\n<li class=\"\" data-start=\"501\" data-end=\"591\">\n<p class=\"\" data-start=\"503\" data-end=\"591\"><strong data-start=\"503\" data-end=\"517\">Veiklioji med\u017eiaga:<\/strong> vitaminas D3 (cholekalciferolis) 100 \u00b5g (2000 % referencin\u0117s paros normos)<\/p>\n<\/li>\n<li class=\"\" data-start=\"592\" data-end=\"646\">\n<p class=\"\" data-start=\"594\" data-end=\"646\"><strong data-start=\"594\" data-end=\"609\">Pagrindas:<\/strong> \u0161alto spaudimo ypa\u010d tyras alyvuogi\u0173 aliejus<\/p>\n<\/li>\n<li class=\"\" data-start=\"647\" data-end=\"725\">\n<p class=\"\" data-start=\"649\" data-end=\"725\"><strong data-start=\"649\" data-end=\"668\">Kapsul\u0117s sud\u0117tis:<\/strong> \u017eelatina (i\u0161 galvij\u0173), dr\u0117gm\u0119 i\u0161laikanti med\u017eiaga (glicerolis)<\/p>\n<\/li>\n<li class=\"\" data-start=\"726\" data-end=\"762\">\n<p class=\"\" data-start=\"728\" data-end=\"762\"><strong data-start=\"728\" data-end=\"746\">Dienos doz\u0117:<\/strong> 1 kapsul\u0117 per dien\u0105<\/p>\n<\/li>\n<li class=\"\" data-start=\"763\" data-end=\"813\">\n<p class=\"\" data-start=\"765\" data-end=\"813\"><strong data-start=\"765\" data-end=\"793\">Dienos doz\u0117:<\/strong> 100 \u00b5g vitamino D3<\/p>\n<\/li>\n<li class=\"\" data-start=\"814\" data-end=\"856\">\n<p class=\"\" data-start=\"816\" data-end=\"856\"><strong data-start=\"816\" data-end=\"850\">Paros doz\u0117s referencin\u0117 vert\u0117:<\/strong> 2000 %<\/p>\n<\/li>\n<li class=\"\" data-start=\"857\" data-end=\"881\">\n<p class=\"\" data-start=\"859\" data-end=\"881\"><strong data-start=\"859\" data-end=\"875\">Kilm\u0117s \u0161alis:<\/strong> Suomija<\/p>\n<\/li>\n<\/ul>\n","protected":false},"excerpt":{"rendered":"<div id=\":1i9\" class=\"Ar Au Ao\">\n<div id=\":1i5\" class=\"Am Al editable LW-avf tS-tW tS-tY\" tabindex=\"1\" role=\"textbox\" contenteditable=\"true\" spellcheck=\"false\" aria-label=\"Kirja tekst\" aria-multiline=\"true\" aria-owns=\":1o9\" aria-controls=\":1o9\">\n<div class=\"gmail-ULSxyf\">\n<div class=\"gmail-MjjYud\">\n<div class=\"gmail-KIy09e gmail-obcontainer gmail-wDYxhc\">\n<div id=\"gmail-tw-main\">\n<div id=\"gmail-tw-container\">\n<div id=\"gmail-tw-ob\" class=\"gmail-tw-src-ltr\">\n<div class=\"gmail-oSioSc\">\n<div id=\"gmail-tw-target\">\n<div id=\"gmail-kAz1tf\" class=\"gmail-g9WsWb\">\n<div id=\"gmail-tw-target-text-container\" class=\"gmail-tw-ta-container gmail-F0azHf gmail-tw-nfl\" tabindex=\"0\"><strong>\u201ePure+ Vitamin D3 100 \u00b5g\u201c<\/strong> yra auk\u0161tos kokyb\u0117s maisto papildas, kuris prisideda prie normalios imunin\u0117s sistemos funkcijos, palaiko kaul\u0173 ir dant\u0173 b\u016bkl\u0119 bei padeda palaikyti normali\u0105 raumen\u0173 funkcij\u0105. Kapsul\u0117 i\u0161tirpinta \u0161alto spaudimo ypa\u010d tyrame alyvuogi\u0173 aliejuje, kuris veikia kaip ne\u0161iklis. Produktas pagamintas Suomijoje, laikantis auk\u0161t\u0173 grynumo ir kokyb\u0117s standart\u0173, ir jame n\u0117ra nereikaling\u0173 pried\u0173.  <\/div>\n<\/div>\n<\/div>\n<\/div>\n<\/div>\n<\/div>\n<\/div>\n<\/div>\n<\/div>\n<\/div>\n<\/div>\n<\/div>\n","protected":false},"featured_media":32462,"comment_status":"closed","ping_status":"closed","template":"","meta":{"_acf_changed":false},"product_brand":[],"product_cat":[3049,3174,4532],"product_tag":[3023,4535,4534],"class_list":{"0":"post-33954","1":"product","2":"type-product","3":"status-publish","4":"has-post-thumbnail","6":"product_cat-specialus-pasiulymai","7":"product_cat-vitaminai","8":"product_cat-vitaminas-d","9":"product_tag-imunitetas","10":"product_tag-kaulu-ir-raumenu-sveikata","11":"product_tag-vitaminas-d","13":"first","14":"instock","15":"sale","16":"taxable","17":"shipping-taxable","18":"purchasable","19":"product-type-variable","20":"has-default-attributes"},"acf":[],"yoast_head":"<!-- This site is optimized with the Yoast SEO plugin v27.1.1 - https:\/\/yoast.com\/product\/yoast-seo-wordpress\/ -->\n<title>Vitaminas D3 100 \u00b5g - Puhdas+<\/title>\n<meta name=\"description\" content=\"Vitaminas D3 100 \u00b5g \u2013 didel\u0117s koncentracijos vitamino D kapsul\u0117s ypa\u010d tyrame alyvuogi\u0173 aliejuje, skirtos geresniam \u012fsisavinimui. Palaiko imunitet\u0105, kaulus ir raumenis.\" \/>\n<meta name=\"robots\" content=\"noindex, follow, max-snippet:-1, max-image-preview:large, max-video-preview:-1\" \/>\n<meta property=\"og:locale\" content=\"lt_LT\" \/>\n<meta property=\"og:type\" content=\"article\" \/>\n<meta property=\"og:title\" content=\"Vitaminas D3 100 \u00b5g - Puhdas+\" \/>\n<meta property=\"og:description\" content=\"Vitaminas D3 100 \u00b5g \u2013 didel\u0117s koncentracijos vitamino D kapsul\u0117s ypa\u010d tyrame alyvuogi\u0173 aliejuje, skirtos geresniam \u012fsisavinimui. Palaiko imunitet\u0105, kaulus ir raumenis.\" \/>\n<meta property=\"og:url\" content=\"https:\/\/test.puhdasplus.ee\/lt\/tooted\/vitaminai\/vitaminas-d\/vitaminas-d3-100-%c2%b5g\/\" \/>\n<meta property=\"og:site_name\" content=\"Puhdas+\" \/>\n<meta property=\"article:publisher\" content=\"https:\/\/www.facebook.com\/puhdasplus\" \/>\n<meta property=\"article:modified_time\" content=\"2026-02-27T11:12:49+00:00\" \/>\n<meta property=\"og:image\" content=\"https:\/\/test.puhdasplus.ee\/wp-content\/uploads\/2022\/11\/tooted-ilma-taustata-copy-2-scaled.jpg\" \/>\n\t<meta property=\"og:image:width\" content=\"1862\" \/>\n\t<meta property=\"og:image:height\" content=\"2560\" \/>\n\t<meta property=\"og:image:type\" content=\"image\/jpeg\" \/>\n<meta name=\"twitter:card\" content=\"summary_large_image\" \/>\n<meta name=\"twitter:label1\" content=\"Est. reading time\" \/>\n\t<meta name=\"twitter:data1\" content=\"1 minut\u0117\" \/>\n<script type=\"application\/ld+json\" class=\"yoast-schema-graph\">{\"@context\":\"https:\/\/schema.org\",\"@graph\":[{\"@type\":\"WebPage\",\"@id\":\"https:\/\/test.puhdasplus.ee\/lt\/tooted\/vitaminai\/vitaminas-d\/vitaminas-d3-100-%c2%b5g\/\",\"url\":\"https:\/\/test.puhdasplus.ee\/lt\/tooted\/vitaminai\/vitaminas-d\/vitaminas-d3-100-%c2%b5g\/\",\"name\":\"Vitaminas D3 100 \u00b5g - Puhdas+\",\"isPartOf\":{\"@id\":\"https:\/\/test.puhdasplus.ee\/lt\/#website\"},\"primaryImageOfPage\":{\"@id\":\"https:\/\/test.puhdasplus.ee\/lt\/tooted\/vitaminai\/vitaminas-d\/vitaminas-d3-100-%c2%b5g\/#primaryimage\"},\"image\":{\"@id\":\"https:\/\/test.puhdasplus.ee\/lt\/tooted\/vitaminai\/vitaminas-d\/vitaminas-d3-100-%c2%b5g\/#primaryimage\"},\"thumbnailUrl\":\"https:\/\/test.puhdasplus.ee\/wp-content\/uploads\/2022\/11\/tooted-ilma-taustata-copy-2-scaled.jpg\",\"datePublished\":\"2022-11-14T18:06:28+00:00\",\"dateModified\":\"2026-02-27T11:12:49+00:00\",\"description\":\"Vitaminas D3 100 \u00b5g \u2013 didel\u0117s koncentracijos vitamino D kapsul\u0117s ypa\u010d tyrame alyvuogi\u0173 aliejuje, skirtos geresniam \u012fsisavinimui. Palaiko imunitet\u0105, kaulus ir raumenis.\",\"breadcrumb\":{\"@id\":\"https:\/\/test.puhdasplus.ee\/lt\/tooted\/vitaminai\/vitaminas-d\/vitaminas-d3-100-%c2%b5g\/#breadcrumb\"},\"inLanguage\":\"lt-LT\",\"potentialAction\":[{\"@type\":\"ReadAction\",\"target\":[\"https:\/\/test.puhdasplus.ee\/lt\/tooted\/vitaminai\/vitaminas-d\/vitaminas-d3-100-%c2%b5g\/\"]}]},{\"@type\":\"ImageObject\",\"inLanguage\":\"lt-LT\",\"@id\":\"https:\/\/test.puhdasplus.ee\/lt\/tooted\/vitaminai\/vitaminas-d\/vitaminas-d3-100-%c2%b5g\/#primaryimage\",\"url\":\"https:\/\/test.puhdasplus.ee\/wp-content\/uploads\/2022\/11\/tooted-ilma-taustata-copy-2-scaled.jpg\",\"contentUrl\":\"https:\/\/test.puhdasplus.ee\/wp-content\/uploads\/2022\/11\/tooted-ilma-taustata-copy-2-scaled.jpg\",\"width\":1862,\"height\":2560,\"caption\":\"pureplus_D3_VITAMINAS_100MG_60 KAPSULI\u0172\"},{\"@type\":\"BreadcrumbList\",\"@id\":\"https:\/\/test.puhdasplus.ee\/lt\/tooted\/vitaminai\/vitaminas-d\/vitaminas-d3-100-%c2%b5g\/#breadcrumb\",\"itemListElement\":[{\"@type\":\"ListItem\",\"position\":1,\"name\":\"Prad\u017eia\",\"item\":\"https:\/\/test.puhdasplus.ee\/lt\/\"},{\"@type\":\"ListItem\",\"position\":2,\"name\":\"Produktai\",\"item\":\"https:\/\/test.puhdasplus.ee\/lt\/parduotuve\/\"},{\"@type\":\"ListItem\",\"position\":3,\"name\":\"Vitaminas D3 100 \u00b5g\"}]},{\"@type\":\"WebSite\",\"@id\":\"https:\/\/test.puhdasplus.ee\/lt\/#website\",\"url\":\"https:\/\/test.puhdasplus.ee\/lt\/\",\"name\":\"Puhdas+\",\"description\":\"Vitamiinid, Toidulisandid, looduskosmeetika, tervis, sport\",\"publisher\":{\"@id\":\"https:\/\/test.puhdasplus.ee\/lt\/#organization\"},\"potentialAction\":[{\"@type\":\"SearchAction\",\"target\":{\"@type\":\"EntryPoint\",\"urlTemplate\":\"https:\/\/test.puhdasplus.ee\/lt\/?s={search_term_string}\"},\"query-input\":{\"@type\":\"PropertyValueSpecification\",\"valueRequired\":true,\"valueName\":\"search_term_string\"}}],\"inLanguage\":\"lt-LT\"},{\"@type\":\"Organization\",\"@id\":\"https:\/\/test.puhdasplus.ee\/lt\/#organization\",\"name\":\"Puhdas+\",\"alternateName\":\"Puhdasplus\",\"url\":\"https:\/\/test.puhdasplus.ee\/lt\/\",\"logo\":{\"@type\":\"ImageObject\",\"inLanguage\":\"lt-LT\",\"@id\":\"https:\/\/test.puhdasplus.ee\/lt\/#\/schema\/logo\/image\/\",\"url\":\"https:\/\/test.puhdasplus.ee\/\/wp-content\/uploads\/2019\/10\/puhdas_logo-arvele.png\",\"contentUrl\":\"https:\/\/test.puhdasplus.ee\/\/wp-content\/uploads\/2019\/10\/puhdas_logo-arvele.png\",\"width\":114,\"height\":94,\"caption\":\"Puhdas+\"},\"image\":{\"@id\":\"https:\/\/test.puhdasplus.ee\/lt\/#\/schema\/logo\/image\/\"},\"sameAs\":[\"https:\/\/www.facebook.com\/puhdasplus\",\"https:\/\/www.instagram.com\/puhdasplus_ee\/\"]}]}<\/script>\n<!-- \/ Yoast SEO plugin. -->","yoast_head_json":{"title":"Vitaminas D3 100 \u00b5g - Puhdas+","description":"Vitaminas D3 100 \u00b5g \u2013 didel\u0117s koncentracijos vitamino D kapsul\u0117s ypa\u010d tyrame alyvuogi\u0173 aliejuje, skirtos geresniam \u012fsisavinimui. Palaiko imunitet\u0105, kaulus ir raumenis.","robots":{"index":"noindex","follow":"follow","max-snippet":"max-snippet:-1","max-image-preview":"max-image-preview:large","max-video-preview":"max-video-preview:-1"},"og_locale":"lt_LT","og_type":"article","og_title":"Vitaminas D3 100 \u00b5g - Puhdas+","og_description":"Vitaminas D3 100 \u00b5g \u2013 didel\u0117s koncentracijos vitamino D kapsul\u0117s ypa\u010d tyrame alyvuogi\u0173 aliejuje, skirtos geresniam \u012fsisavinimui. Palaiko imunitet\u0105, kaulus ir raumenis.","og_url":"https:\/\/test.puhdasplus.ee\/lt\/tooted\/vitaminai\/vitaminas-d\/vitaminas-d3-100-%c2%b5g\/","og_site_name":"Puhdas+","article_publisher":"https:\/\/www.facebook.com\/puhdasplus","article_modified_time":"2026-02-27T11:12:49+00:00","og_image":[{"width":1862,"height":2560,"url":"https:\/\/test.puhdasplus.ee\/wp-content\/uploads\/2022\/11\/tooted-ilma-taustata-copy-2-scaled.jpg","type":"image\/jpeg"}],"twitter_card":"summary_large_image","twitter_misc":{"Est. reading time":"1 minut\u0117"},"schema":{"@context":"https:\/\/schema.org","@graph":[{"@type":"WebPage","@id":"https:\/\/test.puhdasplus.ee\/lt\/tooted\/vitaminai\/vitaminas-d\/vitaminas-d3-100-%c2%b5g\/","url":"https:\/\/test.puhdasplus.ee\/lt\/tooted\/vitaminai\/vitaminas-d\/vitaminas-d3-100-%c2%b5g\/","name":"Vitaminas D3 100 \u00b5g - Puhdas+","isPartOf":{"@id":"https:\/\/test.puhdasplus.ee\/lt\/#website"},"primaryImageOfPage":{"@id":"https:\/\/test.puhdasplus.ee\/lt\/tooted\/vitaminai\/vitaminas-d\/vitaminas-d3-100-%c2%b5g\/#primaryimage"},"image":{"@id":"https:\/\/test.puhdasplus.ee\/lt\/tooted\/vitaminai\/vitaminas-d\/vitaminas-d3-100-%c2%b5g\/#primaryimage"},"thumbnailUrl":"https:\/\/test.puhdasplus.ee\/wp-content\/uploads\/2022\/11\/tooted-ilma-taustata-copy-2-scaled.jpg","datePublished":"2022-11-14T18:06:28+00:00","dateModified":"2026-02-27T11:12:49+00:00","description":"Vitaminas D3 100 \u00b5g \u2013 didel\u0117s koncentracijos vitamino D kapsul\u0117s ypa\u010d tyrame alyvuogi\u0173 aliejuje, skirtos geresniam \u012fsisavinimui. Palaiko imunitet\u0105, kaulus ir raumenis.","breadcrumb":{"@id":"https:\/\/test.puhdasplus.ee\/lt\/tooted\/vitaminai\/vitaminas-d\/vitaminas-d3-100-%c2%b5g\/#breadcrumb"},"inLanguage":"lt-LT","potentialAction":[{"@type":"ReadAction","target":["https:\/\/test.puhdasplus.ee\/lt\/tooted\/vitaminai\/vitaminas-d\/vitaminas-d3-100-%c2%b5g\/"]}]},{"@type":"ImageObject","inLanguage":"lt-LT","@id":"https:\/\/test.puhdasplus.ee\/lt\/tooted\/vitaminai\/vitaminas-d\/vitaminas-d3-100-%c2%b5g\/#primaryimage","url":"https:\/\/test.puhdasplus.ee\/wp-content\/uploads\/2022\/11\/tooted-ilma-taustata-copy-2-scaled.jpg","contentUrl":"https:\/\/test.puhdasplus.ee\/wp-content\/uploads\/2022\/11\/tooted-ilma-taustata-copy-2-scaled.jpg","width":1862,"height":2560,"caption":"pureplus_D3_VITAMINAS_100MG_60 KAPSULI\u0172"},{"@type":"BreadcrumbList","@id":"https:\/\/test.puhdasplus.ee\/lt\/tooted\/vitaminai\/vitaminas-d\/vitaminas-d3-100-%c2%b5g\/#breadcrumb","itemListElement":[{"@type":"ListItem","position":1,"name":"Prad\u017eia","item":"https:\/\/test.puhdasplus.ee\/lt\/"},{"@type":"ListItem","position":2,"name":"Produktai","item":"https:\/\/test.puhdasplus.ee\/lt\/parduotuve\/"},{"@type":"ListItem","position":3,"name":"Vitaminas D3 100 \u00b5g"}]},{"@type":"WebSite","@id":"https:\/\/test.puhdasplus.ee\/lt\/#website","url":"https:\/\/test.puhdasplus.ee\/lt\/","name":"Puhdas+","description":"Vitamiinid, Toidulisandid, looduskosmeetika, tervis, sport","publisher":{"@id":"https:\/\/test.puhdasplus.ee\/lt\/#organization"},"potentialAction":[{"@type":"SearchAction","target":{"@type":"EntryPoint","urlTemplate":"https:\/\/test.puhdasplus.ee\/lt\/?s={search_term_string}"},"query-input":{"@type":"PropertyValueSpecification","valueRequired":true,"valueName":"search_term_string"}}],"inLanguage":"lt-LT"},{"@type":"Organization","@id":"https:\/\/test.puhdasplus.ee\/lt\/#organization","name":"Puhdas+","alternateName":"Puhdasplus","url":"https:\/\/test.puhdasplus.ee\/lt\/","logo":{"@type":"ImageObject","inLanguage":"lt-LT","@id":"https:\/\/test.puhdasplus.ee\/lt\/#\/schema\/logo\/image\/","url":"https:\/\/test.puhdasplus.ee\/\/wp-content\/uploads\/2019\/10\/puhdas_logo-arvele.png","contentUrl":"https:\/\/test.puhdasplus.ee\/\/wp-content\/uploads\/2019\/10\/puhdas_logo-arvele.png","width":114,"height":94,"caption":"Puhdas+"},"image":{"@id":"https:\/\/test.puhdasplus.ee\/lt\/#\/schema\/logo\/image\/"},"sameAs":["https:\/\/www.facebook.com\/puhdasplus","https:\/\/www.instagram.com\/puhdasplus_ee\/"]}]}},"_links":{"self":[{"href":"https:\/\/test.puhdasplus.ee\/lt\/wp-json\/wp\/v2\/product\/33954","targetHints":{"allow":["GET"]}}],"collection":[{"href":"https:\/\/test.puhdasplus.ee\/lt\/wp-json\/wp\/v2\/product"}],"about":[{"href":"https:\/\/test.puhdasplus.ee\/lt\/wp-json\/wp\/v2\/types\/product"}],"replies":[{"embeddable":true,"href":"https:\/\/test.puhdasplus.ee\/lt\/wp-json\/wp\/v2\/comments?post=33954"}],"wp:featuredmedia":[{"embeddable":true,"href":"https:\/\/test.puhdasplus.ee\/lt\/wp-json\/wp\/v2\/media\/32462"}],"wp:attachment":[{"href":"https:\/\/test.puhdasplus.ee\/lt\/wp-json\/wp\/v2\/media?parent=33954"}],"wp:term":[{"taxonomy":"product_brand","embeddable":true,"href":"https:\/\/test.puhdasplus.ee\/lt\/wp-json\/wp\/v2\/product_brand?post=33954"},{"taxonomy":"product_cat","embeddable":true,"href":"https:\/\/test.puhdasplus.ee\/lt\/wp-json\/wp\/v2\/product_cat?post=33954"},{"taxonomy":"product_tag","embeddable":true,"href":"https:\/\/test.puhdasplus.ee\/lt\/wp-json\/wp\/v2\/product_tag?post=33954"}],"curies":[{"name":"wp","href":"https:\/\/api.w.org\/{rel}","templated":true}]}}