{"id":33952,"date":"2022-11-14T20:58:43","date_gmt":"2022-11-14T18:58:43","guid":{"rendered":"https:\/\/test.puhdasplus.ee\/\/tooted\/be-kategorijos\/vitaminas-d3-50-%c2%b5g\/"},"modified":"2026-02-27T13:12:43","modified_gmt":"2026-02-27T11:12:43","slug":"vitaminas-d3-50-%c2%b5g","status":"publish","type":"product","link":"https:\/\/test.puhdasplus.ee\/lt\/tooted\/vitaminai\/vitaminas-d\/vitaminas-d3-50-%c2%b5g\/","title":{"rendered":"Vitaminas D3 50 \u00b5g"},"content":{"rendered":"<h2><span class=\"relative -mx-px my-[-0.2rem] rounded px-px py-[0.2rem] transition-colors duration-100 ease-in-out\">Kas yra \u201ePure+\u201c vitaminas D3 50 \u00b5g?<\/span><\/h2>\n<p><span class=\"relative -mx-px my-[-0.2rem] rounded px-px py-[0.2rem] transition-colors duration-100 ease-in-out\">\u201ePure+\u201c vitamino D3 50 \u00b5g maisto papildas, kurio sud\u0117tyje yra auk\u0161tos kokyb\u0117s vitamino D3 (cholekalciferolio) \u0161alto spaudimo ypa\u010d tyrame alyvuogi\u0173 aliejuje.<\/span> <span class=\"relative -mx-px my-[-0.2rem] rounded px-px py-[0.2rem] transition-colors duration-100 ease-in-out\">\u0160is derinys u\u017etikrina geresn\u012f vitamino \u012fsisavinim\u0105 organizme.<\/span> <span class=\"relative -mx-px my-[-0.2rem] rounded px-px py-[0.2rem] transition-colors duration-100 ease-in-out\">Ma\u017ea mink\u0161ta kapsul\u0117 lengvai nuryjama.<\/span><\/p>\n<h2 data-start=\"199\" data-end=\"235\">Produkto savyb\u0117s ir privalumai<\/h2>\n<ul data-start=\"237\" data-end=\"703\">\n<li class=\"\" data-start=\"237\" data-end=\"342\">\n<p class=\"\" data-start=\"239\" data-end=\"342\"><strong data-start=\"239\" data-end=\"263\">Imunin\u0117s sistemos palaikymas:<\/strong> <span class=\"relative -mx-px my-[-0.2rem] rounded px-px py-[0.2rem] transition-colors duration-100 ease-in-out\">vitaminas D3 padeda palaikyti normali\u0105 imunin\u0117s sistemos funkcij\u0105, stiprindamas nat\u016brali\u0105 organizmo apsaug\u0105.<\/span><\/p>\n<\/li>\n<li class=\"\" data-start=\"344\" data-end=\"454\">\n<p class=\"\" data-start=\"346\" data-end=\"454\"><strong data-start=\"346\" data-end=\"375\">Kaul\u0173 ir dant\u0173 sveikata:<\/strong> <span class=\"relative -mx-px my-[-0.2rem] rounded px-px py-[0.2rem] transition-colors duration-100 ease-in-out\">padeda palaikyti normali\u0105 kaul\u0173 ir dant\u0173 b\u016bkl\u0119 bei skatina normali\u0105 kalcio absorbcij\u0105.<\/span><\/p>\n<\/li>\n<li class=\"\" data-start=\"456\" data-end=\"562\">\n<p class=\"\" data-start=\"458\" data-end=\"562\"><strong data-start=\"458\" data-end=\"483\">Pagerintas \u012fsisavinimas:<\/strong> <span class=\"relative -mx-px my-[-0.2rem] rounded px-px py-[0.2rem] transition-colors duration-100 ease-in-out\">riebaluose tirpus vitaminas D3 yra i\u0161tirpintas auk\u0161tos kokyb\u0117s alyvuogi\u0173 aliejuje, tod\u0117l organizme pager\u0117ja jo \u012fsisavinimas.<\/span><\/p>\n<\/li>\n<li class=\"\" data-start=\"564\" data-end=\"703\">\n<p class=\"\" data-start=\"566\" data-end=\"703\"><strong data-start=\"566\" data-end=\"584\">Gryni ingredientai:<\/strong> <span class=\"relative -mx-px my-[-0.2rem] rounded px-px py-[0.2rem] transition-colors duration-100 ease-in-out\">Be konservant\u0173, da\u017eikli\u0173 ar dirbtini\u0173 kvapi\u0173j\u0173 med\u017eiag\u0173.<\/span> <span class=\"relative -mx-px my-[-0.2rem] rounded px-px py-[0.2rem] transition-colors duration-100 ease-in-out\">Tinka \u017emon\u0117ms, ie\u0161kantiems maisto papild\u0173 be pried\u0173.<\/span><\/p>\n<\/li>\n<\/ul>\n<h2 data-start=\"838\" data-end=\"856\">Naudotojo vadovas<\/h2>\n<p class=\"\" data-start=\"858\" data-end=\"1056\"><span class=\"relative -mx-px my-[-0.2rem] rounded px-px py-[0.2rem] transition-colors duration-100 ease-in-out\">Gerti po 1 kapsul\u0119 per dien\u0105, u\u017egeriant vandeniu.<\/span> <span class=\"relative -mx-px my-[-0.2rem] rounded px-px py-[0.2rem] transition-colors duration-100 ease-in-out\">Rekomenduojamos paros doz\u0117s vir\u0161yti negalima.<\/span> <span class=\"relative -mx-px my-[-0.2rem] rounded px-px py-[0.2rem] transition-colors duration-100 ease-in-out\">Maisto papildas nepakei\u010dia \u012fvairios ir subalansuotos mitybos ar sveiko gyvenimo b\u016bdo.<\/span> <span class=\"relative -mx-px my-[-0.2rem] rounded px-px py-[0.2rem] transition-colors duration-100 ease-in-out\">Laikyti vaikams nepasiekiamoje vietoje.<\/span><\/p>\n<h2 data-start=\"710\" data-end=\"729\">Ingredientai<\/h2>\n<ul data-start=\"731\" data-end=\"975\">\n<li class=\"\" data-start=\"731\" data-end=\"811\">\n<p class=\"\" data-start=\"733\" data-end=\"811\"><span class=\"relative -mx-px my-[-0.2rem] rounded px-px py-[0.2rem] transition-colors duration-100 ease-in-out\">\u0160alto spaudimo ypa\u010d tyras alyvuogi\u0173 aliejus<\/span><\/p>\n<\/li>\n<li class=\"\" data-start=\"813\" data-end=\"893\">\n<p class=\"\" data-start=\"815\" data-end=\"893\"><span class=\"relative -mx-px my-[-0.2rem] rounded px-px py-[0.2rem] transition-colors duration-100 ease-in-out\">Kapsul\u0117s apvalkalas: \u017eelatina (i\u0161 galvij\u0173), dr\u0117gm\u0119 i\u0161laikanti med\u017eiaga (glicerolis)<\/span><\/p>\n<\/li>\n<li class=\"\" data-start=\"895\" data-end=\"975\">\n<p class=\"\" data-start=\"897\" data-end=\"975\"><span class=\"relative -mx-px my-[-0.2rem] rounded px-px py-[0.2rem] transition-colors duration-100 ease-in-out\">Veiklioji med\u017eiaga: cholekalciferolis (vitaminas D3)<\/span><\/p>\n<\/li>\n<\/ul>\n<p data-start=\"1076\" data-end=\"1154\"><span class=\"relative -mx-px my-[-0.2rem] rounded px-px py-[0.2rem] transition-colors duration-100 ease-in-out\">Sud\u0117tyje n\u0117ra laktoz\u0117s, mieli\u0173 ar glitimo.<\/span> <span class=\"relative -mx-px my-[-0.2rem] rounded px-px py-[0.2rem] transition-colors duration-100 ease-in-out\">Sud\u0117tyje n\u0117ra cukraus, druskos, sojos ar saldikli\u0173.<\/span> <span class=\"relative -mx-px my-[-0.2rem] rounded px-px py-[0.2rem] transition-colors duration-100 ease-in-out\">Tinka \u017emon\u0117ms, ie\u0161kantiems gryn\u0173 ir be pried\u0173 maisto papild\u0173.<\/span><\/p>\n<h2 data-start=\"982\" data-end=\"1009\">Mitybos informacija<\/h2>\n<ul data-start=\"1011\" data-end=\"1217\">\n<li class=\"\" data-start=\"1011\" data-end=\"1108\">\n<p class=\"\" data-start=\"1013\" data-end=\"1108\"><strong data-start=\"1013\" data-end=\"1029\">Dozavimas:<\/strong> <span class=\"relative -mx-px my-[-0.2rem] rounded px-px py-[0.2rem] transition-colors duration-100 ease-in-out\">1 kapsul\u0117 per dien\u0105<\/span><\/p>\n<\/li>\n<li class=\"\" data-start=\"1110\" data-end=\"1217\">\n<p class=\"\" data-start=\"1112\" data-end=\"1217\"><strong data-start=\"1112\" data-end=\"1138\">Vitamino D3 kiekis:<\/strong> <span class=\"relative -mx-px my-[-0.2rem] rounded px-px py-[0.2rem] transition-colors duration-100 ease-in-out\">50 \u00b5g (1000 % referencin\u0117s paros normos)<\/span><\/p>\n<\/li>\n<\/ul>\n<h2 data-start=\"1156\" data-end=\"1177\">Pakuot\u0117s dyd\u017eiai<\/h2>\n<ul data-start=\"1179\" data-end=\"1301\">\n<li class=\"\" data-start=\"1179\" data-end=\"1220\">\n<p class=\"\" data-start=\"1181\" data-end=\"1220\"><span class=\"relative -mx-px my-[-0.2rem] rounded px-px py-[0.2rem] transition-colors duration-100 ease-in-out\">60 kapsuli\u0173<\/span><\/p>\n<\/li>\n<li class=\"\" data-start=\"1221\" data-end=\"1301\">\n<p class=\"\" data-start=\"1223\" data-end=\"1301\"><span class=\"relative -mx-px my-[-0.2rem] rounded px-px py-[0.2rem] transition-colors duration-100 ease-in-out\">120 kapsuli\u0173<\/span><\/p>\n<\/li>\n<\/ul>\n<h2 data-start=\"338\" data-end=\"351\">Savyb\u0117s<\/h2>\n<ul data-start=\"353\" data-end=\"836\">\n<li class=\"\" data-start=\"353\" data-end=\"409\">\n<p class=\"\" data-start=\"355\" data-end=\"409\"><strong data-start=\"355\" data-end=\"369\">Veiklioji med\u017eiaga:<\/strong> <span class=\"relative -mx-px my-[-0.2rem] rounded px-px py-[0.2rem] transition-colors duration-100 ease-in-out\">vitaminas D3 (cholekalciferolis) 50 \u00b5g (1000 % referencin\u0117s paros normos)<\/span><\/p>\n<\/li>\n<li class=\"\" data-start=\"410\" data-end=\"467\">\n<p class=\"\" data-start=\"412\" data-end=\"467\"><strong data-start=\"412\" data-end=\"427\">Pagrindas:<\/strong> <span class=\"relative -mx-px my-[-0.2rem] rounded px-px py-[0.2rem] transition-colors duration-100 ease-in-out\">\u0161alto spaudimo ypa\u010d tyras alyvuogi\u0173 aliejus<\/span><\/p>\n<\/li>\n<li class=\"\" data-start=\"468\" data-end=\"529\">\n<p class=\"\" data-start=\"470\" data-end=\"529\"><strong data-start=\"470\" data-end=\"489\">Kapsul\u0117s sud\u0117tis:<\/strong> <span class=\"relative -mx-px my-[-0.2rem] rounded px-px py-[0.2rem] transition-colors duration-100 ease-in-out\">\u017eelatina (i\u0161 galvij\u0173), dr\u0117gm\u0119 i\u0161laikanti med\u017eiaga (glicerolis)<\/span><\/p>\n<\/li>\n<li class=\"\" data-start=\"530\" data-end=\"590\">\n<p class=\"\" data-start=\"532\" data-end=\"590\"><strong data-start=\"532\" data-end=\"550\">Dienos doz\u0117:<\/strong> <span class=\"relative -mx-px my-[-0.2rem] rounded px-px py-[0.2rem] transition-colors duration-100 ease-in-out\">1 kapsul\u0117 per dien\u0105<\/span><\/p>\n<\/li>\n<li class=\"\" data-start=\"591\" data-end=\"661\">\n<p class=\"\" data-start=\"593\" data-end=\"661\"><strong data-start=\"593\" data-end=\"621\">Dienos doz\u0117:<\/strong> <span class=\"relative -mx-px my-[-0.2rem] rounded px-px py-[0.2rem] transition-colors duration-100 ease-in-out\">50 \u00b5g vitamino D3<\/span><\/p>\n<\/li>\n<li class=\"\" data-start=\"662\" data-end=\"738\">\n<p class=\"\" data-start=\"664\" data-end=\"738\"><strong data-start=\"664\" data-end=\"698\">Paros doz\u0117s referencin\u0117 vert\u0117:<\/strong> <span class=\"relative -mx-px my-[-0.2rem] rounded px-px py-[0.2rem] transition-colors duration-100 ease-in-out\">1000 %<\/span><\/p>\n<\/li>\n<li class=\"\" data-start=\"739\" data-end=\"836\">\n<p class=\"\" data-start=\"741\" data-end=\"836\"><strong data-start=\"741\" data-end=\"757\">Kilm\u0117s \u0161alis:<\/strong> <span class=\"relative -mx-px my-[-0.2rem] rounded px-px py-[0.2rem] transition-colors duration-100 ease-in-out\">Suomija<\/span><\/p>\n<\/li>\n<\/ul>\n","protected":false},"excerpt":{"rendered":"<p class=\"\" data-start=\"77\" data-end=\"643\"><strong data-start=\"77\" data-end=\"118\">\u201ePure+ Vitamin D3 50 \u00b5g\u201c<\/strong> yra auk\u0161tos kokyb\u0117s maisto papildas, kurio sud\u0117tyje yra b\u016btino vitamino D3, i\u0161tirpinto \u0161alto spaudimo ypa\u010d tyrame alyvuogi\u0173 aliejuje. Vitaminas D3, dar vadinamas \u201esaul\u0117s vitaminu\u201c, yra b\u016btinas imuninei sistemai stiprinti, kaul\u0173 ir dant\u0173 sveikatai palaikyti bei normaliai raumen\u0173 funkcijai. \u0160iaur\u0117s \u0161alyse ir Estijoje, kur \u017eiemos m\u0117nesiais tr\u016bksta saul\u0117s \u0161viesos, organizmo nat\u016brali vitamino D3 gamyba gali b\u016bti nepakankama. Tod\u0117l vitaminas D3, vartojamas kaip maisto papildas, yra paprastas ir veiksmingas b\u016bdas palaikyti reikiam\u0105 jo kiek\u012f.   <\/p>\n<p class=\"\" data-start=\"645\" data-end=\"996\">Alyvuogi\u0173 aliejaus naudojimas kaip ne\u0161iklio pagerina riebaluose tirpaus vitamino D3 absorbcij\u0105 organizme, taip u\u017etikrinant maksimali\u0105 naud\u0105. Ma\u017eos ir lengvai nuryjamos kapsul\u0117s idealiai tinka kasdieniam vartojimui. Produktas pagamintas Suomijoje laikantis auk\u0161\u010diausi\u0173 kokyb\u0117s standart\u0173 ir jame n\u0117ra nereikaling\u0173 pried\u0173, laktoz\u0117s, glitimo, mieli\u0173 ar saldikli\u0173.  <\/p>\n<p class=\"\" data-start=\"998\" data-end=\"1203\"><strong data-start=\"998\" data-end=\"1039\">\u201ePure+ Vitamin D3 50 \u00b5g\u201c<\/strong> yra puikus pasirinkimas visiems, norintiems i\u0161vengti vitamino D tr\u016bkumo, sustiprinti imunitet\u0105, pagerinti kaul\u0173 tvirtum\u0105 ir palaikyti bendr\u0105 savijaut\u0105 bei gyvybingum\u0105.<\/p>\n","protected":false},"featured_media":32475,"comment_status":"closed","ping_status":"closed","template":"","meta":{"_acf_changed":false},"product_brand":[],"product_cat":[4532],"product_tag":[4538,4025,3023,4541,4535,4539,4534,4540,4533,4536,4537],"class_list":{"0":"post-33952","1":"product","2":"type-product","3":"status-publish","4":"has-post-thumbnail","6":"product_cat-vitaminas-d","7":"product_tag-geresnis-d3-isisavinimas","8":"product_tag-imunines-sistemos-palaikymas-lt","9":"product_tag-imunitetas","10":"product_tag-kalcio-metabolizmas","11":"product_tag-kaulu-ir-raumenu-sveikata","12":"product_tag-vitaminai-rudeniui-ir-ziemai","13":"product_tag-vitaminas-d","14":"product_tag-vitaminas-d-50-g","15":"product_tag-vitaminas-d3","16":"product_tag-vitamino-d3-papildas","17":"product_tag-ypac-tyras-alyvuogiu-aliejus","19":"first","20":"onbackorder","21":"taxable","22":"shipping-taxable","23":"purchasable","24":"product-type-variable","25":"has-default-attributes"},"acf":[],"yoast_head":"<!-- This site is optimized with the Yoast SEO plugin v27.1.1 - https:\/\/yoast.com\/product\/yoast-seo-wordpress\/ -->\n<title>Vitaminas D3 50 \u00b5g - Puhdas+<\/title>\n<meta name=\"description\" content=\"Vitaminas D3 50 \u00b5g \u2013 veiksminga vitamino D kapsul\u0117, palaikanti imunitet\u0105, kaulus ir raumenis, kurios sud\u0117tyje yra ypa\u010d tyro alyvuogi\u0173 aliejaus, kad b\u016bt\u0173 geriau \u012fsisavinamas.\" \/>\n<meta name=\"robots\" content=\"noindex, follow, max-snippet:-1, max-image-preview:large, max-video-preview:-1\" \/>\n<meta property=\"og:locale\" content=\"lt_LT\" \/>\n<meta property=\"og:type\" content=\"article\" \/>\n<meta property=\"og:title\" content=\"Vitaminas D3 50 \u00b5g - Puhdas+\" \/>\n<meta property=\"og:description\" content=\"Vitaminas D3 50 \u00b5g \u2013 veiksminga vitamino D kapsul\u0117, palaikanti imunitet\u0105, kaulus ir raumenis, kurios sud\u0117tyje yra ypa\u010d tyro alyvuogi\u0173 aliejaus, kad b\u016bt\u0173 geriau \u012fsisavinamas.\" \/>\n<meta property=\"og:url\" content=\"https:\/\/test.puhdasplus.ee\/lt\/tooted\/vitaminai\/vitaminas-d\/vitaminas-d3-50-%c2%b5g\/\" \/>\n<meta property=\"og:site_name\" content=\"Puhdas+\" \/>\n<meta property=\"article:publisher\" content=\"https:\/\/www.facebook.com\/puhdasplus\" \/>\n<meta property=\"article:modified_time\" content=\"2026-02-27T11:12:43+00:00\" \/>\n<meta property=\"og:image\" content=\"https:\/\/test.puhdasplus.ee\/wp-content\/uploads\/2022\/11\/tooted-ilma-taustata-scaled.png\" \/>\n\t<meta property=\"og:image:width\" content=\"1862\" \/>\n\t<meta property=\"og:image:height\" content=\"2560\" \/>\n\t<meta property=\"og:image:type\" content=\"image\/png\" \/>\n<meta name=\"twitter:card\" content=\"summary_large_image\" \/>\n<meta name=\"twitter:label1\" content=\"Est. reading time\" \/>\n\t<meta name=\"twitter:data1\" content=\"1 minut\u0117\" \/>\n<script type=\"application\/ld+json\" class=\"yoast-schema-graph\">{\"@context\":\"https:\/\/schema.org\",\"@graph\":[{\"@type\":\"WebPage\",\"@id\":\"https:\/\/test.puhdasplus.ee\/lt\/tooted\/vitaminai\/vitaminas-d\/vitaminas-d3-50-%c2%b5g\/\",\"url\":\"https:\/\/test.puhdasplus.ee\/lt\/tooted\/vitaminai\/vitaminas-d\/vitaminas-d3-50-%c2%b5g\/\",\"name\":\"Vitaminas D3 50 \u00b5g - Puhdas+\",\"isPartOf\":{\"@id\":\"https:\/\/test.puhdasplus.ee\/lt\/#website\"},\"primaryImageOfPage\":{\"@id\":\"https:\/\/test.puhdasplus.ee\/lt\/tooted\/vitaminai\/vitaminas-d\/vitaminas-d3-50-%c2%b5g\/#primaryimage\"},\"image\":{\"@id\":\"https:\/\/test.puhdasplus.ee\/lt\/tooted\/vitaminai\/vitaminas-d\/vitaminas-d3-50-%c2%b5g\/#primaryimage\"},\"thumbnailUrl\":\"https:\/\/test.puhdasplus.ee\/wp-content\/uploads\/2022\/11\/tooted-ilma-taustata-scaled.png\",\"datePublished\":\"2022-11-14T18:58:43+00:00\",\"dateModified\":\"2026-02-27T11:12:43+00:00\",\"description\":\"Vitaminas D3 50 \u00b5g \u2013 veiksminga vitamino D kapsul\u0117, palaikanti imunitet\u0105, kaulus ir raumenis, kurios sud\u0117tyje yra ypa\u010d tyro alyvuogi\u0173 aliejaus, kad b\u016bt\u0173 geriau \u012fsisavinamas.\",\"breadcrumb\":{\"@id\":\"https:\/\/test.puhdasplus.ee\/lt\/tooted\/vitaminai\/vitaminas-d\/vitaminas-d3-50-%c2%b5g\/#breadcrumb\"},\"inLanguage\":\"lt-LT\",\"potentialAction\":[{\"@type\":\"ReadAction\",\"target\":[\"https:\/\/test.puhdasplus.ee\/lt\/tooted\/vitaminai\/vitaminas-d\/vitaminas-d3-50-%c2%b5g\/\"]}]},{\"@type\":\"ImageObject\",\"inLanguage\":\"lt-LT\",\"@id\":\"https:\/\/test.puhdasplus.ee\/lt\/tooted\/vitaminai\/vitaminas-d\/vitaminas-d3-50-%c2%b5g\/#primaryimage\",\"url\":\"https:\/\/test.puhdasplus.ee\/wp-content\/uploads\/2022\/11\/tooted-ilma-taustata-scaled.png\",\"contentUrl\":\"https:\/\/test.puhdasplus.ee\/wp-content\/uploads\/2022\/11\/tooted-ilma-taustata-scaled.png\",\"width\":1862,\"height\":2560,\"caption\":\"Vitaminas D3 50 \u00b5g\"},{\"@type\":\"BreadcrumbList\",\"@id\":\"https:\/\/test.puhdasplus.ee\/lt\/tooted\/vitaminai\/vitaminas-d\/vitaminas-d3-50-%c2%b5g\/#breadcrumb\",\"itemListElement\":[{\"@type\":\"ListItem\",\"position\":1,\"name\":\"Prad\u017eia\",\"item\":\"https:\/\/test.puhdasplus.ee\/lt\/\"},{\"@type\":\"ListItem\",\"position\":2,\"name\":\"Produktai\",\"item\":\"https:\/\/test.puhdasplus.ee\/lt\/parduotuve\/\"},{\"@type\":\"ListItem\",\"position\":3,\"name\":\"Vitaminas D3 50 \u00b5g\"}]},{\"@type\":\"WebSite\",\"@id\":\"https:\/\/test.puhdasplus.ee\/lt\/#website\",\"url\":\"https:\/\/test.puhdasplus.ee\/lt\/\",\"name\":\"Puhdas+\",\"description\":\"Vitamiinid, Toidulisandid, looduskosmeetika, tervis, sport\",\"publisher\":{\"@id\":\"https:\/\/test.puhdasplus.ee\/lt\/#organization\"},\"potentialAction\":[{\"@type\":\"SearchAction\",\"target\":{\"@type\":\"EntryPoint\",\"urlTemplate\":\"https:\/\/test.puhdasplus.ee\/lt\/?s={search_term_string}\"},\"query-input\":{\"@type\":\"PropertyValueSpecification\",\"valueRequired\":true,\"valueName\":\"search_term_string\"}}],\"inLanguage\":\"lt-LT\"},{\"@type\":\"Organization\",\"@id\":\"https:\/\/test.puhdasplus.ee\/lt\/#organization\",\"name\":\"Puhdas+\",\"alternateName\":\"Puhdasplus\",\"url\":\"https:\/\/test.puhdasplus.ee\/lt\/\",\"logo\":{\"@type\":\"ImageObject\",\"inLanguage\":\"lt-LT\",\"@id\":\"https:\/\/test.puhdasplus.ee\/lt\/#\/schema\/logo\/image\/\",\"url\":\"https:\/\/test.puhdasplus.ee\/\/wp-content\/uploads\/2019\/10\/puhdas_logo-arvele.png\",\"contentUrl\":\"https:\/\/test.puhdasplus.ee\/\/wp-content\/uploads\/2019\/10\/puhdas_logo-arvele.png\",\"width\":114,\"height\":94,\"caption\":\"Puhdas+\"},\"image\":{\"@id\":\"https:\/\/test.puhdasplus.ee\/lt\/#\/schema\/logo\/image\/\"},\"sameAs\":[\"https:\/\/www.facebook.com\/puhdasplus\",\"https:\/\/www.instagram.com\/puhdasplus_ee\/\"]}]}<\/script>\n<!-- \/ Yoast SEO plugin. -->","yoast_head_json":{"title":"Vitaminas D3 50 \u00b5g - Puhdas+","description":"Vitaminas D3 50 \u00b5g \u2013 veiksminga vitamino D kapsul\u0117, palaikanti imunitet\u0105, kaulus ir raumenis, kurios sud\u0117tyje yra ypa\u010d tyro alyvuogi\u0173 aliejaus, kad b\u016bt\u0173 geriau \u012fsisavinamas.","robots":{"index":"noindex","follow":"follow","max-snippet":"max-snippet:-1","max-image-preview":"max-image-preview:large","max-video-preview":"max-video-preview:-1"},"og_locale":"lt_LT","og_type":"article","og_title":"Vitaminas D3 50 \u00b5g - Puhdas+","og_description":"Vitaminas D3 50 \u00b5g \u2013 veiksminga vitamino D kapsul\u0117, palaikanti imunitet\u0105, kaulus ir raumenis, kurios sud\u0117tyje yra ypa\u010d tyro alyvuogi\u0173 aliejaus, kad b\u016bt\u0173 geriau \u012fsisavinamas.","og_url":"https:\/\/test.puhdasplus.ee\/lt\/tooted\/vitaminai\/vitaminas-d\/vitaminas-d3-50-%c2%b5g\/","og_site_name":"Puhdas+","article_publisher":"https:\/\/www.facebook.com\/puhdasplus","article_modified_time":"2026-02-27T11:12:43+00:00","og_image":[{"width":1862,"height":2560,"url":"https:\/\/test.puhdasplus.ee\/wp-content\/uploads\/2022\/11\/tooted-ilma-taustata-scaled.png","type":"image\/png"}],"twitter_card":"summary_large_image","twitter_misc":{"Est. reading time":"1 minut\u0117"},"schema":{"@context":"https:\/\/schema.org","@graph":[{"@type":"WebPage","@id":"https:\/\/test.puhdasplus.ee\/lt\/tooted\/vitaminai\/vitaminas-d\/vitaminas-d3-50-%c2%b5g\/","url":"https:\/\/test.puhdasplus.ee\/lt\/tooted\/vitaminai\/vitaminas-d\/vitaminas-d3-50-%c2%b5g\/","name":"Vitaminas D3 50 \u00b5g - Puhdas+","isPartOf":{"@id":"https:\/\/test.puhdasplus.ee\/lt\/#website"},"primaryImageOfPage":{"@id":"https:\/\/test.puhdasplus.ee\/lt\/tooted\/vitaminai\/vitaminas-d\/vitaminas-d3-50-%c2%b5g\/#primaryimage"},"image":{"@id":"https:\/\/test.puhdasplus.ee\/lt\/tooted\/vitaminai\/vitaminas-d\/vitaminas-d3-50-%c2%b5g\/#primaryimage"},"thumbnailUrl":"https:\/\/test.puhdasplus.ee\/wp-content\/uploads\/2022\/11\/tooted-ilma-taustata-scaled.png","datePublished":"2022-11-14T18:58:43+00:00","dateModified":"2026-02-27T11:12:43+00:00","description":"Vitaminas D3 50 \u00b5g \u2013 veiksminga vitamino D kapsul\u0117, palaikanti imunitet\u0105, kaulus ir raumenis, kurios sud\u0117tyje yra ypa\u010d tyro alyvuogi\u0173 aliejaus, kad b\u016bt\u0173 geriau \u012fsisavinamas.","breadcrumb":{"@id":"https:\/\/test.puhdasplus.ee\/lt\/tooted\/vitaminai\/vitaminas-d\/vitaminas-d3-50-%c2%b5g\/#breadcrumb"},"inLanguage":"lt-LT","potentialAction":[{"@type":"ReadAction","target":["https:\/\/test.puhdasplus.ee\/lt\/tooted\/vitaminai\/vitaminas-d\/vitaminas-d3-50-%c2%b5g\/"]}]},{"@type":"ImageObject","inLanguage":"lt-LT","@id":"https:\/\/test.puhdasplus.ee\/lt\/tooted\/vitaminai\/vitaminas-d\/vitaminas-d3-50-%c2%b5g\/#primaryimage","url":"https:\/\/test.puhdasplus.ee\/wp-content\/uploads\/2022\/11\/tooted-ilma-taustata-scaled.png","contentUrl":"https:\/\/test.puhdasplus.ee\/wp-content\/uploads\/2022\/11\/tooted-ilma-taustata-scaled.png","width":1862,"height":2560,"caption":"Vitaminas D3 50 \u00b5g"},{"@type":"BreadcrumbList","@id":"https:\/\/test.puhdasplus.ee\/lt\/tooted\/vitaminai\/vitaminas-d\/vitaminas-d3-50-%c2%b5g\/#breadcrumb","itemListElement":[{"@type":"ListItem","position":1,"name":"Prad\u017eia","item":"https:\/\/test.puhdasplus.ee\/lt\/"},{"@type":"ListItem","position":2,"name":"Produktai","item":"https:\/\/test.puhdasplus.ee\/lt\/parduotuve\/"},{"@type":"ListItem","position":3,"name":"Vitaminas D3 50 \u00b5g"}]},{"@type":"WebSite","@id":"https:\/\/test.puhdasplus.ee\/lt\/#website","url":"https:\/\/test.puhdasplus.ee\/lt\/","name":"Puhdas+","description":"Vitamiinid, Toidulisandid, looduskosmeetika, tervis, sport","publisher":{"@id":"https:\/\/test.puhdasplus.ee\/lt\/#organization"},"potentialAction":[{"@type":"SearchAction","target":{"@type":"EntryPoint","urlTemplate":"https:\/\/test.puhdasplus.ee\/lt\/?s={search_term_string}"},"query-input":{"@type":"PropertyValueSpecification","valueRequired":true,"valueName":"search_term_string"}}],"inLanguage":"lt-LT"},{"@type":"Organization","@id":"https:\/\/test.puhdasplus.ee\/lt\/#organization","name":"Puhdas+","alternateName":"Puhdasplus","url":"https:\/\/test.puhdasplus.ee\/lt\/","logo":{"@type":"ImageObject","inLanguage":"lt-LT","@id":"https:\/\/test.puhdasplus.ee\/lt\/#\/schema\/logo\/image\/","url":"https:\/\/test.puhdasplus.ee\/\/wp-content\/uploads\/2019\/10\/puhdas_logo-arvele.png","contentUrl":"https:\/\/test.puhdasplus.ee\/\/wp-content\/uploads\/2019\/10\/puhdas_logo-arvele.png","width":114,"height":94,"caption":"Puhdas+"},"image":{"@id":"https:\/\/test.puhdasplus.ee\/lt\/#\/schema\/logo\/image\/"},"sameAs":["https:\/\/www.facebook.com\/puhdasplus","https:\/\/www.instagram.com\/puhdasplus_ee\/"]}]}},"_links":{"self":[{"href":"https:\/\/test.puhdasplus.ee\/lt\/wp-json\/wp\/v2\/product\/33952","targetHints":{"allow":["GET"]}}],"collection":[{"href":"https:\/\/test.puhdasplus.ee\/lt\/wp-json\/wp\/v2\/product"}],"about":[{"href":"https:\/\/test.puhdasplus.ee\/lt\/wp-json\/wp\/v2\/types\/product"}],"replies":[{"embeddable":true,"href":"https:\/\/test.puhdasplus.ee\/lt\/wp-json\/wp\/v2\/comments?post=33952"}],"wp:featuredmedia":[{"embeddable":true,"href":"https:\/\/test.puhdasplus.ee\/lt\/wp-json\/wp\/v2\/media\/32475"}],"wp:attachment":[{"href":"https:\/\/test.puhdasplus.ee\/lt\/wp-json\/wp\/v2\/media?parent=33952"}],"wp:term":[{"taxonomy":"product_brand","embeddable":true,"href":"https:\/\/test.puhdasplus.ee\/lt\/wp-json\/wp\/v2\/product_brand?post=33952"},{"taxonomy":"product_cat","embeddable":true,"href":"https:\/\/test.puhdasplus.ee\/lt\/wp-json\/wp\/v2\/product_cat?post=33952"},{"taxonomy":"product_tag","embeddable":true,"href":"https:\/\/test.puhdasplus.ee\/lt\/wp-json\/wp\/v2\/product_tag?post=33952"}],"curies":[{"name":"wp","href":"https:\/\/api.w.org\/{rel}","templated":true}]}}