{"id":33924,"date":"2022-10-05T13:43:44","date_gmt":"2022-10-05T10:43:44","guid":{"rendered":"https:\/\/test.puhdasplus.ee\/\/tooted\/be-kategorijos\/grozio-roziu-vanduo-100-ml\/"},"modified":"2026-02-27T13:12:37","modified_gmt":"2026-02-27T11:12:37","slug":"grozio-roziu-vanduo-100-ml","status":"publish","type":"product","link":"https:\/\/test.puhdasplus.ee\/lt\/tooted\/kosmetika-lt\/grozio-roziu-vanduo-100-ml\/","title":{"rendered":"Gro\u017eio ro\u017ei\u0173 vanduo 100 ml"},"content":{"rendered":"<h3>  Nat\u016braliai raminantis ir dr\u0117kinantis veido tonikas<\/h3>\n<p>\u201eBeauty Rose Water\u201c yra 100 % nat\u016bralus ro\u017ei\u0173 vanduo, kuris gaivina, ramina ir dr\u0117kina od\u0105. Ro\u017ei\u0173 vanduo \u017einomas d\u0117l savo antioksidacini\u0173 ir prie\u0161u\u017edegimini\u0173 savybi\u0173, padedan\u010di\u0173 suma\u017einti paraudim\u0105, subalansuoti riebal\u0173 gamyb\u0105 ir suteikti odai nat\u016bral\u0173 \u0161vyt\u0117jim\u0105. Puikiai tinka kaip tonikas, makia\u017eui fiksuoti ir odai dr\u0117kinti vis\u0105 dien\u0105. Idealiai tinka visiems odos tipams, \u012fskaitant jautri\u0105 ir saus\u0105 od\u0105.   <\/p>\n<p data-start=\"574\" data-end=\"598\"><strong data-start=\"574\" data-end=\"596\">Naudojimo instrukcijos:<\/strong><\/p>\n<ol data-start=\"599\" data-end=\"866\">\n<li data-start=\"599\" data-end=\"705\">Purk\u0161kite tiesiai ant veido ir kaklo arba tepkite od\u0105 vatos diskeliu kaip valom\u0105j\u0105 ir tonizuojam\u0105j\u0105 proced\u016br\u0105.<\/li>\n<li data-start=\"706\" data-end=\"797\">Naudokite ryte ir vakare po prausimosi arba dienos metu, kad atgaivintum\u0117te od\u0105.<\/li>\n<li data-start=\"798\" data-end=\"866\">Taip pat tinka makia\u017eo fiksavimui ir kaip dr\u0117kinamoji plauk\u0173 proced\u016bra.<\/li>\n<\/ol>\n<p data-start=\"868\" data-end=\"916\"><strong data-start=\"868\" data-end=\"884\">Sudedamosios dalys:<\/strong><br data-start=\"884\" data-end=\"887\"> Ro\u017ei\u0173 vanduo (Rosa Damascena).<\/p>\n","protected":false},"excerpt":{"rendered":"<p>Nat\u016bralus ir dr\u0117kinamasis ro\u017ei\u0173 vanduo gaivina, ramina ir subalansuoja od\u0105.<\/p>\n<div><\/div>\n","protected":false},"featured_media":33931,"comment_status":"closed","ping_status":"closed","template":"","meta":{"_acf_changed":false},"product_brand":[],"product_cat":[2582],"product_tag":[2672,4102,2577,2839,4497,2563,4496,2674,2706,4495],"class_list":{"0":"post-33924","1":"product","2":"type-product","3":"status-publish","4":"has-post-thumbnail","6":"product_cat-kosmetika-lt","7":"product_tag-antioksidantas","8":"product_tag-drekinamoji-prieziura","9":"product_tag-grynas-grozis","10":"product_tag-jautriai-odai","11":"product_tag-makiazo-fiksatorius","12":"product_tag-naturali-grozio-prieziura","13":"product_tag-naturalus-tonikas","14":"product_tag-odos-raminimas-lt","15":"product_tag-odos-tonuso-lygumas","16":"product_tag-roziu-vanduo","18":"first","19":"onbackorder","20":"taxable","21":"shipping-taxable","22":"purchasable","23":"product-type-simple"},"acf":[],"yoast_head":"<!-- This site is optimized with the Yoast SEO plugin v27.1.1 - https:\/\/yoast.com\/product\/yoast-seo-wordpress\/ -->\n<title>Gro\u017eio ro\u017ei\u0173 vanduo 100 ml - Puhdas+<\/title>\n<meta name=\"description\" content=\"\u201eBeauty Rose Water\u201c yra 100 % nat\u016bralus ro\u017ei\u0173 vanduo, kuris dr\u0117kina, ramina ir gaivina od\u0105. Tinka kasdienei vis\u0173 tip\u0173 odos prie\u017ei\u016brai!\" \/>\n<meta name=\"robots\" content=\"noindex, follow, max-snippet:-1, max-image-preview:large, max-video-preview:-1\" \/>\n<meta property=\"og:locale\" content=\"lt_LT\" \/>\n<meta property=\"og:type\" content=\"article\" \/>\n<meta property=\"og:title\" content=\"Gro\u017eio ro\u017ei\u0173 vanduo 100 ml - Puhdas+\" \/>\n<meta property=\"og:description\" content=\"\u201eBeauty Rose Water\u201c yra 100 % nat\u016bralus ro\u017ei\u0173 vanduo, kuris dr\u0117kina, ramina ir gaivina od\u0105. Tinka kasdienei vis\u0173 tip\u0173 odos prie\u017ei\u016brai!\" \/>\n<meta property=\"og:url\" content=\"https:\/\/test.puhdasplus.ee\/lt\/tooted\/kosmetika-lt\/grozio-roziu-vanduo-100-ml\/\" \/>\n<meta property=\"og:site_name\" content=\"Puhdas+\" \/>\n<meta property=\"article:publisher\" content=\"https:\/\/www.facebook.com\/puhdasplus\" \/>\n<meta property=\"article:modified_time\" content=\"2026-02-27T11:12:37+00:00\" \/>\n<meta property=\"og:image\" content=\"https:\/\/test.puhdasplus.ee\/wp-content\/uploads\/2025\/03\/84.jpg\" \/>\n\t<meta property=\"og:image:width\" content=\"1862\" \/>\n\t<meta property=\"og:image:height\" content=\"2560\" \/>\n\t<meta property=\"og:image:type\" content=\"image\/jpeg\" \/>\n<meta name=\"twitter:card\" content=\"summary_large_image\" \/>\n<meta name=\"twitter:label1\" content=\"Est. reading time\" \/>\n\t<meta name=\"twitter:data1\" content=\"1 minut\u0117\" \/>\n<script type=\"application\/ld+json\" class=\"yoast-schema-graph\">{\"@context\":\"https:\/\/schema.org\",\"@graph\":[{\"@type\":\"WebPage\",\"@id\":\"https:\/\/test.puhdasplus.ee\/lt\/tooted\/kosmetika-lt\/grozio-roziu-vanduo-100-ml\/\",\"url\":\"https:\/\/test.puhdasplus.ee\/lt\/tooted\/kosmetika-lt\/grozio-roziu-vanduo-100-ml\/\",\"name\":\"Gro\u017eio ro\u017ei\u0173 vanduo 100 ml - Puhdas+\",\"isPartOf\":{\"@id\":\"https:\/\/test.puhdasplus.ee\/lt\/#website\"},\"primaryImageOfPage\":{\"@id\":\"https:\/\/test.puhdasplus.ee\/lt\/tooted\/kosmetika-lt\/grozio-roziu-vanduo-100-ml\/#primaryimage\"},\"image\":{\"@id\":\"https:\/\/test.puhdasplus.ee\/lt\/tooted\/kosmetika-lt\/grozio-roziu-vanduo-100-ml\/#primaryimage\"},\"thumbnailUrl\":\"https:\/\/test.puhdasplus.ee\/wp-content\/uploads\/2025\/03\/84.jpg\",\"datePublished\":\"2022-10-05T10:43:44+00:00\",\"dateModified\":\"2026-02-27T11:12:37+00:00\",\"description\":\"\u201eBeauty Rose Water\u201c yra 100 % nat\u016bralus ro\u017ei\u0173 vanduo, kuris dr\u0117kina, ramina ir gaivina od\u0105. Tinka kasdienei vis\u0173 tip\u0173 odos prie\u017ei\u016brai!\",\"breadcrumb\":{\"@id\":\"https:\/\/test.puhdasplus.ee\/lt\/tooted\/kosmetika-lt\/grozio-roziu-vanduo-100-ml\/#breadcrumb\"},\"inLanguage\":\"lt-LT\",\"potentialAction\":[{\"@type\":\"ReadAction\",\"target\":[\"https:\/\/test.puhdasplus.ee\/lt\/tooted\/kosmetika-lt\/grozio-roziu-vanduo-100-ml\/\"]}]},{\"@type\":\"ImageObject\",\"inLanguage\":\"lt-LT\",\"@id\":\"https:\/\/test.puhdasplus.ee\/lt\/tooted\/kosmetika-lt\/grozio-roziu-vanduo-100-ml\/#primaryimage\",\"url\":\"https:\/\/test.puhdasplus.ee\/wp-content\/uploads\/2025\/03\/84.jpg\",\"contentUrl\":\"https:\/\/test.puhdasplus.ee\/wp-content\/uploads\/2025\/03\/84.jpg\",\"width\":1862,\"height\":2560,\"caption\":\"Gro\u017eio ro\u017ei\u0173 vanduo 100 ml\"},{\"@type\":\"BreadcrumbList\",\"@id\":\"https:\/\/test.puhdasplus.ee\/lt\/tooted\/kosmetika-lt\/grozio-roziu-vanduo-100-ml\/#breadcrumb\",\"itemListElement\":[{\"@type\":\"ListItem\",\"position\":1,\"name\":\"Prad\u017eia\",\"item\":\"https:\/\/test.puhdasplus.ee\/lt\/\"},{\"@type\":\"ListItem\",\"position\":2,\"name\":\"Produktai\",\"item\":\"https:\/\/test.puhdasplus.ee\/lt\/parduotuve\/\"},{\"@type\":\"ListItem\",\"position\":3,\"name\":\"Gro\u017eio ro\u017ei\u0173 vanduo 100 ml\"}]},{\"@type\":\"WebSite\",\"@id\":\"https:\/\/test.puhdasplus.ee\/lt\/#website\",\"url\":\"https:\/\/test.puhdasplus.ee\/lt\/\",\"name\":\"Puhdas+\",\"description\":\"Vitamiinid, Toidulisandid, looduskosmeetika, tervis, sport\",\"publisher\":{\"@id\":\"https:\/\/test.puhdasplus.ee\/lt\/#organization\"},\"potentialAction\":[{\"@type\":\"SearchAction\",\"target\":{\"@type\":\"EntryPoint\",\"urlTemplate\":\"https:\/\/test.puhdasplus.ee\/lt\/?s={search_term_string}\"},\"query-input\":{\"@type\":\"PropertyValueSpecification\",\"valueRequired\":true,\"valueName\":\"search_term_string\"}}],\"inLanguage\":\"lt-LT\"},{\"@type\":\"Organization\",\"@id\":\"https:\/\/test.puhdasplus.ee\/lt\/#organization\",\"name\":\"Puhdas+\",\"alternateName\":\"Puhdasplus\",\"url\":\"https:\/\/test.puhdasplus.ee\/lt\/\",\"logo\":{\"@type\":\"ImageObject\",\"inLanguage\":\"lt-LT\",\"@id\":\"https:\/\/test.puhdasplus.ee\/lt\/#\/schema\/logo\/image\/\",\"url\":\"https:\/\/test.puhdasplus.ee\/\/wp-content\/uploads\/2019\/10\/puhdas_logo-arvele.png\",\"contentUrl\":\"https:\/\/test.puhdasplus.ee\/\/wp-content\/uploads\/2019\/10\/puhdas_logo-arvele.png\",\"width\":114,\"height\":94,\"caption\":\"Puhdas+\"},\"image\":{\"@id\":\"https:\/\/test.puhdasplus.ee\/lt\/#\/schema\/logo\/image\/\"},\"sameAs\":[\"https:\/\/www.facebook.com\/puhdasplus\",\"https:\/\/www.instagram.com\/puhdasplus_ee\/\"]}]}<\/script>\n<!-- \/ Yoast SEO plugin. -->","yoast_head_json":{"title":"Gro\u017eio ro\u017ei\u0173 vanduo 100 ml - Puhdas+","description":"\u201eBeauty Rose Water\u201c yra 100 % nat\u016bralus ro\u017ei\u0173 vanduo, kuris dr\u0117kina, ramina ir gaivina od\u0105. Tinka kasdienei vis\u0173 tip\u0173 odos prie\u017ei\u016brai!","robots":{"index":"noindex","follow":"follow","max-snippet":"max-snippet:-1","max-image-preview":"max-image-preview:large","max-video-preview":"max-video-preview:-1"},"og_locale":"lt_LT","og_type":"article","og_title":"Gro\u017eio ro\u017ei\u0173 vanduo 100 ml - Puhdas+","og_description":"\u201eBeauty Rose Water\u201c yra 100 % nat\u016bralus ro\u017ei\u0173 vanduo, kuris dr\u0117kina, ramina ir gaivina od\u0105. Tinka kasdienei vis\u0173 tip\u0173 odos prie\u017ei\u016brai!","og_url":"https:\/\/test.puhdasplus.ee\/lt\/tooted\/kosmetika-lt\/grozio-roziu-vanduo-100-ml\/","og_site_name":"Puhdas+","article_publisher":"https:\/\/www.facebook.com\/puhdasplus","article_modified_time":"2026-02-27T11:12:37+00:00","og_image":[{"width":1862,"height":2560,"url":"https:\/\/test.puhdasplus.ee\/wp-content\/uploads\/2025\/03\/84.jpg","type":"image\/jpeg"}],"twitter_card":"summary_large_image","twitter_misc":{"Est. reading time":"1 minut\u0117"},"schema":{"@context":"https:\/\/schema.org","@graph":[{"@type":"WebPage","@id":"https:\/\/test.puhdasplus.ee\/lt\/tooted\/kosmetika-lt\/grozio-roziu-vanduo-100-ml\/","url":"https:\/\/test.puhdasplus.ee\/lt\/tooted\/kosmetika-lt\/grozio-roziu-vanduo-100-ml\/","name":"Gro\u017eio ro\u017ei\u0173 vanduo 100 ml - Puhdas+","isPartOf":{"@id":"https:\/\/test.puhdasplus.ee\/lt\/#website"},"primaryImageOfPage":{"@id":"https:\/\/test.puhdasplus.ee\/lt\/tooted\/kosmetika-lt\/grozio-roziu-vanduo-100-ml\/#primaryimage"},"image":{"@id":"https:\/\/test.puhdasplus.ee\/lt\/tooted\/kosmetika-lt\/grozio-roziu-vanduo-100-ml\/#primaryimage"},"thumbnailUrl":"https:\/\/test.puhdasplus.ee\/wp-content\/uploads\/2025\/03\/84.jpg","datePublished":"2022-10-05T10:43:44+00:00","dateModified":"2026-02-27T11:12:37+00:00","description":"\u201eBeauty Rose Water\u201c yra 100 % nat\u016bralus ro\u017ei\u0173 vanduo, kuris dr\u0117kina, ramina ir gaivina od\u0105. Tinka kasdienei vis\u0173 tip\u0173 odos prie\u017ei\u016brai!","breadcrumb":{"@id":"https:\/\/test.puhdasplus.ee\/lt\/tooted\/kosmetika-lt\/grozio-roziu-vanduo-100-ml\/#breadcrumb"},"inLanguage":"lt-LT","potentialAction":[{"@type":"ReadAction","target":["https:\/\/test.puhdasplus.ee\/lt\/tooted\/kosmetika-lt\/grozio-roziu-vanduo-100-ml\/"]}]},{"@type":"ImageObject","inLanguage":"lt-LT","@id":"https:\/\/test.puhdasplus.ee\/lt\/tooted\/kosmetika-lt\/grozio-roziu-vanduo-100-ml\/#primaryimage","url":"https:\/\/test.puhdasplus.ee\/wp-content\/uploads\/2025\/03\/84.jpg","contentUrl":"https:\/\/test.puhdasplus.ee\/wp-content\/uploads\/2025\/03\/84.jpg","width":1862,"height":2560,"caption":"Gro\u017eio ro\u017ei\u0173 vanduo 100 ml"},{"@type":"BreadcrumbList","@id":"https:\/\/test.puhdasplus.ee\/lt\/tooted\/kosmetika-lt\/grozio-roziu-vanduo-100-ml\/#breadcrumb","itemListElement":[{"@type":"ListItem","position":1,"name":"Prad\u017eia","item":"https:\/\/test.puhdasplus.ee\/lt\/"},{"@type":"ListItem","position":2,"name":"Produktai","item":"https:\/\/test.puhdasplus.ee\/lt\/parduotuve\/"},{"@type":"ListItem","position":3,"name":"Gro\u017eio ro\u017ei\u0173 vanduo 100 ml"}]},{"@type":"WebSite","@id":"https:\/\/test.puhdasplus.ee\/lt\/#website","url":"https:\/\/test.puhdasplus.ee\/lt\/","name":"Puhdas+","description":"Vitamiinid, Toidulisandid, looduskosmeetika, tervis, sport","publisher":{"@id":"https:\/\/test.puhdasplus.ee\/lt\/#organization"},"potentialAction":[{"@type":"SearchAction","target":{"@type":"EntryPoint","urlTemplate":"https:\/\/test.puhdasplus.ee\/lt\/?s={search_term_string}"},"query-input":{"@type":"PropertyValueSpecification","valueRequired":true,"valueName":"search_term_string"}}],"inLanguage":"lt-LT"},{"@type":"Organization","@id":"https:\/\/test.puhdasplus.ee\/lt\/#organization","name":"Puhdas+","alternateName":"Puhdasplus","url":"https:\/\/test.puhdasplus.ee\/lt\/","logo":{"@type":"ImageObject","inLanguage":"lt-LT","@id":"https:\/\/test.puhdasplus.ee\/lt\/#\/schema\/logo\/image\/","url":"https:\/\/test.puhdasplus.ee\/\/wp-content\/uploads\/2019\/10\/puhdas_logo-arvele.png","contentUrl":"https:\/\/test.puhdasplus.ee\/\/wp-content\/uploads\/2019\/10\/puhdas_logo-arvele.png","width":114,"height":94,"caption":"Puhdas+"},"image":{"@id":"https:\/\/test.puhdasplus.ee\/lt\/#\/schema\/logo\/image\/"},"sameAs":["https:\/\/www.facebook.com\/puhdasplus","https:\/\/www.instagram.com\/puhdasplus_ee\/"]}]}},"_links":{"self":[{"href":"https:\/\/test.puhdasplus.ee\/lt\/wp-json\/wp\/v2\/product\/33924","targetHints":{"allow":["GET"]}}],"collection":[{"href":"https:\/\/test.puhdasplus.ee\/lt\/wp-json\/wp\/v2\/product"}],"about":[{"href":"https:\/\/test.puhdasplus.ee\/lt\/wp-json\/wp\/v2\/types\/product"}],"replies":[{"embeddable":true,"href":"https:\/\/test.puhdasplus.ee\/lt\/wp-json\/wp\/v2\/comments?post=33924"}],"wp:featuredmedia":[{"embeddable":true,"href":"https:\/\/test.puhdasplus.ee\/lt\/wp-json\/wp\/v2\/media\/33931"}],"wp:attachment":[{"href":"https:\/\/test.puhdasplus.ee\/lt\/wp-json\/wp\/v2\/media?parent=33924"}],"wp:term":[{"taxonomy":"product_brand","embeddable":true,"href":"https:\/\/test.puhdasplus.ee\/lt\/wp-json\/wp\/v2\/product_brand?post=33924"},{"taxonomy":"product_cat","embeddable":true,"href":"https:\/\/test.puhdasplus.ee\/lt\/wp-json\/wp\/v2\/product_cat?post=33924"},{"taxonomy":"product_tag","embeddable":true,"href":"https:\/\/test.puhdasplus.ee\/lt\/wp-json\/wp\/v2\/product_tag?post=33924"}],"curies":[{"name":"wp","href":"https:\/\/api.w.org\/{rel}","templated":true}]}}