{"id":33815,"date":"2023-09-02T16:40:42","date_gmt":"2023-09-02T13:40:42","guid":{"rendered":"https:\/\/test.puhdasplus.ee\/\/tooted\/be-kategorijos\/rozmarinu-plauku-tonikas-100-ml\/"},"modified":"2026-02-27T13:11:26","modified_gmt":"2026-02-27T11:11:26","slug":"rozmarinu-plauku-tonikas-100-ml","status":"publish","type":"product","link":"https:\/\/test.puhdasplus.ee\/lt\/tooted\/kosmetika-lt\/rozmarinu-plauku-tonikas-100-ml\/","title":{"rendered":"Rozmarin\u0173 plauk\u0173 tonikas 100 ml"},"content":{"rendered":"<h2 class=\"\" data-start=\"237\" data-end=\"281\">Kas yra \u201ePure+\u201c rozmarin\u0173 plauk\u0173 vanduo?<\/h2>\n<p class=\"\" data-start=\"283\" data-end=\"686\"><strong data-start=\"283\" data-end=\"323\">\u201ePuhdas+\u201c rozmarin\u0173 plauk\u0173 vanduo (100 ml)<\/strong> \u2013 tai nat\u016brali ir \u0161velni plauk\u0173 prie\u017ei\u016bros priemon\u0117, skirta kasdien maitinti plaukus ir galvos od\u0105. Priemon\u0117je sujungtas rozmarin\u0173 lap\u0173 vanduo ir alavijo ekstraktas, kurie dr\u0117kina, mink\u0161tina ir stimuliuoja plaukus, neapkraunant j\u0173 ir galvos odos. Pagaminta Suomijoje, 100 % vegani\u0161ka sud\u0117tis, tod\u0117l tinka kasdieniam naudojimui vis\u0173 tip\u0173 plaukams.  <\/p>\n<p class=\"\" data-start=\"688\" data-end=\"873\">Plauk\u0173 tonikas yra patogiame pur\u0161kimo buteliuke ir jo nereikia nuplauti, tod\u0117l j\u012f lengva ir greita naudoti \u2013 tiek ryte, prie\u0161 d\u017eiovinant plaukus d\u017eiovintuvu, tiek norint atgaivinti galvos od\u0105 dienos metu.<\/p>\n<h2>Kod\u0117l naudingas \u201ePuhdas+\u201c rozmarin\u0173 plauk\u0173 tonikas?<\/h2>\n<h3 class=\"\" data-start=\"909\" data-end=\"955\">Stimuliuoja galvos odos kraujotak\u0105<\/h3>\n<p class=\"\" data-start=\"956\" data-end=\"1202\">Rozmarinas \u017einomas d\u0117l savo stimuliuojan\u010dio poveikio \u2013 jis gali pad\u0117ti pagerinti galvos odos kraujotak\u0105, tod\u0117l plauk\u0173 \u0161aknys geriau apr\u016bpinamos deguonimi ir maistin\u0117mis med\u017eiagomis. Tod\u0117l reguliarus naudojimas gali skatinti plauk\u0173 augim\u0105 ir stiprinti plauk\u0173 \u0161aknis. <\/p>\n<h3 class=\"\" data-start=\"1209\" data-end=\"1251\">Dr\u0117kina ir ramina galvos od\u0105<\/h3>\n<p class=\"\" data-start=\"1252\" data-end=\"1482\">Produkte esantis alavijo ekstraktas \u0161velniai dr\u0117kina plaukus ir galvos od\u0105, pad\u0117damas suma\u017einti sausum\u0105 ir sudirginim\u0105. Jis ypa\u010d tinka jautriai arba lengvai i\u0161saus\u0117jan\u010diai galvos odai, kartu suteikdamas plaukams blizgesio ir elastingumo. <\/p>\n<h3 class=\"\" data-start=\"1489\" data-end=\"1538\">Gali suma\u017einti plauk\u0173 slinkim\u0105<\/h3>\n<p class=\"\" data-start=\"1539\" data-end=\"1772\">Rozmarinas tradici\u0161kai buvo naudojamas plauk\u0173 slinkimui sul\u0117tinti. Jo stimuliuojan\u010dios ir prie\u0161u\u017edegimin\u0117s savyb\u0117s gali palaikyti bendr\u0105 galvos odos sveikat\u0105, o tai savo ruo\u017etu sukuria palankesn\u0119 aplink\u0105 stipresniems plaukams augti. <\/p>\n<h3 class=\"\" data-start=\"1779\" data-end=\"1831\">Palaiko nat\u016bral\u0173 plauk\u0173 blizges\u012f ir mink\u0161tum\u0105<\/h3>\n<p class=\"\" data-start=\"1832\" data-end=\"2082\">Rozmarinas \u0161velniai valo ir tonizuoja, padeda pa\u0161alinti riebal\u0173 pertekli\u0173 ir liku\u010dius, tod\u0117l plaukai tampa \u0161varesni, mink\u0161tesni ir lengviau i\u0161\u0161ukuojami. Alavijas padeda glotninti plaukus, suteikia dr\u0117gm\u0117s ir apsaugo nuo i\u0161saus\u0117jimo. <\/p>\n<h3 class=\"\" data-start=\"2089\" data-end=\"2126\">Nat\u016brali ir \u0161velni sud\u0117tis<\/h3>\n<p class=\"\" data-start=\"2127\" data-end=\"2305\">Produktas yra be silikon\u0173, dirbtini\u0173 kvapikli\u0173 ir glitimo. Jo veganams tinkama formul\u0117 sukurta \u0161velniai, bet veiksmingai kasdienei prie\u017ei\u016brai be nereikaling\u0173 chemini\u0173 med\u017eiag\u0173. <\/p>\n<h2 class=\"\" data-start=\"2312\" data-end=\"2333\">Kam tai tinka?<\/h2>\n<ul data-start=\"2335\" data-end=\"2627\">\n<li class=\"\" data-start=\"2335\" data-end=\"2415\">\n<p class=\"\" data-start=\"2337\" data-end=\"2415\">Tiems, kurie nori skatinti plauk\u0173 augim\u0105 ir suma\u017einti j\u0173 ret\u0117jim\u0105<\/p>\n<\/li>\n<li class=\"\" data-start=\"2416\" data-end=\"2472\">\n<p class=\"\" data-start=\"2418\" data-end=\"2472\">Tiems, kuri\u0173 galvos oda jautri, sausa ar sudirgusi<\/p>\n<\/li>\n<li class=\"\" data-start=\"2473\" data-end=\"2551\">\n<p class=\"\" data-start=\"2475\" data-end=\"2551\">Tiems, kurie renkasi nat\u016bralius ir lengvus plauk\u0173 prie\u017ei\u016bros produktus<\/p>\n<\/li>\n<li class=\"\" data-start=\"2552\" data-end=\"2627\">\n<p class=\"\" data-start=\"2554\" data-end=\"2627\">Kasdieniam naudojimui vis\u0173 tip\u0173 plaukams \u2013 tiek moterims, tiek vyrams<\/p>\n<\/li>\n<\/ul>\n<h2 data-start=\"115\" data-end=\"144\">Ingredientai<\/h2>\n<p class=\"\" data-start=\"145\" data-end=\"501\">Vanduo (Aqua), rozmarin\u0173 lap\u0173 vanduo (Rosmarinus Officinalis Leaf Water), alavijo lap\u0173 ekstraktas (Aloe Barbadensis Leaf Extract*), natrio benzoatas (natrio benzoatas), kalio sorbatas (kalio sorbatas), citrin\u0173 r\u016bg\u0161tis (citrin\u0173 r\u016bg\u0161tis), natrio sulfitas (natrio sulfitas), benzilo alkoholis (benzilo alkoholis).<br data-start=\"441\" data-end=\"444\">* ekologi\u0161kas\/nat\u016bralus ingredientas<\/p>\n<h2 class=\"\" data-start=\"189\" data-end=\"208\">Naudojimas<\/h2>\n<p class=\"\" data-start=\"209\" data-end=\"460\">Purk\u0161kite tiesiai ant \u0161varios galvos odos arba plauk\u0173. Tinka naudoti tiek dr\u0117gniems, tiek sausiems plaukams. \u0160velniai \u012fmasa\u017euokite \u012f galvos od\u0105, kad geriau \u012fsigert\u0173. Nereikia nuplauti.<br data-start=\"393\" data-end=\"396\"> Rekomenduojama naudoti kasdien arba reguliariai kartojant.   <\/p>\n<h2 class=\"\" data-start=\"467\" data-end=\"487\">Sand\u0117liavimas<\/h2>\n<p class=\"\" data-start=\"488\" data-end=\"609\">Laikyti sandariai u\u017edarytame buteliuke, sausoje ir v\u0117sioje vietoje, apsaugotoje nuo tiesiogini\u0173 saul\u0117s spinduli\u0173.<br data-start=\"572\" data-end=\"575\"> Laikyti vaikams nepasiekiamoje vietoje.<\/p>\n<h2 class=\"\" data-start=\"616\" data-end=\"638\">Svarbi informacija<\/h2>\n<ul data-start=\"639\" data-end=\"854\">\n<li class=\"\" data-start=\"639\" data-end=\"677\">\n<p class=\"\" data-start=\"641\" data-end=\"677\">Tik i\u0161oriniam naudojimui.<\/p>\n<\/li>\n<li class=\"\" data-start=\"678\" data-end=\"754\">\n<p class=\"\" data-start=\"680\" data-end=\"754\">Venkite patekimo \u012f akis. Patekus \u012f akis, nedelsiant gerai praplaukite vandeniu. <\/p>\n<\/li>\n<li class=\"\" data-start=\"755\" data-end=\"806\">\n<p class=\"\" data-start=\"757\" data-end=\"806\">Nenaudoti ant sudirgusios ar pa\u017eeistos odos.<\/p>\n<\/li>\n<li class=\"\" data-start=\"807\" data-end=\"854\">\n<p class=\"\" data-start=\"809\" data-end=\"854\">Nustokite naudoti, jei atsiranda odos dirginimas.<\/p>\n<\/li>\n<\/ul>\n","protected":false},"excerpt":{"rendered":"<p class=\"\" data-start=\"281\" data-end=\"719\">\u201ePure+\u201c rozmarin\u0173 plauk\u0173 vanduo skirtas tiems, kurie vertina \u0161velni\u0105, bet veiksming\u0105 plauk\u0173 prie\u017ei\u016br\u0105 su nat\u016braliais ingredientais. \u0160io produkto \u0161erdyje yra rozmarin\u0173 vanduo \u2013 augalas, turintis \u0161imtme\u010dius gyvuojan\u010dios plauk\u0173 ir galvos odos prie\u017ei\u016bros istorij\u0105. Rozmarinas padeda skatinti kraujotak\u0105 \u012f galvos od\u0105, o tai savo ruo\u017etu gali skatinti plauk\u0173 augim\u0105 ir suma\u017einti per didel\u012f plauk\u0173 slinkim\u0105. Rezultatas \u2013 stipresni, gyvybingesni ir sveikiau atrodantys plaukai.   <\/p>\n<p class=\"\" data-start=\"721\" data-end=\"998\">Plauk\u0173 tonik\u0105 papildo <strong data-start=\"749\" data-end=\"776\">\u0161velnus alavijo ekstraktas<\/strong> , kuris giliai dr\u0117kina, ramina sudirgusi\u0105 od\u0105 ir padeda palaikyti nat\u016brali\u0105 galvos odos pusiausvyr\u0105. Alavijas yra \u017einomas d\u0117l savo atkuriamojo ir raminamojo poveikio, tod\u0117l puikiai tinka jautriai ar sausai odai. <\/p>\n<p class=\"\" data-start=\"1000\" data-end=\"1350\">Produktas skirtas kasdieniam naudojimui ir tinka vis\u0173 tip\u0173 plaukams. Plauk\u0173 tonikas yra lengvas, neriebus ir nereikalauja nuplauti \u2013 tiesiog u\u017epurk\u0161kite j\u012f tiesiai ant galvos odos ir \u0161velniai \u012fmasa\u017euokite. J\u012f galima naudoti tiek sausiems, tiek dr\u0117gniems plaukams, taip pat ir tarp dien\u0173, kai norite suteikti plaukams gaivumo ir gyvybingumo neplaunant.  <\/p>\n<p class=\"\" data-start=\"1352\" data-end=\"1588\">\u201eClean+ Rosemary\u201c plauk\u0173 tonikas, pagamintas Suomijoje, yra <strong data-start=\"1405\" data-end=\"1419\">100 % vegani\u0161kas<\/strong> , be glitimo ir dirbtini\u0173 kvapikli\u0173. Nat\u016brali formul\u0117 \u2013 tai duokl\u0117 \u0161variai prie\u017ei\u016brai \u2013 veiksminga ir tikslinga, ta\u010diau \u0161velni odai ir aplinkai. <\/p>\n<p class=\"\" data-start=\"1590\" data-end=\"1822\">Nesvarbu, ar j\u016bs\u0173 tikslas yra sustiprinti plaukus, subalansuoti galvos od\u0105, ar tiesiog \u012ftraukti nat\u016brali\u0105 prie\u017ei\u016br\u0105 \u012f savo kasdienyb\u0119 \u2013 <strong data-start=\"1718\" data-end=\"1751\">\u201ePure+ Rosemary\u201c plauk\u0173 tonikas<\/strong> si\u016blo paprast\u0105 ir veiksming\u0105 sprendim\u0105, kuris maitina, palaiko ir gaivina.<\/p>\n","protected":false},"featured_media":33823,"comment_status":"closed","ping_status":"closed","template":"","meta":{"_acf_changed":false},"product_brand":[],"product_cat":[2582,3282],"product_tag":[4239,4226,4231,4238,2577,4236,4228,4235,4233,4237,4230,3837,4229,4232,4222,4225,4227,4234],"class_list":{"0":"post-33815","1":"product","2":"type-product","3":"status-publish","4":"has-post-thumbnail","6":"product_cat-kosmetika-lt","7":"product_cat-oda-plaukai-nagai","8":"product_tag-drekinamasis-plauku-tonikas","9":"product_tag-galvos-odos-balansavimas","10":"product_tag-galvos-odos-prieziura","11":"product_tag-geriausias-plauku-tonikas","12":"product_tag-grynas-grozis","13":"product_tag-kolagenas-ir-biotinas-plaukams","14":"product_tag-naturali-plauku-prieziura","15":"product_tag-naturalus-plauku-tonikas","16":"product_tag-plauku-augima-skatinantis-produktas","17":"product_tag-plauku-saknu-stipriklis","18":"product_tag-plauku-slinkimo-mazinimas","19":"product_tag-plauku-stiprinimas","20":"product_tag-riebalu-reguliavimas-lt","21":"product_tag-rozmarino-plauku-tonikas","22":"product_tag-rozmarinu-plauku-losjonas","23":"product_tag-skatina-plauku-augima","24":"product_tag-stipresni-plaukai","25":"product_tag-veganiska-plauku-prieziura","27":"first","28":"onbackorder","29":"taxable","30":"shipping-taxable","31":"purchasable","32":"product-type-simple"},"acf":[],"yoast_head":"<!-- This site is optimized with the Yoast SEO plugin v27.1.1 - https:\/\/yoast.com\/product\/yoast-seo-wordpress\/ -->\n<title>Rozmarin\u0173 plauk\u0173 tonikas 100 ml - Puhdas+<\/title>\n<meta name=\"description\" content=\"Gaivinamasis rozmarin\u0173 plauk\u0173 vanduo stiprina plauk\u0173 \u0161aknis, skatina augim\u0105 ir subalansuoja galvos od\u0105. Nat\u016bralus plauk\u0173 vanduo sveikesniems ir stipresniems plaukams!\" \/>\n<meta name=\"robots\" content=\"noindex, follow, max-snippet:-1, max-image-preview:large, max-video-preview:-1\" \/>\n<meta property=\"og:locale\" content=\"lt_LT\" \/>\n<meta property=\"og:type\" content=\"article\" \/>\n<meta property=\"og:title\" content=\"Rozmarin\u0173 plauk\u0173 tonikas 100 ml - Puhdas+\" \/>\n<meta property=\"og:description\" content=\"Gaivinamasis rozmarin\u0173 plauk\u0173 vanduo stiprina plauk\u0173 \u0161aknis, skatina augim\u0105 ir subalansuoja galvos od\u0105. Nat\u016bralus plauk\u0173 vanduo sveikesniems ir stipresniems plaukams!\" \/>\n<meta property=\"og:url\" content=\"https:\/\/test.puhdasplus.ee\/lt\/tooted\/kosmetika-lt\/rozmarinu-plauku-tonikas-100-ml\/\" \/>\n<meta property=\"og:site_name\" content=\"Puhdas+\" \/>\n<meta property=\"article:publisher\" content=\"https:\/\/www.facebook.com\/puhdasplus\" \/>\n<meta property=\"article:modified_time\" content=\"2026-02-27T11:11:26+00:00\" \/>\n<meta property=\"og:image\" content=\"https:\/\/test.puhdasplus.ee\/wp-content\/uploads\/2025\/03\/44.jpg\" \/>\n\t<meta property=\"og:image:width\" content=\"1862\" \/>\n\t<meta property=\"og:image:height\" content=\"2560\" \/>\n\t<meta property=\"og:image:type\" content=\"image\/jpeg\" \/>\n<meta name=\"twitter:card\" content=\"summary_large_image\" \/>\n<meta name=\"twitter:label1\" content=\"Est. reading time\" \/>\n\t<meta name=\"twitter:data1\" content=\"2 minut\u0117\" \/>\n<script type=\"application\/ld+json\" class=\"yoast-schema-graph\">{\"@context\":\"https:\/\/schema.org\",\"@graph\":[{\"@type\":\"WebPage\",\"@id\":\"https:\/\/test.puhdasplus.ee\/lt\/tooted\/kosmetika-lt\/rozmarinu-plauku-tonikas-100-ml\/\",\"url\":\"https:\/\/test.puhdasplus.ee\/lt\/tooted\/kosmetika-lt\/rozmarinu-plauku-tonikas-100-ml\/\",\"name\":\"Rozmarin\u0173 plauk\u0173 tonikas 100 ml - Puhdas+\",\"isPartOf\":{\"@id\":\"https:\/\/test.puhdasplus.ee\/lt\/#website\"},\"primaryImageOfPage\":{\"@id\":\"https:\/\/test.puhdasplus.ee\/lt\/tooted\/kosmetika-lt\/rozmarinu-plauku-tonikas-100-ml\/#primaryimage\"},\"image\":{\"@id\":\"https:\/\/test.puhdasplus.ee\/lt\/tooted\/kosmetika-lt\/rozmarinu-plauku-tonikas-100-ml\/#primaryimage\"},\"thumbnailUrl\":\"https:\/\/test.puhdasplus.ee\/wp-content\/uploads\/2025\/03\/44.jpg\",\"datePublished\":\"2023-09-02T13:40:42+00:00\",\"dateModified\":\"2026-02-27T11:11:26+00:00\",\"description\":\"Gaivinamasis rozmarin\u0173 plauk\u0173 vanduo stiprina plauk\u0173 \u0161aknis, skatina augim\u0105 ir subalansuoja galvos od\u0105. Nat\u016bralus plauk\u0173 vanduo sveikesniems ir stipresniems plaukams!\",\"breadcrumb\":{\"@id\":\"https:\/\/test.puhdasplus.ee\/lt\/tooted\/kosmetika-lt\/rozmarinu-plauku-tonikas-100-ml\/#breadcrumb\"},\"inLanguage\":\"lt-LT\",\"potentialAction\":[{\"@type\":\"ReadAction\",\"target\":[\"https:\/\/test.puhdasplus.ee\/lt\/tooted\/kosmetika-lt\/rozmarinu-plauku-tonikas-100-ml\/\"]}]},{\"@type\":\"ImageObject\",\"inLanguage\":\"lt-LT\",\"@id\":\"https:\/\/test.puhdasplus.ee\/lt\/tooted\/kosmetika-lt\/rozmarinu-plauku-tonikas-100-ml\/#primaryimage\",\"url\":\"https:\/\/test.puhdasplus.ee\/wp-content\/uploads\/2025\/03\/44.jpg\",\"contentUrl\":\"https:\/\/test.puhdasplus.ee\/wp-content\/uploads\/2025\/03\/44.jpg\",\"width\":1862,\"height\":2560,\"caption\":\"Rozmarin\u0173 plauk\u0173 tonikas\"},{\"@type\":\"BreadcrumbList\",\"@id\":\"https:\/\/test.puhdasplus.ee\/lt\/tooted\/kosmetika-lt\/rozmarinu-plauku-tonikas-100-ml\/#breadcrumb\",\"itemListElement\":[{\"@type\":\"ListItem\",\"position\":1,\"name\":\"Prad\u017eia\",\"item\":\"https:\/\/test.puhdasplus.ee\/lt\/\"},{\"@type\":\"ListItem\",\"position\":2,\"name\":\"Produktai\",\"item\":\"https:\/\/test.puhdasplus.ee\/lt\/parduotuve\/\"},{\"@type\":\"ListItem\",\"position\":3,\"name\":\"Rozmarin\u0173 plauk\u0173 tonikas 100 ml\"}]},{\"@type\":\"WebSite\",\"@id\":\"https:\/\/test.puhdasplus.ee\/lt\/#website\",\"url\":\"https:\/\/test.puhdasplus.ee\/lt\/\",\"name\":\"Puhdas+\",\"description\":\"Vitamiinid, Toidulisandid, looduskosmeetika, tervis, sport\",\"publisher\":{\"@id\":\"https:\/\/test.puhdasplus.ee\/lt\/#organization\"},\"potentialAction\":[{\"@type\":\"SearchAction\",\"target\":{\"@type\":\"EntryPoint\",\"urlTemplate\":\"https:\/\/test.puhdasplus.ee\/lt\/?s={search_term_string}\"},\"query-input\":{\"@type\":\"PropertyValueSpecification\",\"valueRequired\":true,\"valueName\":\"search_term_string\"}}],\"inLanguage\":\"lt-LT\"},{\"@type\":\"Organization\",\"@id\":\"https:\/\/test.puhdasplus.ee\/lt\/#organization\",\"name\":\"Puhdas+\",\"alternateName\":\"Puhdasplus\",\"url\":\"https:\/\/test.puhdasplus.ee\/lt\/\",\"logo\":{\"@type\":\"ImageObject\",\"inLanguage\":\"lt-LT\",\"@id\":\"https:\/\/test.puhdasplus.ee\/lt\/#\/schema\/logo\/image\/\",\"url\":\"https:\/\/test.puhdasplus.ee\/\/wp-content\/uploads\/2019\/10\/puhdas_logo-arvele.png\",\"contentUrl\":\"https:\/\/test.puhdasplus.ee\/\/wp-content\/uploads\/2019\/10\/puhdas_logo-arvele.png\",\"width\":114,\"height\":94,\"caption\":\"Puhdas+\"},\"image\":{\"@id\":\"https:\/\/test.puhdasplus.ee\/lt\/#\/schema\/logo\/image\/\"},\"sameAs\":[\"https:\/\/www.facebook.com\/puhdasplus\",\"https:\/\/www.instagram.com\/puhdasplus_ee\/\"]}]}<\/script>\n<!-- \/ Yoast SEO plugin. -->","yoast_head_json":{"title":"Rozmarin\u0173 plauk\u0173 tonikas 100 ml - Puhdas+","description":"Gaivinamasis rozmarin\u0173 plauk\u0173 vanduo stiprina plauk\u0173 \u0161aknis, skatina augim\u0105 ir subalansuoja galvos od\u0105. Nat\u016bralus plauk\u0173 vanduo sveikesniems ir stipresniems plaukams!","robots":{"index":"noindex","follow":"follow","max-snippet":"max-snippet:-1","max-image-preview":"max-image-preview:large","max-video-preview":"max-video-preview:-1"},"og_locale":"lt_LT","og_type":"article","og_title":"Rozmarin\u0173 plauk\u0173 tonikas 100 ml - Puhdas+","og_description":"Gaivinamasis rozmarin\u0173 plauk\u0173 vanduo stiprina plauk\u0173 \u0161aknis, skatina augim\u0105 ir subalansuoja galvos od\u0105. Nat\u016bralus plauk\u0173 vanduo sveikesniems ir stipresniems plaukams!","og_url":"https:\/\/test.puhdasplus.ee\/lt\/tooted\/kosmetika-lt\/rozmarinu-plauku-tonikas-100-ml\/","og_site_name":"Puhdas+","article_publisher":"https:\/\/www.facebook.com\/puhdasplus","article_modified_time":"2026-02-27T11:11:26+00:00","og_image":[{"width":1862,"height":2560,"url":"https:\/\/test.puhdasplus.ee\/wp-content\/uploads\/2025\/03\/44.jpg","type":"image\/jpeg"}],"twitter_card":"summary_large_image","twitter_misc":{"Est. reading time":"2 minut\u0117"},"schema":{"@context":"https:\/\/schema.org","@graph":[{"@type":"WebPage","@id":"https:\/\/test.puhdasplus.ee\/lt\/tooted\/kosmetika-lt\/rozmarinu-plauku-tonikas-100-ml\/","url":"https:\/\/test.puhdasplus.ee\/lt\/tooted\/kosmetika-lt\/rozmarinu-plauku-tonikas-100-ml\/","name":"Rozmarin\u0173 plauk\u0173 tonikas 100 ml - Puhdas+","isPartOf":{"@id":"https:\/\/test.puhdasplus.ee\/lt\/#website"},"primaryImageOfPage":{"@id":"https:\/\/test.puhdasplus.ee\/lt\/tooted\/kosmetika-lt\/rozmarinu-plauku-tonikas-100-ml\/#primaryimage"},"image":{"@id":"https:\/\/test.puhdasplus.ee\/lt\/tooted\/kosmetika-lt\/rozmarinu-plauku-tonikas-100-ml\/#primaryimage"},"thumbnailUrl":"https:\/\/test.puhdasplus.ee\/wp-content\/uploads\/2025\/03\/44.jpg","datePublished":"2023-09-02T13:40:42+00:00","dateModified":"2026-02-27T11:11:26+00:00","description":"Gaivinamasis rozmarin\u0173 plauk\u0173 vanduo stiprina plauk\u0173 \u0161aknis, skatina augim\u0105 ir subalansuoja galvos od\u0105. Nat\u016bralus plauk\u0173 vanduo sveikesniems ir stipresniems plaukams!","breadcrumb":{"@id":"https:\/\/test.puhdasplus.ee\/lt\/tooted\/kosmetika-lt\/rozmarinu-plauku-tonikas-100-ml\/#breadcrumb"},"inLanguage":"lt-LT","potentialAction":[{"@type":"ReadAction","target":["https:\/\/test.puhdasplus.ee\/lt\/tooted\/kosmetika-lt\/rozmarinu-plauku-tonikas-100-ml\/"]}]},{"@type":"ImageObject","inLanguage":"lt-LT","@id":"https:\/\/test.puhdasplus.ee\/lt\/tooted\/kosmetika-lt\/rozmarinu-plauku-tonikas-100-ml\/#primaryimage","url":"https:\/\/test.puhdasplus.ee\/wp-content\/uploads\/2025\/03\/44.jpg","contentUrl":"https:\/\/test.puhdasplus.ee\/wp-content\/uploads\/2025\/03\/44.jpg","width":1862,"height":2560,"caption":"Rozmarin\u0173 plauk\u0173 tonikas"},{"@type":"BreadcrumbList","@id":"https:\/\/test.puhdasplus.ee\/lt\/tooted\/kosmetika-lt\/rozmarinu-plauku-tonikas-100-ml\/#breadcrumb","itemListElement":[{"@type":"ListItem","position":1,"name":"Prad\u017eia","item":"https:\/\/test.puhdasplus.ee\/lt\/"},{"@type":"ListItem","position":2,"name":"Produktai","item":"https:\/\/test.puhdasplus.ee\/lt\/parduotuve\/"},{"@type":"ListItem","position":3,"name":"Rozmarin\u0173 plauk\u0173 tonikas 100 ml"}]},{"@type":"WebSite","@id":"https:\/\/test.puhdasplus.ee\/lt\/#website","url":"https:\/\/test.puhdasplus.ee\/lt\/","name":"Puhdas+","description":"Vitamiinid, Toidulisandid, looduskosmeetika, tervis, sport","publisher":{"@id":"https:\/\/test.puhdasplus.ee\/lt\/#organization"},"potentialAction":[{"@type":"SearchAction","target":{"@type":"EntryPoint","urlTemplate":"https:\/\/test.puhdasplus.ee\/lt\/?s={search_term_string}"},"query-input":{"@type":"PropertyValueSpecification","valueRequired":true,"valueName":"search_term_string"}}],"inLanguage":"lt-LT"},{"@type":"Organization","@id":"https:\/\/test.puhdasplus.ee\/lt\/#organization","name":"Puhdas+","alternateName":"Puhdasplus","url":"https:\/\/test.puhdasplus.ee\/lt\/","logo":{"@type":"ImageObject","inLanguage":"lt-LT","@id":"https:\/\/test.puhdasplus.ee\/lt\/#\/schema\/logo\/image\/","url":"https:\/\/test.puhdasplus.ee\/\/wp-content\/uploads\/2019\/10\/puhdas_logo-arvele.png","contentUrl":"https:\/\/test.puhdasplus.ee\/\/wp-content\/uploads\/2019\/10\/puhdas_logo-arvele.png","width":114,"height":94,"caption":"Puhdas+"},"image":{"@id":"https:\/\/test.puhdasplus.ee\/lt\/#\/schema\/logo\/image\/"},"sameAs":["https:\/\/www.facebook.com\/puhdasplus","https:\/\/www.instagram.com\/puhdasplus_ee\/"]}]}},"_links":{"self":[{"href":"https:\/\/test.puhdasplus.ee\/lt\/wp-json\/wp\/v2\/product\/33815","targetHints":{"allow":["GET"]}}],"collection":[{"href":"https:\/\/test.puhdasplus.ee\/lt\/wp-json\/wp\/v2\/product"}],"about":[{"href":"https:\/\/test.puhdasplus.ee\/lt\/wp-json\/wp\/v2\/types\/product"}],"replies":[{"embeddable":true,"href":"https:\/\/test.puhdasplus.ee\/lt\/wp-json\/wp\/v2\/comments?post=33815"}],"wp:featuredmedia":[{"embeddable":true,"href":"https:\/\/test.puhdasplus.ee\/lt\/wp-json\/wp\/v2\/media\/33823"}],"wp:attachment":[{"href":"https:\/\/test.puhdasplus.ee\/lt\/wp-json\/wp\/v2\/media?parent=33815"}],"wp:term":[{"taxonomy":"product_brand","embeddable":true,"href":"https:\/\/test.puhdasplus.ee\/lt\/wp-json\/wp\/v2\/product_brand?post=33815"},{"taxonomy":"product_cat","embeddable":true,"href":"https:\/\/test.puhdasplus.ee\/lt\/wp-json\/wp\/v2\/product_cat?post=33815"},{"taxonomy":"product_tag","embeddable":true,"href":"https:\/\/test.puhdasplus.ee\/lt\/wp-json\/wp\/v2\/product_tag?post=33815"}],"curies":[{"name":"wp","href":"https:\/\/api.w.org\/{rel}","templated":true}]}}