{"id":33793,"date":"2023-08-20T15:30:07","date_gmt":"2023-08-20T12:30:07","guid":{"rendered":"https:\/\/test.puhdasplus.ee\/\/tooted\/be-kategorijos\/nattokinase-2000-fu-120-kapsuliu\/"},"modified":"2026-02-27T13:11:22","modified_gmt":"2026-02-27T11:11:22","slug":"nattokinase-2000-fu-120-kapsuliu","status":"publish","type":"product","link":"https:\/\/test.puhdasplus.ee\/lt\/tooted\/specialus-pasiulymai\/nattokinase-2000-fu-120-kapsuliu\/","title":{"rendered":"Nattokinaz\u0117 2000 FU"},"content":{"rendered":"<h3 data-start=\"140\" data-end=\"487\"><b>Kas yra \u201ePure+ Nattokinase 2000 FU\u201c?<\/b><\/h3>\n<p class=\"p1\">\u201ePure+ Nattokinase 2000 FU\u201c yra nat\u016bralus maisto papildas, kurio sud\u0117tyje yra <b>fermento nattokinaz\u0117s \u2013<\/b> med\u017eiagos, gaunamos tradiciniu japoni\u0161ku soj\u0173 pupeli\u0173 (natto) fermentavimo procesu. Tai grynas maisto papildas, tinkamas vartoti kasdien. <\/p>\n<h3 data-start=\"140\" data-end=\"487\"><b>Kod\u0117l nattokinaz\u0119 reikia vartoti kaip papild\u0105?<\/b><\/h3>\n<p class=\"p1\">Natokinaz\u0117 yra fermentas, kuris padeda skaidyti baltymus ir palaiko nat\u016bralias organizmo sistemas. D\u0117l savo aktyvaus biologinio aktyvumo jis yra populiarus pasirinkimas \u017emon\u0117ms, norintiems nat\u016braliai palaikyti <b>\u0161irdies ir kraujagysli\u0173 sistemos pusiausvyr\u0105<\/b> . <\/p>\n<p data-start=\"709\" data-end=\"1057\"><br data-start=\"734\" data-end=\"737\">\u2714 Palaiko normali\u0105 <b>kraujotak\u0105 ir kraujagysli\u0173 elastingum\u0105<\/b><\/p>\n<p data-start=\"709\" data-end=\"1057\">\u2714 Tinka tiems, kurie nori nat\u016bralios <b>paramos aktyviam gyvenimo b\u016bdui<\/b><\/p>\n<p data-start=\"709\" data-end=\"1057\">\u2714 Geras pasirinkimas suaugusiesiems, kurie nevartoja pakankamai fermentuot\u0173 maisto produkt\u0173<\/p>\n<h3 data-start=\"78\" data-end=\"104\"><strong data-start=\"82\" data-end=\"102\">Naudojimo instrukcijos:<\/strong><\/h3>\n<p data-start=\"105\" data-end=\"292\">2 kapsul\u0117s per dien\u0105. Nevir\u0161ykite rekomenduojamos paros doz\u0117s. Maisto papildas nepakei\u010dia \u012fvairios ir subalansuotos mitybos ar sveiko gyvenimo b\u016bdo. Laikyti vaikams nepasiekiamoje vietoje.<\/p>\n<h3 data-start=\"78\" data-end=\"104\"><strong>Sudedamosios dalys:<\/strong><\/h3>\n<p data-start=\"1413\" data-end=\"1518\">U\u017epildas (ry\u017ei\u0173 krakmolas), nattokinaz\u0117 (fermentuot\u0173 soj\u0173 pupeli\u0173 ekstraktas), kapsul\u0117 (stabilizatorius: hidroksipropilmetilceliulioz\u0117). Sud\u0117tyje n\u0117ra pieno, laktoz\u0117s, mieli\u0173, glitimo, cukraus, druskos ar saldikli\u0173. <\/p>\n<h3 data-start=\"552\" data-end=\"579\"><strong data-start=\"556\" data-end=\"577\">Maistini\u0173 med\u017eiag\u0173 kiekis:<\/strong><\/h3>\n<p data-start=\"580\" data-end=\"611\">2 kapsul\u0117s: <b>nattokinaz\u0117 2000 FU<\/b><\/p>\n","protected":false},"excerpt":{"rendered":"<p class=\"p1\"><span class=\"s1\"><b>Nattokinaz\u0117 2000 FU yra nat\u016bralus ferment\u0173 pagrindu pagamintas maisto papildas tiems, kurie nori kasdien palaikyti nat\u016brali\u0105 savo organizmo pusiausvyr\u0105 ir gyvybingum\u0105.<\/b><\/span>  Tai \u0161varios sud\u0117ties ir veiksmingos formul\u0117s produktas, pagr\u012fstas tradiciniu japoni\u0161ku natto fermentacijos procesu. Produktas skirtas s\u0105moningam \u017emogui, vertinan\u010diam nat\u016bralius sprendimus, kokyb\u0119 ir aktyv\u0173 gyvenimo b\u016bd\u0105.<\/p>\n","protected":false},"featured_media":33801,"comment_status":"closed","ping_status":"closed","template":"","meta":{"_acf_changed":false},"product_brand":[],"product_cat":[3412,3049],"product_tag":[4169,3929,4176,4174,4168,4167,4172,4170,4173,4171,4175],"class_list":{"0":"post-33793","1":"product","2":"type-product","3":"status-publish","4":"has-post-thumbnail","6":"product_cat-sirdies-sveikata","7":"product_cat-specialus-pasiulymai","8":"product_tag-diabetas","9":"product_tag-fermentas","10":"product_tag-fermentas-sirdies-ir-kraujagysliu-sistemos-palaikymui","11":"product_tag-geresne-kraujotaka-ir-sirdies-sveikata","12":"product_tag-i-krauja","13":"product_tag-i-sirdi","14":"product_tag-kraujagysliu-elastingumas-ir-gerove","15":"product_tag-nattokinaze-kraujotakai-palaikyti","16":"product_tag-naturali-alternatyva-krauja-skystinantiems-vaistams","17":"product_tag-naturali-parama-sirdies-sveikatai","18":"product_tag-tradicine-japonu-nattokinaze","20":"first","21":"instock","22":"sale","23":"taxable","24":"shipping-taxable","25":"purchasable","26":"product-type-variable","27":"has-default-attributes"},"acf":[],"yoast_head":"<!-- This site is optimized with the Yoast SEO plugin v27.1.1 - https:\/\/yoast.com\/product\/yoast-seo-wordpress\/ -->\n<title>Nattokinaz\u0117 2000 FU - Puhdas+<\/title>\n<meta name=\"description\" content=\"Nattokinaz\u0117 2000 FU \u2013 nat\u016bralus fermentas, palaikantis \u0161irdies ir kraujagysli\u0173 sveikat\u0105. Padeda palaikyti normali\u0105 kraujotak\u0105. Gryna ir veiksminga formul\u0117! I\u0161bandykite dabar!\" \/>\n<meta name=\"robots\" content=\"noindex, follow, max-snippet:-1, max-image-preview:large, max-video-preview:-1\" \/>\n<meta property=\"og:locale\" content=\"lt_LT\" \/>\n<meta property=\"og:type\" content=\"article\" \/>\n<meta property=\"og:title\" content=\"Nattokinaz\u0117 2000 FU - Puhdas+\" \/>\n<meta property=\"og:description\" content=\"Nattokinaz\u0117 2000 FU \u2013 nat\u016bralus fermentas, palaikantis \u0161irdies ir kraujagysli\u0173 sveikat\u0105. Padeda palaikyti normali\u0105 kraujotak\u0105. Gryna ir veiksminga formul\u0117! I\u0161bandykite dabar!\" \/>\n<meta property=\"og:url\" content=\"https:\/\/test.puhdasplus.ee\/lt\/tooted\/specialus-pasiulymai\/nattokinase-2000-fu-120-kapsuliu\/\" \/>\n<meta property=\"og:site_name\" content=\"Puhdas+\" \/>\n<meta property=\"article:publisher\" content=\"https:\/\/www.facebook.com\/puhdasplus\" \/>\n<meta property=\"article:modified_time\" content=\"2026-02-27T11:11:22+00:00\" \/>\n<meta property=\"og:image\" content=\"https:\/\/test.puhdasplus.ee\/wp-content\/uploads\/2025\/03\/75.jpg\" \/>\n\t<meta property=\"og:image:width\" content=\"1862\" \/>\n\t<meta property=\"og:image:height\" content=\"2560\" \/>\n\t<meta property=\"og:image:type\" content=\"image\/jpeg\" \/>\n<meta name=\"twitter:card\" content=\"summary_large_image\" \/>\n<meta name=\"twitter:label1\" content=\"Est. reading time\" \/>\n\t<meta name=\"twitter:data1\" content=\"1 minut\u0117\" \/>\n<script type=\"application\/ld+json\" class=\"yoast-schema-graph\">{\"@context\":\"https:\/\/schema.org\",\"@graph\":[{\"@type\":\"WebPage\",\"@id\":\"https:\/\/test.puhdasplus.ee\/lt\/tooted\/specialus-pasiulymai\/nattokinase-2000-fu-120-kapsuliu\/\",\"url\":\"https:\/\/test.puhdasplus.ee\/lt\/tooted\/specialus-pasiulymai\/nattokinase-2000-fu-120-kapsuliu\/\",\"name\":\"Nattokinaz\u0117 2000 FU - Puhdas+\",\"isPartOf\":{\"@id\":\"https:\/\/test.puhdasplus.ee\/lt\/#website\"},\"primaryImageOfPage\":{\"@id\":\"https:\/\/test.puhdasplus.ee\/lt\/tooted\/specialus-pasiulymai\/nattokinase-2000-fu-120-kapsuliu\/#primaryimage\"},\"image\":{\"@id\":\"https:\/\/test.puhdasplus.ee\/lt\/tooted\/specialus-pasiulymai\/nattokinase-2000-fu-120-kapsuliu\/#primaryimage\"},\"thumbnailUrl\":\"https:\/\/test.puhdasplus.ee\/wp-content\/uploads\/2025\/03\/75.jpg\",\"datePublished\":\"2023-08-20T12:30:07+00:00\",\"dateModified\":\"2026-02-27T11:11:22+00:00\",\"description\":\"Nattokinaz\u0117 2000 FU \u2013 nat\u016bralus fermentas, palaikantis \u0161irdies ir kraujagysli\u0173 sveikat\u0105. Padeda palaikyti normali\u0105 kraujotak\u0105. Gryna ir veiksminga formul\u0117! I\u0161bandykite dabar!\",\"breadcrumb\":{\"@id\":\"https:\/\/test.puhdasplus.ee\/lt\/tooted\/specialus-pasiulymai\/nattokinase-2000-fu-120-kapsuliu\/#breadcrumb\"},\"inLanguage\":\"lt-LT\",\"potentialAction\":[{\"@type\":\"ReadAction\",\"target\":[\"https:\/\/test.puhdasplus.ee\/lt\/tooted\/specialus-pasiulymai\/nattokinase-2000-fu-120-kapsuliu\/\"]}]},{\"@type\":\"ImageObject\",\"inLanguage\":\"lt-LT\",\"@id\":\"https:\/\/test.puhdasplus.ee\/lt\/tooted\/specialus-pasiulymai\/nattokinase-2000-fu-120-kapsuliu\/#primaryimage\",\"url\":\"https:\/\/test.puhdasplus.ee\/wp-content\/uploads\/2025\/03\/75.jpg\",\"contentUrl\":\"https:\/\/test.puhdasplus.ee\/wp-content\/uploads\/2025\/03\/75.jpg\",\"width\":1862,\"height\":2560,\"caption\":\"Nattokinaz\u0117\"},{\"@type\":\"BreadcrumbList\",\"@id\":\"https:\/\/test.puhdasplus.ee\/lt\/tooted\/specialus-pasiulymai\/nattokinase-2000-fu-120-kapsuliu\/#breadcrumb\",\"itemListElement\":[{\"@type\":\"ListItem\",\"position\":1,\"name\":\"Prad\u017eia\",\"item\":\"https:\/\/test.puhdasplus.ee\/lt\/\"},{\"@type\":\"ListItem\",\"position\":2,\"name\":\"Produktai\",\"item\":\"https:\/\/test.puhdasplus.ee\/lt\/parduotuve\/\"},{\"@type\":\"ListItem\",\"position\":3,\"name\":\"Nattokinaz\u0117 2000 FU\"}]},{\"@type\":\"WebSite\",\"@id\":\"https:\/\/test.puhdasplus.ee\/lt\/#website\",\"url\":\"https:\/\/test.puhdasplus.ee\/lt\/\",\"name\":\"Puhdas+\",\"description\":\"Vitamiinid, Toidulisandid, looduskosmeetika, tervis, sport\",\"publisher\":{\"@id\":\"https:\/\/test.puhdasplus.ee\/lt\/#organization\"},\"potentialAction\":[{\"@type\":\"SearchAction\",\"target\":{\"@type\":\"EntryPoint\",\"urlTemplate\":\"https:\/\/test.puhdasplus.ee\/lt\/?s={search_term_string}\"},\"query-input\":{\"@type\":\"PropertyValueSpecification\",\"valueRequired\":true,\"valueName\":\"search_term_string\"}}],\"inLanguage\":\"lt-LT\"},{\"@type\":\"Organization\",\"@id\":\"https:\/\/test.puhdasplus.ee\/lt\/#organization\",\"name\":\"Puhdas+\",\"alternateName\":\"Puhdasplus\",\"url\":\"https:\/\/test.puhdasplus.ee\/lt\/\",\"logo\":{\"@type\":\"ImageObject\",\"inLanguage\":\"lt-LT\",\"@id\":\"https:\/\/test.puhdasplus.ee\/lt\/#\/schema\/logo\/image\/\",\"url\":\"https:\/\/test.puhdasplus.ee\/\/wp-content\/uploads\/2019\/10\/puhdas_logo-arvele.png\",\"contentUrl\":\"https:\/\/test.puhdasplus.ee\/\/wp-content\/uploads\/2019\/10\/puhdas_logo-arvele.png\",\"width\":114,\"height\":94,\"caption\":\"Puhdas+\"},\"image\":{\"@id\":\"https:\/\/test.puhdasplus.ee\/lt\/#\/schema\/logo\/image\/\"},\"sameAs\":[\"https:\/\/www.facebook.com\/puhdasplus\",\"https:\/\/www.instagram.com\/puhdasplus_ee\/\"]}]}<\/script>\n<!-- \/ Yoast SEO plugin. -->","yoast_head_json":{"title":"Nattokinaz\u0117 2000 FU - Puhdas+","description":"Nattokinaz\u0117 2000 FU \u2013 nat\u016bralus fermentas, palaikantis \u0161irdies ir kraujagysli\u0173 sveikat\u0105. Padeda palaikyti normali\u0105 kraujotak\u0105. Gryna ir veiksminga formul\u0117! I\u0161bandykite dabar!","robots":{"index":"noindex","follow":"follow","max-snippet":"max-snippet:-1","max-image-preview":"max-image-preview:large","max-video-preview":"max-video-preview:-1"},"og_locale":"lt_LT","og_type":"article","og_title":"Nattokinaz\u0117 2000 FU - Puhdas+","og_description":"Nattokinaz\u0117 2000 FU \u2013 nat\u016bralus fermentas, palaikantis \u0161irdies ir kraujagysli\u0173 sveikat\u0105. Padeda palaikyti normali\u0105 kraujotak\u0105. Gryna ir veiksminga formul\u0117! I\u0161bandykite dabar!","og_url":"https:\/\/test.puhdasplus.ee\/lt\/tooted\/specialus-pasiulymai\/nattokinase-2000-fu-120-kapsuliu\/","og_site_name":"Puhdas+","article_publisher":"https:\/\/www.facebook.com\/puhdasplus","article_modified_time":"2026-02-27T11:11:22+00:00","og_image":[{"width":1862,"height":2560,"url":"https:\/\/test.puhdasplus.ee\/wp-content\/uploads\/2025\/03\/75.jpg","type":"image\/jpeg"}],"twitter_card":"summary_large_image","twitter_misc":{"Est. reading time":"1 minut\u0117"},"schema":{"@context":"https:\/\/schema.org","@graph":[{"@type":"WebPage","@id":"https:\/\/test.puhdasplus.ee\/lt\/tooted\/specialus-pasiulymai\/nattokinase-2000-fu-120-kapsuliu\/","url":"https:\/\/test.puhdasplus.ee\/lt\/tooted\/specialus-pasiulymai\/nattokinase-2000-fu-120-kapsuliu\/","name":"Nattokinaz\u0117 2000 FU - Puhdas+","isPartOf":{"@id":"https:\/\/test.puhdasplus.ee\/lt\/#website"},"primaryImageOfPage":{"@id":"https:\/\/test.puhdasplus.ee\/lt\/tooted\/specialus-pasiulymai\/nattokinase-2000-fu-120-kapsuliu\/#primaryimage"},"image":{"@id":"https:\/\/test.puhdasplus.ee\/lt\/tooted\/specialus-pasiulymai\/nattokinase-2000-fu-120-kapsuliu\/#primaryimage"},"thumbnailUrl":"https:\/\/test.puhdasplus.ee\/wp-content\/uploads\/2025\/03\/75.jpg","datePublished":"2023-08-20T12:30:07+00:00","dateModified":"2026-02-27T11:11:22+00:00","description":"Nattokinaz\u0117 2000 FU \u2013 nat\u016bralus fermentas, palaikantis \u0161irdies ir kraujagysli\u0173 sveikat\u0105. Padeda palaikyti normali\u0105 kraujotak\u0105. Gryna ir veiksminga formul\u0117! I\u0161bandykite dabar!","breadcrumb":{"@id":"https:\/\/test.puhdasplus.ee\/lt\/tooted\/specialus-pasiulymai\/nattokinase-2000-fu-120-kapsuliu\/#breadcrumb"},"inLanguage":"lt-LT","potentialAction":[{"@type":"ReadAction","target":["https:\/\/test.puhdasplus.ee\/lt\/tooted\/specialus-pasiulymai\/nattokinase-2000-fu-120-kapsuliu\/"]}]},{"@type":"ImageObject","inLanguage":"lt-LT","@id":"https:\/\/test.puhdasplus.ee\/lt\/tooted\/specialus-pasiulymai\/nattokinase-2000-fu-120-kapsuliu\/#primaryimage","url":"https:\/\/test.puhdasplus.ee\/wp-content\/uploads\/2025\/03\/75.jpg","contentUrl":"https:\/\/test.puhdasplus.ee\/wp-content\/uploads\/2025\/03\/75.jpg","width":1862,"height":2560,"caption":"Nattokinaz\u0117"},{"@type":"BreadcrumbList","@id":"https:\/\/test.puhdasplus.ee\/lt\/tooted\/specialus-pasiulymai\/nattokinase-2000-fu-120-kapsuliu\/#breadcrumb","itemListElement":[{"@type":"ListItem","position":1,"name":"Prad\u017eia","item":"https:\/\/test.puhdasplus.ee\/lt\/"},{"@type":"ListItem","position":2,"name":"Produktai","item":"https:\/\/test.puhdasplus.ee\/lt\/parduotuve\/"},{"@type":"ListItem","position":3,"name":"Nattokinaz\u0117 2000 FU"}]},{"@type":"WebSite","@id":"https:\/\/test.puhdasplus.ee\/lt\/#website","url":"https:\/\/test.puhdasplus.ee\/lt\/","name":"Puhdas+","description":"Vitamiinid, Toidulisandid, looduskosmeetika, tervis, sport","publisher":{"@id":"https:\/\/test.puhdasplus.ee\/lt\/#organization"},"potentialAction":[{"@type":"SearchAction","target":{"@type":"EntryPoint","urlTemplate":"https:\/\/test.puhdasplus.ee\/lt\/?s={search_term_string}"},"query-input":{"@type":"PropertyValueSpecification","valueRequired":true,"valueName":"search_term_string"}}],"inLanguage":"lt-LT"},{"@type":"Organization","@id":"https:\/\/test.puhdasplus.ee\/lt\/#organization","name":"Puhdas+","alternateName":"Puhdasplus","url":"https:\/\/test.puhdasplus.ee\/lt\/","logo":{"@type":"ImageObject","inLanguage":"lt-LT","@id":"https:\/\/test.puhdasplus.ee\/lt\/#\/schema\/logo\/image\/","url":"https:\/\/test.puhdasplus.ee\/\/wp-content\/uploads\/2019\/10\/puhdas_logo-arvele.png","contentUrl":"https:\/\/test.puhdasplus.ee\/\/wp-content\/uploads\/2019\/10\/puhdas_logo-arvele.png","width":114,"height":94,"caption":"Puhdas+"},"image":{"@id":"https:\/\/test.puhdasplus.ee\/lt\/#\/schema\/logo\/image\/"},"sameAs":["https:\/\/www.facebook.com\/puhdasplus","https:\/\/www.instagram.com\/puhdasplus_ee\/"]}]}},"_links":{"self":[{"href":"https:\/\/test.puhdasplus.ee\/lt\/wp-json\/wp\/v2\/product\/33793","targetHints":{"allow":["GET"]}}],"collection":[{"href":"https:\/\/test.puhdasplus.ee\/lt\/wp-json\/wp\/v2\/product"}],"about":[{"href":"https:\/\/test.puhdasplus.ee\/lt\/wp-json\/wp\/v2\/types\/product"}],"replies":[{"embeddable":true,"href":"https:\/\/test.puhdasplus.ee\/lt\/wp-json\/wp\/v2\/comments?post=33793"}],"wp:featuredmedia":[{"embeddable":true,"href":"https:\/\/test.puhdasplus.ee\/lt\/wp-json\/wp\/v2\/media\/33801"}],"wp:attachment":[{"href":"https:\/\/test.puhdasplus.ee\/lt\/wp-json\/wp\/v2\/media?parent=33793"}],"wp:term":[{"taxonomy":"product_brand","embeddable":true,"href":"https:\/\/test.puhdasplus.ee\/lt\/wp-json\/wp\/v2\/product_brand?post=33793"},{"taxonomy":"product_cat","embeddable":true,"href":"https:\/\/test.puhdasplus.ee\/lt\/wp-json\/wp\/v2\/product_cat?post=33793"},{"taxonomy":"product_tag","embeddable":true,"href":"https:\/\/test.puhdasplus.ee\/lt\/wp-json\/wp\/v2\/product_tag?post=33793"}],"curies":[{"name":"wp","href":"https:\/\/api.w.org\/{rel}","templated":true}]}}