{"id":33743,"date":"2023-06-16T23:06:33","date_gmt":"2023-06-16T20:06:33","guid":{"rendered":"https:\/\/test.puhdasplus.ee\/\/tooted\/be-kategorijos\/alavijo-purskalas-200-ml\/"},"modified":"2026-02-27T13:13:44","modified_gmt":"2026-02-27T11:13:44","slug":"alavijo-purskalas-200-ml","status":"publish","type":"product","link":"https:\/\/test.puhdasplus.ee\/lt\/tooted\/kosmetika-lt\/alavijo-purskalas-200-ml\/","title":{"rendered":"Alavijo pur\u0161kalas 200 ml"},"content":{"rendered":"<div class=\"plain-html content\">\n<h3>Nat\u016braliai dr\u0117kinanti ir raminanti odos prie\u017ei\u016bra<\/h3>\n<p>Alavijo pur\u0161kalas yra nat\u016bralus ir daugiafunkcis produktas, kuris dr\u0117kina, ramina ir gaivina od\u0105 bei plaukus. Jo lengvai \u012fsigerianti formul\u0117 su organin\u0117mis alavijo sultimis padeda suma\u017einti odos sausum\u0105 ir sudirginim\u0105, o glicerinas ir hialurono r\u016bg\u0161tis giliai dr\u0117kina od\u0105. Idealiai tinka kasdieniam naudojimui visiems odos tipams, \u012fskaitant jautri\u0105 od\u0105.  <\/p>\n<p>Alavijo pur\u0161kalas yra nat\u016bralus ir dr\u0117kinamasis pur\u0161kalas, kuris ramina, gaivina ir apsaugo od\u0105. Alavijas yra \u017einomas d\u0117l savo giliai dr\u0117kinam\u0173j\u0173 ir prie\u0161u\u017edegimini\u0173 savybi\u0173, padedan\u010di\u0173 suma\u017einti sausum\u0105, sudirginim\u0105 ir nudegimus saul\u0117je. Lengva ir greitai \u012fsigerianti formul\u0117 idealiai tinka kasdieniam naudojimui veidui, k\u016bnui ir plaukams. Tinka visiems odos tipams, ypa\u010d sausai ir jautriai odai.   <\/p>\n<h3 data-start=\"560\" data-end=\"602\"><strong data-start=\"567\" data-end=\"600\">Sudedamosios dalys ir j\u0173 nauda:<\/strong><\/h3>\n<ul data-start=\"603\" data-end=\"1115\">\n<li data-start=\"603\" data-end=\"721\"><strong data-start=\"605\" data-end=\"649\">Alavijas (Aloe Barbadensis) lap\u0173 sultys:<\/strong> dr\u0117kina, ramina ir regeneruoja od\u0105, ma\u017eindamas paraudim\u0105 ir sudirginim\u0105.<\/li>\n<li data-start=\"722\" data-end=\"821\"><strong data-start=\"724\" data-end=\"739\">Glicerinas:<\/strong> Palaiko odos ir plauk\u0173 dr\u0117gm\u0119, palaikydamas nat\u016brali\u0105 dr\u0117gm\u0117s pusiausvyr\u0105.<\/li>\n<li data-start=\"822\" data-end=\"922\"><strong data-start=\"824\" data-end=\"856\">Pantenolis (provitaminas B5):<\/strong> ramina od\u0105, pagreitina regeneracij\u0105 ir suteikia plaukams \u0161velnumo.<\/li>\n<li data-start=\"923\" data-end=\"1003\"><strong data-start=\"925\" data-end=\"940\">Alantoinas:<\/strong> mink\u0161tina od\u0105, ma\u017eina sudirginim\u0105 ir skatina odos atsinaujinim\u0105.<\/li>\n<li data-start=\"1004\" data-end=\"1115\"><strong data-start=\"1006\" data-end=\"1051\">Natrio hialuronatas:<\/strong> giliai dr\u0117kinanti med\u017eiaga, padedanti odai i\u0161laikyti dr\u0117gm\u0119.<\/li>\n<\/ul>\n<h3 data-start=\"1122\" data-end=\"1161\"><strong data-start=\"1128\" data-end=\"1159\">Sud\u0117tyje n\u0117ra \u0161i\u0173 med\u017eiag\u0173:<\/strong><\/h3>\n<p data-start=\"1162\" data-end=\"1265\">\u274c Parabenai<br data-start=\"1173\" data-end=\"1176\"> \u274c Sulfatai<br data-start=\"1186\" data-end=\"1189\"> \u274c Silikonai<br data-start=\"1200\" data-end=\"1203\"> \u274c Dirbtiniai da\u017eikliai<br data-start=\"1226\" data-end=\"1229\"> \u274c Be gyv\u016bnin\u0117s kilm\u0117s ingredient\u0173 (100 % vegani\u0161kas)<\/p>\n<p data-start=\"569\" data-end=\"593\"><strong data-start=\"569\" data-end=\"591\">Naudojimo instrukcijos:<\/strong><\/p>\n<ol data-start=\"594\" data-end=\"832\">\n<li data-start=\"594\" data-end=\"680\">Purk\u0161kite tiesiai ant odos arba plauk\u0173, kad suteiktum\u0117te dr\u0117kinim\u0105 ir raminam\u0105j\u0105 prie\u017ei\u016br\u0105.<\/li>\n<li data-start=\"681\" data-end=\"761\">Naudokite kasdien odai dr\u0117kinti arba po deginimosi saul\u0117je.<\/li>\n<li data-start=\"762\" data-end=\"832\">Taip pat tinka makia\u017eo fiksavimui ir odos maitinimui dienos metu.<\/li>\n<\/ol>\n<p data-start=\"1690\" data-end=\"1715\"><strong>Laikymas:<\/strong> laikyti kambario temperat\u016broje, sausoje vietoje ir toliau nuo tiesiogini\u0173 saul\u0117s spinduli\u0173.<\/p>\n<p data-start=\"834\" data-end=\"907\"><strong>D\u0117mesio:<\/strong> Tik i\u0161oriniam naudojimui. Vengti patekimo \u012f akis. Nenaudoti \u012f vid\u0173.   Laikyti vaikams nepasiekiamoje vietoje.<\/p>\n<\/div>\n","protected":false},"excerpt":{"rendered":"<div class=\"frame-epharma__body\">\n<div class=\"frame-epharma__body__limiter\">\n<div class=\"layout-product\">\n<div class=\"layout-product__row\">\n<div class=\"layout-product__tabs\">\n<div class=\"tabbed-content\" data-component=\"tabs\" data-config=\"{\"activeTab\":\"tab01\"}\">\n<div class=\"tabbed-content__panel-group\" role=\"presentation\">\n<div class=\"tabbed-content__panel tabbed-content__panel open\" role=\"tabpanel\">\n<div class=\"tabbed-content__panel-content tabbed-content__panel-content\" role=\"region\" aria-hidden=\"false\">\n<div style=\"font-variant-numeric: lining-nums !important; outline: none; margin-top: 0px;\" data-component=\"descriptionTab\" data-config=\"{\"fullText\":\"TOOTEKIRJELDUS&lt;br \\\/&gt;\\nRahustav ja v\\u00e4rskendav aloe vera on ideaalne naha niisutamiseks ja v\\u00e4rskendamiseks v\\u00f5i leevenduseks peale p\\u00e4ikest. See niisutab ja v\\u00e4rskendab nahka p\\u00e4rast kuuma intensiivset p\\u00e4ikest ning aitab leevendada nii p\\u00e4ikesep\\u00f5letust, kui ka muid naha\\u00e4rritusi. Aloe vera, millel on looduslikud rahustavad ja niisutavad omadused, aitab p\\u00e4ikesep\\u00f5letatud nahal paraneda kiiremini ning leevendab ka teisi nahakahjustusi, ekseemi, psoriaasi, aknet, arme ja paljusid muid naha\\u00e4rritusi ning ebamugavustunnet. Meie niisutav ja nahka rahustav Aloe Mist on ideaalne ka kasutamiseks n\\u00e4otoonikuna. Sobilik k\\u00f5ikidele nahat\\u00fc\\u00fcpidele.&lt;br \\\/&gt;\\n&lt;br \\\/&gt;\\nKasutus: Piserda nahale, sobib kasutamiseks nii n\\u00e4ol kui kehal. N\\u00e4ole otse piserdades sulgeda silmad, et v\\u00e4ltida kontakti silmadega. Kasutada vastavalt vajadusele. Ainult v\\u00e4lispidiseks kasutamiseks \\\/ ei ole testitud loomadel \\\/ sobib veganitele.&lt;br \\\/&gt;\\n&lt;br \\\/&gt;\\nKOOSTISOSAD&lt;br \\\/&gt;\\nAloe Barbadensis Leaf Juice (Aloe Vera Juice), Citric Acid, Potassium Sorbate, Lavandula Angustifolia (Lavender) Oil, Mentha Arvensis (Peppermint) Oil\",\"filteredText\":\"TOOTEKIRJELDUS&lt;br&gt;\\nRahustav ja v\\u00e4rskendav aloe vera on ideaalne naha niisutamiseks ja v\\u00e4rskendamiseks v\\u00f5i leevenduseks peale p\\u00e4ikest. See niisutab ja v\\u00e4rskendab nahka p\\u00e4rast kuuma intensiivset p\\u00e4ikest ning aitab leevendada nii p\\u00e4ikesep\\u00f5letust, kui ka muid naha\\u00e4rritusi. Aloe vera, millel on looduslikud rahustavad ja niisutavad omadused, aitab p\\u00e4ikesep\\u00f5letatud nahal paraneda kiiremini ning leevend\u2026\",\"labels\":{\"readMoreLabel\":\"Loe rohkem\",\"readLessLabel\":\"Kuva v\\u00e4hem\"}}\">\n<div class=\"plain-html content\"><strong data-start=\"2532\" data-end=\"2604\">ALAVIJ\u0172 PUR\u0160KALAS \u2013 NAT\u016aRALUS DR\u0116KINIMAS IR RAMINIMAS ODAI IR PLAUKAMS!<\/strong><br data-start=\"2604\" data-end=\"2607\">Dr\u0117kinkite ir raminkite savo od\u0105 bei plaukus nat\u016bralaus alavijo, hialurono r\u016bg\u0161ties ir pantenolio galia. Lengva ir greitai \u012fsigerianti formul\u0117 suteikia akimirksniu gaivumo ir \u0161velnumo, nepalikdama riebumo poj\u016b\u010dio. Tinka visiems odos tipams.  <\/div>\n<\/div>\n<\/div>\n<\/div>\n<\/div>\n<\/div>\n<\/div>\n<\/div>\n<\/div>\n<\/div>\n<\/div>\n","protected":false},"featured_media":33751,"comment_status":"closed","ping_status":"closed","template":"","meta":{"_acf_changed":false},"product_brand":[],"product_cat":[2582],"product_tag":[4113,4103,4112,4102,4110,2577,4114,2839,2563,2571,4106,4109,4107,2595,2936,4111,4104,4105,4115,4108],"class_list":{"0":"post-33743","1":"product","2":"type-product","3":"status-publish","4":"has-post-thumbnail","6":"product_cat-kosmetika-lt","7":"product_tag-alavijo-plaukams","8":"product_tag-alavijo-purskalas","9":"product_tag-daugiafunkcine-odos-prieziura","10":"product_tag-drekinamoji-prieziura","11":"product_tag-geriausias-alavijo-produktas","12":"product_tag-grynas-grozis","13":"product_tag-hialurono-rugsties-purskiklis","14":"product_tag-jautriai-odai","15":"product_tag-naturali-grozio-prieziura","16":"product_tag-naturalus-drekiklis","17":"product_tag-nudegimu-palengvinimas-nuo-saules-nudegimu","18":"product_tag-oda-raminantis-purskiklis","19":"product_tag-odos-atkurimas","20":"product_tag-odos-drekinimas","21":"product_tag-priesuzdegiminis","22":"product_tag-raminamasis-purskiklis","23":"product_tag-raminanti-odos-prieziura","24":"product_tag-sausai-odai","25":"product_tag-veganiska-kosmetika","26":"product_tag-veganiska-odos-prieziura","28":"first","29":"onbackorder","30":"taxable","31":"shipping-taxable","32":"purchasable","33":"product-type-simple"},"acf":[],"yoast_head":"<!-- This site is optimized with the Yoast SEO plugin v27.1.1 - https:\/\/yoast.com\/product\/yoast-seo-wordpress\/ -->\n<title>Alavijo pur\u0161kalas 200 ml - Puhdas+<\/title>\n<meta name=\"description\" content=\"Alavijo pur\u0161kalas yra nat\u016bralus ir raminantis pur\u0161kiklis, kuris dr\u0117kina ir apsaugo od\u0105. Tinka kasdieniam naudojimui veidui, k\u016bnui ir plaukams!\" \/>\n<meta name=\"robots\" content=\"noindex, follow, max-snippet:-1, max-image-preview:large, max-video-preview:-1\" \/>\n<meta property=\"og:locale\" content=\"lt_LT\" \/>\n<meta property=\"og:type\" content=\"article\" \/>\n<meta property=\"og:title\" content=\"Alavijo pur\u0161kalas 200 ml - Puhdas+\" \/>\n<meta property=\"og:description\" content=\"Alavijo pur\u0161kalas yra nat\u016bralus ir raminantis pur\u0161kiklis, kuris dr\u0117kina ir apsaugo od\u0105. Tinka kasdieniam naudojimui veidui, k\u016bnui ir plaukams!\" \/>\n<meta property=\"og:url\" content=\"https:\/\/test.puhdasplus.ee\/lt\/tooted\/kosmetika-lt\/alavijo-purskalas-200-ml\/\" \/>\n<meta property=\"og:site_name\" content=\"Puhdas+\" \/>\n<meta property=\"article:publisher\" content=\"https:\/\/www.facebook.com\/puhdasplus\" \/>\n<meta property=\"article:modified_time\" content=\"2026-02-27T11:13:44+00:00\" \/>\n<meta property=\"og:image\" content=\"https:\/\/test.puhdasplus.ee\/wp-content\/uploads\/2023\/06\/Untitled-design-45.jpg\" \/>\n\t<meta property=\"og:image:width\" content=\"1862\" \/>\n\t<meta property=\"og:image:height\" content=\"2560\" \/>\n\t<meta property=\"og:image:type\" content=\"image\/jpeg\" \/>\n<meta name=\"twitter:card\" content=\"summary_large_image\" \/>\n<meta name=\"twitter:label1\" content=\"Est. reading time\" \/>\n\t<meta name=\"twitter:data1\" content=\"1 minut\u0117\" \/>\n<script type=\"application\/ld+json\" class=\"yoast-schema-graph\">{\"@context\":\"https:\/\/schema.org\",\"@graph\":[{\"@type\":\"WebPage\",\"@id\":\"https:\/\/test.puhdasplus.ee\/lt\/tooted\/kosmetika-lt\/alavijo-purskalas-200-ml\/\",\"url\":\"https:\/\/test.puhdasplus.ee\/lt\/tooted\/kosmetika-lt\/alavijo-purskalas-200-ml\/\",\"name\":\"Alavijo pur\u0161kalas 200 ml - Puhdas+\",\"isPartOf\":{\"@id\":\"https:\/\/test.puhdasplus.ee\/lt\/#website\"},\"primaryImageOfPage\":{\"@id\":\"https:\/\/test.puhdasplus.ee\/lt\/tooted\/kosmetika-lt\/alavijo-purskalas-200-ml\/#primaryimage\"},\"image\":{\"@id\":\"https:\/\/test.puhdasplus.ee\/lt\/tooted\/kosmetika-lt\/alavijo-purskalas-200-ml\/#primaryimage\"},\"thumbnailUrl\":\"https:\/\/test.puhdasplus.ee\/wp-content\/uploads\/2023\/06\/Untitled-design-45.jpg\",\"datePublished\":\"2023-06-16T20:06:33+00:00\",\"dateModified\":\"2026-02-27T11:13:44+00:00\",\"description\":\"Alavijo pur\u0161kalas yra nat\u016bralus ir raminantis pur\u0161kiklis, kuris dr\u0117kina ir apsaugo od\u0105. Tinka kasdieniam naudojimui veidui, k\u016bnui ir plaukams!\",\"breadcrumb\":{\"@id\":\"https:\/\/test.puhdasplus.ee\/lt\/tooted\/kosmetika-lt\/alavijo-purskalas-200-ml\/#breadcrumb\"},\"inLanguage\":\"lt-LT\",\"potentialAction\":[{\"@type\":\"ReadAction\",\"target\":[\"https:\/\/test.puhdasplus.ee\/lt\/tooted\/kosmetika-lt\/alavijo-purskalas-200-ml\/\"]}]},{\"@type\":\"ImageObject\",\"inLanguage\":\"lt-LT\",\"@id\":\"https:\/\/test.puhdasplus.ee\/lt\/tooted\/kosmetika-lt\/alavijo-purskalas-200-ml\/#primaryimage\",\"url\":\"https:\/\/test.puhdasplus.ee\/wp-content\/uploads\/2023\/06\/Untitled-design-45.jpg\",\"contentUrl\":\"https:\/\/test.puhdasplus.ee\/wp-content\/uploads\/2023\/06\/Untitled-design-45.jpg\",\"width\":1862,\"height\":2560,\"caption\":\"Aloe Vera pur\u0161kiklis\"},{\"@type\":\"BreadcrumbList\",\"@id\":\"https:\/\/test.puhdasplus.ee\/lt\/tooted\/kosmetika-lt\/alavijo-purskalas-200-ml\/#breadcrumb\",\"itemListElement\":[{\"@type\":\"ListItem\",\"position\":1,\"name\":\"Prad\u017eia\",\"item\":\"https:\/\/test.puhdasplus.ee\/lt\/\"},{\"@type\":\"ListItem\",\"position\":2,\"name\":\"Produktai\",\"item\":\"https:\/\/test.puhdasplus.ee\/lt\/parduotuve\/\"},{\"@type\":\"ListItem\",\"position\":3,\"name\":\"Alavijo pur\u0161kalas 200 ml\"}]},{\"@type\":\"WebSite\",\"@id\":\"https:\/\/test.puhdasplus.ee\/lt\/#website\",\"url\":\"https:\/\/test.puhdasplus.ee\/lt\/\",\"name\":\"Puhdas+\",\"description\":\"Vitamiinid, Toidulisandid, looduskosmeetika, tervis, sport\",\"publisher\":{\"@id\":\"https:\/\/test.puhdasplus.ee\/lt\/#organization\"},\"potentialAction\":[{\"@type\":\"SearchAction\",\"target\":{\"@type\":\"EntryPoint\",\"urlTemplate\":\"https:\/\/test.puhdasplus.ee\/lt\/?s={search_term_string}\"},\"query-input\":{\"@type\":\"PropertyValueSpecification\",\"valueRequired\":true,\"valueName\":\"search_term_string\"}}],\"inLanguage\":\"lt-LT\"},{\"@type\":\"Organization\",\"@id\":\"https:\/\/test.puhdasplus.ee\/lt\/#organization\",\"name\":\"Puhdas+\",\"alternateName\":\"Puhdasplus\",\"url\":\"https:\/\/test.puhdasplus.ee\/lt\/\",\"logo\":{\"@type\":\"ImageObject\",\"inLanguage\":\"lt-LT\",\"@id\":\"https:\/\/test.puhdasplus.ee\/lt\/#\/schema\/logo\/image\/\",\"url\":\"https:\/\/test.puhdasplus.ee\/\/wp-content\/uploads\/2019\/10\/puhdas_logo-arvele.png\",\"contentUrl\":\"https:\/\/test.puhdasplus.ee\/\/wp-content\/uploads\/2019\/10\/puhdas_logo-arvele.png\",\"width\":114,\"height\":94,\"caption\":\"Puhdas+\"},\"image\":{\"@id\":\"https:\/\/test.puhdasplus.ee\/lt\/#\/schema\/logo\/image\/\"},\"sameAs\":[\"https:\/\/www.facebook.com\/puhdasplus\",\"https:\/\/www.instagram.com\/puhdasplus_ee\/\"]}]}<\/script>\n<!-- \/ Yoast SEO plugin. -->","yoast_head_json":{"title":"Alavijo pur\u0161kalas 200 ml - Puhdas+","description":"Alavijo pur\u0161kalas yra nat\u016bralus ir raminantis pur\u0161kiklis, kuris dr\u0117kina ir apsaugo od\u0105. Tinka kasdieniam naudojimui veidui, k\u016bnui ir plaukams!","robots":{"index":"noindex","follow":"follow","max-snippet":"max-snippet:-1","max-image-preview":"max-image-preview:large","max-video-preview":"max-video-preview:-1"},"og_locale":"lt_LT","og_type":"article","og_title":"Alavijo pur\u0161kalas 200 ml - Puhdas+","og_description":"Alavijo pur\u0161kalas yra nat\u016bralus ir raminantis pur\u0161kiklis, kuris dr\u0117kina ir apsaugo od\u0105. Tinka kasdieniam naudojimui veidui, k\u016bnui ir plaukams!","og_url":"https:\/\/test.puhdasplus.ee\/lt\/tooted\/kosmetika-lt\/alavijo-purskalas-200-ml\/","og_site_name":"Puhdas+","article_publisher":"https:\/\/www.facebook.com\/puhdasplus","article_modified_time":"2026-02-27T11:13:44+00:00","og_image":[{"width":1862,"height":2560,"url":"https:\/\/test.puhdasplus.ee\/wp-content\/uploads\/2023\/06\/Untitled-design-45.jpg","type":"image\/jpeg"}],"twitter_card":"summary_large_image","twitter_misc":{"Est. reading time":"1 minut\u0117"},"schema":{"@context":"https:\/\/schema.org","@graph":[{"@type":"WebPage","@id":"https:\/\/test.puhdasplus.ee\/lt\/tooted\/kosmetika-lt\/alavijo-purskalas-200-ml\/","url":"https:\/\/test.puhdasplus.ee\/lt\/tooted\/kosmetika-lt\/alavijo-purskalas-200-ml\/","name":"Alavijo pur\u0161kalas 200 ml - Puhdas+","isPartOf":{"@id":"https:\/\/test.puhdasplus.ee\/lt\/#website"},"primaryImageOfPage":{"@id":"https:\/\/test.puhdasplus.ee\/lt\/tooted\/kosmetika-lt\/alavijo-purskalas-200-ml\/#primaryimage"},"image":{"@id":"https:\/\/test.puhdasplus.ee\/lt\/tooted\/kosmetika-lt\/alavijo-purskalas-200-ml\/#primaryimage"},"thumbnailUrl":"https:\/\/test.puhdasplus.ee\/wp-content\/uploads\/2023\/06\/Untitled-design-45.jpg","datePublished":"2023-06-16T20:06:33+00:00","dateModified":"2026-02-27T11:13:44+00:00","description":"Alavijo pur\u0161kalas yra nat\u016bralus ir raminantis pur\u0161kiklis, kuris dr\u0117kina ir apsaugo od\u0105. Tinka kasdieniam naudojimui veidui, k\u016bnui ir plaukams!","breadcrumb":{"@id":"https:\/\/test.puhdasplus.ee\/lt\/tooted\/kosmetika-lt\/alavijo-purskalas-200-ml\/#breadcrumb"},"inLanguage":"lt-LT","potentialAction":[{"@type":"ReadAction","target":["https:\/\/test.puhdasplus.ee\/lt\/tooted\/kosmetika-lt\/alavijo-purskalas-200-ml\/"]}]},{"@type":"ImageObject","inLanguage":"lt-LT","@id":"https:\/\/test.puhdasplus.ee\/lt\/tooted\/kosmetika-lt\/alavijo-purskalas-200-ml\/#primaryimage","url":"https:\/\/test.puhdasplus.ee\/wp-content\/uploads\/2023\/06\/Untitled-design-45.jpg","contentUrl":"https:\/\/test.puhdasplus.ee\/wp-content\/uploads\/2023\/06\/Untitled-design-45.jpg","width":1862,"height":2560,"caption":"Aloe Vera pur\u0161kiklis"},{"@type":"BreadcrumbList","@id":"https:\/\/test.puhdasplus.ee\/lt\/tooted\/kosmetika-lt\/alavijo-purskalas-200-ml\/#breadcrumb","itemListElement":[{"@type":"ListItem","position":1,"name":"Prad\u017eia","item":"https:\/\/test.puhdasplus.ee\/lt\/"},{"@type":"ListItem","position":2,"name":"Produktai","item":"https:\/\/test.puhdasplus.ee\/lt\/parduotuve\/"},{"@type":"ListItem","position":3,"name":"Alavijo pur\u0161kalas 200 ml"}]},{"@type":"WebSite","@id":"https:\/\/test.puhdasplus.ee\/lt\/#website","url":"https:\/\/test.puhdasplus.ee\/lt\/","name":"Puhdas+","description":"Vitamiinid, Toidulisandid, looduskosmeetika, tervis, sport","publisher":{"@id":"https:\/\/test.puhdasplus.ee\/lt\/#organization"},"potentialAction":[{"@type":"SearchAction","target":{"@type":"EntryPoint","urlTemplate":"https:\/\/test.puhdasplus.ee\/lt\/?s={search_term_string}"},"query-input":{"@type":"PropertyValueSpecification","valueRequired":true,"valueName":"search_term_string"}}],"inLanguage":"lt-LT"},{"@type":"Organization","@id":"https:\/\/test.puhdasplus.ee\/lt\/#organization","name":"Puhdas+","alternateName":"Puhdasplus","url":"https:\/\/test.puhdasplus.ee\/lt\/","logo":{"@type":"ImageObject","inLanguage":"lt-LT","@id":"https:\/\/test.puhdasplus.ee\/lt\/#\/schema\/logo\/image\/","url":"https:\/\/test.puhdasplus.ee\/\/wp-content\/uploads\/2019\/10\/puhdas_logo-arvele.png","contentUrl":"https:\/\/test.puhdasplus.ee\/\/wp-content\/uploads\/2019\/10\/puhdas_logo-arvele.png","width":114,"height":94,"caption":"Puhdas+"},"image":{"@id":"https:\/\/test.puhdasplus.ee\/lt\/#\/schema\/logo\/image\/"},"sameAs":["https:\/\/www.facebook.com\/puhdasplus","https:\/\/www.instagram.com\/puhdasplus_ee\/"]}]}},"_links":{"self":[{"href":"https:\/\/test.puhdasplus.ee\/lt\/wp-json\/wp\/v2\/product\/33743","targetHints":{"allow":["GET"]}}],"collection":[{"href":"https:\/\/test.puhdasplus.ee\/lt\/wp-json\/wp\/v2\/product"}],"about":[{"href":"https:\/\/test.puhdasplus.ee\/lt\/wp-json\/wp\/v2\/types\/product"}],"replies":[{"embeddable":true,"href":"https:\/\/test.puhdasplus.ee\/lt\/wp-json\/wp\/v2\/comments?post=33743"}],"wp:featuredmedia":[{"embeddable":true,"href":"https:\/\/test.puhdasplus.ee\/lt\/wp-json\/wp\/v2\/media\/33751"}],"wp:attachment":[{"href":"https:\/\/test.puhdasplus.ee\/lt\/wp-json\/wp\/v2\/media?parent=33743"}],"wp:term":[{"taxonomy":"product_brand","embeddable":true,"href":"https:\/\/test.puhdasplus.ee\/lt\/wp-json\/wp\/v2\/product_brand?post=33743"},{"taxonomy":"product_cat","embeddable":true,"href":"https:\/\/test.puhdasplus.ee\/lt\/wp-json\/wp\/v2\/product_cat?post=33743"},{"taxonomy":"product_tag","embeddable":true,"href":"https:\/\/test.puhdasplus.ee\/lt\/wp-json\/wp\/v2\/product_tag?post=33743"}],"curies":[{"name":"wp","href":"https:\/\/api.w.org\/{rel}","templated":true}]}}