{"id":33671,"date":"2023-04-13T19:34:23","date_gmt":"2023-04-13T16:34:23","guid":{"rendered":"https:\/\/test.puhdasplus.ee\/\/tooted\/be-kategorijos\/cinkas-25-mg\/"},"modified":"2026-02-27T13:12:56","modified_gmt":"2026-02-27T11:12:56","slug":"cinkas-25-mg","status":"publish","type":"product","link":"https:\/\/test.puhdasplus.ee\/lt\/tooted\/mineralai\/cinkas\/cinkas-25-mg\/","title":{"rendered":"Cinkas 25 mg"},"content":{"rendered":"<h2 data-start=\"169\" data-end=\"194\">Kas yra \u201ePure+ Zinc\u201c ir kod\u0117l jis naudingas?<\/h2>\n<p class=\"p1\">\u201ePure+ Zinc 25 mg\u201c yra auk\u0161tos kokyb\u0117s maisto papildas, kurio sud\u0117tyje yra dvi lengvai \u012fsisavinamos cinko formos \u2013 cinko gliukonatas ir cinko pikolinatas. Cinkas yra b\u016btinas mineralas, padedantis palaikyti <b>normali\u0105 imunin\u0117s sistemos, odos, plauk\u0173, nag\u0173 ir reg\u0117jimo funkcij\u0105 bei apsaugantis l\u0105steles nuo oksidacinio streso<\/b> . Pagamintas Suomijoje vadovaujantis grynos sud\u0117ties principu \u2013 be dirbtini\u0173 pried\u0173, taip pat tinka veganams.  <\/p>\n<h3>Efektyvi imunin\u0117s sistemos parama<\/h3>\n<p class=\"p1\">Cinkas padeda palaikyti normali\u0105 imunin\u0117s sistemos funkcij\u0105 ir palaiko nat\u016brali\u0105 organizmo apsaug\u0105. Cinko tr\u016bkumas gali pasireik\u0161ti l\u0117tesniu atsistatymu arba sausa oda, tod\u0117l pakankamas cinko kiekis yra svarbus norint palaikyti kasdien\u012f atsparum\u0105. <\/p>\n<h3 class=\"\" data-start=\"1226\" data-end=\"1264\">Odos, plauk\u0173 ir nag\u0173 prie\u017ei\u016bra<\/h3>\n<p class=\"\" data-start=\"1265\" data-end=\"1512\">Cinkas taip pat \u017einomas kaip gro\u017eio mineralas, nes padeda palaikyti normali\u0105 odos, plauk\u0173 ir nag\u0173 b\u016bkl\u0119. Cinkas skatina odos l\u0105steli\u0173 atsinaujinim\u0105 ir padeda palaikyti odos apsaugin\u0119 funkcij\u0105 \u2013 tod\u0117l cinkas da\u017enai naudojamas odos prie\u017ei\u016bros produktuose. <\/p>\n<h3 class=\"\" data-start=\"1514\" data-end=\"1568\">Palaiko reg\u0117jim\u0105 ir antioksidacin\u0119 apsaug\u0105<\/h3>\n<p class=\"\" data-start=\"1569\" data-end=\"1778\">Cinkas padeda palaikyti normal\u0173 reg\u0117jim\u0105 ir dalyvauja antioksidacin\u0117je apsaugoje, pad\u0117damas neutralizuoti \u017ealing\u0105 laisv\u0173j\u0173 radikal\u0173 poveik\u012f. Tai svarbu ne tik akims, bet ir viso k\u016bno l\u0105stel\u0117ms. <\/p>\n<h3 class=\"\" data-start=\"1780\" data-end=\"1808\"><b>Nerv\u0173 sistemos ir kognityvin\u0117 parama<\/b><\/h3>\n<p class=\"\" data-start=\"1809\" data-end=\"2000\">Cinkas taip pat atlieka svarb\u0173 vaidmen\u012f kognityvin\u0117se funkcijose \u2013 palaiko normali\u0105 atmint\u012f ir nerv\u0173 sistemos veikl\u0105. Kartu su kitais mikroelementais cinkas padeda palaikyti protin\u0119 energij\u0105 ir ai\u0161kum\u0105. <\/p>\n<h2 data-start=\"360\" data-end=\"384\">Kod\u0117l tai naudinga?<\/h2>\n<p class=\"\" data-start=\"386\" data-end=\"467\"><span class=\"relative -mx-px my-[-0.2rem] rounded px-px py-[0.2rem] transition-colors duration-100 ease-in-out\">Cinkas yra b\u016btinas mineralas, dalyvaujantis daugelyje organizmo proces\u0173:<\/span><\/p>\n<ul data-start=\"469\" data-end=\"762\">\n<li class=\"\" data-start=\"469\" data-end=\"508\">\n<p class=\"\" data-start=\"471\" data-end=\"508\"><span class=\"relative -mx-px my-[-0.2rem] rounded px-px py-[0.2rem] transition-colors duration-100 ease-in-out\"><strong data-start=\"0\" data-end=\"30\" data-is-only-node=\"\">Imunin\u0117s sistemos palaikymas<\/strong> :<\/span> cinkas padeda palaikyti normali\u0105 imunin\u0117s sistemos funkcij\u0105<\/p>\n<\/li>\n<li class=\"\" data-start=\"509\" data-end=\"548\">\n<p class=\"\" data-start=\"511\" data-end=\"548\"><span class=\"relative -mx-px my-[-0.2rem] rounded px-px py-[0.2rem] transition-colors duration-100 ease-in-out\"><strong data-start=\"0\" data-end=\"33\" data-is-only-node=\"\">Odos, plauk\u0173 ir nag\u0173 sveikata<\/strong> : palaiko normali\u0105 j\u0173 b\u016bkl\u0119 ir augim\u0105.<\/span><\/p>\n<\/li>\n<li class=\"\" data-start=\"549\" data-end=\"590\">\n<p class=\"\" data-start=\"551\" data-end=\"590\"><span class=\"relative -mx-px my-[-0.2rem] rounded px-px py-[0.2rem] transition-colors duration-100 ease-in-out\"><strong data-start=\"0\" data-end=\"24\" data-is-only-node=\"\">Reg\u0117jimo palaikymas<\/strong> : padeda palaikyti normal\u0173 reg\u0117jim\u0105.<\/span><\/p>\n<\/li>\n<li class=\"\" data-start=\"633\" data-end=\"674\">\n<p class=\"\" data-start=\"635\" data-end=\"674\"><span class=\"relative -mx-px my-[-0.2rem] rounded px-px py-[0.2rem] transition-colors duration-100 ease-in-out\"><strong data-start=\"0\" data-end=\"26\" data-is-only-node=\"\">Kognityvin\u0117 funkcija<\/strong> : palaiko normal\u0173 m\u0105stym\u0105 ir atminties funkcij\u0105.<\/span><\/p>\n<\/li>\n<li class=\"\" data-start=\"675\" data-end=\"762\">\n<p class=\"\" data-start=\"677\" data-end=\"762\"><span class=\"relative -mx-px my-[-0.2rem] rounded px-px py-[0.2rem] transition-colors duration-100 ease-in-out\"><strong data-start=\"0\" data-end=\"25\" data-is-only-node=\"\">Antioksidant\u0173 apsauga<\/strong> : padeda apsaugoti l\u0105steles nuo oksidacinio streso.<\/span><\/p>\n<\/li>\n<li class=\"\" data-start=\"675\" data-end=\"762\">\n<p class=\"\" data-start=\"677\" data-end=\"762\"><b>DNR ir l\u0105steli\u0173 gamyba:<\/b> dalyvauja l\u0105steli\u0173 dalijime ir baltym\u0173 sintez\u0117je<\/p>\n<\/li>\n<\/ul>\n<h2 data-start=\"769\" data-end=\"791\">Kam tai tinka?<\/h2>\n<p class=\"\" data-start=\"793\" data-end=\"878\"><span class=\"relative -mx-px my-[-0.2rem] rounded px-px py-[0.2rem] transition-colors duration-100 ease-in-out\">\u201ePure+ Zinc\u201c tinka:<\/span><\/p>\n<ul data-start=\"880\" data-end=\"1093\">\n<li class=\"\" data-start=\"880\" data-end=\"921\">\n<p class=\"\" data-start=\"882\" data-end=\"921\"><span class=\"relative -mx-px my-[-0.2rem] rounded px-px py-[0.2rem] transition-colors duration-100 ease-in-out\">Tiems, kurie nori palaikyti savo imunin\u0119 sistem\u0105.<\/span><\/p>\n<\/li>\n<li class=\"\" data-start=\"922\" data-end=\"963\">\n<p class=\"\" data-start=\"924\" data-end=\"963\"><span class=\"relative -mx-px my-[-0.2rem] rounded px-px py-[0.2rem] transition-colors duration-100 ease-in-out\">Tiems, kurie<\/span> nori pasir\u016bpinti savo oda, plaukais ir nagais.<\/p>\n<\/li>\n<li class=\"\" data-start=\"964\" data-end=\"1005\">\n<p class=\"\" data-start=\"966\" data-end=\"1005\"><span class=\"relative -mx-px my-[-0.2rem] rounded px-px py-[0.2rem] transition-colors duration-100 ease-in-out\">Vegetarams ir veganams \u2013 produktas yra 100 % augalin\u0117s kilm\u0117s.<\/span><\/p>\n<\/li>\n<li class=\"\" data-start=\"1006\" data-end=\"1093\">\n<p class=\"\" data-start=\"1008\" data-end=\"1093\"><span class=\"relative -mx-px my-[-0.2rem] rounded px-px py-[0.2rem] transition-colors duration-100 ease-in-out\">Tiems, kurie ie\u0161ko cinko papildo be pried\u0173 ir lengvai \u012fsisavinamo.<\/span><\/p>\n<\/li>\n<\/ul>\n<h2 data-start=\"1100\" data-end=\"1114\">Naudojimas<\/h2>\n<p class=\"\" data-start=\"1116\" data-end=\"1201\"><span class=\"relative -mx-px my-[-0.2rem] rounded px-px py-[0.2rem] transition-colors duration-100 ease-in-out\"><strong data-start=\"0\" data-end=\"20\" data-is-only-node=\"\">Rekomenduojama doz\u0117<\/strong> : 1 kapsul\u0117 per dien\u0105, u\u017egeriant vandeniu.<\/span><\/p>\n<p class=\"\" data-start=\"1203\" data-end=\"1288\"><span class=\"relative -mx-px my-[-0.2rem] rounded px-px py-[0.2rem] transition-colors duration-100 ease-in-out\">Nevir\u0161ykite rekomenduojamos paros doz\u0117s. Maisto papildas n\u0117ra \u012fvairios ir subalansuotos mitybos ar sveiko gyvenimo b\u016bdo pakaitalas. Laikyti vaikams nepasiekiamoje vietoje.  <\/span>\u200b<\/p>\n<h2 data-start=\"1295\" data-end=\"1310\">Ingredientai<\/h2>\n<ul data-start=\"1312\" data-end=\"1525\">\n<li class=\"\" data-start=\"1312\" data-end=\"1353\">\n<p class=\"\" data-start=\"1314\" data-end=\"1353\"><span class=\"relative -mx-px my-[-0.2rem] rounded px-px py-[0.2rem] transition-colors duration-100 ease-in-out\">Stabilizatorius: hidroksipropilmetilceliulioz\u0117<\/span><\/p>\n<\/li>\n<li class=\"\" data-start=\"1354\" data-end=\"1395\">\n<p class=\"\" data-start=\"1356\" data-end=\"1395\"><span class=\"relative -mx-px my-[-0.2rem] rounded px-px py-[0.2rem] transition-colors duration-100 ease-in-out\">Cinko gliukonatas<\/span><\/p>\n<\/li>\n<li class=\"\" data-start=\"1396\" data-end=\"1437\">\n<p class=\"\" data-start=\"1398\" data-end=\"1437\"><span class=\"relative -mx-px my-[-0.2rem] rounded px-px py-[0.2rem] transition-colors duration-100 ease-in-out\">Kapsul\u0117s apvalkalas: hidroksipropilmetilceliulioz\u0117, gelano derva<\/span><\/p>\n<\/li>\n<li class=\"\" data-start=\"1438\" data-end=\"1525\">\n<p class=\"\" data-start=\"1440\" data-end=\"1525\"><span class=\"relative -mx-px my-[-0.2rem] rounded px-px py-[0.2rem] transition-colors duration-100 ease-in-out\">Cinko pikolinatas<\/span><\/p>\n<\/li>\n<\/ul>\n<p class=\"\" data-start=\"1527\" data-end=\"1612\"><span class=\"relative -mx-px my-[-0.2rem] rounded px-px py-[0.2rem] transition-colors duration-100 ease-in-out\"><strong data-start=\"0\" data-end=\"14\" data-is-only-node=\"\">Sud\u0117tyje n\u0117ra<\/strong> : laktoz\u0117s, glitimo, cukraus, druskos, krakmolo, kukur\u016bz\u0173, sojos ar saldikli\u0173.<\/span><\/p>\n<h2 data-start=\"1619\" data-end=\"1635\">Maistin\u0117 vert\u0117<\/h2>\n<p class=\"\" data-start=\"1637\" data-end=\"1722\"><span class=\"relative -mx-px my-[-0.2rem] rounded px-px py-[0.2rem] transition-colors duration-100 ease-in-out\"><strong data-start=\"0\" data-end=\"21\" data-is-only-node=\"\">1 kapsul\u0117je yra<\/strong> :<\/span><\/p>\n<ul data-start=\"1724\" data-end=\"1811\">\n<li class=\"\" data-start=\"1724\" data-end=\"1811\">\n<p class=\"\" data-start=\"1726\" data-end=\"1811\"><span class=\"relative -mx-px my-[-0.2rem] rounded px-px py-[0.2rem] transition-colors duration-100 ease-in-out\">Cinkas: 25 mg (250 % RMV*)<\/span><\/p>\n<p class=\"p1\">*RMV \u2013 referencin\u0117 paros norma suaugusiam \u017emogui<\/p>\n<\/li>\n<\/ul>\n<h2 class=\"\" data-start=\"2007\" data-end=\"2039\">Kod\u0117l verta rinktis \u201ePure+ Zinc\u201c?<\/h2>\n<ul data-start=\"2041\" data-end=\"2257\" data-is-last-node=\"\" data-is-only-node=\"\">\n<li class=\"\" data-start=\"2041\" data-end=\"2113\">\n<p class=\"\" data-start=\"2043\" data-end=\"2113\">Sud\u0117tyje yra dvi gerai toleruojamos ir <b>gerai absorbuojamos cinko formos<\/b> (gliukonatas ir pikolinatas).<\/p>\n<\/li>\n<li class=\"\" data-start=\"2114\" data-end=\"2167\">\n<p class=\"\" data-start=\"2116\" data-end=\"2167\"><strong data-start=\"2116\" data-end=\"2137\">Didelis biologinis prieinamumas<\/strong> \u2013 25 mg cinko vienoje kapsul\u0117je<\/p>\n<\/li>\n<li class=\"\" data-start=\"2168\" data-end=\"2239\">\n<p class=\"\" data-start=\"2170\" data-end=\"2239\">Pagaminta i\u0161 <strong data-start=\"2182\" data-end=\"2202\">gryn\u0173 ingredient\u0173<\/strong> \u2013 be dirbtini\u0173 pried\u0173<\/p>\n<\/li>\n<li class=\"_marker_4f9by_21 _animate_4f9by_25\" data-start=\"2240\" data-end=\"2257\">\n<p data-start=\"2242\" data-end=\"2257\"><span class=\"_fadeIn_4f9by_7\">Tinka<\/span> <strong data-start=\"2248\" data-end=\"2257\" data-is-last-node=\"\"><span class=\"_fadeIn_4f9by_7\">veganams ir vegetarams<\/span><\/strong><\/p>\n<\/li>\n<\/ul>\n","protected":false},"excerpt":{"rendered":"<p class=\"p1\"><span class=\"s1\"><b>\u201ePuhdas+ Zinc 25 mg\u201c<\/b><\/span> yra auk\u0161tos kokyb\u0117s ir lengvai \u012fsisavinamas cinko papildas, kuriame sujungtos dvi veiksmingos formos \u2013 cinko gliukonatas ir cinko pikolinatas. Jos padeda u\u017etikrinti cinko prieinamum\u0105 organizme ir palaiko normali\u0105 imunin\u0117s sistemos, odos, plauk\u0173 ir nag\u0173 b\u016bkl\u0119. Cinkas yra b\u016btinas organizmo mineralas, prisidedantis prie normali\u0173 kognityvini\u0173 funkcij\u0173, reg\u0117jimo ir padedantis apsaugoti l\u0105steles nuo oksidacinio streso.  <\/p>\n<p class=\"p1\">Produktas yra 100 % grynas \u2013 be laktoz\u0117s, glitimo, saldikli\u0173 ir dirbtini\u0173 pried\u0173 \u2013 ir tinka \u017emon\u0117ms, turintiems jautr\u0173 vir\u0161kinim\u0105. D\u0117l augalinio kapsul\u0117s apvalkalo produktas tinka veganams. Idealiai tinka kasdieniam naudojimui tiems, kurie nori palaikyti savo imunin\u0119 sistem\u0105, gro\u017e\u012f ir bendr\u0105 savijaut\u0105.  <\/p>\n","protected":false},"featured_media":355884,"comment_status":"closed","ping_status":"closed","template":"","meta":{"_acf_changed":false},"product_brand":[],"product_cat":[4047,3048,3120,3282,3049],"product_tag":[4048,2577,3023,4049],"class_list":{"0":"post-33671","1":"product","2":"type-product","3":"status-publish","4":"has-post-thumbnail","6":"product_cat-cinkas","7":"product_cat-imunine-sistema","8":"product_cat-mineralai","9":"product_cat-oda-plaukai-nagai","10":"product_cat-specialus-pasiulymai","11":"product_tag-cinkas","12":"product_tag-grynas-grozis","13":"product_tag-imunitetas","14":"product_tag-vitaminai-ir-mineralai","16":"first","17":"instock","18":"sale","19":"taxable","20":"shipping-taxable","21":"purchasable","22":"product-type-variable","23":"has-default-attributes"},"acf":[],"yoast_head":"<!-- This site is optimized with the Yoast SEO plugin v27.1.1 - https:\/\/yoast.com\/product\/yoast-seo-wordpress\/ -->\n<title>Cinkas 25 mg - Puhdas+<\/title>\n<meta name=\"description\" content=\"\u201ePure+ Zinc\u201c 25 mg \u2013 vegani\u0161kas maisto papildas, kurio sud\u0117tyje yra dvi lengvai pasisavinamos cinko formos. Be glitimo, be laktoz\u0117s, pagamintas Suomijoje.\" \/>\n<meta name=\"robots\" content=\"noindex, follow, max-snippet:-1, max-image-preview:large, max-video-preview:-1\" \/>\n<meta property=\"og:locale\" content=\"lt_LT\" \/>\n<meta property=\"og:type\" content=\"article\" \/>\n<meta property=\"og:title\" content=\"Cinkas 25 mg - Puhdas+\" \/>\n<meta property=\"og:description\" content=\"\u201ePure+ Zinc\u201c 25 mg \u2013 vegani\u0161kas maisto papildas, kurio sud\u0117tyje yra dvi lengvai pasisavinamos cinko formos. Be glitimo, be laktoz\u0117s, pagamintas Suomijoje.\" \/>\n<meta property=\"og:url\" content=\"https:\/\/test.puhdasplus.ee\/lt\/tooted\/mineralai\/cinkas\/cinkas-25-mg\/\" \/>\n<meta property=\"og:site_name\" content=\"Puhdas+\" \/>\n<meta property=\"article:publisher\" content=\"https:\/\/www.facebook.com\/puhdasplus\" \/>\n<meta property=\"article:modified_time\" content=\"2026-02-27T11:12:56+00:00\" \/>\n<meta property=\"og:image\" content=\"https:\/\/test.puhdasplus.ee\/wp-content\/uploads\/2023\/04\/puhdasplus-tsink-scaled.jpg\" \/>\n\t<meta property=\"og:image:width\" content=\"1862\" \/>\n\t<meta property=\"og:image:height\" content=\"2560\" \/>\n\t<meta property=\"og:image:type\" content=\"image\/jpeg\" \/>\n<meta name=\"twitter:card\" content=\"summary_large_image\" \/>\n<meta name=\"twitter:label1\" content=\"Est. reading time\" \/>\n\t<meta name=\"twitter:data1\" content=\"2 minut\u0117\" \/>\n<script type=\"application\/ld+json\" class=\"yoast-schema-graph\">{\"@context\":\"https:\/\/schema.org\",\"@graph\":[{\"@type\":\"WebPage\",\"@id\":\"https:\/\/test.puhdasplus.ee\/lt\/tooted\/mineralai\/cinkas\/cinkas-25-mg\/\",\"url\":\"https:\/\/test.puhdasplus.ee\/lt\/tooted\/mineralai\/cinkas\/cinkas-25-mg\/\",\"name\":\"Cinkas 25 mg - Puhdas+\",\"isPartOf\":{\"@id\":\"https:\/\/test.puhdasplus.ee\/lt\/#website\"},\"primaryImageOfPage\":{\"@id\":\"https:\/\/test.puhdasplus.ee\/lt\/tooted\/mineralai\/cinkas\/cinkas-25-mg\/#primaryimage\"},\"image\":{\"@id\":\"https:\/\/test.puhdasplus.ee\/lt\/tooted\/mineralai\/cinkas\/cinkas-25-mg\/#primaryimage\"},\"thumbnailUrl\":\"https:\/\/test.puhdasplus.ee\/wp-content\/uploads\/2023\/04\/puhdasplus-tsink-scaled.jpg\",\"datePublished\":\"2023-04-13T16:34:23+00:00\",\"dateModified\":\"2026-02-27T11:12:56+00:00\",\"description\":\"\u201ePure+ Zinc\u201c 25 mg \u2013 vegani\u0161kas maisto papildas, kurio sud\u0117tyje yra dvi lengvai pasisavinamos cinko formos. Be glitimo, be laktoz\u0117s, pagamintas Suomijoje.\",\"breadcrumb\":{\"@id\":\"https:\/\/test.puhdasplus.ee\/lt\/tooted\/mineralai\/cinkas\/cinkas-25-mg\/#breadcrumb\"},\"inLanguage\":\"lt-LT\",\"potentialAction\":[{\"@type\":\"ReadAction\",\"target\":[\"https:\/\/test.puhdasplus.ee\/lt\/tooted\/mineralai\/cinkas\/cinkas-25-mg\/\"]}]},{\"@type\":\"ImageObject\",\"inLanguage\":\"lt-LT\",\"@id\":\"https:\/\/test.puhdasplus.ee\/lt\/tooted\/mineralai\/cinkas\/cinkas-25-mg\/#primaryimage\",\"url\":\"https:\/\/test.puhdasplus.ee\/wp-content\/uploads\/2023\/04\/puhdasplus-tsink-scaled.jpg\",\"contentUrl\":\"https:\/\/test.puhdasplus.ee\/wp-content\/uploads\/2023\/04\/puhdasplus-tsink-scaled.jpg\",\"width\":1862,\"height\":2560,\"caption\":\"puhdasplus cinkas\"},{\"@type\":\"BreadcrumbList\",\"@id\":\"https:\/\/test.puhdasplus.ee\/lt\/tooted\/mineralai\/cinkas\/cinkas-25-mg\/#breadcrumb\",\"itemListElement\":[{\"@type\":\"ListItem\",\"position\":1,\"name\":\"Prad\u017eia\",\"item\":\"https:\/\/test.puhdasplus.ee\/lt\/\"},{\"@type\":\"ListItem\",\"position\":2,\"name\":\"Produktai\",\"item\":\"https:\/\/test.puhdasplus.ee\/lt\/parduotuve\/\"},{\"@type\":\"ListItem\",\"position\":3,\"name\":\"Cinkas 25 mg\"}]},{\"@type\":\"WebSite\",\"@id\":\"https:\/\/test.puhdasplus.ee\/lt\/#website\",\"url\":\"https:\/\/test.puhdasplus.ee\/lt\/\",\"name\":\"Puhdas+\",\"description\":\"Vitamiinid, Toidulisandid, looduskosmeetika, tervis, sport\",\"publisher\":{\"@id\":\"https:\/\/test.puhdasplus.ee\/lt\/#organization\"},\"potentialAction\":[{\"@type\":\"SearchAction\",\"target\":{\"@type\":\"EntryPoint\",\"urlTemplate\":\"https:\/\/test.puhdasplus.ee\/lt\/?s={search_term_string}\"},\"query-input\":{\"@type\":\"PropertyValueSpecification\",\"valueRequired\":true,\"valueName\":\"search_term_string\"}}],\"inLanguage\":\"lt-LT\"},{\"@type\":\"Organization\",\"@id\":\"https:\/\/test.puhdasplus.ee\/lt\/#organization\",\"name\":\"Puhdas+\",\"alternateName\":\"Puhdasplus\",\"url\":\"https:\/\/test.puhdasplus.ee\/lt\/\",\"logo\":{\"@type\":\"ImageObject\",\"inLanguage\":\"lt-LT\",\"@id\":\"https:\/\/test.puhdasplus.ee\/lt\/#\/schema\/logo\/image\/\",\"url\":\"https:\/\/test.puhdasplus.ee\/\/wp-content\/uploads\/2019\/10\/puhdas_logo-arvele.png\",\"contentUrl\":\"https:\/\/test.puhdasplus.ee\/\/wp-content\/uploads\/2019\/10\/puhdas_logo-arvele.png\",\"width\":114,\"height\":94,\"caption\":\"Puhdas+\"},\"image\":{\"@id\":\"https:\/\/test.puhdasplus.ee\/lt\/#\/schema\/logo\/image\/\"},\"sameAs\":[\"https:\/\/www.facebook.com\/puhdasplus\",\"https:\/\/www.instagram.com\/puhdasplus_ee\/\"]}]}<\/script>\n<!-- \/ Yoast SEO plugin. -->","yoast_head_json":{"title":"Cinkas 25 mg - Puhdas+","description":"\u201ePure+ Zinc\u201c 25 mg \u2013 vegani\u0161kas maisto papildas, kurio sud\u0117tyje yra dvi lengvai pasisavinamos cinko formos. Be glitimo, be laktoz\u0117s, pagamintas Suomijoje.","robots":{"index":"noindex","follow":"follow","max-snippet":"max-snippet:-1","max-image-preview":"max-image-preview:large","max-video-preview":"max-video-preview:-1"},"og_locale":"lt_LT","og_type":"article","og_title":"Cinkas 25 mg - Puhdas+","og_description":"\u201ePure+ Zinc\u201c 25 mg \u2013 vegani\u0161kas maisto papildas, kurio sud\u0117tyje yra dvi lengvai pasisavinamos cinko formos. Be glitimo, be laktoz\u0117s, pagamintas Suomijoje.","og_url":"https:\/\/test.puhdasplus.ee\/lt\/tooted\/mineralai\/cinkas\/cinkas-25-mg\/","og_site_name":"Puhdas+","article_publisher":"https:\/\/www.facebook.com\/puhdasplus","article_modified_time":"2026-02-27T11:12:56+00:00","og_image":[{"width":1862,"height":2560,"url":"https:\/\/test.puhdasplus.ee\/wp-content\/uploads\/2023\/04\/puhdasplus-tsink-scaled.jpg","type":"image\/jpeg"}],"twitter_card":"summary_large_image","twitter_misc":{"Est. reading time":"2 minut\u0117"},"schema":{"@context":"https:\/\/schema.org","@graph":[{"@type":"WebPage","@id":"https:\/\/test.puhdasplus.ee\/lt\/tooted\/mineralai\/cinkas\/cinkas-25-mg\/","url":"https:\/\/test.puhdasplus.ee\/lt\/tooted\/mineralai\/cinkas\/cinkas-25-mg\/","name":"Cinkas 25 mg - Puhdas+","isPartOf":{"@id":"https:\/\/test.puhdasplus.ee\/lt\/#website"},"primaryImageOfPage":{"@id":"https:\/\/test.puhdasplus.ee\/lt\/tooted\/mineralai\/cinkas\/cinkas-25-mg\/#primaryimage"},"image":{"@id":"https:\/\/test.puhdasplus.ee\/lt\/tooted\/mineralai\/cinkas\/cinkas-25-mg\/#primaryimage"},"thumbnailUrl":"https:\/\/test.puhdasplus.ee\/wp-content\/uploads\/2023\/04\/puhdasplus-tsink-scaled.jpg","datePublished":"2023-04-13T16:34:23+00:00","dateModified":"2026-02-27T11:12:56+00:00","description":"\u201ePure+ Zinc\u201c 25 mg \u2013 vegani\u0161kas maisto papildas, kurio sud\u0117tyje yra dvi lengvai pasisavinamos cinko formos. Be glitimo, be laktoz\u0117s, pagamintas Suomijoje.","breadcrumb":{"@id":"https:\/\/test.puhdasplus.ee\/lt\/tooted\/mineralai\/cinkas\/cinkas-25-mg\/#breadcrumb"},"inLanguage":"lt-LT","potentialAction":[{"@type":"ReadAction","target":["https:\/\/test.puhdasplus.ee\/lt\/tooted\/mineralai\/cinkas\/cinkas-25-mg\/"]}]},{"@type":"ImageObject","inLanguage":"lt-LT","@id":"https:\/\/test.puhdasplus.ee\/lt\/tooted\/mineralai\/cinkas\/cinkas-25-mg\/#primaryimage","url":"https:\/\/test.puhdasplus.ee\/wp-content\/uploads\/2023\/04\/puhdasplus-tsink-scaled.jpg","contentUrl":"https:\/\/test.puhdasplus.ee\/wp-content\/uploads\/2023\/04\/puhdasplus-tsink-scaled.jpg","width":1862,"height":2560,"caption":"puhdasplus cinkas"},{"@type":"BreadcrumbList","@id":"https:\/\/test.puhdasplus.ee\/lt\/tooted\/mineralai\/cinkas\/cinkas-25-mg\/#breadcrumb","itemListElement":[{"@type":"ListItem","position":1,"name":"Prad\u017eia","item":"https:\/\/test.puhdasplus.ee\/lt\/"},{"@type":"ListItem","position":2,"name":"Produktai","item":"https:\/\/test.puhdasplus.ee\/lt\/parduotuve\/"},{"@type":"ListItem","position":3,"name":"Cinkas 25 mg"}]},{"@type":"WebSite","@id":"https:\/\/test.puhdasplus.ee\/lt\/#website","url":"https:\/\/test.puhdasplus.ee\/lt\/","name":"Puhdas+","description":"Vitamiinid, Toidulisandid, looduskosmeetika, tervis, sport","publisher":{"@id":"https:\/\/test.puhdasplus.ee\/lt\/#organization"},"potentialAction":[{"@type":"SearchAction","target":{"@type":"EntryPoint","urlTemplate":"https:\/\/test.puhdasplus.ee\/lt\/?s={search_term_string}"},"query-input":{"@type":"PropertyValueSpecification","valueRequired":true,"valueName":"search_term_string"}}],"inLanguage":"lt-LT"},{"@type":"Organization","@id":"https:\/\/test.puhdasplus.ee\/lt\/#organization","name":"Puhdas+","alternateName":"Puhdasplus","url":"https:\/\/test.puhdasplus.ee\/lt\/","logo":{"@type":"ImageObject","inLanguage":"lt-LT","@id":"https:\/\/test.puhdasplus.ee\/lt\/#\/schema\/logo\/image\/","url":"https:\/\/test.puhdasplus.ee\/\/wp-content\/uploads\/2019\/10\/puhdas_logo-arvele.png","contentUrl":"https:\/\/test.puhdasplus.ee\/\/wp-content\/uploads\/2019\/10\/puhdas_logo-arvele.png","width":114,"height":94,"caption":"Puhdas+"},"image":{"@id":"https:\/\/test.puhdasplus.ee\/lt\/#\/schema\/logo\/image\/"},"sameAs":["https:\/\/www.facebook.com\/puhdasplus","https:\/\/www.instagram.com\/puhdasplus_ee\/"]}]}},"_links":{"self":[{"href":"https:\/\/test.puhdasplus.ee\/lt\/wp-json\/wp\/v2\/product\/33671","targetHints":{"allow":["GET"]}}],"collection":[{"href":"https:\/\/test.puhdasplus.ee\/lt\/wp-json\/wp\/v2\/product"}],"about":[{"href":"https:\/\/test.puhdasplus.ee\/lt\/wp-json\/wp\/v2\/types\/product"}],"replies":[{"embeddable":true,"href":"https:\/\/test.puhdasplus.ee\/lt\/wp-json\/wp\/v2\/comments?post=33671"}],"wp:featuredmedia":[{"embeddable":true,"href":"https:\/\/test.puhdasplus.ee\/lt\/wp-json\/wp\/v2\/media\/355884"}],"wp:attachment":[{"href":"https:\/\/test.puhdasplus.ee\/lt\/wp-json\/wp\/v2\/media?parent=33671"}],"wp:term":[{"taxonomy":"product_brand","embeddable":true,"href":"https:\/\/test.puhdasplus.ee\/lt\/wp-json\/wp\/v2\/product_brand?post=33671"},{"taxonomy":"product_cat","embeddable":true,"href":"https:\/\/test.puhdasplus.ee\/lt\/wp-json\/wp\/v2\/product_cat?post=33671"},{"taxonomy":"product_tag","embeddable":true,"href":"https:\/\/test.puhdasplus.ee\/lt\/wp-json\/wp\/v2\/product_tag?post=33671"}],"curies":[{"name":"wp","href":"https:\/\/api.w.org\/{rel}","templated":true}]}}