{"id":33655,"date":"2024-02-03T22:04:48","date_gmt":"2024-02-03T20:04:48","guid":{"rendered":"https:\/\/test.puhdasplus.ee\/\/tooted\/be-kategorijos\/laktoferinas-200-mg-vitaminas-c-50-vegetarisku-kapsuliu\/"},"modified":"2026-03-10T14:12:58","modified_gmt":"2026-03-10T12:12:58","slug":"laktoferinas-200-mg-vitaminas-c-50-vegetarisku-kapsuliu","status":"publish","type":"product","link":"https:\/\/test.puhdasplus.ee\/lt\/tooted\/stresas-ir-miegas\/laktoferinas-200-mg-vitaminas-c-50-vegetarisku-kapsuliu\/","title":{"rendered":"Laktoferinas 200 mg + vitaminas C, 40 kapsli\u0173"},"content":{"rendered":"<h2 data-start=\"224\" data-end=\"271\">Kod\u0117l naudingas \u201ePure+ Lactoferrin + Vitamin C\u201c?<\/h2>\n<p class=\"\" data-start=\"273\" data-end=\"430\">Puhdas+ Laktoferino + vitamino C kapsul\u0117s sujungia du moksli\u0161kai i\u0161tirtus ir organizmui svarbius komponentus: <strong data-start=\"424\" data-end=\"441\">laktoferin\u0105<\/strong> ir <strong data-start=\"445\" data-end=\"460\">vitamin\u0105 C<\/strong>. \u0160is derinys papildo kasdien\u0119 mityb\u0105 ir sujungia nat\u016bral\u0173 baltym\u0105 bei vitamin\u0105, kurie atlieka daug svarbi\u0173 funkcij\u0173 organizme.<\/p>\n<h2 data-start=\"578\" data-end=\"628\">Kas yra laktoferinas ir kod\u0117l jis svarbus?<\/h2>\n<p class=\"p1\">Laktoferinas yra nat\u016bralus baltymas, randamas \u017emogaus ir gyv\u016bn\u0173 piene, ypa\u010d dideliais kiekiais prie\u0161pienyje. Tai piene esantis glikoproteinas, randamas tiek karv\u0117s, tiek motinos piene, ir yra nat\u016braliai organizme pasitaikantis junginys. <\/p>\n<p class=\"p1\">Laktoferinas maisto papilduose da\u017enai naudojamas kartu su kitomis maistin\u0117mis med\u017eiagomis, susijusiomis su gele\u017eies pasisavinimu ir normalia organizmo veikla. \u0160iame produkte laktoferinas derinamas su vitaminu C, kuris padeda geriau pasisavinti gele\u017e\u012f. <\/p>\n<p class=\"p1\">Maisto papildai su laktoferinu tapo populiar\u016bs tarp t\u0173, kurie nori papildyti savo kasdien\u0119 mityb\u0105 bioaktyviais komponentais i\u0161 pieno. Toks derinys leid\u017eia sujungti laktoferin\u0105 ir vitamin\u0105 C vienoje patogioje kapsul\u0117je. <\/p>\n<h2 data-start=\"1153\" data-end=\"1201\">Vitaminas C \u2013 ne tik imuniteto stiprinimas<\/h2>\n<p class=\"\" data-start=\"1203\" data-end=\"1263\">Vitaminas C, naudojamas produkte, suteikia daugiasluoksn\u0119 naud\u0105:<\/p>\n<ul data-start=\"1264\" data-end=\"1558\">\n<li class=\"\" data-start=\"1264\" data-end=\"1317\">\n<p class=\"\" data-start=\"1266\" data-end=\"1317\">padeda <strong data-start=\"1272\" data-end=\"1302\">gerinti gele\u017eies pasisavinim\u0105,<\/strong><\/p>\n<\/li>\n<li data-start=\"1264\" data-end=\"1317\">padeda palaikyti<b> normali\u0105 imunin\u0117s sistemos veikl\u0105,<\/b><\/li>\n<li class=\"\" data-start=\"1370\" data-end=\"1464\">\n<p class=\"\" data-start=\"1372\" data-end=\"1464\">dalyvauja <strong data-start=\"1379\" data-end=\"1403\">kolageno, kuris yra svarbus odai, kraujagysl\u0117ms, kaulams ir dantims, sintez\u0117je<\/strong> ;<\/p>\n<\/li>\n<li class=\"\" data-start=\"1465\" data-end=\"1515\">\n<p class=\"\" data-start=\"1467\" data-end=\"1515\">padeda <strong data-start=\"1473\" data-end=\"1508\">suma\u017einti nuovarg\u012f ir i\u0161sekim\u0105<\/strong> ,<\/p>\n<\/li>\n<li class=\"\" data-start=\"1516\" data-end=\"1558\">\n<p class=\"\" data-start=\"1518\" data-end=\"1558\">apsaugo l\u0105steles nuo oksidacinio streso.<\/p>\n<\/li>\n<\/ul>\n<p class=\"\" data-start=\"1560\" data-end=\"1681\">Tod\u0117l vitaminas C yra tinkama sudedamoji dalis \u0161alia laktoferino, padedanti pasisavinti gele\u017e\u012f ir palaikanti normali\u0105 imunin\u0117s sistemos veikl\u0105.<\/p>\n<p class=\"\" data-start=\"1560\" data-end=\"1681\">.<\/p>\n<h2 data-start=\"437\" data-end=\"461\">Kod\u0117l tai naudinga?<\/h2>\n<p class=\"p1\">Produkte laktoferinas ir vitaminas C sujungti \u012f vien\u0105 patogi\u0105 kapsul\u0119. Vitaminas C padeda gerinti gele\u017eies pasisavinim\u0105 ir palaikyti normali\u0105 imunin\u0117s sistemos veikl\u0105. Be to, vitaminas C padeda ma\u017einti pavargimo jausm\u0105 ir nuovarg\u012f bei dalyvauja kolageno susidaryme, kuris svarbus normaliai odos, kraujagysli\u0173, kremzli\u0173, kaul\u0173 ir dant\u0173 funkcijai.  <\/p>\n<p class=\"p1\">Laktoferinas maisto papilduose da\u017enai naudojamas kartu su kitomis maistin\u0117mis med\u017eiagomis, susijusiomis su gele\u017eies pasisavinimu ir normalia organizmo veikla. Kartu su vitaminu C jis sudaro subalansuot\u0105 sud\u0117t\u012f kasdienei mitybai papildyti. <\/p>\n<h2 data-start=\"629\" data-end=\"651\">Kam tai tinka?<\/h2>\n<p class=\"\" data-start=\"653\" data-end=\"738\"><span class=\"relative -mx-px my-[-0.2rem] rounded px-px py-[0.2rem] transition-colors duration-100 ease-in-out\">\u201ePure+ Lactoferrin + Vitamin C\u201c tinka:<\/span><\/p>\n<ul data-start=\"740\" data-end=\"953\">\n<li class=\"\" data-start=\"740\" data-end=\"781\">\n<p class=\"\" data-start=\"742\" data-end=\"781\"><span class=\"relative -mx-px my-[-0.2rem] rounded px-px py-[0.2rem] bg-[#FCECC1] dark:bg-[#64572A] transition-colors duration-100 ease-in-out\">\u017dmon\u0117ms, norintiems sustiprinti imunin\u0119 sistem\u0105.<\/span><\/p>\n<\/li>\n<li class=\"\" data-start=\"782\" data-end=\"823\">\n<p class=\"\" data-start=\"784\" data-end=\"823\"><span class=\"relative -mx-px my-[-0.2rem] rounded px-px py-[0.2rem] transition-colors duration-100 ease-in-out\">Tiems, kuriems tr\u016bksta gele\u017eies arba sunku gele\u017e\u012f pasisavinti.<\/span><\/p>\n<\/li>\n<li class=\"\" data-start=\"824\" data-end=\"865\">\n<p class=\"\" data-start=\"826\" data-end=\"865\"><span class=\"relative -mx-px my-[-0.2rem] rounded px-px py-[0.2rem] transition-colors duration-100 ease-in-out\">Tiems, kurie nori palaikyti odos, kraujagysli\u0173 ir kaul\u0173 sveikat\u0105.<\/span><\/p>\n<\/li>\n<li class=\"\" data-start=\"866\" data-end=\"953\">\n<p class=\"\" data-start=\"868\" data-end=\"953\"><span class=\"relative -mx-px my-[-0.2rem] rounded px-px py-[0.2rem] transition-colors duration-100 ease-in-out\">Ie\u0161kantiems maisto papildo be pried\u0173 ir gerai \u012fsisavinamo.<\/span><\/p>\n<\/li>\n<li>Tinka vegetarams, ta\u010diau netinka veganams ir alergi\u0161kiems pienui.<\/li>\n<\/ul>\n<h2 data-start=\"1688\" data-end=\"1723\">Kada tai ypa\u010d naudinga?<\/h2>\n<ul data-start=\"1744\" data-end=\"2176\">\n<li class=\"\" data-start=\"1744\" data-end=\"1813\">\n<p class=\"p1\">\u017emon\u0117ms, norintiems papildyti savo mityb\u0105 vitaminu C, kuris <span class=\"s1\"><b>padeda palaikyti normali\u0105 imunin\u0117s sistemos veikl\u0105<\/b><\/span>,<\/p>\n<p class=\"\" data-start=\"1746\" data-end=\"1813\">ypa\u010d rudens ir \u017eiemos sezonu,<\/p>\n<\/li>\n<li class=\"\" data-start=\"1814\" data-end=\"1875\">\n<p class=\"\" data-start=\"1816\" data-end=\"1875\">tiems, <span class=\"s1\">kurie nori <\/span><b>palaikyti gele\u017eies pasisavinim\u0105 vartodami vitamin\u0105 C<\/b><span class=\"s1\">,<\/span><\/p>\n<\/li>\n<li class=\"\" data-start=\"1876\" data-end=\"1958\">\n<p class=\"\" data-start=\"1878\" data-end=\"1958\">\u017emon\u0117ms, norintiems <span class=\"s1\"><b>palaikyti normali\u0105 odos, kraujagysli\u0173 ir kaul\u0173 funkcij\u0105<\/b><\/span>, prie kurios prisideda vitaminas C per kolageno susidarym\u0105,<\/p>\n<\/li>\n<li class=\"\" data-start=\"1959\" data-end=\"2070\">visiems, norintiems <b>vitaminu C palaikyti normali\u0105 imunin\u0117s sistemos veikl\u0105 ir gele\u017eies pasisavinim\u0105.<\/b><\/li>\n<\/ul>\n<h2 data-start=\"960\" data-end=\"974\">Naudojimas<\/h2>\n<p class=\"\" data-start=\"976\" data-end=\"1061\"><span class=\"relative -mx-px my-[-0.2rem] rounded px-px py-[0.2rem] transition-colors duration-100 ease-in-out\"><strong data-start=\"0\" data-end=\"20\" data-is-only-node=\"\">Rekomenduojama doz\u0117<\/strong> : 1 kapsul\u0117 per dien\u0105, u\u017egeriant vandeniu.<\/span><\/p>\n<p class=\"\" data-start=\"1063\" data-end=\"1148\"><span class=\"relative -mx-px my-[-0.2rem] rounded px-px py-[0.2rem] transition-colors duration-100 ease-in-out\"><strong data-start=\"0\" data-end=\"10\" data-is-only-node=\"\">Pastaba<\/strong> : Nevir\u0161ykite rekomenduojamos paros doz\u0117s. \u0160is maisto papildas nepakei\u010dia \u012fvairios ir subalansuotos mitybos ar sveiko gyvenimo b\u016bdo. Laikyti vaikams nepasiekiamoje vietoje.  <\/span>\u200b<\/p>\n<h2 data-start=\"1155\" data-end=\"1170\">Ingredientai<\/h2>\n<ul data-start=\"1172\" data-end=\"1385\">\n<li class=\"\" data-start=\"1172\" data-end=\"1213\">\n<p class=\"\" data-start=\"1174\" data-end=\"1213\"><span class=\"relative -mx-px my-[-0.2rem] rounded px-px py-[0.2rem] transition-colors duration-100 ease-in-out\">U\u017epildas: ry\u017ei\u0173 krakmolas<\/span><\/p>\n<\/li>\n<li class=\"\" data-start=\"1214\" data-end=\"1255\">\n<p class=\"\" data-start=\"1216\" data-end=\"1255\"><span class=\"relative -mx-px my-[-0.2rem] rounded px-px py-[0.2rem] transition-colors duration-100 ease-in-out\">Laktoferinas (i\u0161 karv\u0117s pieno)<\/span><\/p>\n<\/li>\n<li class=\"\" data-start=\"1256\" data-end=\"1297\">\n<p class=\"\" data-start=\"1258\" data-end=\"1297\"><span class=\"relative -mx-px my-[-0.2rem] rounded px-px py-[0.2rem] transition-colors duration-100 ease-in-out\">Kapsul\u0117s apvalkalas: hidroksipropilceliulioz\u0117<\/span><\/p>\n<\/li>\n<li class=\"\" data-start=\"1298\" data-end=\"1385\">\n<p class=\"\" data-start=\"1300\" data-end=\"1385\"><span class=\"relative -mx-px my-[-0.2rem] rounded px-px py-[0.2rem] transition-colors duration-100 ease-in-out\">Vitaminas C (askorbo r\u016bg\u0161tis)<\/span><\/p>\n<\/li>\n<\/ul>\n<p class=\"\" data-start=\"1387\" data-end=\"1512\"><span class=\"relative -mx-px my-[-0.2rem] rounded px-px py-[0.2rem] transition-colors duration-100 ease-in-out\"><strong data-start=\"0\" data-end=\"14\" data-is-only-node=\"\">Be<\/strong>: glitimo, mieli\u0173 ir sojos.<\/span><\/p>\n<h2 data-start=\"1519\" data-end=\"1535\">Maistin\u0117 vert\u0117<\/h2>\n<p class=\"\" data-start=\"1537\" data-end=\"1622\"><span class=\"relative -mx-px my-[-0.2rem] rounded px-px py-[0.2rem] transition-colors duration-100 ease-in-out\"><strong data-start=\"0\" data-end=\"21\" data-is-only-node=\"\">1 kapsul\u0117je yra<\/strong> :<\/span><\/p>\n<ul data-start=\"1624\" data-end=\"1753\">\n<li class=\"\" data-start=\"1624\" data-end=\"1665\">\n<p class=\"\" data-start=\"1626\" data-end=\"1665\"><span class=\"relative -mx-px my-[-0.2rem] rounded px-px py-[0.2rem] transition-colors duration-100 ease-in-out\">Laktoferinas: 100 mg<\/span><\/p>\n<\/li>\n<li class=\"\" data-start=\"1666\" data-end=\"1753\">\n<p class=\"\" data-start=\"1668\" data-end=\"1753\"><span class=\"relative -mx-px my-[-0.2rem] rounded px-px py-[0.2rem] transition-colors duration-100 ease-in-out\">Vitaminas C: 40 mg (50 % rekomenduojamos paros normos)<\/span><\/p>\n<\/li>\n<\/ul>\n","protected":false},"excerpt":{"rendered":"<p class=\"p1\">\u201ePuhdas+\u201c laktoferino ir vitamino C kapsul\u0117s sujungia laktoferin\u0105 ir vitamin\u0105 C \u012f vien\u0105 patog\u0173 maisto papild\u0105. Laktoferinas yra i\u0161 pieno gaunamas nat\u016bralus baltymas, da\u017enai naudojamas maisto papilduose kartu su kitomis maistin\u0117mis med\u017eiagomis. \u0160iame produkte laktoferinas derinamas su vitaminu C, kuris padeda geriau pasisavinti gele\u017e\u012f.  <\/p>\n<p class=\"p1\">Be to, produkto sud\u0117tyje yra vitamino C, kuris padeda palaikyti normali\u0105 imunin\u0117s sistemos veikl\u0105 ir ma\u017einti pavargimo jausm\u0105 bei nuovarg\u012f. Vitaminas C taip pat padeda apsaugoti l\u0105steles nuo oksidacin\u0117s pa\u017eaidos ir dalyvauja kolageno susidaryme, kuris svarbus normaliai odos, kraujagysli\u0173, kaul\u0173, kremzli\u0173 ir dant\u0173 funkcijai. <\/p>\n<p class=\"p1\">Kapsul\u0117s yra gerai toleruojamos ir tinka kasdieniam vartojimui. Produktas yra \u0161varios sud\u0117ties, jame n\u0117ra glitimo, mieli\u0173 ar sojos. Tai tinkamas pasirinkimas tiems, kurie nori papildyti savo kasdien\u0119 mityb\u0105 laktoferinu ir vitaminu C.  <\/p>\n","protected":false},"featured_media":33657,"comment_status":"closed","ping_status":"closed","template":"","meta":{"_acf_changed":false},"product_brand":[],"product_cat":[3049,3016,3013,3318],"product_tag":[4032,4027,4024,4025,3023,4026,4029,4033,4030,4031,4028],"class_list":{"0":"post-33655","1":"product","2":"type-product","3":"status-publish","4":"has-post-thumbnail","6":"product_cat-specialus-pasiulymai","7":"product_cat-sportas","8":"product_cat-stresas-ir-miegas","9":"product_cat-virskinimas-ir-medziagu-apykaita","10":"product_tag-gelezies-absorbcija","11":"product_tag-gelezies-metabolizmas","12":"product_tag-gelezis","13":"product_tag-imunines-sistemos-palaikymas-lt","14":"product_tag-imunitetas","15":"product_tag-laktoferinas","16":"product_tag-naturalus-gelezies-saltinis","17":"product_tag-sveikas-gelezies-kiekis","18":"product_tag-veganiskas-laktoferinas","19":"product_tag-vitaminas-c-imunitetui","20":"product_tag-zarnyno-sveikata","22":"first","23":"instock","24":"sale","25":"taxable","26":"shipping-taxable","27":"purchasable","28":"product-type-simple"},"acf":[],"yoast_head":"<!-- This site is optimized with the Yoast SEO plugin v27.1.1 - https:\/\/yoast.com\/product\/yoast-seo-wordpress\/ -->\n<title>Laktoferinas 200 mg + vitaminas C, 40 kapsli\u0173 - Puhdas+<\/title>\n<meta name=\"description\" content=\"Laktoferinas 200 mg + vitaminas C palaiko gele\u017eies apykait\u0105, imunin\u0119 sistem\u0105 ir \u017earnyno sveikat\u0105, pad\u0117damas optimizuoti gele\u017eies \u012fsisavinim\u0105.\" \/>\n<meta name=\"robots\" content=\"noindex, follow, max-snippet:-1, max-image-preview:large, max-video-preview:-1\" \/>\n<meta property=\"og:locale\" content=\"lt_LT\" \/>\n<meta property=\"og:type\" content=\"article\" \/>\n<meta property=\"og:title\" content=\"Laktoferinas 200 mg + vitaminas C, 40 kapsli\u0173 - Puhdas+\" \/>\n<meta property=\"og:description\" content=\"Laktoferinas 200 mg + vitaminas C palaiko gele\u017eies apykait\u0105, imunin\u0119 sistem\u0105 ir \u017earnyno sveikat\u0105, pad\u0117damas optimizuoti gele\u017eies \u012fsisavinim\u0105.\" \/>\n<meta property=\"og:url\" content=\"https:\/\/test.puhdasplus.ee\/lt\/tooted\/stresas-ir-miegas\/laktoferinas-200-mg-vitaminas-c-50-vegetarisku-kapsuliu\/\" \/>\n<meta property=\"og:site_name\" content=\"Puhdas+\" \/>\n<meta property=\"article:publisher\" content=\"https:\/\/www.facebook.com\/puhdasplus\" \/>\n<meta property=\"article:modified_time\" content=\"2026-03-10T12:12:58+00:00\" \/>\n<meta property=\"og:image\" content=\"https:\/\/test.puhdasplus.ee\/wp-content\/uploads\/2024\/02\/Untitled-design-45.jpg\" \/>\n\t<meta property=\"og:image:width\" content=\"1862\" \/>\n\t<meta property=\"og:image:height\" content=\"2560\" \/>\n\t<meta property=\"og:image:type\" content=\"image\/jpeg\" \/>\n<meta name=\"twitter:card\" content=\"summary_large_image\" \/>\n<meta name=\"twitter:label1\" content=\"Est. reading time\" \/>\n\t<meta name=\"twitter:data1\" content=\"3 minut\u0117\" \/>\n<script type=\"application\/ld+json\" class=\"yoast-schema-graph\">{\"@context\":\"https:\/\/schema.org\",\"@graph\":[{\"@type\":\"WebPage\",\"@id\":\"https:\/\/test.puhdasplus.ee\/lt\/tooted\/stresas-ir-miegas\/laktoferinas-200-mg-vitaminas-c-50-vegetarisku-kapsuliu\/\",\"url\":\"https:\/\/test.puhdasplus.ee\/lt\/tooted\/stresas-ir-miegas\/laktoferinas-200-mg-vitaminas-c-50-vegetarisku-kapsuliu\/\",\"name\":\"Laktoferinas 200 mg + vitaminas C, 40 kapsli\u0173 - Puhdas+\",\"isPartOf\":{\"@id\":\"https:\/\/test.puhdasplus.ee\/lt\/#website\"},\"primaryImageOfPage\":{\"@id\":\"https:\/\/test.puhdasplus.ee\/lt\/tooted\/stresas-ir-miegas\/laktoferinas-200-mg-vitaminas-c-50-vegetarisku-kapsuliu\/#primaryimage\"},\"image\":{\"@id\":\"https:\/\/test.puhdasplus.ee\/lt\/tooted\/stresas-ir-miegas\/laktoferinas-200-mg-vitaminas-c-50-vegetarisku-kapsuliu\/#primaryimage\"},\"thumbnailUrl\":\"https:\/\/test.puhdasplus.ee\/wp-content\/uploads\/2024\/02\/Untitled-design-45.jpg\",\"datePublished\":\"2024-02-03T20:04:48+00:00\",\"dateModified\":\"2026-03-10T12:12:58+00:00\",\"description\":\"Laktoferinas 200 mg + vitaminas C palaiko gele\u017eies apykait\u0105, imunin\u0119 sistem\u0105 ir \u017earnyno sveikat\u0105, pad\u0117damas optimizuoti gele\u017eies \u012fsisavinim\u0105.\",\"breadcrumb\":{\"@id\":\"https:\/\/test.puhdasplus.ee\/lt\/tooted\/stresas-ir-miegas\/laktoferinas-200-mg-vitaminas-c-50-vegetarisku-kapsuliu\/#breadcrumb\"},\"inLanguage\":\"lt-LT\",\"potentialAction\":[{\"@type\":\"ReadAction\",\"target\":[\"https:\/\/test.puhdasplus.ee\/lt\/tooted\/stresas-ir-miegas\/laktoferinas-200-mg-vitaminas-c-50-vegetarisku-kapsuliu\/\"]}]},{\"@type\":\"ImageObject\",\"inLanguage\":\"lt-LT\",\"@id\":\"https:\/\/test.puhdasplus.ee\/lt\/tooted\/stresas-ir-miegas\/laktoferinas-200-mg-vitaminas-c-50-vegetarisku-kapsuliu\/#primaryimage\",\"url\":\"https:\/\/test.puhdasplus.ee\/wp-content\/uploads\/2024\/02\/Untitled-design-45.jpg\",\"contentUrl\":\"https:\/\/test.puhdasplus.ee\/wp-content\/uploads\/2024\/02\/Untitled-design-45.jpg\",\"width\":1862,\"height\":2560,\"caption\":\"Laktoferinas 200 mg + vitaminas C\"},{\"@type\":\"BreadcrumbList\",\"@id\":\"https:\/\/test.puhdasplus.ee\/lt\/tooted\/stresas-ir-miegas\/laktoferinas-200-mg-vitaminas-c-50-vegetarisku-kapsuliu\/#breadcrumb\",\"itemListElement\":[{\"@type\":\"ListItem\",\"position\":1,\"name\":\"Prad\u017eia\",\"item\":\"https:\/\/test.puhdasplus.ee\/lt\/\"},{\"@type\":\"ListItem\",\"position\":2,\"name\":\"Produktai\",\"item\":\"https:\/\/test.puhdasplus.ee\/lt\/parduotuve\/\"},{\"@type\":\"ListItem\",\"position\":3,\"name\":\"Laktoferinas 200 mg + vitaminas C, 40 kapsli\u0173\"}]},{\"@type\":\"WebSite\",\"@id\":\"https:\/\/test.puhdasplus.ee\/lt\/#website\",\"url\":\"https:\/\/test.puhdasplus.ee\/lt\/\",\"name\":\"Puhdas+\",\"description\":\"Vitamiinid, Toidulisandid, looduskosmeetika, tervis, sport\",\"publisher\":{\"@id\":\"https:\/\/test.puhdasplus.ee\/lt\/#organization\"},\"potentialAction\":[{\"@type\":\"SearchAction\",\"target\":{\"@type\":\"EntryPoint\",\"urlTemplate\":\"https:\/\/test.puhdasplus.ee\/lt\/?s={search_term_string}\"},\"query-input\":{\"@type\":\"PropertyValueSpecification\",\"valueRequired\":true,\"valueName\":\"search_term_string\"}}],\"inLanguage\":\"lt-LT\"},{\"@type\":\"Organization\",\"@id\":\"https:\/\/test.puhdasplus.ee\/lt\/#organization\",\"name\":\"Puhdas+\",\"alternateName\":\"Puhdasplus\",\"url\":\"https:\/\/test.puhdasplus.ee\/lt\/\",\"logo\":{\"@type\":\"ImageObject\",\"inLanguage\":\"lt-LT\",\"@id\":\"https:\/\/test.puhdasplus.ee\/lt\/#\/schema\/logo\/image\/\",\"url\":\"https:\/\/test.puhdasplus.ee\/\/wp-content\/uploads\/2019\/10\/puhdas_logo-arvele.png\",\"contentUrl\":\"https:\/\/test.puhdasplus.ee\/\/wp-content\/uploads\/2019\/10\/puhdas_logo-arvele.png\",\"width\":114,\"height\":94,\"caption\":\"Puhdas+\"},\"image\":{\"@id\":\"https:\/\/test.puhdasplus.ee\/lt\/#\/schema\/logo\/image\/\"},\"sameAs\":[\"https:\/\/www.facebook.com\/puhdasplus\",\"https:\/\/www.instagram.com\/puhdasplus_ee\/\"]}]}<\/script>\n<!-- \/ Yoast SEO plugin. -->","yoast_head_json":{"title":"Laktoferinas 200 mg + vitaminas C, 40 kapsli\u0173 - Puhdas+","description":"Laktoferinas 200 mg + vitaminas C palaiko gele\u017eies apykait\u0105, imunin\u0119 sistem\u0105 ir \u017earnyno sveikat\u0105, pad\u0117damas optimizuoti gele\u017eies \u012fsisavinim\u0105.","robots":{"index":"noindex","follow":"follow","max-snippet":"max-snippet:-1","max-image-preview":"max-image-preview:large","max-video-preview":"max-video-preview:-1"},"og_locale":"lt_LT","og_type":"article","og_title":"Laktoferinas 200 mg + vitaminas C, 40 kapsli\u0173 - Puhdas+","og_description":"Laktoferinas 200 mg + vitaminas C palaiko gele\u017eies apykait\u0105, imunin\u0119 sistem\u0105 ir \u017earnyno sveikat\u0105, pad\u0117damas optimizuoti gele\u017eies \u012fsisavinim\u0105.","og_url":"https:\/\/test.puhdasplus.ee\/lt\/tooted\/stresas-ir-miegas\/laktoferinas-200-mg-vitaminas-c-50-vegetarisku-kapsuliu\/","og_site_name":"Puhdas+","article_publisher":"https:\/\/www.facebook.com\/puhdasplus","article_modified_time":"2026-03-10T12:12:58+00:00","og_image":[{"width":1862,"height":2560,"url":"https:\/\/test.puhdasplus.ee\/wp-content\/uploads\/2024\/02\/Untitled-design-45.jpg","type":"image\/jpeg"}],"twitter_card":"summary_large_image","twitter_misc":{"Est. reading time":"3 minut\u0117"},"schema":{"@context":"https:\/\/schema.org","@graph":[{"@type":"WebPage","@id":"https:\/\/test.puhdasplus.ee\/lt\/tooted\/stresas-ir-miegas\/laktoferinas-200-mg-vitaminas-c-50-vegetarisku-kapsuliu\/","url":"https:\/\/test.puhdasplus.ee\/lt\/tooted\/stresas-ir-miegas\/laktoferinas-200-mg-vitaminas-c-50-vegetarisku-kapsuliu\/","name":"Laktoferinas 200 mg + vitaminas C, 40 kapsli\u0173 - Puhdas+","isPartOf":{"@id":"https:\/\/test.puhdasplus.ee\/lt\/#website"},"primaryImageOfPage":{"@id":"https:\/\/test.puhdasplus.ee\/lt\/tooted\/stresas-ir-miegas\/laktoferinas-200-mg-vitaminas-c-50-vegetarisku-kapsuliu\/#primaryimage"},"image":{"@id":"https:\/\/test.puhdasplus.ee\/lt\/tooted\/stresas-ir-miegas\/laktoferinas-200-mg-vitaminas-c-50-vegetarisku-kapsuliu\/#primaryimage"},"thumbnailUrl":"https:\/\/test.puhdasplus.ee\/wp-content\/uploads\/2024\/02\/Untitled-design-45.jpg","datePublished":"2024-02-03T20:04:48+00:00","dateModified":"2026-03-10T12:12:58+00:00","description":"Laktoferinas 200 mg + vitaminas C palaiko gele\u017eies apykait\u0105, imunin\u0119 sistem\u0105 ir \u017earnyno sveikat\u0105, pad\u0117damas optimizuoti gele\u017eies \u012fsisavinim\u0105.","breadcrumb":{"@id":"https:\/\/test.puhdasplus.ee\/lt\/tooted\/stresas-ir-miegas\/laktoferinas-200-mg-vitaminas-c-50-vegetarisku-kapsuliu\/#breadcrumb"},"inLanguage":"lt-LT","potentialAction":[{"@type":"ReadAction","target":["https:\/\/test.puhdasplus.ee\/lt\/tooted\/stresas-ir-miegas\/laktoferinas-200-mg-vitaminas-c-50-vegetarisku-kapsuliu\/"]}]},{"@type":"ImageObject","inLanguage":"lt-LT","@id":"https:\/\/test.puhdasplus.ee\/lt\/tooted\/stresas-ir-miegas\/laktoferinas-200-mg-vitaminas-c-50-vegetarisku-kapsuliu\/#primaryimage","url":"https:\/\/test.puhdasplus.ee\/wp-content\/uploads\/2024\/02\/Untitled-design-45.jpg","contentUrl":"https:\/\/test.puhdasplus.ee\/wp-content\/uploads\/2024\/02\/Untitled-design-45.jpg","width":1862,"height":2560,"caption":"Laktoferinas 200 mg + vitaminas C"},{"@type":"BreadcrumbList","@id":"https:\/\/test.puhdasplus.ee\/lt\/tooted\/stresas-ir-miegas\/laktoferinas-200-mg-vitaminas-c-50-vegetarisku-kapsuliu\/#breadcrumb","itemListElement":[{"@type":"ListItem","position":1,"name":"Prad\u017eia","item":"https:\/\/test.puhdasplus.ee\/lt\/"},{"@type":"ListItem","position":2,"name":"Produktai","item":"https:\/\/test.puhdasplus.ee\/lt\/parduotuve\/"},{"@type":"ListItem","position":3,"name":"Laktoferinas 200 mg + vitaminas C, 40 kapsli\u0173"}]},{"@type":"WebSite","@id":"https:\/\/test.puhdasplus.ee\/lt\/#website","url":"https:\/\/test.puhdasplus.ee\/lt\/","name":"Puhdas+","description":"Vitamiinid, Toidulisandid, looduskosmeetika, tervis, sport","publisher":{"@id":"https:\/\/test.puhdasplus.ee\/lt\/#organization"},"potentialAction":[{"@type":"SearchAction","target":{"@type":"EntryPoint","urlTemplate":"https:\/\/test.puhdasplus.ee\/lt\/?s={search_term_string}"},"query-input":{"@type":"PropertyValueSpecification","valueRequired":true,"valueName":"search_term_string"}}],"inLanguage":"lt-LT"},{"@type":"Organization","@id":"https:\/\/test.puhdasplus.ee\/lt\/#organization","name":"Puhdas+","alternateName":"Puhdasplus","url":"https:\/\/test.puhdasplus.ee\/lt\/","logo":{"@type":"ImageObject","inLanguage":"lt-LT","@id":"https:\/\/test.puhdasplus.ee\/lt\/#\/schema\/logo\/image\/","url":"https:\/\/test.puhdasplus.ee\/\/wp-content\/uploads\/2019\/10\/puhdas_logo-arvele.png","contentUrl":"https:\/\/test.puhdasplus.ee\/\/wp-content\/uploads\/2019\/10\/puhdas_logo-arvele.png","width":114,"height":94,"caption":"Puhdas+"},"image":{"@id":"https:\/\/test.puhdasplus.ee\/lt\/#\/schema\/logo\/image\/"},"sameAs":["https:\/\/www.facebook.com\/puhdasplus","https:\/\/www.instagram.com\/puhdasplus_ee\/"]}]}},"_links":{"self":[{"href":"https:\/\/test.puhdasplus.ee\/lt\/wp-json\/wp\/v2\/product\/33655","targetHints":{"allow":["GET"]}}],"collection":[{"href":"https:\/\/test.puhdasplus.ee\/lt\/wp-json\/wp\/v2\/product"}],"about":[{"href":"https:\/\/test.puhdasplus.ee\/lt\/wp-json\/wp\/v2\/types\/product"}],"replies":[{"embeddable":true,"href":"https:\/\/test.puhdasplus.ee\/lt\/wp-json\/wp\/v2\/comments?post=33655"}],"wp:featuredmedia":[{"embeddable":true,"href":"https:\/\/test.puhdasplus.ee\/lt\/wp-json\/wp\/v2\/media\/33657"}],"wp:attachment":[{"href":"https:\/\/test.puhdasplus.ee\/lt\/wp-json\/wp\/v2\/media?parent=33655"}],"wp:term":[{"taxonomy":"product_brand","embeddable":true,"href":"https:\/\/test.puhdasplus.ee\/lt\/wp-json\/wp\/v2\/product_brand?post=33655"},{"taxonomy":"product_cat","embeddable":true,"href":"https:\/\/test.puhdasplus.ee\/lt\/wp-json\/wp\/v2\/product_cat?post=33655"},{"taxonomy":"product_tag","embeddable":true,"href":"https:\/\/test.puhdasplus.ee\/lt\/wp-json\/wp\/v2\/product_tag?post=33655"}],"curies":[{"name":"wp","href":"https:\/\/api.w.org\/{rel}","templated":true}]}}