{"id":33640,"date":"2023-11-07T10:42:31","date_gmt":"2023-11-07T08:42:31","guid":{"rendered":"https:\/\/test.puhdasplus.ee\/\/tooted\/be-kategorijos\/silikagelis-silikagelis-tonikas-500ml\/"},"modified":"2026-02-27T13:10:00","modified_gmt":"2026-02-27T11:10:00","slug":"silikagelis-silikagelis-tonikas-500ml","status":"publish","type":"product","link":"https:\/\/test.puhdasplus.ee\/lt\/tooted\/specialus-pasiulymai\/silikagelis-silikagelis-tonikas-500ml\/","title":{"rendered":"Silikagelis Silikagelis Tonikas 500ml"},"content":{"rendered":"<h3 data-start=\"151\" data-end=\"466\">Nat\u016brali parama kasdienei gerovei<\/h3>\n<p data-start=\"151\" data-end=\"466\"><b>Silicio gelis (silicio gelis)<\/b> yra auk\u0161tos kokyb\u0117s maisto papildas, kurio sud\u0117tyje yra koloidinio silicio dioksido. Silicis yra nat\u016bralus mineralas, randamas augaluose, j\u016bros vandenyje ir \u017dem\u0117s plutoje. <\/p>\n<ul>\n<li data-start=\"183\" data-end=\"240\">\n<p data-start=\"185\" data-end=\"240\"><b>Nat\u016bralus silicio \u0161altinis<\/b> kasdienei gerovei palaikyti<\/p>\n<\/li>\n<li data-start=\"241\" data-end=\"306\">\n<p data-start=\"243\" data-end=\"306\"><b>Ekologi\u0161ka pakuot\u0117<\/b> \u2013 pagaminta i\u0161 perdirbto plastiko<\/p>\n<\/li>\n<li data-start=\"307\" data-end=\"386\">\n<p data-start=\"309\" data-end=\"386\"><b>Gryni ingredientai<\/b> \u2013 be laktoz\u0117s, glitimo, mieli\u0173 ar prid\u0117tinio cukraus<\/p>\n<\/li>\n<li data-start=\"387\" data-end=\"422\">\n<p data-start=\"389\" data-end=\"422\"><b>Tinka veganams ir vegetarams<\/b><\/p>\n<\/li>\n<\/ul>\n<p data-start=\"769\" data-end=\"900\"><strong data-start=\"769\" data-end=\"784\">Naudojimas:<\/strong><br data-start=\"784\" data-end=\"787\"> Rekomenduojama doz\u0117 yra <strong data-start=\"807\" data-end=\"826\">15\u201345 ml per dien\u0105<\/strong> . Prie\u0161 vartojim\u0105 suplakti.   <strong data-start=\"855\" data-end=\"898\">Nevir\u0161ykite rekomenduojamos paros doz\u0117s.<\/strong><\/p>\n<p data-start=\"902\" data-end=\"1079\"><strong data-start=\"902\" data-end=\"918\">Sudedamosios dalys:<\/strong><br data-start=\"918\" data-end=\"921\"> I\u0161grynintas vanduo, silicio dioksidas, stabilizatorius (karboksimetilceliulioz\u0117), konservantas (kalio sorbatas, natrio benzoatas), r\u016bg\u0161tingum\u0105 reguliuojanti med\u017eiaga (citrin\u0173 r\u016bg\u0161tis).<\/p>\n<p data-start=\"1081\" data-end=\"1120\"><strong data-start=\"1081\" data-end=\"1118\">Maistin\u0117 vert\u0117 (15\u201345 ml):<\/strong><\/p>\n<ul data-start=\"1121\" data-end=\"1197\">\n<li data-start=\"1121\" data-end=\"1164\"><strong data-start=\"1123\" data-end=\"1150\">Koloidinis silicio dioksidas:<\/strong> 520\u20131560 mg<\/li>\n<li data-start=\"1165\" data-end=\"1197\"><strong data-start=\"1167\" data-end=\"1184\">i\u0161 kuri\u0173 silicio:<\/strong> 247\u2013741 mg<\/li>\n<\/ul>\n","protected":false},"excerpt":{"rendered":"<p><strong>Silikagelis<\/strong> (silicio r\u016bg\u0161ties gelis) 500 ml yra <strong>nat\u016bralus<\/strong> silicio <strong>papildas kasdienei gerovei<\/strong> . <strong>Gryna formul\u0117<\/strong> tinka veganams ir neturi laktoz\u0117s ar glitimo.<\/p>\n<p>&nbsp;<\/p>\n<p>&nbsp;<\/p>\n<p>&nbsp;<\/p>\n<p>&nbsp;<\/p>\n","protected":false},"featured_media":33643,"comment_status":"closed","ping_status":"closed","template":"","meta":{"_acf_changed":false},"product_brand":[],"product_cat":[3282,3049],"product_tag":[3985,3320,3319,2577,3989,3993,3986,3988,3987,3991,2967],"class_list":{"0":"post-33640","1":"product","2":"type-product","3":"status-publish","4":"has-post-thumbnail","6":"product_cat-oda-plaukai-nagai","7":"product_cat-specialus-pasiulymai","8":"product_tag-ant-odos","9":"product_tag-be-glitimo","10":"product_tag-be-laktozes","11":"product_tag-grynas-grozis","12":"product_tag-mineralinis-silikagelis","13":"product_tag-nagams","14":"product_tag-plaukams","15":"product_tag-silicis","16":"product_tag-silikagelis","17":"product_tag-skrituline-diagrama","18":"product_tag-veganas","20":"first","21":"instock","22":"sale","23":"taxable","24":"shipping-taxable","25":"purchasable","26":"product-type-simple"},"acf":[],"yoast_head":"<!-- This site is optimized with the Yoast SEO plugin v27.1.1 - https:\/\/yoast.com\/product\/yoast-seo-wordpress\/ -->\n<title>Silikagelis Silikagelis Tonikas 500ml - Puhdas+<\/title>\n<meta name=\"description\" content=\"Silicio gelis (silicio r\u016bg\u0161ties gelis) 500 ml \u2013 nat\u016bralus silicio papildas, palaikantis odos, plauk\u0173 ir nag\u0173 sveikat\u0105! Vegani\u0161kas, draugi\u0161kas aplinkai ir grynos sud\u0117ties.\" \/>\n<meta name=\"robots\" content=\"noindex, follow, max-snippet:-1, max-image-preview:large, max-video-preview:-1\" \/>\n<meta property=\"og:locale\" content=\"lt_LT\" \/>\n<meta property=\"og:type\" content=\"article\" \/>\n<meta property=\"og:title\" content=\"Silikagelis Silikagelis Tonikas 500ml - Puhdas+\" \/>\n<meta property=\"og:description\" content=\"Silicio gelis (silicio r\u016bg\u0161ties gelis) 500 ml \u2013 nat\u016bralus silicio papildas, palaikantis odos, plauk\u0173 ir nag\u0173 sveikat\u0105! Vegani\u0161kas, draugi\u0161kas aplinkai ir grynos sud\u0117ties.\" \/>\n<meta property=\"og:url\" content=\"https:\/\/test.puhdasplus.ee\/lt\/tooted\/specialus-pasiulymai\/silikagelis-silikagelis-tonikas-500ml\/\" \/>\n<meta property=\"og:site_name\" content=\"Puhdas+\" \/>\n<meta property=\"article:publisher\" content=\"https:\/\/www.facebook.com\/puhdasplus\" \/>\n<meta property=\"article:modified_time\" content=\"2026-02-27T11:10:00+00:00\" \/>\n<meta property=\"og:image\" content=\"https:\/\/test.puhdasplus.ee\/wp-content\/uploads\/2025\/03\/76.jpg\" \/>\n\t<meta property=\"og:image:width\" content=\"1862\" \/>\n\t<meta property=\"og:image:height\" content=\"2560\" \/>\n\t<meta property=\"og:image:type\" content=\"image\/jpeg\" \/>\n<meta name=\"twitter:card\" content=\"summary_large_image\" \/>\n<meta name=\"twitter:label1\" content=\"Est. reading time\" \/>\n\t<meta name=\"twitter:data1\" content=\"1 minut\u0117\" \/>\n<script type=\"application\/ld+json\" class=\"yoast-schema-graph\">{\"@context\":\"https:\/\/schema.org\",\"@graph\":[{\"@type\":\"WebPage\",\"@id\":\"https:\/\/test.puhdasplus.ee\/lt\/tooted\/specialus-pasiulymai\/silikagelis-silikagelis-tonikas-500ml\/\",\"url\":\"https:\/\/test.puhdasplus.ee\/lt\/tooted\/specialus-pasiulymai\/silikagelis-silikagelis-tonikas-500ml\/\",\"name\":\"Silikagelis Silikagelis Tonikas 500ml - Puhdas+\",\"isPartOf\":{\"@id\":\"https:\/\/test.puhdasplus.ee\/lt\/#website\"},\"primaryImageOfPage\":{\"@id\":\"https:\/\/test.puhdasplus.ee\/lt\/tooted\/specialus-pasiulymai\/silikagelis-silikagelis-tonikas-500ml\/#primaryimage\"},\"image\":{\"@id\":\"https:\/\/test.puhdasplus.ee\/lt\/tooted\/specialus-pasiulymai\/silikagelis-silikagelis-tonikas-500ml\/#primaryimage\"},\"thumbnailUrl\":\"https:\/\/test.puhdasplus.ee\/wp-content\/uploads\/2025\/03\/76.jpg\",\"datePublished\":\"2023-11-07T08:42:31+00:00\",\"dateModified\":\"2026-02-27T11:10:00+00:00\",\"description\":\"Silicio gelis (silicio r\u016bg\u0161ties gelis) 500 ml \u2013 nat\u016bralus silicio papildas, palaikantis odos, plauk\u0173 ir nag\u0173 sveikat\u0105! Vegani\u0161kas, draugi\u0161kas aplinkai ir grynos sud\u0117ties.\",\"breadcrumb\":{\"@id\":\"https:\/\/test.puhdasplus.ee\/lt\/tooted\/specialus-pasiulymai\/silikagelis-silikagelis-tonikas-500ml\/#breadcrumb\"},\"inLanguage\":\"lt-LT\",\"potentialAction\":[{\"@type\":\"ReadAction\",\"target\":[\"https:\/\/test.puhdasplus.ee\/lt\/tooted\/specialus-pasiulymai\/silikagelis-silikagelis-tonikas-500ml\/\"]}]},{\"@type\":\"ImageObject\",\"inLanguage\":\"lt-LT\",\"@id\":\"https:\/\/test.puhdasplus.ee\/lt\/tooted\/specialus-pasiulymai\/silikagelis-silikagelis-tonikas-500ml\/#primaryimage\",\"url\":\"https:\/\/test.puhdasplus.ee\/wp-content\/uploads\/2025\/03\/76.jpg\",\"contentUrl\":\"https:\/\/test.puhdasplus.ee\/wp-content\/uploads\/2025\/03\/76.jpg\",\"width\":1862,\"height\":2560,\"caption\":\"Silikagelis (silicio r\u016bg\u0161ties gelis) Silikagelis Tonikas\"},{\"@type\":\"BreadcrumbList\",\"@id\":\"https:\/\/test.puhdasplus.ee\/lt\/tooted\/specialus-pasiulymai\/silikagelis-silikagelis-tonikas-500ml\/#breadcrumb\",\"itemListElement\":[{\"@type\":\"ListItem\",\"position\":1,\"name\":\"Prad\u017eia\",\"item\":\"https:\/\/test.puhdasplus.ee\/lt\/\"},{\"@type\":\"ListItem\",\"position\":2,\"name\":\"Produktai\",\"item\":\"https:\/\/test.puhdasplus.ee\/lt\/parduotuve\/\"},{\"@type\":\"ListItem\",\"position\":3,\"name\":\"Silikagelis Silikagelis Tonikas 500ml\"}]},{\"@type\":\"WebSite\",\"@id\":\"https:\/\/test.puhdasplus.ee\/lt\/#website\",\"url\":\"https:\/\/test.puhdasplus.ee\/lt\/\",\"name\":\"Puhdas+\",\"description\":\"Vitamiinid, Toidulisandid, looduskosmeetika, tervis, sport\",\"publisher\":{\"@id\":\"https:\/\/test.puhdasplus.ee\/lt\/#organization\"},\"potentialAction\":[{\"@type\":\"SearchAction\",\"target\":{\"@type\":\"EntryPoint\",\"urlTemplate\":\"https:\/\/test.puhdasplus.ee\/lt\/?s={search_term_string}\"},\"query-input\":{\"@type\":\"PropertyValueSpecification\",\"valueRequired\":true,\"valueName\":\"search_term_string\"}}],\"inLanguage\":\"lt-LT\"},{\"@type\":\"Organization\",\"@id\":\"https:\/\/test.puhdasplus.ee\/lt\/#organization\",\"name\":\"Puhdas+\",\"alternateName\":\"Puhdasplus\",\"url\":\"https:\/\/test.puhdasplus.ee\/lt\/\",\"logo\":{\"@type\":\"ImageObject\",\"inLanguage\":\"lt-LT\",\"@id\":\"https:\/\/test.puhdasplus.ee\/lt\/#\/schema\/logo\/image\/\",\"url\":\"https:\/\/test.puhdasplus.ee\/\/wp-content\/uploads\/2019\/10\/puhdas_logo-arvele.png\",\"contentUrl\":\"https:\/\/test.puhdasplus.ee\/\/wp-content\/uploads\/2019\/10\/puhdas_logo-arvele.png\",\"width\":114,\"height\":94,\"caption\":\"Puhdas+\"},\"image\":{\"@id\":\"https:\/\/test.puhdasplus.ee\/lt\/#\/schema\/logo\/image\/\"},\"sameAs\":[\"https:\/\/www.facebook.com\/puhdasplus\",\"https:\/\/www.instagram.com\/puhdasplus_ee\/\"]}]}<\/script>\n<!-- \/ Yoast SEO plugin. -->","yoast_head_json":{"title":"Silikagelis Silikagelis Tonikas 500ml - Puhdas+","description":"Silicio gelis (silicio r\u016bg\u0161ties gelis) 500 ml \u2013 nat\u016bralus silicio papildas, palaikantis odos, plauk\u0173 ir nag\u0173 sveikat\u0105! Vegani\u0161kas, draugi\u0161kas aplinkai ir grynos sud\u0117ties.","robots":{"index":"noindex","follow":"follow","max-snippet":"max-snippet:-1","max-image-preview":"max-image-preview:large","max-video-preview":"max-video-preview:-1"},"og_locale":"lt_LT","og_type":"article","og_title":"Silikagelis Silikagelis Tonikas 500ml - Puhdas+","og_description":"Silicio gelis (silicio r\u016bg\u0161ties gelis) 500 ml \u2013 nat\u016bralus silicio papildas, palaikantis odos, plauk\u0173 ir nag\u0173 sveikat\u0105! Vegani\u0161kas, draugi\u0161kas aplinkai ir grynos sud\u0117ties.","og_url":"https:\/\/test.puhdasplus.ee\/lt\/tooted\/specialus-pasiulymai\/silikagelis-silikagelis-tonikas-500ml\/","og_site_name":"Puhdas+","article_publisher":"https:\/\/www.facebook.com\/puhdasplus","article_modified_time":"2026-02-27T11:10:00+00:00","og_image":[{"width":1862,"height":2560,"url":"https:\/\/test.puhdasplus.ee\/wp-content\/uploads\/2025\/03\/76.jpg","type":"image\/jpeg"}],"twitter_card":"summary_large_image","twitter_misc":{"Est. reading time":"1 minut\u0117"},"schema":{"@context":"https:\/\/schema.org","@graph":[{"@type":"WebPage","@id":"https:\/\/test.puhdasplus.ee\/lt\/tooted\/specialus-pasiulymai\/silikagelis-silikagelis-tonikas-500ml\/","url":"https:\/\/test.puhdasplus.ee\/lt\/tooted\/specialus-pasiulymai\/silikagelis-silikagelis-tonikas-500ml\/","name":"Silikagelis Silikagelis Tonikas 500ml - Puhdas+","isPartOf":{"@id":"https:\/\/test.puhdasplus.ee\/lt\/#website"},"primaryImageOfPage":{"@id":"https:\/\/test.puhdasplus.ee\/lt\/tooted\/specialus-pasiulymai\/silikagelis-silikagelis-tonikas-500ml\/#primaryimage"},"image":{"@id":"https:\/\/test.puhdasplus.ee\/lt\/tooted\/specialus-pasiulymai\/silikagelis-silikagelis-tonikas-500ml\/#primaryimage"},"thumbnailUrl":"https:\/\/test.puhdasplus.ee\/wp-content\/uploads\/2025\/03\/76.jpg","datePublished":"2023-11-07T08:42:31+00:00","dateModified":"2026-02-27T11:10:00+00:00","description":"Silicio gelis (silicio r\u016bg\u0161ties gelis) 500 ml \u2013 nat\u016bralus silicio papildas, palaikantis odos, plauk\u0173 ir nag\u0173 sveikat\u0105! Vegani\u0161kas, draugi\u0161kas aplinkai ir grynos sud\u0117ties.","breadcrumb":{"@id":"https:\/\/test.puhdasplus.ee\/lt\/tooted\/specialus-pasiulymai\/silikagelis-silikagelis-tonikas-500ml\/#breadcrumb"},"inLanguage":"lt-LT","potentialAction":[{"@type":"ReadAction","target":["https:\/\/test.puhdasplus.ee\/lt\/tooted\/specialus-pasiulymai\/silikagelis-silikagelis-tonikas-500ml\/"]}]},{"@type":"ImageObject","inLanguage":"lt-LT","@id":"https:\/\/test.puhdasplus.ee\/lt\/tooted\/specialus-pasiulymai\/silikagelis-silikagelis-tonikas-500ml\/#primaryimage","url":"https:\/\/test.puhdasplus.ee\/wp-content\/uploads\/2025\/03\/76.jpg","contentUrl":"https:\/\/test.puhdasplus.ee\/wp-content\/uploads\/2025\/03\/76.jpg","width":1862,"height":2560,"caption":"Silikagelis (silicio r\u016bg\u0161ties gelis) Silikagelis Tonikas"},{"@type":"BreadcrumbList","@id":"https:\/\/test.puhdasplus.ee\/lt\/tooted\/specialus-pasiulymai\/silikagelis-silikagelis-tonikas-500ml\/#breadcrumb","itemListElement":[{"@type":"ListItem","position":1,"name":"Prad\u017eia","item":"https:\/\/test.puhdasplus.ee\/lt\/"},{"@type":"ListItem","position":2,"name":"Produktai","item":"https:\/\/test.puhdasplus.ee\/lt\/parduotuve\/"},{"@type":"ListItem","position":3,"name":"Silikagelis Silikagelis Tonikas 500ml"}]},{"@type":"WebSite","@id":"https:\/\/test.puhdasplus.ee\/lt\/#website","url":"https:\/\/test.puhdasplus.ee\/lt\/","name":"Puhdas+","description":"Vitamiinid, Toidulisandid, looduskosmeetika, tervis, sport","publisher":{"@id":"https:\/\/test.puhdasplus.ee\/lt\/#organization"},"potentialAction":[{"@type":"SearchAction","target":{"@type":"EntryPoint","urlTemplate":"https:\/\/test.puhdasplus.ee\/lt\/?s={search_term_string}"},"query-input":{"@type":"PropertyValueSpecification","valueRequired":true,"valueName":"search_term_string"}}],"inLanguage":"lt-LT"},{"@type":"Organization","@id":"https:\/\/test.puhdasplus.ee\/lt\/#organization","name":"Puhdas+","alternateName":"Puhdasplus","url":"https:\/\/test.puhdasplus.ee\/lt\/","logo":{"@type":"ImageObject","inLanguage":"lt-LT","@id":"https:\/\/test.puhdasplus.ee\/lt\/#\/schema\/logo\/image\/","url":"https:\/\/test.puhdasplus.ee\/\/wp-content\/uploads\/2019\/10\/puhdas_logo-arvele.png","contentUrl":"https:\/\/test.puhdasplus.ee\/\/wp-content\/uploads\/2019\/10\/puhdas_logo-arvele.png","width":114,"height":94,"caption":"Puhdas+"},"image":{"@id":"https:\/\/test.puhdasplus.ee\/lt\/#\/schema\/logo\/image\/"},"sameAs":["https:\/\/www.facebook.com\/puhdasplus","https:\/\/www.instagram.com\/puhdasplus_ee\/"]}]}},"_links":{"self":[{"href":"https:\/\/test.puhdasplus.ee\/lt\/wp-json\/wp\/v2\/product\/33640","targetHints":{"allow":["GET"]}}],"collection":[{"href":"https:\/\/test.puhdasplus.ee\/lt\/wp-json\/wp\/v2\/product"}],"about":[{"href":"https:\/\/test.puhdasplus.ee\/lt\/wp-json\/wp\/v2\/types\/product"}],"replies":[{"embeddable":true,"href":"https:\/\/test.puhdasplus.ee\/lt\/wp-json\/wp\/v2\/comments?post=33640"}],"wp:featuredmedia":[{"embeddable":true,"href":"https:\/\/test.puhdasplus.ee\/lt\/wp-json\/wp\/v2\/media\/33643"}],"wp:attachment":[{"href":"https:\/\/test.puhdasplus.ee\/lt\/wp-json\/wp\/v2\/media?parent=33640"}],"wp:term":[{"taxonomy":"product_brand","embeddable":true,"href":"https:\/\/test.puhdasplus.ee\/lt\/wp-json\/wp\/v2\/product_brand?post=33640"},{"taxonomy":"product_cat","embeddable":true,"href":"https:\/\/test.puhdasplus.ee\/lt\/wp-json\/wp\/v2\/product_cat?post=33640"},{"taxonomy":"product_tag","embeddable":true,"href":"https:\/\/test.puhdasplus.ee\/lt\/wp-json\/wp\/v2\/product_tag?post=33640"}],"curies":[{"name":"wp","href":"https:\/\/api.w.org\/{rel}","templated":true}]}}