{"id":33603,"date":"2023-09-08T22:16:04","date_gmt":"2023-09-08T19:16:04","guid":{"rendered":"https:\/\/test.puhdasplus.ee\/\/tooted\/be-kategorijos\/fermentas-60-kapsuliu\/"},"modified":"2026-02-27T13:14:37","modified_gmt":"2026-02-27T11:14:37","slug":"fermentas-60-kapsuliu","status":"publish","type":"product","link":"https:\/\/test.puhdasplus.ee\/lt\/tooted\/specialus-pasiulymai\/fermentas-60-kapsuliu\/","title":{"rendered":"Fermentas 60 kapsuli\u0173"},"content":{"rendered":"<h2 data-start=\"229\" data-end=\"279\">Kas yra stiprus vir\u0161kinimo ferment\u0173 kompleksas?<\/h2>\n<p class=\"\" data-start=\"281\" data-end=\"526\">Stiprus vir\u0161kinimo ferment\u0173 kompleksas yra plataus spektro ferment\u0173 papildas, palaikantis \u012fvairi\u0173 maisto produkt\u0173 vir\u0161kinim\u0105. Tinka kasdieniam vartojimui \u017emon\u0117ms, norintiems palaikyti vir\u0161kinim\u0105 ir maistini\u0173 med\u017eiag\u0173 \u012fsisavinim\u0105. <\/p>\n<h2 data-start=\"181\" data-end=\"217\">Kod\u0117l naudingas stiprus vir\u0161kinimo ferment\u0173 kompleksas?<\/h2>\n<p data-start=\"484\" data-end=\"706\">Galingas vir\u0161kinimo ferment\u0173 kompleksas, palaikantis vir\u0161kinim\u0105, turintis plat\u0173 nat\u016brali\u0173 ferment\u0173 spektr\u0105, padedant\u012f skaidyti angliavandenius, baltymus, riebalus, skaidulas ir laktoz\u0119. Jis gali b\u016bti naudingas \u0161iais atvejais: <\/p>\n<ul data-start=\"708\" data-end=\"1093\">\n<li data-start=\"708\" data-end=\"796\">\n<p data-start=\"710\" data-end=\"796\"><strong data-start=\"710\" data-end=\"734\">Vir\u0161kinimo palaikymas:<\/strong> padeda organizmui efektyviau skaidyti \u012fvairias maistines med\u017eiagas.<\/p>\n<\/li>\n<li data-start=\"797\" data-end=\"934\">\n<p data-start=\"799\" data-end=\"934\"><strong data-start=\"799\" data-end=\"839\">Palaikyti maistini\u0173 med\u017eiag\u0173 prieinamum\u0105:<\/strong> Pagalba vir\u0161kinimo procesams padeda organizmui geriau panaudoti maistines med\u017eiagas i\u0161 maisto.<\/p>\n<\/li>\n<li data-start=\"935\" data-end=\"1093\">\n<p data-start=\"937\" data-end=\"1093\"><strong data-start=\"937\" data-end=\"980\">Tinka \u017emon\u0117ms, turintiems kitokius mitybos \u012fpro\u010dius:<\/strong> pavyzd\u017eiui, veganams, vegetarams arba \u017emon\u0117ms, kuri\u0173 mityba pasikeit\u0117 (pvz., d\u0117l am\u017eiaus ar dietos).<\/p>\n<\/li>\n<\/ul>\n<h2 data-start=\"528\" data-end=\"543\">Ingredientai<\/h2>\n<p class=\"\" data-start=\"545\" data-end=\"570\">1 dar\u017eovi\u0173 kapsul\u0117je yra:<\/p>\n<ul data-start=\"571\" data-end=\"840\">\n<li class=\"\" data-start=\"571\" data-end=\"600\">\n<p class=\"\" data-start=\"573\" data-end=\"600\">Amilaz\u0117 \u2013 4800 SKB vienet\u0173<\/p>\n<\/li>\n<li class=\"\" data-start=\"601\" data-end=\"626\">\n<p class=\"\" data-start=\"603\" data-end=\"626\">Gliukoamilaz\u0117 \u2013 12 AGU<\/p>\n<\/li>\n<li class=\"\" data-start=\"627\" data-end=\"659\">\n<p class=\"\" data-start=\"629\" data-end=\"659\">Proteaz\u0117 (pH 4,5) \u2013 8000 HUT<\/p>\n<\/li>\n<li class=\"\" data-start=\"660\" data-end=\"690\">\n<p class=\"\" data-start=\"662\" data-end=\"690\">Proteaz\u0117 (pH 3,0) \u2013 8 SAPU<\/p>\n<\/li>\n<li class=\"\" data-start=\"691\" data-end=\"711\">\n<p class=\"\" data-start=\"693\" data-end=\"711\">Lipaz\u0117 \u2013 280 FIP<\/p>\n<\/li>\n<li class=\"\" data-start=\"712\" data-end=\"733\">\n<p class=\"\" data-start=\"714\" data-end=\"733\">Laktaz\u0117 \u2013 200 ALU<\/p>\n<\/li>\n<li class=\"\" data-start=\"734\" data-end=\"757\">\n<p class=\"\" data-start=\"736\" data-end=\"757\">Celiuliaz\u0117 \u2013 400 CU<\/p>\n<\/li>\n<li class=\"\" data-start=\"758\" data-end=\"785\">\n<p class=\"\" data-start=\"760\" data-end=\"785\">Bromelainas \u2013 160 000 PU<\/p>\n<\/li>\n<li class=\"\" data-start=\"786\" data-end=\"809\">\n<p class=\"\" data-start=\"788\" data-end=\"809\">Papainas \u2013 40 000 PU<\/p>\n<\/li>\n<li class=\"\" data-start=\"810\" data-end=\"840\">\n<p class=\"\" data-start=\"812\" data-end=\"840\">Alfa-galaktozidaz\u0117 &#8211; 32 GALU<\/p>\n<\/li>\n<\/ul>\n<p class=\"\" data-start=\"842\" data-end=\"861\">Kitos sudedamosios dalys:<\/p>\n<ul data-start=\"862\" data-end=\"946\">\n<li class=\"\" data-start=\"862\" data-end=\"890\">\n<p class=\"\" data-start=\"864\" data-end=\"890\">Ry\u017ei\u0173 krakmolas (u\u017epildas)<\/p>\n<\/li>\n<li class=\"\" data-start=\"891\" data-end=\"946\">\n<p class=\"\" data-start=\"893\" data-end=\"946\">Kapsul\u0117s apvalkalas: hidroksipropilmetilceliulioz\u0117 (augalin\u0117)<\/p>\n<\/li>\n<\/ul>\n<h2 data-start=\"948\" data-end=\"962\">Naudojimas<\/h2>\n<p class=\"\" data-start=\"964\" data-end=\"1075\">Rekomenduojama paros doz\u0117: 1 kapsul\u0117 1-3 kartus per dien\u0105 valgio metu.<br data-start=\"1029\" data-end=\"1032\">Nevir\u0161ykite rekomenduojamos paros doz\u0117s.<\/p>\n<p class=\"\" data-start=\"1097\" data-end=\"1187\">\u0160is maisto papildas nepakei\u010dia \u012fvairios ir subalansuotos mitybos ar sveiko gyvenimo b\u016bdo. Laikyti vaikams nepasiekiamoje vietoje. Laikyti sausoje ir v\u0117sioje vietoje, originalioje pakuot\u0117je.  <\/p>\n","protected":false},"excerpt":{"rendered":"<p data-start=\"159\" data-end=\"458\"><strong data-start=\"159\" data-end=\"458\">Galingas vir\u0161kinimo ferment\u0173 kompleksas yra nat\u016bralus maisto papildas, kurio sud\u0117tyje yra de\u0161imt skirting\u0173 vir\u0161kinimo ferment\u0173, teikian\u010di\u0173 visapusi\u0161k\u0105 param\u0105 nat\u016braliems vir\u0161kinimo sistemos procesams. Jis padeda suskaidyti maistines med\u017eiagas \u2013 baltymus, angliavandenius, riebalus, skaidulas ir laktoz\u0119 \u2013 tod\u0117l jos tampa lengviau prieinamos organizmui. <\/strong><\/p>\n<p data-start=\"460\" data-end=\"738\"><strong data-start=\"460\" data-end=\"502\">Produktas tinka kasdieniam naudojimui.<\/strong> Tai puikus pasirinkimas \u017emon\u0117ms, norintiems palaikyti vir\u0161kinim\u0105 laikantis \u012fvairi\u0173 mitybos plan\u0173. Kompleksinis preparatas tinka ir vegetarams bei veganams, nes jo sud\u0117tyje n\u0117ra gyv\u016bnin\u0117s kilm\u0117s ingredient\u0173, glitimo, laktoz\u0117s ar dirbtini\u0173 pried\u0173.<\/p>\n","protected":false},"featured_media":33607,"comment_status":"closed","ping_status":"closed","template":"","meta":{"_acf_changed":false},"product_brand":[],"product_cat":[3049,3318],"product_tag":[3938,3320,3319,3928,3929,3933,3932,3939,3934,3940,3936,3937,2967,3935,3941,3931,3930],"class_list":{"0":"post-33603","1":"product","2":"type-product","3":"status-publish","4":"has-post-thumbnail","6":"product_cat-specialus-pasiulymai","7":"product_cat-virskinimas-ir-medziagu-apykaita","8":"product_tag-amilaze-lt","9":"product_tag-be-glitimo","10":"product_tag-be-laktozes","11":"product_tag-fermentai","12":"product_tag-fermentas","13":"product_tag-fermentu-trukumas","14":"product_tag-geresnis-virskinimas","15":"product_tag-lipaze-lt","16":"product_tag-maisto-papildas-virskinimui","17":"product_tag-maisto-suvartojimas","18":"product_tag-pilvo-putimas-ir-sunkumas","19":"product_tag-proteaze-lt","20":"product_tag-veganas","21":"product_tag-veganiski-fermentai","22":"product_tag-virskinimas-ir-medziagu-apykaita-lt","23":"product_tag-virskinimo-fermentai","24":"product_tag-virskinimo-fermentas","26":"first","27":"instock","28":"sale","29":"featured","30":"taxable","31":"shipping-taxable","32":"purchasable","33":"product-type-simple"},"acf":[],"yoast_head":"<!-- This site is optimized with the Yoast SEO plugin v27.1.1 - https:\/\/yoast.com\/product\/yoast-seo-wordpress\/ -->\n<title>Fermentas 60 kapsuli\u0173 - Puhdas+<\/title>\n<meta name=\"description\" content=\"Enzimai \u2013 auk\u0161tos kokyb\u0117s maisto papildas su de\u0161im\u010dia vir\u0161kinimo ferment\u0173, palaikantis vir\u0161kinimo sistemos veikl\u0105. Tinka veganams, be pieno produkt\u0173, laktoz\u0117s ir glitimo.\" \/>\n<meta name=\"robots\" content=\"noindex, follow, max-snippet:-1, max-image-preview:large, max-video-preview:-1\" \/>\n<meta property=\"og:locale\" content=\"lt_LT\" \/>\n<meta property=\"og:type\" content=\"article\" \/>\n<meta property=\"og:title\" content=\"Fermentas 60 kapsuli\u0173 - Puhdas+\" \/>\n<meta property=\"og:description\" content=\"Enzimai \u2013 auk\u0161tos kokyb\u0117s maisto papildas su de\u0161im\u010dia vir\u0161kinimo ferment\u0173, palaikantis vir\u0161kinimo sistemos veikl\u0105. Tinka veganams, be pieno produkt\u0173, laktoz\u0117s ir glitimo.\" \/>\n<meta property=\"og:url\" content=\"https:\/\/test.puhdasplus.ee\/lt\/tooted\/specialus-pasiulymai\/fermentas-60-kapsuliu\/\" \/>\n<meta property=\"og:site_name\" content=\"Puhdas+\" \/>\n<meta property=\"article:publisher\" content=\"https:\/\/www.facebook.com\/puhdasplus\" \/>\n<meta property=\"article:modified_time\" content=\"2026-02-27T11:14:37+00:00\" \/>\n<meta property=\"og:image\" content=\"https:\/\/test.puhdasplus.ee\/wp-content\/uploads\/2023\/09\/Untitled-design-6-scaled.png\" \/>\n\t<meta property=\"og:image:width\" content=\"1862\" \/>\n\t<meta property=\"og:image:height\" content=\"2560\" \/>\n\t<meta property=\"og:image:type\" content=\"image\/png\" \/>\n<meta name=\"twitter:card\" content=\"summary_large_image\" \/>\n<meta name=\"twitter:label1\" content=\"Est. reading time\" \/>\n\t<meta name=\"twitter:data1\" content=\"1 minut\u0117\" \/>\n<script type=\"application\/ld+json\" class=\"yoast-schema-graph\">{\"@context\":\"https:\/\/schema.org\",\"@graph\":[{\"@type\":\"WebPage\",\"@id\":\"https:\/\/test.puhdasplus.ee\/lt\/tooted\/specialus-pasiulymai\/fermentas-60-kapsuliu\/\",\"url\":\"https:\/\/test.puhdasplus.ee\/lt\/tooted\/specialus-pasiulymai\/fermentas-60-kapsuliu\/\",\"name\":\"Fermentas 60 kapsuli\u0173 - Puhdas+\",\"isPartOf\":{\"@id\":\"https:\/\/test.puhdasplus.ee\/lt\/#website\"},\"primaryImageOfPage\":{\"@id\":\"https:\/\/test.puhdasplus.ee\/lt\/tooted\/specialus-pasiulymai\/fermentas-60-kapsuliu\/#primaryimage\"},\"image\":{\"@id\":\"https:\/\/test.puhdasplus.ee\/lt\/tooted\/specialus-pasiulymai\/fermentas-60-kapsuliu\/#primaryimage\"},\"thumbnailUrl\":\"https:\/\/test.puhdasplus.ee\/wp-content\/uploads\/2023\/09\/Untitled-design-6-scaled.png\",\"datePublished\":\"2023-09-08T19:16:04+00:00\",\"dateModified\":\"2026-02-27T11:14:37+00:00\",\"description\":\"Enzimai \u2013 auk\u0161tos kokyb\u0117s maisto papildas su de\u0161im\u010dia vir\u0161kinimo ferment\u0173, palaikantis vir\u0161kinimo sistemos veikl\u0105. Tinka veganams, be pieno produkt\u0173, laktoz\u0117s ir glitimo.\",\"breadcrumb\":{\"@id\":\"https:\/\/test.puhdasplus.ee\/lt\/tooted\/specialus-pasiulymai\/fermentas-60-kapsuliu\/#breadcrumb\"},\"inLanguage\":\"lt-LT\",\"potentialAction\":[{\"@type\":\"ReadAction\",\"target\":[\"https:\/\/test.puhdasplus.ee\/lt\/tooted\/specialus-pasiulymai\/fermentas-60-kapsuliu\/\"]}]},{\"@type\":\"ImageObject\",\"inLanguage\":\"lt-LT\",\"@id\":\"https:\/\/test.puhdasplus.ee\/lt\/tooted\/specialus-pasiulymai\/fermentas-60-kapsuliu\/#primaryimage\",\"url\":\"https:\/\/test.puhdasplus.ee\/wp-content\/uploads\/2023\/09\/Untitled-design-6-scaled.png\",\"contentUrl\":\"https:\/\/test.puhdasplus.ee\/wp-content\/uploads\/2023\/09\/Untitled-design-6-scaled.png\",\"width\":1862,\"height\":2560,\"caption\":\"stiprus fermentas\"},{\"@type\":\"BreadcrumbList\",\"@id\":\"https:\/\/test.puhdasplus.ee\/lt\/tooted\/specialus-pasiulymai\/fermentas-60-kapsuliu\/#breadcrumb\",\"itemListElement\":[{\"@type\":\"ListItem\",\"position\":1,\"name\":\"Prad\u017eia\",\"item\":\"https:\/\/test.puhdasplus.ee\/lt\/\"},{\"@type\":\"ListItem\",\"position\":2,\"name\":\"Produktai\",\"item\":\"https:\/\/test.puhdasplus.ee\/lt\/parduotuve\/\"},{\"@type\":\"ListItem\",\"position\":3,\"name\":\"Fermentas 60 kapsuli\u0173\"}]},{\"@type\":\"WebSite\",\"@id\":\"https:\/\/test.puhdasplus.ee\/lt\/#website\",\"url\":\"https:\/\/test.puhdasplus.ee\/lt\/\",\"name\":\"Puhdas+\",\"description\":\"Vitamiinid, Toidulisandid, looduskosmeetika, tervis, sport\",\"publisher\":{\"@id\":\"https:\/\/test.puhdasplus.ee\/lt\/#organization\"},\"potentialAction\":[{\"@type\":\"SearchAction\",\"target\":{\"@type\":\"EntryPoint\",\"urlTemplate\":\"https:\/\/test.puhdasplus.ee\/lt\/?s={search_term_string}\"},\"query-input\":{\"@type\":\"PropertyValueSpecification\",\"valueRequired\":true,\"valueName\":\"search_term_string\"}}],\"inLanguage\":\"lt-LT\"},{\"@type\":\"Organization\",\"@id\":\"https:\/\/test.puhdasplus.ee\/lt\/#organization\",\"name\":\"Puhdas+\",\"alternateName\":\"Puhdasplus\",\"url\":\"https:\/\/test.puhdasplus.ee\/lt\/\",\"logo\":{\"@type\":\"ImageObject\",\"inLanguage\":\"lt-LT\",\"@id\":\"https:\/\/test.puhdasplus.ee\/lt\/#\/schema\/logo\/image\/\",\"url\":\"https:\/\/test.puhdasplus.ee\/\/wp-content\/uploads\/2019\/10\/puhdas_logo-arvele.png\",\"contentUrl\":\"https:\/\/test.puhdasplus.ee\/\/wp-content\/uploads\/2019\/10\/puhdas_logo-arvele.png\",\"width\":114,\"height\":94,\"caption\":\"Puhdas+\"},\"image\":{\"@id\":\"https:\/\/test.puhdasplus.ee\/lt\/#\/schema\/logo\/image\/\"},\"sameAs\":[\"https:\/\/www.facebook.com\/puhdasplus\",\"https:\/\/www.instagram.com\/puhdasplus_ee\/\"]}]}<\/script>\n<!-- \/ Yoast SEO plugin. -->","yoast_head_json":{"title":"Fermentas 60 kapsuli\u0173 - Puhdas+","description":"Enzimai \u2013 auk\u0161tos kokyb\u0117s maisto papildas su de\u0161im\u010dia vir\u0161kinimo ferment\u0173, palaikantis vir\u0161kinimo sistemos veikl\u0105. Tinka veganams, be pieno produkt\u0173, laktoz\u0117s ir glitimo.","robots":{"index":"noindex","follow":"follow","max-snippet":"max-snippet:-1","max-image-preview":"max-image-preview:large","max-video-preview":"max-video-preview:-1"},"og_locale":"lt_LT","og_type":"article","og_title":"Fermentas 60 kapsuli\u0173 - Puhdas+","og_description":"Enzimai \u2013 auk\u0161tos kokyb\u0117s maisto papildas su de\u0161im\u010dia vir\u0161kinimo ferment\u0173, palaikantis vir\u0161kinimo sistemos veikl\u0105. Tinka veganams, be pieno produkt\u0173, laktoz\u0117s ir glitimo.","og_url":"https:\/\/test.puhdasplus.ee\/lt\/tooted\/specialus-pasiulymai\/fermentas-60-kapsuliu\/","og_site_name":"Puhdas+","article_publisher":"https:\/\/www.facebook.com\/puhdasplus","article_modified_time":"2026-02-27T11:14:37+00:00","og_image":[{"width":1862,"height":2560,"url":"https:\/\/test.puhdasplus.ee\/wp-content\/uploads\/2023\/09\/Untitled-design-6-scaled.png","type":"image\/png"}],"twitter_card":"summary_large_image","twitter_misc":{"Est. reading time":"1 minut\u0117"},"schema":{"@context":"https:\/\/schema.org","@graph":[{"@type":"WebPage","@id":"https:\/\/test.puhdasplus.ee\/lt\/tooted\/specialus-pasiulymai\/fermentas-60-kapsuliu\/","url":"https:\/\/test.puhdasplus.ee\/lt\/tooted\/specialus-pasiulymai\/fermentas-60-kapsuliu\/","name":"Fermentas 60 kapsuli\u0173 - Puhdas+","isPartOf":{"@id":"https:\/\/test.puhdasplus.ee\/lt\/#website"},"primaryImageOfPage":{"@id":"https:\/\/test.puhdasplus.ee\/lt\/tooted\/specialus-pasiulymai\/fermentas-60-kapsuliu\/#primaryimage"},"image":{"@id":"https:\/\/test.puhdasplus.ee\/lt\/tooted\/specialus-pasiulymai\/fermentas-60-kapsuliu\/#primaryimage"},"thumbnailUrl":"https:\/\/test.puhdasplus.ee\/wp-content\/uploads\/2023\/09\/Untitled-design-6-scaled.png","datePublished":"2023-09-08T19:16:04+00:00","dateModified":"2026-02-27T11:14:37+00:00","description":"Enzimai \u2013 auk\u0161tos kokyb\u0117s maisto papildas su de\u0161im\u010dia vir\u0161kinimo ferment\u0173, palaikantis vir\u0161kinimo sistemos veikl\u0105. Tinka veganams, be pieno produkt\u0173, laktoz\u0117s ir glitimo.","breadcrumb":{"@id":"https:\/\/test.puhdasplus.ee\/lt\/tooted\/specialus-pasiulymai\/fermentas-60-kapsuliu\/#breadcrumb"},"inLanguage":"lt-LT","potentialAction":[{"@type":"ReadAction","target":["https:\/\/test.puhdasplus.ee\/lt\/tooted\/specialus-pasiulymai\/fermentas-60-kapsuliu\/"]}]},{"@type":"ImageObject","inLanguage":"lt-LT","@id":"https:\/\/test.puhdasplus.ee\/lt\/tooted\/specialus-pasiulymai\/fermentas-60-kapsuliu\/#primaryimage","url":"https:\/\/test.puhdasplus.ee\/wp-content\/uploads\/2023\/09\/Untitled-design-6-scaled.png","contentUrl":"https:\/\/test.puhdasplus.ee\/wp-content\/uploads\/2023\/09\/Untitled-design-6-scaled.png","width":1862,"height":2560,"caption":"stiprus fermentas"},{"@type":"BreadcrumbList","@id":"https:\/\/test.puhdasplus.ee\/lt\/tooted\/specialus-pasiulymai\/fermentas-60-kapsuliu\/#breadcrumb","itemListElement":[{"@type":"ListItem","position":1,"name":"Prad\u017eia","item":"https:\/\/test.puhdasplus.ee\/lt\/"},{"@type":"ListItem","position":2,"name":"Produktai","item":"https:\/\/test.puhdasplus.ee\/lt\/parduotuve\/"},{"@type":"ListItem","position":3,"name":"Fermentas 60 kapsuli\u0173"}]},{"@type":"WebSite","@id":"https:\/\/test.puhdasplus.ee\/lt\/#website","url":"https:\/\/test.puhdasplus.ee\/lt\/","name":"Puhdas+","description":"Vitamiinid, Toidulisandid, looduskosmeetika, tervis, sport","publisher":{"@id":"https:\/\/test.puhdasplus.ee\/lt\/#organization"},"potentialAction":[{"@type":"SearchAction","target":{"@type":"EntryPoint","urlTemplate":"https:\/\/test.puhdasplus.ee\/lt\/?s={search_term_string}"},"query-input":{"@type":"PropertyValueSpecification","valueRequired":true,"valueName":"search_term_string"}}],"inLanguage":"lt-LT"},{"@type":"Organization","@id":"https:\/\/test.puhdasplus.ee\/lt\/#organization","name":"Puhdas+","alternateName":"Puhdasplus","url":"https:\/\/test.puhdasplus.ee\/lt\/","logo":{"@type":"ImageObject","inLanguage":"lt-LT","@id":"https:\/\/test.puhdasplus.ee\/lt\/#\/schema\/logo\/image\/","url":"https:\/\/test.puhdasplus.ee\/\/wp-content\/uploads\/2019\/10\/puhdas_logo-arvele.png","contentUrl":"https:\/\/test.puhdasplus.ee\/\/wp-content\/uploads\/2019\/10\/puhdas_logo-arvele.png","width":114,"height":94,"caption":"Puhdas+"},"image":{"@id":"https:\/\/test.puhdasplus.ee\/lt\/#\/schema\/logo\/image\/"},"sameAs":["https:\/\/www.facebook.com\/puhdasplus","https:\/\/www.instagram.com\/puhdasplus_ee\/"]}]}},"_links":{"self":[{"href":"https:\/\/test.puhdasplus.ee\/lt\/wp-json\/wp\/v2\/product\/33603","targetHints":{"allow":["GET"]}}],"collection":[{"href":"https:\/\/test.puhdasplus.ee\/lt\/wp-json\/wp\/v2\/product"}],"about":[{"href":"https:\/\/test.puhdasplus.ee\/lt\/wp-json\/wp\/v2\/types\/product"}],"replies":[{"embeddable":true,"href":"https:\/\/test.puhdasplus.ee\/lt\/wp-json\/wp\/v2\/comments?post=33603"}],"wp:featuredmedia":[{"embeddable":true,"href":"https:\/\/test.puhdasplus.ee\/lt\/wp-json\/wp\/v2\/media\/33607"}],"wp:attachment":[{"href":"https:\/\/test.puhdasplus.ee\/lt\/wp-json\/wp\/v2\/media?parent=33603"}],"wp:term":[{"taxonomy":"product_brand","embeddable":true,"href":"https:\/\/test.puhdasplus.ee\/lt\/wp-json\/wp\/v2\/product_brand?post=33603"},{"taxonomy":"product_cat","embeddable":true,"href":"https:\/\/test.puhdasplus.ee\/lt\/wp-json\/wp\/v2\/product_cat?post=33603"},{"taxonomy":"product_tag","embeddable":true,"href":"https:\/\/test.puhdasplus.ee\/lt\/wp-json\/wp\/v2\/product_tag?post=33603"}],"curies":[{"name":"wp","href":"https:\/\/api.w.org\/{rel}","templated":true}]}}