{"id":33578,"date":"2023-09-08T09:31:36","date_gmt":"2023-09-08T06:31:36","guid":{"rendered":"https:\/\/test.puhdasplus.ee\/\/tooted\/be-kategorijos\/cla-800-mg-90-kapsuliu\/"},"modified":"2026-02-27T13:09:52","modified_gmt":"2026-02-27T11:09:52","slug":"cla-800-mg-90-kapsuliu","status":"publish","type":"product","link":"https:\/\/test.puhdasplus.ee\/lt\/tooted\/sportas\/cla-800-mg-90-kapsuliu\/","title":{"rendered":"CLA 800 mg 90 kapsuli\u0173"},"content":{"rendered":"<h3 data-start=\"127\" data-end=\"554\"><b>Kas yra \u201ePure+ CLA 800 mg\u201c?<\/b><\/h3>\n<p class=\"p1\"><span class=\"s1\"><b>\u201ePure+ CLA 800 mg\u201c<\/b><\/span> yra auk\u0161tos kokyb\u0117s maisto papildas, kurio sud\u0117tyje yra konjuguotos linolo r\u016bg\u0161ties (CLA) \u2013 nat\u016bralios riebal\u0173 r\u016bg\u0161ties, daugiausia randamos jautienoje ir pieno produktuose. CLA yra omega-6 riebal\u0173 r\u016bg\u0161ties forma, kuri\u0105 organizmas naudoja \u012fvairiuose med\u017eiag\u0173 apykaitos procesuose. \u0160iuolaikin\u0117je mityboje gali b\u016bti ma\u017eai CLA, tod\u0117l papildo vartojimas gali b\u016bti geras b\u016bdas u\u017etikrinti pakankam\u0105 \u0161io junginio kiek\u012f.  <\/p>\n<p data-start=\"556\" data-end=\"578\"><strong data-start=\"556\" data-end=\"578\">Pagrindin\u0117s savyb\u0117s:<\/strong><\/p>\n<ul data-start=\"579\" data-end=\"862\">\n<li data-start=\"579\" data-end=\"687\"><strong data-start=\"581\" data-end=\"616\">Konjuguota linolo r\u016bg\u0161tis (CLA):<\/strong> Palaiko med\u017eiag\u0173 apykait\u0105 ir gali pad\u0117ti palaikyti sveik\u0105 k\u016bno sud\u0117t\u012f.<\/li>\n<li data-start=\"688\" data-end=\"795\"><strong data-start=\"690\" data-end=\"714\">Auk\u0161tos kokyb\u0117s \u0161altinis:<\/strong> Pagaminta i\u0161 auk\u0161tos kokyb\u0117s CLA, gautos i\u0161 nat\u016brali\u0173 \u0161altini\u0173.<\/li>\n<li data-start=\"796\" data-end=\"862\"><strong data-start=\"798\" data-end=\"819\">Lengva naudoti:<\/strong> patogios kapsul\u0117s kasdieniam naudojimui.<\/li>\n<\/ul>\n<h3 data-start=\"127\" data-end=\"554\"><b>Kod\u0117l verta vartoti CLA papild\u0105?<\/b><\/h3>\n<p class=\"p1\">CLA arba konjuguota linolo r\u016bg\u0161tis yra nat\u016braliai organizme susidarantis junginys, priklausantis nepakei\u010diamosioms riebal\u0173 r\u016bg\u0161tims. Jos naudojimas buvo tirtas atsi\u017evelgiant \u012f: <\/p>\n<ul>\n<li>\n<p class=\"p1\"><b>med\u017eiag\u0173 apykaitos procesai<\/b><b><\/b><\/p>\n<\/li>\n<li>\n<p class=\"p1\"><b>palaikant lipid\u0173 pusiausvyr\u0105<\/b><b><\/b><\/p>\n<\/li>\n<li>\n<p class=\"p1\"><b>su riebal\u0173 r\u016bg\u0161\u010di\u0173 metabolizmu organizme<\/b><\/p>\n<\/li>\n<\/ul>\n<p class=\"p1\">\u201ePure+ CLA\u201c maisto papildas sud\u0117tyje turi 80 % CLA i\u0161 nat\u016bralaus dygmin\u0173 aliejaus ir yra lengvai vartojamas kasdien.<\/p>\n<h3 data-start=\"127\" data-end=\"554\"><\/h3>\n<h3 data-start=\"127\" data-end=\"554\"><b>Kam tinka \u201ePure+ CLA\u201c?<\/b><\/h3>\n<p class=\"p1\">Produktas tinka:<\/p>\n<ul>\n<li>\n<p class=\"p1\">Suaugusiesiems, norintiems papildyti savo kasdien\u0119 mityb\u0105<\/p>\n<\/li>\n<li>\n<p class=\"p1\">Fizi\u0161kai aktyviems \u017emon\u0117ms, ie\u0161kantiems riebal\u0173 r\u016bg\u0161\u010di\u0173 \u0161altinio be pried\u0173<\/p>\n<\/li>\n<li>\n<p class=\"p1\">Tiems, kurie vertina grynus ingredientus ir patogi\u0105 kapsul\u0117s form\u0105<\/p>\n<\/li>\n<\/ul>\n<p data-start=\"864\" data-end=\"1109\">\n<p data-start=\"864\" data-end=\"1109\"><strong data-start=\"864\" data-end=\"879\">Vartojimas:<\/strong> Suaugusiesiems rekomenduojama gerti po 3 kapsules per dien\u0105 valgio metu. Nevir\u0161ykite rekomenduojamos paros doz\u0117s. Maisto papildas nepakei\u010dia \u012fvairios ir subalansuotos mitybos ar sveiko gyvenimo b\u016bdo. Laikyti vaikams nepasiekiamoje vietoje.   <\/p>\n<p data-start=\"1111\" data-end=\"1267\"><strong data-start=\"1111\" data-end=\"1127\">Sudedamosios dalys:<\/strong> dygmin\u0173 aliejus (80 % konjuguotos linolo r\u016bg\u0161ties \u2013 CLA), galvij\u0173 \u017eelatina, dr\u0117gm\u0119 i\u0161laikanti med\u017eiaga (glicerolis), vanduo. Sud\u0117tyje n\u0117ra pieno, laktoz\u0117s, mieli\u0173 ar glitimo. Sud\u0117tyje n\u0117ra cukraus, druskos, krakmolo, kukur\u016bz\u0173, sojos ar saldikli\u0173.  <\/p>\n<p data-start=\"1269\" data-end=\"1305\"><strong data-start=\"1269\" data-end=\"1305\">1 porcijoje (3 kapsul\u0117se) yra:<\/strong><\/p>\n<ul data-start=\"1306\" data-end=\"1433\">\n<li data-start=\"1306\" data-end=\"1328\"><strong>Dygmin\u0173 aliejus: 3000 mg<\/strong><br \/>\n \u2013 i\u0161 kuri\u0173 konjuguotos linolo r\u016bg\u0161ties <strong>(CLA): 2400 mg<\/strong><\/li>\n<\/ul>\n<h2>Geras derinys su kitais produktais<\/h2>\n<ul>\n<li><strong data-start=\"1044\" data-end=\"1090\">\u201ePure+ <a href=\"https:\/\/test.puhdasplus.ee\/\/tooted\/mineraalained\/magneesium\/magneesiumglutsinaadi-pulber-200g\/\">\u201c magnio glicinato milteliai 200 g<\/a> <\/strong>\n<p class=\"p1\">Magnis padeda palaikyti normali\u0105 raumen\u0173 funkcij\u0105 ir ma\u017eina nuovarg\u012f bei i\u0161sekim\u0105. CLA ir magnis gali b\u016bti vartojami kartu, siekiant palaikyti fizi\u0161kai aktyv\u0173 gyvenimo b\u016bd\u0105. <\/p>\n<\/li>\n<\/ul>\n","protected":false},"excerpt":{"rendered":"<p class=\"p1\"><span class=\"s1\"><b>\u201ePure+ CLA 800 mg\u201c<\/b><\/span> yra auk\u0161tos kokyb\u0117s maisto papildas, kurio sud\u0117tyje yra konjuguotos linolo r\u016bg\u0161ties (CLA) \u2013 nat\u016bralios riebal\u0173 r\u016bg\u0161ties, kuri padeda palaikyti med\u017eiag\u0173 apykait\u0105 ir sveik\u0105 k\u016bno form\u0105. Patogios kapsul\u0117s puikiai tinka kasdieniam vartojimui kaip s\u0105moningo ir aktyvaus gyvenimo b\u016bdo dalis. <\/p>\n","protected":false},"featured_media":33581,"comment_status":"closed","ping_status":"closed","template":"","meta":{"_acf_changed":false},"product_brand":[],"product_cat":[3016,3318],"product_tag":[3320,3859,3860,3863,3857,3861,3862,3858,3864],"class_list":{"0":"post-33578","1":"product","2":"type-product","3":"status-publish","4":"has-post-thumbnail","6":"product_cat-sportas","7":"product_cat-virskinimas-ir-medziagu-apykaita","8":"product_tag-be-glitimo","9":"product_tag-kla","10":"product_tag-konjuguota-linolo-rugstis","11":"product_tag-kuno-svoris","12":"product_tag-metabolizmas","13":"product_tag-naturali-riebalu-rugstis","14":"product_tag-palaikyti-forma","15":"product_tag-virskinimas","16":"product_tag-virskinimas-ir-medziagu-apykaita","18":"first","19":"onbackorder","20":"taxable","21":"shipping-taxable","22":"purchasable","23":"product-type-simple"},"acf":[],"yoast_head":"<!-- This site is optimized with the Yoast SEO plugin v27.1.1 - https:\/\/yoast.com\/product\/yoast-seo-wordpress\/ -->\n<title>CLA 800 mg 90 kapsuli\u0173 - Puhdas+<\/title>\n<meta name=\"description\" content=\"CLA 800 mg papildas palaiko riebal\u0173 apykait\u0105, padeda suma\u017einti k\u016bno riebalus ir i\u0161saugoti raumen\u0173 mas\u0119. Idealiai tinka svorio metimui ir k\u016bno formavimui.\" \/>\n<meta name=\"robots\" content=\"noindex, follow, max-snippet:-1, max-image-preview:large, max-video-preview:-1\" \/>\n<meta property=\"og:locale\" content=\"lt_LT\" \/>\n<meta property=\"og:type\" content=\"article\" \/>\n<meta property=\"og:title\" content=\"CLA 800 mg 90 kapsuli\u0173 - Puhdas+\" \/>\n<meta property=\"og:description\" content=\"CLA 800 mg papildas palaiko riebal\u0173 apykait\u0105, padeda suma\u017einti k\u016bno riebalus ir i\u0161saugoti raumen\u0173 mas\u0119. Idealiai tinka svorio metimui ir k\u016bno formavimui.\" \/>\n<meta property=\"og:url\" content=\"https:\/\/test.puhdasplus.ee\/lt\/tooted\/sportas\/cla-800-mg-90-kapsuliu\/\" \/>\n<meta property=\"og:site_name\" content=\"Puhdas+\" \/>\n<meta property=\"article:publisher\" content=\"https:\/\/www.facebook.com\/puhdasplus\" \/>\n<meta property=\"article:modified_time\" content=\"2026-02-27T11:09:52+00:00\" \/>\n<meta property=\"og:image\" content=\"https:\/\/test.puhdasplus.ee\/wp-content\/uploads\/2025\/03\/93.jpg\" \/>\n\t<meta property=\"og:image:width\" content=\"1862\" \/>\n\t<meta property=\"og:image:height\" content=\"2560\" \/>\n\t<meta property=\"og:image:type\" content=\"image\/jpeg\" \/>\n<meta name=\"twitter:card\" content=\"summary_large_image\" \/>\n<meta name=\"twitter:label1\" content=\"Est. reading time\" \/>\n\t<meta name=\"twitter:data1\" content=\"2 minut\u0117\" \/>\n<script type=\"application\/ld+json\" class=\"yoast-schema-graph\">{\"@context\":\"https:\/\/schema.org\",\"@graph\":[{\"@type\":\"WebPage\",\"@id\":\"https:\/\/test.puhdasplus.ee\/lt\/tooted\/sportas\/cla-800-mg-90-kapsuliu\/\",\"url\":\"https:\/\/test.puhdasplus.ee\/lt\/tooted\/sportas\/cla-800-mg-90-kapsuliu\/\",\"name\":\"CLA 800 mg 90 kapsuli\u0173 - Puhdas+\",\"isPartOf\":{\"@id\":\"https:\/\/test.puhdasplus.ee\/lt\/#website\"},\"primaryImageOfPage\":{\"@id\":\"https:\/\/test.puhdasplus.ee\/lt\/tooted\/sportas\/cla-800-mg-90-kapsuliu\/#primaryimage\"},\"image\":{\"@id\":\"https:\/\/test.puhdasplus.ee\/lt\/tooted\/sportas\/cla-800-mg-90-kapsuliu\/#primaryimage\"},\"thumbnailUrl\":\"https:\/\/test.puhdasplus.ee\/wp-content\/uploads\/2025\/03\/93.jpg\",\"datePublished\":\"2023-09-08T06:31:36+00:00\",\"dateModified\":\"2026-02-27T11:09:52+00:00\",\"description\":\"CLA 800 mg papildas palaiko riebal\u0173 apykait\u0105, padeda suma\u017einti k\u016bno riebalus ir i\u0161saugoti raumen\u0173 mas\u0119. Idealiai tinka svorio metimui ir k\u016bno formavimui.\",\"breadcrumb\":{\"@id\":\"https:\/\/test.puhdasplus.ee\/lt\/tooted\/sportas\/cla-800-mg-90-kapsuliu\/#breadcrumb\"},\"inLanguage\":\"lt-LT\",\"potentialAction\":[{\"@type\":\"ReadAction\",\"target\":[\"https:\/\/test.puhdasplus.ee\/lt\/tooted\/sportas\/cla-800-mg-90-kapsuliu\/\"]}]},{\"@type\":\"ImageObject\",\"inLanguage\":\"lt-LT\",\"@id\":\"https:\/\/test.puhdasplus.ee\/lt\/tooted\/sportas\/cla-800-mg-90-kapsuliu\/#primaryimage\",\"url\":\"https:\/\/test.puhdasplus.ee\/wp-content\/uploads\/2025\/03\/93.jpg\",\"contentUrl\":\"https:\/\/test.puhdasplus.ee\/wp-content\/uploads\/2025\/03\/93.jpg\",\"width\":1862,\"height\":2560,\"caption\":\"CLA 800 mg\"},{\"@type\":\"BreadcrumbList\",\"@id\":\"https:\/\/test.puhdasplus.ee\/lt\/tooted\/sportas\/cla-800-mg-90-kapsuliu\/#breadcrumb\",\"itemListElement\":[{\"@type\":\"ListItem\",\"position\":1,\"name\":\"Prad\u017eia\",\"item\":\"https:\/\/test.puhdasplus.ee\/lt\/\"},{\"@type\":\"ListItem\",\"position\":2,\"name\":\"Produktai\",\"item\":\"https:\/\/test.puhdasplus.ee\/lt\/parduotuve\/\"},{\"@type\":\"ListItem\",\"position\":3,\"name\":\"CLA 800 mg 90 kapsuli\u0173\"}]},{\"@type\":\"WebSite\",\"@id\":\"https:\/\/test.puhdasplus.ee\/lt\/#website\",\"url\":\"https:\/\/test.puhdasplus.ee\/lt\/\",\"name\":\"Puhdas+\",\"description\":\"Vitamiinid, Toidulisandid, looduskosmeetika, tervis, sport\",\"publisher\":{\"@id\":\"https:\/\/test.puhdasplus.ee\/lt\/#organization\"},\"potentialAction\":[{\"@type\":\"SearchAction\",\"target\":{\"@type\":\"EntryPoint\",\"urlTemplate\":\"https:\/\/test.puhdasplus.ee\/lt\/?s={search_term_string}\"},\"query-input\":{\"@type\":\"PropertyValueSpecification\",\"valueRequired\":true,\"valueName\":\"search_term_string\"}}],\"inLanguage\":\"lt-LT\"},{\"@type\":\"Organization\",\"@id\":\"https:\/\/test.puhdasplus.ee\/lt\/#organization\",\"name\":\"Puhdas+\",\"alternateName\":\"Puhdasplus\",\"url\":\"https:\/\/test.puhdasplus.ee\/lt\/\",\"logo\":{\"@type\":\"ImageObject\",\"inLanguage\":\"lt-LT\",\"@id\":\"https:\/\/test.puhdasplus.ee\/lt\/#\/schema\/logo\/image\/\",\"url\":\"https:\/\/test.puhdasplus.ee\/\/wp-content\/uploads\/2019\/10\/puhdas_logo-arvele.png\",\"contentUrl\":\"https:\/\/test.puhdasplus.ee\/\/wp-content\/uploads\/2019\/10\/puhdas_logo-arvele.png\",\"width\":114,\"height\":94,\"caption\":\"Puhdas+\"},\"image\":{\"@id\":\"https:\/\/test.puhdasplus.ee\/lt\/#\/schema\/logo\/image\/\"},\"sameAs\":[\"https:\/\/www.facebook.com\/puhdasplus\",\"https:\/\/www.instagram.com\/puhdasplus_ee\/\"]}]}<\/script>\n<!-- \/ Yoast SEO plugin. -->","yoast_head_json":{"title":"CLA 800 mg 90 kapsuli\u0173 - Puhdas+","description":"CLA 800 mg papildas palaiko riebal\u0173 apykait\u0105, padeda suma\u017einti k\u016bno riebalus ir i\u0161saugoti raumen\u0173 mas\u0119. Idealiai tinka svorio metimui ir k\u016bno formavimui.","robots":{"index":"noindex","follow":"follow","max-snippet":"max-snippet:-1","max-image-preview":"max-image-preview:large","max-video-preview":"max-video-preview:-1"},"og_locale":"lt_LT","og_type":"article","og_title":"CLA 800 mg 90 kapsuli\u0173 - Puhdas+","og_description":"CLA 800 mg papildas palaiko riebal\u0173 apykait\u0105, padeda suma\u017einti k\u016bno riebalus ir i\u0161saugoti raumen\u0173 mas\u0119. Idealiai tinka svorio metimui ir k\u016bno formavimui.","og_url":"https:\/\/test.puhdasplus.ee\/lt\/tooted\/sportas\/cla-800-mg-90-kapsuliu\/","og_site_name":"Puhdas+","article_publisher":"https:\/\/www.facebook.com\/puhdasplus","article_modified_time":"2026-02-27T11:09:52+00:00","og_image":[{"width":1862,"height":2560,"url":"https:\/\/test.puhdasplus.ee\/wp-content\/uploads\/2025\/03\/93.jpg","type":"image\/jpeg"}],"twitter_card":"summary_large_image","twitter_misc":{"Est. reading time":"2 minut\u0117"},"schema":{"@context":"https:\/\/schema.org","@graph":[{"@type":"WebPage","@id":"https:\/\/test.puhdasplus.ee\/lt\/tooted\/sportas\/cla-800-mg-90-kapsuliu\/","url":"https:\/\/test.puhdasplus.ee\/lt\/tooted\/sportas\/cla-800-mg-90-kapsuliu\/","name":"CLA 800 mg 90 kapsuli\u0173 - Puhdas+","isPartOf":{"@id":"https:\/\/test.puhdasplus.ee\/lt\/#website"},"primaryImageOfPage":{"@id":"https:\/\/test.puhdasplus.ee\/lt\/tooted\/sportas\/cla-800-mg-90-kapsuliu\/#primaryimage"},"image":{"@id":"https:\/\/test.puhdasplus.ee\/lt\/tooted\/sportas\/cla-800-mg-90-kapsuliu\/#primaryimage"},"thumbnailUrl":"https:\/\/test.puhdasplus.ee\/wp-content\/uploads\/2025\/03\/93.jpg","datePublished":"2023-09-08T06:31:36+00:00","dateModified":"2026-02-27T11:09:52+00:00","description":"CLA 800 mg papildas palaiko riebal\u0173 apykait\u0105, padeda suma\u017einti k\u016bno riebalus ir i\u0161saugoti raumen\u0173 mas\u0119. Idealiai tinka svorio metimui ir k\u016bno formavimui.","breadcrumb":{"@id":"https:\/\/test.puhdasplus.ee\/lt\/tooted\/sportas\/cla-800-mg-90-kapsuliu\/#breadcrumb"},"inLanguage":"lt-LT","potentialAction":[{"@type":"ReadAction","target":["https:\/\/test.puhdasplus.ee\/lt\/tooted\/sportas\/cla-800-mg-90-kapsuliu\/"]}]},{"@type":"ImageObject","inLanguage":"lt-LT","@id":"https:\/\/test.puhdasplus.ee\/lt\/tooted\/sportas\/cla-800-mg-90-kapsuliu\/#primaryimage","url":"https:\/\/test.puhdasplus.ee\/wp-content\/uploads\/2025\/03\/93.jpg","contentUrl":"https:\/\/test.puhdasplus.ee\/wp-content\/uploads\/2025\/03\/93.jpg","width":1862,"height":2560,"caption":"CLA 800 mg"},{"@type":"BreadcrumbList","@id":"https:\/\/test.puhdasplus.ee\/lt\/tooted\/sportas\/cla-800-mg-90-kapsuliu\/#breadcrumb","itemListElement":[{"@type":"ListItem","position":1,"name":"Prad\u017eia","item":"https:\/\/test.puhdasplus.ee\/lt\/"},{"@type":"ListItem","position":2,"name":"Produktai","item":"https:\/\/test.puhdasplus.ee\/lt\/parduotuve\/"},{"@type":"ListItem","position":3,"name":"CLA 800 mg 90 kapsuli\u0173"}]},{"@type":"WebSite","@id":"https:\/\/test.puhdasplus.ee\/lt\/#website","url":"https:\/\/test.puhdasplus.ee\/lt\/","name":"Puhdas+","description":"Vitamiinid, Toidulisandid, looduskosmeetika, tervis, sport","publisher":{"@id":"https:\/\/test.puhdasplus.ee\/lt\/#organization"},"potentialAction":[{"@type":"SearchAction","target":{"@type":"EntryPoint","urlTemplate":"https:\/\/test.puhdasplus.ee\/lt\/?s={search_term_string}"},"query-input":{"@type":"PropertyValueSpecification","valueRequired":true,"valueName":"search_term_string"}}],"inLanguage":"lt-LT"},{"@type":"Organization","@id":"https:\/\/test.puhdasplus.ee\/lt\/#organization","name":"Puhdas+","alternateName":"Puhdasplus","url":"https:\/\/test.puhdasplus.ee\/lt\/","logo":{"@type":"ImageObject","inLanguage":"lt-LT","@id":"https:\/\/test.puhdasplus.ee\/lt\/#\/schema\/logo\/image\/","url":"https:\/\/test.puhdasplus.ee\/\/wp-content\/uploads\/2019\/10\/puhdas_logo-arvele.png","contentUrl":"https:\/\/test.puhdasplus.ee\/\/wp-content\/uploads\/2019\/10\/puhdas_logo-arvele.png","width":114,"height":94,"caption":"Puhdas+"},"image":{"@id":"https:\/\/test.puhdasplus.ee\/lt\/#\/schema\/logo\/image\/"},"sameAs":["https:\/\/www.facebook.com\/puhdasplus","https:\/\/www.instagram.com\/puhdasplus_ee\/"]}]}},"_links":{"self":[{"href":"https:\/\/test.puhdasplus.ee\/lt\/wp-json\/wp\/v2\/product\/33578","targetHints":{"allow":["GET"]}}],"collection":[{"href":"https:\/\/test.puhdasplus.ee\/lt\/wp-json\/wp\/v2\/product"}],"about":[{"href":"https:\/\/test.puhdasplus.ee\/lt\/wp-json\/wp\/v2\/types\/product"}],"replies":[{"embeddable":true,"href":"https:\/\/test.puhdasplus.ee\/lt\/wp-json\/wp\/v2\/comments?post=33578"}],"wp:featuredmedia":[{"embeddable":true,"href":"https:\/\/test.puhdasplus.ee\/lt\/wp-json\/wp\/v2\/media\/33581"}],"wp:attachment":[{"href":"https:\/\/test.puhdasplus.ee\/lt\/wp-json\/wp\/v2\/media?parent=33578"}],"wp:term":[{"taxonomy":"product_brand","embeddable":true,"href":"https:\/\/test.puhdasplus.ee\/lt\/wp-json\/wp\/v2\/product_brand?post=33578"},{"taxonomy":"product_cat","embeddable":true,"href":"https:\/\/test.puhdasplus.ee\/lt\/wp-json\/wp\/v2\/product_cat?post=33578"},{"taxonomy":"product_tag","embeddable":true,"href":"https:\/\/test.puhdasplus.ee\/lt\/wp-json\/wp\/v2\/product_tag?post=33578"}],"curies":[{"name":"wp","href":"https:\/\/api.w.org\/{rel}","templated":true}]}}