{"id":33542,"date":"2023-09-04T13:34:24","date_gmt":"2023-09-04T10:34:24","guid":{"rendered":"https:\/\/test.puhdasplus.ee\/\/tooted\/be-kategorijos\/prabangus-drekinamasis-serumas-30-ml\/"},"modified":"2026-02-27T13:11:33","modified_gmt":"2026-02-27T11:11:33","slug":"prabangus-drekinamasis-serumas-30-ml","status":"publish","type":"product","link":"https:\/\/test.puhdasplus.ee\/lt\/tooted\/kosmetika-lt\/prabangus-drekinamasis-serumas-30-ml\/","title":{"rendered":"Prabangus dr\u0117kinamasis serumas 30 ml"},"content":{"rendered":"<h3>\u0160viesinantis ir dr\u0117kinantis veido serumas<\/h3>\n<p>\u201eLuxury Glow Booster Serum\u201c \u2013 tai prabangus odos prie\u017ei\u016bros serumas, suteikiantis odai akimirksniu \u0161vyt\u0117jimo ir jaunatvi\u0161ko atspalvio. Unikali serumo formul\u0117 praturtinta galingais antioksidantais ir maitinamaisiais veikliosiomis med\u017eiagomis, kurios padeda i\u0161lyginti odos atspalv\u012f, giliai dr\u0117kina ir skatina kolageno gamyb\u0105. Lengva ir greitai \u012fsigerianti tekst\u016bra puikiai tinka kasdieniam naudojimui, oda tampa lygi, elastinga ir gra\u017eiai spindinti. Tinka visiems odos tipams, ypa\u010d papilk\u0117jusiai ir negyvybingai odai.   <\/p>\n<p data-start=\"658\" data-end=\"682\"><strong data-start=\"658\" data-end=\"680\">Naudojimo instrukcijos:<\/strong><\/p>\n<ol data-start=\"683\" data-end=\"953\">\n<li data-start=\"683\" data-end=\"736\">Prie\u0161 tepdami serum\u0105, nuvalykite ir nusausinkite od\u0105.<\/li>\n<li data-start=\"737\" data-end=\"832\">U\u017etepkite 2\u20133 la\u0161us serumo ant veido ir kaklo odos ir \u0161velniai masa\u017euokite, kol \u012fsigers.<\/li>\n<li data-start=\"833\" data-end=\"892\">Naudokite ryte ir (arba) vakare prie\u0161 dr\u0117kinam\u0105j\u012f krem\u0105.<\/li>\n<li data-start=\"893\" data-end=\"953\">Geriausiems rezultatams pasiekti naudokite reguliariai.<\/li>\n<\/ol>\n<p data-start=\"955\" data-end=\"1138\"><strong data-start=\"955\" data-end=\"971\">Sudedamosios dalys:<\/strong><br data-start=\"971\" data-end=\"974\"> Vanduo, hialurono r\u016bg\u0161tis, vitaminas C, niacinamidas, glicerinas, alavijo (Aloe Barbadensis) lap\u0173 sultys, simondsij\u0173 aliejus, nat\u016bral\u016bs ekstraktai, vitaminas E, fenoksietanolis, etilheksilglicerinas.<\/p>\n","protected":false},"excerpt":{"rendered":"<p>Prabangus skaistinamasis ir dr\u0117kinamasis serumas, kuris suvienodina odos atspalv\u012f ir atkuria gyvybingum\u0105.<\/p>\n","protected":false},"featured_media":33547,"comment_status":"closed","ping_status":"closed","template":"","meta":{"_acf_changed":false},"product_brand":[],"product_cat":[2582],"product_tag":[2930,3791,2577,2690,2929,2668,2886,2669,3789,3790,2694],"class_list":{"0":"post-33542","1":"product","2":"type-product","3":"status-publish","4":"has-post-thumbnail","6":"product_cat-kosmetika-lt","7":"product_tag-drekinamasis-serumas","8":"product_tag-gausu-antioksidantu","9":"product_tag-grynas-grozis","10":"product_tag-hialurono-rugstis","11":"product_tag-naturali-prieziura","12":"product_tag-odos-elastingumas","13":"product_tag-odos-prieziura","14":"product_tag-rauksliu-prevencijos-priemone","15":"product_tag-skaistinantis-serumas","16":"product_tag-svytejimo-stiprintuvas","17":"product_tag-vitaminas-c","19":"first","20":"onbackorder","21":"taxable","22":"shipping-taxable","23":"purchasable","24":"product-type-simple"},"acf":[],"yoast_head":"<!-- This site is optimized with the Yoast SEO plugin v27.1.1 - https:\/\/yoast.com\/product\/yoast-seo-wordpress\/ -->\n<title>Prabangus dr\u0117kinamasis serumas 30 ml - Puhdas+<\/title>\n<meta name=\"description\" content=\"Prabangus \u0161vyt\u0117jimo suteikiantis serumas akimirksniu suteikia odai \u0161vyt\u0117jimo, giliai dr\u0117kina ir suvienodina odos atspalv\u012f. Sud\u0117tyje yra vitamino Cd ir hialurono r\u016bg\u0161ties!\" \/>\n<meta name=\"robots\" content=\"noindex, follow, max-snippet:-1, max-image-preview:large, max-video-preview:-1\" \/>\n<meta property=\"og:locale\" content=\"lt_LT\" \/>\n<meta property=\"og:type\" content=\"article\" \/>\n<meta property=\"og:title\" content=\"Prabangus dr\u0117kinamasis serumas 30 ml - Puhdas+\" \/>\n<meta property=\"og:description\" content=\"Prabangus \u0161vyt\u0117jimo suteikiantis serumas akimirksniu suteikia odai \u0161vyt\u0117jimo, giliai dr\u0117kina ir suvienodina odos atspalv\u012f. Sud\u0117tyje yra vitamino Cd ir hialurono r\u016bg\u0161ties!\" \/>\n<meta property=\"og:url\" content=\"https:\/\/test.puhdasplus.ee\/lt\/tooted\/kosmetika-lt\/prabangus-drekinamasis-serumas-30-ml\/\" \/>\n<meta property=\"og:site_name\" content=\"Puhdas+\" \/>\n<meta property=\"article:publisher\" content=\"https:\/\/www.facebook.com\/puhdasplus\" \/>\n<meta property=\"article:modified_time\" content=\"2026-02-27T11:11:33+00:00\" \/>\n<meta property=\"og:image\" content=\"https:\/\/test.puhdasplus.ee\/wp-content\/uploads\/2025\/03\/120.jpg\" \/>\n\t<meta property=\"og:image:width\" content=\"1862\" \/>\n\t<meta property=\"og:image:height\" content=\"2560\" \/>\n\t<meta property=\"og:image:type\" content=\"image\/jpeg\" \/>\n<meta name=\"twitter:card\" content=\"summary_large_image\" \/>\n<meta name=\"twitter:label1\" content=\"Est. reading time\" \/>\n\t<meta name=\"twitter:data1\" content=\"1 minut\u0117\" \/>\n<script type=\"application\/ld+json\" class=\"yoast-schema-graph\">{\"@context\":\"https:\/\/schema.org\",\"@graph\":[{\"@type\":\"WebPage\",\"@id\":\"https:\/\/test.puhdasplus.ee\/lt\/tooted\/kosmetika-lt\/prabangus-drekinamasis-serumas-30-ml\/\",\"url\":\"https:\/\/test.puhdasplus.ee\/lt\/tooted\/kosmetika-lt\/prabangus-drekinamasis-serumas-30-ml\/\",\"name\":\"Prabangus dr\u0117kinamasis serumas 30 ml - Puhdas+\",\"isPartOf\":{\"@id\":\"https:\/\/test.puhdasplus.ee\/lt\/#website\"},\"primaryImageOfPage\":{\"@id\":\"https:\/\/test.puhdasplus.ee\/lt\/tooted\/kosmetika-lt\/prabangus-drekinamasis-serumas-30-ml\/#primaryimage\"},\"image\":{\"@id\":\"https:\/\/test.puhdasplus.ee\/lt\/tooted\/kosmetika-lt\/prabangus-drekinamasis-serumas-30-ml\/#primaryimage\"},\"thumbnailUrl\":\"https:\/\/test.puhdasplus.ee\/wp-content\/uploads\/2025\/03\/120.jpg\",\"datePublished\":\"2023-09-04T10:34:24+00:00\",\"dateModified\":\"2026-02-27T11:11:33+00:00\",\"description\":\"Prabangus \u0161vyt\u0117jimo suteikiantis serumas akimirksniu suteikia odai \u0161vyt\u0117jimo, giliai dr\u0117kina ir suvienodina odos atspalv\u012f. Sud\u0117tyje yra vitamino Cd ir hialurono r\u016bg\u0161ties!\",\"breadcrumb\":{\"@id\":\"https:\/\/test.puhdasplus.ee\/lt\/tooted\/kosmetika-lt\/prabangus-drekinamasis-serumas-30-ml\/#breadcrumb\"},\"inLanguage\":\"lt-LT\",\"potentialAction\":[{\"@type\":\"ReadAction\",\"target\":[\"https:\/\/test.puhdasplus.ee\/lt\/tooted\/kosmetika-lt\/prabangus-drekinamasis-serumas-30-ml\/\"]}]},{\"@type\":\"ImageObject\",\"inLanguage\":\"lt-LT\",\"@id\":\"https:\/\/test.puhdasplus.ee\/lt\/tooted\/kosmetika-lt\/prabangus-drekinamasis-serumas-30-ml\/#primaryimage\",\"url\":\"https:\/\/test.puhdasplus.ee\/wp-content\/uploads\/2025\/03\/120.jpg\",\"contentUrl\":\"https:\/\/test.puhdasplus.ee\/wp-content\/uploads\/2025\/03\/120.jpg\",\"width\":1862,\"height\":2560,\"caption\":\"Prabangus dr\u0117kinamasis serumas\"},{\"@type\":\"BreadcrumbList\",\"@id\":\"https:\/\/test.puhdasplus.ee\/lt\/tooted\/kosmetika-lt\/prabangus-drekinamasis-serumas-30-ml\/#breadcrumb\",\"itemListElement\":[{\"@type\":\"ListItem\",\"position\":1,\"name\":\"Prad\u017eia\",\"item\":\"https:\/\/test.puhdasplus.ee\/lt\/\"},{\"@type\":\"ListItem\",\"position\":2,\"name\":\"Produktai\",\"item\":\"https:\/\/test.puhdasplus.ee\/lt\/parduotuve\/\"},{\"@type\":\"ListItem\",\"position\":3,\"name\":\"Prabangus dr\u0117kinamasis serumas 30 ml\"}]},{\"@type\":\"WebSite\",\"@id\":\"https:\/\/test.puhdasplus.ee\/lt\/#website\",\"url\":\"https:\/\/test.puhdasplus.ee\/lt\/\",\"name\":\"Puhdas+\",\"description\":\"Vitamiinid, Toidulisandid, looduskosmeetika, tervis, sport\",\"publisher\":{\"@id\":\"https:\/\/test.puhdasplus.ee\/lt\/#organization\"},\"potentialAction\":[{\"@type\":\"SearchAction\",\"target\":{\"@type\":\"EntryPoint\",\"urlTemplate\":\"https:\/\/test.puhdasplus.ee\/lt\/?s={search_term_string}\"},\"query-input\":{\"@type\":\"PropertyValueSpecification\",\"valueRequired\":true,\"valueName\":\"search_term_string\"}}],\"inLanguage\":\"lt-LT\"},{\"@type\":\"Organization\",\"@id\":\"https:\/\/test.puhdasplus.ee\/lt\/#organization\",\"name\":\"Puhdas+\",\"alternateName\":\"Puhdasplus\",\"url\":\"https:\/\/test.puhdasplus.ee\/lt\/\",\"logo\":{\"@type\":\"ImageObject\",\"inLanguage\":\"lt-LT\",\"@id\":\"https:\/\/test.puhdasplus.ee\/lt\/#\/schema\/logo\/image\/\",\"url\":\"https:\/\/test.puhdasplus.ee\/\/wp-content\/uploads\/2019\/10\/puhdas_logo-arvele.png\",\"contentUrl\":\"https:\/\/test.puhdasplus.ee\/\/wp-content\/uploads\/2019\/10\/puhdas_logo-arvele.png\",\"width\":114,\"height\":94,\"caption\":\"Puhdas+\"},\"image\":{\"@id\":\"https:\/\/test.puhdasplus.ee\/lt\/#\/schema\/logo\/image\/\"},\"sameAs\":[\"https:\/\/www.facebook.com\/puhdasplus\",\"https:\/\/www.instagram.com\/puhdasplus_ee\/\"]}]}<\/script>\n<!-- \/ Yoast SEO plugin. -->","yoast_head_json":{"title":"Prabangus dr\u0117kinamasis serumas 30 ml - Puhdas+","description":"Prabangus \u0161vyt\u0117jimo suteikiantis serumas akimirksniu suteikia odai \u0161vyt\u0117jimo, giliai dr\u0117kina ir suvienodina odos atspalv\u012f. Sud\u0117tyje yra vitamino Cd ir hialurono r\u016bg\u0161ties!","robots":{"index":"noindex","follow":"follow","max-snippet":"max-snippet:-1","max-image-preview":"max-image-preview:large","max-video-preview":"max-video-preview:-1"},"og_locale":"lt_LT","og_type":"article","og_title":"Prabangus dr\u0117kinamasis serumas 30 ml - Puhdas+","og_description":"Prabangus \u0161vyt\u0117jimo suteikiantis serumas akimirksniu suteikia odai \u0161vyt\u0117jimo, giliai dr\u0117kina ir suvienodina odos atspalv\u012f. Sud\u0117tyje yra vitamino Cd ir hialurono r\u016bg\u0161ties!","og_url":"https:\/\/test.puhdasplus.ee\/lt\/tooted\/kosmetika-lt\/prabangus-drekinamasis-serumas-30-ml\/","og_site_name":"Puhdas+","article_publisher":"https:\/\/www.facebook.com\/puhdasplus","article_modified_time":"2026-02-27T11:11:33+00:00","og_image":[{"width":1862,"height":2560,"url":"https:\/\/test.puhdasplus.ee\/wp-content\/uploads\/2025\/03\/120.jpg","type":"image\/jpeg"}],"twitter_card":"summary_large_image","twitter_misc":{"Est. reading time":"1 minut\u0117"},"schema":{"@context":"https:\/\/schema.org","@graph":[{"@type":"WebPage","@id":"https:\/\/test.puhdasplus.ee\/lt\/tooted\/kosmetika-lt\/prabangus-drekinamasis-serumas-30-ml\/","url":"https:\/\/test.puhdasplus.ee\/lt\/tooted\/kosmetika-lt\/prabangus-drekinamasis-serumas-30-ml\/","name":"Prabangus dr\u0117kinamasis serumas 30 ml - Puhdas+","isPartOf":{"@id":"https:\/\/test.puhdasplus.ee\/lt\/#website"},"primaryImageOfPage":{"@id":"https:\/\/test.puhdasplus.ee\/lt\/tooted\/kosmetika-lt\/prabangus-drekinamasis-serumas-30-ml\/#primaryimage"},"image":{"@id":"https:\/\/test.puhdasplus.ee\/lt\/tooted\/kosmetika-lt\/prabangus-drekinamasis-serumas-30-ml\/#primaryimage"},"thumbnailUrl":"https:\/\/test.puhdasplus.ee\/wp-content\/uploads\/2025\/03\/120.jpg","datePublished":"2023-09-04T10:34:24+00:00","dateModified":"2026-02-27T11:11:33+00:00","description":"Prabangus \u0161vyt\u0117jimo suteikiantis serumas akimirksniu suteikia odai \u0161vyt\u0117jimo, giliai dr\u0117kina ir suvienodina odos atspalv\u012f. Sud\u0117tyje yra vitamino Cd ir hialurono r\u016bg\u0161ties!","breadcrumb":{"@id":"https:\/\/test.puhdasplus.ee\/lt\/tooted\/kosmetika-lt\/prabangus-drekinamasis-serumas-30-ml\/#breadcrumb"},"inLanguage":"lt-LT","potentialAction":[{"@type":"ReadAction","target":["https:\/\/test.puhdasplus.ee\/lt\/tooted\/kosmetika-lt\/prabangus-drekinamasis-serumas-30-ml\/"]}]},{"@type":"ImageObject","inLanguage":"lt-LT","@id":"https:\/\/test.puhdasplus.ee\/lt\/tooted\/kosmetika-lt\/prabangus-drekinamasis-serumas-30-ml\/#primaryimage","url":"https:\/\/test.puhdasplus.ee\/wp-content\/uploads\/2025\/03\/120.jpg","contentUrl":"https:\/\/test.puhdasplus.ee\/wp-content\/uploads\/2025\/03\/120.jpg","width":1862,"height":2560,"caption":"Prabangus dr\u0117kinamasis serumas"},{"@type":"BreadcrumbList","@id":"https:\/\/test.puhdasplus.ee\/lt\/tooted\/kosmetika-lt\/prabangus-drekinamasis-serumas-30-ml\/#breadcrumb","itemListElement":[{"@type":"ListItem","position":1,"name":"Prad\u017eia","item":"https:\/\/test.puhdasplus.ee\/lt\/"},{"@type":"ListItem","position":2,"name":"Produktai","item":"https:\/\/test.puhdasplus.ee\/lt\/parduotuve\/"},{"@type":"ListItem","position":3,"name":"Prabangus dr\u0117kinamasis serumas 30 ml"}]},{"@type":"WebSite","@id":"https:\/\/test.puhdasplus.ee\/lt\/#website","url":"https:\/\/test.puhdasplus.ee\/lt\/","name":"Puhdas+","description":"Vitamiinid, Toidulisandid, looduskosmeetika, tervis, sport","publisher":{"@id":"https:\/\/test.puhdasplus.ee\/lt\/#organization"},"potentialAction":[{"@type":"SearchAction","target":{"@type":"EntryPoint","urlTemplate":"https:\/\/test.puhdasplus.ee\/lt\/?s={search_term_string}"},"query-input":{"@type":"PropertyValueSpecification","valueRequired":true,"valueName":"search_term_string"}}],"inLanguage":"lt-LT"},{"@type":"Organization","@id":"https:\/\/test.puhdasplus.ee\/lt\/#organization","name":"Puhdas+","alternateName":"Puhdasplus","url":"https:\/\/test.puhdasplus.ee\/lt\/","logo":{"@type":"ImageObject","inLanguage":"lt-LT","@id":"https:\/\/test.puhdasplus.ee\/lt\/#\/schema\/logo\/image\/","url":"https:\/\/test.puhdasplus.ee\/\/wp-content\/uploads\/2019\/10\/puhdas_logo-arvele.png","contentUrl":"https:\/\/test.puhdasplus.ee\/\/wp-content\/uploads\/2019\/10\/puhdas_logo-arvele.png","width":114,"height":94,"caption":"Puhdas+"},"image":{"@id":"https:\/\/test.puhdasplus.ee\/lt\/#\/schema\/logo\/image\/"},"sameAs":["https:\/\/www.facebook.com\/puhdasplus","https:\/\/www.instagram.com\/puhdasplus_ee\/"]}]}},"_links":{"self":[{"href":"https:\/\/test.puhdasplus.ee\/lt\/wp-json\/wp\/v2\/product\/33542","targetHints":{"allow":["GET"]}}],"collection":[{"href":"https:\/\/test.puhdasplus.ee\/lt\/wp-json\/wp\/v2\/product"}],"about":[{"href":"https:\/\/test.puhdasplus.ee\/lt\/wp-json\/wp\/v2\/types\/product"}],"replies":[{"embeddable":true,"href":"https:\/\/test.puhdasplus.ee\/lt\/wp-json\/wp\/v2\/comments?post=33542"}],"wp:featuredmedia":[{"embeddable":true,"href":"https:\/\/test.puhdasplus.ee\/lt\/wp-json\/wp\/v2\/media\/33547"}],"wp:attachment":[{"href":"https:\/\/test.puhdasplus.ee\/lt\/wp-json\/wp\/v2\/media?parent=33542"}],"wp:term":[{"taxonomy":"product_brand","embeddable":true,"href":"https:\/\/test.puhdasplus.ee\/lt\/wp-json\/wp\/v2\/product_brand?post=33542"},{"taxonomy":"product_cat","embeddable":true,"href":"https:\/\/test.puhdasplus.ee\/lt\/wp-json\/wp\/v2\/product_cat?post=33542"},{"taxonomy":"product_tag","embeddable":true,"href":"https:\/\/test.puhdasplus.ee\/lt\/wp-json\/wp\/v2\/product_tag?post=33542"}],"curies":[{"name":"wp","href":"https:\/\/api.w.org\/{rel}","templated":true}]}}