{"id":33525,"date":"2024-02-05T17:03:42","date_gmt":"2024-02-05T15:03:42","guid":{"rendered":"https:\/\/test.puhdasplus.ee\/\/tooted\/be-kategorijos\/ekologiski-kakavos-pupeliu-gabaleliai-200-g\/"},"modified":"2026-02-27T13:10:08","modified_gmt":"2026-02-27T11:10:08","slug":"ekologiski-kakavos-pupeliu-gabaleliai-200-g","status":"publish","type":"product","link":"https:\/\/test.puhdasplus.ee\/lt\/tooted\/supermaistas\/ekologiski-kakavos-pupeliu-gabaleliai-200-g\/","title":{"rendered":"Ekologi\u0161ki kakavos pupeli\u0173 gabal\u0117liai 200 g"},"content":{"rendered":"<h2><span class=\"relative -mx-px my-[-0.2rem] rounded px-px py-[0.2rem] transition-colors duration-100 ease-in-out\">Kas yra \u201ePure+ Organic\u201c kakavos pupel\u0117s?<\/span><\/h2>\n<p><span class=\"relative -mx-px my-[-0.2rem] rounded px-px py-[0.2rem] transition-colors duration-100 ease-in-out\">  \u201ePure+ Organic Cacao Nibs\u201c \u2013 tai 100 % grynos ir neperdirbtos kakavos pupel\u0117s, kruop\u0161\u010diai nuluptos ir susmulkintos \u012f ma\u017eus gabal\u0117lius.<\/span> <span class=\"relative -mx-px my-[-0.2rem] rounded px-px py-[0.2rem] transition-colors duration-100 ease-in-out\">\u0160ie kakavos plunksnel\u0117s yra gryniausia \u0161okolado forma, i\u0161laikanti visas nat\u016bralias kakavos maistines med\u017eiagas, \u012fskaitant antioksidantus, skaidulas ir mineralus.<\/span> <span class=\"relative -mx-px my-[-0.2rem] rounded px-px py-[0.2rem] transition-colors duration-100 ease-in-out\">Pagaminti i\u0161 ekologi\u0161kai u\u017eaugint\u0173 kakavos pupeli\u0173, \u0161ie kakavos rutuliukai neturi joki\u0173 pried\u0173, konservant\u0173 ar dirbtini\u0173 kvapi\u0173j\u0173 med\u017eiag\u0173.<\/span><\/p>\n<h2 class=\"\" data-start=\"171\" data-end=\"221\">Kod\u0117l \u201ePure+ Organic\u201c kakavos pupel\u0117s yra naudingos?<\/h2>\n<p class=\"\" data-start=\"223\" data-end=\"563\"><strong data-start=\"223\" data-end=\"238\">Kakavos pupeli\u0173 antgaliai<\/strong> yra vienas nat\u016braliausi\u0173 ir maistingiausi\u0173 supermaisto produkt\u0173 \u2013 tai i\u0161valytos ir susmulkintos skrudintos arba \u017ealios kakavos pupel\u0117s, be prid\u0117tinio cukraus, riebal\u0173 ar konservant\u0173. Kadangi antgaliai n\u0117ra apdorojami kaip \u012fprastas \u0161okoladas, jie i\u0161laiko visus nat\u016bralius bioaktyvius kakavos junginius ir teikia realios naudos organizmui. <\/p>\n<h3 class=\"\" data-start=\"565\" data-end=\"615\">1. Labai stiprus antioksidant\u0173 \u0161altinis<\/h3>\n<p class=\"\" data-start=\"616\" data-end=\"896\">Kakavos pupel\u0117se gausu <strong data-start=\"648\" data-end=\"677\">flavonoid\u0173 ir polifenoli\u0173<\/strong> , ypa\u010d <strong data-start=\"685\" data-end=\"702\">epikatechino<\/strong> , kuris padeda apsaugoti k\u016bno l\u0105steles nuo oksidacinio streso. Antioksidantai palaiko \u0161irdies ir kraujagysli\u0173 sveikat\u0105, prisideda prie normalios kraujotakos, taip pat gali palaikyti odos ir smegen\u0173 veikl\u0105. <\/p>\n<h3 class=\"\" data-start=\"898\" data-end=\"947\">2. Nat\u016brali energija ir nuotaikos palaikymas<\/h3>\n<p class=\"\" data-start=\"948\" data-end=\"1249\">Nat\u016bral\u016bs kakavos junginiai, tokie kaip <strong data-start=\"991\" data-end=\"1005\">teobrominas<\/strong> ir nedidelis kiekis <strong data-start=\"1024\" data-end=\"1035\">kofeino,<\/strong> padeda padidinti budrum\u0105, susikaupim\u0105 ir protin\u012f budrum\u0105. Be to, kakavos plunksnose yra <strong data-start=\"1117\" data-end=\"1144\">feniletilamino (PEA)<\/strong> \u2013 junginio, kuris gali skatinti geros savijautos hormon\u0173 (pvz., dopamino) gamyb\u0105 organizme, taip pagerindamas nuotaik\u0105. <\/p>\n<h3 class=\"\" data-start=\"1251\" data-end=\"1303\">3. Augalin\u0117s kilm\u0117s baltym\u0173 \u0161altinis ir daug skaidul\u0173<\/h3>\n<p class=\"\" data-start=\"1304\" data-end=\"1571\">\u201ePuhdas+\u201c kakavos pupel\u0117se yra daugiau nei 12 % baltym\u0173 ir daugiau nei 17 % skaidul\u0173. Baltymai padeda auginti raumenis ir audinius, o skaidulos palaiko vir\u0161kinim\u0105, \u017earnyno veikl\u0105 ir suteikia sotumo jausm\u0105. Tod\u0117l jos idealiai tinka pusry\u010di\u0173 ko\u0161ei, kokteiliams ar energetiniams baton\u0117liams.  <\/p>\n<h3 class=\"\" data-start=\"1573\" data-end=\"1624\">4. Magnis, gele\u017eis ir kiti mineralai<\/h3>\n<p class=\"\" data-start=\"1625\" data-end=\"1876\">Kakavoje nat\u016braliai gausu <strong data-start=\"1653\" data-end=\"1668\">magnio<\/strong> , <strong data-start=\"1670\" data-end=\"1678\">gele\u017eies<\/strong> , <strong data-start=\"1680\" data-end=\"1690\">cinko<\/strong> ir <strong data-start=\"1694\" data-end=\"1704\">chromo<\/strong> \u2013 visa tai palaiko nerv\u0173 sistem\u0105, kraujodar\u0105, med\u017eiag\u0173 apykait\u0105 ir bendr\u0105 energijos lyg\u012f. Magnis ypa\u010d padeda atpalaiduoti raumenis ir suma\u017einti stres\u0105. <\/p>\n<h3 data-start=\"1625\" data-end=\"1876\">  5. Nat\u016bralus ir nerafinuotas<\/h3>\n<p class=\"\" data-start=\"1921\" data-end=\"2189\">Skirtingai nuo \u0161okolado, kakavos pupeli\u0173 sud\u0117tyje n\u0117ra rafinuoto cukraus ar pieno produkt\u0173. Jos tinka <strong data-start=\"2024\" data-end=\"2061\">\u017emon\u0117ms be glitimo, be laktoz\u0117s, veganams<\/strong> ir <strong data-start=\"2065\" data-end=\"2074\">paleo<\/strong> gyvenimo b\u016bdo \u017emon\u0117ms. Kadangi produktas yra 100 % ekologi\u0161kas ir be pried\u0173, jis idealiai tinka ir s\u0105moningam vartotojui.  <\/p>\n<h2 data-start=\"415\" data-end=\"434\">Ingredientai<\/h2>\n<ul data-start=\"436\" data-end=\"516\">\n<li class=\"\" data-start=\"436\" data-end=\"516\">\n<p class=\"\" data-start=\"438\" data-end=\"516\"><span class=\"relative -mx-px my-[-0.2rem] rounded px-px py-[0.2rem] transition-colors duration-100 ease-in-out\">100 % ekologi\u0161ka kakava (kakavos pupel\u0117s)<\/span><\/p>\n<\/li>\n<\/ul>\n<p class=\"\" data-start=\"518\" data-end=\"636\"><span class=\"relative -mx-px my-[-0.2rem] rounded px-px py-[0.2rem] transition-colors duration-100 ease-in-out\">Sud\u0117tyje n\u0117ra laktoz\u0117s, glitimo, mieli\u0173, druskos, sojos ar saldikli\u0173.<\/span> <span class=\"relative -mx-px my-[-0.2rem] rounded px-px py-[0.2rem] transition-colors duration-100 ease-in-out\">Tinka veganams ir vegetarams.<\/span><\/p>\n<h2 data-start=\"643\" data-end=\"675\">Maistin\u0117 vert\u0117 100 g<\/h2>\n<ul data-start=\"677\" data-end=\"1055\">\n<li class=\"\" data-start=\"677\" data-end=\"718\">\n<p class=\"\" data-start=\"679\" data-end=\"718\"><span class=\"relative -mx-px my-[-0.2rem] rounded px-px py-[0.2rem] transition-colors duration-100 ease-in-out\">Energin\u0117 vert\u0117: 2504 kJ (598 kcal)<\/span><\/p>\n<\/li>\n<li class=\"\" data-start=\"719\" data-end=\"804\">\n<p class=\"\" data-start=\"721\" data-end=\"760\"><span class=\"relative -mx-px my-[-0.2rem] rounded px-px py-[0.2rem] transition-colors duration-100 ease-in-out\">Riebalai: 46 g<\/span><\/p>\n<ul data-start=\"763\" data-end=\"804\">\n<li class=\"\" data-start=\"763\" data-end=\"804\">\n<p class=\"\" data-start=\"765\" data-end=\"804\"><span class=\"relative -mx-px my-[-0.2rem] rounded px-px py-[0.2rem] transition-colors duration-100 ease-in-out\">i\u0161 kuri\u0173 so\u010di\u0173j\u0173 riebal\u0173 r\u016bg\u0161\u010di\u0173: n\u0117ra duomen\u0173<\/span><\/p>\n<\/li>\n<\/ul>\n<\/li>\n<li class=\"\" data-start=\"805\" data-end=\"890\">\n<p class=\"\" data-start=\"807\" data-end=\"846\"><span class=\"relative -mx-px my-[-0.2rem] rounded px-px py-[0.2rem] transition-colors duration-100 ease-in-out\">Angliavandeniai: 33,6 g<\/span><\/p>\n<ul data-start=\"849\" data-end=\"890\">\n<li class=\"\" data-start=\"849\" data-end=\"890\">\n<p class=\"\" data-start=\"851\" data-end=\"890\"><span class=\"relative -mx-px my-[-0.2rem] rounded px-px py-[0.2rem] transition-colors duration-100 ease-in-out\">i\u0161 kuri\u0173 cukr\u0173: 2 g<\/span><\/p>\n<\/li>\n<\/ul>\n<\/li>\n<li class=\"\" data-start=\"891\" data-end=\"932\">\n<p class=\"\" data-start=\"893\" data-end=\"932\"><span class=\"relative -mx-px my-[-0.2rem] rounded px-px py-[0.2rem] transition-colors duration-100 ease-in-out\">Skaidulos: 17,2 g<\/span><\/p>\n<\/li>\n<li class=\"\" data-start=\"933\" data-end=\"974\">\n<p class=\"\" data-start=\"935\" data-end=\"974\"><span class=\"relative -mx-px my-[-0.2rem] rounded px-px py-[0.2rem] transition-colors duration-100 ease-in-out\">Baltymai: 12,2 g<\/span><\/p>\n<\/li>\n<li class=\"\" data-start=\"975\" data-end=\"1055\">\n<p class=\"\" data-start=\"977\" data-end=\"1055\"><span class=\"relative -mx-px my-[-0.2rem] rounded px-px py-[0.2rem] transition-colors duration-100 ease-in-out\">Druska: 0,13 g<\/span><\/p>\n<\/li>\n<\/ul>\n<h2 data-start=\"1062\" data-end=\"1087\">Naudojimo rekomendacijos<\/h2>\n<p class=\"\" data-start=\"1089\" data-end=\"1167\"><span class=\"relative -mx-px my-[-0.2rem] rounded px-px py-[0.2rem] transition-colors duration-100 ease-in-out\">Kakavos pupeli\u0173 galima paragauti keliais b\u016bdais:<\/span><\/p>\n<ul data-start=\"1169\" data-end=\"1333\">\n<li class=\"\" data-start=\"1169\" data-end=\"1210\">\n<p class=\"\" data-start=\"1171\" data-end=\"1210\"><span class=\"relative -mx-px my-[-0.2rem] rounded px-px py-[0.2rem] transition-colors duration-100 ease-in-out\">\u012emai\u0161ykite \u012f kokteilius, dribsnius ar jogurt\u0105<\/span><\/p>\n<\/li>\n<li class=\"\" data-start=\"1211\" data-end=\"1252\">\n<p class=\"\" data-start=\"1213\" data-end=\"1252\"><span class=\"relative -mx-px my-[-0.2rem] rounded px-px py-[0.2rem] transition-colors duration-100 ease-in-out\">Naudokite kepiniuose, energetiniuose baton\u0117liuose arba gaminant \u017eali\u0105 \u0161okolad\u0105<\/span><\/p>\n<\/li>\n<li class=\"\" data-start=\"1253\" data-end=\"1333\">\n<p class=\"\" data-start=\"1255\" data-end=\"1333\"><span class=\"relative -mx-px my-[-0.2rem] rounded px-px py-[0.2rem] transition-colors duration-100 ease-in-out\">Sumai\u0161ykite su rie\u0161utais ir d\u017eiovintais vaisiais, kad gautum\u0117te sveik\u0105 u\u017ekand\u012f<\/span><\/p>\n<\/li>\n<\/ul>\n<p class=\"\" data-start=\"1335\" data-end=\"1413\"><span class=\"relative -mx-px my-[-0.2rem] rounded px-px py-[0.2rem] transition-colors duration-100 ease-in-out\">D\u0117l intensyvaus ir \u0161iek tiek kartaus skonio, \u0161okolado plunksnos puikiai tinka tiems, kurie nori suma\u017einti rafinuoto cukraus suvartojim\u0105, ta\u010diau i\u0161laikyti \u0161okolado malonum\u0105.<\/span><\/p>\n<h2 data-start=\"1420\" data-end=\"1439\">Sand\u0117liavimas<\/h2>\n<p class=\"\" data-start=\"1441\" data-end=\"1559\"><span class=\"relative -mx-px my-[-0.2rem] rounded px-px py-[0.2rem] transition-colors duration-100 ease-in-out\">Laikyti sausoje ir v\u0117sioje vietoje, toliau nuo tiesiogini\u0173 saul\u0117s spinduli\u0173.<\/span> <span class=\"relative -mx-px my-[-0.2rem] rounded px-px py-[0.2rem] transition-colors duration-100 ease-in-out\">Atidarius sandariai u\u017edarykite.<\/span><\/p>\n<h2 data-start=\"1566\" data-end=\"1588\">Pakuot\u0117s dydis<\/h2>\n<p class=\"\" data-start=\"1590\" data-end=\"1668\"><span class=\"relative -mx-px my-[-0.2rem] rounded px-px py-[0.2rem] transition-colors duration-100 ease-in-out\">200 g<\/span><\/p>\n","protected":false},"excerpt":{"rendered":"<p class=\"\" data-start=\"273\" data-end=\"655\">\u201ePure+ Organic Cacao Nibs\u201c \u2013 tai ma\u017ei, tra\u0161k\u016bs gabal\u0117liai, pagaminti i\u0161 grynos ekologi\u0161kos kakavos, kuri i\u0161 esm\u0117s yra gryniausia ir maistingiausia \u0161okolado forma. \u0160ios pupel\u0117s pagamintos i\u0161 nulupt\u0173 ir susmulkint\u0173 kakavos pupeli\u0173, kurios nebuvo apdorotos ar saldintos, tod\u0117l jose yra visos nat\u016bralios kakavos bioaktyviosios med\u017eiagos, vitaminai ir mineralai, i\u0161saugodamos visas jos naudingas savybes. <\/p>\n<p class=\"\" data-start=\"657\" data-end=\"1144\">Viena i\u0161 pagrindini\u0173 prie\u017eas\u010di\u0173, kod\u0117l kakavos pupel\u0117s yra tokios populiarios tarp sveikata besir\u016bpinan\u010di\u0173 \u017emoni\u0173, yra i\u0161skirtinai didelis antioksidant\u0173 kiekis. Kakavoje nat\u016braliai gausu flavonoid\u0173 ir polifenoli\u0173 \u2013 jungini\u0173, kurie padeda apsaugoti k\u016bno l\u0105steles nuo \u017ealingo laisv\u0173j\u0173 radikal\u0173 poveikio. Antioksidantai palaiko \u0161irdies sveikat\u0105, skatina normali\u0105 kraujotak\u0105 ir padeda organizmui geriau susidoroti su oksidaciniu stresu, kuris yra susij\u0119s su sen\u0117jimu ir u\u017edegimu.  <\/p>\n<p class=\"\" data-start=\"1146\" data-end=\"1478\">Kakavos pupeli\u0173 antgaliai turi nat\u016bralaus teobromino ir nedidel\u012f kiek\u012f kofeino, kurie gali padidinti budrum\u0105 ir susikaupim\u0105 be staigaus \u201eenergijos i\u0161sekimo\u201c, kur\u012f sukelia daugelis \u012fprast\u0173 energini\u0173 g\u0117rim\u0173 ar kavos. Juose taip pat yra feniletilamino (PEA) \u2013 junginio, siejamo su geros savijautos ir teigiamos nuotaikos skatinimu. <\/p>\n<p class=\"\" data-start=\"1480\" data-end=\"1897\">Be to, kad kakavos pupel\u0117s suteikia protin\u0119 gali\u0105, jos taip pat suteikia fizin\u0119 param\u0105. Jos yra vertingas augalini\u0173 baltym\u0173 ir skaidul\u0173 \u0161altinis \u2013 viena porcija padeda auginti raumenis ir palaikyti vir\u0161kinim\u0105, taip pat padeda i\u0161laikyti sotumo jausm\u0105. Jose taip pat yra daug magnio, gele\u017eies, cinko ir chromo \u2013 visa tai palaiko nerv\u0173 sistem\u0105, med\u017eiag\u0173 apykait\u0105, energijos lyg\u012f ir bendr\u0105 savijaut\u0105.  <\/p>\n<p class=\"\" data-start=\"1899\" data-end=\"2125\">Kadangi \u201ePuhdas+\u201c kakavos pupel\u0117s yra be glitimo, laktoz\u0117s ir pried\u0173, jos idealiai tinka veganams, vegetarams, paleo dietos besilaikantiems \u017emon\u0117ms arba tiesiog tiems, kurie ie\u0161ko \u0161vari\u0173, sveik\u0173 ir maisting\u0173 u\u017ekand\u017ei\u0173.<\/p>\n<p class=\"\" data-start=\"2127\" data-end=\"2352\">Juos galima naudoti \u012fvairiais b\u016bdais \u2013 pabarstyti ant dribsni\u0173 ar kokteili\u0173, \u012fmai\u0161yti \u012f rie\u0161ut\u0173 mi\u0161inius, d\u0117ti \u012f kepinius arba m\u0117gautis tiesiai i\u0161 pakelio, kad gautum\u0117te nat\u016bral\u0173 ir kart\u0173 \u0161okolado skan\u0117st\u0105 \u2013 be prid\u0117tinio cukraus.<\/p>\n<p class=\"\" data-start=\"2354\" data-end=\"2576\"><strong data-start=\"2354\" data-end=\"2382\">\u201ePure+ Organic Cacao Nibs\u201c<\/strong> \u2013 tikras supermaistas tiems, kurie nori suderinti puik\u0173 skon\u012f, nat\u016brali\u0105 energij\u0105 ir labai maitinan\u010di\u0105 sud\u0117t\u012f. Tai sveikas pasirinkimas, kuris palaiko ir k\u016bn\u0105, ir prot\u0105 \u2013 kiekvien\u0105 dien\u0105, grynai ir paprastai. <\/p>\n","protected":false},"featured_media":33527,"comment_status":"closed","ping_status":"closed","template":"","meta":{"_acf_changed":false},"product_brand":[],"product_cat":[3019],"product_tag":[3563,3764,3763,3565,2667,3766,3026,3761,2967,3765,3762],"class_list":{"0":"post-33525","1":"product","2":"type-product","3":"status-publish","4":"has-post-thumbnail","6":"product_cat-supermaistas","7":"product_tag-ekologiskas-lt","8":"product_tag-kakavos-pupeles","9":"product_tag-kepimas","10":"product_tag-kokteilio-uzpilas","11":"product_tag-organinis","12":"product_tag-sokoladas","13":"product_tag-supermaistas","14":"product_tag-supermaistas-lt","15":"product_tag-veganas","16":"product_tag-zalia-kakava-lt","17":"product_tag-zalia-kakava","19":"first","20":"outofstock","21":"taxable","22":"shipping-taxable","23":"purchasable","24":"product-type-simple"},"acf":[],"yoast_head":"<!-- This site is optimized with the Yoast SEO plugin v27.1.1 - https:\/\/yoast.com\/product\/yoast-seo-wordpress\/ -->\n<title>Ekologi\u0161ki kakavos pupeli\u0173 gabal\u0117liai 200 g - Puhdas+<\/title>\n<meta name=\"description\" content=\"Ekologi\u0161ki kakavos pupeli\u0173 gabaliukai (200 g) \u2013 tai nat\u016bralus ir maistingas \u0161okolado potyris, pagamintas i\u0161 ekologi\u0161kai u\u017eaugint\u0173 kakavos pupeli\u0173.\" \/>\n<meta name=\"robots\" content=\"noindex, follow, max-snippet:-1, max-image-preview:large, max-video-preview:-1\" \/>\n<meta property=\"og:locale\" content=\"lt_LT\" \/>\n<meta property=\"og:type\" content=\"article\" \/>\n<meta property=\"og:title\" content=\"Ekologi\u0161ki kakavos pupeli\u0173 gabal\u0117liai 200 g - Puhdas+\" \/>\n<meta property=\"og:description\" content=\"Ekologi\u0161ki kakavos pupeli\u0173 gabaliukai (200 g) \u2013 tai nat\u016bralus ir maistingas \u0161okolado potyris, pagamintas i\u0161 ekologi\u0161kai u\u017eaugint\u0173 kakavos pupeli\u0173.\" \/>\n<meta property=\"og:url\" content=\"https:\/\/test.puhdasplus.ee\/lt\/tooted\/supermaistas\/ekologiski-kakavos-pupeliu-gabaleliai-200-g\/\" \/>\n<meta property=\"og:site_name\" content=\"Puhdas+\" \/>\n<meta property=\"article:publisher\" content=\"https:\/\/www.facebook.com\/puhdasplus\" \/>\n<meta property=\"article:modified_time\" content=\"2026-02-27T11:10:08+00:00\" \/>\n<meta property=\"og:image\" content=\"https:\/\/test.puhdasplus.ee\/wp-content\/uploads\/2025\/03\/101.jpg\" \/>\n\t<meta property=\"og:image:width\" content=\"1862\" \/>\n\t<meta property=\"og:image:height\" content=\"2560\" \/>\n\t<meta property=\"og:image:type\" content=\"image\/jpeg\" \/>\n<meta name=\"twitter:card\" content=\"summary_large_image\" \/>\n<meta name=\"twitter:label1\" content=\"Est. reading time\" \/>\n\t<meta name=\"twitter:data1\" content=\"3 minut\u0117\" \/>\n<script type=\"application\/ld+json\" class=\"yoast-schema-graph\">{\"@context\":\"https:\/\/schema.org\",\"@graph\":[{\"@type\":\"WebPage\",\"@id\":\"https:\/\/test.puhdasplus.ee\/lt\/tooted\/supermaistas\/ekologiski-kakavos-pupeliu-gabaleliai-200-g\/\",\"url\":\"https:\/\/test.puhdasplus.ee\/lt\/tooted\/supermaistas\/ekologiski-kakavos-pupeliu-gabaleliai-200-g\/\",\"name\":\"Ekologi\u0161ki kakavos pupeli\u0173 gabal\u0117liai 200 g - Puhdas+\",\"isPartOf\":{\"@id\":\"https:\/\/test.puhdasplus.ee\/lt\/#website\"},\"primaryImageOfPage\":{\"@id\":\"https:\/\/test.puhdasplus.ee\/lt\/tooted\/supermaistas\/ekologiski-kakavos-pupeliu-gabaleliai-200-g\/#primaryimage\"},\"image\":{\"@id\":\"https:\/\/test.puhdasplus.ee\/lt\/tooted\/supermaistas\/ekologiski-kakavos-pupeliu-gabaleliai-200-g\/#primaryimage\"},\"thumbnailUrl\":\"https:\/\/test.puhdasplus.ee\/wp-content\/uploads\/2025\/03\/101.jpg\",\"datePublished\":\"2024-02-05T15:03:42+00:00\",\"dateModified\":\"2026-02-27T11:10:08+00:00\",\"description\":\"Ekologi\u0161ki kakavos pupeli\u0173 gabaliukai (200 g) \u2013 tai nat\u016bralus ir maistingas \u0161okolado potyris, pagamintas i\u0161 ekologi\u0161kai u\u017eaugint\u0173 kakavos pupeli\u0173.\",\"breadcrumb\":{\"@id\":\"https:\/\/test.puhdasplus.ee\/lt\/tooted\/supermaistas\/ekologiski-kakavos-pupeliu-gabaleliai-200-g\/#breadcrumb\"},\"inLanguage\":\"lt-LT\",\"potentialAction\":[{\"@type\":\"ReadAction\",\"target\":[\"https:\/\/test.puhdasplus.ee\/lt\/tooted\/supermaistas\/ekologiski-kakavos-pupeliu-gabaleliai-200-g\/\"]}]},{\"@type\":\"ImageObject\",\"inLanguage\":\"lt-LT\",\"@id\":\"https:\/\/test.puhdasplus.ee\/lt\/tooted\/supermaistas\/ekologiski-kakavos-pupeliu-gabaleliai-200-g\/#primaryimage\",\"url\":\"https:\/\/test.puhdasplus.ee\/wp-content\/uploads\/2025\/03\/101.jpg\",\"contentUrl\":\"https:\/\/test.puhdasplus.ee\/wp-content\/uploads\/2025\/03\/101.jpg\",\"width\":1862,\"height\":2560,\"caption\":\"Ekologi\u0161kos kakavos pupel\u0117s\"},{\"@type\":\"BreadcrumbList\",\"@id\":\"https:\/\/test.puhdasplus.ee\/lt\/tooted\/supermaistas\/ekologiski-kakavos-pupeliu-gabaleliai-200-g\/#breadcrumb\",\"itemListElement\":[{\"@type\":\"ListItem\",\"position\":1,\"name\":\"Prad\u017eia\",\"item\":\"https:\/\/test.puhdasplus.ee\/lt\/\"},{\"@type\":\"ListItem\",\"position\":2,\"name\":\"Produktai\",\"item\":\"https:\/\/test.puhdasplus.ee\/lt\/parduotuve\/\"},{\"@type\":\"ListItem\",\"position\":3,\"name\":\"Ekologi\u0161ki kakavos pupeli\u0173 gabal\u0117liai 200 g\"}]},{\"@type\":\"WebSite\",\"@id\":\"https:\/\/test.puhdasplus.ee\/lt\/#website\",\"url\":\"https:\/\/test.puhdasplus.ee\/lt\/\",\"name\":\"Puhdas+\",\"description\":\"Vitamiinid, Toidulisandid, looduskosmeetika, tervis, sport\",\"publisher\":{\"@id\":\"https:\/\/test.puhdasplus.ee\/lt\/#organization\"},\"potentialAction\":[{\"@type\":\"SearchAction\",\"target\":{\"@type\":\"EntryPoint\",\"urlTemplate\":\"https:\/\/test.puhdasplus.ee\/lt\/?s={search_term_string}\"},\"query-input\":{\"@type\":\"PropertyValueSpecification\",\"valueRequired\":true,\"valueName\":\"search_term_string\"}}],\"inLanguage\":\"lt-LT\"},{\"@type\":\"Organization\",\"@id\":\"https:\/\/test.puhdasplus.ee\/lt\/#organization\",\"name\":\"Puhdas+\",\"alternateName\":\"Puhdasplus\",\"url\":\"https:\/\/test.puhdasplus.ee\/lt\/\",\"logo\":{\"@type\":\"ImageObject\",\"inLanguage\":\"lt-LT\",\"@id\":\"https:\/\/test.puhdasplus.ee\/lt\/#\/schema\/logo\/image\/\",\"url\":\"https:\/\/test.puhdasplus.ee\/\/wp-content\/uploads\/2019\/10\/puhdas_logo-arvele.png\",\"contentUrl\":\"https:\/\/test.puhdasplus.ee\/\/wp-content\/uploads\/2019\/10\/puhdas_logo-arvele.png\",\"width\":114,\"height\":94,\"caption\":\"Puhdas+\"},\"image\":{\"@id\":\"https:\/\/test.puhdasplus.ee\/lt\/#\/schema\/logo\/image\/\"},\"sameAs\":[\"https:\/\/www.facebook.com\/puhdasplus\",\"https:\/\/www.instagram.com\/puhdasplus_ee\/\"]}]}<\/script>\n<!-- \/ Yoast SEO plugin. -->","yoast_head_json":{"title":"Ekologi\u0161ki kakavos pupeli\u0173 gabal\u0117liai 200 g - Puhdas+","description":"Ekologi\u0161ki kakavos pupeli\u0173 gabaliukai (200 g) \u2013 tai nat\u016bralus ir maistingas \u0161okolado potyris, pagamintas i\u0161 ekologi\u0161kai u\u017eaugint\u0173 kakavos pupeli\u0173.","robots":{"index":"noindex","follow":"follow","max-snippet":"max-snippet:-1","max-image-preview":"max-image-preview:large","max-video-preview":"max-video-preview:-1"},"og_locale":"lt_LT","og_type":"article","og_title":"Ekologi\u0161ki kakavos pupeli\u0173 gabal\u0117liai 200 g - Puhdas+","og_description":"Ekologi\u0161ki kakavos pupeli\u0173 gabaliukai (200 g) \u2013 tai nat\u016bralus ir maistingas \u0161okolado potyris, pagamintas i\u0161 ekologi\u0161kai u\u017eaugint\u0173 kakavos pupeli\u0173.","og_url":"https:\/\/test.puhdasplus.ee\/lt\/tooted\/supermaistas\/ekologiski-kakavos-pupeliu-gabaleliai-200-g\/","og_site_name":"Puhdas+","article_publisher":"https:\/\/www.facebook.com\/puhdasplus","article_modified_time":"2026-02-27T11:10:08+00:00","og_image":[{"width":1862,"height":2560,"url":"https:\/\/test.puhdasplus.ee\/wp-content\/uploads\/2025\/03\/101.jpg","type":"image\/jpeg"}],"twitter_card":"summary_large_image","twitter_misc":{"Est. reading time":"3 minut\u0117"},"schema":{"@context":"https:\/\/schema.org","@graph":[{"@type":"WebPage","@id":"https:\/\/test.puhdasplus.ee\/lt\/tooted\/supermaistas\/ekologiski-kakavos-pupeliu-gabaleliai-200-g\/","url":"https:\/\/test.puhdasplus.ee\/lt\/tooted\/supermaistas\/ekologiski-kakavos-pupeliu-gabaleliai-200-g\/","name":"Ekologi\u0161ki kakavos pupeli\u0173 gabal\u0117liai 200 g - Puhdas+","isPartOf":{"@id":"https:\/\/test.puhdasplus.ee\/lt\/#website"},"primaryImageOfPage":{"@id":"https:\/\/test.puhdasplus.ee\/lt\/tooted\/supermaistas\/ekologiski-kakavos-pupeliu-gabaleliai-200-g\/#primaryimage"},"image":{"@id":"https:\/\/test.puhdasplus.ee\/lt\/tooted\/supermaistas\/ekologiski-kakavos-pupeliu-gabaleliai-200-g\/#primaryimage"},"thumbnailUrl":"https:\/\/test.puhdasplus.ee\/wp-content\/uploads\/2025\/03\/101.jpg","datePublished":"2024-02-05T15:03:42+00:00","dateModified":"2026-02-27T11:10:08+00:00","description":"Ekologi\u0161ki kakavos pupeli\u0173 gabaliukai (200 g) \u2013 tai nat\u016bralus ir maistingas \u0161okolado potyris, pagamintas i\u0161 ekologi\u0161kai u\u017eaugint\u0173 kakavos pupeli\u0173.","breadcrumb":{"@id":"https:\/\/test.puhdasplus.ee\/lt\/tooted\/supermaistas\/ekologiski-kakavos-pupeliu-gabaleliai-200-g\/#breadcrumb"},"inLanguage":"lt-LT","potentialAction":[{"@type":"ReadAction","target":["https:\/\/test.puhdasplus.ee\/lt\/tooted\/supermaistas\/ekologiski-kakavos-pupeliu-gabaleliai-200-g\/"]}]},{"@type":"ImageObject","inLanguage":"lt-LT","@id":"https:\/\/test.puhdasplus.ee\/lt\/tooted\/supermaistas\/ekologiski-kakavos-pupeliu-gabaleliai-200-g\/#primaryimage","url":"https:\/\/test.puhdasplus.ee\/wp-content\/uploads\/2025\/03\/101.jpg","contentUrl":"https:\/\/test.puhdasplus.ee\/wp-content\/uploads\/2025\/03\/101.jpg","width":1862,"height":2560,"caption":"Ekologi\u0161kos kakavos pupel\u0117s"},{"@type":"BreadcrumbList","@id":"https:\/\/test.puhdasplus.ee\/lt\/tooted\/supermaistas\/ekologiski-kakavos-pupeliu-gabaleliai-200-g\/#breadcrumb","itemListElement":[{"@type":"ListItem","position":1,"name":"Prad\u017eia","item":"https:\/\/test.puhdasplus.ee\/lt\/"},{"@type":"ListItem","position":2,"name":"Produktai","item":"https:\/\/test.puhdasplus.ee\/lt\/parduotuve\/"},{"@type":"ListItem","position":3,"name":"Ekologi\u0161ki kakavos pupeli\u0173 gabal\u0117liai 200 g"}]},{"@type":"WebSite","@id":"https:\/\/test.puhdasplus.ee\/lt\/#website","url":"https:\/\/test.puhdasplus.ee\/lt\/","name":"Puhdas+","description":"Vitamiinid, Toidulisandid, looduskosmeetika, tervis, sport","publisher":{"@id":"https:\/\/test.puhdasplus.ee\/lt\/#organization"},"potentialAction":[{"@type":"SearchAction","target":{"@type":"EntryPoint","urlTemplate":"https:\/\/test.puhdasplus.ee\/lt\/?s={search_term_string}"},"query-input":{"@type":"PropertyValueSpecification","valueRequired":true,"valueName":"search_term_string"}}],"inLanguage":"lt-LT"},{"@type":"Organization","@id":"https:\/\/test.puhdasplus.ee\/lt\/#organization","name":"Puhdas+","alternateName":"Puhdasplus","url":"https:\/\/test.puhdasplus.ee\/lt\/","logo":{"@type":"ImageObject","inLanguage":"lt-LT","@id":"https:\/\/test.puhdasplus.ee\/lt\/#\/schema\/logo\/image\/","url":"https:\/\/test.puhdasplus.ee\/\/wp-content\/uploads\/2019\/10\/puhdas_logo-arvele.png","contentUrl":"https:\/\/test.puhdasplus.ee\/\/wp-content\/uploads\/2019\/10\/puhdas_logo-arvele.png","width":114,"height":94,"caption":"Puhdas+"},"image":{"@id":"https:\/\/test.puhdasplus.ee\/lt\/#\/schema\/logo\/image\/"},"sameAs":["https:\/\/www.facebook.com\/puhdasplus","https:\/\/www.instagram.com\/puhdasplus_ee\/"]}]}},"_links":{"self":[{"href":"https:\/\/test.puhdasplus.ee\/lt\/wp-json\/wp\/v2\/product\/33525","targetHints":{"allow":["GET"]}}],"collection":[{"href":"https:\/\/test.puhdasplus.ee\/lt\/wp-json\/wp\/v2\/product"}],"about":[{"href":"https:\/\/test.puhdasplus.ee\/lt\/wp-json\/wp\/v2\/types\/product"}],"replies":[{"embeddable":true,"href":"https:\/\/test.puhdasplus.ee\/lt\/wp-json\/wp\/v2\/comments?post=33525"}],"wp:featuredmedia":[{"embeddable":true,"href":"https:\/\/test.puhdasplus.ee\/lt\/wp-json\/wp\/v2\/media\/33527"}],"wp:attachment":[{"href":"https:\/\/test.puhdasplus.ee\/lt\/wp-json\/wp\/v2\/media?parent=33525"}],"wp:term":[{"taxonomy":"product_brand","embeddable":true,"href":"https:\/\/test.puhdasplus.ee\/lt\/wp-json\/wp\/v2\/product_brand?post=33525"},{"taxonomy":"product_cat","embeddable":true,"href":"https:\/\/test.puhdasplus.ee\/lt\/wp-json\/wp\/v2\/product_cat?post=33525"},{"taxonomy":"product_tag","embeddable":true,"href":"https:\/\/test.puhdasplus.ee\/lt\/wp-json\/wp\/v2\/product_tag?post=33525"}],"curies":[{"name":"wp","href":"https:\/\/api.w.org\/{rel}","templated":true}]}}