{"id":33502,"date":"2024-02-05T12:24:57","date_gmt":"2024-02-05T10:24:57","guid":{"rendered":"https:\/\/test.puhdasplus.ee\/\/tooted\/be-kategorijos\/nadh-6-mg-50-kapsuliu\/"},"modified":"2026-03-10T14:12:24","modified_gmt":"2026-03-10T12:12:24","slug":"nadh-6-mg-50-kapsuliu","status":"publish","type":"product","link":"https:\/\/test.puhdasplus.ee\/lt\/tooted\/vitaminai\/vitaminas-b\/nadh-6-mg-50-kapsuliu\/","title":{"rendered":"NADH 6 mg 50 kapsuli\u0173"},"content":{"rendered":"<h3 class=\"\" data-start=\"161\" data-end=\"200\">Kas yra NADH ir kod\u0117l jis svarbus?<\/h3>\n<p class=\"\" data-start=\"352\" data-end=\"707\">NADH, arba <strong data-start=\"361\" data-end=\"408\">nikotinamido adenino dinukleotidas (H formoje),<\/strong> yra nat\u016braliai organizme susidarantis junginys, veikiantis <strong data-start=\"461\" data-end=\"476\">kaip kofermentas<\/strong> \u2013 tai rei\u0161kia, kad jis padeda organizmo fermentams atlikti savo darb\u0105. Tiksliau sakant, NADH dalyvauja energijos gamybos procese l\u0105steli\u0173 lygmenyje ir yra vienas i\u0161 pagrindini\u0173 <strong data-start=\"637\" data-end=\"669\">ATP, arba adenozino trifosfato<\/strong> , organizmo \u201eenergijos valiutos\u201c, gamybos komponent\u0173. <\/p>\n<p class=\"\" data-start=\"709\" data-end=\"1054\">ATP reikalingas kiekvienai k\u016bno l\u0105stelei, kad ji gal\u0117t\u0173 atlikti pagrindines savo funkcijas \u2013 nuo \u200b\u200braumen\u0173 ir smegen\u0173 veiklos palaikymo iki med\u017eiag\u0173 apykaitos ir ferment\u0173 palaikymo. Neturint pakankamai NADH, organizmo l\u0105stel\u0117s negamins ATP efektyviai, o tai gali paveikti bendr\u0105 organizmo energijos gamyb\u0105. Tod\u0117l NADH gali b\u016bti svarbus palaikant <b>bendr\u0105 energijos apykait\u0105<\/b> organizme.  <\/p>\n<p class=\"p1\">Be energijos apykaitos, NADH dalyvauja daugelyje biochemini\u0173 proces\u0173 organizme, tod\u0117l \u0161is junginys taip pat buvo tiriamas psichin\u0117s ir fizin\u0117s gerov\u0117s palaikymo kontekste. <\/p>\n<h3 data-start=\"1484\" data-end=\"1520\">Kod\u0117l verta vartoti NADH kaip papild\u0105?<\/h3>\n<p class=\"p1\">NADH yra nat\u016brali organizme esanti med\u017eiaga, taip pat gaunama su maistu. Tam tikrais gyvenimo etapais arba d\u0117l gyvenimo b\u016bdo veiksni\u0173 gali padid\u0117ti susidom\u0117jimas papildais, kuriuose yra \u0161io junginio kontroliuojamais ir \u017einomais kiekiais. \u201ePure+ NADH 6 mg\u201c kapsul\u0117se yra standartizuotas NADH kiekis, jos gaminamos lengvai vartojama ir tinkama kasdieniam vartojimui forma.  <\/p>\n<p class=\"\" data-start=\"1935\" data-end=\"1973\">Produktas ypa\u010d tinka tiems, kurie nori:<\/p>\n<ul data-start=\"1974\" data-end=\"2193\">\n<li class=\"\" data-start=\"1974\" data-end=\"2024\">\n<p class=\"\" data-start=\"1976\" data-end=\"2024\">palaikyti j\u016bs\u0173 <b>kasdien\u0119 gyvybingum\u0105,<\/b><\/p>\n<\/li>\n<li class=\"\" data-start=\"2025\" data-end=\"2065\">\n<p class=\"\" data-start=\"2027\" data-end=\"2065\"> <b>psichinis budrumas,<\/b><\/p>\n<\/li>\n<li class=\"\" data-start=\"2118\" data-end=\"2193\">\n<p class=\"\" data-start=\"2120\" data-end=\"2193\">\u012etraukite \u012f savo kasdienyb\u0119 papild\u0105 <strong data-start=\"2153\" data-end=\"2184\">, kuris palaikyt\u0173 aktyv\u0173 gyvenimo b\u016bd\u0105<\/strong> .<\/p>\n<\/li>\n<\/ul>\n<p class=\"p1\">Produktas yra <b>vegani\u0161kas<\/b> , <b>be dirbtini\u0173 pried\u0173 ar \u012fprast\u0173 alergen\u0173<\/b> , tod\u0117l tinka tiems, kurie laikosi specialios dietos arba renkasi \u0161varesn\u0119 sud\u0117t\u012f.<\/p>\n<h3 class=\"\" data-start=\"366\" data-end=\"402\">Kam tinka \u201ePure+ NADH 6 mg\u201c?<\/h3>\n<p class=\"\" data-start=\"404\" data-end=\"523\"><span class=\"relative -mx-px my-[-0.2rem] rounded px-px py-[0.2rem] transition-colors duration-100 ease-in-out\">\u0160is produktas tinka suaugusiesiems, norintiems palaikyti energijos lyg\u012f ir kognityvines funkcijas.<\/span> <span class=\"relative -mx-px my-[-0.2rem] rounded px-px py-[0.2rem] transition-colors duration-100 ease-in-out\">Jis gali b\u016bti ypa\u010d naudingas tiems, kurie jau\u010diasi pavarg\u0119, kuriems reikia proto ai\u0161kumo arba nori palaikyti bendr\u0105 savijaut\u0105.<\/span><\/p>\n<h3 class=\"\" data-start=\"530\" data-end=\"565\">Kaip ir kada j\u012f naudoti?<\/h3>\n<p class=\"\" data-start=\"567\" data-end=\"829\"><strong data-start=\"567\" data-end=\"585\">Vartojimo instrukcijos:<\/strong> <span class=\"relative -mx-px my-[-0.2rem] rounded px-px py-[0.2rem] transition-colors duration-100 ease-in-out\">Rekomenduojama doz\u0117 suaugusiesiems yra 2 kapsul\u0117s per dien\u0105.<\/span> <span class=\"relative -mx-px my-[-0.2rem] rounded px-px py-[0.2rem] transition-colors duration-100 ease-in-out\">Kapsul\u0119 nurykite u\u017egerdami vandeniu ryte tu\u0161\u010diu skrand\u017eiu.<\/span> <span class=\"relative -mx-px my-[-0.2rem] rounded px-px py-[0.2rem] transition-colors duration-100 ease-in-out\">Rekomenduojamos paros doz\u0117s vir\u0161yti negalima.<\/span> Svarbu valgyti \u012fvairi\u0105 ir subalansuot\u0105 mityb\u0105 bei laikytis sveiko gyvenimo b\u016bdo. <span class=\"relative -mx-px my-[-0.2rem] rounded px-px py-[0.2rem] transition-colors duration-100 ease-in-out\">Laikyti vaikams nepasiekiamoje vietoje.<\/span><\/p>\n<h3 class=\"\" data-start=\"836\" data-end=\"875\">Kokie yra ingredientai ir maistin\u0117 vert\u0117?<\/h3>\n<p class=\"\" data-start=\"877\" data-end=\"1059\"><strong data-start=\"877\" data-end=\"893\">Sudedamosios dalys:<\/strong> u\u017epildas (ry\u017ei\u0173 krakmolas), kapsul\u0117 (stabilizatorius: hidroksipropilceliulioz\u0117), Panmol\u00ae NADH.<br \/>\n Be pieno, laktoz\u0117s, mieli\u0173 ar glitimo. Be cukraus, druskos, kukur\u016bz\u0173, sojos ar saldikli\u0173.  Tinka vegetarams.<\/p>\n<p class=\"\" data-start=\"1061\" data-end=\"1164\"><strong data-start=\"1061\" data-end=\"1078\">Maistin\u0117 vert\u0117:<\/strong><\/p>\n<p>Dienos doz\u0117je (2 kapsul\u0117se) yra: vitaminas B3 \u2013  <strong data-start=\"149\" data-end=\"171\">6 mg (37,5 % RMV*)<\/strong><\/p>\n<p data-start=\"173\" data-end=\"216\">*RMV \u2013 referencin\u0117 paros norma suaugusiajam<\/p>\n<p><strong data-start=\"985\" data-end=\"996\">Gamintojas:<\/strong> New Organics Oy, Suomija<br data-start=\"1019\" data-end=\"1022\"><strong data-start=\"1022\" data-end=\"1037\">Importuotojas:<\/strong> NordenBio O\u00dc, Narva mnt 7, 10117 Talinas, Estija<\/p>\n<p class=\"\" data-start=\"1204\" data-end=\"1289\">\n","protected":false},"excerpt":{"rendered":"<p class=\"\" data-start=\"277\" data-end=\"694\"><strong data-start=\"277\" data-end=\"298\">Puhdas+ NADH 6 mg<\/strong> yra maisto papildas, palaikantis nat\u016brali\u0105 organizmo energijos apykait\u0105 ir dalyvaujantis l\u0105steli\u0173 energijos apykaitos procesuose. NADH, arba nikotinamido adenino dinukleotidas, yra nat\u016braliai organizme randamas kofermentas, atliekantis svarb\u0173 vaidmen\u012f u\u017etikrinant l\u0105steli\u0173 energijos pusiausvyr\u0105. \u0160i med\u017eiaga dalyvauja ATP (pagrindin\u0117s l\u0105steli\u0173 energijos) gamyboje ir yra susijusi su daugeliu organizmo biochemini\u0173 proces\u0173.  <\/p>\n<p class=\"\" data-start=\"696\" data-end=\"1004\">NADH kiekis organizme gali suma\u017e\u0117ti d\u0117l am\u017eiaus, gyvenimo b\u016bdo ir streso, tod\u0117l jo vartojimas maisto papildo pavidalu gali pad\u0117ti palaikyti kasdien\u0119 fizin\u0119 ir psichin\u0119 gerov\u0119. \u201ePuhdas+ NADH\u201c yra puikus pasirinkimas tiems, kurie nori palaikyti savo kasdien\u012f gyvybingum\u0105 bei aktyv\u0173 gyvenimo b\u016bd\u0105, siekia stiprinti koncentracij\u0105 ar ie\u0161ko paramos esant greitam gyvenimo tempui. <\/p>\n<p class=\"\" data-start=\"1006\" data-end=\"1338\">Produkte yra gryno ir stabilaus NADH, be dirbtini\u0173 pried\u0173, da\u017eikli\u0173 ar saldikli\u0173. Jis taip pat tinka veganams ir \u017emon\u0117ms su jautria vir\u0161kinimo sistema. <\/p>\n","protected":false},"featured_media":33504,"comment_status":"closed","ping_status":"closed","template":"","meta":{"_acf_changed":false},"product_brand":[],"product_cat":[3282,3049,3013,3174,3175],"product_tag":[3028,3715,3717,3713],"class_list":{"0":"post-33502","1":"product","2":"type-product","3":"status-publish","4":"has-post-thumbnail","6":"product_cat-oda-plaukai-nagai","7":"product_cat-specialus-pasiulymai","8":"product_cat-stresas-ir-miegas","9":"product_cat-vitaminai","10":"product_cat-vitaminas-b","11":"product_tag-energija-ir-nuovargis","12":"product_tag-nadh-lt","13":"product_tag-vitaminas-b","14":"product_tag-vitaminas-b3","16":"first","17":"instock","18":"sale","19":"taxable","20":"shipping-taxable","21":"purchasable","22":"product-type-simple"},"acf":[],"yoast_head":"<!-- This site is optimized with the Yoast SEO plugin v27.1.1 - https:\/\/yoast.com\/product\/yoast-seo-wordpress\/ -->\n<title>NADH 6 mg 50 kapsuli\u0173 - Puhdas+<\/title>\n<meta name=\"robots\" content=\"noindex, follow, max-snippet:-1, max-image-preview:large, max-video-preview:-1\" \/>\n<meta property=\"og:locale\" content=\"lt_LT\" \/>\n<meta property=\"og:type\" content=\"article\" \/>\n<meta property=\"og:title\" content=\"NADH 6 mg 50 kapsuli\u0173 - Puhdas+\" \/>\n<meta property=\"og:description\" content=\"Puhdas+ NADH 6 mg yra maisto papildas, palaikantis nat\u016brali\u0105 organizmo energijos apykait\u0105 ir dalyvaujantis l\u0105steli\u0173 energijos apykaitos procesuose. NADH, arba nikotinamido adenino dinukleotidas, yra nat\u016braliai organizme randamas kofermentas, atliekantis svarb\u0173 vaidmen\u012f u\u017etikrinant l\u0105steli\u0173 energijos pusiausvyr\u0105. \u0160i med\u017eiaga dalyvauja ATP (pagrindin\u0117s l\u0105steli\u0173 energijos) gamyboje ir yra susijusi su daugeliu organizmo biochemini\u0173 proces\u0173.  NADH kiekis organizme gali suma\u017e\u0117ti d\u0117l am\u017eiaus, gyvenimo b\u016bdo ir streso, tod\u0117l jo vartojimas maisto papildo pavidalu gali pad\u0117ti palaikyti kasdien\u0119 fizin\u0119 ir psichin\u0119 gerov\u0119. \u201ePuhdas+ NADH\u201c yra puikus pasirinkimas tiems, kurie nori palaikyti savo kasdien\u012f gyvybingum\u0105 bei aktyv\u0173 gyvenimo b\u016bd\u0105, siekia stiprinti koncentracij\u0105 ar ie\u0161ko paramos esant greitam gyvenimo tempui. Produkte yra gryno ir stabilaus NADH, be dirbtini\u0173 pried\u0173, da\u017eikli\u0173 ar saldikli\u0173. Jis taip pat tinka veganams ir \u017emon\u0117ms su jautria vir\u0161kinimo sistema.\" \/>\n<meta property=\"og:url\" content=\"https:\/\/test.puhdasplus.ee\/lt\/tooted\/vitaminai\/vitaminas-b\/nadh-6-mg-50-kapsuliu\/\" \/>\n<meta property=\"og:site_name\" content=\"Puhdas+\" \/>\n<meta property=\"article:publisher\" content=\"https:\/\/www.facebook.com\/puhdasplus\" \/>\n<meta property=\"article:modified_time\" content=\"2026-03-10T12:12:24+00:00\" \/>\n<meta property=\"og:image\" content=\"https:\/\/test.puhdasplus.ee\/wp-content\/uploads\/2025\/03\/80.jpg\" \/>\n\t<meta property=\"og:image:width\" content=\"1862\" \/>\n\t<meta property=\"og:image:height\" content=\"2560\" \/>\n\t<meta property=\"og:image:type\" content=\"image\/jpeg\" \/>\n<meta name=\"twitter:card\" content=\"summary_large_image\" \/>\n<meta name=\"twitter:label1\" content=\"Est. reading time\" \/>\n\t<meta name=\"twitter:data1\" content=\"2 minut\u0117\" \/>\n<script type=\"application\/ld+json\" class=\"yoast-schema-graph\">{\"@context\":\"https:\/\/schema.org\",\"@graph\":[{\"@type\":\"WebPage\",\"@id\":\"https:\/\/test.puhdasplus.ee\/lt\/tooted\/vitaminai\/vitaminas-b\/nadh-6-mg-50-kapsuliu\/\",\"url\":\"https:\/\/test.puhdasplus.ee\/lt\/tooted\/vitaminai\/vitaminas-b\/nadh-6-mg-50-kapsuliu\/\",\"name\":\"NADH 6 mg 50 kapsuli\u0173 - Puhdas+\",\"isPartOf\":{\"@id\":\"https:\/\/test.puhdasplus.ee\/lt\/#website\"},\"primaryImageOfPage\":{\"@id\":\"https:\/\/test.puhdasplus.ee\/lt\/tooted\/vitaminai\/vitaminas-b\/nadh-6-mg-50-kapsuliu\/#primaryimage\"},\"image\":{\"@id\":\"https:\/\/test.puhdasplus.ee\/lt\/tooted\/vitaminai\/vitaminas-b\/nadh-6-mg-50-kapsuliu\/#primaryimage\"},\"thumbnailUrl\":\"https:\/\/test.puhdasplus.ee\/wp-content\/uploads\/2025\/03\/80.jpg\",\"datePublished\":\"2024-02-05T10:24:57+00:00\",\"dateModified\":\"2026-03-10T12:12:24+00:00\",\"breadcrumb\":{\"@id\":\"https:\/\/test.puhdasplus.ee\/lt\/tooted\/vitaminai\/vitaminas-b\/nadh-6-mg-50-kapsuliu\/#breadcrumb\"},\"inLanguage\":\"lt-LT\",\"potentialAction\":[{\"@type\":\"ReadAction\",\"target\":[\"https:\/\/test.puhdasplus.ee\/lt\/tooted\/vitaminai\/vitaminas-b\/nadh-6-mg-50-kapsuliu\/\"]}]},{\"@type\":\"ImageObject\",\"inLanguage\":\"lt-LT\",\"@id\":\"https:\/\/test.puhdasplus.ee\/lt\/tooted\/vitaminai\/vitaminas-b\/nadh-6-mg-50-kapsuliu\/#primaryimage\",\"url\":\"https:\/\/test.puhdasplus.ee\/wp-content\/uploads\/2025\/03\/80.jpg\",\"contentUrl\":\"https:\/\/test.puhdasplus.ee\/wp-content\/uploads\/2025\/03\/80.jpg\",\"width\":1862,\"height\":2560,\"caption\":\"NADH 6 mg\"},{\"@type\":\"BreadcrumbList\",\"@id\":\"https:\/\/test.puhdasplus.ee\/lt\/tooted\/vitaminai\/vitaminas-b\/nadh-6-mg-50-kapsuliu\/#breadcrumb\",\"itemListElement\":[{\"@type\":\"ListItem\",\"position\":1,\"name\":\"Prad\u017eia\",\"item\":\"https:\/\/test.puhdasplus.ee\/lt\/\"},{\"@type\":\"ListItem\",\"position\":2,\"name\":\"Produktai\",\"item\":\"https:\/\/test.puhdasplus.ee\/lt\/parduotuve\/\"},{\"@type\":\"ListItem\",\"position\":3,\"name\":\"NADH 6 mg 50 kapsuli\u0173\"}]},{\"@type\":\"WebSite\",\"@id\":\"https:\/\/test.puhdasplus.ee\/lt\/#website\",\"url\":\"https:\/\/test.puhdasplus.ee\/lt\/\",\"name\":\"Puhdas+\",\"description\":\"Vitamiinid, Toidulisandid, looduskosmeetika, tervis, sport\",\"publisher\":{\"@id\":\"https:\/\/test.puhdasplus.ee\/lt\/#organization\"},\"potentialAction\":[{\"@type\":\"SearchAction\",\"target\":{\"@type\":\"EntryPoint\",\"urlTemplate\":\"https:\/\/test.puhdasplus.ee\/lt\/?s={search_term_string}\"},\"query-input\":{\"@type\":\"PropertyValueSpecification\",\"valueRequired\":true,\"valueName\":\"search_term_string\"}}],\"inLanguage\":\"lt-LT\"},{\"@type\":\"Organization\",\"@id\":\"https:\/\/test.puhdasplus.ee\/lt\/#organization\",\"name\":\"Puhdas+\",\"alternateName\":\"Puhdasplus\",\"url\":\"https:\/\/test.puhdasplus.ee\/lt\/\",\"logo\":{\"@type\":\"ImageObject\",\"inLanguage\":\"lt-LT\",\"@id\":\"https:\/\/test.puhdasplus.ee\/lt\/#\/schema\/logo\/image\/\",\"url\":\"https:\/\/test.puhdasplus.ee\/\/wp-content\/uploads\/2019\/10\/puhdas_logo-arvele.png\",\"contentUrl\":\"https:\/\/test.puhdasplus.ee\/\/wp-content\/uploads\/2019\/10\/puhdas_logo-arvele.png\",\"width\":114,\"height\":94,\"caption\":\"Puhdas+\"},\"image\":{\"@id\":\"https:\/\/test.puhdasplus.ee\/lt\/#\/schema\/logo\/image\/\"},\"sameAs\":[\"https:\/\/www.facebook.com\/puhdasplus\",\"https:\/\/www.instagram.com\/puhdasplus_ee\/\"]}]}<\/script>\n<!-- \/ Yoast SEO plugin. -->","yoast_head_json":{"title":"NADH 6 mg 50 kapsuli\u0173 - Puhdas+","robots":{"index":"noindex","follow":"follow","max-snippet":"max-snippet:-1","max-image-preview":"max-image-preview:large","max-video-preview":"max-video-preview:-1"},"og_locale":"lt_LT","og_type":"article","og_title":"NADH 6 mg 50 kapsuli\u0173 - Puhdas+","og_description":"Puhdas+ NADH 6 mg yra maisto papildas, palaikantis nat\u016brali\u0105 organizmo energijos apykait\u0105 ir dalyvaujantis l\u0105steli\u0173 energijos apykaitos procesuose. NADH, arba nikotinamido adenino dinukleotidas, yra nat\u016braliai organizme randamas kofermentas, atliekantis svarb\u0173 vaidmen\u012f u\u017etikrinant l\u0105steli\u0173 energijos pusiausvyr\u0105. \u0160i med\u017eiaga dalyvauja ATP (pagrindin\u0117s l\u0105steli\u0173 energijos) gamyboje ir yra susijusi su daugeliu organizmo biochemini\u0173 proces\u0173.  NADH kiekis organizme gali suma\u017e\u0117ti d\u0117l am\u017eiaus, gyvenimo b\u016bdo ir streso, tod\u0117l jo vartojimas maisto papildo pavidalu gali pad\u0117ti palaikyti kasdien\u0119 fizin\u0119 ir psichin\u0119 gerov\u0119. \u201ePuhdas+ NADH\u201c yra puikus pasirinkimas tiems, kurie nori palaikyti savo kasdien\u012f gyvybingum\u0105 bei aktyv\u0173 gyvenimo b\u016bd\u0105, siekia stiprinti koncentracij\u0105 ar ie\u0161ko paramos esant greitam gyvenimo tempui. Produkte yra gryno ir stabilaus NADH, be dirbtini\u0173 pried\u0173, da\u017eikli\u0173 ar saldikli\u0173. Jis taip pat tinka veganams ir \u017emon\u0117ms su jautria vir\u0161kinimo sistema.","og_url":"https:\/\/test.puhdasplus.ee\/lt\/tooted\/vitaminai\/vitaminas-b\/nadh-6-mg-50-kapsuliu\/","og_site_name":"Puhdas+","article_publisher":"https:\/\/www.facebook.com\/puhdasplus","article_modified_time":"2026-03-10T12:12:24+00:00","og_image":[{"width":1862,"height":2560,"url":"https:\/\/test.puhdasplus.ee\/wp-content\/uploads\/2025\/03\/80.jpg","type":"image\/jpeg"}],"twitter_card":"summary_large_image","twitter_misc":{"Est. reading time":"2 minut\u0117"},"schema":{"@context":"https:\/\/schema.org","@graph":[{"@type":"WebPage","@id":"https:\/\/test.puhdasplus.ee\/lt\/tooted\/vitaminai\/vitaminas-b\/nadh-6-mg-50-kapsuliu\/","url":"https:\/\/test.puhdasplus.ee\/lt\/tooted\/vitaminai\/vitaminas-b\/nadh-6-mg-50-kapsuliu\/","name":"NADH 6 mg 50 kapsuli\u0173 - Puhdas+","isPartOf":{"@id":"https:\/\/test.puhdasplus.ee\/lt\/#website"},"primaryImageOfPage":{"@id":"https:\/\/test.puhdasplus.ee\/lt\/tooted\/vitaminai\/vitaminas-b\/nadh-6-mg-50-kapsuliu\/#primaryimage"},"image":{"@id":"https:\/\/test.puhdasplus.ee\/lt\/tooted\/vitaminai\/vitaminas-b\/nadh-6-mg-50-kapsuliu\/#primaryimage"},"thumbnailUrl":"https:\/\/test.puhdasplus.ee\/wp-content\/uploads\/2025\/03\/80.jpg","datePublished":"2024-02-05T10:24:57+00:00","dateModified":"2026-03-10T12:12:24+00:00","breadcrumb":{"@id":"https:\/\/test.puhdasplus.ee\/lt\/tooted\/vitaminai\/vitaminas-b\/nadh-6-mg-50-kapsuliu\/#breadcrumb"},"inLanguage":"lt-LT","potentialAction":[{"@type":"ReadAction","target":["https:\/\/test.puhdasplus.ee\/lt\/tooted\/vitaminai\/vitaminas-b\/nadh-6-mg-50-kapsuliu\/"]}]},{"@type":"ImageObject","inLanguage":"lt-LT","@id":"https:\/\/test.puhdasplus.ee\/lt\/tooted\/vitaminai\/vitaminas-b\/nadh-6-mg-50-kapsuliu\/#primaryimage","url":"https:\/\/test.puhdasplus.ee\/wp-content\/uploads\/2025\/03\/80.jpg","contentUrl":"https:\/\/test.puhdasplus.ee\/wp-content\/uploads\/2025\/03\/80.jpg","width":1862,"height":2560,"caption":"NADH 6 mg"},{"@type":"BreadcrumbList","@id":"https:\/\/test.puhdasplus.ee\/lt\/tooted\/vitaminai\/vitaminas-b\/nadh-6-mg-50-kapsuliu\/#breadcrumb","itemListElement":[{"@type":"ListItem","position":1,"name":"Prad\u017eia","item":"https:\/\/test.puhdasplus.ee\/lt\/"},{"@type":"ListItem","position":2,"name":"Produktai","item":"https:\/\/test.puhdasplus.ee\/lt\/parduotuve\/"},{"@type":"ListItem","position":3,"name":"NADH 6 mg 50 kapsuli\u0173"}]},{"@type":"WebSite","@id":"https:\/\/test.puhdasplus.ee\/lt\/#website","url":"https:\/\/test.puhdasplus.ee\/lt\/","name":"Puhdas+","description":"Vitamiinid, Toidulisandid, looduskosmeetika, tervis, sport","publisher":{"@id":"https:\/\/test.puhdasplus.ee\/lt\/#organization"},"potentialAction":[{"@type":"SearchAction","target":{"@type":"EntryPoint","urlTemplate":"https:\/\/test.puhdasplus.ee\/lt\/?s={search_term_string}"},"query-input":{"@type":"PropertyValueSpecification","valueRequired":true,"valueName":"search_term_string"}}],"inLanguage":"lt-LT"},{"@type":"Organization","@id":"https:\/\/test.puhdasplus.ee\/lt\/#organization","name":"Puhdas+","alternateName":"Puhdasplus","url":"https:\/\/test.puhdasplus.ee\/lt\/","logo":{"@type":"ImageObject","inLanguage":"lt-LT","@id":"https:\/\/test.puhdasplus.ee\/lt\/#\/schema\/logo\/image\/","url":"https:\/\/test.puhdasplus.ee\/\/wp-content\/uploads\/2019\/10\/puhdas_logo-arvele.png","contentUrl":"https:\/\/test.puhdasplus.ee\/\/wp-content\/uploads\/2019\/10\/puhdas_logo-arvele.png","width":114,"height":94,"caption":"Puhdas+"},"image":{"@id":"https:\/\/test.puhdasplus.ee\/lt\/#\/schema\/logo\/image\/"},"sameAs":["https:\/\/www.facebook.com\/puhdasplus","https:\/\/www.instagram.com\/puhdasplus_ee\/"]}]}},"_links":{"self":[{"href":"https:\/\/test.puhdasplus.ee\/lt\/wp-json\/wp\/v2\/product\/33502","targetHints":{"allow":["GET"]}}],"collection":[{"href":"https:\/\/test.puhdasplus.ee\/lt\/wp-json\/wp\/v2\/product"}],"about":[{"href":"https:\/\/test.puhdasplus.ee\/lt\/wp-json\/wp\/v2\/types\/product"}],"replies":[{"embeddable":true,"href":"https:\/\/test.puhdasplus.ee\/lt\/wp-json\/wp\/v2\/comments?post=33502"}],"wp:featuredmedia":[{"embeddable":true,"href":"https:\/\/test.puhdasplus.ee\/lt\/wp-json\/wp\/v2\/media\/33504"}],"wp:attachment":[{"href":"https:\/\/test.puhdasplus.ee\/lt\/wp-json\/wp\/v2\/media?parent=33502"}],"wp:term":[{"taxonomy":"product_brand","embeddable":true,"href":"https:\/\/test.puhdasplus.ee\/lt\/wp-json\/wp\/v2\/product_brand?post=33502"},{"taxonomy":"product_cat","embeddable":true,"href":"https:\/\/test.puhdasplus.ee\/lt\/wp-json\/wp\/v2\/product_cat?post=33502"},{"taxonomy":"product_tag","embeddable":true,"href":"https:\/\/test.puhdasplus.ee\/lt\/wp-json\/wp\/v2\/product_tag?post=33502"}],"curies":[{"name":"wp","href":"https:\/\/api.w.org\/{rel}","templated":true}]}}