{"id":33483,"date":"2025-01-16T18:44:42","date_gmt":"2025-01-16T16:44:42","guid":{"rendered":"https:\/\/test.puhdasplus.ee\/\/tooted\/be-kategorijos\/imbiero-eterinis-aliejus-10-ml\/"},"modified":"2026-02-27T11:26:30","modified_gmt":"2026-02-27T09:26:30","slug":"imbiero-eterinis-aliejus-10-ml","status":"publish","type":"product","link":"https:\/\/test.puhdasplus.ee\/lt\/tooted\/eteriniai-aliejai\/imbiero-eterinis-aliejus-10-ml\/","title":{"rendered":"Imbiero eterinis aliejus 10 ml"},"content":{"rendered":"<h3>Nat\u016brali \u0161iluma ir maitinimas<\/h3>\n<p>Imbiero eterinis aliejus yra 100 % grynas nat\u016bralus aliejus, i\u0161gaunamas i\u0161 imbiero \u0161aknies (Zingiber officinale). Jo a\u0161trus ir \u0161iltas aromatas padeda suma\u017einti nuovarg\u012f, stiprina imunin\u0119 sistem\u0105 ir sukuria maloni\u0105 atmosfer\u0105 namuose. <\/p>\n<p data-start=\"500\" data-end=\"981\">Imbiero eterinis aliejus i\u0161gaunamas i\u0161 kruop\u0161\u010diai atrinktos imbiero \u0161aknies, u\u017etikrinant auk\u0161t\u0105 kokyb\u0119 ir veiksmingum\u0105. A\u0161trus ir \u0161iltas \u0161io aliejaus kvapas padeda suma\u017einti nuovarg\u012f, stiprina imunin\u0119 sistem\u0105 ir sukuria maloni\u0105 atmosfer\u0105 namuose. Imbiero eterinis aliejus yra \u017einomas d\u0117l savo \u0161ildan\u010di\u0173 ir stimuliuojan\u010di\u0173 savybi\u0173, padedan\u010di\u0173 pagerinti kraujotak\u0105 ir suma\u017einti raumen\u0173 \u012ftamp\u0105. Aliej\u0173 galima naudoti aromatin\u0117se lempose, difuzoriuose, pirtyje arba atskiest\u0105 kaip masa\u017eo aliej\u0173.   <\/p>\n<p data-start=\"983\" data-end=\"1004\"><strong data-start=\"983\" data-end=\"1004\">Pagrindiniai privalumai:<\/strong><\/p>\n<ul data-start=\"1005\" data-end=\"1494\">\n<li data-start=\"1005\" data-end=\"1102\"><strong data-start=\"1007\" data-end=\"1033\">Nuovargio mal\u0161inimas:<\/strong> A\u0161trus aromatas padeda suma\u017einti nuovarg\u012f ir padidinti energijos lyg\u012f.<\/li>\n<li data-start=\"1103\" data-end=\"1199\"><strong data-start=\"1105\" data-end=\"1134\">Imunin\u0117s sistemos palaikymas:<\/strong> Stimuliuojan\u010dios savyb\u0117s padeda stiprinti organizmo apsaug\u0105.<\/li>\n<li data-start=\"1200\" data-end=\"1297\"><strong data-start=\"1202\" data-end=\"1232\">Raumen\u0173 \u012ftampos ma\u017einimas:<\/strong> \u0161ildan\u010dios savyb\u0117s padeda suma\u017einti raumen\u0173 \u012ftamp\u0105 ir skausm\u0105.<\/li>\n<li data-start=\"1298\" data-end=\"1408\"><strong data-start=\"1300\" data-end=\"1324\">Universalus naudojimas:<\/strong> tinka aromaterapijai, masa\u017eui, pir\u010diai ir nam\u0173 oro gaivikliui.<\/li>\n<li data-start=\"1409\" data-end=\"1494\"><strong data-start=\"1411\" data-end=\"1439\">100 % grynas ir nat\u016bralus:<\/strong> Be sintetini\u0173 pried\u0173 ar konservant\u0173.<\/li>\n<\/ul>\n<p data-start=\"1496\" data-end=\"1542\"><strong data-start=\"1496\" data-end=\"1512\">Sud\u0117tis:<\/strong> Zingiber Officinale \u0161akn\u0173 aliejus.<\/p>\n<p data-start=\"1544\" data-end=\"1564\"><strong data-start=\"1544\" data-end=\"1564\">Naudojimo instrukcijos:<\/strong><\/p>\n<ul data-start=\"1565\" data-end=\"2091\">\n<li data-start=\"1565\" data-end=\"1689\"><strong data-start=\"1567\" data-end=\"1586\">Aromaterapija:<\/strong> \u012ela\u0161inkite 3\u20137 la\u0161us eterinio aliejaus \u012f aromatin\u0119 lemp\u0105 arba difuzori\u0173, kad kambaryje sukurtum\u0117te \u0161ilt\u0105 ir stimuliuojant\u012f aromat\u0105.<\/li>\n<li data-start=\"1690\" data-end=\"1856\"><strong data-start=\"1692\" data-end=\"1704\">Masa\u017eas:<\/strong> 1\u20132 la\u0161us eterinio aliejaus praskieskite 10 ml bazinio aliejaus (pvz., migdol\u0173 arba simondsij\u0173 aliejaus) ir \u012fmasa\u017euokite \u012f od\u0105, kad suma\u017eintum\u0117te raumen\u0173 \u012ftamp\u0105 ir pagerintum\u0117te kraujotak\u0105.<\/li>\n<li data-start=\"1857\" data-end=\"1957\"><strong data-start=\"1859\" data-end=\"1868\">Pirtis:<\/strong> \u012ela\u0161inkite 1\u20133 la\u0161us eterinio aliejaus \u012f garin\u012f vanden\u012f, kad sukurtum\u0117te \u0161ildant\u012f ir atpalaiduojant\u012f pirties poj\u016bt\u012f.<\/li>\n<li data-start=\"1958\" data-end=\"2091\"><strong data-start=\"1960\" data-end=\"1969\">Vonia:<\/strong> sumai\u0161ykite 3\u20135 la\u0161us eterinio aliejaus su medumi arba skystu muilu ir \u012fla\u0161inkite \u012f vonios vanden\u012f, kad m\u0117gautum\u0117t\u0117s atpalaiduojan\u010dia ir \u0161ildan\u010dia vonia.<\/li>\n<\/ul>\n<p data-start=\"2093\" data-end=\"2400\"><strong data-start=\"2093\" data-end=\"2111\">Saugos instrukcijos:<\/strong> Tik i\u0161oriniam naudojimui. Netepkite neskiesto aliejaus tiesiai ant odos. Venkite patekimo \u012f akis ir ant gleivini\u0173.   Laikyti vaikams nepasiekiamoje vietoje. N\u0117\u0161\u010dios moterys, maitinan\u010dios motinos, vaikai, pagyven\u0119 \u017emon\u0117s ir \u017emon\u0117s, sergantys l\u0117tin\u0117mis ligomis, prie\u0161 vartojim\u0105 tur\u0117t\u0173 pasitarti su sveikatos prie\u017ei\u016bros specialistu.<\/p>\n","protected":false},"excerpt":{"rendered":"<p>100 % gryno imbiero eterinis aliejus, pasi\u017eymintis a\u0161triu ir \u0161ildan\u010diu aromatu, universaliai naudojamas aromaterapijoje, masa\u017ee ir nam\u0173 aplinkoje.<\/p>\n","protected":false},"featured_media":33486,"comment_status":"closed","ping_status":"closed","template":"","meta":{"_acf_changed":false},"product_brand":[],"product_cat":[2752],"product_tag":[2754,3681,3050,2755,3682,3615],"class_list":{"0":"post-33483","1":"product","2":"type-product","3":"status-publish","4":"has-post-thumbnail","6":"product_cat-eteriniai-aliejai","7":"product_tag-aromaterapija","8":"product_tag-gvazdikeliu-eterinis-aliejus","9":"product_tag-imunines-sistemos-palaikymas","10":"product_tag-naturalus-oro-gaiviklis","11":"product_tag-nuovargio-palengvinimas","12":"product_tag-raumenu-itampos-malsinimas","14":"first","15":"onbackorder","16":"taxable","17":"shipping-taxable","18":"purchasable","19":"product-type-simple"},"acf":[],"yoast_head":"<!-- This site is optimized with the Yoast SEO plugin v27.1.1 - https:\/\/yoast.com\/product\/yoast-seo-wordpress\/ -->\n<title>Imbiero eterinis aliejus 10 ml - Puhdas+<\/title>\n<meta name=\"description\" content=\"Imbiero eterinis aliejus (10 ml) yra 100 % grynas nat\u016bralus aliejus, kur\u012f galima naudoti \u012fvairiai aromaterapijoje, masa\u017ee ir nam\u0173 aplinkoje.\" \/>\n<meta name=\"robots\" content=\"noindex, follow, max-snippet:-1, max-image-preview:large, max-video-preview:-1\" \/>\n<meta property=\"og:locale\" content=\"lt_LT\" \/>\n<meta property=\"og:type\" content=\"article\" \/>\n<meta property=\"og:title\" content=\"Imbiero eterinis aliejus 10 ml - Puhdas+\" \/>\n<meta property=\"og:description\" content=\"Imbiero eterinis aliejus (10 ml) yra 100 % grynas nat\u016bralus aliejus, kur\u012f galima naudoti \u012fvairiai aromaterapijoje, masa\u017ee ir nam\u0173 aplinkoje.\" \/>\n<meta property=\"og:url\" content=\"https:\/\/test.puhdasplus.ee\/lt\/tooted\/eteriniai-aliejai\/imbiero-eterinis-aliejus-10-ml\/\" \/>\n<meta property=\"og:site_name\" content=\"Puhdas+\" \/>\n<meta property=\"article:publisher\" content=\"https:\/\/www.facebook.com\/puhdasplus\" \/>\n<meta property=\"article:modified_time\" content=\"2026-02-27T09:26:30+00:00\" \/>\n<meta property=\"og:image\" content=\"https:\/\/test.puhdasplus.ee\/wp-content\/uploads\/2025\/03\/161.jpg\" \/>\n\t<meta property=\"og:image:width\" content=\"1862\" \/>\n\t<meta property=\"og:image:height\" content=\"2560\" \/>\n\t<meta property=\"og:image:type\" content=\"image\/jpeg\" \/>\n<meta name=\"twitter:card\" content=\"summary_large_image\" \/>\n<meta name=\"twitter:label1\" content=\"Est. reading time\" \/>\n\t<meta name=\"twitter:data1\" content=\"2 minut\u0117\" \/>\n<script type=\"application\/ld+json\" class=\"yoast-schema-graph\">{\"@context\":\"https:\/\/schema.org\",\"@graph\":[{\"@type\":\"WebPage\",\"@id\":\"https:\/\/test.puhdasplus.ee\/lt\/tooted\/eteriniai-aliejai\/imbiero-eterinis-aliejus-10-ml\/\",\"url\":\"https:\/\/test.puhdasplus.ee\/lt\/tooted\/eteriniai-aliejai\/imbiero-eterinis-aliejus-10-ml\/\",\"name\":\"Imbiero eterinis aliejus 10 ml - Puhdas+\",\"isPartOf\":{\"@id\":\"https:\/\/test.puhdasplus.ee\/lt\/#website\"},\"primaryImageOfPage\":{\"@id\":\"https:\/\/test.puhdasplus.ee\/lt\/tooted\/eteriniai-aliejai\/imbiero-eterinis-aliejus-10-ml\/#primaryimage\"},\"image\":{\"@id\":\"https:\/\/test.puhdasplus.ee\/lt\/tooted\/eteriniai-aliejai\/imbiero-eterinis-aliejus-10-ml\/#primaryimage\"},\"thumbnailUrl\":\"https:\/\/test.puhdasplus.ee\/wp-content\/uploads\/2025\/03\/161.jpg\",\"datePublished\":\"2025-01-16T16:44:42+00:00\",\"dateModified\":\"2026-02-27T09:26:30+00:00\",\"description\":\"Imbiero eterinis aliejus (10 ml) yra 100 % grynas nat\u016bralus aliejus, kur\u012f galima naudoti \u012fvairiai aromaterapijoje, masa\u017ee ir nam\u0173 aplinkoje.\",\"breadcrumb\":{\"@id\":\"https:\/\/test.puhdasplus.ee\/lt\/tooted\/eteriniai-aliejai\/imbiero-eterinis-aliejus-10-ml\/#breadcrumb\"},\"inLanguage\":\"lt-LT\",\"potentialAction\":[{\"@type\":\"ReadAction\",\"target\":[\"https:\/\/test.puhdasplus.ee\/lt\/tooted\/eteriniai-aliejai\/imbiero-eterinis-aliejus-10-ml\/\"]}]},{\"@type\":\"ImageObject\",\"inLanguage\":\"lt-LT\",\"@id\":\"https:\/\/test.puhdasplus.ee\/lt\/tooted\/eteriniai-aliejai\/imbiero-eterinis-aliejus-10-ml\/#primaryimage\",\"url\":\"https:\/\/test.puhdasplus.ee\/wp-content\/uploads\/2025\/03\/161.jpg\",\"contentUrl\":\"https:\/\/test.puhdasplus.ee\/wp-content\/uploads\/2025\/03\/161.jpg\",\"width\":1862,\"height\":2560,\"caption\":\"Imbiero eterinis aliejus 10 ml\"},{\"@type\":\"BreadcrumbList\",\"@id\":\"https:\/\/test.puhdasplus.ee\/lt\/tooted\/eteriniai-aliejai\/imbiero-eterinis-aliejus-10-ml\/#breadcrumb\",\"itemListElement\":[{\"@type\":\"ListItem\",\"position\":1,\"name\":\"Prad\u017eia\",\"item\":\"https:\/\/test.puhdasplus.ee\/lt\/\"},{\"@type\":\"ListItem\",\"position\":2,\"name\":\"Produktai\",\"item\":\"https:\/\/test.puhdasplus.ee\/lt\/parduotuve\/\"},{\"@type\":\"ListItem\",\"position\":3,\"name\":\"Imbiero eterinis aliejus 10 ml\"}]},{\"@type\":\"WebSite\",\"@id\":\"https:\/\/test.puhdasplus.ee\/lt\/#website\",\"url\":\"https:\/\/test.puhdasplus.ee\/lt\/\",\"name\":\"Puhdas+\",\"description\":\"Vitamiinid, Toidulisandid, looduskosmeetika, tervis, sport\",\"publisher\":{\"@id\":\"https:\/\/test.puhdasplus.ee\/lt\/#organization\"},\"potentialAction\":[{\"@type\":\"SearchAction\",\"target\":{\"@type\":\"EntryPoint\",\"urlTemplate\":\"https:\/\/test.puhdasplus.ee\/lt\/?s={search_term_string}\"},\"query-input\":{\"@type\":\"PropertyValueSpecification\",\"valueRequired\":true,\"valueName\":\"search_term_string\"}}],\"inLanguage\":\"lt-LT\"},{\"@type\":\"Organization\",\"@id\":\"https:\/\/test.puhdasplus.ee\/lt\/#organization\",\"name\":\"Puhdas+\",\"alternateName\":\"Puhdasplus\",\"url\":\"https:\/\/test.puhdasplus.ee\/lt\/\",\"logo\":{\"@type\":\"ImageObject\",\"inLanguage\":\"lt-LT\",\"@id\":\"https:\/\/test.puhdasplus.ee\/lt\/#\/schema\/logo\/image\/\",\"url\":\"https:\/\/test.puhdasplus.ee\/\/wp-content\/uploads\/2019\/10\/puhdas_logo-arvele.png\",\"contentUrl\":\"https:\/\/test.puhdasplus.ee\/\/wp-content\/uploads\/2019\/10\/puhdas_logo-arvele.png\",\"width\":114,\"height\":94,\"caption\":\"Puhdas+\"},\"image\":{\"@id\":\"https:\/\/test.puhdasplus.ee\/lt\/#\/schema\/logo\/image\/\"},\"sameAs\":[\"https:\/\/www.facebook.com\/puhdasplus\",\"https:\/\/www.instagram.com\/puhdasplus_ee\/\"]}]}<\/script>\n<!-- \/ Yoast SEO plugin. -->","yoast_head_json":{"title":"Imbiero eterinis aliejus 10 ml - Puhdas+","description":"Imbiero eterinis aliejus (10 ml) yra 100 % grynas nat\u016bralus aliejus, kur\u012f galima naudoti \u012fvairiai aromaterapijoje, masa\u017ee ir nam\u0173 aplinkoje.","robots":{"index":"noindex","follow":"follow","max-snippet":"max-snippet:-1","max-image-preview":"max-image-preview:large","max-video-preview":"max-video-preview:-1"},"og_locale":"lt_LT","og_type":"article","og_title":"Imbiero eterinis aliejus 10 ml - Puhdas+","og_description":"Imbiero eterinis aliejus (10 ml) yra 100 % grynas nat\u016bralus aliejus, kur\u012f galima naudoti \u012fvairiai aromaterapijoje, masa\u017ee ir nam\u0173 aplinkoje.","og_url":"https:\/\/test.puhdasplus.ee\/lt\/tooted\/eteriniai-aliejai\/imbiero-eterinis-aliejus-10-ml\/","og_site_name":"Puhdas+","article_publisher":"https:\/\/www.facebook.com\/puhdasplus","article_modified_time":"2026-02-27T09:26:30+00:00","og_image":[{"width":1862,"height":2560,"url":"https:\/\/test.puhdasplus.ee\/wp-content\/uploads\/2025\/03\/161.jpg","type":"image\/jpeg"}],"twitter_card":"summary_large_image","twitter_misc":{"Est. reading time":"2 minut\u0117"},"schema":{"@context":"https:\/\/schema.org","@graph":[{"@type":"WebPage","@id":"https:\/\/test.puhdasplus.ee\/lt\/tooted\/eteriniai-aliejai\/imbiero-eterinis-aliejus-10-ml\/","url":"https:\/\/test.puhdasplus.ee\/lt\/tooted\/eteriniai-aliejai\/imbiero-eterinis-aliejus-10-ml\/","name":"Imbiero eterinis aliejus 10 ml - Puhdas+","isPartOf":{"@id":"https:\/\/test.puhdasplus.ee\/lt\/#website"},"primaryImageOfPage":{"@id":"https:\/\/test.puhdasplus.ee\/lt\/tooted\/eteriniai-aliejai\/imbiero-eterinis-aliejus-10-ml\/#primaryimage"},"image":{"@id":"https:\/\/test.puhdasplus.ee\/lt\/tooted\/eteriniai-aliejai\/imbiero-eterinis-aliejus-10-ml\/#primaryimage"},"thumbnailUrl":"https:\/\/test.puhdasplus.ee\/wp-content\/uploads\/2025\/03\/161.jpg","datePublished":"2025-01-16T16:44:42+00:00","dateModified":"2026-02-27T09:26:30+00:00","description":"Imbiero eterinis aliejus (10 ml) yra 100 % grynas nat\u016bralus aliejus, kur\u012f galima naudoti \u012fvairiai aromaterapijoje, masa\u017ee ir nam\u0173 aplinkoje.","breadcrumb":{"@id":"https:\/\/test.puhdasplus.ee\/lt\/tooted\/eteriniai-aliejai\/imbiero-eterinis-aliejus-10-ml\/#breadcrumb"},"inLanguage":"lt-LT","potentialAction":[{"@type":"ReadAction","target":["https:\/\/test.puhdasplus.ee\/lt\/tooted\/eteriniai-aliejai\/imbiero-eterinis-aliejus-10-ml\/"]}]},{"@type":"ImageObject","inLanguage":"lt-LT","@id":"https:\/\/test.puhdasplus.ee\/lt\/tooted\/eteriniai-aliejai\/imbiero-eterinis-aliejus-10-ml\/#primaryimage","url":"https:\/\/test.puhdasplus.ee\/wp-content\/uploads\/2025\/03\/161.jpg","contentUrl":"https:\/\/test.puhdasplus.ee\/wp-content\/uploads\/2025\/03\/161.jpg","width":1862,"height":2560,"caption":"Imbiero eterinis aliejus 10 ml"},{"@type":"BreadcrumbList","@id":"https:\/\/test.puhdasplus.ee\/lt\/tooted\/eteriniai-aliejai\/imbiero-eterinis-aliejus-10-ml\/#breadcrumb","itemListElement":[{"@type":"ListItem","position":1,"name":"Prad\u017eia","item":"https:\/\/test.puhdasplus.ee\/lt\/"},{"@type":"ListItem","position":2,"name":"Produktai","item":"https:\/\/test.puhdasplus.ee\/lt\/parduotuve\/"},{"@type":"ListItem","position":3,"name":"Imbiero eterinis aliejus 10 ml"}]},{"@type":"WebSite","@id":"https:\/\/test.puhdasplus.ee\/lt\/#website","url":"https:\/\/test.puhdasplus.ee\/lt\/","name":"Puhdas+","description":"Vitamiinid, Toidulisandid, looduskosmeetika, tervis, sport","publisher":{"@id":"https:\/\/test.puhdasplus.ee\/lt\/#organization"},"potentialAction":[{"@type":"SearchAction","target":{"@type":"EntryPoint","urlTemplate":"https:\/\/test.puhdasplus.ee\/lt\/?s={search_term_string}"},"query-input":{"@type":"PropertyValueSpecification","valueRequired":true,"valueName":"search_term_string"}}],"inLanguage":"lt-LT"},{"@type":"Organization","@id":"https:\/\/test.puhdasplus.ee\/lt\/#organization","name":"Puhdas+","alternateName":"Puhdasplus","url":"https:\/\/test.puhdasplus.ee\/lt\/","logo":{"@type":"ImageObject","inLanguage":"lt-LT","@id":"https:\/\/test.puhdasplus.ee\/lt\/#\/schema\/logo\/image\/","url":"https:\/\/test.puhdasplus.ee\/\/wp-content\/uploads\/2019\/10\/puhdas_logo-arvele.png","contentUrl":"https:\/\/test.puhdasplus.ee\/\/wp-content\/uploads\/2019\/10\/puhdas_logo-arvele.png","width":114,"height":94,"caption":"Puhdas+"},"image":{"@id":"https:\/\/test.puhdasplus.ee\/lt\/#\/schema\/logo\/image\/"},"sameAs":["https:\/\/www.facebook.com\/puhdasplus","https:\/\/www.instagram.com\/puhdasplus_ee\/"]}]}},"_links":{"self":[{"href":"https:\/\/test.puhdasplus.ee\/lt\/wp-json\/wp\/v2\/product\/33483","targetHints":{"allow":["GET"]}}],"collection":[{"href":"https:\/\/test.puhdasplus.ee\/lt\/wp-json\/wp\/v2\/product"}],"about":[{"href":"https:\/\/test.puhdasplus.ee\/lt\/wp-json\/wp\/v2\/types\/product"}],"replies":[{"embeddable":true,"href":"https:\/\/test.puhdasplus.ee\/lt\/wp-json\/wp\/v2\/comments?post=33483"}],"wp:featuredmedia":[{"embeddable":true,"href":"https:\/\/test.puhdasplus.ee\/lt\/wp-json\/wp\/v2\/media\/33486"}],"wp:attachment":[{"href":"https:\/\/test.puhdasplus.ee\/lt\/wp-json\/wp\/v2\/media?parent=33483"}],"wp:term":[{"taxonomy":"product_brand","embeddable":true,"href":"https:\/\/test.puhdasplus.ee\/lt\/wp-json\/wp\/v2\/product_brand?post=33483"},{"taxonomy":"product_cat","embeddable":true,"href":"https:\/\/test.puhdasplus.ee\/lt\/wp-json\/wp\/v2\/product_cat?post=33483"},{"taxonomy":"product_tag","embeddable":true,"href":"https:\/\/test.puhdasplus.ee\/lt\/wp-json\/wp\/v2\/product_tag?post=33483"}],"curies":[{"name":"wp","href":"https:\/\/api.w.org\/{rel}","templated":true}]}}