{"id":33433,"date":"2025-01-16T17:53:40","date_gmt":"2025-01-16T15:53:40","guid":{"rendered":"https:\/\/test.puhdasplus.ee\/\/tooted\/be-kategorijos\/citrinu-eterinis-aliejus\/"},"modified":"2026-02-27T11:29:58","modified_gmt":"2026-02-27T09:29:58","slug":"citrinu-eterinis-aliejus","status":"publish","type":"product","link":"https:\/\/test.puhdasplus.ee\/lt\/tooted\/eteriniai-aliejai\/citrinu-eterinis-aliejus\/","title":{"rendered":"Citrin\u0173 eterinis aliejus"},"content":{"rendered":"<h3>Nat\u016bralus gaivumas ir energija<\/h3>\n<p>Citrin\u0173 eterinis aliejus yra 100 % grynas nat\u016bralus aliejus, i\u0161gaunamas i\u0161 citrin\u0173 (Citrus limon) \u017eievel\u0117s. Jo gaivus ir gaivinantis aromatas padeda pagerinti nuotaik\u0105, padidinti koncentracij\u0105, palaikyti vir\u0161kinim\u0105 ir kraujotak\u0105. <\/p>\n<p>Citrin\u0173 eterinis aliejus i\u0161gaunamas i\u0161 kruop\u0161\u010diai atrinkt\u0173 citrin\u0173 \u017eieveli\u0173, u\u017etikrinant auk\u0161t\u0105 kokyb\u0119 ir veiksmingum\u0105. Gaivus ir gaivinantis \u0161io aliejaus kvapas padeda pagerinti nuotaik\u0105, padidinti susikaupim\u0105 ir sukurti maloni\u0105 atmosfer\u0105 namuose. Be to, citrin\u0173 eterinis aliejus yra \u017einomas d\u0117l savo savybi\u0173, kurios palaiko vir\u0161kinim\u0105 ir kraujotak\u0105. Aliej\u0173 galima naudoti aromatin\u0117se lempose, difuzoriuose, pirtyse arba praskiest\u0105 kaip masa\u017eo aliej\u0173.   <\/p>\n<p data-start=\"929\" data-end=\"950\"><strong data-start=\"929\" data-end=\"950\">Pagrindiniai privalumai:<\/strong><\/p>\n<ul data-start=\"951\" data-end=\"1367\">\n<li data-start=\"951\" data-end=\"1010\"><strong data-start=\"953\" data-end=\"974\">Gaivinantis aromatas:<\/strong> stimuliuoja poj\u016b\u010dius ir gerina nuotaik\u0105.<\/li>\n<li data-start=\"1011\" data-end=\"1091\"><strong data-start=\"1013\" data-end=\"1047\">Didesn\u0117 koncentracija:<\/strong> padeda pagerinti d\u0117mes\u012f ir susikaupim\u0105.<\/li>\n<li data-start=\"1092\" data-end=\"1170\"><strong data-start=\"1094\" data-end=\"1126\">Vir\u0161kinimo ir kraujotakos palaikymas:<\/strong> skatina vir\u0161kinim\u0105 ir gerina kraujotak\u0105.<\/li>\n<li data-start=\"1171\" data-end=\"1281\"><strong data-start=\"1173\" data-end=\"1197\">Universalus naudojimas:<\/strong> tinka aromaterapijai, masa\u017eui, pir\u010diai ir nam\u0173 oro gaivikliui.<\/li>\n<li data-start=\"1282\" data-end=\"1367\"><strong data-start=\"1284\" data-end=\"1312\">100 % grynas ir nat\u016bralus:<\/strong> Be sintetini\u0173 pried\u0173 ar konservant\u0173.<\/li>\n<\/ul>\n<p data-start=\"1369\" data-end=\"1408\"><strong data-start=\"1369\" data-end=\"1385\">Sud\u0117tis:<\/strong> citrinmed\u017eio \u017eieveli\u0173 aliejus.<\/p>\n<p data-start=\"1410\" data-end=\"1430\"><strong data-start=\"1410\" data-end=\"1430\">Naudojimo instrukcijos:<\/strong><\/p>\n<ul data-start=\"1431\" data-end=\"2038\">\n<li data-start=\"1431\" data-end=\"1558\"><strong data-start=\"1433\" data-end=\"1452\">Aromaterapija:<\/strong> \u012ela\u0161inkite 3\u20137 la\u0161us eterinio aliejaus \u012f aromatin\u0119 lemp\u0105 arba difuzori\u0173, kad atgaivintum\u0117te or\u0105 ir stimuliuotum\u0117te poj\u016b\u010dius.<\/li>\n<li data-start=\"1559\" data-end=\"1719\"><strong data-start=\"1561\" data-end=\"1573\">Masa\u017eas:<\/strong> 1\u20132 la\u0161us eterinio aliejaus praskieskite 10 ml bazinio aliejaus (pvz., migdol\u0173 arba simondsij\u0173 aliejaus) ir \u012fmasa\u017euokite \u012f od\u0105, kad pagerintum\u0117te kraujotak\u0105 ir tonizuotum\u0117te od\u0105.<\/li>\n<li data-start=\"1720\" data-end=\"1819\"><strong data-start=\"1722\" data-end=\"1731\">Pirtis:<\/strong> \u012ela\u0161inkite 1\u20133 la\u0161us eterinio aliejaus \u012f garin\u012f vanden\u012f, kad sukurtum\u0117te gaivinant\u012f ir gaivinant\u012f pirties potyr\u012f.<\/li>\n<li data-start=\"1820\" data-end=\"1954\"><strong data-start=\"1822\" data-end=\"1831\">Vonia:<\/strong> sumai\u0161ykite 3\u20135 la\u0161us eterinio aliejaus su medumi arba skystu muilu ir \u012fla\u0161inkite \u012f vonios vanden\u012f, kad m\u0117gautum\u0117t\u0117s atpalaiduojan\u010dia ir gaivinan\u010dia vonia.<\/li>\n<li data-start=\"1955\" data-end=\"2038\"><strong data-start=\"1957\" data-end=\"1974\">Nam\u0173 valymas:<\/strong> \u012ela\u0161inkite kelis la\u0161us \u012f grind\u0173 plovimo vanden\u012f, kad suteiktum\u0117te namams gaiv\u0173 kvap\u0105.<\/li>\n<\/ul>\n<p data-start=\"2040\" data-end=\"2500\"><strong data-start=\"2040\" data-end=\"2058\">Saugos instrukcijos:<\/strong> Tik i\u0161oriniam naudojimui. Netepkite neskiesto aliejaus tiesiai ant odos. Venkite patekimo \u012f akis ir ant gleivini\u0173.   Laikyti vaikams nepasiekiamoje vietoje. N\u0117\u0161\u010dios moterys, maitinan\u010dios motinos, vaikai, pagyven\u0119 \u017emon\u0117s ir \u017emon\u0117s, sergantys l\u0117tin\u0117mis ligomis, prie\u0161 vartojim\u0105 tur\u0117t\u0173 pasitarti su sveikatos prie\u017ei\u016bros specialistu. Panaudoj\u0119 citrin\u0173 eterin\u012f aliej\u0173 ant odos, bent 12 valand\u0173 venkite saul\u0117s spinduli\u0173, nes tai gali padidinti odos jautrum\u0105 saulei.<\/p>\n","protected":false},"excerpt":{"rendered":"<p>100 % grynas citrin\u0173 eterinis aliejus, pasi\u017eymintis gaivinan\u010diu aromatu ir universaliu panaudojimu aromaterapijoje, masa\u017ee ir namuose.<\/p>\n","protected":false},"featured_media":32388,"comment_status":"closed","ping_status":"closed","template":"","meta":{"_acf_changed":false},"product_brand":[],"product_cat":[2752],"product_tag":[2754,3635,3633,3632,2755,3003,3636],"class_list":{"0":"post-33433","1":"product","2":"type-product","3":"status-publish","4":"has-post-thumbnail","6":"product_cat-eteriniai-aliejai","7":"product_tag-aromaterapija","8":"product_tag-citrinu-eterinis-aliejus","9":"product_tag-gerinant-kraujotaka","10":"product_tag-koncentracija","11":"product_tag-naturalus-oro-gaiviklis","12":"product_tag-nuotaikos-pagerejimas","13":"product_tag-virskinimo-palaikymas","15":"first","16":"onbackorder","17":"taxable","18":"shipping-taxable","19":"purchasable","20":"product-type-variable","21":"has-default-attributes"},"acf":[],"yoast_head":"<!-- This site is optimized with the Yoast SEO plugin v27.1.1 - https:\/\/yoast.com\/product\/yoast-seo-wordpress\/ -->\n<title>Citrin\u0173 eterinis aliejus - Puhdas+<\/title>\n<meta name=\"description\" content=\"Citrin\u0173 eterinis aliejus yra 100 % grynas nat\u016bralus aliejus, kur\u012f galima naudoti \u012fvairiai: aromaterapijoje, masa\u017ee ir nam\u0173 aplinkoje.\" \/>\n<meta name=\"robots\" content=\"noindex, follow, max-snippet:-1, max-image-preview:large, max-video-preview:-1\" \/>\n<meta property=\"og:locale\" content=\"lt_LT\" \/>\n<meta property=\"og:type\" content=\"article\" \/>\n<meta property=\"og:title\" content=\"Citrin\u0173 eterinis aliejus - Puhdas+\" \/>\n<meta property=\"og:description\" content=\"Citrin\u0173 eterinis aliejus yra 100 % grynas nat\u016bralus aliejus, kur\u012f galima naudoti \u012fvairiai: aromaterapijoje, masa\u017ee ir nam\u0173 aplinkoje.\" \/>\n<meta property=\"og:url\" content=\"https:\/\/test.puhdasplus.ee\/lt\/tooted\/eteriniai-aliejai\/citrinu-eterinis-aliejus\/\" \/>\n<meta property=\"og:site_name\" content=\"Puhdas+\" \/>\n<meta property=\"article:publisher\" content=\"https:\/\/www.facebook.com\/puhdasplus\" \/>\n<meta property=\"article:modified_time\" content=\"2026-02-27T09:29:58+00:00\" \/>\n<meta property=\"og:image\" content=\"https:\/\/test.puhdasplus.ee\/wp-content\/uploads\/2025\/01\/208.jpg\" \/>\n\t<meta property=\"og:image:width\" content=\"1862\" \/>\n\t<meta property=\"og:image:height\" content=\"2560\" \/>\n\t<meta property=\"og:image:type\" content=\"image\/jpeg\" \/>\n<meta name=\"twitter:card\" content=\"summary_large_image\" \/>\n<meta name=\"twitter:label1\" content=\"Est. reading time\" \/>\n\t<meta name=\"twitter:data1\" content=\"2 minut\u0117\" \/>\n<script type=\"application\/ld+json\" class=\"yoast-schema-graph\">{\"@context\":\"https:\/\/schema.org\",\"@graph\":[{\"@type\":\"WebPage\",\"@id\":\"https:\/\/test.puhdasplus.ee\/lt\/tooted\/eteriniai-aliejai\/citrinu-eterinis-aliejus\/\",\"url\":\"https:\/\/test.puhdasplus.ee\/lt\/tooted\/eteriniai-aliejai\/citrinu-eterinis-aliejus\/\",\"name\":\"Citrin\u0173 eterinis aliejus - Puhdas+\",\"isPartOf\":{\"@id\":\"https:\/\/test.puhdasplus.ee\/lt\/#website\"},\"primaryImageOfPage\":{\"@id\":\"https:\/\/test.puhdasplus.ee\/lt\/tooted\/eteriniai-aliejai\/citrinu-eterinis-aliejus\/#primaryimage\"},\"image\":{\"@id\":\"https:\/\/test.puhdasplus.ee\/lt\/tooted\/eteriniai-aliejai\/citrinu-eterinis-aliejus\/#primaryimage\"},\"thumbnailUrl\":\"https:\/\/test.puhdasplus.ee\/wp-content\/uploads\/2025\/01\/208.jpg\",\"datePublished\":\"2025-01-16T15:53:40+00:00\",\"dateModified\":\"2026-02-27T09:29:58+00:00\",\"description\":\"Citrin\u0173 eterinis aliejus yra 100 % grynas nat\u016bralus aliejus, kur\u012f galima naudoti \u012fvairiai: aromaterapijoje, masa\u017ee ir nam\u0173 aplinkoje.\",\"breadcrumb\":{\"@id\":\"https:\/\/test.puhdasplus.ee\/lt\/tooted\/eteriniai-aliejai\/citrinu-eterinis-aliejus\/#breadcrumb\"},\"inLanguage\":\"lt-LT\",\"potentialAction\":[{\"@type\":\"ReadAction\",\"target\":[\"https:\/\/test.puhdasplus.ee\/lt\/tooted\/eteriniai-aliejai\/citrinu-eterinis-aliejus\/\"]}]},{\"@type\":\"ImageObject\",\"inLanguage\":\"lt-LT\",\"@id\":\"https:\/\/test.puhdasplus.ee\/lt\/tooted\/eteriniai-aliejai\/citrinu-eterinis-aliejus\/#primaryimage\",\"url\":\"https:\/\/test.puhdasplus.ee\/wp-content\/uploads\/2025\/01\/208.jpg\",\"contentUrl\":\"https:\/\/test.puhdasplus.ee\/wp-content\/uploads\/2025\/01\/208.jpg\",\"width\":1862,\"height\":2560,\"caption\":\"citrin\u0173 eterinis aliejus\"},{\"@type\":\"BreadcrumbList\",\"@id\":\"https:\/\/test.puhdasplus.ee\/lt\/tooted\/eteriniai-aliejai\/citrinu-eterinis-aliejus\/#breadcrumb\",\"itemListElement\":[{\"@type\":\"ListItem\",\"position\":1,\"name\":\"Prad\u017eia\",\"item\":\"https:\/\/test.puhdasplus.ee\/lt\/\"},{\"@type\":\"ListItem\",\"position\":2,\"name\":\"Produktai\",\"item\":\"https:\/\/test.puhdasplus.ee\/lt\/parduotuve\/\"},{\"@type\":\"ListItem\",\"position\":3,\"name\":\"Citrin\u0173 eterinis aliejus\"}]},{\"@type\":\"WebSite\",\"@id\":\"https:\/\/test.puhdasplus.ee\/lt\/#website\",\"url\":\"https:\/\/test.puhdasplus.ee\/lt\/\",\"name\":\"Puhdas+\",\"description\":\"Vitamiinid, Toidulisandid, looduskosmeetika, tervis, sport\",\"publisher\":{\"@id\":\"https:\/\/test.puhdasplus.ee\/lt\/#organization\"},\"potentialAction\":[{\"@type\":\"SearchAction\",\"target\":{\"@type\":\"EntryPoint\",\"urlTemplate\":\"https:\/\/test.puhdasplus.ee\/lt\/?s={search_term_string}\"},\"query-input\":{\"@type\":\"PropertyValueSpecification\",\"valueRequired\":true,\"valueName\":\"search_term_string\"}}],\"inLanguage\":\"lt-LT\"},{\"@type\":\"Organization\",\"@id\":\"https:\/\/test.puhdasplus.ee\/lt\/#organization\",\"name\":\"Puhdas+\",\"alternateName\":\"Puhdasplus\",\"url\":\"https:\/\/test.puhdasplus.ee\/lt\/\",\"logo\":{\"@type\":\"ImageObject\",\"inLanguage\":\"lt-LT\",\"@id\":\"https:\/\/test.puhdasplus.ee\/lt\/#\/schema\/logo\/image\/\",\"url\":\"https:\/\/test.puhdasplus.ee\/\/wp-content\/uploads\/2019\/10\/puhdas_logo-arvele.png\",\"contentUrl\":\"https:\/\/test.puhdasplus.ee\/\/wp-content\/uploads\/2019\/10\/puhdas_logo-arvele.png\",\"width\":114,\"height\":94,\"caption\":\"Puhdas+\"},\"image\":{\"@id\":\"https:\/\/test.puhdasplus.ee\/lt\/#\/schema\/logo\/image\/\"},\"sameAs\":[\"https:\/\/www.facebook.com\/puhdasplus\",\"https:\/\/www.instagram.com\/puhdasplus_ee\/\"]}]}<\/script>\n<!-- \/ Yoast SEO plugin. -->","yoast_head_json":{"title":"Citrin\u0173 eterinis aliejus - Puhdas+","description":"Citrin\u0173 eterinis aliejus yra 100 % grynas nat\u016bralus aliejus, kur\u012f galima naudoti \u012fvairiai: aromaterapijoje, masa\u017ee ir nam\u0173 aplinkoje.","robots":{"index":"noindex","follow":"follow","max-snippet":"max-snippet:-1","max-image-preview":"max-image-preview:large","max-video-preview":"max-video-preview:-1"},"og_locale":"lt_LT","og_type":"article","og_title":"Citrin\u0173 eterinis aliejus - Puhdas+","og_description":"Citrin\u0173 eterinis aliejus yra 100 % grynas nat\u016bralus aliejus, kur\u012f galima naudoti \u012fvairiai: aromaterapijoje, masa\u017ee ir nam\u0173 aplinkoje.","og_url":"https:\/\/test.puhdasplus.ee\/lt\/tooted\/eteriniai-aliejai\/citrinu-eterinis-aliejus\/","og_site_name":"Puhdas+","article_publisher":"https:\/\/www.facebook.com\/puhdasplus","article_modified_time":"2026-02-27T09:29:58+00:00","og_image":[{"width":1862,"height":2560,"url":"https:\/\/test.puhdasplus.ee\/wp-content\/uploads\/2025\/01\/208.jpg","type":"image\/jpeg"}],"twitter_card":"summary_large_image","twitter_misc":{"Est. reading time":"2 minut\u0117"},"schema":{"@context":"https:\/\/schema.org","@graph":[{"@type":"WebPage","@id":"https:\/\/test.puhdasplus.ee\/lt\/tooted\/eteriniai-aliejai\/citrinu-eterinis-aliejus\/","url":"https:\/\/test.puhdasplus.ee\/lt\/tooted\/eteriniai-aliejai\/citrinu-eterinis-aliejus\/","name":"Citrin\u0173 eterinis aliejus - Puhdas+","isPartOf":{"@id":"https:\/\/test.puhdasplus.ee\/lt\/#website"},"primaryImageOfPage":{"@id":"https:\/\/test.puhdasplus.ee\/lt\/tooted\/eteriniai-aliejai\/citrinu-eterinis-aliejus\/#primaryimage"},"image":{"@id":"https:\/\/test.puhdasplus.ee\/lt\/tooted\/eteriniai-aliejai\/citrinu-eterinis-aliejus\/#primaryimage"},"thumbnailUrl":"https:\/\/test.puhdasplus.ee\/wp-content\/uploads\/2025\/01\/208.jpg","datePublished":"2025-01-16T15:53:40+00:00","dateModified":"2026-02-27T09:29:58+00:00","description":"Citrin\u0173 eterinis aliejus yra 100 % grynas nat\u016bralus aliejus, kur\u012f galima naudoti \u012fvairiai: aromaterapijoje, masa\u017ee ir nam\u0173 aplinkoje.","breadcrumb":{"@id":"https:\/\/test.puhdasplus.ee\/lt\/tooted\/eteriniai-aliejai\/citrinu-eterinis-aliejus\/#breadcrumb"},"inLanguage":"lt-LT","potentialAction":[{"@type":"ReadAction","target":["https:\/\/test.puhdasplus.ee\/lt\/tooted\/eteriniai-aliejai\/citrinu-eterinis-aliejus\/"]}]},{"@type":"ImageObject","inLanguage":"lt-LT","@id":"https:\/\/test.puhdasplus.ee\/lt\/tooted\/eteriniai-aliejai\/citrinu-eterinis-aliejus\/#primaryimage","url":"https:\/\/test.puhdasplus.ee\/wp-content\/uploads\/2025\/01\/208.jpg","contentUrl":"https:\/\/test.puhdasplus.ee\/wp-content\/uploads\/2025\/01\/208.jpg","width":1862,"height":2560,"caption":"citrin\u0173 eterinis aliejus"},{"@type":"BreadcrumbList","@id":"https:\/\/test.puhdasplus.ee\/lt\/tooted\/eteriniai-aliejai\/citrinu-eterinis-aliejus\/#breadcrumb","itemListElement":[{"@type":"ListItem","position":1,"name":"Prad\u017eia","item":"https:\/\/test.puhdasplus.ee\/lt\/"},{"@type":"ListItem","position":2,"name":"Produktai","item":"https:\/\/test.puhdasplus.ee\/lt\/parduotuve\/"},{"@type":"ListItem","position":3,"name":"Citrin\u0173 eterinis aliejus"}]},{"@type":"WebSite","@id":"https:\/\/test.puhdasplus.ee\/lt\/#website","url":"https:\/\/test.puhdasplus.ee\/lt\/","name":"Puhdas+","description":"Vitamiinid, Toidulisandid, looduskosmeetika, tervis, sport","publisher":{"@id":"https:\/\/test.puhdasplus.ee\/lt\/#organization"},"potentialAction":[{"@type":"SearchAction","target":{"@type":"EntryPoint","urlTemplate":"https:\/\/test.puhdasplus.ee\/lt\/?s={search_term_string}"},"query-input":{"@type":"PropertyValueSpecification","valueRequired":true,"valueName":"search_term_string"}}],"inLanguage":"lt-LT"},{"@type":"Organization","@id":"https:\/\/test.puhdasplus.ee\/lt\/#organization","name":"Puhdas+","alternateName":"Puhdasplus","url":"https:\/\/test.puhdasplus.ee\/lt\/","logo":{"@type":"ImageObject","inLanguage":"lt-LT","@id":"https:\/\/test.puhdasplus.ee\/lt\/#\/schema\/logo\/image\/","url":"https:\/\/test.puhdasplus.ee\/\/wp-content\/uploads\/2019\/10\/puhdas_logo-arvele.png","contentUrl":"https:\/\/test.puhdasplus.ee\/\/wp-content\/uploads\/2019\/10\/puhdas_logo-arvele.png","width":114,"height":94,"caption":"Puhdas+"},"image":{"@id":"https:\/\/test.puhdasplus.ee\/lt\/#\/schema\/logo\/image\/"},"sameAs":["https:\/\/www.facebook.com\/puhdasplus","https:\/\/www.instagram.com\/puhdasplus_ee\/"]}]}},"_links":{"self":[{"href":"https:\/\/test.puhdasplus.ee\/lt\/wp-json\/wp\/v2\/product\/33433","targetHints":{"allow":["GET"]}}],"collection":[{"href":"https:\/\/test.puhdasplus.ee\/lt\/wp-json\/wp\/v2\/product"}],"about":[{"href":"https:\/\/test.puhdasplus.ee\/lt\/wp-json\/wp\/v2\/types\/product"}],"replies":[{"embeddable":true,"href":"https:\/\/test.puhdasplus.ee\/lt\/wp-json\/wp\/v2\/comments?post=33433"}],"wp:featuredmedia":[{"embeddable":true,"href":"https:\/\/test.puhdasplus.ee\/lt\/wp-json\/wp\/v2\/media\/32388"}],"wp:attachment":[{"href":"https:\/\/test.puhdasplus.ee\/lt\/wp-json\/wp\/v2\/media?parent=33433"}],"wp:term":[{"taxonomy":"product_brand","embeddable":true,"href":"https:\/\/test.puhdasplus.ee\/lt\/wp-json\/wp\/v2\/product_brand?post=33433"},{"taxonomy":"product_cat","embeddable":true,"href":"https:\/\/test.puhdasplus.ee\/lt\/wp-json\/wp\/v2\/product_cat?post=33433"},{"taxonomy":"product_tag","embeddable":true,"href":"https:\/\/test.puhdasplus.ee\/lt\/wp-json\/wp\/v2\/product_tag?post=33433"}],"curies":[{"name":"wp","href":"https:\/\/api.w.org\/{rel}","templated":true}]}}