{"id":33430,"date":"2025-01-16T18:15:35","date_gmt":"2025-01-16T16:15:35","guid":{"rendered":"https:\/\/test.puhdasplus.ee\/\/tooted\/be-kategorijos\/rozmarinu-eterinis-aliejus\/"},"modified":"2026-02-27T11:26:22","modified_gmt":"2026-02-27T09:26:22","slug":"rozmarinu-eterinis-aliejus","status":"publish","type":"product","link":"https:\/\/test.puhdasplus.ee\/lt\/tooted\/eteriniai-aliejai\/rozmarinu-eterinis-aliejus\/","title":{"rendered":"Rozmarin\u0173 eterinis aliejus"},"content":{"rendered":"<h3>Nat\u016brali parama protui ir k\u016bnui<\/h3>\n<p>Rozmarin\u0173 eterinis aliejus yra 100 % grynas nat\u016bralus aliejus, gaunamas i\u0161 rozmarin\u0173 augalo (Rosmarinus officinalis) lap\u0173. Jo gaivus, \u017eoleli\u0173 aromatas padeda pagerinti koncentracij\u0105, suma\u017einti stres\u0105 ir palaikyti plauk\u0173 bei odos sveikat\u0105. <\/p>\n<p data-start=\"519\" data-end=\"1096\">Rozmarin\u0173 eterinis aliejus i\u0161gaunamas i\u0161 kruop\u0161\u010diai atrinkt\u0173 rozmarin\u0173 lap\u0173, u\u017etikrinant auk\u0161t\u0105 kokyb\u0119 ir veiksmingum\u0105. Gaivus ir \u017eoleli\u0173 aromatas \u0161iame aliejuje padeda pagerinti susikaupim\u0105, suma\u017einti stres\u0105 ir sukurti maloni\u0105 atmosfer\u0105 namuose. Rozmarin\u0173 eterinis aliejus yra \u017einomas d\u0117l savo stimuliuojan\u010di\u0173 savybi\u0173, kurios padeda stimuliuoti kraujotak\u0105 ir palaiko imunin\u0119 sistem\u0105. Jis taip pat populiarus plauk\u0173 prie\u017ei\u016broje, skatina plauk\u0173 augim\u0105 ir gerina galvos odos sveikat\u0105. Aliej\u0173 galima naudoti aromatin\u0117se lempose, difuzoriuose, pirtyse arba praskiest\u0105 kaip masa\u017eo aliej\u0173.    <\/p>\n<p data-start=\"1098\" data-end=\"1119\"><strong data-start=\"1098\" data-end=\"1119\">Pagrindiniai privalumai:<\/strong><\/p>\n<ul data-start=\"1120\" data-end=\"1686\">\n<li data-start=\"1120\" data-end=\"1206\"><strong data-start=\"1122\" data-end=\"1155\">Gerina koncentracij\u0105:<\/strong> stimuliuoja poj\u016b\u010dius ir padeda padidinti protin\u012f ai\u0161kum\u0105.<\/li>\n<li data-start=\"1207\" data-end=\"1296\"><strong data-start=\"1209\" data-end=\"1234\">Streso ma\u017einimas:<\/strong> padeda suma\u017einti stres\u0105 ir nerim\u0105, skatindamas atsipalaidavim\u0105.<\/li>\n<li data-start=\"1297\" data-end=\"1402\"><strong data-start=\"1299\" data-end=\"1329\">Plauk\u0173 ir galvos odos prie\u017ei\u016bra:<\/strong> Skatina plauk\u0173 augim\u0105, stiprina plaukus ir gerina galvos odos sveikat\u0105.<\/li>\n<li data-start=\"1403\" data-end=\"1485\"><strong data-start=\"1405\" data-end=\"1430\">Kraujotakos stimuliavimas:<\/strong> Skatina kraujotak\u0105 ir padeda suma\u017einti raumen\u0173 \u012ftamp\u0105.<\/li>\n<li data-start=\"1486\" data-end=\"1600\"><strong data-start=\"1488\" data-end=\"1512\">Universalus naudojimas:<\/strong> tinka aromaterapijai, masa\u017eui, pir\u010diai, plauk\u0173 ir odos prie\u017ei\u016brai.<\/li>\n<li data-start=\"1601\" data-end=\"1686\"><strong data-start=\"1603\" data-end=\"1631\">100 % grynas ir nat\u016bralus:<\/strong> Be sintetini\u0173 pried\u0173 ar konservant\u0173.<\/li>\n<\/ul>\n<p data-start=\"1688\" data-end=\"1737\"><strong data-start=\"1688\" data-end=\"1704\">Sud\u0117tis:<\/strong> vaistinio rozmarino lap\u0173 aliejus.<\/p>\n<p data-start=\"1739\" data-end=\"1759\"><strong data-start=\"1739\" data-end=\"1759\">Naudojimo instrukcijos:<\/strong><\/p>\n<ul data-start=\"1760\" data-end=\"2434\">\n<li data-start=\"1760\" data-end=\"1887\"><strong data-start=\"1762\" data-end=\"1781\">Aromaterapija:<\/strong> \u012ela\u0161inkite 3\u20137 la\u0161us eterinio aliejaus \u012f aromatin\u0119 lemp\u0105 arba difuzori\u0173, kad atgaivintum\u0117te kambario or\u0105 ir stimuliuotum\u0117te poj\u016b\u010dius.<\/li>\n<li data-start=\"1888\" data-end=\"2054\"><strong data-start=\"1890\" data-end=\"1902\">Masa\u017eas:<\/strong> 1\u20132 la\u0161us eterinio aliejaus praskieskite 10 ml bazinio aliejaus (pvz., migdol\u0173 arba simondsij\u0173 aliejaus) ir \u012fmasa\u017euokite \u012f od\u0105, kad suma\u017eintum\u0117te raumen\u0173 \u012ftamp\u0105 ir pagerintum\u0117te kraujotak\u0105.<\/li>\n<li data-start=\"2055\" data-end=\"2154\"><strong data-start=\"2057\" data-end=\"2066\">Pirtis:<\/strong> \u012ela\u0161inkite 1\u20133 la\u0161us eterinio aliejaus \u012f garin\u012f vanden\u012f, kad sukurtum\u0117te gaivinant\u012f ir gaivinant\u012f pirties potyr\u012f.<\/li>\n<li data-start=\"2155\" data-end=\"2299\"><strong data-start=\"2157\" data-end=\"2175\">Plauk\u0173 prie\u017ei\u016bra:<\/strong> \u012ela\u0161inkite kelis la\u0161us eterinio aliejaus \u012f \u0161amp\u016bn\u0105 ar kondicionieri\u0173, kad paskatintum\u0117te plauk\u0173 augim\u0105 ir pagerintum\u0117te galvos odos sveikat\u0105.<\/li>\n<li data-start=\"2300\" data-end=\"2434\"><strong data-start=\"2302\" data-end=\"2311\">Vonia:<\/strong> sumai\u0161ykite 3\u20135 la\u0161us eterinio aliejaus su medumi arba skystu muilu ir \u012fla\u0161inkite \u012f vonios vanden\u012f, kad vonia b\u016bt\u0173 atpalaiduojanti ir gaivinanti.<\/li>\n<\/ul>\n<p data-start=\"2436\" data-end=\"2743\"><strong data-start=\"2436\" data-end=\"2454\">Saugos instrukcijos:<\/strong> Tik i\u0161oriniam naudojimui. Netepkite neskiesto aliejaus tiesiai ant odos. Venkite patekimo \u012f akis ir ant gleivini\u0173.   Laikyti vaikams nepasiekiamoje vietoje. N\u0117\u0161\u010dios moterys, maitinan\u010dios motinos, vaikai, pagyven\u0119 \u017emon\u0117s ir \u017emon\u0117s, sergantys l\u0117tin\u0117mis ligomis, prie\u0161 vartojim\u0105 tur\u0117t\u0173 pasitarti su sveikatos prie\u017ei\u016bros specialistu.<\/p>\n","protected":false},"excerpt":{"rendered":"<p>100 % gryno rozmarin\u0173 eterinio aliejaus, pasi\u017eymin\u010dio gaivinan\u010diu aromatu ir universaliu panaudojimu aromaterapijoje, masa\u017ee, plauk\u0173 ir odos prie\u017ei\u016broje.<\/p>\n","protected":false},"featured_media":33432,"comment_status":"closed","ping_status":"closed","template":"","meta":{"_acf_changed":false},"product_brand":[],"product_cat":[2752],"product_tag":[2754,3633,3632,2755,3634,2562,2753],"class_list":{"0":"post-33430","1":"product","2":"type-product","3":"status-publish","4":"has-post-thumbnail","6":"product_cat-eteriniai-aliejai","7":"product_tag-aromaterapija","8":"product_tag-gerinant-kraujotaka","9":"product_tag-koncentracija","10":"product_tag-naturalus-oro-gaiviklis","11":"product_tag-osmarino-eterinis-aliejus","12":"product_tag-plauku-prieziura","13":"product_tag-streso-mazinimas","15":"first","16":"onbackorder","17":"taxable","18":"shipping-taxable","19":"purchasable","20":"product-type-variable","21":"has-default-attributes"},"acf":[],"yoast_head":"<!-- This site is optimized with the Yoast SEO plugin v27.1.1 - https:\/\/yoast.com\/product\/yoast-seo-wordpress\/ -->\n<title>Rozmarin\u0173 eterinis aliejus - Puhdas+<\/title>\n<meta name=\"description\" content=\"Rozmarin\u0173 eterinis aliejus (10 ml) yra 100 % grynas nat\u016bralus aliejus, kur\u012f galima pla\u010diai naudoti aromaterapijoje, plauk\u0173 ir odos prie\u017ei\u016broje.\" \/>\n<meta name=\"robots\" content=\"noindex, follow, max-snippet:-1, max-image-preview:large, max-video-preview:-1\" \/>\n<meta property=\"og:locale\" content=\"lt_LT\" \/>\n<meta property=\"og:type\" content=\"article\" \/>\n<meta property=\"og:title\" content=\"Rozmarin\u0173 eterinis aliejus - Puhdas+\" \/>\n<meta property=\"og:description\" content=\"Rozmarin\u0173 eterinis aliejus (10 ml) yra 100 % grynas nat\u016bralus aliejus, kur\u012f galima pla\u010diai naudoti aromaterapijoje, plauk\u0173 ir odos prie\u017ei\u016broje.\" \/>\n<meta property=\"og:url\" content=\"https:\/\/test.puhdasplus.ee\/lt\/tooted\/eteriniai-aliejai\/rozmarinu-eterinis-aliejus\/\" \/>\n<meta property=\"og:site_name\" content=\"Puhdas+\" \/>\n<meta property=\"article:publisher\" content=\"https:\/\/www.facebook.com\/puhdasplus\" \/>\n<meta property=\"article:modified_time\" content=\"2026-02-27T09:26:22+00:00\" \/>\n<meta property=\"og:image\" content=\"https:\/\/test.puhdasplus.ee\/wp-content\/uploads\/2025\/03\/86.jpg\" \/>\n\t<meta property=\"og:image:width\" content=\"1862\" \/>\n\t<meta property=\"og:image:height\" content=\"2560\" \/>\n\t<meta property=\"og:image:type\" content=\"image\/jpeg\" \/>\n<meta name=\"twitter:card\" content=\"summary_large_image\" \/>\n<meta name=\"twitter:label1\" content=\"Est. reading time\" \/>\n\t<meta name=\"twitter:data1\" content=\"2 minut\u0117\" \/>\n<script type=\"application\/ld+json\" class=\"yoast-schema-graph\">{\"@context\":\"https:\/\/schema.org\",\"@graph\":[{\"@type\":\"WebPage\",\"@id\":\"https:\/\/test.puhdasplus.ee\/lt\/tooted\/eteriniai-aliejai\/rozmarinu-eterinis-aliejus\/\",\"url\":\"https:\/\/test.puhdasplus.ee\/lt\/tooted\/eteriniai-aliejai\/rozmarinu-eterinis-aliejus\/\",\"name\":\"Rozmarin\u0173 eterinis aliejus - Puhdas+\",\"isPartOf\":{\"@id\":\"https:\/\/test.puhdasplus.ee\/lt\/#website\"},\"primaryImageOfPage\":{\"@id\":\"https:\/\/test.puhdasplus.ee\/lt\/tooted\/eteriniai-aliejai\/rozmarinu-eterinis-aliejus\/#primaryimage\"},\"image\":{\"@id\":\"https:\/\/test.puhdasplus.ee\/lt\/tooted\/eteriniai-aliejai\/rozmarinu-eterinis-aliejus\/#primaryimage\"},\"thumbnailUrl\":\"https:\/\/test.puhdasplus.ee\/wp-content\/uploads\/2025\/03\/86.jpg\",\"datePublished\":\"2025-01-16T16:15:35+00:00\",\"dateModified\":\"2026-02-27T09:26:22+00:00\",\"description\":\"Rozmarin\u0173 eterinis aliejus (10 ml) yra 100 % grynas nat\u016bralus aliejus, kur\u012f galima pla\u010diai naudoti aromaterapijoje, plauk\u0173 ir odos prie\u017ei\u016broje.\",\"breadcrumb\":{\"@id\":\"https:\/\/test.puhdasplus.ee\/lt\/tooted\/eteriniai-aliejai\/rozmarinu-eterinis-aliejus\/#breadcrumb\"},\"inLanguage\":\"lt-LT\",\"potentialAction\":[{\"@type\":\"ReadAction\",\"target\":[\"https:\/\/test.puhdasplus.ee\/lt\/tooted\/eteriniai-aliejai\/rozmarinu-eterinis-aliejus\/\"]}]},{\"@type\":\"ImageObject\",\"inLanguage\":\"lt-LT\",\"@id\":\"https:\/\/test.puhdasplus.ee\/lt\/tooted\/eteriniai-aliejai\/rozmarinu-eterinis-aliejus\/#primaryimage\",\"url\":\"https:\/\/test.puhdasplus.ee\/wp-content\/uploads\/2025\/03\/86.jpg\",\"contentUrl\":\"https:\/\/test.puhdasplus.ee\/wp-content\/uploads\/2025\/03\/86.jpg\",\"width\":1862,\"height\":2560,\"caption\":\"Rozmarin\u0173 eterinis aliejus\"},{\"@type\":\"BreadcrumbList\",\"@id\":\"https:\/\/test.puhdasplus.ee\/lt\/tooted\/eteriniai-aliejai\/rozmarinu-eterinis-aliejus\/#breadcrumb\",\"itemListElement\":[{\"@type\":\"ListItem\",\"position\":1,\"name\":\"Prad\u017eia\",\"item\":\"https:\/\/test.puhdasplus.ee\/lt\/\"},{\"@type\":\"ListItem\",\"position\":2,\"name\":\"Produktai\",\"item\":\"https:\/\/test.puhdasplus.ee\/lt\/parduotuve\/\"},{\"@type\":\"ListItem\",\"position\":3,\"name\":\"Rozmarin\u0173 eterinis aliejus\"}]},{\"@type\":\"WebSite\",\"@id\":\"https:\/\/test.puhdasplus.ee\/lt\/#website\",\"url\":\"https:\/\/test.puhdasplus.ee\/lt\/\",\"name\":\"Puhdas+\",\"description\":\"Vitamiinid, Toidulisandid, looduskosmeetika, tervis, sport\",\"publisher\":{\"@id\":\"https:\/\/test.puhdasplus.ee\/lt\/#organization\"},\"potentialAction\":[{\"@type\":\"SearchAction\",\"target\":{\"@type\":\"EntryPoint\",\"urlTemplate\":\"https:\/\/test.puhdasplus.ee\/lt\/?s={search_term_string}\"},\"query-input\":{\"@type\":\"PropertyValueSpecification\",\"valueRequired\":true,\"valueName\":\"search_term_string\"}}],\"inLanguage\":\"lt-LT\"},{\"@type\":\"Organization\",\"@id\":\"https:\/\/test.puhdasplus.ee\/lt\/#organization\",\"name\":\"Puhdas+\",\"alternateName\":\"Puhdasplus\",\"url\":\"https:\/\/test.puhdasplus.ee\/lt\/\",\"logo\":{\"@type\":\"ImageObject\",\"inLanguage\":\"lt-LT\",\"@id\":\"https:\/\/test.puhdasplus.ee\/lt\/#\/schema\/logo\/image\/\",\"url\":\"https:\/\/test.puhdasplus.ee\/\/wp-content\/uploads\/2019\/10\/puhdas_logo-arvele.png\",\"contentUrl\":\"https:\/\/test.puhdasplus.ee\/\/wp-content\/uploads\/2019\/10\/puhdas_logo-arvele.png\",\"width\":114,\"height\":94,\"caption\":\"Puhdas+\"},\"image\":{\"@id\":\"https:\/\/test.puhdasplus.ee\/lt\/#\/schema\/logo\/image\/\"},\"sameAs\":[\"https:\/\/www.facebook.com\/puhdasplus\",\"https:\/\/www.instagram.com\/puhdasplus_ee\/\"]}]}<\/script>\n<!-- \/ Yoast SEO plugin. -->","yoast_head_json":{"title":"Rozmarin\u0173 eterinis aliejus - Puhdas+","description":"Rozmarin\u0173 eterinis aliejus (10 ml) yra 100 % grynas nat\u016bralus aliejus, kur\u012f galima pla\u010diai naudoti aromaterapijoje, plauk\u0173 ir odos prie\u017ei\u016broje.","robots":{"index":"noindex","follow":"follow","max-snippet":"max-snippet:-1","max-image-preview":"max-image-preview:large","max-video-preview":"max-video-preview:-1"},"og_locale":"lt_LT","og_type":"article","og_title":"Rozmarin\u0173 eterinis aliejus - Puhdas+","og_description":"Rozmarin\u0173 eterinis aliejus (10 ml) yra 100 % grynas nat\u016bralus aliejus, kur\u012f galima pla\u010diai naudoti aromaterapijoje, plauk\u0173 ir odos prie\u017ei\u016broje.","og_url":"https:\/\/test.puhdasplus.ee\/lt\/tooted\/eteriniai-aliejai\/rozmarinu-eterinis-aliejus\/","og_site_name":"Puhdas+","article_publisher":"https:\/\/www.facebook.com\/puhdasplus","article_modified_time":"2026-02-27T09:26:22+00:00","og_image":[{"width":1862,"height":2560,"url":"https:\/\/test.puhdasplus.ee\/wp-content\/uploads\/2025\/03\/86.jpg","type":"image\/jpeg"}],"twitter_card":"summary_large_image","twitter_misc":{"Est. reading time":"2 minut\u0117"},"schema":{"@context":"https:\/\/schema.org","@graph":[{"@type":"WebPage","@id":"https:\/\/test.puhdasplus.ee\/lt\/tooted\/eteriniai-aliejai\/rozmarinu-eterinis-aliejus\/","url":"https:\/\/test.puhdasplus.ee\/lt\/tooted\/eteriniai-aliejai\/rozmarinu-eterinis-aliejus\/","name":"Rozmarin\u0173 eterinis aliejus - Puhdas+","isPartOf":{"@id":"https:\/\/test.puhdasplus.ee\/lt\/#website"},"primaryImageOfPage":{"@id":"https:\/\/test.puhdasplus.ee\/lt\/tooted\/eteriniai-aliejai\/rozmarinu-eterinis-aliejus\/#primaryimage"},"image":{"@id":"https:\/\/test.puhdasplus.ee\/lt\/tooted\/eteriniai-aliejai\/rozmarinu-eterinis-aliejus\/#primaryimage"},"thumbnailUrl":"https:\/\/test.puhdasplus.ee\/wp-content\/uploads\/2025\/03\/86.jpg","datePublished":"2025-01-16T16:15:35+00:00","dateModified":"2026-02-27T09:26:22+00:00","description":"Rozmarin\u0173 eterinis aliejus (10 ml) yra 100 % grynas nat\u016bralus aliejus, kur\u012f galima pla\u010diai naudoti aromaterapijoje, plauk\u0173 ir odos prie\u017ei\u016broje.","breadcrumb":{"@id":"https:\/\/test.puhdasplus.ee\/lt\/tooted\/eteriniai-aliejai\/rozmarinu-eterinis-aliejus\/#breadcrumb"},"inLanguage":"lt-LT","potentialAction":[{"@type":"ReadAction","target":["https:\/\/test.puhdasplus.ee\/lt\/tooted\/eteriniai-aliejai\/rozmarinu-eterinis-aliejus\/"]}]},{"@type":"ImageObject","inLanguage":"lt-LT","@id":"https:\/\/test.puhdasplus.ee\/lt\/tooted\/eteriniai-aliejai\/rozmarinu-eterinis-aliejus\/#primaryimage","url":"https:\/\/test.puhdasplus.ee\/wp-content\/uploads\/2025\/03\/86.jpg","contentUrl":"https:\/\/test.puhdasplus.ee\/wp-content\/uploads\/2025\/03\/86.jpg","width":1862,"height":2560,"caption":"Rozmarin\u0173 eterinis aliejus"},{"@type":"BreadcrumbList","@id":"https:\/\/test.puhdasplus.ee\/lt\/tooted\/eteriniai-aliejai\/rozmarinu-eterinis-aliejus\/#breadcrumb","itemListElement":[{"@type":"ListItem","position":1,"name":"Prad\u017eia","item":"https:\/\/test.puhdasplus.ee\/lt\/"},{"@type":"ListItem","position":2,"name":"Produktai","item":"https:\/\/test.puhdasplus.ee\/lt\/parduotuve\/"},{"@type":"ListItem","position":3,"name":"Rozmarin\u0173 eterinis aliejus"}]},{"@type":"WebSite","@id":"https:\/\/test.puhdasplus.ee\/lt\/#website","url":"https:\/\/test.puhdasplus.ee\/lt\/","name":"Puhdas+","description":"Vitamiinid, Toidulisandid, looduskosmeetika, tervis, sport","publisher":{"@id":"https:\/\/test.puhdasplus.ee\/lt\/#organization"},"potentialAction":[{"@type":"SearchAction","target":{"@type":"EntryPoint","urlTemplate":"https:\/\/test.puhdasplus.ee\/lt\/?s={search_term_string}"},"query-input":{"@type":"PropertyValueSpecification","valueRequired":true,"valueName":"search_term_string"}}],"inLanguage":"lt-LT"},{"@type":"Organization","@id":"https:\/\/test.puhdasplus.ee\/lt\/#organization","name":"Puhdas+","alternateName":"Puhdasplus","url":"https:\/\/test.puhdasplus.ee\/lt\/","logo":{"@type":"ImageObject","inLanguage":"lt-LT","@id":"https:\/\/test.puhdasplus.ee\/lt\/#\/schema\/logo\/image\/","url":"https:\/\/test.puhdasplus.ee\/\/wp-content\/uploads\/2019\/10\/puhdas_logo-arvele.png","contentUrl":"https:\/\/test.puhdasplus.ee\/\/wp-content\/uploads\/2019\/10\/puhdas_logo-arvele.png","width":114,"height":94,"caption":"Puhdas+"},"image":{"@id":"https:\/\/test.puhdasplus.ee\/lt\/#\/schema\/logo\/image\/"},"sameAs":["https:\/\/www.facebook.com\/puhdasplus","https:\/\/www.instagram.com\/puhdasplus_ee\/"]}]}},"_links":{"self":[{"href":"https:\/\/test.puhdasplus.ee\/lt\/wp-json\/wp\/v2\/product\/33430","targetHints":{"allow":["GET"]}}],"collection":[{"href":"https:\/\/test.puhdasplus.ee\/lt\/wp-json\/wp\/v2\/product"}],"about":[{"href":"https:\/\/test.puhdasplus.ee\/lt\/wp-json\/wp\/v2\/types\/product"}],"replies":[{"embeddable":true,"href":"https:\/\/test.puhdasplus.ee\/lt\/wp-json\/wp\/v2\/comments?post=33430"}],"wp:featuredmedia":[{"embeddable":true,"href":"https:\/\/test.puhdasplus.ee\/lt\/wp-json\/wp\/v2\/media\/33432"}],"wp:attachment":[{"href":"https:\/\/test.puhdasplus.ee\/lt\/wp-json\/wp\/v2\/media?parent=33430"}],"wp:term":[{"taxonomy":"product_brand","embeddable":true,"href":"https:\/\/test.puhdasplus.ee\/lt\/wp-json\/wp\/v2\/product_brand?post=33430"},{"taxonomy":"product_cat","embeddable":true,"href":"https:\/\/test.puhdasplus.ee\/lt\/wp-json\/wp\/v2\/product_cat?post=33430"},{"taxonomy":"product_tag","embeddable":true,"href":"https:\/\/test.puhdasplus.ee\/lt\/wp-json\/wp\/v2\/product_tag?post=33430"}],"curies":[{"name":"wp","href":"https:\/\/api.w.org\/{rel}","templated":true}]}}