{"id":33410,"date":"2025-01-16T17:46:41","date_gmt":"2025-01-16T15:46:41","guid":{"rendered":"https:\/\/test.puhdasplus.ee\/\/tooted\/be-kategorijos\/pipirmeciu-eterinis-aliejus\/"},"modified":"2026-02-27T11:29:57","modified_gmt":"2026-02-27T09:29:57","slug":"pipirmeciu-eterinis-aliejus","status":"publish","type":"product","link":"https:\/\/test.puhdasplus.ee\/lt\/tooted\/eteriniai-aliejai\/pipirmeciu-eterinis-aliejus\/","title":{"rendered":"Pipirm\u0117\u010di\u0173 eterinis aliejus"},"content":{"rendered":"<h3>  Nat\u016bralus gaivumas ir gerov\u0117<\/h3>\n<p>Pipirm\u0117\u010di\u0173 eterinis aliejus yra 100 % grynas nat\u016bralus aliejus, gaunamas i\u0161 pipirm\u0117\u010di\u0173 augalo (Mentha piperita) lap\u0173. Jo gaivinantis ir v\u0117sinantis aromatas padeda suma\u017einti stres\u0105, gerina susikaupim\u0105 ir palaiko kv\u0117pavimo tak\u0173 sveikat\u0105. <\/p>\n<p data-start=\"503\" data-end=\"1008\">Pipirm\u0117\u010di\u0173 eterinis aliejus i\u0161gaunamas i\u0161 kruop\u0161\u010diai atrinkt\u0173 pipirm\u0117\u010di\u0173 lap\u0173, u\u017etikrinant auk\u0161t\u0105 kokyb\u0119 ir veiksmingum\u0105. Gaivus ir gaivinantis \u0161io aliejaus kvapas padeda suma\u017einti protin\u012f nuovarg\u012f, pagerinti koncentracij\u0105 ir sukurti maloni\u0105 atmosfer\u0105 namuose. Be to, pipirm\u0117\u010di\u0173 eterinis aliejus yra \u017einomas d\u0117l savo kv\u0117pavimo takus palaikan\u010di\u0173 savybi\u0173, padedan\u010di\u0173 palengvinti per\u0161alimo simptomus ir atverti kv\u0117pavimo takus. Aliej\u0173 galima naudoti aromatin\u0117se lempose, difuzoriuose, pirtyje arba praskiest\u0105 kaip masa\u017eo aliej\u0173.   <\/p>\n<p data-start=\"1010\" data-end=\"1031\"><strong data-start=\"1010\" data-end=\"1031\">Pagrindiniai privalumai:<\/strong><\/p>\n<ul data-start=\"1032\" data-end=\"1476\">\n<li data-start=\"1032\" data-end=\"1100\"><strong data-start=\"1034\" data-end=\"1055\">Gaivinantis aromatas:<\/strong> stimuliuoja poj\u016b\u010dius ir gerina susikaupim\u0105.<\/li>\n<li data-start=\"1101\" data-end=\"1180\"><strong data-start=\"1103\" data-end=\"1126\">Kv\u0117pavimo tak\u0173 palaikymas:<\/strong> padeda palengvinti per\u0161alimo simptomus ir atverti kv\u0117pavimo takus.<\/li>\n<li data-start=\"1181\" data-end=\"1279\"><strong data-start=\"1183\" data-end=\"1213\">Raumen\u0173 \u012ftampos ma\u017einimas:<\/strong> Praskiestas vaistas padeda suma\u017einti raumen\u0173 \u012ftamp\u0105 ir skausm\u0105.<\/li>\n<li data-start=\"1280\" data-end=\"1390\"><strong data-start=\"1282\" data-end=\"1306\">Universalus naudojimas:<\/strong> tinka aromaterapijai, masa\u017eui, pir\u010diai ir nam\u0173 oro gaivikliui.<\/li>\n<li data-start=\"1391\" data-end=\"1476\"><strong data-start=\"1393\" data-end=\"1421\">100 % grynas ir nat\u016bralus:<\/strong> Be sintetini\u0173 pried\u0173 ar konservant\u0173.<\/li>\n<\/ul>\n<p data-start=\"1478\" data-end=\"1536\"><strong data-start=\"1478\" data-end=\"1494\">Sud\u0117tis:<\/strong> Mentha Piperita (pipirm\u0117\u010di\u0173) eterinis aliejus.<\/p>\n<p data-start=\"1538\" data-end=\"1558\"><strong data-start=\"1538\" data-end=\"1558\">Naudojimo instrukcijos:<\/strong><\/p>\n<ul data-start=\"1559\" data-end=\"2079\">\n<li data-start=\"1559\" data-end=\"1686\"><strong data-start=\"1561\" data-end=\"1580\">Aromaterapija:<\/strong> \u012ela\u0161inkite 3\u20137 la\u0161us eterinio aliejaus \u012f aromatin\u0119 lemp\u0105 arba difuzori\u0173, kad atgaivintum\u0117te or\u0105 ir stimuliuotum\u0117te poj\u016b\u010dius.<\/li>\n<li data-start=\"1687\" data-end=\"1834\"><strong data-start=\"1689\" data-end=\"1701\">Masa\u017eas:<\/strong> 1\u20132 la\u0161us eterinio aliejaus praskieskite 10 ml bazinio aliejaus (pvz., migdol\u0173 arba simondsij\u0173 aliejaus) ir \u012fmasa\u017euokite \u012f \u012fsitempusius raumenis, kad atpalaiduotum\u0117te \u012ftamp\u0105.<\/li>\n<li data-start=\"1835\" data-end=\"1944\"><strong data-start=\"1837\" data-end=\"1846\">Pirtis:<\/strong> \u012ela\u0161inkite 1\u20133 la\u0161us eterinio aliejaus \u012f garin\u012f vanden\u012f, kad sukurtum\u0117te gaivinant\u012f ir kv\u0117pavim\u0105 atveriant\u012f pirties potyr\u012f.<\/li>\n<li data-start=\"1945\" data-end=\"2079\"><strong data-start=\"1947\" data-end=\"1956\">Vonia:<\/strong> sumai\u0161ykite 3\u20135 la\u0161us eterinio aliejaus su medumi arba skystu muilu ir \u012fla\u0161inkite \u012f vonios vanden\u012f, kad m\u0117gautum\u0117t\u0117s atpalaiduojan\u010dia ir gaivinan\u010dia vonia.<\/li>\n<\/ul>\n<p data-start=\"2081\" data-end=\"2388\"><strong data-start=\"2081\" data-end=\"2099\">Saugos instrukcijos:<\/strong> Tik i\u0161oriniam naudojimui. Netepkite neskiesto aliejaus tiesiai ant odos. Venkite patekimo \u012f akis ir ant gleivini\u0173.   Laikyti vaikams nepasiekiamoje vietoje. N\u0117\u0161\u010dios moterys, maitinan\u010dios motinos, vaikai, pagyven\u0119 \u017emon\u0117s ir \u017emon\u0117s, sergantys l\u0117tin\u0117mis ligomis, prie\u0161 vartojim\u0105 tur\u0117t\u0173 pasitarti su sveikatos prie\u017ei\u016bros specialistu.<\/p>\n","protected":false},"excerpt":{"rendered":"<p>100 % grynas pipirm\u0117\u010di\u0173 eterinis aliejus, pasi\u017eymintis gaivinan\u010diu aromatu ir universaliu panaudojimu aromaterapijoje, masa\u017ee ir nam\u0173 aplinkoje.<\/p>\n<p data-start=\"2081\" data-end=\"2388\">\n","protected":false},"featured_media":33412,"comment_status":"closed","ping_status":"closed","template":"","meta":{"_acf_changed":false},"product_brand":[],"product_cat":[2752],"product_tag":[2754,3614,2755,3613,3615],"class_list":{"0":"post-33410","1":"product","2":"type-product","3":"status-publish","4":"has-post-thumbnail","6":"product_cat-eteriniai-aliejai","7":"product_tag-aromaterapija","8":"product_tag-kvepavimo-taku-palaikymas","9":"product_tag-naturalus-oro-gaiviklis","10":"product_tag-pipirmeciu-eterinis-aliejus","11":"product_tag-raumenu-itampos-malsinimas","13":"first","14":"onbackorder","15":"taxable","16":"shipping-taxable","17":"purchasable","18":"product-type-variable","19":"has-default-attributes"},"acf":[],"yoast_head":"<!-- This site is optimized with the Yoast SEO plugin v27.1.1 - https:\/\/yoast.com\/product\/yoast-seo-wordpress\/ -->\n<title>Pipirm\u0117\u010di\u0173 eterinis aliejus - Puhdas+<\/title>\n<meta name=\"description\" content=\"Pipirm\u0117\u010di\u0173 eterinis aliejus (10 ml) yra 100 % grynas nat\u016bralus aliejus, kur\u012f galima naudoti \u012fvairiai: aromaterapijoje, masa\u017ee ir nam\u0173 aplinkoje.\" \/>\n<meta name=\"robots\" content=\"noindex, follow, max-snippet:-1, max-image-preview:large, max-video-preview:-1\" \/>\n<meta property=\"og:locale\" content=\"lt_LT\" \/>\n<meta property=\"og:type\" content=\"article\" \/>\n<meta property=\"og:title\" content=\"Pipirm\u0117\u010di\u0173 eterinis aliejus - Puhdas+\" \/>\n<meta property=\"og:description\" content=\"Pipirm\u0117\u010di\u0173 eterinis aliejus (10 ml) yra 100 % grynas nat\u016bralus aliejus, kur\u012f galima naudoti \u012fvairiai: aromaterapijoje, masa\u017ee ir nam\u0173 aplinkoje.\" \/>\n<meta property=\"og:url\" content=\"https:\/\/test.puhdasplus.ee\/lt\/tooted\/eteriniai-aliejai\/pipirmeciu-eterinis-aliejus\/\" \/>\n<meta property=\"og:site_name\" content=\"Puhdas+\" \/>\n<meta property=\"article:publisher\" content=\"https:\/\/www.facebook.com\/puhdasplus\" \/>\n<meta property=\"article:modified_time\" content=\"2026-02-27T09:29:57+00:00\" \/>\n<meta property=\"og:image\" content=\"https:\/\/test.puhdasplus.ee\/wp-content\/uploads\/2025\/01\/210.jpg\" \/>\n\t<meta property=\"og:image:width\" content=\"1862\" \/>\n\t<meta property=\"og:image:height\" content=\"2560\" \/>\n\t<meta property=\"og:image:type\" content=\"image\/jpeg\" \/>\n<meta name=\"twitter:card\" content=\"summary_large_image\" \/>\n<meta name=\"twitter:label1\" content=\"Est. reading time\" \/>\n\t<meta name=\"twitter:data1\" content=\"2 minut\u0117\" \/>\n<script type=\"application\/ld+json\" class=\"yoast-schema-graph\">{\"@context\":\"https:\/\/schema.org\",\"@graph\":[{\"@type\":\"WebPage\",\"@id\":\"https:\/\/test.puhdasplus.ee\/lt\/tooted\/eteriniai-aliejai\/pipirmeciu-eterinis-aliejus\/\",\"url\":\"https:\/\/test.puhdasplus.ee\/lt\/tooted\/eteriniai-aliejai\/pipirmeciu-eterinis-aliejus\/\",\"name\":\"Pipirm\u0117\u010di\u0173 eterinis aliejus - Puhdas+\",\"isPartOf\":{\"@id\":\"https:\/\/test.puhdasplus.ee\/lt\/#website\"},\"primaryImageOfPage\":{\"@id\":\"https:\/\/test.puhdasplus.ee\/lt\/tooted\/eteriniai-aliejai\/pipirmeciu-eterinis-aliejus\/#primaryimage\"},\"image\":{\"@id\":\"https:\/\/test.puhdasplus.ee\/lt\/tooted\/eteriniai-aliejai\/pipirmeciu-eterinis-aliejus\/#primaryimage\"},\"thumbnailUrl\":\"https:\/\/test.puhdasplus.ee\/wp-content\/uploads\/2025\/01\/210.jpg\",\"datePublished\":\"2025-01-16T15:46:41+00:00\",\"dateModified\":\"2026-02-27T09:29:57+00:00\",\"description\":\"Pipirm\u0117\u010di\u0173 eterinis aliejus (10 ml) yra 100 % grynas nat\u016bralus aliejus, kur\u012f galima naudoti \u012fvairiai: aromaterapijoje, masa\u017ee ir nam\u0173 aplinkoje.\",\"breadcrumb\":{\"@id\":\"https:\/\/test.puhdasplus.ee\/lt\/tooted\/eteriniai-aliejai\/pipirmeciu-eterinis-aliejus\/#breadcrumb\"},\"inLanguage\":\"lt-LT\",\"potentialAction\":[{\"@type\":\"ReadAction\",\"target\":[\"https:\/\/test.puhdasplus.ee\/lt\/tooted\/eteriniai-aliejai\/pipirmeciu-eterinis-aliejus\/\"]}]},{\"@type\":\"ImageObject\",\"inLanguage\":\"lt-LT\",\"@id\":\"https:\/\/test.puhdasplus.ee\/lt\/tooted\/eteriniai-aliejai\/pipirmeciu-eterinis-aliejus\/#primaryimage\",\"url\":\"https:\/\/test.puhdasplus.ee\/wp-content\/uploads\/2025\/01\/210.jpg\",\"contentUrl\":\"https:\/\/test.puhdasplus.ee\/wp-content\/uploads\/2025\/01\/210.jpg\",\"width\":1862,\"height\":2560,\"caption\":\"Pipirm\u0117\u010di\u0173 eterinis aliejus\"},{\"@type\":\"BreadcrumbList\",\"@id\":\"https:\/\/test.puhdasplus.ee\/lt\/tooted\/eteriniai-aliejai\/pipirmeciu-eterinis-aliejus\/#breadcrumb\",\"itemListElement\":[{\"@type\":\"ListItem\",\"position\":1,\"name\":\"Prad\u017eia\",\"item\":\"https:\/\/test.puhdasplus.ee\/lt\/\"},{\"@type\":\"ListItem\",\"position\":2,\"name\":\"Produktai\",\"item\":\"https:\/\/test.puhdasplus.ee\/lt\/parduotuve\/\"},{\"@type\":\"ListItem\",\"position\":3,\"name\":\"Pipirm\u0117\u010di\u0173 eterinis aliejus\"}]},{\"@type\":\"WebSite\",\"@id\":\"https:\/\/test.puhdasplus.ee\/lt\/#website\",\"url\":\"https:\/\/test.puhdasplus.ee\/lt\/\",\"name\":\"Puhdas+\",\"description\":\"Vitamiinid, Toidulisandid, looduskosmeetika, tervis, sport\",\"publisher\":{\"@id\":\"https:\/\/test.puhdasplus.ee\/lt\/#organization\"},\"potentialAction\":[{\"@type\":\"SearchAction\",\"target\":{\"@type\":\"EntryPoint\",\"urlTemplate\":\"https:\/\/test.puhdasplus.ee\/lt\/?s={search_term_string}\"},\"query-input\":{\"@type\":\"PropertyValueSpecification\",\"valueRequired\":true,\"valueName\":\"search_term_string\"}}],\"inLanguage\":\"lt-LT\"},{\"@type\":\"Organization\",\"@id\":\"https:\/\/test.puhdasplus.ee\/lt\/#organization\",\"name\":\"Puhdas+\",\"alternateName\":\"Puhdasplus\",\"url\":\"https:\/\/test.puhdasplus.ee\/lt\/\",\"logo\":{\"@type\":\"ImageObject\",\"inLanguage\":\"lt-LT\",\"@id\":\"https:\/\/test.puhdasplus.ee\/lt\/#\/schema\/logo\/image\/\",\"url\":\"https:\/\/test.puhdasplus.ee\/\/wp-content\/uploads\/2019\/10\/puhdas_logo-arvele.png\",\"contentUrl\":\"https:\/\/test.puhdasplus.ee\/\/wp-content\/uploads\/2019\/10\/puhdas_logo-arvele.png\",\"width\":114,\"height\":94,\"caption\":\"Puhdas+\"},\"image\":{\"@id\":\"https:\/\/test.puhdasplus.ee\/lt\/#\/schema\/logo\/image\/\"},\"sameAs\":[\"https:\/\/www.facebook.com\/puhdasplus\",\"https:\/\/www.instagram.com\/puhdasplus_ee\/\"]}]}<\/script>\n<!-- \/ Yoast SEO plugin. -->","yoast_head_json":{"title":"Pipirm\u0117\u010di\u0173 eterinis aliejus - Puhdas+","description":"Pipirm\u0117\u010di\u0173 eterinis aliejus (10 ml) yra 100 % grynas nat\u016bralus aliejus, kur\u012f galima naudoti \u012fvairiai: aromaterapijoje, masa\u017ee ir nam\u0173 aplinkoje.","robots":{"index":"noindex","follow":"follow","max-snippet":"max-snippet:-1","max-image-preview":"max-image-preview:large","max-video-preview":"max-video-preview:-1"},"og_locale":"lt_LT","og_type":"article","og_title":"Pipirm\u0117\u010di\u0173 eterinis aliejus - Puhdas+","og_description":"Pipirm\u0117\u010di\u0173 eterinis aliejus (10 ml) yra 100 % grynas nat\u016bralus aliejus, kur\u012f galima naudoti \u012fvairiai: aromaterapijoje, masa\u017ee ir nam\u0173 aplinkoje.","og_url":"https:\/\/test.puhdasplus.ee\/lt\/tooted\/eteriniai-aliejai\/pipirmeciu-eterinis-aliejus\/","og_site_name":"Puhdas+","article_publisher":"https:\/\/www.facebook.com\/puhdasplus","article_modified_time":"2026-02-27T09:29:57+00:00","og_image":[{"width":1862,"height":2560,"url":"https:\/\/test.puhdasplus.ee\/wp-content\/uploads\/2025\/01\/210.jpg","type":"image\/jpeg"}],"twitter_card":"summary_large_image","twitter_misc":{"Est. reading time":"2 minut\u0117"},"schema":{"@context":"https:\/\/schema.org","@graph":[{"@type":"WebPage","@id":"https:\/\/test.puhdasplus.ee\/lt\/tooted\/eteriniai-aliejai\/pipirmeciu-eterinis-aliejus\/","url":"https:\/\/test.puhdasplus.ee\/lt\/tooted\/eteriniai-aliejai\/pipirmeciu-eterinis-aliejus\/","name":"Pipirm\u0117\u010di\u0173 eterinis aliejus - Puhdas+","isPartOf":{"@id":"https:\/\/test.puhdasplus.ee\/lt\/#website"},"primaryImageOfPage":{"@id":"https:\/\/test.puhdasplus.ee\/lt\/tooted\/eteriniai-aliejai\/pipirmeciu-eterinis-aliejus\/#primaryimage"},"image":{"@id":"https:\/\/test.puhdasplus.ee\/lt\/tooted\/eteriniai-aliejai\/pipirmeciu-eterinis-aliejus\/#primaryimage"},"thumbnailUrl":"https:\/\/test.puhdasplus.ee\/wp-content\/uploads\/2025\/01\/210.jpg","datePublished":"2025-01-16T15:46:41+00:00","dateModified":"2026-02-27T09:29:57+00:00","description":"Pipirm\u0117\u010di\u0173 eterinis aliejus (10 ml) yra 100 % grynas nat\u016bralus aliejus, kur\u012f galima naudoti \u012fvairiai: aromaterapijoje, masa\u017ee ir nam\u0173 aplinkoje.","breadcrumb":{"@id":"https:\/\/test.puhdasplus.ee\/lt\/tooted\/eteriniai-aliejai\/pipirmeciu-eterinis-aliejus\/#breadcrumb"},"inLanguage":"lt-LT","potentialAction":[{"@type":"ReadAction","target":["https:\/\/test.puhdasplus.ee\/lt\/tooted\/eteriniai-aliejai\/pipirmeciu-eterinis-aliejus\/"]}]},{"@type":"ImageObject","inLanguage":"lt-LT","@id":"https:\/\/test.puhdasplus.ee\/lt\/tooted\/eteriniai-aliejai\/pipirmeciu-eterinis-aliejus\/#primaryimage","url":"https:\/\/test.puhdasplus.ee\/wp-content\/uploads\/2025\/01\/210.jpg","contentUrl":"https:\/\/test.puhdasplus.ee\/wp-content\/uploads\/2025\/01\/210.jpg","width":1862,"height":2560,"caption":"Pipirm\u0117\u010di\u0173 eterinis aliejus"},{"@type":"BreadcrumbList","@id":"https:\/\/test.puhdasplus.ee\/lt\/tooted\/eteriniai-aliejai\/pipirmeciu-eterinis-aliejus\/#breadcrumb","itemListElement":[{"@type":"ListItem","position":1,"name":"Prad\u017eia","item":"https:\/\/test.puhdasplus.ee\/lt\/"},{"@type":"ListItem","position":2,"name":"Produktai","item":"https:\/\/test.puhdasplus.ee\/lt\/parduotuve\/"},{"@type":"ListItem","position":3,"name":"Pipirm\u0117\u010di\u0173 eterinis aliejus"}]},{"@type":"WebSite","@id":"https:\/\/test.puhdasplus.ee\/lt\/#website","url":"https:\/\/test.puhdasplus.ee\/lt\/","name":"Puhdas+","description":"Vitamiinid, Toidulisandid, looduskosmeetika, tervis, sport","publisher":{"@id":"https:\/\/test.puhdasplus.ee\/lt\/#organization"},"potentialAction":[{"@type":"SearchAction","target":{"@type":"EntryPoint","urlTemplate":"https:\/\/test.puhdasplus.ee\/lt\/?s={search_term_string}"},"query-input":{"@type":"PropertyValueSpecification","valueRequired":true,"valueName":"search_term_string"}}],"inLanguage":"lt-LT"},{"@type":"Organization","@id":"https:\/\/test.puhdasplus.ee\/lt\/#organization","name":"Puhdas+","alternateName":"Puhdasplus","url":"https:\/\/test.puhdasplus.ee\/lt\/","logo":{"@type":"ImageObject","inLanguage":"lt-LT","@id":"https:\/\/test.puhdasplus.ee\/lt\/#\/schema\/logo\/image\/","url":"https:\/\/test.puhdasplus.ee\/\/wp-content\/uploads\/2019\/10\/puhdas_logo-arvele.png","contentUrl":"https:\/\/test.puhdasplus.ee\/\/wp-content\/uploads\/2019\/10\/puhdas_logo-arvele.png","width":114,"height":94,"caption":"Puhdas+"},"image":{"@id":"https:\/\/test.puhdasplus.ee\/lt\/#\/schema\/logo\/image\/"},"sameAs":["https:\/\/www.facebook.com\/puhdasplus","https:\/\/www.instagram.com\/puhdasplus_ee\/"]}]}},"_links":{"self":[{"href":"https:\/\/test.puhdasplus.ee\/lt\/wp-json\/wp\/v2\/product\/33410","targetHints":{"allow":["GET"]}}],"collection":[{"href":"https:\/\/test.puhdasplus.ee\/lt\/wp-json\/wp\/v2\/product"}],"about":[{"href":"https:\/\/test.puhdasplus.ee\/lt\/wp-json\/wp\/v2\/types\/product"}],"replies":[{"embeddable":true,"href":"https:\/\/test.puhdasplus.ee\/lt\/wp-json\/wp\/v2\/comments?post=33410"}],"wp:featuredmedia":[{"embeddable":true,"href":"https:\/\/test.puhdasplus.ee\/lt\/wp-json\/wp\/v2\/media\/33412"}],"wp:attachment":[{"href":"https:\/\/test.puhdasplus.ee\/lt\/wp-json\/wp\/v2\/media?parent=33410"}],"wp:term":[{"taxonomy":"product_brand","embeddable":true,"href":"https:\/\/test.puhdasplus.ee\/lt\/wp-json\/wp\/v2\/product_brand?post=33410"},{"taxonomy":"product_cat","embeddable":true,"href":"https:\/\/test.puhdasplus.ee\/lt\/wp-json\/wp\/v2\/product_cat?post=33410"},{"taxonomy":"product_tag","embeddable":true,"href":"https:\/\/test.puhdasplus.ee\/lt\/wp-json\/wp\/v2\/product_tag?post=33410"}],"curies":[{"name":"wp","href":"https:\/\/api.w.org\/{rel}","templated":true}]}}