{"id":33393,"date":"2025-01-16T16:34:01","date_gmt":"2025-01-16T14:34:01","guid":{"rendered":"https:\/\/test.puhdasplus.ee\/\/tooted\/be-kategorijos\/maltodekstrino-milteliai-1-kg\/"},"modified":"2026-03-10T14:10:34","modified_gmt":"2026-03-10T12:10:34","slug":"maltodekstrino-milteliai-1-kg","status":"publish","type":"product","link":"https:\/\/test.puhdasplus.ee\/lt\/tooted\/sportas\/maltodekstrino-milteliai-1-kg\/","title":{"rendered":"Maltodekstrino milteliai 1 kg"},"content":{"rendered":"<h2 data-start=\"325\" data-end=\"366\">Kas yra \u201ePuhdas+\u201c maltodekstrino milteliai?<\/h2>\n<p data-start=\"368\" data-end=\"648\">\u201ePuhdas+\u201c maltodekstrino milteliai yra 100 % grynas i\u0161 kukur\u016bz\u0173 pagamintas maltodekstrinas, kuris veikia kaip greitai pasisavinamas angliavandeni\u0173 \u0161altinis. Maltodekstrinas yra lengvai vir\u0161kinamas angliavandenis, da\u017enai naudojamas sportin\u0117je mityboje prie\u0161 treniruot\u0119, jos metu arba po fizinio kr\u016bvio. <\/p>\n<p data-start=\"650\" data-end=\"924\">Milteli\u0173 forma leid\u017eia lengvai reguliuoti angliavandeni\u0173 kiek\u012f pagal treniruot\u0117s intensyvum\u0105 ir energijos poreik\u012f. Maltodekstrinas gerai tirpsta vandenyje bei kituose g\u0117rimuose ir yra neutralaus skonio, tod\u0117l j\u012f tinka d\u0117ti tiek \u012f sportinius g\u0117rimus, tiek \u012f kokteilius. <\/p>\n<p data-start=\"926\" data-end=\"1127\">\u201ePuhdas+\u201c maltodekstrino milteliuose n\u0117ra prid\u0117tini\u0173 konservant\u0173, da\u017eikli\u0173 ar saldikli\u0173. Produktas pagamintas i\u0161 gryno kukur\u016bz\u0173 maltodekstrino ir tinka veganams bei vegetarams. <\/p>\n<h2 data-start=\"1134\" data-end=\"1167\">Kod\u0117l verta naudoti maltodekstrin\u0105?<\/h2>\n<p data-start=\"1169\" data-end=\"1436\">Maltodekstrinas yra greitai pasisavinamas angliavandenis, da\u017enai naudojamas sportinink\u0173 ir aktyv\u0173 gyvenimo b\u016bd\u0105 propaguojan\u010di\u0173 \u017emoni\u0173 mityboje. Jis puikiai tinka situacijose, kai reikia greitai pasisavinam\u0173 angliavandeni\u0173 prie\u0161 treniruot\u0119, jos metu arba po fizinio kr\u016bvio. <\/p>\n<p data-start=\"1438\" data-end=\"1693\">Maltodekstrino milteliai yra patogus b\u016bdas papildyti kasdien\u012f racion\u0105 angliavandeniais, ypa\u010d ilgesni\u0173 ar intensyvesni\u0173 treniruo\u010di\u0173 metu. D\u0117l neutralaus skonio juos galima lengvai mai\u0161yti su \u012fvairiais g\u0117rimais ir naudoti pagal poreik\u012f. <\/p>\n<h2 data-start=\"1700\" data-end=\"1748\">Kam tinka \u201ePuhdas+\u201c maltodekstrino milteliai?<\/h2>\n<p data-start=\"1750\" data-end=\"1891\">Maltodekstrino milteliai tinka \u017emon\u0117ms, norintiems papildyti savo mityb\u0105 angliavandeniais fizinio aktyvumo metu arba po treniruot\u0117s.<\/p>\n<p data-start=\"1893\" data-end=\"1913\">Produktas tinka, pavyzd\u017eiui:<\/p>\n<p data-start=\"1915\" data-end=\"2193\">\u2022 sportininkams ir aktyv\u0173 gyvenimo b\u016bd\u0105 propaguojantiems \u017emon\u0117ms<br data-start=\"1963\" data-end=\"1966\">\u2022 i\u0161tverm\u0117s sporto \u0161ak\u0173 atstovams (pvz., b\u0117gikams, dviratininkams, triatlonininkams)<br data-start=\"2036\" data-end=\"2039\">\u2022 tiems, kurie nori prid\u0117ti angliavandeni\u0173 \u012f sportinius g\u0117rimus ar kokteilius<br data-start=\"2113\" data-end=\"2116\">\u2022 \u017emon\u0117ms, kurie teikia pirmenyb\u0119 neutralaus skonio milteliniam angliavandeni\u0173 \u0161altiniui<\/p>\n<p data-start=\"2195\" data-end=\"2232\">Tinka veganams ir vegetarams.<\/p>\n<h2 data-start=\"2239\" data-end=\"2258\">Kaip naudoti?<\/h2>\n<p data-start=\"2260\" data-end=\"2322\">Sumai\u0161ykite apie 50 g (apie 1 dl) milteli\u0173 su 3\u20134 dl vandens ar kito g\u0117rimo.<\/p>\n<p data-start=\"2324\" data-end=\"2507\">Miltelius galima naudoti prie\u0161 treniruot\u0119, jos metu arba po treniruot\u0117s, priklausomai nuo energijos poreikio. Ilgesnio fizinio kr\u016bvio metu g\u0117rim\u0105 galima skiesti didesniu skys\u010dio kiekiu. <\/p>\n<p data-start=\"2509\" data-end=\"2676\">Nevir\u0161ykite rekomenduojamos doz\u0117s.<br data-start=\"2552\" data-end=\"2555\">Svarbu \u012fvairi ir subalansuota mityba bei sveikas gyvenimo b\u016bdas.<br data-start=\"2639\" data-end=\"2642\">Laikyti vaikams nepasiekiamoje vietoje.<\/p>\n<h2 data-start=\"2683\" data-end=\"2713\">Sudedamosios dalys ir maistin\u0117 vert\u0117<\/h2>\n<p data-start=\"2715\" data-end=\"2768\">Sudedamosios dalys: 100 % i\u0161 kukur\u016bz\u0173 pagamintas maltodekstrinas.<\/p>\n<p data-start=\"2770\" data-end=\"2875\">Be laktoz\u0117s, glitimo ir dirbtini\u0173 da\u017eikli\u0173 ar saldikli\u0173. Tinka veganams ir vegetarams.<\/p>\n<p data-start=\"2122\" data-end=\"2583\">\n","protected":false},"excerpt":{"rendered":"<p data-start=\"170\" data-end=\"244\"><strong data-start=\"170\" data-end=\"244\">Grynas angliavandeni\u0173 \u0161altinis sportininkams ir aktyviems \u017emon\u0117ms<\/strong><\/p>\n<p data-start=\"246\" data-end=\"554\">\u201ePuhdas+\u201c maltodekstrino milteliai yra 100 % grynas i\u0161 kukur\u016bz\u0173 pagamintas maltodekstrinas, veikiantis kaip greitai pasisavinamas angliavandeni\u0173 \u0161altinis. Maltodekstrinas yra lengvai vir\u0161kinamas angliavandenis, da\u017enai naudojamas sportin\u0117je mityboje prie\u0161 treniruot\u0119, jos metu arba po fizinio kr\u016bvio angliavandeni\u0173 kiekiui papildyti. <\/p>\n<p data-start=\"556\" data-end=\"912\">D\u0117l neutralaus skonio ir gero tirpumo miltelius lengva mai\u0161yti su vandeniu, sportiniu g\u0117rimu, sultimis ar kokteiliu. \u201ePuhdas+\u201c maltodekstrino milteliuose n\u0117ra prid\u0117tini\u0173 da\u017eikli\u0173, konservant\u0173 ar saldikli\u0173, jie puikiai tinka tiek sportininkams, tiek aktyviems \u017emon\u0117ms, ie\u0161kantiems patogaus b\u016bdo papildyti kasdien\u0119 mityb\u0105 angliavandeniais. <\/p>\n<p data-start=\"2122\" data-end=\"2583\">\n","protected":false},"featured_media":33397,"comment_status":"closed","ping_status":"closed","template":"","meta":{"_acf_changed":false},"product_brand":[],"product_cat":[3016],"product_tag":[3601,3599,3025,3131,3600,3598,3144,3569],"class_list":{"0":"post-33393","1":"product","2":"type-product","3":"status-publish","4":"has-post-thumbnail","6":"product_cat-sportas","7":"product_tag-angliavandeniai","8":"product_tag-atsigavimas","9":"product_tag-energija","10":"product_tag-maisto-papildas","11":"product_tag-maltodekstrinas","12":"product_tag-mokymai","13":"product_tag-raumenys-ir-sanariai","14":"product_tag-sportas","16":"first","17":"onbackorder","18":"taxable","19":"shipping-taxable","20":"purchasable","21":"product-type-simple"},"acf":[],"yoast_head":"<!-- This site is optimized with the Yoast SEO plugin v27.1.1 - https:\/\/yoast.com\/product\/yoast-seo-wordpress\/ -->\n<title>Maltodekstrino milteliai 1 kg - Puhdas+<\/title>\n<meta name=\"description\" content=\"Maltodekstrino milteliai 1 kg yra maisto papildas, pagamintas i\u0161 gryn\u0173 kukur\u016bz\u0173, kuris suteikia greitos energijos prie\u0161, per ir po treniruot\u0117s.\" \/>\n<meta name=\"robots\" content=\"noindex, follow, max-snippet:-1, max-image-preview:large, max-video-preview:-1\" \/>\n<meta property=\"og:locale\" content=\"lt_LT\" \/>\n<meta property=\"og:type\" content=\"article\" \/>\n<meta property=\"og:title\" content=\"Maltodekstrino milteliai 1 kg - Puhdas+\" \/>\n<meta property=\"og:description\" content=\"Maltodekstrino milteliai 1 kg yra maisto papildas, pagamintas i\u0161 gryn\u0173 kukur\u016bz\u0173, kuris suteikia greitos energijos prie\u0161, per ir po treniruot\u0117s.\" \/>\n<meta property=\"og:url\" content=\"https:\/\/test.puhdasplus.ee\/lt\/tooted\/sportas\/maltodekstrino-milteliai-1-kg\/\" \/>\n<meta property=\"og:site_name\" content=\"Puhdas+\" \/>\n<meta property=\"article:publisher\" content=\"https:\/\/www.facebook.com\/puhdasplus\" \/>\n<meta property=\"article:modified_time\" content=\"2026-03-10T12:10:34+00:00\" \/>\n<meta property=\"og:image\" content=\"https:\/\/test.puhdasplus.ee\/wp-content\/uploads\/2025\/03\/176.jpg\" \/>\n\t<meta property=\"og:image:width\" content=\"1862\" \/>\n\t<meta property=\"og:image:height\" content=\"2560\" \/>\n\t<meta property=\"og:image:type\" content=\"image\/jpeg\" \/>\n<meta name=\"twitter:card\" content=\"summary_large_image\" \/>\n<meta name=\"twitter:label1\" content=\"Est. reading time\" \/>\n\t<meta name=\"twitter:data1\" content=\"2 minut\u0117\" \/>\n<script type=\"application\/ld+json\" class=\"yoast-schema-graph\">{\"@context\":\"https:\/\/schema.org\",\"@graph\":[{\"@type\":\"WebPage\",\"@id\":\"https:\/\/test.puhdasplus.ee\/lt\/tooted\/sportas\/maltodekstrino-milteliai-1-kg\/\",\"url\":\"https:\/\/test.puhdasplus.ee\/lt\/tooted\/sportas\/maltodekstrino-milteliai-1-kg\/\",\"name\":\"Maltodekstrino milteliai 1 kg - Puhdas+\",\"isPartOf\":{\"@id\":\"https:\/\/test.puhdasplus.ee\/lt\/#website\"},\"primaryImageOfPage\":{\"@id\":\"https:\/\/test.puhdasplus.ee\/lt\/tooted\/sportas\/maltodekstrino-milteliai-1-kg\/#primaryimage\"},\"image\":{\"@id\":\"https:\/\/test.puhdasplus.ee\/lt\/tooted\/sportas\/maltodekstrino-milteliai-1-kg\/#primaryimage\"},\"thumbnailUrl\":\"https:\/\/test.puhdasplus.ee\/wp-content\/uploads\/2025\/03\/176.jpg\",\"datePublished\":\"2025-01-16T14:34:01+00:00\",\"dateModified\":\"2026-03-10T12:10:34+00:00\",\"description\":\"Maltodekstrino milteliai 1 kg yra maisto papildas, pagamintas i\u0161 gryn\u0173 kukur\u016bz\u0173, kuris suteikia greitos energijos prie\u0161, per ir po treniruot\u0117s.\",\"breadcrumb\":{\"@id\":\"https:\/\/test.puhdasplus.ee\/lt\/tooted\/sportas\/maltodekstrino-milteliai-1-kg\/#breadcrumb\"},\"inLanguage\":\"lt-LT\",\"potentialAction\":[{\"@type\":\"ReadAction\",\"target\":[\"https:\/\/test.puhdasplus.ee\/lt\/tooted\/sportas\/maltodekstrino-milteliai-1-kg\/\"]}]},{\"@type\":\"ImageObject\",\"inLanguage\":\"lt-LT\",\"@id\":\"https:\/\/test.puhdasplus.ee\/lt\/tooted\/sportas\/maltodekstrino-milteliai-1-kg\/#primaryimage\",\"url\":\"https:\/\/test.puhdasplus.ee\/wp-content\/uploads\/2025\/03\/176.jpg\",\"contentUrl\":\"https:\/\/test.puhdasplus.ee\/wp-content\/uploads\/2025\/03\/176.jpg\",\"width\":1862,\"height\":2560,\"caption\":\"Maltodekstrino milteliai 1 kg\"},{\"@type\":\"BreadcrumbList\",\"@id\":\"https:\/\/test.puhdasplus.ee\/lt\/tooted\/sportas\/maltodekstrino-milteliai-1-kg\/#breadcrumb\",\"itemListElement\":[{\"@type\":\"ListItem\",\"position\":1,\"name\":\"Prad\u017eia\",\"item\":\"https:\/\/test.puhdasplus.ee\/lt\/\"},{\"@type\":\"ListItem\",\"position\":2,\"name\":\"Produktai\",\"item\":\"https:\/\/test.puhdasplus.ee\/lt\/parduotuve\/\"},{\"@type\":\"ListItem\",\"position\":3,\"name\":\"Maltodekstrino milteliai 1 kg\"}]},{\"@type\":\"WebSite\",\"@id\":\"https:\/\/test.puhdasplus.ee\/lt\/#website\",\"url\":\"https:\/\/test.puhdasplus.ee\/lt\/\",\"name\":\"Puhdas+\",\"description\":\"Vitamiinid, Toidulisandid, looduskosmeetika, tervis, sport\",\"publisher\":{\"@id\":\"https:\/\/test.puhdasplus.ee\/lt\/#organization\"},\"potentialAction\":[{\"@type\":\"SearchAction\",\"target\":{\"@type\":\"EntryPoint\",\"urlTemplate\":\"https:\/\/test.puhdasplus.ee\/lt\/?s={search_term_string}\"},\"query-input\":{\"@type\":\"PropertyValueSpecification\",\"valueRequired\":true,\"valueName\":\"search_term_string\"}}],\"inLanguage\":\"lt-LT\"},{\"@type\":\"Organization\",\"@id\":\"https:\/\/test.puhdasplus.ee\/lt\/#organization\",\"name\":\"Puhdas+\",\"alternateName\":\"Puhdasplus\",\"url\":\"https:\/\/test.puhdasplus.ee\/lt\/\",\"logo\":{\"@type\":\"ImageObject\",\"inLanguage\":\"lt-LT\",\"@id\":\"https:\/\/test.puhdasplus.ee\/lt\/#\/schema\/logo\/image\/\",\"url\":\"https:\/\/test.puhdasplus.ee\/\/wp-content\/uploads\/2019\/10\/puhdas_logo-arvele.png\",\"contentUrl\":\"https:\/\/test.puhdasplus.ee\/\/wp-content\/uploads\/2019\/10\/puhdas_logo-arvele.png\",\"width\":114,\"height\":94,\"caption\":\"Puhdas+\"},\"image\":{\"@id\":\"https:\/\/test.puhdasplus.ee\/lt\/#\/schema\/logo\/image\/\"},\"sameAs\":[\"https:\/\/www.facebook.com\/puhdasplus\",\"https:\/\/www.instagram.com\/puhdasplus_ee\/\"]}]}<\/script>\n<!-- \/ Yoast SEO plugin. -->","yoast_head_json":{"title":"Maltodekstrino milteliai 1 kg - Puhdas+","description":"Maltodekstrino milteliai 1 kg yra maisto papildas, pagamintas i\u0161 gryn\u0173 kukur\u016bz\u0173, kuris suteikia greitos energijos prie\u0161, per ir po treniruot\u0117s.","robots":{"index":"noindex","follow":"follow","max-snippet":"max-snippet:-1","max-image-preview":"max-image-preview:large","max-video-preview":"max-video-preview:-1"},"og_locale":"lt_LT","og_type":"article","og_title":"Maltodekstrino milteliai 1 kg - Puhdas+","og_description":"Maltodekstrino milteliai 1 kg yra maisto papildas, pagamintas i\u0161 gryn\u0173 kukur\u016bz\u0173, kuris suteikia greitos energijos prie\u0161, per ir po treniruot\u0117s.","og_url":"https:\/\/test.puhdasplus.ee\/lt\/tooted\/sportas\/maltodekstrino-milteliai-1-kg\/","og_site_name":"Puhdas+","article_publisher":"https:\/\/www.facebook.com\/puhdasplus","article_modified_time":"2026-03-10T12:10:34+00:00","og_image":[{"width":1862,"height":2560,"url":"https:\/\/test.puhdasplus.ee\/wp-content\/uploads\/2025\/03\/176.jpg","type":"image\/jpeg"}],"twitter_card":"summary_large_image","twitter_misc":{"Est. reading time":"2 minut\u0117"},"schema":{"@context":"https:\/\/schema.org","@graph":[{"@type":"WebPage","@id":"https:\/\/test.puhdasplus.ee\/lt\/tooted\/sportas\/maltodekstrino-milteliai-1-kg\/","url":"https:\/\/test.puhdasplus.ee\/lt\/tooted\/sportas\/maltodekstrino-milteliai-1-kg\/","name":"Maltodekstrino milteliai 1 kg - Puhdas+","isPartOf":{"@id":"https:\/\/test.puhdasplus.ee\/lt\/#website"},"primaryImageOfPage":{"@id":"https:\/\/test.puhdasplus.ee\/lt\/tooted\/sportas\/maltodekstrino-milteliai-1-kg\/#primaryimage"},"image":{"@id":"https:\/\/test.puhdasplus.ee\/lt\/tooted\/sportas\/maltodekstrino-milteliai-1-kg\/#primaryimage"},"thumbnailUrl":"https:\/\/test.puhdasplus.ee\/wp-content\/uploads\/2025\/03\/176.jpg","datePublished":"2025-01-16T14:34:01+00:00","dateModified":"2026-03-10T12:10:34+00:00","description":"Maltodekstrino milteliai 1 kg yra maisto papildas, pagamintas i\u0161 gryn\u0173 kukur\u016bz\u0173, kuris suteikia greitos energijos prie\u0161, per ir po treniruot\u0117s.","breadcrumb":{"@id":"https:\/\/test.puhdasplus.ee\/lt\/tooted\/sportas\/maltodekstrino-milteliai-1-kg\/#breadcrumb"},"inLanguage":"lt-LT","potentialAction":[{"@type":"ReadAction","target":["https:\/\/test.puhdasplus.ee\/lt\/tooted\/sportas\/maltodekstrino-milteliai-1-kg\/"]}]},{"@type":"ImageObject","inLanguage":"lt-LT","@id":"https:\/\/test.puhdasplus.ee\/lt\/tooted\/sportas\/maltodekstrino-milteliai-1-kg\/#primaryimage","url":"https:\/\/test.puhdasplus.ee\/wp-content\/uploads\/2025\/03\/176.jpg","contentUrl":"https:\/\/test.puhdasplus.ee\/wp-content\/uploads\/2025\/03\/176.jpg","width":1862,"height":2560,"caption":"Maltodekstrino milteliai 1 kg"},{"@type":"BreadcrumbList","@id":"https:\/\/test.puhdasplus.ee\/lt\/tooted\/sportas\/maltodekstrino-milteliai-1-kg\/#breadcrumb","itemListElement":[{"@type":"ListItem","position":1,"name":"Prad\u017eia","item":"https:\/\/test.puhdasplus.ee\/lt\/"},{"@type":"ListItem","position":2,"name":"Produktai","item":"https:\/\/test.puhdasplus.ee\/lt\/parduotuve\/"},{"@type":"ListItem","position":3,"name":"Maltodekstrino milteliai 1 kg"}]},{"@type":"WebSite","@id":"https:\/\/test.puhdasplus.ee\/lt\/#website","url":"https:\/\/test.puhdasplus.ee\/lt\/","name":"Puhdas+","description":"Vitamiinid, Toidulisandid, looduskosmeetika, tervis, sport","publisher":{"@id":"https:\/\/test.puhdasplus.ee\/lt\/#organization"},"potentialAction":[{"@type":"SearchAction","target":{"@type":"EntryPoint","urlTemplate":"https:\/\/test.puhdasplus.ee\/lt\/?s={search_term_string}"},"query-input":{"@type":"PropertyValueSpecification","valueRequired":true,"valueName":"search_term_string"}}],"inLanguage":"lt-LT"},{"@type":"Organization","@id":"https:\/\/test.puhdasplus.ee\/lt\/#organization","name":"Puhdas+","alternateName":"Puhdasplus","url":"https:\/\/test.puhdasplus.ee\/lt\/","logo":{"@type":"ImageObject","inLanguage":"lt-LT","@id":"https:\/\/test.puhdasplus.ee\/lt\/#\/schema\/logo\/image\/","url":"https:\/\/test.puhdasplus.ee\/\/wp-content\/uploads\/2019\/10\/puhdas_logo-arvele.png","contentUrl":"https:\/\/test.puhdasplus.ee\/\/wp-content\/uploads\/2019\/10\/puhdas_logo-arvele.png","width":114,"height":94,"caption":"Puhdas+"},"image":{"@id":"https:\/\/test.puhdasplus.ee\/lt\/#\/schema\/logo\/image\/"},"sameAs":["https:\/\/www.facebook.com\/puhdasplus","https:\/\/www.instagram.com\/puhdasplus_ee\/"]}]}},"_links":{"self":[{"href":"https:\/\/test.puhdasplus.ee\/lt\/wp-json\/wp\/v2\/product\/33393","targetHints":{"allow":["GET"]}}],"collection":[{"href":"https:\/\/test.puhdasplus.ee\/lt\/wp-json\/wp\/v2\/product"}],"about":[{"href":"https:\/\/test.puhdasplus.ee\/lt\/wp-json\/wp\/v2\/types\/product"}],"replies":[{"embeddable":true,"href":"https:\/\/test.puhdasplus.ee\/lt\/wp-json\/wp\/v2\/comments?post=33393"}],"wp:featuredmedia":[{"embeddable":true,"href":"https:\/\/test.puhdasplus.ee\/lt\/wp-json\/wp\/v2\/media\/33397"}],"wp:attachment":[{"href":"https:\/\/test.puhdasplus.ee\/lt\/wp-json\/wp\/v2\/media?parent=33393"}],"wp:term":[{"taxonomy":"product_brand","embeddable":true,"href":"https:\/\/test.puhdasplus.ee\/lt\/wp-json\/wp\/v2\/product_brand?post=33393"},{"taxonomy":"product_cat","embeddable":true,"href":"https:\/\/test.puhdasplus.ee\/lt\/wp-json\/wp\/v2\/product_cat?post=33393"},{"taxonomy":"product_tag","embeddable":true,"href":"https:\/\/test.puhdasplus.ee\/lt\/wp-json\/wp\/v2\/product_tag?post=33393"}],"curies":[{"name":"wp","href":"https:\/\/api.w.org\/{rel}","templated":true}]}}