{"id":33387,"date":"2025-01-16T17:19:38","date_gmt":"2025-01-16T15:19:38","guid":{"rendered":"https:\/\/test.puhdasplus.ee\/\/tooted\/be-kategorijos\/ekologiski-kvieciu-gemalu-milteliai-200-g\/"},"modified":"2026-03-10T14:09:30","modified_gmt":"2026-03-10T12:09:30","slug":"ekologiski-kvieciu-gemalu-milteliai-200-g","status":"publish","type":"product","link":"https:\/\/test.puhdasplus.ee\/lt\/tooted\/supermaistas\/ekologiski-kvieciu-gemalu-milteliai-200-g\/","title":{"rendered":"Ekologi\u0161ki kvie\u010di\u0173 gemal\u0173 milteliai 200 g"},"content":{"rendered":"<h2 data-start=\"352\" data-end=\"380\">Kas yra kvie\u010di\u0173 gemal\u0173 milteliai?<\/h2>\n<p data-start=\"416\" data-end=\"660\">\u201ePuhdas+\u201c <strong data-start=\"424\" data-end=\"449\">ekologi\u0161ki kvie\u010di\u0173 \u017eelmen\u0173 milteliai<\/strong> gaminami i\u0161 jaun\u0173 kvie\u010di\u0173 (<em data-start=\"477\" data-end=\"496\">Triticum aestivum<\/em>) lap\u0173, kurie skinami ankstyvoje augalo augimo stadijoje. \u0160iame etape augalas nat\u016braliai sukaupia \u012fvairi\u0173 vitamin\u0173, mineral\u0173, skaidulini\u0173 med\u017eiag\u0173 ir chlorofilo. <\/p>\n<p data-start=\"662\" data-end=\"819\">Milteliai gaunami d\u017eiovinant ir malant ekologi\u0161kai u\u017eaugintus kvie\u010di\u0173 \u017eelmenis. Produktas yra 100 % grynas, jame n\u0117ra joki\u0173 pried\u0173 ar konservant\u0173. <\/p>\n<p data-start=\"821\" data-end=\"970\">Kvie\u010di\u0173 \u017eelmen\u0173 milteliai da\u017enai naudojami kokteiliuose, sultyse ir \u012fvairiuose receptuose, siekiant papildyti kasdien\u012f racion\u0105 augalin\u0117mis maistin\u0117mis med\u017eiagomis.<\/p>\n<h2 data-section-id=\"1w5u0dz\" data-start=\"977\" data-end=\"1022\">Kod\u0117l verta rinktis \u201ePuhdas+\u201c ekologi\u0161kus kvie\u010di\u0173 \u017eelmen\u0173 miltelius?<\/h2>\n<h3 data-section-id=\"1k3db7u\" data-start=\"1024\" data-end=\"1054\">Nat\u016brali augalin\u0117 sud\u0117tis<\/h3>\n<p data-start=\"1055\" data-end=\"1193\">Kvie\u010di\u0173 \u017eelmen\u0173 milteliuose nat\u016braliai gausu \u012fvairi\u0173 vitamin\u0173, mineral\u0173 ir skaidulini\u0173 med\u017eiag\u0173, kurios padeda pa\u012fvairinti kasdien\u0119 mityb\u0105.<\/p>\n<h3 data-section-id=\"1dbw4m9\" data-start=\"1195\" data-end=\"1235\">Turtingas \u017eali\u0173j\u0173 augal\u0173 \u0161altinis<\/h3>\n<p data-start=\"1236\" data-end=\"1360\">Jaun\u0173 kvie\u010di\u0173 lapuose yra chlorofilo ir \u012fvairi\u0173 augalini\u0173 jungini\u0173, b\u016bding\u0173 \u017ealiesiems lapiniams augalams.<\/p>\n<h3 data-section-id=\"17q6dhf\" data-start=\"1362\" data-end=\"1396\">Skaidul\u0173 gausus maisto papildas<\/h3>\n<p data-start=\"1397\" data-end=\"1472\">Milteliuose yra skaidulini\u0173 med\u017eiag\u0173, kurios yra svarbi subalansuotos mitybos dalis.<\/p>\n<h3 data-section-id=\"psoswv\" data-start=\"1474\" data-end=\"1502\">Universalus naudojimas<\/h3>\n<p data-start=\"1503\" data-end=\"1656\">Kvie\u010di\u0173 \u017eelmen\u0173 milteli\u0173 galima d\u0117ti \u012f kokteilius, sultis, jogurt\u0105 ar rytin\u0119 ko\u0161\u0119. Jie taip pat puikiai tinka \u012fvairiems \u017ealiesiems g\u0117rimams ruo\u0161ti. <\/p>\n<h3 data-section-id=\"14p1pxy\" data-start=\"1658\" data-end=\"1687\">Gryna ir paprasta sud\u0117tis<\/h3>\n<p data-start=\"1688\" data-end=\"1781\">Produkto sud\u0117tyje yra tik vienas ingredientas \u2013 ekologi\u0161kai u\u017eaugint\u0173 kvie\u010di\u0173 \u017eelmen\u0173 milteliai.<\/p>\n<h2 class=\"\" data-start=\"2585\" data-end=\"2603\">Ingredientai<\/h2>\n<p data-start=\"1804\" data-end=\"1871\">100 % ekologi\u0161ki kvie\u010di\u0173 \u017eelmen\u0173 milteliai (jaun\u0173 kvie\u010di\u0173 lapai)<br data-start=\"1849\" data-end=\"1852\"><em data-start=\"1852\" data-end=\"1871\">Triticum aestivum<\/em><\/p>\n<p data-start=\"1873\" data-end=\"1910\">\n<p class=\"\" data-start=\"2655\" data-end=\"2770\">Be glitimo, laktoz\u0117s, GMO, dirbtini\u0173 pried\u0173 ir konservant\u0173. Tinka veganams ir vegetarams. <\/p>\n<h2 class=\"\" data-start=\"2777\" data-end=\"2808\">Maistin\u0117 vert\u0117 100 g<\/h2>\n<ul data-start=\"2809\" data-end=\"2998\">\n<li class=\"\" data-start=\"2809\" data-end=\"2830\">\n<p class=\"\" data-start=\"2811\" data-end=\"2830\">Energin\u0117 vert\u0117: 185 kcal<\/p>\n<\/li>\n<li class=\"\" data-start=\"2831\" data-end=\"2890\">\n<p class=\"\" data-start=\"2833\" data-end=\"2846\">Riebalai: 3 g, i\u0161 kuri\u0173 so\u010di\u0173j\u0173 riebal\u0173 r\u016bg\u0161\u010di\u0173: 1,9 g<\/p>\n<\/li>\n<li class=\"\" data-start=\"2891\" data-end=\"2944\">\n<p class=\"\" data-start=\"2893\" data-end=\"2914\">Angliavandeniai: 24,7 g, i\u0161 kuri\u0173 cukr\u0173: 23,7 g<\/p>\n<\/li>\n<li class=\"\" data-start=\"2945\" data-end=\"2963\">\n<p class=\"\" data-start=\"2947\" data-end=\"2963\">Baltymai: 14,7 g<\/p>\n<\/li>\n<li class=\"\" data-start=\"2964\" data-end=\"2983\">\n<p class=\"\" data-start=\"2966\" data-end=\"2983\">Skaidulos: 46 g<\/p>\n<\/li>\n<li class=\"\" data-start=\"2984\" data-end=\"2998\">\n<p class=\"\" data-start=\"2986\" data-end=\"2998\">Druska: 0,63 g<\/p>\n<\/li>\n<\/ul>\n<h2 class=\"\" data-start=\"3005\" data-end=\"3022\">Naudojimas<\/h2>\n<p data-start=\"2137\" data-end=\"2256\">Prad\u0117kite nuo nedidelio kiekio, pavyzd\u017eiui, <strong data-start=\"2170\" data-end=\"2196\">\u00bc arbatinio \u0161auk\u0161telio per dien\u0105<\/strong>, ir, jei reikia, padidinkite iki <strong data-start=\"2227\" data-end=\"2255\">1\u20132 arbatini\u0173 \u0161auk\u0161teli\u0173 per dien\u0105<\/strong>.<\/p>\n<p data-start=\"2258\" data-end=\"2415\">Miltelius galima mai\u0161yti su vandeniu, sultimis, kokteiliais, augaliniu pienu ar jogurtu. Skoniui subalansuoti tinka derinti su citrina, imbieru ar bananu. <\/p>\n<h2 data-section-id=\"utokis\" data-start=\"2422\" data-end=\"2436\">Sand\u0117liavimas<\/h2>\n<p data-start=\"2438\" data-end=\"2501\">Laikyti sausoje ir v\u0117sioje vietoje, toliau nuo tiesiogini\u0173 saul\u0117s spinduli\u0173. Laikyti vaikams nepasiekiamoje vietoje.<\/p>\n<p class=\"\" data-start=\"3344\" data-end=\"3403\"><br data-start=\"684\" data-end=\"687\"><\/p>\n","protected":false},"excerpt":{"rendered":"<p data-start=\"469\" data-end=\"944\">\u201ePuhdas+\u201c <strong data-start=\"477\" data-end=\"508\">ekologi\u0161ki kvie\u010di\u0173 \u017eelmen\u0173 milteliai, 200 g<\/strong>, yra nat\u016bralus supermaistas, pagamintas i\u0161 jaun\u0173 kvie\u010di\u0173 augal\u0173 lap\u0173 \u2013 augimo stadijoje, kai augalas nat\u016braliai sukaupia daugiausia \u012fvairi\u0173 augalini\u0173 maistini\u0173 med\u017eiag\u0173. Tai 100 % ekologi\u0161kai u\u017eauginti milteliai be pried\u0173, kuriuose nat\u016braliai gausu chlorofilo, skaidul\u0173, vitamin\u0173 ir mineral\u0173. \u0160ioje augimo stadijoje kvie\u010diuose dar n\u0117ra glitimo, tod\u0117l produktas tinka ir tiems, kurie jo vengia.  <\/p>\n<p data-start=\"946\" data-end=\"1248\">Kvie\u010di\u0173 \u017eelmenys \u017einomi d\u0117l savo nat\u016bralios maistin\u0117s vert\u0117s \u2013 juose yra vitamin\u0173 A, C ir E, taip pat \u012fvairi\u0173 mineral\u0173 ir antioksidant\u0173. D\u0117l savo universalios sud\u0117ties kvie\u010di\u0173 \u017eelmen\u0173 milteliai yra populiarus kasdien\u0117s mitybos priedas, ypa\u010d ruo\u0161iant kokteilius, sultis ir \u017ealiuosius g\u0117rimus. <\/p>\n<p data-start=\"1250\" data-end=\"1528\">Ekologi\u0161ka produkto sud\u0117tis ir tausojantis apdorojimas padeda i\u0161saugoti augaluose nat\u016braliai esan\u010dias maistines med\u017eiagas. Kvie\u010di\u0173 \u017eelmen\u0173 miltelius paprasta naudoti \u2013 \u012fmai\u0161ykite j\u0173 \u012f kokteil\u012f, sultis, vanden\u012f arba rytin\u0119 ko\u0161\u0119. Intensyv\u0173 skon\u012f galima su\u0161velninti citrina, imbieru ar bananu.  <\/p>\n<p data-start=\"1530\" data-end=\"1685\">\u201ePuhdas+\u201c ekologi\u0161ki kvie\u010di\u0173 \u017eelmen\u0173 milteliai tinka kasdienei mitybai pa\u012fvairinti ir tiems, kurie nori \u012f savo racion\u0105 \u012ftraukti daugiau augalinio ir \u017ealiojo maisto.<\/p>\n<hr data-start=\"1687\" data-end=\"1690\">\n","protected":false},"featured_media":33390,"comment_status":"closed","ping_status":"closed","template":"","meta":{"_acf_changed":false},"product_brand":[],"product_cat":[3019],"product_tag":[3320,3563,3565,3593,3595,3026],"class_list":{"0":"post-33387","1":"product","2":"type-product","3":"status-publish","4":"has-post-thumbnail","6":"product_cat-supermaistas","7":"product_tag-be-glitimo","8":"product_tag-ekologiskas-lt","9":"product_tag-kokteilio-uzpilas","10":"product_tag-kvieciu-zelmenu-milteliai","11":"product_tag-naturali-energija","12":"product_tag-supermaistas","14":"first","15":"outofstock","16":"taxable","17":"shipping-taxable","18":"purchasable","19":"product-type-simple"},"acf":[],"yoast_head":"<!-- This site is optimized with the Yoast SEO plugin v27.1.1 - https:\/\/yoast.com\/product\/yoast-seo-wordpress\/ -->\n<title>Ekologi\u0161ki kvie\u010di\u0173 gemal\u0173 milteliai 200 g - Puhdas+<\/title>\n<meta name=\"description\" content=\"\u201ePure+ Organic Wheatgrass\u201c milteliai 200 g \u2013 maistini\u0173 med\u017eiag\u0173 turtingas \u017ealias supermaistas, stiprinantis imunitet\u0105, vir\u0161kinim\u0105 ir nat\u016bral\u0173 energijos lyg\u012f.\" \/>\n<meta name=\"robots\" content=\"noindex, follow, max-snippet:-1, max-image-preview:large, max-video-preview:-1\" \/>\n<meta property=\"og:locale\" content=\"lt_LT\" \/>\n<meta property=\"og:type\" content=\"article\" \/>\n<meta property=\"og:title\" content=\"Ekologi\u0161ki kvie\u010di\u0173 gemal\u0173 milteliai 200 g - Puhdas+\" \/>\n<meta property=\"og:description\" content=\"\u201ePure+ Organic Wheatgrass\u201c milteliai 200 g \u2013 maistini\u0173 med\u017eiag\u0173 turtingas \u017ealias supermaistas, stiprinantis imunitet\u0105, vir\u0161kinim\u0105 ir nat\u016bral\u0173 energijos lyg\u012f.\" \/>\n<meta property=\"og:url\" content=\"https:\/\/test.puhdasplus.ee\/lt\/tooted\/supermaistas\/ekologiski-kvieciu-gemalu-milteliai-200-g\/\" \/>\n<meta property=\"og:site_name\" content=\"Puhdas+\" \/>\n<meta property=\"article:publisher\" content=\"https:\/\/www.facebook.com\/puhdasplus\" \/>\n<meta property=\"article:modified_time\" content=\"2026-03-10T12:09:30+00:00\" \/>\n<meta property=\"og:image\" content=\"https:\/\/test.puhdasplus.ee\/wp-content\/uploads\/2025\/03\/174.jpg\" \/>\n\t<meta property=\"og:image:width\" content=\"1862\" \/>\n\t<meta property=\"og:image:height\" content=\"2560\" \/>\n\t<meta property=\"og:image:type\" content=\"image\/jpeg\" \/>\n<meta name=\"twitter:card\" content=\"summary_large_image\" \/>\n<meta name=\"twitter:label1\" content=\"Est. reading time\" \/>\n\t<meta name=\"twitter:data1\" content=\"2 minut\u0117\" \/>\n<script type=\"application\/ld+json\" class=\"yoast-schema-graph\">{\"@context\":\"https:\/\/schema.org\",\"@graph\":[{\"@type\":\"WebPage\",\"@id\":\"https:\/\/test.puhdasplus.ee\/lt\/tooted\/supermaistas\/ekologiski-kvieciu-gemalu-milteliai-200-g\/\",\"url\":\"https:\/\/test.puhdasplus.ee\/lt\/tooted\/supermaistas\/ekologiski-kvieciu-gemalu-milteliai-200-g\/\",\"name\":\"Ekologi\u0161ki kvie\u010di\u0173 gemal\u0173 milteliai 200 g - Puhdas+\",\"isPartOf\":{\"@id\":\"https:\/\/test.puhdasplus.ee\/lt\/#website\"},\"primaryImageOfPage\":{\"@id\":\"https:\/\/test.puhdasplus.ee\/lt\/tooted\/supermaistas\/ekologiski-kvieciu-gemalu-milteliai-200-g\/#primaryimage\"},\"image\":{\"@id\":\"https:\/\/test.puhdasplus.ee\/lt\/tooted\/supermaistas\/ekologiski-kvieciu-gemalu-milteliai-200-g\/#primaryimage\"},\"thumbnailUrl\":\"https:\/\/test.puhdasplus.ee\/wp-content\/uploads\/2025\/03\/174.jpg\",\"datePublished\":\"2025-01-16T15:19:38+00:00\",\"dateModified\":\"2026-03-10T12:09:30+00:00\",\"description\":\"\u201ePure+ Organic Wheatgrass\u201c milteliai 200 g \u2013 maistini\u0173 med\u017eiag\u0173 turtingas \u017ealias supermaistas, stiprinantis imunitet\u0105, vir\u0161kinim\u0105 ir nat\u016bral\u0173 energijos lyg\u012f.\",\"breadcrumb\":{\"@id\":\"https:\/\/test.puhdasplus.ee\/lt\/tooted\/supermaistas\/ekologiski-kvieciu-gemalu-milteliai-200-g\/#breadcrumb\"},\"inLanguage\":\"lt-LT\",\"potentialAction\":[{\"@type\":\"ReadAction\",\"target\":[\"https:\/\/test.puhdasplus.ee\/lt\/tooted\/supermaistas\/ekologiski-kvieciu-gemalu-milteliai-200-g\/\"]}]},{\"@type\":\"ImageObject\",\"inLanguage\":\"lt-LT\",\"@id\":\"https:\/\/test.puhdasplus.ee\/lt\/tooted\/supermaistas\/ekologiski-kvieciu-gemalu-milteliai-200-g\/#primaryimage\",\"url\":\"https:\/\/test.puhdasplus.ee\/wp-content\/uploads\/2025\/03\/174.jpg\",\"contentUrl\":\"https:\/\/test.puhdasplus.ee\/wp-content\/uploads\/2025\/03\/174.jpg\",\"width\":1862,\"height\":2560,\"caption\":\"Ekologi\u0161ki kvie\u010di\u0173 \u017eelmen\u0173 milteliai\"},{\"@type\":\"BreadcrumbList\",\"@id\":\"https:\/\/test.puhdasplus.ee\/lt\/tooted\/supermaistas\/ekologiski-kvieciu-gemalu-milteliai-200-g\/#breadcrumb\",\"itemListElement\":[{\"@type\":\"ListItem\",\"position\":1,\"name\":\"Prad\u017eia\",\"item\":\"https:\/\/test.puhdasplus.ee\/lt\/\"},{\"@type\":\"ListItem\",\"position\":2,\"name\":\"Produktai\",\"item\":\"https:\/\/test.puhdasplus.ee\/lt\/parduotuve\/\"},{\"@type\":\"ListItem\",\"position\":3,\"name\":\"Ekologi\u0161ki kvie\u010di\u0173 gemal\u0173 milteliai 200 g\"}]},{\"@type\":\"WebSite\",\"@id\":\"https:\/\/test.puhdasplus.ee\/lt\/#website\",\"url\":\"https:\/\/test.puhdasplus.ee\/lt\/\",\"name\":\"Puhdas+\",\"description\":\"Vitamiinid, Toidulisandid, looduskosmeetika, tervis, sport\",\"publisher\":{\"@id\":\"https:\/\/test.puhdasplus.ee\/lt\/#organization\"},\"potentialAction\":[{\"@type\":\"SearchAction\",\"target\":{\"@type\":\"EntryPoint\",\"urlTemplate\":\"https:\/\/test.puhdasplus.ee\/lt\/?s={search_term_string}\"},\"query-input\":{\"@type\":\"PropertyValueSpecification\",\"valueRequired\":true,\"valueName\":\"search_term_string\"}}],\"inLanguage\":\"lt-LT\"},{\"@type\":\"Organization\",\"@id\":\"https:\/\/test.puhdasplus.ee\/lt\/#organization\",\"name\":\"Puhdas+\",\"alternateName\":\"Puhdasplus\",\"url\":\"https:\/\/test.puhdasplus.ee\/lt\/\",\"logo\":{\"@type\":\"ImageObject\",\"inLanguage\":\"lt-LT\",\"@id\":\"https:\/\/test.puhdasplus.ee\/lt\/#\/schema\/logo\/image\/\",\"url\":\"https:\/\/test.puhdasplus.ee\/\/wp-content\/uploads\/2019\/10\/puhdas_logo-arvele.png\",\"contentUrl\":\"https:\/\/test.puhdasplus.ee\/\/wp-content\/uploads\/2019\/10\/puhdas_logo-arvele.png\",\"width\":114,\"height\":94,\"caption\":\"Puhdas+\"},\"image\":{\"@id\":\"https:\/\/test.puhdasplus.ee\/lt\/#\/schema\/logo\/image\/\"},\"sameAs\":[\"https:\/\/www.facebook.com\/puhdasplus\",\"https:\/\/www.instagram.com\/puhdasplus_ee\/\"]}]}<\/script>\n<!-- \/ Yoast SEO plugin. -->","yoast_head_json":{"title":"Ekologi\u0161ki kvie\u010di\u0173 gemal\u0173 milteliai 200 g - Puhdas+","description":"\u201ePure+ Organic Wheatgrass\u201c milteliai 200 g \u2013 maistini\u0173 med\u017eiag\u0173 turtingas \u017ealias supermaistas, stiprinantis imunitet\u0105, vir\u0161kinim\u0105 ir nat\u016bral\u0173 energijos lyg\u012f.","robots":{"index":"noindex","follow":"follow","max-snippet":"max-snippet:-1","max-image-preview":"max-image-preview:large","max-video-preview":"max-video-preview:-1"},"og_locale":"lt_LT","og_type":"article","og_title":"Ekologi\u0161ki kvie\u010di\u0173 gemal\u0173 milteliai 200 g - Puhdas+","og_description":"\u201ePure+ Organic Wheatgrass\u201c milteliai 200 g \u2013 maistini\u0173 med\u017eiag\u0173 turtingas \u017ealias supermaistas, stiprinantis imunitet\u0105, vir\u0161kinim\u0105 ir nat\u016bral\u0173 energijos lyg\u012f.","og_url":"https:\/\/test.puhdasplus.ee\/lt\/tooted\/supermaistas\/ekologiski-kvieciu-gemalu-milteliai-200-g\/","og_site_name":"Puhdas+","article_publisher":"https:\/\/www.facebook.com\/puhdasplus","article_modified_time":"2026-03-10T12:09:30+00:00","og_image":[{"width":1862,"height":2560,"url":"https:\/\/test.puhdasplus.ee\/wp-content\/uploads\/2025\/03\/174.jpg","type":"image\/jpeg"}],"twitter_card":"summary_large_image","twitter_misc":{"Est. reading time":"2 minut\u0117"},"schema":{"@context":"https:\/\/schema.org","@graph":[{"@type":"WebPage","@id":"https:\/\/test.puhdasplus.ee\/lt\/tooted\/supermaistas\/ekologiski-kvieciu-gemalu-milteliai-200-g\/","url":"https:\/\/test.puhdasplus.ee\/lt\/tooted\/supermaistas\/ekologiski-kvieciu-gemalu-milteliai-200-g\/","name":"Ekologi\u0161ki kvie\u010di\u0173 gemal\u0173 milteliai 200 g - Puhdas+","isPartOf":{"@id":"https:\/\/test.puhdasplus.ee\/lt\/#website"},"primaryImageOfPage":{"@id":"https:\/\/test.puhdasplus.ee\/lt\/tooted\/supermaistas\/ekologiski-kvieciu-gemalu-milteliai-200-g\/#primaryimage"},"image":{"@id":"https:\/\/test.puhdasplus.ee\/lt\/tooted\/supermaistas\/ekologiski-kvieciu-gemalu-milteliai-200-g\/#primaryimage"},"thumbnailUrl":"https:\/\/test.puhdasplus.ee\/wp-content\/uploads\/2025\/03\/174.jpg","datePublished":"2025-01-16T15:19:38+00:00","dateModified":"2026-03-10T12:09:30+00:00","description":"\u201ePure+ Organic Wheatgrass\u201c milteliai 200 g \u2013 maistini\u0173 med\u017eiag\u0173 turtingas \u017ealias supermaistas, stiprinantis imunitet\u0105, vir\u0161kinim\u0105 ir nat\u016bral\u0173 energijos lyg\u012f.","breadcrumb":{"@id":"https:\/\/test.puhdasplus.ee\/lt\/tooted\/supermaistas\/ekologiski-kvieciu-gemalu-milteliai-200-g\/#breadcrumb"},"inLanguage":"lt-LT","potentialAction":[{"@type":"ReadAction","target":["https:\/\/test.puhdasplus.ee\/lt\/tooted\/supermaistas\/ekologiski-kvieciu-gemalu-milteliai-200-g\/"]}]},{"@type":"ImageObject","inLanguage":"lt-LT","@id":"https:\/\/test.puhdasplus.ee\/lt\/tooted\/supermaistas\/ekologiski-kvieciu-gemalu-milteliai-200-g\/#primaryimage","url":"https:\/\/test.puhdasplus.ee\/wp-content\/uploads\/2025\/03\/174.jpg","contentUrl":"https:\/\/test.puhdasplus.ee\/wp-content\/uploads\/2025\/03\/174.jpg","width":1862,"height":2560,"caption":"Ekologi\u0161ki kvie\u010di\u0173 \u017eelmen\u0173 milteliai"},{"@type":"BreadcrumbList","@id":"https:\/\/test.puhdasplus.ee\/lt\/tooted\/supermaistas\/ekologiski-kvieciu-gemalu-milteliai-200-g\/#breadcrumb","itemListElement":[{"@type":"ListItem","position":1,"name":"Prad\u017eia","item":"https:\/\/test.puhdasplus.ee\/lt\/"},{"@type":"ListItem","position":2,"name":"Produktai","item":"https:\/\/test.puhdasplus.ee\/lt\/parduotuve\/"},{"@type":"ListItem","position":3,"name":"Ekologi\u0161ki kvie\u010di\u0173 gemal\u0173 milteliai 200 g"}]},{"@type":"WebSite","@id":"https:\/\/test.puhdasplus.ee\/lt\/#website","url":"https:\/\/test.puhdasplus.ee\/lt\/","name":"Puhdas+","description":"Vitamiinid, Toidulisandid, looduskosmeetika, tervis, sport","publisher":{"@id":"https:\/\/test.puhdasplus.ee\/lt\/#organization"},"potentialAction":[{"@type":"SearchAction","target":{"@type":"EntryPoint","urlTemplate":"https:\/\/test.puhdasplus.ee\/lt\/?s={search_term_string}"},"query-input":{"@type":"PropertyValueSpecification","valueRequired":true,"valueName":"search_term_string"}}],"inLanguage":"lt-LT"},{"@type":"Organization","@id":"https:\/\/test.puhdasplus.ee\/lt\/#organization","name":"Puhdas+","alternateName":"Puhdasplus","url":"https:\/\/test.puhdasplus.ee\/lt\/","logo":{"@type":"ImageObject","inLanguage":"lt-LT","@id":"https:\/\/test.puhdasplus.ee\/lt\/#\/schema\/logo\/image\/","url":"https:\/\/test.puhdasplus.ee\/\/wp-content\/uploads\/2019\/10\/puhdas_logo-arvele.png","contentUrl":"https:\/\/test.puhdasplus.ee\/\/wp-content\/uploads\/2019\/10\/puhdas_logo-arvele.png","width":114,"height":94,"caption":"Puhdas+"},"image":{"@id":"https:\/\/test.puhdasplus.ee\/lt\/#\/schema\/logo\/image\/"},"sameAs":["https:\/\/www.facebook.com\/puhdasplus","https:\/\/www.instagram.com\/puhdasplus_ee\/"]}]}},"_links":{"self":[{"href":"https:\/\/test.puhdasplus.ee\/lt\/wp-json\/wp\/v2\/product\/33387","targetHints":{"allow":["GET"]}}],"collection":[{"href":"https:\/\/test.puhdasplus.ee\/lt\/wp-json\/wp\/v2\/product"}],"about":[{"href":"https:\/\/test.puhdasplus.ee\/lt\/wp-json\/wp\/v2\/types\/product"}],"replies":[{"embeddable":true,"href":"https:\/\/test.puhdasplus.ee\/lt\/wp-json\/wp\/v2\/comments?post=33387"}],"wp:featuredmedia":[{"embeddable":true,"href":"https:\/\/test.puhdasplus.ee\/lt\/wp-json\/wp\/v2\/media\/33390"}],"wp:attachment":[{"href":"https:\/\/test.puhdasplus.ee\/lt\/wp-json\/wp\/v2\/media?parent=33387"}],"wp:term":[{"taxonomy":"product_brand","embeddable":true,"href":"https:\/\/test.puhdasplus.ee\/lt\/wp-json\/wp\/v2\/product_brand?post=33387"},{"taxonomy":"product_cat","embeddable":true,"href":"https:\/\/test.puhdasplus.ee\/lt\/wp-json\/wp\/v2\/product_cat?post=33387"},{"taxonomy":"product_tag","embeddable":true,"href":"https:\/\/test.puhdasplus.ee\/lt\/wp-json\/wp\/v2\/product_tag?post=33387"}],"curies":[{"name":"wp","href":"https:\/\/api.w.org\/{rel}","templated":true}]}}