{"id":33368,"date":"2025-01-16T16:22:22","date_gmt":"2025-01-16T14:22:22","guid":{"rendered":"https:\/\/test.puhdasplus.ee\/\/tooted\/be-kategorijos\/l-citrulino-malatas-200-g\/"},"modified":"2026-02-27T11:26:19","modified_gmt":"2026-02-27T09:26:19","slug":"l-citrulino-malatas-200-g","status":"publish","type":"product","link":"https:\/\/test.puhdasplus.ee\/lt\/tooted\/specialus-pasiulymai\/l-citrulino-malatas-200-g\/","title":{"rendered":"L-citrulino malatas 200 g"},"content":{"rendered":"<h2 data-start=\"347\" data-end=\"744\">Kas yra L-citrulino malatas?<\/h2>\n<p class=\"\" data-start=\"347\" data-end=\"744\"><strong data-start=\"347\" data-end=\"378\">L-citrulino malatas<\/strong> yra labai grynas milteli\u0173 pavidalo maisto papildas, kuriame sujungtos dvi veikliosios med\u017eiagos: <strong data-start=\"462\" data-end=\"480\">L-citrulinas<\/strong> ir <strong data-start=\"484\" data-end=\"495\">malatas<\/strong> (obuoli\u0173 r\u016bg\u0161ties druska). \u0160i\u0173 dviej\u0173 ingredient\u0173 sinergija pirmiausia \u017einoma sportin\u0117je mityboje, kur jie vertinami d\u0117l geb\u0117jimo <strong data-start=\"613\" data-end=\"642\">palaikyti raumen\u0173 veikl\u0105<\/strong> , <strong data-start=\"644\" data-end=\"671\">gerinti kraujotak\u0105<\/strong> , <strong data-start=\"675\" data-end=\"724\">ma\u017einti raumen\u0173 nuovarg\u012f ir atsistatymo laik\u0105<\/strong> po fizinio kr\u016bvio. <\/p>\n<p class=\"\" data-start=\"746\" data-end=\"933\">Produktas yra <strong data-start=\"755\" data-end=\"778\">100 % be pried\u0173<\/strong> \u2013 jame n\u0117ra saldikli\u0173, da\u017eikli\u0173, glitimo, laktoz\u0117s ar mieli\u0173. Tinka veganams ir pagamintas <strong data-start=\"882\" data-end=\"892\">Suomijoje<\/strong> , laikantis auk\u0161t\u0173 kokyb\u0117s standart\u0173. <\/p>\n<h2 data-start=\"940\" data-end=\"990\">Kam tinka L-citrulino malatas?<\/h2>\n<h4 class=\"\" data-start=\"992\" data-end=\"1035\">Padidina fizin\u012f na\u0161um\u0105 ir energij\u0105<\/h4>\n<p class=\"\" data-start=\"1036\" data-end=\"1298\">L-citrulinas organizme paver\u010diamas argininu ir palaiko <strong data-start=\"1086\" data-end=\"1120\">azoto oksido (NO) gamyb\u0105<\/strong> , kuris savo ruo\u017etu ple\u010dia kraujagysles. Padid\u0117jusi kraujotaka pagerina deguonies ir maistini\u0173 med\u017eiag\u0173 transportavim\u0105 \u012f raumenis, pad\u0117damas padidinti na\u0161um\u0105 ir i\u0161tverm\u0119 fizinio kr\u016bvio metu. <\/p>\n<h4 class=\"\" data-start=\"1300\" data-end=\"1357\">Padeda suma\u017einti raumen\u0173 nuovarg\u012f ir skatina atsigavim\u0105<\/h4>\n<p class=\"\" data-start=\"1358\" data-end=\"1604\">Malatas atlieka svarb\u0173 vaidmen\u012f <strong data-start=\"1378\" data-end=\"1398\">energijos gamyboje<\/strong> ir <strong data-start=\"1402\" data-end=\"1428\">pieno r\u016bg\u0161ties \u0161alinime<\/strong> , pad\u0117damas i\u0161vengti raumen\u0173 perkrovos ir nuovargio. Kartu su L-citrulinu jis padeda pagreitinti atsistatym\u0105 po treniruot\u0117s, suma\u017einti raumen\u0173 skausm\u0105 ir atkurti raumen\u0173 veikl\u0105. <\/p>\n<h4 class=\"\" data-start=\"1606\" data-end=\"1644\">Tinka kasdieniam naudojimui<\/h4>\n<p class=\"\" data-start=\"1645\" data-end=\"1899\">Produkt\u0105 galima vartoti tiek prie\u0161 treniruot\u0119, tiek po jos. Jis taip pat tinka kasdieniam atsistatymui palaikyti laikotarpiais, kai organizmui reikia daugiau energijos ir atsistatymo, pavyzd\u017eiui, streso, \u012ftempto darbo laikotarpio ar miego stokos metu. <\/p>\n<h2 data-start=\"1906\" data-end=\"1959\">Kam tinka \u201ePure+\u201c L-citrulino malatas?<\/h2>\n<ul>\n<li class=\"\" data-start=\"1961\" data-end=\"2052\">\n<p class=\"\" data-start=\"1963\" data-end=\"2052\">Sportininkams ir sportuojantiems, norintiems pagerinti fizin\u012f paj\u0117gum\u0105<\/p>\n<\/li>\n<li class=\"\" data-start=\"2053\" data-end=\"2125\">\n<p class=\"\" data-start=\"2055\" data-end=\"2125\">Tiems, kurie nori pagreitinti atsistatym\u0105 ir suma\u017einti raumen\u0173 nuovarg\u012f<\/p>\n<\/li>\n<li class=\"\" data-start=\"2126\" data-end=\"2182\">\n<p class=\"\" data-start=\"2128\" data-end=\"2182\">Tiems, kuri\u0173 treniruot\u0117s yra intensyvios arba pasikartojan\u010dios<\/p>\n<\/li>\n<li data-start=\"2185\" data-end=\"2270\">Visiems, kurie vertina gryn\u0105 formul\u0119 be sintetini\u0173 pried\u0173<\/li>\n<li class=\"\" data-start=\"2271\" data-end=\"2320\">\n<p class=\"\" data-start=\"2273\" data-end=\"2320\">Veganams ir vartotojams, turintiems jautri\u0105 vir\u0161kinimo sistem\u0105<\/p>\n<\/li>\n<\/ul>\n<h2 data-start=\"2327\" data-end=\"2348\">Naudojimas<\/h2>\n<p class=\"\" data-start=\"2350\" data-end=\"2527\"><strong data-start=\"2350\" data-end=\"2379\">Rekomenduojama paros doz\u0117:<\/strong> 1\u20132 arbatiniai \u0161auk\u0161teliai (apie 3\u20136 g).<br data-start=\"2408\" data-end=\"2411\"> Sumai\u0161ykite su vandeniu, sultimis arba \u012fmai\u0161ykite \u012f kokteilius.<br data-start=\"2454\" data-end=\"2457\"> Geriausia vartoti 30\u201360 minu\u010di\u0173 prie\u0161 arba i\u0161kart po treniruot\u0117s.<\/p>\n<p class=\"\" data-start=\"2529\" data-end=\"2689\">Maisto papildas nepakei\u010dia \u012fvairios mitybos ar sveiko gyvenimo b\u016bdo. Nevir\u0161ykite rekomenduojamos paros doz\u0117s. Laikyti vaikams nepasiekiamoje vietoje.  <\/p>\n<h2 data-start=\"2696\" data-end=\"2734\">Sudedamosios dalys ir maistin\u0117 vert\u0117<\/h2>\n<p class=\"\" data-start=\"2736\" data-end=\"2754\"><strong data-start=\"2736\" data-end=\"2752\">Sudedamosios dalys:<\/strong><\/p>\n<ul data-start=\"2755\" data-end=\"2783\">\n<li class=\"\" data-start=\"2755\" data-end=\"2772\">\n<p class=\"\" data-start=\"2757\" data-end=\"2772\">L-citrulinas<\/p>\n<\/li>\n<li class=\"\" data-start=\"2773\" data-end=\"2783\">\n<p class=\"\" data-start=\"2775\" data-end=\"2783\">Malatas<\/p>\n<\/li>\n<\/ul>\n<p class=\"\" data-start=\"2785\" data-end=\"2822\"><strong data-start=\"2785\" data-end=\"2820\">1 arbatiniame \u0161auk\u0161telyje (3 g) yra:<\/strong><\/p>\n<ul data-start=\"2823\" data-end=\"2861\">\n<li class=\"\" data-start=\"2823\" data-end=\"2845\">\n<p class=\"\" data-start=\"2825\" data-end=\"2845\">L-citrulinas: 2 g<\/p>\n<\/li>\n<li class=\"\" data-start=\"2846\" data-end=\"2861\">\n<p class=\"\" data-start=\"2848\" data-end=\"2861\">Malatas: 1 g<\/p>\n<\/li>\n<\/ul>\n<p class=\"\" data-start=\"2863\" data-end=\"2959\"><strong data-start=\"2863\" data-end=\"2878\">Sud\u0117tyje n\u0117ra:<\/strong> glitimo, laktoz\u0117s, druskos, cukraus, mieli\u0173, saldikli\u0173 ar dirbtini\u0173 pried\u0173.<\/p>\n","protected":false},"excerpt":{"rendered":"<p class=\"\" data-start=\"238\" data-end=\"609\">\u201ePure+ L-Citrulline Malate 200 g\u201c yra veiksmingas ir grynas maisto papildas, padedantis pagerinti fizinio kr\u016bvio rezultatus, padidinti i\u0161tverm\u0119 ir pagreitinti atsistatym\u0105. L-Citrulinas skatina azoto oksido gamyb\u0105 organizme, taip pagerindamas kraujotak\u0105 ir deguonies transportavim\u0105 \u012f raumenis. Malatas, arba obuoli\u0173 r\u016bg\u0161ties druska, padeda padidinti energijos lyg\u012f ir suma\u017einti raumen\u0173 nuovarg\u012f.  <\/p>\n<p class=\"\" data-start=\"611\" data-end=\"969\">D\u0117l \u0161io derinio produktas ypa\u010d tinka sportininkams ir aktyviems \u017emon\u0117ms, norintiems treniruotis efektyviau ir grei\u010diau atsigauti. Milteliai yra neutralaus skonio, lengvai mai\u0161omi su vandeniu ar kokteiliais, be glitimo, laktoz\u0117s, mieli\u0173 ar dirbtini\u0173 pried\u0173. Jie taip pat puikiai tinka veganams ir \u017emon\u0117ms su jautria vir\u0161kinimo sistema.  <\/p>\n","protected":false},"featured_media":357395,"comment_status":"closed","ping_status":"closed","template":"","meta":{"_acf_changed":false},"product_brand":[],"product_cat":[3490,3049],"product_tag":[3465,3570,3571,3131,3574,3140,3144,3569],"class_list":{"0":"post-33368","1":"product","2":"type-product","3":"status-publish","4":"has-post-thumbnail","6":"product_cat-aminorugstys","7":"product_cat-specialus-pasiulymai","8":"product_tag-aminorugstis","9":"product_tag-citrulino-malatas","10":"product_tag-kraujotaka","11":"product_tag-maisto-papildas","12":"product_tag-mokymo-efektyvumas","13":"product_tag-nuovargio-mazinimas","14":"product_tag-raumenys-ir-sanariai","15":"product_tag-sportas","17":"first","18":"instock","19":"sale","20":"taxable","21":"shipping-taxable","22":"purchasable","23":"product-type-simple"},"acf":[],"yoast_head":"<!-- This site is optimized with the Yoast SEO plugin v27.1.1 - https:\/\/yoast.com\/product\/yoast-seo-wordpress\/ -->\n<title>L-citrulino malatas 200 g - Puhdas+<\/title>\n<meta name=\"description\" content=\"Citrulino malato milteliai 200 g yra grynas aminor\u016bg\u0161\u010di\u0173 papildas, kuris palaiko kraujotak\u0105, gerina mank\u0161tos efektyvum\u0105 ir ma\u017eina nuovarg\u012f.\" \/>\n<meta name=\"robots\" content=\"noindex, follow, max-snippet:-1, max-image-preview:large, max-video-preview:-1\" \/>\n<meta property=\"og:locale\" content=\"lt_LT\" \/>\n<meta property=\"og:type\" content=\"article\" \/>\n<meta property=\"og:title\" content=\"L-citrulino malatas 200 g - Puhdas+\" \/>\n<meta property=\"og:description\" content=\"Citrulino malato milteliai 200 g yra grynas aminor\u016bg\u0161\u010di\u0173 papildas, kuris palaiko kraujotak\u0105, gerina mank\u0161tos efektyvum\u0105 ir ma\u017eina nuovarg\u012f.\" \/>\n<meta property=\"og:url\" content=\"https:\/\/test.puhdasplus.ee\/lt\/tooted\/specialus-pasiulymai\/l-citrulino-malatas-200-g\/\" \/>\n<meta property=\"og:site_name\" content=\"Puhdas+\" \/>\n<meta property=\"article:publisher\" content=\"https:\/\/www.facebook.com\/puhdasplus\" \/>\n<meta property=\"article:modified_time\" content=\"2026-02-27T09:26:19+00:00\" \/>\n<meta property=\"og:image\" content=\"https:\/\/test.puhdasplus.ee\/wp-content\/uploads\/2025\/01\/L-tsitrulliinmalaat-200-g-PuhdasPlus-scaled.jpg\" \/>\n\t<meta property=\"og:image:width\" content=\"1862\" \/>\n\t<meta property=\"og:image:height\" content=\"2560\" \/>\n\t<meta property=\"og:image:type\" content=\"image\/jpeg\" \/>\n<meta name=\"twitter:card\" content=\"summary_large_image\" \/>\n<meta name=\"twitter:label1\" content=\"Est. reading time\" \/>\n\t<meta name=\"twitter:data1\" content=\"2 minut\u0117\" \/>\n<script type=\"application\/ld+json\" class=\"yoast-schema-graph\">{\"@context\":\"https:\/\/schema.org\",\"@graph\":[{\"@type\":\"WebPage\",\"@id\":\"https:\/\/test.puhdasplus.ee\/lt\/tooted\/specialus-pasiulymai\/l-citrulino-malatas-200-g\/\",\"url\":\"https:\/\/test.puhdasplus.ee\/lt\/tooted\/specialus-pasiulymai\/l-citrulino-malatas-200-g\/\",\"name\":\"L-citrulino malatas 200 g - Puhdas+\",\"isPartOf\":{\"@id\":\"https:\/\/test.puhdasplus.ee\/lt\/#website\"},\"primaryImageOfPage\":{\"@id\":\"https:\/\/test.puhdasplus.ee\/lt\/tooted\/specialus-pasiulymai\/l-citrulino-malatas-200-g\/#primaryimage\"},\"image\":{\"@id\":\"https:\/\/test.puhdasplus.ee\/lt\/tooted\/specialus-pasiulymai\/l-citrulino-malatas-200-g\/#primaryimage\"},\"thumbnailUrl\":\"https:\/\/test.puhdasplus.ee\/wp-content\/uploads\/2025\/01\/L-tsitrulliinmalaat-200-g-PuhdasPlus-scaled.jpg\",\"datePublished\":\"2025-01-16T14:22:22+00:00\",\"dateModified\":\"2026-02-27T09:26:19+00:00\",\"description\":\"Citrulino malato milteliai 200 g yra grynas aminor\u016bg\u0161\u010di\u0173 papildas, kuris palaiko kraujotak\u0105, gerina mank\u0161tos efektyvum\u0105 ir ma\u017eina nuovarg\u012f.\",\"breadcrumb\":{\"@id\":\"https:\/\/test.puhdasplus.ee\/lt\/tooted\/specialus-pasiulymai\/l-citrulino-malatas-200-g\/#breadcrumb\"},\"inLanguage\":\"lt-LT\",\"potentialAction\":[{\"@type\":\"ReadAction\",\"target\":[\"https:\/\/test.puhdasplus.ee\/lt\/tooted\/specialus-pasiulymai\/l-citrulino-malatas-200-g\/\"]}]},{\"@type\":\"ImageObject\",\"inLanguage\":\"lt-LT\",\"@id\":\"https:\/\/test.puhdasplus.ee\/lt\/tooted\/specialus-pasiulymai\/l-citrulino-malatas-200-g\/#primaryimage\",\"url\":\"https:\/\/test.puhdasplus.ee\/wp-content\/uploads\/2025\/01\/L-tsitrulliinmalaat-200-g-PuhdasPlus-scaled.jpg\",\"contentUrl\":\"https:\/\/test.puhdasplus.ee\/wp-content\/uploads\/2025\/01\/L-tsitrulliinmalaat-200-g-PuhdasPlus-scaled.jpg\",\"width\":1862,\"height\":2560,\"caption\":\"L-tsitrulliinmalaat 200 g PuhdasPlus\"},{\"@type\":\"BreadcrumbList\",\"@id\":\"https:\/\/test.puhdasplus.ee\/lt\/tooted\/specialus-pasiulymai\/l-citrulino-malatas-200-g\/#breadcrumb\",\"itemListElement\":[{\"@type\":\"ListItem\",\"position\":1,\"name\":\"Prad\u017eia\",\"item\":\"https:\/\/test.puhdasplus.ee\/lt\/\"},{\"@type\":\"ListItem\",\"position\":2,\"name\":\"Produktai\",\"item\":\"https:\/\/test.puhdasplus.ee\/lt\/parduotuve\/\"},{\"@type\":\"ListItem\",\"position\":3,\"name\":\"L-citrulino malatas 200 g\"}]},{\"@type\":\"WebSite\",\"@id\":\"https:\/\/test.puhdasplus.ee\/lt\/#website\",\"url\":\"https:\/\/test.puhdasplus.ee\/lt\/\",\"name\":\"Puhdas+\",\"description\":\"Vitamiinid, Toidulisandid, looduskosmeetika, tervis, sport\",\"publisher\":{\"@id\":\"https:\/\/test.puhdasplus.ee\/lt\/#organization\"},\"potentialAction\":[{\"@type\":\"SearchAction\",\"target\":{\"@type\":\"EntryPoint\",\"urlTemplate\":\"https:\/\/test.puhdasplus.ee\/lt\/?s={search_term_string}\"},\"query-input\":{\"@type\":\"PropertyValueSpecification\",\"valueRequired\":true,\"valueName\":\"search_term_string\"}}],\"inLanguage\":\"lt-LT\"},{\"@type\":\"Organization\",\"@id\":\"https:\/\/test.puhdasplus.ee\/lt\/#organization\",\"name\":\"Puhdas+\",\"alternateName\":\"Puhdasplus\",\"url\":\"https:\/\/test.puhdasplus.ee\/lt\/\",\"logo\":{\"@type\":\"ImageObject\",\"inLanguage\":\"lt-LT\",\"@id\":\"https:\/\/test.puhdasplus.ee\/lt\/#\/schema\/logo\/image\/\",\"url\":\"https:\/\/test.puhdasplus.ee\/\/wp-content\/uploads\/2019\/10\/puhdas_logo-arvele.png\",\"contentUrl\":\"https:\/\/test.puhdasplus.ee\/\/wp-content\/uploads\/2019\/10\/puhdas_logo-arvele.png\",\"width\":114,\"height\":94,\"caption\":\"Puhdas+\"},\"image\":{\"@id\":\"https:\/\/test.puhdasplus.ee\/lt\/#\/schema\/logo\/image\/\"},\"sameAs\":[\"https:\/\/www.facebook.com\/puhdasplus\",\"https:\/\/www.instagram.com\/puhdasplus_ee\/\"]}]}<\/script>\n<!-- \/ Yoast SEO plugin. -->","yoast_head_json":{"title":"L-citrulino malatas 200 g - Puhdas+","description":"Citrulino malato milteliai 200 g yra grynas aminor\u016bg\u0161\u010di\u0173 papildas, kuris palaiko kraujotak\u0105, gerina mank\u0161tos efektyvum\u0105 ir ma\u017eina nuovarg\u012f.","robots":{"index":"noindex","follow":"follow","max-snippet":"max-snippet:-1","max-image-preview":"max-image-preview:large","max-video-preview":"max-video-preview:-1"},"og_locale":"lt_LT","og_type":"article","og_title":"L-citrulino malatas 200 g - Puhdas+","og_description":"Citrulino malato milteliai 200 g yra grynas aminor\u016bg\u0161\u010di\u0173 papildas, kuris palaiko kraujotak\u0105, gerina mank\u0161tos efektyvum\u0105 ir ma\u017eina nuovarg\u012f.","og_url":"https:\/\/test.puhdasplus.ee\/lt\/tooted\/specialus-pasiulymai\/l-citrulino-malatas-200-g\/","og_site_name":"Puhdas+","article_publisher":"https:\/\/www.facebook.com\/puhdasplus","article_modified_time":"2026-02-27T09:26:19+00:00","og_image":[{"width":1862,"height":2560,"url":"https:\/\/test.puhdasplus.ee\/wp-content\/uploads\/2025\/01\/L-tsitrulliinmalaat-200-g-PuhdasPlus-scaled.jpg","type":"image\/jpeg"}],"twitter_card":"summary_large_image","twitter_misc":{"Est. reading time":"2 minut\u0117"},"schema":{"@context":"https:\/\/schema.org","@graph":[{"@type":"WebPage","@id":"https:\/\/test.puhdasplus.ee\/lt\/tooted\/specialus-pasiulymai\/l-citrulino-malatas-200-g\/","url":"https:\/\/test.puhdasplus.ee\/lt\/tooted\/specialus-pasiulymai\/l-citrulino-malatas-200-g\/","name":"L-citrulino malatas 200 g - Puhdas+","isPartOf":{"@id":"https:\/\/test.puhdasplus.ee\/lt\/#website"},"primaryImageOfPage":{"@id":"https:\/\/test.puhdasplus.ee\/lt\/tooted\/specialus-pasiulymai\/l-citrulino-malatas-200-g\/#primaryimage"},"image":{"@id":"https:\/\/test.puhdasplus.ee\/lt\/tooted\/specialus-pasiulymai\/l-citrulino-malatas-200-g\/#primaryimage"},"thumbnailUrl":"https:\/\/test.puhdasplus.ee\/wp-content\/uploads\/2025\/01\/L-tsitrulliinmalaat-200-g-PuhdasPlus-scaled.jpg","datePublished":"2025-01-16T14:22:22+00:00","dateModified":"2026-02-27T09:26:19+00:00","description":"Citrulino malato milteliai 200 g yra grynas aminor\u016bg\u0161\u010di\u0173 papildas, kuris palaiko kraujotak\u0105, gerina mank\u0161tos efektyvum\u0105 ir ma\u017eina nuovarg\u012f.","breadcrumb":{"@id":"https:\/\/test.puhdasplus.ee\/lt\/tooted\/specialus-pasiulymai\/l-citrulino-malatas-200-g\/#breadcrumb"},"inLanguage":"lt-LT","potentialAction":[{"@type":"ReadAction","target":["https:\/\/test.puhdasplus.ee\/lt\/tooted\/specialus-pasiulymai\/l-citrulino-malatas-200-g\/"]}]},{"@type":"ImageObject","inLanguage":"lt-LT","@id":"https:\/\/test.puhdasplus.ee\/lt\/tooted\/specialus-pasiulymai\/l-citrulino-malatas-200-g\/#primaryimage","url":"https:\/\/test.puhdasplus.ee\/wp-content\/uploads\/2025\/01\/L-tsitrulliinmalaat-200-g-PuhdasPlus-scaled.jpg","contentUrl":"https:\/\/test.puhdasplus.ee\/wp-content\/uploads\/2025\/01\/L-tsitrulliinmalaat-200-g-PuhdasPlus-scaled.jpg","width":1862,"height":2560,"caption":"L-tsitrulliinmalaat 200 g PuhdasPlus"},{"@type":"BreadcrumbList","@id":"https:\/\/test.puhdasplus.ee\/lt\/tooted\/specialus-pasiulymai\/l-citrulino-malatas-200-g\/#breadcrumb","itemListElement":[{"@type":"ListItem","position":1,"name":"Prad\u017eia","item":"https:\/\/test.puhdasplus.ee\/lt\/"},{"@type":"ListItem","position":2,"name":"Produktai","item":"https:\/\/test.puhdasplus.ee\/lt\/parduotuve\/"},{"@type":"ListItem","position":3,"name":"L-citrulino malatas 200 g"}]},{"@type":"WebSite","@id":"https:\/\/test.puhdasplus.ee\/lt\/#website","url":"https:\/\/test.puhdasplus.ee\/lt\/","name":"Puhdas+","description":"Vitamiinid, Toidulisandid, looduskosmeetika, tervis, sport","publisher":{"@id":"https:\/\/test.puhdasplus.ee\/lt\/#organization"},"potentialAction":[{"@type":"SearchAction","target":{"@type":"EntryPoint","urlTemplate":"https:\/\/test.puhdasplus.ee\/lt\/?s={search_term_string}"},"query-input":{"@type":"PropertyValueSpecification","valueRequired":true,"valueName":"search_term_string"}}],"inLanguage":"lt-LT"},{"@type":"Organization","@id":"https:\/\/test.puhdasplus.ee\/lt\/#organization","name":"Puhdas+","alternateName":"Puhdasplus","url":"https:\/\/test.puhdasplus.ee\/lt\/","logo":{"@type":"ImageObject","inLanguage":"lt-LT","@id":"https:\/\/test.puhdasplus.ee\/lt\/#\/schema\/logo\/image\/","url":"https:\/\/test.puhdasplus.ee\/\/wp-content\/uploads\/2019\/10\/puhdas_logo-arvele.png","contentUrl":"https:\/\/test.puhdasplus.ee\/\/wp-content\/uploads\/2019\/10\/puhdas_logo-arvele.png","width":114,"height":94,"caption":"Puhdas+"},"image":{"@id":"https:\/\/test.puhdasplus.ee\/lt\/#\/schema\/logo\/image\/"},"sameAs":["https:\/\/www.facebook.com\/puhdasplus","https:\/\/www.instagram.com\/puhdasplus_ee\/"]}]}},"_links":{"self":[{"href":"https:\/\/test.puhdasplus.ee\/lt\/wp-json\/wp\/v2\/product\/33368","targetHints":{"allow":["GET"]}}],"collection":[{"href":"https:\/\/test.puhdasplus.ee\/lt\/wp-json\/wp\/v2\/product"}],"about":[{"href":"https:\/\/test.puhdasplus.ee\/lt\/wp-json\/wp\/v2\/types\/product"}],"replies":[{"embeddable":true,"href":"https:\/\/test.puhdasplus.ee\/lt\/wp-json\/wp\/v2\/comments?post=33368"}],"wp:featuredmedia":[{"embeddable":true,"href":"https:\/\/test.puhdasplus.ee\/lt\/wp-json\/wp\/v2\/media\/357395"}],"wp:attachment":[{"href":"https:\/\/test.puhdasplus.ee\/lt\/wp-json\/wp\/v2\/media?parent=33368"}],"wp:term":[{"taxonomy":"product_brand","embeddable":true,"href":"https:\/\/test.puhdasplus.ee\/lt\/wp-json\/wp\/v2\/product_brand?post=33368"},{"taxonomy":"product_cat","embeddable":true,"href":"https:\/\/test.puhdasplus.ee\/lt\/wp-json\/wp\/v2\/product_cat?post=33368"},{"taxonomy":"product_tag","embeddable":true,"href":"https:\/\/test.puhdasplus.ee\/lt\/wp-json\/wp\/v2\/product_tag?post=33368"}],"curies":[{"name":"wp","href":"https:\/\/api.w.org\/{rel}","templated":true}]}}