{"id":33348,"date":"2025-01-16T16:16:48","date_gmt":"2025-01-16T14:16:48","guid":{"rendered":"https:\/\/test.puhdasplus.ee\/\/tooted\/be-kategorijos\/l-tirozinas-150-g\/"},"modified":"2026-02-27T11:26:16","modified_gmt":"2026-02-27T09:26:16","slug":"l-tirozinas-150-g","status":"publish","type":"product","link":"https:\/\/test.puhdasplus.ee\/lt\/tooted\/stresas-ir-miegas\/l-tirozinas-150-g\/","title":{"rendered":"L-tirozinas 150 g"},"content":{"rendered":"<h2>Kas yra L-tirozinas?<\/h2>\n<p><strong data-start=\"298\" data-end=\"320\">\u201ePure+ L-Tyrosine\u201c<\/strong> yra 100 % grynos aminor\u016bg\u0161ties milteliai. L-Tyrosine yra aminor\u016bg\u0161tis, kuri\u0105 organizmas naudoja baltymams sintetinti ir kuri dalyvauja normalioje nerv\u0173 sistemos veikloje. L-Tyrosine dalyvauja neurotransmiteri\u0173, \u012fskaitant dopamin\u0105 ir noradrenalin\u0105, metabolizme, kurie yra svarb\u016bs protinei veiklai ir koncentracijai.  <\/p>\n<h2 data-start=\"613\" data-end=\"651\">Kod\u0117l L-tirozinas yra naudingas?<\/h2>\n<h4 class=\"\" data-start=\"653\" data-end=\"713\"><b>Prisideda prie baltym\u0173 ir neurotransmiteri\u0173 metabolizmo<\/b><\/h4>\n<p class=\"p1\">L-tirozinas yra aminor\u016bg\u0161tis, i\u0161 kurios organizmas gali gaminti kelis neurotransmiterius. Ji svarbi med\u017eiag\u0173 apykaitos procesuose, susijusiuose su protine veikla ir koncentracija. <\/p>\n<h4><b>Palaiko protin\u012f budrum\u0105<\/b><\/h4>\n<p class=\"p1\">L-tirozinas dalyvauja normalioje nerv\u0173 sistemos veikloje, kuri padeda palaikyti koncentracij\u0105 ir protinius geb\u0117jimus kasdien\u0117je veikloje.<\/p>\n<h4 class=\"\" data-start=\"1267\" data-end=\"1310\">Gryna ir be pried\u0173 sud\u0117tis<\/h4>\n<p class=\"\" data-start=\"1312\" data-end=\"1445\">Produkte yra tik L-tirozino be konservant\u0173, da\u017eikli\u0173 ar kvapi\u0173j\u0173 med\u017eiag\u0173, tod\u0117l jis tinka \u017emon\u0117ms su jautria vir\u0161kinimo sistema ir veganams.<\/p>\n<h2 data-start=\"1452\" data-end=\"1496\">Kam tinka \u201ePure+\u201c L-tirozinas?<\/h2>\n<ul data-start=\"1498\" data-end=\"1734\">\n<li class=\"\" data-start=\"1498\" data-end=\"1570\">\n<p class=\"\" data-start=\"1500\" data-end=\"1570\">\u017dmon\u0117ms, norintiems palaikyti protin\u012f a\u0161trum\u0105 ir susikaupim\u0105<\/p>\n<\/li>\n<li class=\"\" data-start=\"1571\" data-end=\"1649\">\n<p class=\"\" data-start=\"1573\" data-end=\"1649\">Tiems, kurie patiria psichin\u012f stres\u0105 ar nuovarg\u012f<\/p>\n<\/li>\n<li class=\"\" data-start=\"1650\" data-end=\"1734\">\n<p class=\"\" data-start=\"1652\" data-end=\"1734\">\u017dmon\u0117ms su jautria vir\u0161kinimo sistema ir veganams, vertinantiems \u0161varius papildus<\/p>\n<\/li>\n<\/ul>\n<h2 data-start=\"1741\" data-end=\"1762\">Naudojimas<\/h2>\n<p class=\"\" data-start=\"1764\" data-end=\"1853\"><strong data-start=\"1764\" data-end=\"1785\">Rekomenduojama doz\u0117:<\/strong> \u00bd arbatinio \u0161auk\u0161telio (ma\u017edaug 1 g) per dien\u0105. Sumai\u0161ykite su vandeniu, sultimis arba kokteiliu. <\/p>\n<p class=\"\" data-start=\"1855\" data-end=\"2035\">Nevir\u0161ykite rekomenduojamos paros doz\u0117s. Maisto papildas n\u0117ra \u012fvairios ir subalansuotos mitybos ar sveiko gyvenimo b\u016bdo pakaitalas. Laikyti vaikams nepasiekiamoje vietoje.  <\/p>\n<h2 data-start=\"2042\" data-end=\"2080\">Sudedamosios dalys ir maistin\u0117 vert\u0117<\/h2>\n<p class=\"\" data-start=\"2082\" data-end=\"2109\"><strong data-start=\"2082\" data-end=\"2098\">Sud\u0117tis:<\/strong> L-tirozinas<\/p>\n<p class=\"\" data-start=\"2111\" data-end=\"2156\"><strong data-start=\"2111\" data-end=\"2156\">Maistin\u0117 vert\u0117 \u00bd arbatinio \u0161auk\u0161telio (1 g):<\/strong><\/p>\n<ul data-start=\"2157\" data-end=\"2178\">\n<li class=\"\" data-start=\"2157\" data-end=\"2178\">\n<p class=\"\" data-start=\"2159\" data-end=\"2178\">L-tirozinas: 1000 mg<\/p>\n<\/li>\n<\/ul>\n<p class=\"\" data-start=\"2180\" data-end=\"2276\"><strong data-start=\"2180\" data-end=\"2195\">Sud\u0117tyje n\u0117ra:<\/strong> glitimo, laktoz\u0117s, mieli\u0173, cukraus, druskos, saldikli\u0173 ar dirbtini\u0173 pried\u0173.<\/p>\n","protected":false},"excerpt":{"rendered":"<p class=\"p1\"><span class=\"s1\"><b>\u201ePuhdas+ L-Tirozinas 150 g\u201c<\/b><\/span> \u2013 tai nat\u016bralus maisto papildas, tinkantis esant protiniam stresui, kai norite i\u0161laikyti mintis skaidrias ir susikaupusias. L-Tirozinas yra organizmui b\u016btina aminor\u016bg\u0161tis, i\u0161 kurios organizmas sintetina med\u017eiagas, kurios dalyvauja smegen\u0173 veikloje ir protin\u0117s veiklos palaikyme. <\/p>\n<p class=\"p1\">\u0160is produktas yra geras pasirinkimas tiems, kurie turi \u012ftempt\u0105 darbo ar mokyklos dien\u0105, atlieka u\u017eduotis, reikalaujan\u010dias daug protini\u0173 pastang\u0173, arba tiems, kurie jau\u010dia, kad j\u0173 koncentracijai reikia palaikymo.<\/p>\n<p class=\"p1\">Miltelius lengva naudoti \u2013 sumai\u0161ykite juos su vandeniu arba sultimis. Produktas yra visi\u0161kai grynas, jame n\u0117ra glitimo, laktoz\u0117s, cukraus ar dirbtini\u0173 pried\u0173. Jis puikiai tinka veganams ir tiems, kurie renkasi nat\u016bral\u0173 ir gryn\u0105 papild\u0105 kasdieniam vartojimui.  <\/p>\n","protected":false},"featured_media":33352,"comment_status":"closed","ping_status":"closed","template":"","meta":{"_acf_changed":false},"product_brand":[],"product_cat":[3490,3013],"product_tag":[3465,3320,3319,3543,3536,3131,3503,3537,3539,3541],"class_list":{"0":"post-33348","1":"product","2":"type-product","3":"status-publish","4":"has-post-thumbnail","6":"product_cat-aminorugstys","7":"product_cat-stresas-ir-miegas","8":"product_tag-aminorugstis","9":"product_tag-be-glitimo","10":"product_tag-be-laktozes","11":"product_tag-kognityvine-funkcija","12":"product_tag-l-tirozinas","13":"product_tag-maisto-papildas","14":"product_tag-miegas-ir-stresas","15":"product_tag-neurotransmiteriai","16":"product_tag-nuotaika","17":"product_tag-streso-tolerancija","19":"first","20":"instock","21":"taxable","22":"shipping-taxable","23":"purchasable","24":"product-type-simple"},"acf":[],"yoast_head":"<!-- This site is optimized with the Yoast SEO plugin v27.1.1 - https:\/\/yoast.com\/product\/yoast-seo-wordpress\/ -->\n<title>L-tirozinas 150 g - Puhdas+<\/title>\n<meta name=\"description\" content=\"L-tirozino milteliai 150 g yra grynas aminor\u016bg\u0161\u010di\u0173 papildas, kuris palaiko neurotransmiteri\u0173 sintez\u0119, gerina nuotaik\u0105 ir didina protin\u012f budrum\u0105.\" \/>\n<meta name=\"robots\" content=\"noindex, follow, max-snippet:-1, max-image-preview:large, max-video-preview:-1\" \/>\n<meta property=\"og:locale\" content=\"lt_LT\" \/>\n<meta property=\"og:type\" content=\"article\" \/>\n<meta property=\"og:title\" content=\"L-tirozinas 150 g - Puhdas+\" \/>\n<meta property=\"og:description\" content=\"L-tirozino milteliai 150 g yra grynas aminor\u016bg\u0161\u010di\u0173 papildas, kuris palaiko neurotransmiteri\u0173 sintez\u0119, gerina nuotaik\u0105 ir didina protin\u012f budrum\u0105.\" \/>\n<meta property=\"og:url\" content=\"https:\/\/test.puhdasplus.ee\/lt\/tooted\/stresas-ir-miegas\/l-tirozinas-150-g\/\" \/>\n<meta property=\"og:site_name\" content=\"Puhdas+\" \/>\n<meta property=\"article:publisher\" content=\"https:\/\/www.facebook.com\/puhdasplus\" \/>\n<meta property=\"article:modified_time\" content=\"2026-02-27T09:26:16+00:00\" \/>\n<meta property=\"og:image\" content=\"https:\/\/test.puhdasplus.ee\/wp-content\/uploads\/2025\/03\/177.jpg\" \/>\n\t<meta property=\"og:image:width\" content=\"1862\" \/>\n\t<meta property=\"og:image:height\" content=\"2560\" \/>\n\t<meta property=\"og:image:type\" content=\"image\/jpeg\" \/>\n<meta name=\"twitter:card\" content=\"summary_large_image\" \/>\n<meta name=\"twitter:label1\" content=\"Est. reading time\" \/>\n\t<meta name=\"twitter:data1\" content=\"1 minut\u0117\" \/>\n<script type=\"application\/ld+json\" class=\"yoast-schema-graph\">{\"@context\":\"https:\/\/schema.org\",\"@graph\":[{\"@type\":\"WebPage\",\"@id\":\"https:\/\/test.puhdasplus.ee\/lt\/tooted\/stresas-ir-miegas\/l-tirozinas-150-g\/\",\"url\":\"https:\/\/test.puhdasplus.ee\/lt\/tooted\/stresas-ir-miegas\/l-tirozinas-150-g\/\",\"name\":\"L-tirozinas 150 g - Puhdas+\",\"isPartOf\":{\"@id\":\"https:\/\/test.puhdasplus.ee\/lt\/#website\"},\"primaryImageOfPage\":{\"@id\":\"https:\/\/test.puhdasplus.ee\/lt\/tooted\/stresas-ir-miegas\/l-tirozinas-150-g\/#primaryimage\"},\"image\":{\"@id\":\"https:\/\/test.puhdasplus.ee\/lt\/tooted\/stresas-ir-miegas\/l-tirozinas-150-g\/#primaryimage\"},\"thumbnailUrl\":\"https:\/\/test.puhdasplus.ee\/wp-content\/uploads\/2025\/03\/177.jpg\",\"datePublished\":\"2025-01-16T14:16:48+00:00\",\"dateModified\":\"2026-02-27T09:26:16+00:00\",\"description\":\"L-tirozino milteliai 150 g yra grynas aminor\u016bg\u0161\u010di\u0173 papildas, kuris palaiko neurotransmiteri\u0173 sintez\u0119, gerina nuotaik\u0105 ir didina protin\u012f budrum\u0105.\",\"breadcrumb\":{\"@id\":\"https:\/\/test.puhdasplus.ee\/lt\/tooted\/stresas-ir-miegas\/l-tirozinas-150-g\/#breadcrumb\"},\"inLanguage\":\"lt-LT\",\"potentialAction\":[{\"@type\":\"ReadAction\",\"target\":[\"https:\/\/test.puhdasplus.ee\/lt\/tooted\/stresas-ir-miegas\/l-tirozinas-150-g\/\"]}]},{\"@type\":\"ImageObject\",\"inLanguage\":\"lt-LT\",\"@id\":\"https:\/\/test.puhdasplus.ee\/lt\/tooted\/stresas-ir-miegas\/l-tirozinas-150-g\/#primaryimage\",\"url\":\"https:\/\/test.puhdasplus.ee\/wp-content\/uploads\/2025\/03\/177.jpg\",\"contentUrl\":\"https:\/\/test.puhdasplus.ee\/wp-content\/uploads\/2025\/03\/177.jpg\",\"width\":1862,\"height\":2560,\"caption\":\"L-tirozino milteliai 150 g\"},{\"@type\":\"BreadcrumbList\",\"@id\":\"https:\/\/test.puhdasplus.ee\/lt\/tooted\/stresas-ir-miegas\/l-tirozinas-150-g\/#breadcrumb\",\"itemListElement\":[{\"@type\":\"ListItem\",\"position\":1,\"name\":\"Prad\u017eia\",\"item\":\"https:\/\/test.puhdasplus.ee\/lt\/\"},{\"@type\":\"ListItem\",\"position\":2,\"name\":\"Produktai\",\"item\":\"https:\/\/test.puhdasplus.ee\/lt\/parduotuve\/\"},{\"@type\":\"ListItem\",\"position\":3,\"name\":\"L-tirozinas 150 g\"}]},{\"@type\":\"WebSite\",\"@id\":\"https:\/\/test.puhdasplus.ee\/lt\/#website\",\"url\":\"https:\/\/test.puhdasplus.ee\/lt\/\",\"name\":\"Puhdas+\",\"description\":\"Vitamiinid, Toidulisandid, looduskosmeetika, tervis, sport\",\"publisher\":{\"@id\":\"https:\/\/test.puhdasplus.ee\/lt\/#organization\"},\"potentialAction\":[{\"@type\":\"SearchAction\",\"target\":{\"@type\":\"EntryPoint\",\"urlTemplate\":\"https:\/\/test.puhdasplus.ee\/lt\/?s={search_term_string}\"},\"query-input\":{\"@type\":\"PropertyValueSpecification\",\"valueRequired\":true,\"valueName\":\"search_term_string\"}}],\"inLanguage\":\"lt-LT\"},{\"@type\":\"Organization\",\"@id\":\"https:\/\/test.puhdasplus.ee\/lt\/#organization\",\"name\":\"Puhdas+\",\"alternateName\":\"Puhdasplus\",\"url\":\"https:\/\/test.puhdasplus.ee\/lt\/\",\"logo\":{\"@type\":\"ImageObject\",\"inLanguage\":\"lt-LT\",\"@id\":\"https:\/\/test.puhdasplus.ee\/lt\/#\/schema\/logo\/image\/\",\"url\":\"https:\/\/test.puhdasplus.ee\/\/wp-content\/uploads\/2019\/10\/puhdas_logo-arvele.png\",\"contentUrl\":\"https:\/\/test.puhdasplus.ee\/\/wp-content\/uploads\/2019\/10\/puhdas_logo-arvele.png\",\"width\":114,\"height\":94,\"caption\":\"Puhdas+\"},\"image\":{\"@id\":\"https:\/\/test.puhdasplus.ee\/lt\/#\/schema\/logo\/image\/\"},\"sameAs\":[\"https:\/\/www.facebook.com\/puhdasplus\",\"https:\/\/www.instagram.com\/puhdasplus_ee\/\"]}]}<\/script>\n<!-- \/ Yoast SEO plugin. -->","yoast_head_json":{"title":"L-tirozinas 150 g - Puhdas+","description":"L-tirozino milteliai 150 g yra grynas aminor\u016bg\u0161\u010di\u0173 papildas, kuris palaiko neurotransmiteri\u0173 sintez\u0119, gerina nuotaik\u0105 ir didina protin\u012f budrum\u0105.","robots":{"index":"noindex","follow":"follow","max-snippet":"max-snippet:-1","max-image-preview":"max-image-preview:large","max-video-preview":"max-video-preview:-1"},"og_locale":"lt_LT","og_type":"article","og_title":"L-tirozinas 150 g - Puhdas+","og_description":"L-tirozino milteliai 150 g yra grynas aminor\u016bg\u0161\u010di\u0173 papildas, kuris palaiko neurotransmiteri\u0173 sintez\u0119, gerina nuotaik\u0105 ir didina protin\u012f budrum\u0105.","og_url":"https:\/\/test.puhdasplus.ee\/lt\/tooted\/stresas-ir-miegas\/l-tirozinas-150-g\/","og_site_name":"Puhdas+","article_publisher":"https:\/\/www.facebook.com\/puhdasplus","article_modified_time":"2026-02-27T09:26:16+00:00","og_image":[{"width":1862,"height":2560,"url":"https:\/\/test.puhdasplus.ee\/wp-content\/uploads\/2025\/03\/177.jpg","type":"image\/jpeg"}],"twitter_card":"summary_large_image","twitter_misc":{"Est. reading time":"1 minut\u0117"},"schema":{"@context":"https:\/\/schema.org","@graph":[{"@type":"WebPage","@id":"https:\/\/test.puhdasplus.ee\/lt\/tooted\/stresas-ir-miegas\/l-tirozinas-150-g\/","url":"https:\/\/test.puhdasplus.ee\/lt\/tooted\/stresas-ir-miegas\/l-tirozinas-150-g\/","name":"L-tirozinas 150 g - Puhdas+","isPartOf":{"@id":"https:\/\/test.puhdasplus.ee\/lt\/#website"},"primaryImageOfPage":{"@id":"https:\/\/test.puhdasplus.ee\/lt\/tooted\/stresas-ir-miegas\/l-tirozinas-150-g\/#primaryimage"},"image":{"@id":"https:\/\/test.puhdasplus.ee\/lt\/tooted\/stresas-ir-miegas\/l-tirozinas-150-g\/#primaryimage"},"thumbnailUrl":"https:\/\/test.puhdasplus.ee\/wp-content\/uploads\/2025\/03\/177.jpg","datePublished":"2025-01-16T14:16:48+00:00","dateModified":"2026-02-27T09:26:16+00:00","description":"L-tirozino milteliai 150 g yra grynas aminor\u016bg\u0161\u010di\u0173 papildas, kuris palaiko neurotransmiteri\u0173 sintez\u0119, gerina nuotaik\u0105 ir didina protin\u012f budrum\u0105.","breadcrumb":{"@id":"https:\/\/test.puhdasplus.ee\/lt\/tooted\/stresas-ir-miegas\/l-tirozinas-150-g\/#breadcrumb"},"inLanguage":"lt-LT","potentialAction":[{"@type":"ReadAction","target":["https:\/\/test.puhdasplus.ee\/lt\/tooted\/stresas-ir-miegas\/l-tirozinas-150-g\/"]}]},{"@type":"ImageObject","inLanguage":"lt-LT","@id":"https:\/\/test.puhdasplus.ee\/lt\/tooted\/stresas-ir-miegas\/l-tirozinas-150-g\/#primaryimage","url":"https:\/\/test.puhdasplus.ee\/wp-content\/uploads\/2025\/03\/177.jpg","contentUrl":"https:\/\/test.puhdasplus.ee\/wp-content\/uploads\/2025\/03\/177.jpg","width":1862,"height":2560,"caption":"L-tirozino milteliai 150 g"},{"@type":"BreadcrumbList","@id":"https:\/\/test.puhdasplus.ee\/lt\/tooted\/stresas-ir-miegas\/l-tirozinas-150-g\/#breadcrumb","itemListElement":[{"@type":"ListItem","position":1,"name":"Prad\u017eia","item":"https:\/\/test.puhdasplus.ee\/lt\/"},{"@type":"ListItem","position":2,"name":"Produktai","item":"https:\/\/test.puhdasplus.ee\/lt\/parduotuve\/"},{"@type":"ListItem","position":3,"name":"L-tirozinas 150 g"}]},{"@type":"WebSite","@id":"https:\/\/test.puhdasplus.ee\/lt\/#website","url":"https:\/\/test.puhdasplus.ee\/lt\/","name":"Puhdas+","description":"Vitamiinid, Toidulisandid, looduskosmeetika, tervis, sport","publisher":{"@id":"https:\/\/test.puhdasplus.ee\/lt\/#organization"},"potentialAction":[{"@type":"SearchAction","target":{"@type":"EntryPoint","urlTemplate":"https:\/\/test.puhdasplus.ee\/lt\/?s={search_term_string}"},"query-input":{"@type":"PropertyValueSpecification","valueRequired":true,"valueName":"search_term_string"}}],"inLanguage":"lt-LT"},{"@type":"Organization","@id":"https:\/\/test.puhdasplus.ee\/lt\/#organization","name":"Puhdas+","alternateName":"Puhdasplus","url":"https:\/\/test.puhdasplus.ee\/lt\/","logo":{"@type":"ImageObject","inLanguage":"lt-LT","@id":"https:\/\/test.puhdasplus.ee\/lt\/#\/schema\/logo\/image\/","url":"https:\/\/test.puhdasplus.ee\/\/wp-content\/uploads\/2019\/10\/puhdas_logo-arvele.png","contentUrl":"https:\/\/test.puhdasplus.ee\/\/wp-content\/uploads\/2019\/10\/puhdas_logo-arvele.png","width":114,"height":94,"caption":"Puhdas+"},"image":{"@id":"https:\/\/test.puhdasplus.ee\/lt\/#\/schema\/logo\/image\/"},"sameAs":["https:\/\/www.facebook.com\/puhdasplus","https:\/\/www.instagram.com\/puhdasplus_ee\/"]}]}},"_links":{"self":[{"href":"https:\/\/test.puhdasplus.ee\/lt\/wp-json\/wp\/v2\/product\/33348","targetHints":{"allow":["GET"]}}],"collection":[{"href":"https:\/\/test.puhdasplus.ee\/lt\/wp-json\/wp\/v2\/product"}],"about":[{"href":"https:\/\/test.puhdasplus.ee\/lt\/wp-json\/wp\/v2\/types\/product"}],"replies":[{"embeddable":true,"href":"https:\/\/test.puhdasplus.ee\/lt\/wp-json\/wp\/v2\/comments?post=33348"}],"wp:featuredmedia":[{"embeddable":true,"href":"https:\/\/test.puhdasplus.ee\/lt\/wp-json\/wp\/v2\/media\/33352"}],"wp:attachment":[{"href":"https:\/\/test.puhdasplus.ee\/lt\/wp-json\/wp\/v2\/media?parent=33348"}],"wp:term":[{"taxonomy":"product_brand","embeddable":true,"href":"https:\/\/test.puhdasplus.ee\/lt\/wp-json\/wp\/v2\/product_brand?post=33348"},{"taxonomy":"product_cat","embeddable":true,"href":"https:\/\/test.puhdasplus.ee\/lt\/wp-json\/wp\/v2\/product_cat?post=33348"},{"taxonomy":"product_tag","embeddable":true,"href":"https:\/\/test.puhdasplus.ee\/lt\/wp-json\/wp\/v2\/product_tag?post=33348"}],"curies":[{"name":"wp","href":"https:\/\/api.w.org\/{rel}","templated":true}]}}