{"id":33333,"date":"2025-01-16T14:37:49","date_gmt":"2025-01-16T12:37:49","guid":{"rendered":"https:\/\/test.puhdasplus.ee\/\/tooted\/be-kategorijos\/karnozino-500-mg-50-kapsuliu\/"},"modified":"2026-02-20T01:11:15","modified_gmt":"2026-02-19T23:11:15","slug":"karnozino-500-mg-50-kapsuliu","status":"publish","type":"product","link":"https:\/\/test.puhdasplus.ee\/lt\/tooted\/sportas\/karnozino-500-mg-50-kapsuliu\/","title":{"rendered":"Karnozino 500 mg 50 kapsuli\u0173"},"content":{"rendered":"<h2 data-start=\"296\" data-end=\"323\">Kas yra karnozinas?<\/h2>\n<p class=\"\" data-start=\"325\" data-end=\"802\"><strong data-start=\"325\" data-end=\"338\">L-karnozinas<\/strong> yra nat\u016braliai susidarantis dipeptidas, sudarytas i\u0161 dviej\u0173 aminor\u016bg\u0161\u010di\u0173: <strong data-start=\"406\" data-end=\"426\">beta-alanino<\/strong> ir <strong data-start=\"430\" data-end=\"446\">histidino<\/strong> . Didesniais kiekiais jis randamas raumenyse ir smegenyse. Organizme karnozinas veikia kaip galingas <strong data-start=\"526\" data-end=\"545\">antioksidantas<\/strong> , padedantis apsaugoti l\u0105steles nuo oksidacinio streso.<\/p>\n<p><strong data-start=\"185\" data-end=\"212\">\u201ePure+ Strong Carnosine\u201c<\/strong> yra 100 % grynas ir auk\u0161tos kokyb\u0117s maisto papildas, <span class=\"relative -mx-px my-[-0.2rem] rounded px-px py-[0.2rem] transition-colors duration-100 ease-in-out\">pagamintas Suomijoje, laikantis auk\u0161t\u0173 kokyb\u0117s standart\u0173, be konservant\u0173, da\u017eikli\u0173 ar kit\u0173 pried\u0173.<\/span><\/p>\n<h2 data-start=\"772\" data-end=\"817\">Kod\u0117l \u201ePure+\u201c karnozinas yra naudingas?<\/h2>\n<p class=\"\" data-start=\"819\" data-end=\"1058\"><strong data-start=\"819\" data-end=\"846\">\u201ePure+ Strong Carnosine\u201c<\/strong> kapsul\u0117je yra 500 mg gryno L-karnozino. Tai <strong data-start=\"904\" data-end=\"933\">labai biologi\u0161kai prieinama forma<\/strong> , tinkama vartoti kasdien, kai norite sustiprinti nat\u016brali\u0105 organizmo apsaug\u0105 ir palaikyti l\u0105steli\u0173 sveikat\u0105. <\/p>\n<h3 data-start=\"1060\" data-end=\"1089\">Antioksidant\u0173 palaikymas<\/h3>\n<p class=\"\" data-start=\"1090\" data-end=\"1262\">L-karnozinas padeda neutralizuoti laisv\u0173j\u0173 radikal\u0173 pertekli\u0173 organizme ir ma\u017eina oksidacin\u012f stres\u0105.<\/p>\n<h3 data-start=\"1264\" data-end=\"1299\">Parama raumenims ir smegenims<\/h3>\n<p class=\"\" data-start=\"1300\" data-end=\"1447\">Kadangi karnozino gausu raumenyse ir nerv\u0173 sistemoje, jis yra svarbi pagalba tiems, kurie nori \u012ftraukti karnozin\u0105 \u012f savo mityb\u0105.<\/p>\n<h3 data-start=\"1449\" data-end=\"1472\">Gryna sud\u0117tis<\/h3>\n<p class=\"\" data-start=\"1473\" data-end=\"1602\">Be glitimo, laktoz\u0117s, mieli\u0173, cukraus ar dirbtini\u0173 pried\u0173. Taip pat tinka veganams ir \u017emon\u0117ms su jautria vir\u0161kinam\u0105ja med\u017eiaga. <\/p>\n<h2 data-start=\"1936\" data-end=\"1957\">Naudojimas<\/h2>\n<p class=\"\" data-start=\"1959\" data-end=\"2021\"><strong data-start=\"1959\" data-end=\"1988\">Rekomenduojama paros doz\u0117:<\/strong> 1\u20132 kapsul\u0117s per dien\u0105, u\u017egeriant vandeniu.<\/p>\n<p class=\"\" data-start=\"2023\" data-end=\"2169\">Maisto papildas nepakei\u010dia \u012fvairios mitybos ar sveiko gyvenimo b\u016bdo. Nevir\u0161ykite paros doz\u0117s. Laikyti vaikams nepasiekiamoje vietoje.  <\/p>\n<h2 data-start=\"2176\" data-end=\"2214\">Sudedamosios dalys ir maistin\u0117 vert\u0117<\/h2>\n<ul data-start=\"2216\" data-end=\"2384\">\n<li class=\"\" data-start=\"2216\" data-end=\"2290\">\n<p class=\"\" data-start=\"2218\" data-end=\"2290\"><strong data-start=\"2218\" data-end=\"2234\">Sudedamosios dalys:<\/strong> L-karnozinas, kapsul\u0117 (hidroksipropilmetilceliulioz\u0117)<\/p>\n<\/li>\n<li class=\"\" data-start=\"2291\" data-end=\"2336\">\n<p class=\"\" data-start=\"2293\" data-end=\"2336\"><strong data-start=\"2293\" data-end=\"2315\">1 kapsul\u0117je yra:<\/strong> 500 mg L-karnozino<\/p>\n<\/li>\n<li class=\"\" data-start=\"2337\" data-end=\"2384\">\n<p class=\"\" data-start=\"2339\" data-end=\"2384\"><strong data-start=\"2339\" data-end=\"2364\">2 kapsul\u0117se yra:<\/strong> 1000 mg L-karnozino<\/p>\n<\/li>\n<\/ul>\n","protected":false},"excerpt":{"rendered":"<p>L-karnozinas 500 mg yra nat\u016bralus maisto papildas, padedantis papildyti kasdien\u0119 mityb\u0105 ir palaikyti bendr\u0105 savijaut\u0105. L-karnozinas yra nat\u016braliai organizme susidarantis junginys, ypa\u010d randamas raumenyse ir smegenyse. Jis suri\u0161a laisvuosius radikalus ir padeda apsaugoti l\u0105steles nuo oksidacinio streso. D\u0117l pla\u010diai paplitusio L-karnozinas yra populiarus pasirinkimas \u017emon\u0117ms, norintiems palaikyti savo kasdien\u0119 veikl\u0105 ir gyvybingum\u0105. Kiekvienoje kapsul\u0117je yra 500 mg gryno L-karnozino \u2013 produktas yra be pried\u0173, tinkamas veganams ir pagamintas Suomijoje laikantis auk\u0161t\u0173 kokyb\u0117s standart\u0173.    <\/p>\n","protected":false},"featured_media":33337,"comment_status":"closed","ping_status":"closed","template":"","meta":{"_acf_changed":false},"product_brand":[],"product_cat":[3490,3048,3461,3049,3016],"product_tag":[3495,3396,3500,3502,3493,3494,3411,3498,3503,3496,3497,3501,3397,3144,3401,3499,3393,3492],"class_list":{"0":"post-33333","1":"product","2":"type-product","3":"status-publish","4":"has-post-thumbnail","6":"product_cat-aminorugstys","7":"product_cat-imunine-sistema","8":"product_cat-sanariai-raumenys-ir-kaulai","9":"product_cat-specialus-pasiulymai","10":"product_cat-sportas","11":"product_tag-aminorugsciu-papildai","12":"product_tag-antioksidacine-apsauga","13":"product_tag-gerinant-fizini-pajeguma","14":"product_tag-karnozinas","15":"product_tag-karnozino-papildas","16":"product_tag-l-karnozinas","17":"product_tag-laisvuju-radikalu-neutralizavimas","18":"product_tag-lasteliu-apsauga-lt","19":"product_tag-miegas-ir-stresas","20":"product_tag-palaikant-raumenu-sveikata","21":"product_tag-palaikant-smegenu-funkcija","22":"product_tag-palaiko-lasteliu-atsinaujinima","23":"product_tag-priesuzdegiminis-poveikis","24":"product_tag-raumenys-ir-sanariai","25":"product_tag-stiprinant-organizmo-gynybos-mechanizmus","26":"product_tag-suletinti-organizmo-senejimo-procesus","27":"product_tag-veganiski-papildai","28":"product_tag-vegetariski-papildai","30":"first","31":"instock","32":"sale","33":"taxable","34":"shipping-taxable","35":"purchasable","36":"product-type-simple"},"acf":[],"yoast_head":"<!-- This site is optimized with the Yoast SEO plugin v27.1.1 - https:\/\/yoast.com\/product\/yoast-seo-wordpress\/ -->\n<title>Karnozino 500 mg 50 kapsuli\u0173 - Puhdas+<\/title>\n<meta name=\"description\" content=\"Karnozinas 500 mg \u2013 nat\u016bralus antioksidantas, palaikantis raumen\u0173 i\u0161tverm\u0119, l\u0105steli\u0173 apsaug\u0105 ir smegen\u0173 sveikat\u0105. Tinka veganams, be pried\u0173.\" \/>\n<meta name=\"robots\" content=\"noindex, follow, max-snippet:-1, max-image-preview:large, max-video-preview:-1\" \/>\n<meta property=\"og:locale\" content=\"lt_LT\" \/>\n<meta property=\"og:type\" content=\"article\" \/>\n<meta property=\"og:title\" content=\"Karnozino 500 mg 50 kapsuli\u0173 - Puhdas+\" \/>\n<meta property=\"og:description\" content=\"Karnozinas 500 mg \u2013 nat\u016bralus antioksidantas, palaikantis raumen\u0173 i\u0161tverm\u0119, l\u0105steli\u0173 apsaug\u0105 ir smegen\u0173 sveikat\u0105. Tinka veganams, be pried\u0173.\" \/>\n<meta property=\"og:url\" content=\"https:\/\/test.puhdasplus.ee\/lt\/tooted\/sportas\/karnozino-500-mg-50-kapsuliu\/\" \/>\n<meta property=\"og:site_name\" content=\"Puhdas+\" \/>\n<meta property=\"article:publisher\" content=\"https:\/\/www.facebook.com\/puhdasplus\" \/>\n<meta property=\"article:modified_time\" content=\"2026-02-19T23:11:15+00:00\" \/>\n<meta property=\"og:image\" content=\"https:\/\/test.puhdasplus.ee\/wp-content\/uploads\/2025\/03\/182.jpg\" \/>\n\t<meta property=\"og:image:width\" content=\"1862\" \/>\n\t<meta property=\"og:image:height\" content=\"2560\" \/>\n\t<meta property=\"og:image:type\" content=\"image\/jpeg\" \/>\n<meta name=\"twitter:card\" content=\"summary_large_image\" \/>\n<meta name=\"twitter:label1\" content=\"Est. reading time\" \/>\n\t<meta name=\"twitter:data1\" content=\"1 minut\u0117\" \/>\n<script type=\"application\/ld+json\" class=\"yoast-schema-graph\">{\"@context\":\"https:\/\/schema.org\",\"@graph\":[{\"@type\":\"WebPage\",\"@id\":\"https:\/\/test.puhdasplus.ee\/lt\/tooted\/sportas\/karnozino-500-mg-50-kapsuliu\/\",\"url\":\"https:\/\/test.puhdasplus.ee\/lt\/tooted\/sportas\/karnozino-500-mg-50-kapsuliu\/\",\"name\":\"Karnozino 500 mg 50 kapsuli\u0173 - Puhdas+\",\"isPartOf\":{\"@id\":\"https:\/\/test.puhdasplus.ee\/lt\/#website\"},\"primaryImageOfPage\":{\"@id\":\"https:\/\/test.puhdasplus.ee\/lt\/tooted\/sportas\/karnozino-500-mg-50-kapsuliu\/#primaryimage\"},\"image\":{\"@id\":\"https:\/\/test.puhdasplus.ee\/lt\/tooted\/sportas\/karnozino-500-mg-50-kapsuliu\/#primaryimage\"},\"thumbnailUrl\":\"https:\/\/test.puhdasplus.ee\/wp-content\/uploads\/2025\/03\/182.jpg\",\"datePublished\":\"2025-01-16T12:37:49+00:00\",\"dateModified\":\"2026-02-19T23:11:15+00:00\",\"description\":\"Karnozinas 500 mg \u2013 nat\u016bralus antioksidantas, palaikantis raumen\u0173 i\u0161tverm\u0119, l\u0105steli\u0173 apsaug\u0105 ir smegen\u0173 sveikat\u0105. Tinka veganams, be pried\u0173.\",\"breadcrumb\":{\"@id\":\"https:\/\/test.puhdasplus.ee\/lt\/tooted\/sportas\/karnozino-500-mg-50-kapsuliu\/#breadcrumb\"},\"inLanguage\":\"lt-LT\",\"potentialAction\":[{\"@type\":\"ReadAction\",\"target\":[\"https:\/\/test.puhdasplus.ee\/lt\/tooted\/sportas\/karnozino-500-mg-50-kapsuliu\/\"]}]},{\"@type\":\"ImageObject\",\"inLanguage\":\"lt-LT\",\"@id\":\"https:\/\/test.puhdasplus.ee\/lt\/tooted\/sportas\/karnozino-500-mg-50-kapsuliu\/#primaryimage\",\"url\":\"https:\/\/test.puhdasplus.ee\/wp-content\/uploads\/2025\/03\/182.jpg\",\"contentUrl\":\"https:\/\/test.puhdasplus.ee\/wp-content\/uploads\/2025\/03\/182.jpg\",\"width\":1862,\"height\":2560,\"caption\":\"Karnozino 500 mg 50 kapsuli\u0173\"},{\"@type\":\"BreadcrumbList\",\"@id\":\"https:\/\/test.puhdasplus.ee\/lt\/tooted\/sportas\/karnozino-500-mg-50-kapsuliu\/#breadcrumb\",\"itemListElement\":[{\"@type\":\"ListItem\",\"position\":1,\"name\":\"Prad\u017eia\",\"item\":\"https:\/\/test.puhdasplus.ee\/lt\/\"},{\"@type\":\"ListItem\",\"position\":2,\"name\":\"Produktai\",\"item\":\"https:\/\/test.puhdasplus.ee\/lt\/parduotuve\/\"},{\"@type\":\"ListItem\",\"position\":3,\"name\":\"Karnozino 500 mg 50 kapsuli\u0173\"}]},{\"@type\":\"WebSite\",\"@id\":\"https:\/\/test.puhdasplus.ee\/lt\/#website\",\"url\":\"https:\/\/test.puhdasplus.ee\/lt\/\",\"name\":\"Puhdas+\",\"description\":\"Vitamiinid, Toidulisandid, looduskosmeetika, tervis, sport\",\"publisher\":{\"@id\":\"https:\/\/test.puhdasplus.ee\/lt\/#organization\"},\"potentialAction\":[{\"@type\":\"SearchAction\",\"target\":{\"@type\":\"EntryPoint\",\"urlTemplate\":\"https:\/\/test.puhdasplus.ee\/lt\/?s={search_term_string}\"},\"query-input\":{\"@type\":\"PropertyValueSpecification\",\"valueRequired\":true,\"valueName\":\"search_term_string\"}}],\"inLanguage\":\"lt-LT\"},{\"@type\":\"Organization\",\"@id\":\"https:\/\/test.puhdasplus.ee\/lt\/#organization\",\"name\":\"Puhdas+\",\"alternateName\":\"Puhdasplus\",\"url\":\"https:\/\/test.puhdasplus.ee\/lt\/\",\"logo\":{\"@type\":\"ImageObject\",\"inLanguage\":\"lt-LT\",\"@id\":\"https:\/\/test.puhdasplus.ee\/lt\/#\/schema\/logo\/image\/\",\"url\":\"https:\/\/test.puhdasplus.ee\/\/wp-content\/uploads\/2019\/10\/puhdas_logo-arvele.png\",\"contentUrl\":\"https:\/\/test.puhdasplus.ee\/\/wp-content\/uploads\/2019\/10\/puhdas_logo-arvele.png\",\"width\":114,\"height\":94,\"caption\":\"Puhdas+\"},\"image\":{\"@id\":\"https:\/\/test.puhdasplus.ee\/lt\/#\/schema\/logo\/image\/\"},\"sameAs\":[\"https:\/\/www.facebook.com\/puhdasplus\",\"https:\/\/www.instagram.com\/puhdasplus_ee\/\"]}]}<\/script>\n<!-- \/ Yoast SEO plugin. -->","yoast_head_json":{"title":"Karnozino 500 mg 50 kapsuli\u0173 - Puhdas+","description":"Karnozinas 500 mg \u2013 nat\u016bralus antioksidantas, palaikantis raumen\u0173 i\u0161tverm\u0119, l\u0105steli\u0173 apsaug\u0105 ir smegen\u0173 sveikat\u0105. Tinka veganams, be pried\u0173.","robots":{"index":"noindex","follow":"follow","max-snippet":"max-snippet:-1","max-image-preview":"max-image-preview:large","max-video-preview":"max-video-preview:-1"},"og_locale":"lt_LT","og_type":"article","og_title":"Karnozino 500 mg 50 kapsuli\u0173 - Puhdas+","og_description":"Karnozinas 500 mg \u2013 nat\u016bralus antioksidantas, palaikantis raumen\u0173 i\u0161tverm\u0119, l\u0105steli\u0173 apsaug\u0105 ir smegen\u0173 sveikat\u0105. Tinka veganams, be pried\u0173.","og_url":"https:\/\/test.puhdasplus.ee\/lt\/tooted\/sportas\/karnozino-500-mg-50-kapsuliu\/","og_site_name":"Puhdas+","article_publisher":"https:\/\/www.facebook.com\/puhdasplus","article_modified_time":"2026-02-19T23:11:15+00:00","og_image":[{"width":1862,"height":2560,"url":"https:\/\/test.puhdasplus.ee\/wp-content\/uploads\/2025\/03\/182.jpg","type":"image\/jpeg"}],"twitter_card":"summary_large_image","twitter_misc":{"Est. reading time":"1 minut\u0117"},"schema":{"@context":"https:\/\/schema.org","@graph":[{"@type":"WebPage","@id":"https:\/\/test.puhdasplus.ee\/lt\/tooted\/sportas\/karnozino-500-mg-50-kapsuliu\/","url":"https:\/\/test.puhdasplus.ee\/lt\/tooted\/sportas\/karnozino-500-mg-50-kapsuliu\/","name":"Karnozino 500 mg 50 kapsuli\u0173 - Puhdas+","isPartOf":{"@id":"https:\/\/test.puhdasplus.ee\/lt\/#website"},"primaryImageOfPage":{"@id":"https:\/\/test.puhdasplus.ee\/lt\/tooted\/sportas\/karnozino-500-mg-50-kapsuliu\/#primaryimage"},"image":{"@id":"https:\/\/test.puhdasplus.ee\/lt\/tooted\/sportas\/karnozino-500-mg-50-kapsuliu\/#primaryimage"},"thumbnailUrl":"https:\/\/test.puhdasplus.ee\/wp-content\/uploads\/2025\/03\/182.jpg","datePublished":"2025-01-16T12:37:49+00:00","dateModified":"2026-02-19T23:11:15+00:00","description":"Karnozinas 500 mg \u2013 nat\u016bralus antioksidantas, palaikantis raumen\u0173 i\u0161tverm\u0119, l\u0105steli\u0173 apsaug\u0105 ir smegen\u0173 sveikat\u0105. Tinka veganams, be pried\u0173.","breadcrumb":{"@id":"https:\/\/test.puhdasplus.ee\/lt\/tooted\/sportas\/karnozino-500-mg-50-kapsuliu\/#breadcrumb"},"inLanguage":"lt-LT","potentialAction":[{"@type":"ReadAction","target":["https:\/\/test.puhdasplus.ee\/lt\/tooted\/sportas\/karnozino-500-mg-50-kapsuliu\/"]}]},{"@type":"ImageObject","inLanguage":"lt-LT","@id":"https:\/\/test.puhdasplus.ee\/lt\/tooted\/sportas\/karnozino-500-mg-50-kapsuliu\/#primaryimage","url":"https:\/\/test.puhdasplus.ee\/wp-content\/uploads\/2025\/03\/182.jpg","contentUrl":"https:\/\/test.puhdasplus.ee\/wp-content\/uploads\/2025\/03\/182.jpg","width":1862,"height":2560,"caption":"Karnozino 500 mg 50 kapsuli\u0173"},{"@type":"BreadcrumbList","@id":"https:\/\/test.puhdasplus.ee\/lt\/tooted\/sportas\/karnozino-500-mg-50-kapsuliu\/#breadcrumb","itemListElement":[{"@type":"ListItem","position":1,"name":"Prad\u017eia","item":"https:\/\/test.puhdasplus.ee\/lt\/"},{"@type":"ListItem","position":2,"name":"Produktai","item":"https:\/\/test.puhdasplus.ee\/lt\/parduotuve\/"},{"@type":"ListItem","position":3,"name":"Karnozino 500 mg 50 kapsuli\u0173"}]},{"@type":"WebSite","@id":"https:\/\/test.puhdasplus.ee\/lt\/#website","url":"https:\/\/test.puhdasplus.ee\/lt\/","name":"Puhdas+","description":"Vitamiinid, Toidulisandid, looduskosmeetika, tervis, sport","publisher":{"@id":"https:\/\/test.puhdasplus.ee\/lt\/#organization"},"potentialAction":[{"@type":"SearchAction","target":{"@type":"EntryPoint","urlTemplate":"https:\/\/test.puhdasplus.ee\/lt\/?s={search_term_string}"},"query-input":{"@type":"PropertyValueSpecification","valueRequired":true,"valueName":"search_term_string"}}],"inLanguage":"lt-LT"},{"@type":"Organization","@id":"https:\/\/test.puhdasplus.ee\/lt\/#organization","name":"Puhdas+","alternateName":"Puhdasplus","url":"https:\/\/test.puhdasplus.ee\/lt\/","logo":{"@type":"ImageObject","inLanguage":"lt-LT","@id":"https:\/\/test.puhdasplus.ee\/lt\/#\/schema\/logo\/image\/","url":"https:\/\/test.puhdasplus.ee\/\/wp-content\/uploads\/2019\/10\/puhdas_logo-arvele.png","contentUrl":"https:\/\/test.puhdasplus.ee\/\/wp-content\/uploads\/2019\/10\/puhdas_logo-arvele.png","width":114,"height":94,"caption":"Puhdas+"},"image":{"@id":"https:\/\/test.puhdasplus.ee\/lt\/#\/schema\/logo\/image\/"},"sameAs":["https:\/\/www.facebook.com\/puhdasplus","https:\/\/www.instagram.com\/puhdasplus_ee\/"]}]}},"_links":{"self":[{"href":"https:\/\/test.puhdasplus.ee\/lt\/wp-json\/wp\/v2\/product\/33333","targetHints":{"allow":["GET"]}}],"collection":[{"href":"https:\/\/test.puhdasplus.ee\/lt\/wp-json\/wp\/v2\/product"}],"about":[{"href":"https:\/\/test.puhdasplus.ee\/lt\/wp-json\/wp\/v2\/types\/product"}],"replies":[{"embeddable":true,"href":"https:\/\/test.puhdasplus.ee\/lt\/wp-json\/wp\/v2\/comments?post=33333"}],"wp:featuredmedia":[{"embeddable":true,"href":"https:\/\/test.puhdasplus.ee\/lt\/wp-json\/wp\/v2\/media\/33337"}],"wp:attachment":[{"href":"https:\/\/test.puhdasplus.ee\/lt\/wp-json\/wp\/v2\/media?parent=33333"}],"wp:term":[{"taxonomy":"product_brand","embeddable":true,"href":"https:\/\/test.puhdasplus.ee\/lt\/wp-json\/wp\/v2\/product_brand?post=33333"},{"taxonomy":"product_cat","embeddable":true,"href":"https:\/\/test.puhdasplus.ee\/lt\/wp-json\/wp\/v2\/product_cat?post=33333"},{"taxonomy":"product_tag","embeddable":true,"href":"https:\/\/test.puhdasplus.ee\/lt\/wp-json\/wp\/v2\/product_tag?post=33333"}],"curies":[{"name":"wp","href":"https:\/\/api.w.org\/{rel}","templated":true}]}}