{"id":33315,"date":"2025-01-16T14:27:00","date_gmt":"2025-01-16T12:27:00","guid":{"rendered":"https:\/\/test.puhdasplus.ee\/\/tooted\/be-kategorijos\/kvercetinas-500-mg-60-kapsuliu-maisto-papildas\/"},"modified":"2026-02-27T13:10:59","modified_gmt":"2026-02-27T11:10:59","slug":"kvercetinas-500-mg-60-kapsuliu-maisto-papildas","status":"publish","type":"product","link":"https:\/\/test.puhdasplus.ee\/lt\/tooted\/imunine-sistema\/kvercetinas-500-mg-60-kapsuliu-maisto-papildas\/","title":{"rendered":"Efektyvus kvercetinas 500 mg 60 kapsuli\u0173"},"content":{"rendered":"<h2 data-start=\"107\" data-end=\"125\"><strong data-start=\"187\" data-end=\"215\">Efektyvus kvercetinas 500 mg<\/strong><\/h2>\n<p data-start=\"107\" data-end=\"125\">  \u2013 tai auk\u0161tos kokyb\u0117s ir grynas maisto papildas, kurio sud\u0117tyje yra didel\u0117 doz\u0117 augalin\u0117s kilm\u0117s kvercetino. Kvercetinas yra nat\u016bralus bioflavonoidas ir augalinis junginys, randamas daugelyje vaisi\u0173 bei dar\u017eovi\u0173, pavyzd\u017eiui, svog\u016bnuose, obuoliuose ir uogose. Tai patogus b\u016bdas papildyti savo kasdien\u0119 mityb\u0105 kvercetinu. <\/p>\n<h2 data-start=\"107\" data-end=\"125\">Pagrindin\u0117s savyb\u0117s:<\/h2>\n<ul>\n<li data-start=\"632\" data-end=\"726\">\n<p data-start=\"634\" data-end=\"726\"><strong data-start=\"634\" data-end=\"654\">Kasdien\u0117 parama:<\/strong> tinka vartoti siekiant palaikyti ger\u0105 savijaut\u0105 ir kaip \u012fvairios mitybos dal\u012f.<\/p>\n<\/li>\n<li data-start=\"727\" data-end=\"826\">\n<p data-start=\"729\" data-end=\"826\"><strong data-start=\"729\" data-end=\"753\">Grynumas ir kokyb\u0117:<\/strong> be nereikaling\u0173 pried\u0173, tinka veganams ir vegetarams.<\/p>\n<\/li>\n<li data-start=\"827\" data-end=\"879\">\n<p data-start=\"829\" data-end=\"879\"><strong data-start=\"829\" data-end=\"845\">Efektyvi doz\u0117:<\/strong> 500 mg kvercetino vienoje kapsul\u0117je.<\/p>\n<\/li>\n<\/ul>\n<h2 data-start=\"107\" data-end=\"125\">Sudedamosios dalys:<\/h2>\n<ul data-start=\"126\" data-end=\"338\">\n<li data-start=\"126\" data-end=\"167\">\n<p data-start=\"382\" data-end=\"613\">Kvercetinas (500 mg vienoje kapsul\u0117je)<\/p>\n<\/li>\n<li data-start=\"126\" data-end=\"167\">\n<p data-start=\"382\" data-end=\"613\">U\u017epildai: kalcio karbonatas, mikrokristalin\u0117 celiulioz\u0117<\/p>\n<\/li>\n<li data-start=\"126\" data-end=\"167\">\n<p data-start=\"382\" data-end=\"613\">Stabilizatorius: hidroksipropilmetilceliulioz\u0117<\/p>\n<\/li>\n<li data-start=\"126\" data-end=\"167\">\n<p data-start=\"382\" data-end=\"613\">Dar\u017eovi\u0173 kapsul\u0117s (stabilizatorius: hidroksipropilmetilceliulioz\u0117)<\/p>\n<\/li>\n<li data-start=\"126\" data-end=\"167\">Sud\u0117tyje n\u0117ra pieno, laktoz\u0117s, glitimo, sojos, druskos, cukraus ar saldikli\u0173.<\/li>\n<\/ul>\n<h2 data-start=\"340\" data-end=\"365\">Grynasis kiekis:<\/h2>\n<p data-start=\"340\" data-end=\"365\">60 kapsuli\u0173<\/p>\n<h2 data-start=\"490\" data-end=\"549\"><strong data-start=\"490\" data-end=\"509\">Naudojimas:  <\/strong><\/h2>\n<p data-start=\"490\" data-end=\"549\">Rekomenduojama doz\u0117: 1 kapsul\u0117 per dien\u0105, u\u017egeriant vandeniu. Svarbu valgyti \u012fvairi\u0105 ir subalansuot\u0105 mityb\u0105 bei laikytis sveiko gyvenimo b\u016bdo.  Rekomenduojamos paros doz\u0117s vir\u0161yti negalima.<\/p>\n<h2 data-start=\"551\" data-end=\"567\">\u012esp\u0117jimai:<\/h2>\n<ul data-start=\"568\" data-end=\"693\">\n<li data-start=\"568\" data-end=\"609\">\n<p data-start=\"570\" data-end=\"609\">Maisto papildas nepakei\u010dia \u012fvairios mitybos ar sveiko gyvenimo b\u016bdo.<\/p>\n<\/li>\n<li data-start=\"568\" data-end=\"609\">\n<p data-start=\"570\" data-end=\"609\">Jei esate n\u0117\u0161\u010dia, \u017eindote k\u016bdik\u012f, sergate l\u0117tin\u0117mis ligomis ar vartojate vaistus, pasitarkite su gydytoju.<\/p>\n<\/li>\n<li data-start=\"568\" data-end=\"609\">\n<p data-start=\"570\" data-end=\"609\">Laikyti vaikams nepasiekiamoje vietoje.<\/p>\n<\/li>\n<\/ul>\n<p data-start=\"695\" data-end=\"753\"><strong data-start=\"695\" data-end=\"711\">Sand\u0117liavimas:<\/strong><br data-start=\"711\" data-end=\"714\"> Laikyti sausoje ir v\u0117sioje vietoje, apsaugotoje nuo tiesiogini\u0173 saul\u0117s spinduli\u0173.<\/p>\n<p data-start=\"695\" data-end=\"753\"><strong data-start=\"126\" data-end=\"137\">Gamintojas:<\/strong> \u201eNew Organics Oy\u201c, Suomija.<\/p>\n<p data-start=\"695\" data-end=\"753\"><strong data-start=\"189\" data-end=\"210\" data-is-only-node=\"\">Importuotojas Estijoje:<\/strong> NordenBio O\u00dc, Narva mnt 7, 10117 Talinas, Estija.<\/p>\n","protected":false},"excerpt":{"rendered":"<p><strong data-start=\"187\" data-end=\"215\">\u201ePure+ Effective Quercetin 500 mg\u201c<\/strong> yra auk\u0161tos kokyb\u0117s, grynas maisto papildas, kurio sud\u0117tyje yra didel\u0117 augalin\u0117s kilm\u0117s kvercetino doz\u0117. Kvercetinas yra nat\u016bralus bioflavonoidas ir augalinis junginys, randamas daugelyje vaisi\u0173 ir dar\u017eovi\u0173, pavyzd\u017eiui, svog\u016bnuose, obuoliuose ir uogose. Tai patogus b\u016bdas \u012ftraukti kvercetin\u0105 \u012f savo kasdien\u0119 mityb\u0105.  <\/p>\n","protected":false},"featured_media":33318,"comment_status":"closed","ping_status":"closed","template":"","meta":{"_acf_changed":false},"product_brand":[],"product_cat":[3048],"product_tag":[3408,3396,3405,3395,3023,3407,3409,3410,3406,3402,3411,3403,3404,3400,3394,3391,3399,3397,3398,3401,3393],"class_list":{"0":"post-33315","1":"product","2":"type-product","3":"status-publish","4":"has-post-thumbnail","6":"product_cat-imunine-sistema","7":"product_tag-alergijos-simptomu-palengvinimas","8":"product_tag-antioksidacine-apsauga","9":"product_tag-gryni-papildai","10":"product_tag-hidroksipropilmetilceliulioze","11":"product_tag-imunitetas","12":"product_tag-kalcio-karbonatas","13":"product_tag-kraujagysliu-apsauga","14":"product_tag-kraujospudzio-reguliavimas","15":"product_tag-kvercetinas","16":"product_tag-kvercetino-papildas","17":"product_tag-laisvuju-radikalu-neutralizavimas","18":"product_tag-lasteliu-apsauga","19":"product_tag-mazinant-oksidacini-stresa","20":"product_tag-mazinantis-cholesterolio-kieki","21":"product_tag-mikrokristaline-celiulioze","22":"product_tag-naturalus-papildai","23":"product_tag-palaikant-sirdies-ir-kraujagysliu-sveikata","24":"product_tag-priesuzdegiminis-poveikis","25":"product_tag-stiprinant-imunine-sistema","26":"product_tag-stiprinant-organizmo-gynybos-mechanizmus","27":"product_tag-veganiski-papildai","29":"first","30":"instock","31":"taxable","32":"shipping-taxable","33":"purchasable","34":"product-type-simple"},"acf":[],"yoast_head":"<!-- This site is optimized with the Yoast SEO plugin v27.1.1 - https:\/\/yoast.com\/product\/yoast-seo-wordpress\/ -->\n<title>Efektyvus kvercetinas 500 mg 60 kapsuli\u0173 - Puhdas+<\/title>\n<meta name=\"description\" content=\"Nat\u016bralus antioksidantas kvercetinas 500 mg \u2013 stiprina imunitet\u0105, mal\u0161ina alergijas ir padeda organizmui kovoti su oksidaciniu stresu. Tinka ir veganams.\" \/>\n<meta name=\"robots\" content=\"noindex, follow, max-snippet:-1, max-image-preview:large, max-video-preview:-1\" \/>\n<meta property=\"og:locale\" content=\"lt_LT\" \/>\n<meta property=\"og:type\" content=\"article\" \/>\n<meta property=\"og:title\" content=\"Efektyvus kvercetinas 500 mg 60 kapsuli\u0173 - Puhdas+\" \/>\n<meta property=\"og:description\" content=\"Nat\u016bralus antioksidantas kvercetinas 500 mg \u2013 stiprina imunitet\u0105, mal\u0161ina alergijas ir padeda organizmui kovoti su oksidaciniu stresu. Tinka ir veganams.\" \/>\n<meta property=\"og:url\" content=\"https:\/\/test.puhdasplus.ee\/lt\/tooted\/imunine-sistema\/kvercetinas-500-mg-60-kapsuliu-maisto-papildas\/\" \/>\n<meta property=\"og:site_name\" content=\"Puhdas+\" \/>\n<meta property=\"article:publisher\" content=\"https:\/\/www.facebook.com\/puhdasplus\" \/>\n<meta property=\"article:modified_time\" content=\"2026-02-27T11:10:59+00:00\" \/>\n<meta property=\"og:image\" content=\"https:\/\/test.puhdasplus.ee\/wp-content\/uploads\/2025\/03\/181.jpg\" \/>\n\t<meta property=\"og:image:width\" content=\"1862\" \/>\n\t<meta property=\"og:image:height\" content=\"2560\" \/>\n\t<meta property=\"og:image:type\" content=\"image\/jpeg\" \/>\n<meta name=\"twitter:card\" content=\"summary_large_image\" \/>\n<meta name=\"twitter:label1\" content=\"Est. reading time\" \/>\n\t<meta name=\"twitter:data1\" content=\"1 minut\u0117\" \/>\n<script type=\"application\/ld+json\" class=\"yoast-schema-graph\">{\"@context\":\"https:\/\/schema.org\",\"@graph\":[{\"@type\":\"WebPage\",\"@id\":\"https:\/\/test.puhdasplus.ee\/lt\/tooted\/imunine-sistema\/kvercetinas-500-mg-60-kapsuliu-maisto-papildas\/\",\"url\":\"https:\/\/test.puhdasplus.ee\/lt\/tooted\/imunine-sistema\/kvercetinas-500-mg-60-kapsuliu-maisto-papildas\/\",\"name\":\"Efektyvus kvercetinas 500 mg 60 kapsuli\u0173 - Puhdas+\",\"isPartOf\":{\"@id\":\"https:\/\/test.puhdasplus.ee\/lt\/#website\"},\"primaryImageOfPage\":{\"@id\":\"https:\/\/test.puhdasplus.ee\/lt\/tooted\/imunine-sistema\/kvercetinas-500-mg-60-kapsuliu-maisto-papildas\/#primaryimage\"},\"image\":{\"@id\":\"https:\/\/test.puhdasplus.ee\/lt\/tooted\/imunine-sistema\/kvercetinas-500-mg-60-kapsuliu-maisto-papildas\/#primaryimage\"},\"thumbnailUrl\":\"https:\/\/test.puhdasplus.ee\/wp-content\/uploads\/2025\/03\/181.jpg\",\"datePublished\":\"2025-01-16T12:27:00+00:00\",\"dateModified\":\"2026-02-27T11:10:59+00:00\",\"description\":\"Nat\u016bralus antioksidantas kvercetinas 500 mg \u2013 stiprina imunitet\u0105, mal\u0161ina alergijas ir padeda organizmui kovoti su oksidaciniu stresu. Tinka ir veganams.\",\"breadcrumb\":{\"@id\":\"https:\/\/test.puhdasplus.ee\/lt\/tooted\/imunine-sistema\/kvercetinas-500-mg-60-kapsuliu-maisto-papildas\/#breadcrumb\"},\"inLanguage\":\"lt-LT\",\"potentialAction\":[{\"@type\":\"ReadAction\",\"target\":[\"https:\/\/test.puhdasplus.ee\/lt\/tooted\/imunine-sistema\/kvercetinas-500-mg-60-kapsuliu-maisto-papildas\/\"]}]},{\"@type\":\"ImageObject\",\"inLanguage\":\"lt-LT\",\"@id\":\"https:\/\/test.puhdasplus.ee\/lt\/tooted\/imunine-sistema\/kvercetinas-500-mg-60-kapsuliu-maisto-papildas\/#primaryimage\",\"url\":\"https:\/\/test.puhdasplus.ee\/wp-content\/uploads\/2025\/03\/181.jpg\",\"contentUrl\":\"https:\/\/test.puhdasplus.ee\/wp-content\/uploads\/2025\/03\/181.jpg\",\"width\":1862,\"height\":2560,\"caption\":\"Kvercetinas 500 mg 60 kapsuli\u0173\"},{\"@type\":\"BreadcrumbList\",\"@id\":\"https:\/\/test.puhdasplus.ee\/lt\/tooted\/imunine-sistema\/kvercetinas-500-mg-60-kapsuliu-maisto-papildas\/#breadcrumb\",\"itemListElement\":[{\"@type\":\"ListItem\",\"position\":1,\"name\":\"Prad\u017eia\",\"item\":\"https:\/\/test.puhdasplus.ee\/lt\/\"},{\"@type\":\"ListItem\",\"position\":2,\"name\":\"Produktai\",\"item\":\"https:\/\/test.puhdasplus.ee\/lt\/parduotuve\/\"},{\"@type\":\"ListItem\",\"position\":3,\"name\":\"Efektyvus kvercetinas 500 mg 60 kapsuli\u0173\"}]},{\"@type\":\"WebSite\",\"@id\":\"https:\/\/test.puhdasplus.ee\/lt\/#website\",\"url\":\"https:\/\/test.puhdasplus.ee\/lt\/\",\"name\":\"Puhdas+\",\"description\":\"Vitamiinid, Toidulisandid, looduskosmeetika, tervis, sport\",\"publisher\":{\"@id\":\"https:\/\/test.puhdasplus.ee\/lt\/#organization\"},\"potentialAction\":[{\"@type\":\"SearchAction\",\"target\":{\"@type\":\"EntryPoint\",\"urlTemplate\":\"https:\/\/test.puhdasplus.ee\/lt\/?s={search_term_string}\"},\"query-input\":{\"@type\":\"PropertyValueSpecification\",\"valueRequired\":true,\"valueName\":\"search_term_string\"}}],\"inLanguage\":\"lt-LT\"},{\"@type\":\"Organization\",\"@id\":\"https:\/\/test.puhdasplus.ee\/lt\/#organization\",\"name\":\"Puhdas+\",\"alternateName\":\"Puhdasplus\",\"url\":\"https:\/\/test.puhdasplus.ee\/lt\/\",\"logo\":{\"@type\":\"ImageObject\",\"inLanguage\":\"lt-LT\",\"@id\":\"https:\/\/test.puhdasplus.ee\/lt\/#\/schema\/logo\/image\/\",\"url\":\"https:\/\/test.puhdasplus.ee\/\/wp-content\/uploads\/2019\/10\/puhdas_logo-arvele.png\",\"contentUrl\":\"https:\/\/test.puhdasplus.ee\/\/wp-content\/uploads\/2019\/10\/puhdas_logo-arvele.png\",\"width\":114,\"height\":94,\"caption\":\"Puhdas+\"},\"image\":{\"@id\":\"https:\/\/test.puhdasplus.ee\/lt\/#\/schema\/logo\/image\/\"},\"sameAs\":[\"https:\/\/www.facebook.com\/puhdasplus\",\"https:\/\/www.instagram.com\/puhdasplus_ee\/\"]}]}<\/script>\n<!-- \/ Yoast SEO plugin. -->","yoast_head_json":{"title":"Efektyvus kvercetinas 500 mg 60 kapsuli\u0173 - Puhdas+","description":"Nat\u016bralus antioksidantas kvercetinas 500 mg \u2013 stiprina imunitet\u0105, mal\u0161ina alergijas ir padeda organizmui kovoti su oksidaciniu stresu. Tinka ir veganams.","robots":{"index":"noindex","follow":"follow","max-snippet":"max-snippet:-1","max-image-preview":"max-image-preview:large","max-video-preview":"max-video-preview:-1"},"og_locale":"lt_LT","og_type":"article","og_title":"Efektyvus kvercetinas 500 mg 60 kapsuli\u0173 - Puhdas+","og_description":"Nat\u016bralus antioksidantas kvercetinas 500 mg \u2013 stiprina imunitet\u0105, mal\u0161ina alergijas ir padeda organizmui kovoti su oksidaciniu stresu. Tinka ir veganams.","og_url":"https:\/\/test.puhdasplus.ee\/lt\/tooted\/imunine-sistema\/kvercetinas-500-mg-60-kapsuliu-maisto-papildas\/","og_site_name":"Puhdas+","article_publisher":"https:\/\/www.facebook.com\/puhdasplus","article_modified_time":"2026-02-27T11:10:59+00:00","og_image":[{"width":1862,"height":2560,"url":"https:\/\/test.puhdasplus.ee\/wp-content\/uploads\/2025\/03\/181.jpg","type":"image\/jpeg"}],"twitter_card":"summary_large_image","twitter_misc":{"Est. reading time":"1 minut\u0117"},"schema":{"@context":"https:\/\/schema.org","@graph":[{"@type":"WebPage","@id":"https:\/\/test.puhdasplus.ee\/lt\/tooted\/imunine-sistema\/kvercetinas-500-mg-60-kapsuliu-maisto-papildas\/","url":"https:\/\/test.puhdasplus.ee\/lt\/tooted\/imunine-sistema\/kvercetinas-500-mg-60-kapsuliu-maisto-papildas\/","name":"Efektyvus kvercetinas 500 mg 60 kapsuli\u0173 - Puhdas+","isPartOf":{"@id":"https:\/\/test.puhdasplus.ee\/lt\/#website"},"primaryImageOfPage":{"@id":"https:\/\/test.puhdasplus.ee\/lt\/tooted\/imunine-sistema\/kvercetinas-500-mg-60-kapsuliu-maisto-papildas\/#primaryimage"},"image":{"@id":"https:\/\/test.puhdasplus.ee\/lt\/tooted\/imunine-sistema\/kvercetinas-500-mg-60-kapsuliu-maisto-papildas\/#primaryimage"},"thumbnailUrl":"https:\/\/test.puhdasplus.ee\/wp-content\/uploads\/2025\/03\/181.jpg","datePublished":"2025-01-16T12:27:00+00:00","dateModified":"2026-02-27T11:10:59+00:00","description":"Nat\u016bralus antioksidantas kvercetinas 500 mg \u2013 stiprina imunitet\u0105, mal\u0161ina alergijas ir padeda organizmui kovoti su oksidaciniu stresu. Tinka ir veganams.","breadcrumb":{"@id":"https:\/\/test.puhdasplus.ee\/lt\/tooted\/imunine-sistema\/kvercetinas-500-mg-60-kapsuliu-maisto-papildas\/#breadcrumb"},"inLanguage":"lt-LT","potentialAction":[{"@type":"ReadAction","target":["https:\/\/test.puhdasplus.ee\/lt\/tooted\/imunine-sistema\/kvercetinas-500-mg-60-kapsuliu-maisto-papildas\/"]}]},{"@type":"ImageObject","inLanguage":"lt-LT","@id":"https:\/\/test.puhdasplus.ee\/lt\/tooted\/imunine-sistema\/kvercetinas-500-mg-60-kapsuliu-maisto-papildas\/#primaryimage","url":"https:\/\/test.puhdasplus.ee\/wp-content\/uploads\/2025\/03\/181.jpg","contentUrl":"https:\/\/test.puhdasplus.ee\/wp-content\/uploads\/2025\/03\/181.jpg","width":1862,"height":2560,"caption":"Kvercetinas 500 mg 60 kapsuli\u0173"},{"@type":"BreadcrumbList","@id":"https:\/\/test.puhdasplus.ee\/lt\/tooted\/imunine-sistema\/kvercetinas-500-mg-60-kapsuliu-maisto-papildas\/#breadcrumb","itemListElement":[{"@type":"ListItem","position":1,"name":"Prad\u017eia","item":"https:\/\/test.puhdasplus.ee\/lt\/"},{"@type":"ListItem","position":2,"name":"Produktai","item":"https:\/\/test.puhdasplus.ee\/lt\/parduotuve\/"},{"@type":"ListItem","position":3,"name":"Efektyvus kvercetinas 500 mg 60 kapsuli\u0173"}]},{"@type":"WebSite","@id":"https:\/\/test.puhdasplus.ee\/lt\/#website","url":"https:\/\/test.puhdasplus.ee\/lt\/","name":"Puhdas+","description":"Vitamiinid, Toidulisandid, looduskosmeetika, tervis, sport","publisher":{"@id":"https:\/\/test.puhdasplus.ee\/lt\/#organization"},"potentialAction":[{"@type":"SearchAction","target":{"@type":"EntryPoint","urlTemplate":"https:\/\/test.puhdasplus.ee\/lt\/?s={search_term_string}"},"query-input":{"@type":"PropertyValueSpecification","valueRequired":true,"valueName":"search_term_string"}}],"inLanguage":"lt-LT"},{"@type":"Organization","@id":"https:\/\/test.puhdasplus.ee\/lt\/#organization","name":"Puhdas+","alternateName":"Puhdasplus","url":"https:\/\/test.puhdasplus.ee\/lt\/","logo":{"@type":"ImageObject","inLanguage":"lt-LT","@id":"https:\/\/test.puhdasplus.ee\/lt\/#\/schema\/logo\/image\/","url":"https:\/\/test.puhdasplus.ee\/\/wp-content\/uploads\/2019\/10\/puhdas_logo-arvele.png","contentUrl":"https:\/\/test.puhdasplus.ee\/\/wp-content\/uploads\/2019\/10\/puhdas_logo-arvele.png","width":114,"height":94,"caption":"Puhdas+"},"image":{"@id":"https:\/\/test.puhdasplus.ee\/lt\/#\/schema\/logo\/image\/"},"sameAs":["https:\/\/www.facebook.com\/puhdasplus","https:\/\/www.instagram.com\/puhdasplus_ee\/"]}]}},"_links":{"self":[{"href":"https:\/\/test.puhdasplus.ee\/lt\/wp-json\/wp\/v2\/product\/33315","targetHints":{"allow":["GET"]}}],"collection":[{"href":"https:\/\/test.puhdasplus.ee\/lt\/wp-json\/wp\/v2\/product"}],"about":[{"href":"https:\/\/test.puhdasplus.ee\/lt\/wp-json\/wp\/v2\/types\/product"}],"replies":[{"embeddable":true,"href":"https:\/\/test.puhdasplus.ee\/lt\/wp-json\/wp\/v2\/comments?post=33315"}],"wp:featuredmedia":[{"embeddable":true,"href":"https:\/\/test.puhdasplus.ee\/lt\/wp-json\/wp\/v2\/media\/33318"}],"wp:attachment":[{"href":"https:\/\/test.puhdasplus.ee\/lt\/wp-json\/wp\/v2\/media?parent=33315"}],"wp:term":[{"taxonomy":"product_brand","embeddable":true,"href":"https:\/\/test.puhdasplus.ee\/lt\/wp-json\/wp\/v2\/product_brand?post=33315"},{"taxonomy":"product_cat","embeddable":true,"href":"https:\/\/test.puhdasplus.ee\/lt\/wp-json\/wp\/v2\/product_cat?post=33315"},{"taxonomy":"product_tag","embeddable":true,"href":"https:\/\/test.puhdasplus.ee\/lt\/wp-json\/wp\/v2\/product_tag?post=33315"}],"curies":[{"name":"wp","href":"https:\/\/api.w.org\/{rel}","templated":true}]}}