{"id":33274,"date":"2025-01-15T17:36:42","date_gmt":"2025-01-15T15:36:42","guid":{"rendered":"https:\/\/test.puhdasplus.ee\/\/tooted\/be-kategorijos\/magnio-glicinatas-200-g\/"},"modified":"2026-02-27T13:10:47","modified_gmt":"2026-02-27T11:10:47","slug":"magnio-glicinatas-200-g","status":"publish","type":"product","link":"https:\/\/test.puhdasplus.ee\/lt\/tooted\/mineralai\/magnis\/magnio-glicinatas-200-g\/","title":{"rendered":"Magnio glicinatas 200 g"},"content":{"rendered":"<h2 data-start=\"374\" data-end=\"396\">Kas yra \u201ePure+\u201c magnio glicinatas ir kod\u0117l jis naudingas?<\/h2>\n<p class=\"\" data-start=\"367\" data-end=\"762\">\u201ePure+ Magnesium Glycinate Powder\u201c yra grynas, auk\u0161tos kokyb\u0117s magnio papildas, kurio sud\u0117tyje yra tik viena veiklioji med\u017eiaga \u2013 <strong data-start=\"503\" data-end=\"531\">magnio bisglicinatas<\/strong> , viena i\u0161 geriausiai \u012fsisavinam\u0173 ir vir\u0161kinam\u0173 magnio form\u0173. Tai milteli\u0173 pavidalo papildas, kur\u012f lengva mai\u0161yti su vandeniu, sultimis ar kokteiliais, ir jis puikiai tinka tiems, kurie nenori vartoti kapsuli\u0173 ar table\u010di\u0173. <\/p>\n<p class=\"\" data-start=\"764\" data-end=\"1122\"><strong data-start=\"764\" data-end=\"791\">Magnio bisglicinatas<\/strong> yra magnio aminor\u016bg\u0161ties chelatas, o tai rei\u0161kia, kad magnis susijungia su glicinu \u2013 taip \u017eymiai padid\u0117ja jo absorbcija vir\u0161kinamajame trakte ir suma\u017e\u0117ja skrand\u017eio sutrikim\u0173 rizika. D\u0117l to jis ypa\u010d tinka \u017emon\u0117ms, turintiems jautr\u0173 vir\u0161kinim\u0105, arba tiems, kurie anks\u010diau sunkiai toleravo kitas magnio formas. <\/p>\n<p class=\"\" data-start=\"1124\" data-end=\"1162\">Magnis yra gyvybi\u0161kai svarbus mineralas, kuris:<\/p>\n<ul data-start=\"1163\" data-end=\"1442\">\n<li class=\"\" data-start=\"1163\" data-end=\"1217\">\n<p class=\"\" data-start=\"1165\" data-end=\"1217\"><strong data-start=\"1165\" data-end=\"1214\">prisideda prie normalios raumen\u0173 funkcijos<\/strong> ,<\/p>\n<\/li>\n<li class=\"\" data-start=\"1218\" data-end=\"1276\">\n<p class=\"\" data-start=\"1220\" data-end=\"1276\"><strong data-start=\"1220\" data-end=\"1273\">palaiko nerv\u0173 sistemos ir psichologin\u0119 funkcij\u0105<\/strong> ,<\/p>\n<\/li>\n<li class=\"\" data-start=\"1277\" data-end=\"1316\">\n<p class=\"\" data-start=\"1279\" data-end=\"1316\"><strong data-start=\"1279\" data-end=\"1313\">ma\u017eina nuovarg\u012f ir i\u0161sekim\u0105<\/strong> ,<\/p>\n<\/li>\n<li class=\"\" data-start=\"1317\" data-end=\"1389\">\n<p class=\"\" data-start=\"1319\" data-end=\"1389\"><strong data-start=\"1319\" data-end=\"1386\">dalyvauja energijos apykaitoje ir palaiko elektrolit\u0173 pusiausvyr\u0105<\/strong> ;<\/p>\n<\/li>\n<li class=\"\" data-start=\"1390\" data-end=\"1442\">\n<p class=\"\" data-start=\"1392\" data-end=\"1442\"><strong data-start=\"1392\" data-end=\"1441\">palaiko normali\u0105 kaul\u0173 ir dant\u0173 b\u016bkl\u0119<\/strong> .<\/p>\n<\/li>\n<\/ul>\n<p class=\"p1\">Kadangi magnis i\u0161 organizmo kasdien prarandamas d\u0117l toki\u0173 dalyk\u0173 kaip prakaitas, stresas ir mank\u0161ta, pakankamas jo vartojimas gali b\u016bti svarbus norint palaikyti ger\u0105 savijaut\u0105 ir energijos lyg\u012f. Magnis padeda palaikyti normali\u0105 raumen\u0173 ir nerv\u0173 sistemos funkcij\u0105 bei padeda suma\u017einti nuovarg\u012f ir i\u0161sekim\u0105. <\/p>\n<p class=\"\" data-start=\"1834\" data-end=\"1870\">\u201ePure+\u201c magnio glicinato milteliai:<\/p>\n<ul data-start=\"1871\" data-end=\"2090\">\n<li class=\"\" data-start=\"1871\" data-end=\"1936\">\n<p class=\"\" data-start=\"1873\" data-end=\"1936\">sud\u0117tyje n\u0117ra dirbtini\u0173 pried\u0173, da\u017eikli\u0173 ar saldikli\u0173,<\/p>\n<\/li>\n<li class=\"\" data-start=\"1937\" data-end=\"1982\">\n<p class=\"\" data-start=\"1939\" data-end=\"1982\">tinka <strong data-start=\"1945\" data-end=\"1979\">vegetarams ir veganams<\/strong> ,<\/p>\n<\/li>\n<li class=\"\" data-start=\"1983\" data-end=\"2027\">\n<p class=\"\" data-start=\"1985\" data-end=\"2027\">yra <strong data-start=\"1988\" data-end=\"2024\">be laktoz\u0117s, glitimo ir sojos<\/strong> ,<\/p>\n<\/li>\n<li class=\"\" data-start=\"2028\" data-end=\"2090\">\n<p class=\"\" data-start=\"2030\" data-end=\"2090\">pagaminta <strong data-start=\"2042\" data-end=\"2052\">Suomijoje<\/strong> , laikantis auk\u0161t\u0173 kokyb\u0117s standart\u0173.<\/p>\n<\/li>\n<\/ul>\n<p class=\"\" data-start=\"2092\" data-end=\"2289\">D\u0117l paprastos ir grynos sud\u0117ties, tai idealus pasirinkimas \u017emon\u0117ms, norintiems papildyti magn\u012f nat\u016braliu ir patogiu b\u016bdu \u2013 be nereikaling\u0173 u\u017epild\u0173 ar kapsuli\u0173 apvalkal\u0173.<\/p>\n<h2 data-start=\"374\" data-end=\"396\">Kam tai tinka?<\/h2>\n<p class=\"\" data-start=\"398\" data-end=\"517\"><span class=\"relative -mx-px my-[-0.2rem] rounded px-px py-[0.2rem] transition-colors duration-100 ease-in-out\">Produktas tinka suaugusiesiems, norintiems papildyti magnio atsargas.<\/span> <span class=\"relative -mx-px my-[-0.2rem] rounded px-px py-[0.2rem] transition-colors duration-100 ease-in-out\">Jis gali b\u016bti ypa\u010d naudingas tiems, kurie reguliariai u\u017esiima fizine veikla, da\u017enai jau\u010diasi pavarg\u0119 ar i\u0161sek\u0119 arba nori palaikyti normali\u0105 nerv\u0173 sistemos veikl\u0105.<\/span><\/p>\n<h2 data-start=\"524\" data-end=\"544\">Kaip naudoti?<\/h2>\n<p class=\"\" data-start=\"546\" data-end=\"787\"><span class=\"relative -mx-px my-[-0.2rem] rounded px-px py-[0.2rem] transition-colors duration-100 ease-in-out\">Rekomenduojama doz\u0117 yra 3 kau\u0161eliai per dien\u0105.<\/span> <span class=\"relative -mx-px my-[-0.2rem] rounded px-px py-[0.2rem] transition-colors duration-100 ease-in-out\">Miltelius galima sumai\u0161yti su stikline vandens, sul\u010di\u0173 ar kokteiliu.<\/span> <span class=\"relative -mx-px my-[-0.2rem] rounded px-px py-[0.2rem] transition-colors duration-100 ease-in-out\">Rekomenduojamos paros doz\u0117s vir\u0161yti negalima.<\/span> <span class=\"relative -mx-px my-[-0.2rem] rounded px-px py-[0.2rem] transition-colors duration-100 ease-in-out\">Maisto papildas nepakei\u010dia \u012fvairios ir subalansuotos mitybos ar sveiko gyvenimo b\u016bdo.<\/span> <span class=\"relative -mx-px my-[-0.2rem] rounded px-px py-[0.2rem] transition-colors duration-100 ease-in-out\">Laikyti vaikams nepasiekiamoje vietoje.<\/span><\/p>\n<h2 data-start=\"794\" data-end=\"809\">Ingredientai<\/h2>\n<p class=\"\" data-start=\"811\" data-end=\"1016\"><span class=\"relative -mx-px my-[-0.2rem] rounded px-px py-[0.2rem] transition-colors duration-100 ease-in-out\">Magnio bisglicinatas.<\/span> <span class=\"relative -mx-px my-[-0.2rem] rounded px-px py-[0.2rem] transition-colors duration-100 ease-in-out\">Be laktoz\u0117s, mieli\u0173 ar glitimo.<\/span> <span class=\"relative -mx-px my-[-0.2rem] rounded px-px py-[0.2rem] transition-colors duration-100 ease-in-out\">Be cukraus, druskos, krakmolo, kukur\u016bz\u0173, sojos ar saldikli\u0173.<\/span> <span class=\"relative -mx-px my-[-0.2rem] rounded px-px py-[0.2rem] transition-colors duration-100 ease-in-out\">Tinka vegetarams ir veganams.<\/span><\/p>\n<h2 data-start=\"1023\" data-end=\"1039\">Maistin\u0117 vert\u0117<\/h2>\n<p class=\"\" data-start=\"1041\" data-end=\"1126\"><span class=\"relative -mx-px my-[-0.2rem] rounded px-px py-[0.2rem] transition-colors duration-100 ease-in-out\">3 matavimo \u0161auk\u0161teliai turi:<\/span><\/p>\n<ul data-start=\"1128\" data-end=\"1215\">\n<li class=\"\" data-start=\"1128\" data-end=\"1215\">\n<p class=\"\" data-start=\"1130\" data-end=\"1215\"><span class=\"relative -mx-px my-[-0.2rem] rounded px-px py-[0.2rem] transition-colors duration-100 ease-in-out\">Magnis: 250 mg (67 % rekomenduojamos paros normos)<\/span><\/p>\n<\/li>\n<\/ul>\n<h2>Kod\u0117l verta rinktis \u201ePure+\u201c magnio glicinat\u0105?<\/h2>\n<ul>\n<li style=\"list-style-type: none;\">\n<ul data-start=\"1276\" data-end=\"1573\">\n<li class=\"\" data-start=\"1276\" data-end=\"1317\">\n<p class=\"\" data-start=\"1278\" data-end=\"1317\"><span class=\"relative -mx-px my-[-0.2rem] rounded px-px py-[0.2rem] transition-colors duration-100 ease-in-out\">Sud\u0117tyje yra magnio bisglicinato \u2013 lengvai pasisavinamos ir vir\u0161kinamos magnio formos<\/span><\/p>\n<\/li>\n<li class=\"\" data-start=\"1318\" data-end=\"1359\">\n<p class=\"\" data-start=\"1320\" data-end=\"1359\"><span class=\"relative -mx-px my-[-0.2rem] rounded px-px py-[0.2rem] transition-colors duration-100 ease-in-out\">Palaiko normali\u0105 raumen\u0173 ir nerv\u0173 sistemos funkcij\u0105<\/span><\/p>\n<\/li>\n<li class=\"\" data-start=\"1360\" data-end=\"1401\">\n<p class=\"\" data-start=\"1362\" data-end=\"1401\"><span class=\"relative -mx-px my-[-0.2rem] rounded px-px py-[0.2rem] transition-colors duration-100 ease-in-out\">Padeda suma\u017einti nuovarg\u012f ir i\u0161sekim\u0105<\/span><\/p>\n<\/li>\n<li class=\"\" data-start=\"1402\" data-end=\"1443\">\n<p class=\"\" data-start=\"1404\" data-end=\"1443\"><span class=\"relative -mx-px my-[-0.2rem] rounded px-px py-[0.2rem] transition-colors duration-100 ease-in-out\">Sud\u0117tyje n\u0117ra dirbtini\u0173 pried\u0173 ar alergen\u0173<\/span><\/p>\n<\/li>\n<li class=\"\" data-start=\"1444\" data-end=\"1485\">\n<p class=\"\" data-start=\"1446\" data-end=\"1485\"><span class=\"relative -mx-px my-[-0.2rem] rounded px-px py-[0.2rem] transition-colors duration-100 ease-in-out\">Tinka vegetarams ir veganams<\/span><\/p>\n<\/li>\n<li class=\"\" data-start=\"1486\" data-end=\"1573\">\n<p class=\"\" data-start=\"1488\" data-end=\"1573\"><span class=\"relative -mx-px my-[-0.2rem] rounded px-px py-[0.2rem] transition-colors duration-100 ease-in-out\">Pagaminta Suomijoje<\/span><\/p>\n<\/li>\n<\/ul>\n<\/li>\n<\/ul>\n","protected":false},"excerpt":{"rendered":"<p class=\"p1\"><span class=\"s1\"><b>\u201ePuhdas+\u201c magnio glicinato milteliai<\/b><\/span> yra lengvai \u012fsisavinamas ir vir\u0161kinamas magnio papildas, kuris prisideda prie normalios raumen\u0173, nerv\u0173 sistemos veiklos ir energijos apykaitos. Milteli\u0173 sud\u0117tyje yra magnio bisglicinato \u2013 magnio formos, sujungtos su aminor\u016bg\u0161timi glicinu, kuris yra \u017einomas d\u0117l gero \u012fsisavinamumo ir \u0161velnaus poveikio. <\/p>\n<p class=\"p1\">Milteli\u0173 forma leid\u017eia produkt\u0105 mai\u0161yti su vandeniu, sultimis ar kokteiliais, tod\u0117l tiems, kurie nenori kapsuli\u0173 ar table\u010di\u0173, j\u012f naudoti yra lanks\u010diai ir paprastai.<\/p>\n<p class=\"p1\">Produkte n\u0117ra dirbtini\u0173 pried\u0173, saldikli\u0173, laktoz\u0117s, glitimo ar sojos ir jis tinka veganams. Tai tinkamas pasirinkimas norint papildyti kasdien\u0119 magnio norm\u0105. <\/p>\n","protected":false},"featured_media":33277,"comment_status":"closed","ping_status":"closed","template":"","meta":{"_acf_changed":false},"product_brand":[],"product_cat":[3265],"product_tag":[3267,3127,3144],"class_list":{"0":"post-33274","1":"product","2":"type-product","3":"status-publish","4":"has-post-thumbnail","6":"product_cat-magnis","7":"product_tag-magnio-glicinato-milteliai","8":"product_tag-magnis","9":"product_tag-raumenys-ir-sanariai","11":"first","12":"onbackorder","13":"taxable","14":"shipping-taxable","15":"purchasable","16":"product-type-simple"},"acf":[],"yoast_head":"<!-- This site is optimized with the Yoast SEO plugin v27.1.1 - https:\/\/yoast.com\/product\/yoast-seo-wordpress\/ -->\n<title>Magnio glicinatas 200 g - Puhdas+<\/title>\n<meta name=\"description\" content=\"Labai gerai \u012fsisavinami magnio bisglicinato milteliai. Palaiko raumenis, nerv\u0173 sistem\u0105 ir energijos lyg\u012f. Gryna sud\u0117tis, tinka ir jautriam vir\u0161kinimui.\" \/>\n<meta name=\"robots\" content=\"noindex, follow, max-snippet:-1, max-image-preview:large, max-video-preview:-1\" \/>\n<meta property=\"og:locale\" content=\"lt_LT\" \/>\n<meta property=\"og:type\" content=\"article\" \/>\n<meta property=\"og:title\" content=\"Magnio glicinatas 200 g - Puhdas+\" \/>\n<meta property=\"og:description\" content=\"Labai gerai \u012fsisavinami magnio bisglicinato milteliai. Palaiko raumenis, nerv\u0173 sistem\u0105 ir energijos lyg\u012f. Gryna sud\u0117tis, tinka ir jautriam vir\u0161kinimui.\" \/>\n<meta property=\"og:url\" content=\"https:\/\/test.puhdasplus.ee\/lt\/tooted\/mineralai\/magnis\/magnio-glicinatas-200-g\/\" \/>\n<meta property=\"og:site_name\" content=\"Puhdas+\" \/>\n<meta property=\"article:publisher\" content=\"https:\/\/www.facebook.com\/puhdasplus\" \/>\n<meta property=\"article:modified_time\" content=\"2026-02-27T11:10:47+00:00\" \/>\n<meta property=\"og:image\" content=\"https:\/\/test.puhdasplus.ee\/wp-content\/uploads\/2025\/03\/188.jpg\" \/>\n\t<meta property=\"og:image:width\" content=\"1862\" \/>\n\t<meta property=\"og:image:height\" content=\"2560\" \/>\n\t<meta property=\"og:image:type\" content=\"image\/jpeg\" \/>\n<meta name=\"twitter:card\" content=\"summary_large_image\" \/>\n<meta name=\"twitter:label1\" content=\"Est. reading time\" \/>\n\t<meta name=\"twitter:data1\" content=\"2 minut\u0117\" \/>\n<script type=\"application\/ld+json\" class=\"yoast-schema-graph\">{\"@context\":\"https:\/\/schema.org\",\"@graph\":[{\"@type\":\"WebPage\",\"@id\":\"https:\/\/test.puhdasplus.ee\/lt\/tooted\/mineralai\/magnis\/magnio-glicinatas-200-g\/\",\"url\":\"https:\/\/test.puhdasplus.ee\/lt\/tooted\/mineralai\/magnis\/magnio-glicinatas-200-g\/\",\"name\":\"Magnio glicinatas 200 g - Puhdas+\",\"isPartOf\":{\"@id\":\"https:\/\/test.puhdasplus.ee\/lt\/#website\"},\"primaryImageOfPage\":{\"@id\":\"https:\/\/test.puhdasplus.ee\/lt\/tooted\/mineralai\/magnis\/magnio-glicinatas-200-g\/#primaryimage\"},\"image\":{\"@id\":\"https:\/\/test.puhdasplus.ee\/lt\/tooted\/mineralai\/magnis\/magnio-glicinatas-200-g\/#primaryimage\"},\"thumbnailUrl\":\"https:\/\/test.puhdasplus.ee\/wp-content\/uploads\/2025\/03\/188.jpg\",\"datePublished\":\"2025-01-15T15:36:42+00:00\",\"dateModified\":\"2026-02-27T11:10:47+00:00\",\"description\":\"Labai gerai \u012fsisavinami magnio bisglicinato milteliai. Palaiko raumenis, nerv\u0173 sistem\u0105 ir energijos lyg\u012f. Gryna sud\u0117tis, tinka ir jautriam vir\u0161kinimui.\",\"breadcrumb\":{\"@id\":\"https:\/\/test.puhdasplus.ee\/lt\/tooted\/mineralai\/magnis\/magnio-glicinatas-200-g\/#breadcrumb\"},\"inLanguage\":\"lt-LT\",\"potentialAction\":[{\"@type\":\"ReadAction\",\"target\":[\"https:\/\/test.puhdasplus.ee\/lt\/tooted\/mineralai\/magnis\/magnio-glicinatas-200-g\/\"]}]},{\"@type\":\"ImageObject\",\"inLanguage\":\"lt-LT\",\"@id\":\"https:\/\/test.puhdasplus.ee\/lt\/tooted\/mineralai\/magnis\/magnio-glicinatas-200-g\/#primaryimage\",\"url\":\"https:\/\/test.puhdasplus.ee\/wp-content\/uploads\/2025\/03\/188.jpg\",\"contentUrl\":\"https:\/\/test.puhdasplus.ee\/wp-content\/uploads\/2025\/03\/188.jpg\",\"width\":1862,\"height\":2560,\"caption\":\"Magnio glicinato milteliai 200 g\"},{\"@type\":\"BreadcrumbList\",\"@id\":\"https:\/\/test.puhdasplus.ee\/lt\/tooted\/mineralai\/magnis\/magnio-glicinatas-200-g\/#breadcrumb\",\"itemListElement\":[{\"@type\":\"ListItem\",\"position\":1,\"name\":\"Prad\u017eia\",\"item\":\"https:\/\/test.puhdasplus.ee\/lt\/\"},{\"@type\":\"ListItem\",\"position\":2,\"name\":\"Produktai\",\"item\":\"https:\/\/test.puhdasplus.ee\/lt\/parduotuve\/\"},{\"@type\":\"ListItem\",\"position\":3,\"name\":\"Magnio glicinatas 200 g\"}]},{\"@type\":\"WebSite\",\"@id\":\"https:\/\/test.puhdasplus.ee\/lt\/#website\",\"url\":\"https:\/\/test.puhdasplus.ee\/lt\/\",\"name\":\"Puhdas+\",\"description\":\"Vitamiinid, Toidulisandid, looduskosmeetika, tervis, sport\",\"publisher\":{\"@id\":\"https:\/\/test.puhdasplus.ee\/lt\/#organization\"},\"potentialAction\":[{\"@type\":\"SearchAction\",\"target\":{\"@type\":\"EntryPoint\",\"urlTemplate\":\"https:\/\/test.puhdasplus.ee\/lt\/?s={search_term_string}\"},\"query-input\":{\"@type\":\"PropertyValueSpecification\",\"valueRequired\":true,\"valueName\":\"search_term_string\"}}],\"inLanguage\":\"lt-LT\"},{\"@type\":\"Organization\",\"@id\":\"https:\/\/test.puhdasplus.ee\/lt\/#organization\",\"name\":\"Puhdas+\",\"alternateName\":\"Puhdasplus\",\"url\":\"https:\/\/test.puhdasplus.ee\/lt\/\",\"logo\":{\"@type\":\"ImageObject\",\"inLanguage\":\"lt-LT\",\"@id\":\"https:\/\/test.puhdasplus.ee\/lt\/#\/schema\/logo\/image\/\",\"url\":\"https:\/\/test.puhdasplus.ee\/\/wp-content\/uploads\/2019\/10\/puhdas_logo-arvele.png\",\"contentUrl\":\"https:\/\/test.puhdasplus.ee\/\/wp-content\/uploads\/2019\/10\/puhdas_logo-arvele.png\",\"width\":114,\"height\":94,\"caption\":\"Puhdas+\"},\"image\":{\"@id\":\"https:\/\/test.puhdasplus.ee\/lt\/#\/schema\/logo\/image\/\"},\"sameAs\":[\"https:\/\/www.facebook.com\/puhdasplus\",\"https:\/\/www.instagram.com\/puhdasplus_ee\/\"]}]}<\/script>\n<!-- \/ Yoast SEO plugin. -->","yoast_head_json":{"title":"Magnio glicinatas 200 g - Puhdas+","description":"Labai gerai \u012fsisavinami magnio bisglicinato milteliai. Palaiko raumenis, nerv\u0173 sistem\u0105 ir energijos lyg\u012f. Gryna sud\u0117tis, tinka ir jautriam vir\u0161kinimui.","robots":{"index":"noindex","follow":"follow","max-snippet":"max-snippet:-1","max-image-preview":"max-image-preview:large","max-video-preview":"max-video-preview:-1"},"og_locale":"lt_LT","og_type":"article","og_title":"Magnio glicinatas 200 g - Puhdas+","og_description":"Labai gerai \u012fsisavinami magnio bisglicinato milteliai. Palaiko raumenis, nerv\u0173 sistem\u0105 ir energijos lyg\u012f. Gryna sud\u0117tis, tinka ir jautriam vir\u0161kinimui.","og_url":"https:\/\/test.puhdasplus.ee\/lt\/tooted\/mineralai\/magnis\/magnio-glicinatas-200-g\/","og_site_name":"Puhdas+","article_publisher":"https:\/\/www.facebook.com\/puhdasplus","article_modified_time":"2026-02-27T11:10:47+00:00","og_image":[{"width":1862,"height":2560,"url":"https:\/\/test.puhdasplus.ee\/wp-content\/uploads\/2025\/03\/188.jpg","type":"image\/jpeg"}],"twitter_card":"summary_large_image","twitter_misc":{"Est. reading time":"2 minut\u0117"},"schema":{"@context":"https:\/\/schema.org","@graph":[{"@type":"WebPage","@id":"https:\/\/test.puhdasplus.ee\/lt\/tooted\/mineralai\/magnis\/magnio-glicinatas-200-g\/","url":"https:\/\/test.puhdasplus.ee\/lt\/tooted\/mineralai\/magnis\/magnio-glicinatas-200-g\/","name":"Magnio glicinatas 200 g - Puhdas+","isPartOf":{"@id":"https:\/\/test.puhdasplus.ee\/lt\/#website"},"primaryImageOfPage":{"@id":"https:\/\/test.puhdasplus.ee\/lt\/tooted\/mineralai\/magnis\/magnio-glicinatas-200-g\/#primaryimage"},"image":{"@id":"https:\/\/test.puhdasplus.ee\/lt\/tooted\/mineralai\/magnis\/magnio-glicinatas-200-g\/#primaryimage"},"thumbnailUrl":"https:\/\/test.puhdasplus.ee\/wp-content\/uploads\/2025\/03\/188.jpg","datePublished":"2025-01-15T15:36:42+00:00","dateModified":"2026-02-27T11:10:47+00:00","description":"Labai gerai \u012fsisavinami magnio bisglicinato milteliai. Palaiko raumenis, nerv\u0173 sistem\u0105 ir energijos lyg\u012f. Gryna sud\u0117tis, tinka ir jautriam vir\u0161kinimui.","breadcrumb":{"@id":"https:\/\/test.puhdasplus.ee\/lt\/tooted\/mineralai\/magnis\/magnio-glicinatas-200-g\/#breadcrumb"},"inLanguage":"lt-LT","potentialAction":[{"@type":"ReadAction","target":["https:\/\/test.puhdasplus.ee\/lt\/tooted\/mineralai\/magnis\/magnio-glicinatas-200-g\/"]}]},{"@type":"ImageObject","inLanguage":"lt-LT","@id":"https:\/\/test.puhdasplus.ee\/lt\/tooted\/mineralai\/magnis\/magnio-glicinatas-200-g\/#primaryimage","url":"https:\/\/test.puhdasplus.ee\/wp-content\/uploads\/2025\/03\/188.jpg","contentUrl":"https:\/\/test.puhdasplus.ee\/wp-content\/uploads\/2025\/03\/188.jpg","width":1862,"height":2560,"caption":"Magnio glicinato milteliai 200 g"},{"@type":"BreadcrumbList","@id":"https:\/\/test.puhdasplus.ee\/lt\/tooted\/mineralai\/magnis\/magnio-glicinatas-200-g\/#breadcrumb","itemListElement":[{"@type":"ListItem","position":1,"name":"Prad\u017eia","item":"https:\/\/test.puhdasplus.ee\/lt\/"},{"@type":"ListItem","position":2,"name":"Produktai","item":"https:\/\/test.puhdasplus.ee\/lt\/parduotuve\/"},{"@type":"ListItem","position":3,"name":"Magnio glicinatas 200 g"}]},{"@type":"WebSite","@id":"https:\/\/test.puhdasplus.ee\/lt\/#website","url":"https:\/\/test.puhdasplus.ee\/lt\/","name":"Puhdas+","description":"Vitamiinid, Toidulisandid, looduskosmeetika, tervis, sport","publisher":{"@id":"https:\/\/test.puhdasplus.ee\/lt\/#organization"},"potentialAction":[{"@type":"SearchAction","target":{"@type":"EntryPoint","urlTemplate":"https:\/\/test.puhdasplus.ee\/lt\/?s={search_term_string}"},"query-input":{"@type":"PropertyValueSpecification","valueRequired":true,"valueName":"search_term_string"}}],"inLanguage":"lt-LT"},{"@type":"Organization","@id":"https:\/\/test.puhdasplus.ee\/lt\/#organization","name":"Puhdas+","alternateName":"Puhdasplus","url":"https:\/\/test.puhdasplus.ee\/lt\/","logo":{"@type":"ImageObject","inLanguage":"lt-LT","@id":"https:\/\/test.puhdasplus.ee\/lt\/#\/schema\/logo\/image\/","url":"https:\/\/test.puhdasplus.ee\/\/wp-content\/uploads\/2019\/10\/puhdas_logo-arvele.png","contentUrl":"https:\/\/test.puhdasplus.ee\/\/wp-content\/uploads\/2019\/10\/puhdas_logo-arvele.png","width":114,"height":94,"caption":"Puhdas+"},"image":{"@id":"https:\/\/test.puhdasplus.ee\/lt\/#\/schema\/logo\/image\/"},"sameAs":["https:\/\/www.facebook.com\/puhdasplus","https:\/\/www.instagram.com\/puhdasplus_ee\/"]}]}},"_links":{"self":[{"href":"https:\/\/test.puhdasplus.ee\/lt\/wp-json\/wp\/v2\/product\/33274","targetHints":{"allow":["GET"]}}],"collection":[{"href":"https:\/\/test.puhdasplus.ee\/lt\/wp-json\/wp\/v2\/product"}],"about":[{"href":"https:\/\/test.puhdasplus.ee\/lt\/wp-json\/wp\/v2\/types\/product"}],"replies":[{"embeddable":true,"href":"https:\/\/test.puhdasplus.ee\/lt\/wp-json\/wp\/v2\/comments?post=33274"}],"wp:featuredmedia":[{"embeddable":true,"href":"https:\/\/test.puhdasplus.ee\/lt\/wp-json\/wp\/v2\/media\/33277"}],"wp:attachment":[{"href":"https:\/\/test.puhdasplus.ee\/lt\/wp-json\/wp\/v2\/media?parent=33274"}],"wp:term":[{"taxonomy":"product_brand","embeddable":true,"href":"https:\/\/test.puhdasplus.ee\/lt\/wp-json\/wp\/v2\/product_brand?post=33274"},{"taxonomy":"product_cat","embeddable":true,"href":"https:\/\/test.puhdasplus.ee\/lt\/wp-json\/wp\/v2\/product_cat?post=33274"},{"taxonomy":"product_tag","embeddable":true,"href":"https:\/\/test.puhdasplus.ee\/lt\/wp-json\/wp\/v2\/product_tag?post=33274"}],"curies":[{"name":"wp","href":"https:\/\/api.w.org\/{rel}","templated":true}]}}