{"id":33263,"date":"2024-05-27T11:24:17","date_gmt":"2024-05-27T08:24:17","guid":{"rendered":"https:\/\/test.puhdasplus.ee\/\/tooted\/be-kategorijos\/elektrolitu-milteliai-mango-skonio-120-g\/"},"modified":"2026-02-27T13:10:30","modified_gmt":"2026-02-27T11:10:30","slug":"elektrolitu-milteliai-mango-skonio-120-g","status":"publish","type":"product","link":"https:\/\/test.puhdasplus.ee\/lt\/tooted\/sportas\/elektrolitu-milteliai-mango-skonio-120-g\/","title":{"rendered":"Elektrolit\u0173 milteliai, mango skonio, 120 g"},"content":{"rendered":"<h2 class=\"\" data-start=\"182\" data-end=\"222\">Kas yra \u201ePure+\u201c elektrolit\u0173 milteliai?<\/h2>\n<p class=\"\" data-start=\"224\" data-end=\"305\"><span class=\"relative -mx-px my-[-0.2rem] rounded px-px py-[0.2rem] transition-colors duration-100 ease-in-out\">\u201ePure+\u201c elektrolit\u0173 milteliai yra auk\u0161tos kokyb\u0117s maisto papildas, skirtas palaikyti organizmo elektrolit\u0173 pusiausvyr\u0105. Jie ypa\u010d naudingi fizinio kr\u016bvio, kar\u0161to oro ar dehidratacijos metu. <\/span>\u200b<\/p>\n<p class=\"\" data-start=\"307\" data-end=\"464\">Gardus mango skonis daro \u0161iuos miltelius malonius ir lengvai susimai\u0161o su vandeniu, tod\u0117l g\u0117rimas yra gaivus.<\/p>\n<h2 class=\"\" data-start=\"395\" data-end=\"429\">Kod\u0117l elektrolitai yra svarb\u016bs?<\/h2>\n<p class=\"\" data-start=\"431\" data-end=\"512\"><span class=\"relative -mx-px my-[-0.2rem] rounded px-px py-[0.2rem] transition-colors duration-100 ease-in-out\">Elektrolitai, tokie kaip natris, kalis, magnis ir kalcis, yra b\u016btini normaliam organizmo funkcionavimui. Jie: <\/span>\u200b<\/p>\n<ul data-start=\"514\" data-end=\"781\">\n<li class=\"\" data-start=\"514\" data-end=\"563\">\n<p class=\"\" data-start=\"516\" data-end=\"563\">Padeda palaikyti skys\u010di\u0173 pusiausvyr\u0105 organizme<\/p>\n<\/li>\n<li class=\"\" data-start=\"564\" data-end=\"614\">\n<p class=\"\" data-start=\"566\" data-end=\"614\">Palaiko normali\u0105 raumen\u0173 ir nerv\u0173 funkcij\u0105<\/p>\n<\/li>\n<li class=\"\" data-start=\"615\" data-end=\"674\">\n<p class=\"\" data-start=\"617\" data-end=\"674\">Prisid\u0117kite prie energijos apykaitos ir ma\u017einkite nuovarg\u012f<\/p>\n<\/li>\n<li class=\"\" data-start=\"675\" data-end=\"781\">\n<p class=\"\" data-start=\"677\" data-end=\"781\">Svarb\u016bs \u0161irdies funkcijai ir kraujosp\u016bd\u017eio reguliavimui<\/p>\n<\/li>\n<\/ul>\n<p class=\"\" data-start=\"783\" data-end=\"959\">Elektrolit\u0173 kiekis gali suma\u017e\u0117ti fizinio kr\u016bvio, prakaitavimo ar ligos metu, tod\u0117l svarbu s\u0105moningai j\u012f papildyti.<\/p>\n<h2 class=\"\" data-start=\"819\" data-end=\"839\">Produkto sudedamosios dalys<\/h2>\n<p class=\"\" data-start=\"841\" data-end=\"926\"><span class=\"relative -mx-px my-[-0.2rem] rounded px-px py-[0.2rem] transition-colors duration-100 ease-in-out\">\u201ePure+\u201c elektrolit\u0173 milteli\u0173 sud\u0117tyje yra \u0161ios sudedamosios dalys:<\/span> <span class=\"relative -mx-px my-[-0.2rem] rounded px-px py-[0.2rem] transition-colors duration-100 ease-in-out\">natrio chloridas,<\/span> <span class=\"relative -mx-px my-[-0.2rem] rounded px-px py-[0.2rem] transition-colors duration-100 ease-in-out\">r\u016bg\u0161tingum\u0105 reguliuojanti med\u017eiaga (obuoli\u0173 r\u016bg\u0161tis),<\/span> <span class=\"relative -mx-px my-[-0.2rem] rounded px-px py-[0.2rem] transition-colors duration-100 ease-in-out\">natrio bikarbonatas,<\/span> <span class=\"relative -mx-px my-[-0.2rem] rounded px-px py-[0.2rem] transition-colors duration-100 ease-in-out\">L-glicinas,<\/span> <span class=\"relative -mx-px my-[-0.2rem] rounded px-px py-[0.2rem] transition-colors duration-100 ease-in-out\">natrio askorbatas (vitamino C \u0161altinis),<\/span> <span class=\"relative -mx-px my-[-0.2rem] rounded px-px py-[0.2rem] transition-colors duration-100 ease-in-out\">kalcio citratas,<\/span> <span class=\"relative -mx-px my-[-0.2rem] rounded px-px py-[0.2rem] transition-colors duration-100 ease-in-out\">magnio malatas,<\/span> <span class=\"relative -mx-px my-[-0.2rem] rounded px-px py-[0.2rem] transition-colors duration-100 ease-in-out\">kalio chloridas,<\/span> <span class=\"relative -mx-px my-[-0.2rem] rounded px-px py-[0.2rem] transition-colors duration-100 ease-in-out\">nat\u016bralus mango aromatas,<\/span> <span class=\"relative -mx-px my-[-0.2rem] rounded px-px py-[0.2rem] transition-colors duration-100 ease-in-out\">saldiklis: steviolio glikozidai i\u0161 stevijos<\/span> .<\/p>\n<p class=\"\" data-start=\"1395\" data-end=\"1515\">Produkte n\u0117ra laktoz\u0117s, mieli\u0173, glitimo ar sojos ir tinka veganams.<\/p>\n<h2 class=\"\" data-start=\"1487\" data-end=\"1543\">Maistin\u0117 vert\u0117 (dienos doz\u0117: 3 matavimo \u0161auk\u0161teliai arba 9 ml)<\/h2>\n<div class=\"group pointer-events-none relative flex justify-center *:pointer-events-auto\">\n<div class=\"tableContainer horzScrollShadows relative\">\n<table class=\"min-w-full\" data-start=\"1545\" data-end=\"2340\">\n<thead data-start=\"1545\" data-end=\"1606\">\n<tr data-start=\"1545\" data-end=\"1606\">\n<th data-start=\"1545\" data-end=\"1560\">Veiklioji med\u017eiaga<\/th>\n<th data-start=\"1560\" data-end=\"1568\">Kiekis<\/th>\n<th data-start=\"1568\" data-end=\"1606\">Referencin\u0117s paros normos (RMV*) procentin\u0117 dalis<\/th>\n<\/tr>\n<\/thead>\n<tbody data-start=\"1669\" data-end=\"2340\">\n<tr data-start=\"1669\" data-end=\"1792\">\n<td class=\"max-w-[calc(var(--thread-content-max-width)*2\/3)]\" data-start=\"1669\" data-end=\"1713\"><span class=\"relative -mx-px my-[-0.2rem] rounded px-px py-[0.2rem] transition-colors duration-100 ease-in-out\">Magnis<\/span><\/td>\n<td class=\"max-w-[calc(var(--thread-content-max-width)*2\/3)]\" data-start=\"1713\" data-end=\"1755\"><span class=\"relative -mx-px my-[-0.2rem] rounded px-px py-[0.2rem] transition-colors duration-100 ease-in-out\">87 mg<\/span><\/td>\n<td class=\"max-w-[calc(var(--thread-content-max-width)*2\/3)]\" data-start=\"1755\" data-end=\"1792\">23%<\/td>\n<\/tr>\n<tr data-start=\"1793\" data-end=\"1917\">\n<td class=\"max-w-[calc(var(--thread-content-max-width)*2\/3)]\" data-start=\"1793\" data-end=\"1839\"><span class=\"relative -mx-px my-[-0.2rem] rounded px-px py-[0.2rem] transition-colors duration-100 ease-in-out\">Natris<\/span><\/td>\n<td class=\"max-w-[calc(var(--thread-content-max-width)*2\/3)]\" data-start=\"1839\" data-end=\"1881\"><span class=\"relative -mx-px my-[-0.2rem] rounded px-px py-[0.2rem] transition-colors duration-100 ease-in-out\">1617 mg<\/span><\/td>\n<td class=\"max-w-[calc(var(--thread-content-max-width)*2\/3)]\" data-start=\"1881\" data-end=\"1917\">&#8211;<\/td>\n<\/tr>\n<tr data-start=\"1918\" data-end=\"2045\">\n<td class=\"max-w-[calc(var(--thread-content-max-width)*2\/3)]\" data-start=\"1918\" data-end=\"1967\"><span class=\"relative -mx-px my-[-0.2rem] rounded px-px py-[0.2rem] transition-colors duration-100 ease-in-out\">Chloras<\/span><\/td>\n<td class=\"max-w-[calc(var(--thread-content-max-width)*2\/3)]\" data-start=\"1967\" data-end=\"2009\"><span class=\"relative -mx-px my-[-0.2rem] rounded px-px py-[0.2rem] transition-colors duration-100 ease-in-out\">1950 mg<\/span><\/td>\n<td class=\"max-w-[calc(var(--thread-content-max-width)*2\/3)]\" data-start=\"2009\" data-end=\"2045\">244%<\/td>\n<\/tr>\n<tr data-start=\"2046\" data-end=\"2170\">\n<td class=\"max-w-[calc(var(--thread-content-max-width)*2\/3)]\" data-start=\"2046\" data-end=\"2092\"><span class=\"relative -mx-px my-[-0.2rem] rounded px-px py-[0.2rem] transition-colors duration-100 ease-in-out\">Glicinas<\/span><\/td>\n<td class=\"max-w-[calc(var(--thread-content-max-width)*2\/3)]\" data-start=\"2092\" data-end=\"2134\"><span class=\"relative -mx-px my-[-0.2rem] rounded px-px py-[0.2rem] transition-colors duration-100 ease-in-out\">1386 mg<\/span><\/td>\n<td class=\"max-w-[calc(var(--thread-content-max-width)*2\/3)]\" data-start=\"2134\" data-end=\"2170\">&#8211;<\/td>\n<\/tr>\n<tr data-start=\"2171\" data-end=\"2340\">\n<td class=\"max-w-[calc(var(--thread-content-max-width)*2\/3)]\" data-start=\"2171\" data-end=\"2215\"><span class=\"relative -mx-px my-[-0.2rem] rounded px-px py-[0.2rem] transition-colors duration-100 ease-in-out\">Vitaminas C<\/span><\/td>\n<td class=\"max-w-[calc(var(--thread-content-max-width)*2\/3)]\" data-start=\"2215\" data-end=\"2257\"><span class=\"relative -mx-px my-[-0.2rem] rounded px-px py-[0.2rem] transition-colors duration-100 ease-in-out\">606 mg<\/span><\/td>\n<td class=\"max-w-[calc(var(--thread-content-max-width)*2\/3)]\" data-start=\"2257\" data-end=\"2293\">758%<\/td>\n<\/tr>\n<\/tbody>\n<\/table>\n<\/div>\n<\/div>\n<p class=\"\" data-start=\"2342\" data-end=\"2427\"><span class=\"relative -mx-px my-[-0.2rem] rounded px-px py-[0.2rem] transition-colors duration-100 ease-in-out\">*RMV \u2013 referencin\u0117 paros norma<\/span><\/p>\n<h2 class=\"\" data-start=\"2434\" data-end=\"2447\">Naudojimas<\/h2>\n<p class=\"\" data-start=\"2449\" data-end=\"2614\"><span class=\"relative -mx-px my-[-0.2rem] rounded px-px py-[0.2rem] transition-colors duration-100 ease-in-out\">Suaugusiesiems: 1 matavimo \u0161auk\u0161telis (3 ml) 3 kartus per dien\u0105.<\/span> <span class=\"relative -mx-px my-[-0.2rem] rounded px-px py-[0.2rem] transition-colors duration-100 ease-in-out\">Miltelius sumai\u0161ykite su 5 dl vandens arba kito skys\u010dio.<\/span> <span class=\"relative -mx-px my-[-0.2rem] rounded px-px py-[0.2rem] transition-colors duration-100 ease-in-out\">Nevir\u0161ykite rekomenduojamos paros doz\u0117s.<\/span><\/p>\n<h2 class=\"\" data-start=\"2621\" data-end=\"2661\">\u201ePure+\u201c elektrolit\u0173 milteli\u0173 privalumai<\/h2>\n<ul data-start=\"2663\" data-end=\"2876\">\n<li class=\"\" data-start=\"2663\" data-end=\"2704\">\n<p class=\"\" data-start=\"2665\" data-end=\"2704\"><span class=\"relative -mx-px my-[-0.2rem] rounded px-px py-[0.2rem] transition-colors duration-100 ease-in-out\">Be cukraus<\/span><\/p>\n<\/li>\n<li class=\"\" data-start=\"2705\" data-end=\"2746\">\n<p class=\"\" data-start=\"2707\" data-end=\"2746\"><span class=\"relative -mx-px my-[-0.2rem] rounded px-px py-[0.2rem] transition-colors duration-100 ease-in-out\">Be da\u017eikli\u0173<\/span><\/p>\n<\/li>\n<li class=\"\" data-start=\"2747\" data-end=\"2788\">\n<p class=\"\" data-start=\"2749\" data-end=\"2788\"><span class=\"relative -mx-px my-[-0.2rem] rounded px-px py-[0.2rem] transition-colors duration-100 ease-in-out\">100 % vegani\u0161kas<\/span><\/p>\n<\/li>\n<li class=\"\" data-start=\"2789\" data-end=\"2876\">\n<p class=\"\" data-start=\"2791\" data-end=\"2876\"><span class=\"relative -mx-px my-[-0.2rem] rounded px-px py-[0.2rem] transition-colors duration-100 ease-in-out\">Pagaminta Suomijoje<\/span><\/p>\n<\/li>\n<\/ul>\n<p class=\"\" data-start=\"2878\" data-end=\"2963\"><span class=\"relative -mx-px my-[-0.2rem] rounded px-px py-[0.2rem] transition-colors duration-100 ease-in-out\">Produktas puikiai tinka sportininkams, aktyviems \u017emon\u0117ms ir visiems, norintiems nat\u016braliai ir efektyviai palaikyti savo organizmo elektrolit\u0173 pusiausvyr\u0105.<\/span><\/p>\n","protected":false},"excerpt":{"rendered":"<p class=\"\" data-start=\"67\" data-end=\"465\"><strong data-start=\"67\" data-end=\"121\">\u201ePuhdas+\u201c elektrolit\u0173 milteliai su mango skoniu (120 g)<\/strong> \u2013 puikus pasirinkimas aktyviems \u017emon\u0117ms, sportininkams ir visiems, norintiems palaikyti organizmo skys\u010di\u0173 ir mineral\u0173 pusiausvyr\u0105. \u0160ie gaiv\u016bs mango skonio milteliai turi b\u016btin\u0173 elektrolit\u0173, toki\u0173 kaip natris, kalis, magnis ir kalcis, kurie padeda palaikyti normali\u0105 raumen\u0173 ir nerv\u0173 funkcij\u0105 bei ma\u017eina nuovarg\u012f. <\/p>\n<p class=\"\" data-start=\"467\" data-end=\"742\">Be to, produkte esantis glicinas ir vitaminas C padeda atsigauti ir imunin\u0117s sistemos veiklai. Produktas yra be cukraus, turi nat\u016brali\u0173 skoni\u0173 ir tinka veganams. \u201ePuhdas+\u201c milteliai yra paprastas ir veiksmingas b\u016bdas sustiprinti organizm\u0105 po fizinio kr\u016bvio, kar\u0161tu oru arba dehidratacijos atveju.  <\/p>\n","protected":false},"featured_media":33265,"comment_status":"closed","ping_status":"closed","template":"","meta":{"_acf_changed":false},"product_brand":[],"product_cat":[3122,3120,3049,3016],"product_tag":[3141,3129,3028,3138,3135,3137,3127,3131,3183,3142,3140,3133,3139,3144,3125],"class_list":{"0":"post-33263","1":"product","2":"type-product","3":"status-publish","4":"has-post-thumbnail","6":"product_cat-elektrolitai","7":"product_cat-mineralai","8":"product_cat-specialus-pasiulymai","9":"product_cat-sportas","10":"product_tag-elektrolitai","11":"product_tag-elektrolitas","12":"product_tag-energija-ir-nuovargis","13":"product_tag-glicinas","14":"product_tag-kalcis","15":"product_tag-kalis","16":"product_tag-magnis","17":"product_tag-maisto-papildas","18":"product_tag-mango-skonio","19":"product_tag-natrio","20":"product_tag-nuovargio-mazinimas","21":"product_tag-nuovargis","22":"product_tag-raumenu-funkcija","23":"product_tag-raumenys-ir-sanariai","24":"product_tag-vitaminas-c-lt","26":"first","27":"instock","28":"sale","29":"taxable","30":"shipping-taxable","31":"purchasable","32":"product-type-simple"},"acf":[],"yoast_head":"<!-- This site is optimized with the Yoast SEO plugin v27.1.1 - https:\/\/yoast.com\/product\/yoast-seo-wordpress\/ -->\n<title>Elektrolit\u0173 milteliai, mango skonio, 120 g - Puhdas+<\/title>\n<meta name=\"description\" content=\"Mango skonio elektrolit\u0173 milteliai (120 g) sud\u0117tyje turi b\u016btin\u0173 mineral\u0173 ir maistini\u0173 med\u017eiag\u0173, kurios padeda palaikyti elektrolit\u0173 pusiausvyr\u0105 ir normali\u0105 raumen\u0173 funkcij\u0105.\" \/>\n<meta name=\"robots\" content=\"noindex, follow, max-snippet:-1, max-image-preview:large, max-video-preview:-1\" \/>\n<meta property=\"og:locale\" content=\"lt_LT\" \/>\n<meta property=\"og:type\" content=\"article\" \/>\n<meta property=\"og:title\" content=\"Elektrolit\u0173 milteliai, mango skonio, 120 g - Puhdas+\" \/>\n<meta property=\"og:description\" content=\"Mango skonio elektrolit\u0173 milteliai (120 g) sud\u0117tyje turi b\u016btin\u0173 mineral\u0173 ir maistini\u0173 med\u017eiag\u0173, kurios padeda palaikyti elektrolit\u0173 pusiausvyr\u0105 ir normali\u0105 raumen\u0173 funkcij\u0105.\" \/>\n<meta property=\"og:url\" content=\"https:\/\/test.puhdasplus.ee\/lt\/tooted\/sportas\/elektrolitu-milteliai-mango-skonio-120-g\/\" \/>\n<meta property=\"og:site_name\" content=\"Puhdas+\" \/>\n<meta property=\"article:publisher\" content=\"https:\/\/www.facebook.com\/puhdasplus\" \/>\n<meta property=\"article:modified_time\" content=\"2026-02-27T11:10:30+00:00\" \/>\n<meta property=\"og:image\" content=\"https:\/\/test.puhdasplus.ee\/wp-content\/uploads\/2025\/03\/100.jpg\" \/>\n\t<meta property=\"og:image:width\" content=\"1862\" \/>\n\t<meta property=\"og:image:height\" content=\"2560\" \/>\n\t<meta property=\"og:image:type\" content=\"image\/jpeg\" \/>\n<meta name=\"twitter:card\" content=\"summary_large_image\" \/>\n<meta name=\"twitter:label1\" content=\"Est. reading time\" \/>\n\t<meta name=\"twitter:data1\" content=\"1 minut\u0117\" \/>\n<script type=\"application\/ld+json\" class=\"yoast-schema-graph\">{\"@context\":\"https:\/\/schema.org\",\"@graph\":[{\"@type\":\"WebPage\",\"@id\":\"https:\/\/test.puhdasplus.ee\/lt\/tooted\/sportas\/elektrolitu-milteliai-mango-skonio-120-g\/\",\"url\":\"https:\/\/test.puhdasplus.ee\/lt\/tooted\/sportas\/elektrolitu-milteliai-mango-skonio-120-g\/\",\"name\":\"Elektrolit\u0173 milteliai, mango skonio, 120 g - Puhdas+\",\"isPartOf\":{\"@id\":\"https:\/\/test.puhdasplus.ee\/lt\/#website\"},\"primaryImageOfPage\":{\"@id\":\"https:\/\/test.puhdasplus.ee\/lt\/tooted\/sportas\/elektrolitu-milteliai-mango-skonio-120-g\/#primaryimage\"},\"image\":{\"@id\":\"https:\/\/test.puhdasplus.ee\/lt\/tooted\/sportas\/elektrolitu-milteliai-mango-skonio-120-g\/#primaryimage\"},\"thumbnailUrl\":\"https:\/\/test.puhdasplus.ee\/wp-content\/uploads\/2025\/03\/100.jpg\",\"datePublished\":\"2024-05-27T08:24:17+00:00\",\"dateModified\":\"2026-02-27T11:10:30+00:00\",\"description\":\"Mango skonio elektrolit\u0173 milteliai (120 g) sud\u0117tyje turi b\u016btin\u0173 mineral\u0173 ir maistini\u0173 med\u017eiag\u0173, kurios padeda palaikyti elektrolit\u0173 pusiausvyr\u0105 ir normali\u0105 raumen\u0173 funkcij\u0105.\",\"breadcrumb\":{\"@id\":\"https:\/\/test.puhdasplus.ee\/lt\/tooted\/sportas\/elektrolitu-milteliai-mango-skonio-120-g\/#breadcrumb\"},\"inLanguage\":\"lt-LT\",\"potentialAction\":[{\"@type\":\"ReadAction\",\"target\":[\"https:\/\/test.puhdasplus.ee\/lt\/tooted\/sportas\/elektrolitu-milteliai-mango-skonio-120-g\/\"]}]},{\"@type\":\"ImageObject\",\"inLanguage\":\"lt-LT\",\"@id\":\"https:\/\/test.puhdasplus.ee\/lt\/tooted\/sportas\/elektrolitu-milteliai-mango-skonio-120-g\/#primaryimage\",\"url\":\"https:\/\/test.puhdasplus.ee\/wp-content\/uploads\/2025\/03\/100.jpg\",\"contentUrl\":\"https:\/\/test.puhdasplus.ee\/wp-content\/uploads\/2025\/03\/100.jpg\",\"width\":1862,\"height\":2560,\"caption\":\"Elektrolit\u0173 milteliai, mango skonio\"},{\"@type\":\"BreadcrumbList\",\"@id\":\"https:\/\/test.puhdasplus.ee\/lt\/tooted\/sportas\/elektrolitu-milteliai-mango-skonio-120-g\/#breadcrumb\",\"itemListElement\":[{\"@type\":\"ListItem\",\"position\":1,\"name\":\"Prad\u017eia\",\"item\":\"https:\/\/test.puhdasplus.ee\/lt\/\"},{\"@type\":\"ListItem\",\"position\":2,\"name\":\"Produktai\",\"item\":\"https:\/\/test.puhdasplus.ee\/lt\/parduotuve\/\"},{\"@type\":\"ListItem\",\"position\":3,\"name\":\"Elektrolit\u0173 milteliai, mango skonio, 120 g\"}]},{\"@type\":\"WebSite\",\"@id\":\"https:\/\/test.puhdasplus.ee\/lt\/#website\",\"url\":\"https:\/\/test.puhdasplus.ee\/lt\/\",\"name\":\"Puhdas+\",\"description\":\"Vitamiinid, Toidulisandid, looduskosmeetika, tervis, sport\",\"publisher\":{\"@id\":\"https:\/\/test.puhdasplus.ee\/lt\/#organization\"},\"potentialAction\":[{\"@type\":\"SearchAction\",\"target\":{\"@type\":\"EntryPoint\",\"urlTemplate\":\"https:\/\/test.puhdasplus.ee\/lt\/?s={search_term_string}\"},\"query-input\":{\"@type\":\"PropertyValueSpecification\",\"valueRequired\":true,\"valueName\":\"search_term_string\"}}],\"inLanguage\":\"lt-LT\"},{\"@type\":\"Organization\",\"@id\":\"https:\/\/test.puhdasplus.ee\/lt\/#organization\",\"name\":\"Puhdas+\",\"alternateName\":\"Puhdasplus\",\"url\":\"https:\/\/test.puhdasplus.ee\/lt\/\",\"logo\":{\"@type\":\"ImageObject\",\"inLanguage\":\"lt-LT\",\"@id\":\"https:\/\/test.puhdasplus.ee\/lt\/#\/schema\/logo\/image\/\",\"url\":\"https:\/\/test.puhdasplus.ee\/\/wp-content\/uploads\/2019\/10\/puhdas_logo-arvele.png\",\"contentUrl\":\"https:\/\/test.puhdasplus.ee\/\/wp-content\/uploads\/2019\/10\/puhdas_logo-arvele.png\",\"width\":114,\"height\":94,\"caption\":\"Puhdas+\"},\"image\":{\"@id\":\"https:\/\/test.puhdasplus.ee\/lt\/#\/schema\/logo\/image\/\"},\"sameAs\":[\"https:\/\/www.facebook.com\/puhdasplus\",\"https:\/\/www.instagram.com\/puhdasplus_ee\/\"]}]}<\/script>\n<!-- \/ Yoast SEO plugin. -->","yoast_head_json":{"title":"Elektrolit\u0173 milteliai, mango skonio, 120 g - Puhdas+","description":"Mango skonio elektrolit\u0173 milteliai (120 g) sud\u0117tyje turi b\u016btin\u0173 mineral\u0173 ir maistini\u0173 med\u017eiag\u0173, kurios padeda palaikyti elektrolit\u0173 pusiausvyr\u0105 ir normali\u0105 raumen\u0173 funkcij\u0105.","robots":{"index":"noindex","follow":"follow","max-snippet":"max-snippet:-1","max-image-preview":"max-image-preview:large","max-video-preview":"max-video-preview:-1"},"og_locale":"lt_LT","og_type":"article","og_title":"Elektrolit\u0173 milteliai, mango skonio, 120 g - Puhdas+","og_description":"Mango skonio elektrolit\u0173 milteliai (120 g) sud\u0117tyje turi b\u016btin\u0173 mineral\u0173 ir maistini\u0173 med\u017eiag\u0173, kurios padeda palaikyti elektrolit\u0173 pusiausvyr\u0105 ir normali\u0105 raumen\u0173 funkcij\u0105.","og_url":"https:\/\/test.puhdasplus.ee\/lt\/tooted\/sportas\/elektrolitu-milteliai-mango-skonio-120-g\/","og_site_name":"Puhdas+","article_publisher":"https:\/\/www.facebook.com\/puhdasplus","article_modified_time":"2026-02-27T11:10:30+00:00","og_image":[{"width":1862,"height":2560,"url":"https:\/\/test.puhdasplus.ee\/wp-content\/uploads\/2025\/03\/100.jpg","type":"image\/jpeg"}],"twitter_card":"summary_large_image","twitter_misc":{"Est. reading time":"1 minut\u0117"},"schema":{"@context":"https:\/\/schema.org","@graph":[{"@type":"WebPage","@id":"https:\/\/test.puhdasplus.ee\/lt\/tooted\/sportas\/elektrolitu-milteliai-mango-skonio-120-g\/","url":"https:\/\/test.puhdasplus.ee\/lt\/tooted\/sportas\/elektrolitu-milteliai-mango-skonio-120-g\/","name":"Elektrolit\u0173 milteliai, mango skonio, 120 g - Puhdas+","isPartOf":{"@id":"https:\/\/test.puhdasplus.ee\/lt\/#website"},"primaryImageOfPage":{"@id":"https:\/\/test.puhdasplus.ee\/lt\/tooted\/sportas\/elektrolitu-milteliai-mango-skonio-120-g\/#primaryimage"},"image":{"@id":"https:\/\/test.puhdasplus.ee\/lt\/tooted\/sportas\/elektrolitu-milteliai-mango-skonio-120-g\/#primaryimage"},"thumbnailUrl":"https:\/\/test.puhdasplus.ee\/wp-content\/uploads\/2025\/03\/100.jpg","datePublished":"2024-05-27T08:24:17+00:00","dateModified":"2026-02-27T11:10:30+00:00","description":"Mango skonio elektrolit\u0173 milteliai (120 g) sud\u0117tyje turi b\u016btin\u0173 mineral\u0173 ir maistini\u0173 med\u017eiag\u0173, kurios padeda palaikyti elektrolit\u0173 pusiausvyr\u0105 ir normali\u0105 raumen\u0173 funkcij\u0105.","breadcrumb":{"@id":"https:\/\/test.puhdasplus.ee\/lt\/tooted\/sportas\/elektrolitu-milteliai-mango-skonio-120-g\/#breadcrumb"},"inLanguage":"lt-LT","potentialAction":[{"@type":"ReadAction","target":["https:\/\/test.puhdasplus.ee\/lt\/tooted\/sportas\/elektrolitu-milteliai-mango-skonio-120-g\/"]}]},{"@type":"ImageObject","inLanguage":"lt-LT","@id":"https:\/\/test.puhdasplus.ee\/lt\/tooted\/sportas\/elektrolitu-milteliai-mango-skonio-120-g\/#primaryimage","url":"https:\/\/test.puhdasplus.ee\/wp-content\/uploads\/2025\/03\/100.jpg","contentUrl":"https:\/\/test.puhdasplus.ee\/wp-content\/uploads\/2025\/03\/100.jpg","width":1862,"height":2560,"caption":"Elektrolit\u0173 milteliai, mango skonio"},{"@type":"BreadcrumbList","@id":"https:\/\/test.puhdasplus.ee\/lt\/tooted\/sportas\/elektrolitu-milteliai-mango-skonio-120-g\/#breadcrumb","itemListElement":[{"@type":"ListItem","position":1,"name":"Prad\u017eia","item":"https:\/\/test.puhdasplus.ee\/lt\/"},{"@type":"ListItem","position":2,"name":"Produktai","item":"https:\/\/test.puhdasplus.ee\/lt\/parduotuve\/"},{"@type":"ListItem","position":3,"name":"Elektrolit\u0173 milteliai, mango skonio, 120 g"}]},{"@type":"WebSite","@id":"https:\/\/test.puhdasplus.ee\/lt\/#website","url":"https:\/\/test.puhdasplus.ee\/lt\/","name":"Puhdas+","description":"Vitamiinid, Toidulisandid, looduskosmeetika, tervis, sport","publisher":{"@id":"https:\/\/test.puhdasplus.ee\/lt\/#organization"},"potentialAction":[{"@type":"SearchAction","target":{"@type":"EntryPoint","urlTemplate":"https:\/\/test.puhdasplus.ee\/lt\/?s={search_term_string}"},"query-input":{"@type":"PropertyValueSpecification","valueRequired":true,"valueName":"search_term_string"}}],"inLanguage":"lt-LT"},{"@type":"Organization","@id":"https:\/\/test.puhdasplus.ee\/lt\/#organization","name":"Puhdas+","alternateName":"Puhdasplus","url":"https:\/\/test.puhdasplus.ee\/lt\/","logo":{"@type":"ImageObject","inLanguage":"lt-LT","@id":"https:\/\/test.puhdasplus.ee\/lt\/#\/schema\/logo\/image\/","url":"https:\/\/test.puhdasplus.ee\/\/wp-content\/uploads\/2019\/10\/puhdas_logo-arvele.png","contentUrl":"https:\/\/test.puhdasplus.ee\/\/wp-content\/uploads\/2019\/10\/puhdas_logo-arvele.png","width":114,"height":94,"caption":"Puhdas+"},"image":{"@id":"https:\/\/test.puhdasplus.ee\/lt\/#\/schema\/logo\/image\/"},"sameAs":["https:\/\/www.facebook.com\/puhdasplus","https:\/\/www.instagram.com\/puhdasplus_ee\/"]}]}},"_links":{"self":[{"href":"https:\/\/test.puhdasplus.ee\/lt\/wp-json\/wp\/v2\/product\/33263","targetHints":{"allow":["GET"]}}],"collection":[{"href":"https:\/\/test.puhdasplus.ee\/lt\/wp-json\/wp\/v2\/product"}],"about":[{"href":"https:\/\/test.puhdasplus.ee\/lt\/wp-json\/wp\/v2\/types\/product"}],"replies":[{"embeddable":true,"href":"https:\/\/test.puhdasplus.ee\/lt\/wp-json\/wp\/v2\/comments?post=33263"}],"wp:featuredmedia":[{"embeddable":true,"href":"https:\/\/test.puhdasplus.ee\/lt\/wp-json\/wp\/v2\/media\/33265"}],"wp:attachment":[{"href":"https:\/\/test.puhdasplus.ee\/lt\/wp-json\/wp\/v2\/media?parent=33263"}],"wp:term":[{"taxonomy":"product_brand","embeddable":true,"href":"https:\/\/test.puhdasplus.ee\/lt\/wp-json\/wp\/v2\/product_brand?post=33263"},{"taxonomy":"product_cat","embeddable":true,"href":"https:\/\/test.puhdasplus.ee\/lt\/wp-json\/wp\/v2\/product_cat?post=33263"},{"taxonomy":"product_tag","embeddable":true,"href":"https:\/\/test.puhdasplus.ee\/lt\/wp-json\/wp\/v2\/product_tag?post=33263"}],"curies":[{"name":"wp","href":"https:\/\/api.w.org\/{rel}","templated":true}]}}