{"id":33262,"date":"2024-07-15T14:46:54","date_gmt":"2024-07-15T11:46:54","guid":{"rendered":"https:\/\/test.puhdasplus.ee\/\/tooted\/be-kategorijos\/multivitaminas-b-60-kapsuliu\/"},"modified":"2026-03-10T14:10:58","modified_gmt":"2026-03-10T12:10:58","slug":"multivitaminas-b-60-kapsuliu","status":"publish","type":"product","link":"https:\/\/test.puhdasplus.ee\/lt\/tooted\/vitaminai\/vitaminas-b\/multivitaminas-b-60-kapsuliu\/","title":{"rendered":"Multivitaminas B 60 kapsuli\u0173"},"content":{"rendered":"<h2>Kas yra B grup\u0117s vitaminai ir kod\u0117l jie svarb\u016bs?<\/h2>\n<p data-start=\"1085\" data-end=\"1411\">B grup\u0117s vitaminai yra vandenyje tirp\u016bs vitaminai, kurie atlieka svarb\u0173 vaidmen\u012f organizmo energijos apykaitoje, nerv\u0173 sistemos veikloje ir nuovargio ma\u017einime. Kadangi B grup\u0117s vitaminai organizme ilgai nesikaupia, svarbu u\u017etikrinti, kad j\u0173 b\u016bt\u0173 reguliariai gaunama su maistu arba papildais. <\/p>\n<p data-start=\"1413\" data-end=\"1620\"><strong data-start=\"1413\" data-end=\"1450\">\u201ePure+ Multi B\u201c vitamin\u0173 kapsul\u0117se<\/strong> yra visi pagrindiniai B grup\u0117s vitaminai \u2013 \u012fskaitant B1, B2, B3, B5, B6, B7 (biotin\u0105), B9 (folio r\u016bg\u0161t\u012f) ir B12 \u2013 vienoje kapsul\u0117je, kad b\u016bt\u0173 u\u017etikrintas platus organizmo palaikymas.<\/p>\n<p class=\"\" data-start=\"948\" data-end=\"969\">B grup\u0117s vitaminai padeda:<\/p>\n<ul>\n<li data-start=\"1650\" data-end=\"1689\">\n<p data-start=\"1652\" data-end=\"1689\">prisideda prie normalios energijos apykaitos<\/p>\n<\/li>\n<li data-start=\"1690\" data-end=\"1725\">\n<p data-start=\"1692\" data-end=\"1725\">suma\u017einti nuovarg\u012f ir i\u0161sekim\u0105<\/p>\n<\/li>\n<li data-start=\"1726\" data-end=\"1772\">\n<p data-start=\"1728\" data-end=\"1772\">palaikyti normali\u0105 nerv\u0173 sistemos veikl\u0105<\/p>\n<\/li>\n<li data-start=\"1773\" data-end=\"1812\">\n<p data-start=\"1775\" data-end=\"1812\">palaikyti psichologines funkcijas<\/p>\n<\/li>\n<li data-start=\"1813\" data-end=\"1866\">\n<p data-start=\"1815\" data-end=\"1866\">Biotinas padeda palaikyti normali\u0105 plauk\u0173 ir odos b\u016bkl\u0119<\/p>\n<\/li>\n<li data-start=\"1867\" data-end=\"1937\">\n<p data-start=\"1869\" data-end=\"1937\">Folatas ir B12 padeda palaikyti normali\u0105 imunin\u0117s sistemos funkcij\u0105<\/p>\n<\/li>\n<li data-start=\"1938\" data-end=\"1989\">\n<p data-start=\"1940\" data-end=\"1989\">folatai ir vitaminas B12 taip pat padeda palaikyti normali\u0105 kraujodar\u0105<\/p>\n<\/li>\n<\/ul>\n<p data-start=\"1017\" data-end=\"1257\">Skirtingai nuo daugelio vitamin\u0173, B grup\u0117s vitaminai organizme nekaupiami, tod\u0117l svarbu j\u0173 gauti kasdien. Tai gali b\u016bti ypa\u010d svarbu \u017emon\u0117ms, kurie laikosi augalin\u0117s mitybos arba kuri\u0173 mityba ne visada subalansuota. <\/p>\n<p data-start=\"1259\" data-end=\"1476\">\u201ePuhdas+ Multi B\u201c vitaminai yra paprastas ir veiksmingas b\u016bdas u\u017etikrinti kasdien\u0119 b\u016btin\u0173j\u0173 B grup\u0117s vitamin\u0173, kurie prisideda prie normalios energijos apykaitos, nerv\u0173 sistemos funkcijos ir nuovargio bei i\u0161sekimo ma\u017einimo, doz\u0119.<\/p>\n<h2 data-start=\"466\" data-end=\"510\">Kam tinka \u201ePuhdas+ Multi B\u201c vitaminai?<\/h2>\n<p class=\"\" data-start=\"512\" data-end=\"633\">Produktas tinka suaugusiesiems, norintiems palaikyti energijos lyg\u012f, nerv\u0173 sistem\u0105 ir bendr\u0105 savijaut\u0105. Jis gali b\u016bti ypa\u010d naudingas \u017emon\u0117ms, kuriems reikia daugiau B grup\u0117s vitamin\u0173, pavyzd\u017eiui, vegetarams, veganams ir vyresnio am\u017eiaus \u017emon\u0117ms. <\/p>\n<h2 data-start=\"640\" data-end=\"675\">Kaip ir kada j\u012f naudoti?<\/h2>\n<p class=\"\" data-start=\"677\" data-end=\"941\"><strong data-start=\"677\" data-end=\"695\">Vartojimo instrukcijos:<\/strong> <span class=\"relative -mx-px my-[-0.2rem] rounded px-px py-[0.2rem] transition-colors duration-100 ease-in-out\">Rekomenduojama doz\u0117 suaugusiesiems yra 1 kapsul\u0117 per dien\u0105.<\/span> <span class=\"relative -mx-px my-[-0.2rem] rounded px-px py-[0.2rem] transition-colors duration-100 ease-in-out\">Kapsul\u0119 nurykite u\u017egerdami vandeniu.<\/span> <span class=\"relative -mx-px my-[-0.2rem] rounded px-px py-[0.2rem] transition-colors duration-100 ease-in-out\">Rekomenduojamos paros doz\u0117s vir\u0161yti negalima.<\/span> <span class=\"relative -mx-px my-[-0.2rem] rounded px-px py-[0.2rem] transition-colors duration-100 ease-in-out\">Maisto papildas nepakei\u010dia \u012fvairios ir subalansuotos mitybos ar sveiko gyvenimo b\u016bdo.<\/span> <span class=\"relative -mx-px my-[-0.2rem] rounded px-px py-[0.2rem] transition-colors duration-100 ease-in-out\">Laikyti vaikams nepasiekiamoje vietoje.<\/span><\/p>\n<h2 data-start=\"948\" data-end=\"987\">Kokie yra ingredientai ir maistin\u0117 vert\u0117?<\/h2>\n<p class=\"\" data-start=\"989\" data-end=\"1211\"><strong data-start=\"989\" data-end=\"1005\">Sudedamosios dalys:<\/strong><\/p>\n<p data-start=\"21\" data-end=\"322\"><strong data-start=\"21\" data-end=\"34\">U\u017epildas<\/strong> (dikalcio fosfatas), <strong data-start=\"56\" data-end=\"66\">kapsul\u0117<\/strong> (stabilizatorius: hidroksipropilmetilceliulioz\u0117), <strong data-start=\"117\" data-end=\"134\">nikotinamidas<\/strong> , <strong data-start=\"136\" data-end=\"161\" data-is-only-node=\"\">D-kalcio pantotenatas<\/strong> , <strong data-start=\"163\" data-end=\"187\">lipnum\u0105 reguliuojanti med\u017eiaga<\/strong> (silicio oksidas), <strong data-start=\"202\" data-end=\"231\">piridoksino hidrochloridas<\/strong> , <strong data-start=\"233\" data-end=\"248\">riboflavinas<\/strong> , <strong data-start=\"250\" data-end=\"272\">tiamino mononitratas<\/strong> , <strong data-start=\"274\" data-end=\"286\">folio r\u016bg\u0161tis<\/strong> , <strong data-start=\"288\" data-end=\"299\">biotinas<\/strong> , <strong data-start=\"301\" data-end=\"321\">metilkobalaminas<\/strong> .<\/p>\n<p data-start=\"324\" data-end=\"420\">Be laktoz\u0117s, pieno, mieli\u0173 ar glitimo. Be cukraus, druskos, sojos ar saldikli\u0173. <\/p>\n<p class=\"\" data-start=\"1213\" data-end=\"1241\"><strong data-start=\"1213\" data-end=\"1241\">Maistin\u0117 vert\u0117 (1 kapsul\u0117):<\/strong><\/p>\n<ul data-start=\"1242\" data-end=\"1623\">\n<li class=\"\" data-start=\"1242\" data-end=\"1283\">\n<p class=\"\" data-start=\"1244\" data-end=\"1283\"><span class=\"relative -mx-px my-[-0.2rem] rounded px-px py-[0.2rem] transition-colors duration-100 ease-in-out\">Vitaminas B1 (tiaminas): 1,4 mg (127 % rekomenduojamos paros normos)<\/span><\/p>\n<\/li>\n<li class=\"\" data-start=\"1284\" data-end=\"1325\">\n<p class=\"\" data-start=\"1286\" data-end=\"1325\"><span class=\"relative -mx-px my-[-0.2rem] rounded px-px py-[0.2rem] transition-colors duration-100 ease-in-out\">Vitaminas B2 (riboflavinas): 1,7 mg (121%)<\/span><\/p>\n<\/li>\n<li class=\"\" data-start=\"1326\" data-end=\"1367\">\n<p class=\"\" data-start=\"1328\" data-end=\"1367\"><span class=\"relative -mx-px my-[-0.2rem] rounded px-px py-[0.2rem] transition-colors duration-100 ease-in-out\">Vitaminas B3 (niacinas): 18 mg (113%)<\/span><\/p>\n<\/li>\n<li class=\"\" data-start=\"1368\" data-end=\"1409\">\n<p class=\"\" data-start=\"1370\" data-end=\"1409\"><span class=\"relative -mx-px my-[-0.2rem] rounded px-px py-[0.2rem] transition-colors duration-100 ease-in-out\">Pantoteno r\u016bg\u0161tis: 6 mg (100 %)<\/span><\/p>\n<\/li>\n<li class=\"\" data-start=\"1410\" data-end=\"1451\">\n<p class=\"\" data-start=\"1412\" data-end=\"1451\"><span class=\"relative -mx-px my-[-0.2rem] rounded px-px py-[0.2rem] transition-colors duration-100 ease-in-out\">Vitaminas B6: 1,6 mg (114 %)<\/span><\/p>\n<\/li>\n<li class=\"\" data-start=\"1452\" data-end=\"1493\">\n<p class=\"\" data-start=\"1454\" data-end=\"1493\"><span class=\"relative -mx-px my-[-0.2rem] rounded px-px py-[0.2rem] transition-colors duration-100 ease-in-out\">Vitaminas B12: 25 \u00b5g (1000 %)<\/span><\/p>\n<\/li>\n<li class=\"\" data-start=\"1494\" data-end=\"1535\">\n<p class=\"\" data-start=\"1496\" data-end=\"1535\"><span class=\"relative -mx-px my-[-0.2rem] rounded px-px py-[0.2rem] transition-colors duration-100 ease-in-out\">Folio r\u016bg\u0161tis: 400 \u00b5g (200 %)<\/span><\/p>\n<\/li>\n<li class=\"\" data-start=\"1536\" data-end=\"1623\">\n<p class=\"\" data-start=\"1538\" data-end=\"1623\"><span class=\"relative -mx-px my-[-0.2rem] rounded px-px py-[0.2rem] transition-colors duration-100 ease-in-out\">Biotinas: 50 \u00b5g (100 %)<\/span><\/p>\n<\/li>\n<\/ul>\n<p class=\"\" data-start=\"1663\" data-end=\"1748\"><strong data-start=\"65\" data-end=\"76\">Gamintojas:<\/strong> \u201eNew Organics Oy\u201c, Suomija<br data-start=\"99\" data-end=\"102\"><strong data-start=\"102\" data-end=\"117\" data-is-only-node=\"\">Importuotojas:<\/strong> \u201eNordenBio O\u00dc\u201c, Narva mnt. 7, 10117 Talinas, Estija<\/p>\n","protected":false},"excerpt":{"rendered":"<p data-start=\"937\" data-end=\"1281\"><strong data-start=\"937\" data-end=\"966\">\u201ePuhdas+ Multi B\u201c vitaminas<\/strong> yra maisto papildas, kuris padeda palaikyti normali\u0105 energij\u0105 generuojan\u010di\u0105 med\u017eiag\u0173 apykait\u0105, palaiko nerv\u0173 sistemos veikl\u0105 ir padeda ma\u017einti pavarg\u012f bei nuovarg\u012f. B grup\u0117s vitaminai yra b\u016btini organizmui, nes padeda paversti maist\u0105 gaunam\u0105 energij\u0105 \u012f organizmui nauding\u0105 energij\u0105. Jie taip pat palaiko psichologines funkcijas ir kraujodar\u0105.  <\/p>\n<p data-start=\"1283\" data-end=\"1641\">B grup\u0117s vitaminai organizme ilgai nesikaupia, tod\u0117l svarbu j\u0173 gauti kasdien su maistu arba papildais. Tai ypa\u010d svarbu \u017emon\u0117ms, gyvenantiems \u012ftempt\u0105 gyvenimo b\u016bd\u0105 arba besimaitinantiems nesubalansuotai. Vegetarams, veganams ir vyresnio am\u017eiaus \u017emon\u0117ms gali prireikti papildomos pagalbos, nes gali b\u016bti sunku arba nepakankamai gauti kai kuri\u0173 B grup\u0117s vitamin\u0173 i\u0161 maisto.  <\/p>\n<p data-start=\"1643\" data-end=\"1883\"><strong data-start=\"1643\" data-end=\"1662\">\u201ePure+ Multi B\u201c<\/strong> sud\u0117tyje yra visi reikalingi B grup\u0117s vitaminai (\u012fskaitant B12, folio r\u016bg\u0161t\u012f, biotin\u0105) tinkamu kiekiu ir lengvai \u012fsisavinama forma. Produktas yra grynas, be dirbtini\u0173 pried\u0173, glitimo, laktoz\u0117s ar saldikli\u0173, tinka veganams. <\/p>\n","protected":false},"featured_media":33266,"comment_status":"closed","ping_status":"closed","template":"","meta":{"_acf_changed":false},"product_brand":[],"product_cat":[3049,3174,3175],"product_tag":[3187,3190,3176,3197,3185,3186,3192,3179,3180,3178,3195,3177,3198,3199,3184,3189,3196,3193,3182,3191,3194,3181,3188],"class_list":{"0":"post-33262","1":"product","2":"type-product","3":"status-publish","4":"has-post-thumbnail","6":"product_cat-specialus-pasiulymai","7":"product_cat-vitaminai","8":"product_cat-vitaminas-b","9":"product_tag-augalines-kilmes-vitaminas-b","10":"product_tag-b-komplekso-vitaminai","11":"product_tag-b12-lt","12":"product_tag-dienos-vitaminai","13":"product_tag-energijos-ir-medziagu-apykaitos-palaikymas","14":"product_tag-geriausias-vitamino-b-kompleksas","15":"product_tag-grynas-b-grupes-vitaminai","16":"product_tag-multi-b-grupes-vitaminai","17":"product_tag-multi-vitaminas-b-60-kapsuliu","18":"product_tag-multivitaminu","19":"product_tag-naturalus-vitaminas-b","20":"product_tag-nervu-sistemos-palaikymas","21":"product_tag-vitaminai-atminciai-ir-koncentracijai-gerinti","22":"product_tag-vitaminai-nervams-raminti","23":"product_tag-vitaminai-nuo-nuovargio","24":"product_tag-vitaminai-stresiniams-laikotarpiams","25":"product_tag-vitaminas-b-atsigavimui","26":"product_tag-vitaminas-b-imunitetui","27":"product_tag-vitaminas-b-nuo-streso","28":"product_tag-vitaminas-b-nuovargiui-malsinti","29":"product_tag-vitaminas-b-sportininkams","30":"product_tag-vitamino-b-kompleksas","31":"product_tag-vitamino-b-papildas","33":"first","34":"instock","35":"sale","36":"taxable","37":"shipping-taxable","38":"purchasable","39":"product-type-simple"},"acf":[],"yoast_head":"<!-- This site is optimized with the Yoast SEO plugin v27.1.1 - https:\/\/yoast.com\/product\/yoast-seo-wordpress\/ -->\n<title>Multivitaminas B 60 kapsuli\u0173 - Puhdas+<\/title>\n<meta name=\"robots\" content=\"noindex, follow, max-snippet:-1, max-image-preview:large, max-video-preview:-1\" \/>\n<meta property=\"og:locale\" content=\"lt_LT\" \/>\n<meta property=\"og:type\" content=\"article\" \/>\n<meta property=\"og:title\" content=\"Multivitaminas B 60 kapsuli\u0173 - Puhdas+\" \/>\n<meta property=\"og:description\" content=\"\u201ePuhdas+ Multi B\u201c vitaminas yra maisto papildas, kuris padeda palaikyti normali\u0105 energij\u0105 generuojan\u010di\u0105 med\u017eiag\u0173 apykait\u0105, palaiko nerv\u0173 sistemos veikl\u0105 ir padeda ma\u017einti pavarg\u012f bei nuovarg\u012f. B grup\u0117s vitaminai yra b\u016btini organizmui, nes padeda paversti maist\u0105 gaunam\u0105 energij\u0105 \u012f organizmui nauding\u0105 energij\u0105. Jie taip pat palaiko psichologines funkcijas ir kraujodar\u0105.  B grup\u0117s vitaminai organizme ilgai nesikaupia, tod\u0117l svarbu j\u0173 gauti kasdien su maistu arba papildais. Tai ypa\u010d svarbu \u017emon\u0117ms, gyvenantiems \u012ftempt\u0105 gyvenimo b\u016bd\u0105 arba besimaitinantiems nesubalansuotai. Vegetarams, veganams ir vyresnio am\u017eiaus \u017emon\u0117ms gali prireikti papildomos pagalbos, nes gali b\u016bti sunku arba nepakankamai gauti kai kuri\u0173 B grup\u0117s vitamin\u0173 i\u0161 maisto.  \u201ePure+ Multi B\u201c sud\u0117tyje yra visi reikalingi B grup\u0117s vitaminai (\u012fskaitant B12, folio r\u016bg\u0161t\u012f, biotin\u0105) tinkamu kiekiu ir lengvai \u012fsisavinama forma. Produktas yra grynas, be dirbtini\u0173 pried\u0173, glitimo, laktoz\u0117s ar saldikli\u0173, tinka veganams.\" \/>\n<meta property=\"og:url\" content=\"https:\/\/test.puhdasplus.ee\/lt\/tooted\/vitaminai\/vitaminas-b\/multivitaminas-b-60-kapsuliu\/\" \/>\n<meta property=\"og:site_name\" content=\"Puhdas+\" \/>\n<meta property=\"article:publisher\" content=\"https:\/\/www.facebook.com\/puhdasplus\" \/>\n<meta property=\"article:modified_time\" content=\"2026-03-10T12:10:58+00:00\" \/>\n<meta property=\"og:image\" content=\"https:\/\/test.puhdasplus.ee\/wp-content\/uploads\/2025\/03\/99.jpg\" \/>\n\t<meta property=\"og:image:width\" content=\"1862\" \/>\n\t<meta property=\"og:image:height\" content=\"2560\" \/>\n\t<meta property=\"og:image:type\" content=\"image\/jpeg\" \/>\n<meta name=\"twitter:card\" content=\"summary_large_image\" \/>\n<meta name=\"twitter:label1\" content=\"Est. reading time\" \/>\n\t<meta name=\"twitter:data1\" content=\"2 minut\u0117\" \/>\n<script type=\"application\/ld+json\" class=\"yoast-schema-graph\">{\"@context\":\"https:\/\/schema.org\",\"@graph\":[{\"@type\":\"WebPage\",\"@id\":\"https:\/\/test.puhdasplus.ee\/lt\/tooted\/vitaminai\/vitaminas-b\/multivitaminas-b-60-kapsuliu\/\",\"url\":\"https:\/\/test.puhdasplus.ee\/lt\/tooted\/vitaminai\/vitaminas-b\/multivitaminas-b-60-kapsuliu\/\",\"name\":\"Multivitaminas B 60 kapsuli\u0173 - Puhdas+\",\"isPartOf\":{\"@id\":\"https:\/\/test.puhdasplus.ee\/lt\/#website\"},\"primaryImageOfPage\":{\"@id\":\"https:\/\/test.puhdasplus.ee\/lt\/tooted\/vitaminai\/vitaminas-b\/multivitaminas-b-60-kapsuliu\/#primaryimage\"},\"image\":{\"@id\":\"https:\/\/test.puhdasplus.ee\/lt\/tooted\/vitaminai\/vitaminas-b\/multivitaminas-b-60-kapsuliu\/#primaryimage\"},\"thumbnailUrl\":\"https:\/\/test.puhdasplus.ee\/wp-content\/uploads\/2025\/03\/99.jpg\",\"datePublished\":\"2024-07-15T11:46:54+00:00\",\"dateModified\":\"2026-03-10T12:10:58+00:00\",\"breadcrumb\":{\"@id\":\"https:\/\/test.puhdasplus.ee\/lt\/tooted\/vitaminai\/vitaminas-b\/multivitaminas-b-60-kapsuliu\/#breadcrumb\"},\"inLanguage\":\"lt-LT\",\"potentialAction\":[{\"@type\":\"ReadAction\",\"target\":[\"https:\/\/test.puhdasplus.ee\/lt\/tooted\/vitaminai\/vitaminas-b\/multivitaminas-b-60-kapsuliu\/\"]}]},{\"@type\":\"ImageObject\",\"inLanguage\":\"lt-LT\",\"@id\":\"https:\/\/test.puhdasplus.ee\/lt\/tooted\/vitaminai\/vitaminas-b\/multivitaminas-b-60-kapsuliu\/#primaryimage\",\"url\":\"https:\/\/test.puhdasplus.ee\/wp-content\/uploads\/2025\/03\/99.jpg\",\"contentUrl\":\"https:\/\/test.puhdasplus.ee\/wp-content\/uploads\/2025\/03\/99.jpg\",\"width\":1862,\"height\":2560,\"caption\":\"MULTI B vitamin\u0173 60 kapsuli\u0173\"},{\"@type\":\"BreadcrumbList\",\"@id\":\"https:\/\/test.puhdasplus.ee\/lt\/tooted\/vitaminai\/vitaminas-b\/multivitaminas-b-60-kapsuliu\/#breadcrumb\",\"itemListElement\":[{\"@type\":\"ListItem\",\"position\":1,\"name\":\"Prad\u017eia\",\"item\":\"https:\/\/test.puhdasplus.ee\/lt\/\"},{\"@type\":\"ListItem\",\"position\":2,\"name\":\"Produktai\",\"item\":\"https:\/\/test.puhdasplus.ee\/lt\/parduotuve\/\"},{\"@type\":\"ListItem\",\"position\":3,\"name\":\"Multivitaminas B 60 kapsuli\u0173\"}]},{\"@type\":\"WebSite\",\"@id\":\"https:\/\/test.puhdasplus.ee\/lt\/#website\",\"url\":\"https:\/\/test.puhdasplus.ee\/lt\/\",\"name\":\"Puhdas+\",\"description\":\"Vitamiinid, Toidulisandid, looduskosmeetika, tervis, sport\",\"publisher\":{\"@id\":\"https:\/\/test.puhdasplus.ee\/lt\/#organization\"},\"potentialAction\":[{\"@type\":\"SearchAction\",\"target\":{\"@type\":\"EntryPoint\",\"urlTemplate\":\"https:\/\/test.puhdasplus.ee\/lt\/?s={search_term_string}\"},\"query-input\":{\"@type\":\"PropertyValueSpecification\",\"valueRequired\":true,\"valueName\":\"search_term_string\"}}],\"inLanguage\":\"lt-LT\"},{\"@type\":\"Organization\",\"@id\":\"https:\/\/test.puhdasplus.ee\/lt\/#organization\",\"name\":\"Puhdas+\",\"alternateName\":\"Puhdasplus\",\"url\":\"https:\/\/test.puhdasplus.ee\/lt\/\",\"logo\":{\"@type\":\"ImageObject\",\"inLanguage\":\"lt-LT\",\"@id\":\"https:\/\/test.puhdasplus.ee\/lt\/#\/schema\/logo\/image\/\",\"url\":\"https:\/\/test.puhdasplus.ee\/\/wp-content\/uploads\/2019\/10\/puhdas_logo-arvele.png\",\"contentUrl\":\"https:\/\/test.puhdasplus.ee\/\/wp-content\/uploads\/2019\/10\/puhdas_logo-arvele.png\",\"width\":114,\"height\":94,\"caption\":\"Puhdas+\"},\"image\":{\"@id\":\"https:\/\/test.puhdasplus.ee\/lt\/#\/schema\/logo\/image\/\"},\"sameAs\":[\"https:\/\/www.facebook.com\/puhdasplus\",\"https:\/\/www.instagram.com\/puhdasplus_ee\/\"]}]}<\/script>\n<!-- \/ Yoast SEO plugin. -->","yoast_head_json":{"title":"Multivitaminas B 60 kapsuli\u0173 - Puhdas+","robots":{"index":"noindex","follow":"follow","max-snippet":"max-snippet:-1","max-image-preview":"max-image-preview:large","max-video-preview":"max-video-preview:-1"},"og_locale":"lt_LT","og_type":"article","og_title":"Multivitaminas B 60 kapsuli\u0173 - Puhdas+","og_description":"\u201ePuhdas+ Multi B\u201c vitaminas yra maisto papildas, kuris padeda palaikyti normali\u0105 energij\u0105 generuojan\u010di\u0105 med\u017eiag\u0173 apykait\u0105, palaiko nerv\u0173 sistemos veikl\u0105 ir padeda ma\u017einti pavarg\u012f bei nuovarg\u012f. B grup\u0117s vitaminai yra b\u016btini organizmui, nes padeda paversti maist\u0105 gaunam\u0105 energij\u0105 \u012f organizmui nauding\u0105 energij\u0105. Jie taip pat palaiko psichologines funkcijas ir kraujodar\u0105.  B grup\u0117s vitaminai organizme ilgai nesikaupia, tod\u0117l svarbu j\u0173 gauti kasdien su maistu arba papildais. Tai ypa\u010d svarbu \u017emon\u0117ms, gyvenantiems \u012ftempt\u0105 gyvenimo b\u016bd\u0105 arba besimaitinantiems nesubalansuotai. Vegetarams, veganams ir vyresnio am\u017eiaus \u017emon\u0117ms gali prireikti papildomos pagalbos, nes gali b\u016bti sunku arba nepakankamai gauti kai kuri\u0173 B grup\u0117s vitamin\u0173 i\u0161 maisto.  \u201ePure+ Multi B\u201c sud\u0117tyje yra visi reikalingi B grup\u0117s vitaminai (\u012fskaitant B12, folio r\u016bg\u0161t\u012f, biotin\u0105) tinkamu kiekiu ir lengvai \u012fsisavinama forma. Produktas yra grynas, be dirbtini\u0173 pried\u0173, glitimo, laktoz\u0117s ar saldikli\u0173, tinka veganams.","og_url":"https:\/\/test.puhdasplus.ee\/lt\/tooted\/vitaminai\/vitaminas-b\/multivitaminas-b-60-kapsuliu\/","og_site_name":"Puhdas+","article_publisher":"https:\/\/www.facebook.com\/puhdasplus","article_modified_time":"2026-03-10T12:10:58+00:00","og_image":[{"width":1862,"height":2560,"url":"https:\/\/test.puhdasplus.ee\/wp-content\/uploads\/2025\/03\/99.jpg","type":"image\/jpeg"}],"twitter_card":"summary_large_image","twitter_misc":{"Est. reading time":"2 minut\u0117"},"schema":{"@context":"https:\/\/schema.org","@graph":[{"@type":"WebPage","@id":"https:\/\/test.puhdasplus.ee\/lt\/tooted\/vitaminai\/vitaminas-b\/multivitaminas-b-60-kapsuliu\/","url":"https:\/\/test.puhdasplus.ee\/lt\/tooted\/vitaminai\/vitaminas-b\/multivitaminas-b-60-kapsuliu\/","name":"Multivitaminas B 60 kapsuli\u0173 - Puhdas+","isPartOf":{"@id":"https:\/\/test.puhdasplus.ee\/lt\/#website"},"primaryImageOfPage":{"@id":"https:\/\/test.puhdasplus.ee\/lt\/tooted\/vitaminai\/vitaminas-b\/multivitaminas-b-60-kapsuliu\/#primaryimage"},"image":{"@id":"https:\/\/test.puhdasplus.ee\/lt\/tooted\/vitaminai\/vitaminas-b\/multivitaminas-b-60-kapsuliu\/#primaryimage"},"thumbnailUrl":"https:\/\/test.puhdasplus.ee\/wp-content\/uploads\/2025\/03\/99.jpg","datePublished":"2024-07-15T11:46:54+00:00","dateModified":"2026-03-10T12:10:58+00:00","breadcrumb":{"@id":"https:\/\/test.puhdasplus.ee\/lt\/tooted\/vitaminai\/vitaminas-b\/multivitaminas-b-60-kapsuliu\/#breadcrumb"},"inLanguage":"lt-LT","potentialAction":[{"@type":"ReadAction","target":["https:\/\/test.puhdasplus.ee\/lt\/tooted\/vitaminai\/vitaminas-b\/multivitaminas-b-60-kapsuliu\/"]}]},{"@type":"ImageObject","inLanguage":"lt-LT","@id":"https:\/\/test.puhdasplus.ee\/lt\/tooted\/vitaminai\/vitaminas-b\/multivitaminas-b-60-kapsuliu\/#primaryimage","url":"https:\/\/test.puhdasplus.ee\/wp-content\/uploads\/2025\/03\/99.jpg","contentUrl":"https:\/\/test.puhdasplus.ee\/wp-content\/uploads\/2025\/03\/99.jpg","width":1862,"height":2560,"caption":"MULTI B vitamin\u0173 60 kapsuli\u0173"},{"@type":"BreadcrumbList","@id":"https:\/\/test.puhdasplus.ee\/lt\/tooted\/vitaminai\/vitaminas-b\/multivitaminas-b-60-kapsuliu\/#breadcrumb","itemListElement":[{"@type":"ListItem","position":1,"name":"Prad\u017eia","item":"https:\/\/test.puhdasplus.ee\/lt\/"},{"@type":"ListItem","position":2,"name":"Produktai","item":"https:\/\/test.puhdasplus.ee\/lt\/parduotuve\/"},{"@type":"ListItem","position":3,"name":"Multivitaminas B 60 kapsuli\u0173"}]},{"@type":"WebSite","@id":"https:\/\/test.puhdasplus.ee\/lt\/#website","url":"https:\/\/test.puhdasplus.ee\/lt\/","name":"Puhdas+","description":"Vitamiinid, Toidulisandid, looduskosmeetika, tervis, sport","publisher":{"@id":"https:\/\/test.puhdasplus.ee\/lt\/#organization"},"potentialAction":[{"@type":"SearchAction","target":{"@type":"EntryPoint","urlTemplate":"https:\/\/test.puhdasplus.ee\/lt\/?s={search_term_string}"},"query-input":{"@type":"PropertyValueSpecification","valueRequired":true,"valueName":"search_term_string"}}],"inLanguage":"lt-LT"},{"@type":"Organization","@id":"https:\/\/test.puhdasplus.ee\/lt\/#organization","name":"Puhdas+","alternateName":"Puhdasplus","url":"https:\/\/test.puhdasplus.ee\/lt\/","logo":{"@type":"ImageObject","inLanguage":"lt-LT","@id":"https:\/\/test.puhdasplus.ee\/lt\/#\/schema\/logo\/image\/","url":"https:\/\/test.puhdasplus.ee\/\/wp-content\/uploads\/2019\/10\/puhdas_logo-arvele.png","contentUrl":"https:\/\/test.puhdasplus.ee\/\/wp-content\/uploads\/2019\/10\/puhdas_logo-arvele.png","width":114,"height":94,"caption":"Puhdas+"},"image":{"@id":"https:\/\/test.puhdasplus.ee\/lt\/#\/schema\/logo\/image\/"},"sameAs":["https:\/\/www.facebook.com\/puhdasplus","https:\/\/www.instagram.com\/puhdasplus_ee\/"]}]}},"_links":{"self":[{"href":"https:\/\/test.puhdasplus.ee\/lt\/wp-json\/wp\/v2\/product\/33262","targetHints":{"allow":["GET"]}}],"collection":[{"href":"https:\/\/test.puhdasplus.ee\/lt\/wp-json\/wp\/v2\/product"}],"about":[{"href":"https:\/\/test.puhdasplus.ee\/lt\/wp-json\/wp\/v2\/types\/product"}],"replies":[{"embeddable":true,"href":"https:\/\/test.puhdasplus.ee\/lt\/wp-json\/wp\/v2\/comments?post=33262"}],"wp:featuredmedia":[{"embeddable":true,"href":"https:\/\/test.puhdasplus.ee\/lt\/wp-json\/wp\/v2\/media\/33266"}],"wp:attachment":[{"href":"https:\/\/test.puhdasplus.ee\/lt\/wp-json\/wp\/v2\/media?parent=33262"}],"wp:term":[{"taxonomy":"product_brand","embeddable":true,"href":"https:\/\/test.puhdasplus.ee\/lt\/wp-json\/wp\/v2\/product_brand?post=33262"},{"taxonomy":"product_cat","embeddable":true,"href":"https:\/\/test.puhdasplus.ee\/lt\/wp-json\/wp\/v2\/product_cat?post=33262"},{"taxonomy":"product_tag","embeddable":true,"href":"https:\/\/test.puhdasplus.ee\/lt\/wp-json\/wp\/v2\/product_tag?post=33262"}],"curies":[{"name":"wp","href":"https:\/\/api.w.org\/{rel}","templated":true}]}}