{"id":33249,"date":"2024-05-27T11:16:16","date_gmt":"2024-05-27T08:16:16","guid":{"rendered":"https:\/\/test.puhdasplus.ee\/\/tooted\/be-kategorijos\/elektrolitu-milteliai-avieciu-ir-braskiu-skonio-120-g\/"},"modified":"2026-02-27T13:10:28","modified_gmt":"2026-02-27T11:10:28","slug":"elektrolitu-milteliai-avieciu-ir-braskiu-skonio-120-g","status":"publish","type":"product","link":"https:\/\/test.puhdasplus.ee\/lt\/tooted\/sportas\/elektrolitu-milteliai-avieciu-ir-braskiu-skonio-120-g\/","title":{"rendered":"Elektrolit\u0173 milteliai, avie\u010di\u0173 ir bra\u0161ki\u0173 skonio, 120 g"},"content":{"rendered":"<h2 class=\"\" data-start=\"220\" data-end=\"260\">Kas yra \u201ePure+\u201c elektrolit\u0173 milteliai?<\/h2>\n<p data-start=\"255\" data-end=\"543\">\u201ePure+\u201c elektrolit\u0173 milteliai yra auk\u0161tos kokyb\u0117s maisto papildas, skirtas palaikyti skys\u010di\u0173 ir mineral\u0173 pusiausvyr\u0105. Produktas ypa\u010d tinka aktyviems \u017emon\u0117ms, sportininkams ir tiems, kurie dien\u0105 patiria didesn\u012f fizin\u012f kr\u016bv\u012f, kar\u0161tu oru ar kitomis situacijomis, kai organizmas netenka skys\u010di\u0173. <\/p>\n<p data-start=\"545\" data-end=\"685\">Milteliai, malonaus avie\u010di\u0173 ir bra\u0161ki\u0173 skonio, lengvai susimai\u0161o su vandeniu ir si\u016blo gaiv\u0173 bei nat\u016bral\u0173 b\u016bd\u0105 palaikyti kasdien\u0119 pusiausvyr\u0105.<\/p>\n<h2 class=\"\" data-start=\"709\" data-end=\"743\">Kod\u0117l elektrolitai yra svarb\u016bs?<\/h2>\n<p data-start=\"729\" data-end=\"898\">Elektrolitai \u2013 tokie kaip <strong data-start=\"750\" data-end=\"762\">natris<\/strong> , <strong data-start=\"764\" data-end=\"775\">kalis<\/strong> , <strong data-start=\"777\" data-end=\"791\">magnis<\/strong> ir <strong data-start=\"795\" data-end=\"807\">kalcis<\/strong> \u2013 yra b\u016btini mineralai, dalyvaujantys daugelyje organizmo funkcij\u0173. Jie: <\/p>\n<ul data-start=\"900\" data-end=\"1056\">\n<li data-start=\"900\" data-end=\"946\">\n<p data-start=\"902\" data-end=\"946\">padeda palaikyti skys\u010di\u0173 pusiausvyr\u0105 organizme,<\/p>\n<\/li>\n<li data-start=\"947\" data-end=\"1008\">\n<p data-start=\"949\" data-end=\"1008\">susij\u0119s su normaliu nerv\u0173 sistemos ir raumen\u0173 funkcionavimu,<\/p>\n<\/li>\n<li data-start=\"1009\" data-end=\"1056\">\n<p data-start=\"1011\" data-end=\"1056\">palaikyti bendr\u0105 gerov\u0117s ir aktyvumo jausm\u0105.<\/p>\n<\/li>\n<\/ul>\n<p data-start=\"1058\" data-end=\"1217\">Fizinis kr\u016bvis, prakaitavimas ar skys\u010di\u0173 netekimas gali paveikti elektrolit\u0173 kiek\u012f, tod\u0117l gali tekti juos papildyti.<\/p>\n<h2 class=\"\" data-start=\"1222\" data-end=\"1242\">Produkto sudedamosios dalys<\/h2>\n<p class=\"\" data-start=\"1244\" data-end=\"1340\">\u201ePure+\u201c elektrolit\u0173 milteli\u0173 sud\u0117tyje yra \u0161ios sudedamosios dalys: natrio chloridas, r\u016bg\u0161tingum\u0105 reguliuojanti med\u017eiaga: obuoli\u0173 r\u016bg\u0161tis, natrio bikarbonatas, L-glicinas, natrio askorbatas (vitamino C \u0161altinis), kalcio citratas, magnio malatas, kalio chloridas, nat\u016bral\u016bs kvapikliai (avie\u010di\u0173, bra\u0161ki\u0173, spanguoli\u0173), saldiklis: steviolio glikozidai (i\u0161 stevijos).<\/p>\n<p class=\"\" data-start=\"1646\" data-end=\"1724\"><strong data-start=\"1646\" data-end=\"1701\">Produkte n\u0117ra laktoz\u0117s, mieli\u0173, glitimo ar sojos<\/strong> ir tinka veganams.<\/p>\n<h2 class=\"\" data-start=\"1731\" data-end=\"1786\">Maistin\u0117 vert\u0117 (dienos doz\u0117 9 ml arba 3 matavimo \u0161auk\u0161teliai)<\/h2>\n<div class=\"group pointer-events-none relative flex justify-center *:pointer-events-auto\">\n<div class=\"tableContainer horzScrollShadows relative\">\n<table>\n<tbody>\n<tr>\n<td>Magnis<\/td>\n<td>87 mg (*23 %)<\/td>\n<\/tr>\n<tr>\n<td>Natris<\/td>\n<td>1617 mg<\/td>\n<\/tr>\n<tr>\n<td>Chloridas \/ chloridai<\/td>\n<td>1950 mg (*244 %)<\/td>\n<\/tr>\n<tr>\n<td>Glicinas \/ Glicinas<\/td>\n<td>1386 mg<\/td>\n<\/tr>\n<tr>\n<td>Vitaminas C \/ Vitaminas<\/td>\n<td>606 mg (*758 %)<\/td>\n<\/tr>\n<\/tbody>\n<\/table>\n<\/div>\n<\/div>\n<p class=\"\" data-start=\"2189\" data-end=\"2233\">*RMV \u2013 referencin\u0117 paros norma suaugusiesiems.<\/p>\n<h2 class=\"\" data-start=\"2240\" data-end=\"2253\">Naudojimas<\/h2>\n<p class=\"\" data-start=\"2255\" data-end=\"2427\">Suaugusiesiems rekomenduojama gerti po 1 matavimo \u0161auk\u0161tel\u012f (3 ml) tris kartus per dien\u0105. Miltelius sumai\u0161ykite su ma\u017edaug 5 dl vandens arba kito skys\u010dio.  Rekomenduojamos paros doz\u0117s vir\u0161yti negalima.<\/p>\n<p class=\"\" data-start=\"2429\" data-end=\"2529\"><strong data-start=\"2429\" data-end=\"2439\">Pastaba<\/strong> : Maisto papildai nepakei\u010dia \u012fvairios ir subalansuotos mitybos ar sveiko gyvenimo b\u016bdo.<\/p>\n<h2 class=\"\" data-start=\"2536\" data-end=\"2576\">\u201ePure+\u201c elektrolit\u0173 milteli\u0173 privalumai<\/h2>\n<ul>\n<li data-start=\"2368\" data-end=\"2423\">\n<p data-start=\"2370\" data-end=\"2423\">Gardus avie\u010di\u0173 ir bra\u0161ki\u0173 mi\u0161inys \u2013 gaivus bet kuriuo metu<\/p>\n<\/li>\n<li data-start=\"2424\" data-end=\"2464\">\n<p data-start=\"2426\" data-end=\"2464\">Tinka \u017emon\u0117ms, gyvenantiems aktyv\u0173 gyvenimo b\u016bd\u0105<\/p>\n<\/li>\n<li data-start=\"2465\" data-end=\"2526\">\n<p data-start=\"2467\" data-end=\"2526\">Sud\u0117tyje n\u0117ra cukraus, dirbtini\u0173 saldikli\u0173 ar da\u017eikli\u0173<\/p>\n<\/li>\n<li data-start=\"2527\" data-end=\"2553\">\n<p data-start=\"2529\" data-end=\"2553\">Veganams tinkama sud\u0117tis<\/p>\n<\/li>\n<li data-start=\"2554\" data-end=\"2612\">\n<p data-start=\"2556\" data-end=\"2612\">Pagaminta Suomijoje pagal auk\u0161tus kokyb\u0117s standartus<\/p>\n<\/li>\n<\/ul>\n","protected":false},"excerpt":{"rendered":"<p data-start=\"189\" data-end=\"542\"><strong data-start=\"189\" data-end=\"253\">\u201ePuhdas+\u201c elektrolit\u0173 milteliai su avie\u010di\u0173 ir bra\u0161ki\u0173 skoniu (120 g)<\/strong> \u2013 tai gardus ir veiksmingas b\u016bdas palaikyti skys\u010di\u0173 ir mineral\u0173 pusiausvyr\u0105 organizme. Milteliuose yra svarbi\u0173 elektrolit\u0173 \u2013 natrio, kalio, magnio ir kalcio \u2013 kurie prisideda prie normalios organizmo veiklos kasdienio streso, kar\u0161to oro ar padid\u0117jusio skys\u010di\u0173 netekimo metu. <\/p>\n<p data-start=\"544\" data-end=\"644\">Vitaminas C ir glicinas padeda suma\u017einti nuovarg\u012f ir palaikyti bendr\u0105 gerov\u0117s poj\u016bt\u012f.<\/p>\n<p data-start=\"646\" data-end=\"814\"><strong data-start=\"646\" data-end=\"709\">Be cukraus, nat\u016brali\u0173 skoni\u0173 ir veganams tinkama formul\u0117<\/strong> \u2013 puikiai tinka tiems, kurie nori paprasto, nat\u016bralaus ir subalansuoto maisto aktyviam gyvenimui.<\/p>\n","protected":false},"featured_media":33253,"comment_status":"closed","ping_status":"closed","template":"","meta":{"_acf_changed":false},"product_brand":[],"product_cat":[3122,3120,3049,3016],"product_tag":[3143,3141,3129,3025,3028,3138,3135,3137,3127,3131,3142,3140,3133,3145,3139,3144,3125],"class_list":{"0":"post-33249","1":"product","2":"type-product","3":"status-publish","4":"has-post-thumbnail","6":"product_cat-elektrolitai","7":"product_cat-mineralai","8":"product_cat-specialus-pasiulymai","9":"product_cat-sportas","10":"product_tag-avieciu-braskiu-skonio","11":"product_tag-elektrolitai","12":"product_tag-elektrolitas","13":"product_tag-energija","14":"product_tag-energija-ir-nuovargis","15":"product_tag-glicinas","16":"product_tag-kalcis","17":"product_tag-kalis","18":"product_tag-magnis","19":"product_tag-maisto-papildas","20":"product_tag-natrio","21":"product_tag-nuovargio-mazinimas","22":"product_tag-nuovargis","23":"product_tag-nuovargis-ir-energija","24":"product_tag-raumenu-funkcija","25":"product_tag-raumenys-ir-sanariai","26":"product_tag-vitaminas-c-lt","28":"first","29":"instock","30":"sale","31":"taxable","32":"shipping-taxable","33":"purchasable","34":"product-type-simple"},"acf":[],"yoast_head":"<!-- This site is optimized with the Yoast SEO plugin v27.1.1 - https:\/\/yoast.com\/product\/yoast-seo-wordpress\/ -->\n<title>Elektrolit\u0173 milteliai, avie\u010di\u0173 ir bra\u0161ki\u0173 skonio, 120 g - Puhdas+<\/title>\n<meta name=\"description\" content=\"\u201ePuhdas+\u201c elektrolit\u0173 milteliai su avie\u010di\u0173 ir bra\u0161ki\u0173 skoniu padeda atkurti organizmo skys\u010di\u0173 pusiausvyr\u0105, palaiko raumen\u0173 funkcij\u0105 ir ma\u017eina nuovarg\u012f.\" \/>\n<meta name=\"robots\" content=\"noindex, follow, max-snippet:-1, max-image-preview:large, max-video-preview:-1\" \/>\n<meta property=\"og:locale\" content=\"lt_LT\" \/>\n<meta property=\"og:type\" content=\"article\" \/>\n<meta property=\"og:title\" content=\"Elektrolit\u0173 milteliai, avie\u010di\u0173 ir bra\u0161ki\u0173 skonio, 120 g - Puhdas+\" \/>\n<meta property=\"og:description\" content=\"\u201ePuhdas+\u201c elektrolit\u0173 milteliai su avie\u010di\u0173 ir bra\u0161ki\u0173 skoniu padeda atkurti organizmo skys\u010di\u0173 pusiausvyr\u0105, palaiko raumen\u0173 funkcij\u0105 ir ma\u017eina nuovarg\u012f.\" \/>\n<meta property=\"og:url\" content=\"https:\/\/test.puhdasplus.ee\/lt\/tooted\/sportas\/elektrolitu-milteliai-avieciu-ir-braskiu-skonio-120-g\/\" \/>\n<meta property=\"og:site_name\" content=\"Puhdas+\" \/>\n<meta property=\"article:publisher\" content=\"https:\/\/www.facebook.com\/puhdasplus\" \/>\n<meta property=\"article:modified_time\" content=\"2026-02-27T11:10:28+00:00\" \/>\n<meta property=\"og:image\" content=\"https:\/\/test.puhdasplus.ee\/wp-content\/uploads\/2025\/03\/77.jpg\" \/>\n\t<meta property=\"og:image:width\" content=\"1862\" \/>\n\t<meta property=\"og:image:height\" content=\"2560\" \/>\n\t<meta property=\"og:image:type\" content=\"image\/jpeg\" \/>\n<meta name=\"twitter:card\" content=\"summary_large_image\" \/>\n<meta name=\"twitter:label1\" content=\"Est. reading time\" \/>\n\t<meta name=\"twitter:data1\" content=\"2 minut\u0117\" \/>\n<script type=\"application\/ld+json\" class=\"yoast-schema-graph\">{\"@context\":\"https:\/\/schema.org\",\"@graph\":[{\"@type\":\"WebPage\",\"@id\":\"https:\/\/test.puhdasplus.ee\/lt\/tooted\/sportas\/elektrolitu-milteliai-avieciu-ir-braskiu-skonio-120-g\/\",\"url\":\"https:\/\/test.puhdasplus.ee\/lt\/tooted\/sportas\/elektrolitu-milteliai-avieciu-ir-braskiu-skonio-120-g\/\",\"name\":\"Elektrolit\u0173 milteliai, avie\u010di\u0173 ir bra\u0161ki\u0173 skonio, 120 g - Puhdas+\",\"isPartOf\":{\"@id\":\"https:\/\/test.puhdasplus.ee\/lt\/#website\"},\"primaryImageOfPage\":{\"@id\":\"https:\/\/test.puhdasplus.ee\/lt\/tooted\/sportas\/elektrolitu-milteliai-avieciu-ir-braskiu-skonio-120-g\/#primaryimage\"},\"image\":{\"@id\":\"https:\/\/test.puhdasplus.ee\/lt\/tooted\/sportas\/elektrolitu-milteliai-avieciu-ir-braskiu-skonio-120-g\/#primaryimage\"},\"thumbnailUrl\":\"https:\/\/test.puhdasplus.ee\/wp-content\/uploads\/2025\/03\/77.jpg\",\"datePublished\":\"2024-05-27T08:16:16+00:00\",\"dateModified\":\"2026-02-27T11:10:28+00:00\",\"description\":\"\u201ePuhdas+\u201c elektrolit\u0173 milteliai su avie\u010di\u0173 ir bra\u0161ki\u0173 skoniu padeda atkurti organizmo skys\u010di\u0173 pusiausvyr\u0105, palaiko raumen\u0173 funkcij\u0105 ir ma\u017eina nuovarg\u012f.\",\"breadcrumb\":{\"@id\":\"https:\/\/test.puhdasplus.ee\/lt\/tooted\/sportas\/elektrolitu-milteliai-avieciu-ir-braskiu-skonio-120-g\/#breadcrumb\"},\"inLanguage\":\"lt-LT\",\"potentialAction\":[{\"@type\":\"ReadAction\",\"target\":[\"https:\/\/test.puhdasplus.ee\/lt\/tooted\/sportas\/elektrolitu-milteliai-avieciu-ir-braskiu-skonio-120-g\/\"]}]},{\"@type\":\"ImageObject\",\"inLanguage\":\"lt-LT\",\"@id\":\"https:\/\/test.puhdasplus.ee\/lt\/tooted\/sportas\/elektrolitu-milteliai-avieciu-ir-braskiu-skonio-120-g\/#primaryimage\",\"url\":\"https:\/\/test.puhdasplus.ee\/wp-content\/uploads\/2025\/03\/77.jpg\",\"contentUrl\":\"https:\/\/test.puhdasplus.ee\/wp-content\/uploads\/2025\/03\/77.jpg\",\"width\":1862,\"height\":2560,\"caption\":\"Elektrolit\u0173 milteliai, avie\u010di\u0173 ir bra\u0161ki\u0173 skonio\"},{\"@type\":\"BreadcrumbList\",\"@id\":\"https:\/\/test.puhdasplus.ee\/lt\/tooted\/sportas\/elektrolitu-milteliai-avieciu-ir-braskiu-skonio-120-g\/#breadcrumb\",\"itemListElement\":[{\"@type\":\"ListItem\",\"position\":1,\"name\":\"Prad\u017eia\",\"item\":\"https:\/\/test.puhdasplus.ee\/lt\/\"},{\"@type\":\"ListItem\",\"position\":2,\"name\":\"Produktai\",\"item\":\"https:\/\/test.puhdasplus.ee\/lt\/parduotuve\/\"},{\"@type\":\"ListItem\",\"position\":3,\"name\":\"Elektrolit\u0173 milteliai, avie\u010di\u0173 ir bra\u0161ki\u0173 skonio, 120 g\"}]},{\"@type\":\"WebSite\",\"@id\":\"https:\/\/test.puhdasplus.ee\/lt\/#website\",\"url\":\"https:\/\/test.puhdasplus.ee\/lt\/\",\"name\":\"Puhdas+\",\"description\":\"Vitamiinid, Toidulisandid, looduskosmeetika, tervis, sport\",\"publisher\":{\"@id\":\"https:\/\/test.puhdasplus.ee\/lt\/#organization\"},\"potentialAction\":[{\"@type\":\"SearchAction\",\"target\":{\"@type\":\"EntryPoint\",\"urlTemplate\":\"https:\/\/test.puhdasplus.ee\/lt\/?s={search_term_string}\"},\"query-input\":{\"@type\":\"PropertyValueSpecification\",\"valueRequired\":true,\"valueName\":\"search_term_string\"}}],\"inLanguage\":\"lt-LT\"},{\"@type\":\"Organization\",\"@id\":\"https:\/\/test.puhdasplus.ee\/lt\/#organization\",\"name\":\"Puhdas+\",\"alternateName\":\"Puhdasplus\",\"url\":\"https:\/\/test.puhdasplus.ee\/lt\/\",\"logo\":{\"@type\":\"ImageObject\",\"inLanguage\":\"lt-LT\",\"@id\":\"https:\/\/test.puhdasplus.ee\/lt\/#\/schema\/logo\/image\/\",\"url\":\"https:\/\/test.puhdasplus.ee\/\/wp-content\/uploads\/2019\/10\/puhdas_logo-arvele.png\",\"contentUrl\":\"https:\/\/test.puhdasplus.ee\/\/wp-content\/uploads\/2019\/10\/puhdas_logo-arvele.png\",\"width\":114,\"height\":94,\"caption\":\"Puhdas+\"},\"image\":{\"@id\":\"https:\/\/test.puhdasplus.ee\/lt\/#\/schema\/logo\/image\/\"},\"sameAs\":[\"https:\/\/www.facebook.com\/puhdasplus\",\"https:\/\/www.instagram.com\/puhdasplus_ee\/\"]}]}<\/script>\n<!-- \/ Yoast SEO plugin. -->","yoast_head_json":{"title":"Elektrolit\u0173 milteliai, avie\u010di\u0173 ir bra\u0161ki\u0173 skonio, 120 g - Puhdas+","description":"\u201ePuhdas+\u201c elektrolit\u0173 milteliai su avie\u010di\u0173 ir bra\u0161ki\u0173 skoniu padeda atkurti organizmo skys\u010di\u0173 pusiausvyr\u0105, palaiko raumen\u0173 funkcij\u0105 ir ma\u017eina nuovarg\u012f.","robots":{"index":"noindex","follow":"follow","max-snippet":"max-snippet:-1","max-image-preview":"max-image-preview:large","max-video-preview":"max-video-preview:-1"},"og_locale":"lt_LT","og_type":"article","og_title":"Elektrolit\u0173 milteliai, avie\u010di\u0173 ir bra\u0161ki\u0173 skonio, 120 g - Puhdas+","og_description":"\u201ePuhdas+\u201c elektrolit\u0173 milteliai su avie\u010di\u0173 ir bra\u0161ki\u0173 skoniu padeda atkurti organizmo skys\u010di\u0173 pusiausvyr\u0105, palaiko raumen\u0173 funkcij\u0105 ir ma\u017eina nuovarg\u012f.","og_url":"https:\/\/test.puhdasplus.ee\/lt\/tooted\/sportas\/elektrolitu-milteliai-avieciu-ir-braskiu-skonio-120-g\/","og_site_name":"Puhdas+","article_publisher":"https:\/\/www.facebook.com\/puhdasplus","article_modified_time":"2026-02-27T11:10:28+00:00","og_image":[{"width":1862,"height":2560,"url":"https:\/\/test.puhdasplus.ee\/wp-content\/uploads\/2025\/03\/77.jpg","type":"image\/jpeg"}],"twitter_card":"summary_large_image","twitter_misc":{"Est. reading time":"2 minut\u0117"},"schema":{"@context":"https:\/\/schema.org","@graph":[{"@type":"WebPage","@id":"https:\/\/test.puhdasplus.ee\/lt\/tooted\/sportas\/elektrolitu-milteliai-avieciu-ir-braskiu-skonio-120-g\/","url":"https:\/\/test.puhdasplus.ee\/lt\/tooted\/sportas\/elektrolitu-milteliai-avieciu-ir-braskiu-skonio-120-g\/","name":"Elektrolit\u0173 milteliai, avie\u010di\u0173 ir bra\u0161ki\u0173 skonio, 120 g - Puhdas+","isPartOf":{"@id":"https:\/\/test.puhdasplus.ee\/lt\/#website"},"primaryImageOfPage":{"@id":"https:\/\/test.puhdasplus.ee\/lt\/tooted\/sportas\/elektrolitu-milteliai-avieciu-ir-braskiu-skonio-120-g\/#primaryimage"},"image":{"@id":"https:\/\/test.puhdasplus.ee\/lt\/tooted\/sportas\/elektrolitu-milteliai-avieciu-ir-braskiu-skonio-120-g\/#primaryimage"},"thumbnailUrl":"https:\/\/test.puhdasplus.ee\/wp-content\/uploads\/2025\/03\/77.jpg","datePublished":"2024-05-27T08:16:16+00:00","dateModified":"2026-02-27T11:10:28+00:00","description":"\u201ePuhdas+\u201c elektrolit\u0173 milteliai su avie\u010di\u0173 ir bra\u0161ki\u0173 skoniu padeda atkurti organizmo skys\u010di\u0173 pusiausvyr\u0105, palaiko raumen\u0173 funkcij\u0105 ir ma\u017eina nuovarg\u012f.","breadcrumb":{"@id":"https:\/\/test.puhdasplus.ee\/lt\/tooted\/sportas\/elektrolitu-milteliai-avieciu-ir-braskiu-skonio-120-g\/#breadcrumb"},"inLanguage":"lt-LT","potentialAction":[{"@type":"ReadAction","target":["https:\/\/test.puhdasplus.ee\/lt\/tooted\/sportas\/elektrolitu-milteliai-avieciu-ir-braskiu-skonio-120-g\/"]}]},{"@type":"ImageObject","inLanguage":"lt-LT","@id":"https:\/\/test.puhdasplus.ee\/lt\/tooted\/sportas\/elektrolitu-milteliai-avieciu-ir-braskiu-skonio-120-g\/#primaryimage","url":"https:\/\/test.puhdasplus.ee\/wp-content\/uploads\/2025\/03\/77.jpg","contentUrl":"https:\/\/test.puhdasplus.ee\/wp-content\/uploads\/2025\/03\/77.jpg","width":1862,"height":2560,"caption":"Elektrolit\u0173 milteliai, avie\u010di\u0173 ir bra\u0161ki\u0173 skonio"},{"@type":"BreadcrumbList","@id":"https:\/\/test.puhdasplus.ee\/lt\/tooted\/sportas\/elektrolitu-milteliai-avieciu-ir-braskiu-skonio-120-g\/#breadcrumb","itemListElement":[{"@type":"ListItem","position":1,"name":"Prad\u017eia","item":"https:\/\/test.puhdasplus.ee\/lt\/"},{"@type":"ListItem","position":2,"name":"Produktai","item":"https:\/\/test.puhdasplus.ee\/lt\/parduotuve\/"},{"@type":"ListItem","position":3,"name":"Elektrolit\u0173 milteliai, avie\u010di\u0173 ir bra\u0161ki\u0173 skonio, 120 g"}]},{"@type":"WebSite","@id":"https:\/\/test.puhdasplus.ee\/lt\/#website","url":"https:\/\/test.puhdasplus.ee\/lt\/","name":"Puhdas+","description":"Vitamiinid, Toidulisandid, looduskosmeetika, tervis, sport","publisher":{"@id":"https:\/\/test.puhdasplus.ee\/lt\/#organization"},"potentialAction":[{"@type":"SearchAction","target":{"@type":"EntryPoint","urlTemplate":"https:\/\/test.puhdasplus.ee\/lt\/?s={search_term_string}"},"query-input":{"@type":"PropertyValueSpecification","valueRequired":true,"valueName":"search_term_string"}}],"inLanguage":"lt-LT"},{"@type":"Organization","@id":"https:\/\/test.puhdasplus.ee\/lt\/#organization","name":"Puhdas+","alternateName":"Puhdasplus","url":"https:\/\/test.puhdasplus.ee\/lt\/","logo":{"@type":"ImageObject","inLanguage":"lt-LT","@id":"https:\/\/test.puhdasplus.ee\/lt\/#\/schema\/logo\/image\/","url":"https:\/\/test.puhdasplus.ee\/\/wp-content\/uploads\/2019\/10\/puhdas_logo-arvele.png","contentUrl":"https:\/\/test.puhdasplus.ee\/\/wp-content\/uploads\/2019\/10\/puhdas_logo-arvele.png","width":114,"height":94,"caption":"Puhdas+"},"image":{"@id":"https:\/\/test.puhdasplus.ee\/lt\/#\/schema\/logo\/image\/"},"sameAs":["https:\/\/www.facebook.com\/puhdasplus","https:\/\/www.instagram.com\/puhdasplus_ee\/"]}]}},"_links":{"self":[{"href":"https:\/\/test.puhdasplus.ee\/lt\/wp-json\/wp\/v2\/product\/33249","targetHints":{"allow":["GET"]}}],"collection":[{"href":"https:\/\/test.puhdasplus.ee\/lt\/wp-json\/wp\/v2\/product"}],"about":[{"href":"https:\/\/test.puhdasplus.ee\/lt\/wp-json\/wp\/v2\/types\/product"}],"replies":[{"embeddable":true,"href":"https:\/\/test.puhdasplus.ee\/lt\/wp-json\/wp\/v2\/comments?post=33249"}],"wp:featuredmedia":[{"embeddable":true,"href":"https:\/\/test.puhdasplus.ee\/lt\/wp-json\/wp\/v2\/media\/33253"}],"wp:attachment":[{"href":"https:\/\/test.puhdasplus.ee\/lt\/wp-json\/wp\/v2\/media?parent=33249"}],"wp:term":[{"taxonomy":"product_brand","embeddable":true,"href":"https:\/\/test.puhdasplus.ee\/lt\/wp-json\/wp\/v2\/product_brand?post=33249"},{"taxonomy":"product_cat","embeddable":true,"href":"https:\/\/test.puhdasplus.ee\/lt\/wp-json\/wp\/v2\/product_cat?post=33249"},{"taxonomy":"product_tag","embeddable":true,"href":"https:\/\/test.puhdasplus.ee\/lt\/wp-json\/wp\/v2\/product_tag?post=33249"}],"curies":[{"name":"wp","href":"https:\/\/api.w.org\/{rel}","templated":true}]}}