{"id":33227,"date":"2024-02-24T14:25:53","date_gmt":"2024-02-24T12:25:53","guid":{"rendered":"https:\/\/test.puhdasplus.ee\/\/tooted\/be-kategorijos\/eziuoles-tinktura-echinacea-purpurea-50-ml\/"},"modified":"2026-03-10T14:11:44","modified_gmt":"2026-03-10T12:11:44","slug":"eziuoles-tinktura-echinacea-purpurea-50-ml","status":"publish","type":"product","link":"https:\/\/test.puhdasplus.ee\/lt\/tooted\/imunine-sistema\/eziuoles-tinktura-echinacea-purpurea-50-ml\/","title":{"rendered":"E\u017eiuol\u0117s tinkt\u016bra (Echinacea purpurea) 50 ml"},"content":{"rendered":"<h2 data-start=\"198\" data-end=\"239\">Kas yra purpurin\u0117s e\u017eiuol\u0117s (Echinacea purpurea) tinkt\u016bra?<\/h2>\n<p class=\"\" data-start=\"241\" data-end=\"360\"><span class=\"relative -mx-px my-[-0.2rem] rounded px-px py-[0.2rem] transition-colors duration-100 ease-in-out\">E\u017eiuol\u0117 yra i\u0161 \u0160iaur\u0117s Amerikos kil\u0119s augalas, <\/span>kuris tradici\u0161kai naudojamas \u012fvairiuose \u017eoliniuose produktuose. Augalas turi daug nat\u016brali\u0173 jungini\u0173, toki\u0173 kaip flavonoidai, polisacharidai ir alkamidai. <\/p>\n<h2 data-start=\"327\" data-end=\"395\">Palaikantis \u017eolinis pasirinkimas rudens ir \u017eiemos laikotarpiui.<\/h2>\n<p class=\"p1\">\u201ePuhdas+\u201c e\u017eiuoli\u0173 tinkt\u016bra sujungia du gerai \u017einomus augalus \u2013 rausva\u017eied\u0119 e\u017eiuol\u0119 (Echinacea purpurea) ir paprast\u0105j\u012f \u010diobrel\u012f, kurie da\u017enai naudojami \u017eoliniuose maisto papilduose b\u016btent rudens ir \u017eiemos laikotarpiu.<\/p>\n<h2 data-start=\"1031\" data-end=\"1092\">\u010ciobrelis \u2013 <b>aromatingas ir tradicinis prieskoninis augalas<\/b><\/h2>\n<p class=\"p1\">Paprastasis \u010diobrelis (Thymus vulgaris) \u017einomas kaip nat\u016bralus prieskoninis augalas, turintis ilg\u0105 istorij\u0105 tiek maisto kult\u016broje, tiek liaudies medicinoje. Jis da\u017enai naudojamas \u017eoliniuose maisto papilduose, ypa\u010d \u0161altesniais m\u0117nesiais. <\/p>\n<h2 data-start=\"362\" data-end=\"384\">Produkto savyb\u0117s<\/h2>\n<ul data-start=\"386\" data-end=\"679\">\n<li class=\"\" data-start=\"386\" data-end=\"442\">\n<p class=\"\" data-start=\"388\" data-end=\"442\"><strong data-start=\"388\" data-end=\"404\">Sudedamosios dalys: <\/strong>Echinacea purpurea (rausva\u017eied\u0117s e\u017eiuol\u0117s) vandens ir etanolio ekstraktas, Thymus vulgaris (paprastojo \u010diobrelio) ekstraktas.<\/p>\n<\/li>\n<li class=\"\" data-start=\"443\" data-end=\"493\">\n<p class=\"\" data-start=\"445\" data-end=\"493\"><strong data-start=\"445\" data-end=\"455\">Vegani\u0161kas:<\/strong> <span class=\"relative -mx-px my-[-0.2rem] rounded px-px py-[0.2rem] transition-colors duration-100 ease-in-out\">Produktas yra 100 % vegani\u0161kas.<\/span><\/p>\n<\/li>\n<li class=\"\" data-start=\"494\" data-end=\"552\">\n<p class=\"\" data-start=\"496\" data-end=\"552\"><strong data-start=\"496\" data-end=\"514\">Vartojimo instrukcija:<\/strong> <span class=\"relative -mx-px my-[-0.2rem] rounded px-px py-[0.2rem] transition-colors duration-100 ease-in-out\">Rekomenduojama paros doz\u0117 yra 20 la\u0161\u0173 3\u20135 kartus per dien\u0105.<\/span><\/p>\n<\/li>\n<li class=\"\" data-start=\"553\" data-end=\"679\">\n<p class=\"\" data-start=\"555\" data-end=\"679\"><strong data-start=\"555\" data-end=\"595\">Dienos doz\u0117je yra (sausosios med\u017eiagos pavidalu): <\/strong>rausva\u017eied\u0117s e\u017eiuol\u0117s ekstrakto 600\u20131000 mg, \u010diobreli\u0173 ekstrakto 21\u201335 mg.<\/p>\n<\/li>\n<\/ul>\n<h2 data-start=\"95\" data-end=\"115\">Ingredientai<\/h2>\n<p class=\"\" data-start=\"119\" data-end=\"156\"><span class=\"relative -mx-px my-[-0.2rem] rounded px-px py-[0.2rem] transition-colors duration-100 ease-in-out\"><strong data-start=\"0\" data-end=\"22\" data-is-only-node=\"\">Echinacea purpurea<\/strong> (rausva\u017eied\u0117s e\u017eiuol\u0117s) ekstraktas, <\/span><span class=\"relative -mx-px my-[-0.2rem] rounded px-px py-[0.2rem] transition-colors duration-100 ease-in-out\"><strong data-start=\"0\" data-end=\"19\" data-is-only-node=\"\">Thymus vulgaris<\/strong> (paprastojo \u010diobrelio) ekstraktas, <\/span><span class=\"relative -mx-px my-[-0.2rem] rounded px-px py-[0.2rem] transition-colors duration-100 ease-in-out\"><strong data-start=\"0\" data-end=\"11\" data-is-only-node=\"\">Etanolis<\/strong> (kaip tirpiklis), <\/span><span class=\"relative -mx-px my-[-0.2rem] rounded px-px py-[0.2rem] transition-colors duration-100 ease-in-out\"><strong data-start=\"0\" data-end=\"8\" data-is-last-node=\"\" data-is-only-node=\"\">Vanduo<\/strong><\/span>.<\/p>\n<p data-start=\"119\" data-end=\"156\"><span class=\"relative -mx-px my-[-0.2rem] rounded px-px py-[0.2rem] transition-colors duration-100 ease-in-out\">Produktas yra <strong data-start=\"24\" data-end=\"38\">100 % vegani\u0161kas<\/strong> ir be joki\u0173 dirbtini\u0173 saldikli\u0173, konservant\u0173 ar kit\u0173 nereikaling\u0173 pried\u0173.<\/span><\/p>\n<h2 data-start=\"681\" data-end=\"713\">\u012esp\u0117jimai ir laikymas<\/h2>\n<ul data-start=\"715\" data-end=\"886\">\n<li class=\"\" data-start=\"715\" data-end=\"756\">\n<p class=\"\" data-start=\"717\" data-end=\"756\"><span class=\"relative -mx-px my-[-0.2rem] rounded px-px py-[0.2rem] transition-colors duration-100 ease-in-out\">Maisto papildas nepakei\u010dia \u012fvairios ir subalansuotos mitybos ar sveiko gyvenimo b\u016bdo.<\/span><\/p>\n<\/li>\n<li class=\"\" data-start=\"757\" data-end=\"798\">\n<p class=\"\" data-start=\"759\" data-end=\"798\"><span class=\"relative -mx-px my-[-0.2rem] rounded px-px py-[0.2rem] transition-colors duration-100 ease-in-out\">Laikyti vaikams nepasiekiamoje vietoje.<\/span><\/p>\n<\/li>\n<li class=\"\" data-start=\"799\" data-end=\"886\">\n<p class=\"\" data-start=\"801\" data-end=\"886\"><span class=\"relative -mx-px my-[-0.2rem] rounded px-px py-[0.2rem] transition-colors duration-100 ease-in-out\">Laikyti sausoje ir v\u0117sioje vietoje.<\/span><\/p>\n<\/li>\n<\/ul>\n<h2>Naudojimas<\/h2>\n<p class=\"\" data-start=\"145\" data-end=\"226\">Rekomenduojama paros doz\u0117 suaugusiesiems: 20 la\u0161\u0173, \u200b\u200b3\u20135 kartus per dien\u0105.<\/p>\n<p class=\"\" data-start=\"228\" data-end=\"294\">La\u0161us galima imti tiesiai i\u0161 \u0161auk\u0161to arba sumai\u0161yti su trupu\u010diu vandens ar sul\u010di\u0173.<\/p>\n<h2 data-start=\"301\" data-end=\"320\">D\u0117mesys<\/h2>\n<ul data-start=\"322\" data-end=\"543\">\n<li class=\"\" data-start=\"322\" data-end=\"366\">\n<p class=\"\" data-start=\"324\" data-end=\"366\">Nevir\u0161ykite rekomenduojamos paros doz\u0117s.<\/p>\n<\/li>\n<li class=\"\" data-start=\"367\" data-end=\"461\">\n<p class=\"\" data-start=\"369\" data-end=\"461\">Maisto papildas nepakei\u010dia \u012fvairios ir subalansuotos mitybos ar sveiko gyvenimo b\u016bdo.<\/p>\n<\/li>\n<li class=\"\" data-start=\"462\" data-end=\"502\">\n<p class=\"\" data-start=\"464\" data-end=\"502\">Laikyti vaikams nepasiekiamoje vietoje.<\/p>\n<\/li>\n<li class=\"\" data-start=\"503\" data-end=\"543\">\n<p class=\"\" data-start=\"505\" data-end=\"543\">Laikyti sausoje ir v\u0117sioje vietoje.<\/p>\n<\/li>\n<\/ul>\n","protected":false},"excerpt":{"rendered":"<p class=\"p1\"><strong>E\u017eiuoli\u0173 tinkt\u016bra (Echinacea purpurea)<\/strong> sukurta papildyti kasdien\u0119 mityb\u0105 tuo metu, kai organizmas susiduria su didesniu i\u0161or\u0117s poveikiu \u2013 pavyzd\u017eiui, rudens-\u017eiemos laikotarpiu, kai orai, <strong>stresas ir gyvenimo ritmo poky\u010diai<\/strong> gali tur\u0117ti \u012ftakos bendrai savijautai ir gerovei.<\/p>\n<p class=\"p1\"><strong>Rausva\u017eied\u0117 e\u017eiuol\u0117<\/strong> turi \u012fvairi\u0173 bioaktyvi\u0173 jungini\u0173, \u012fskaitant alkamidus ir flavonoidus, d\u0117l kuri\u0173 e\u017eiuol\u0117 ilg\u0105 laik\u0105 buvo vertinama kaip \u012fvairi\u0173 \u017eolini\u0173 preparat\u0173 sudedamoji dalis.<\/p>\n<p class=\"p1\">Prid\u0117tas \u010diobrelis papildo \u017eolin\u0119 produkto sud\u0117t\u012f ir suteikia tinkt\u016brai malon\u0173 skonio atspalv\u012f. \u010ciobrelis yra \u017einomas prieskoninis augalas, tradici\u0161kai naudojamas tiek maistui, tiek \u017eoliniams preparatams. <\/p>\n","protected":false},"featured_media":33230,"comment_status":"closed","ping_status":"closed","template":"","meta":{"_acf_changed":false},"product_brand":[],"product_cat":[3048],"product_tag":[3055,3057,3056,3052,3050,3060,3023,3051,3053,3058,3054],"class_list":{"0":"post-33227","1":"product","2":"type-product","3":"status-publish","4":"has-post-thumbnail","6":"product_cat-imunine-sistema","7":"product_tag-ciobreliu-ekstraktas","8":"product_tag-geriausia-tinktura-nuo-gerkles-skausmo","9":"product_tag-gerkles-prieziura","10":"product_tag-gerkles-skausmo-malsinimo-priemone","11":"product_tag-imunines-sistemos-palaikymas","12":"product_tag-imuniteta-stiprinantis-maisto-papildas","13":"product_tag-imunitetas","14":"product_tag-nakvisu-tinktura","15":"product_tag-naturalus-gerkles-papildas","16":"product_tag-naturalus-gerkles-skausma-malsinantis-vaistas","17":"product_tag-purpurines-eziuoles-tinktura","19":"first","20":"onbackorder","21":"taxable","22":"shipping-taxable","23":"purchasable","24":"product-type-simple"},"acf":[],"yoast_head":"<!-- This site is optimized with the Yoast SEO plugin v27.1.1 - https:\/\/yoast.com\/product\/yoast-seo-wordpress\/ -->\n<title>E\u017eiuol\u0117s tinkt\u016bra (Echinacea purpurea) 50 ml - Puhdas+<\/title>\n<meta name=\"description\" content=\"Raudonasis e\u017eiuolis yra gerai \u017einomas liaudies medicinos gydytojas. Populiarus augalas per\u0161alimo profilaktikai ir imuninei sistemai stiprinti.\" \/>\n<meta name=\"robots\" content=\"noindex, follow, max-snippet:-1, max-image-preview:large, max-video-preview:-1\" \/>\n<meta property=\"og:locale\" content=\"lt_LT\" \/>\n<meta property=\"og:type\" content=\"article\" \/>\n<meta property=\"og:title\" content=\"E\u017eiuol\u0117s tinkt\u016bra (Echinacea purpurea) 50 ml - Puhdas+\" \/>\n<meta property=\"og:description\" content=\"Raudonasis e\u017eiuolis yra gerai \u017einomas liaudies medicinos gydytojas. Populiarus augalas per\u0161alimo profilaktikai ir imuninei sistemai stiprinti.\" \/>\n<meta property=\"og:url\" content=\"https:\/\/test.puhdasplus.ee\/lt\/tooted\/imunine-sistema\/eziuoles-tinktura-echinacea-purpurea-50-ml\/\" \/>\n<meta property=\"og:site_name\" content=\"Puhdas+\" \/>\n<meta property=\"article:publisher\" content=\"https:\/\/www.facebook.com\/puhdasplus\" \/>\n<meta property=\"article:modified_time\" content=\"2026-03-10T12:11:44+00:00\" \/>\n<meta property=\"og:image\" content=\"https:\/\/test.puhdasplus.ee\/wp-content\/uploads\/2025\/03\/92.jpg\" \/>\n\t<meta property=\"og:image:width\" content=\"1862\" \/>\n\t<meta property=\"og:image:height\" content=\"2560\" \/>\n\t<meta property=\"og:image:type\" content=\"image\/jpeg\" \/>\n<meta name=\"twitter:card\" content=\"summary_large_image\" \/>\n<meta name=\"twitter:label1\" content=\"Est. reading time\" \/>\n\t<meta name=\"twitter:data1\" content=\"1 minut\u0117\" \/>\n<script type=\"application\/ld+json\" class=\"yoast-schema-graph\">{\"@context\":\"https:\/\/schema.org\",\"@graph\":[{\"@type\":\"WebPage\",\"@id\":\"https:\/\/test.puhdasplus.ee\/lt\/tooted\/imunine-sistema\/eziuoles-tinktura-echinacea-purpurea-50-ml\/\",\"url\":\"https:\/\/test.puhdasplus.ee\/lt\/tooted\/imunine-sistema\/eziuoles-tinktura-echinacea-purpurea-50-ml\/\",\"name\":\"E\u017eiuol\u0117s tinkt\u016bra (Echinacea purpurea) 50 ml - Puhdas+\",\"isPartOf\":{\"@id\":\"https:\/\/test.puhdasplus.ee\/lt\/#website\"},\"primaryImageOfPage\":{\"@id\":\"https:\/\/test.puhdasplus.ee\/lt\/tooted\/imunine-sistema\/eziuoles-tinktura-echinacea-purpurea-50-ml\/#primaryimage\"},\"image\":{\"@id\":\"https:\/\/test.puhdasplus.ee\/lt\/tooted\/imunine-sistema\/eziuoles-tinktura-echinacea-purpurea-50-ml\/#primaryimage\"},\"thumbnailUrl\":\"https:\/\/test.puhdasplus.ee\/wp-content\/uploads\/2025\/03\/92.jpg\",\"datePublished\":\"2024-02-24T12:25:53+00:00\",\"dateModified\":\"2026-03-10T12:11:44+00:00\",\"description\":\"Raudonasis e\u017eiuolis yra gerai \u017einomas liaudies medicinos gydytojas. Populiarus augalas per\u0161alimo profilaktikai ir imuninei sistemai stiprinti.\",\"breadcrumb\":{\"@id\":\"https:\/\/test.puhdasplus.ee\/lt\/tooted\/imunine-sistema\/eziuoles-tinktura-echinacea-purpurea-50-ml\/#breadcrumb\"},\"inLanguage\":\"lt-LT\",\"potentialAction\":[{\"@type\":\"ReadAction\",\"target\":[\"https:\/\/test.puhdasplus.ee\/lt\/tooted\/imunine-sistema\/eziuoles-tinktura-echinacea-purpurea-50-ml\/\"]}]},{\"@type\":\"ImageObject\",\"inLanguage\":\"lt-LT\",\"@id\":\"https:\/\/test.puhdasplus.ee\/lt\/tooted\/imunine-sistema\/eziuoles-tinktura-echinacea-purpurea-50-ml\/#primaryimage\",\"url\":\"https:\/\/test.puhdasplus.ee\/wp-content\/uploads\/2025\/03\/92.jpg\",\"contentUrl\":\"https:\/\/test.puhdasplus.ee\/wp-content\/uploads\/2025\/03\/92.jpg\",\"width\":1862,\"height\":2560,\"caption\":\"E\u017eiuol\u0117s tinkt\u016bra (Echinacea purpurea)\"},{\"@type\":\"BreadcrumbList\",\"@id\":\"https:\/\/test.puhdasplus.ee\/lt\/tooted\/imunine-sistema\/eziuoles-tinktura-echinacea-purpurea-50-ml\/#breadcrumb\",\"itemListElement\":[{\"@type\":\"ListItem\",\"position\":1,\"name\":\"Prad\u017eia\",\"item\":\"https:\/\/test.puhdasplus.ee\/lt\/\"},{\"@type\":\"ListItem\",\"position\":2,\"name\":\"Produktai\",\"item\":\"https:\/\/test.puhdasplus.ee\/lt\/parduotuve\/\"},{\"@type\":\"ListItem\",\"position\":3,\"name\":\"E\u017eiuol\u0117s tinkt\u016bra (Echinacea purpurea) 50 ml\"}]},{\"@type\":\"WebSite\",\"@id\":\"https:\/\/test.puhdasplus.ee\/lt\/#website\",\"url\":\"https:\/\/test.puhdasplus.ee\/lt\/\",\"name\":\"Puhdas+\",\"description\":\"Vitamiinid, Toidulisandid, looduskosmeetika, tervis, sport\",\"publisher\":{\"@id\":\"https:\/\/test.puhdasplus.ee\/lt\/#organization\"},\"potentialAction\":[{\"@type\":\"SearchAction\",\"target\":{\"@type\":\"EntryPoint\",\"urlTemplate\":\"https:\/\/test.puhdasplus.ee\/lt\/?s={search_term_string}\"},\"query-input\":{\"@type\":\"PropertyValueSpecification\",\"valueRequired\":true,\"valueName\":\"search_term_string\"}}],\"inLanguage\":\"lt-LT\"},{\"@type\":\"Organization\",\"@id\":\"https:\/\/test.puhdasplus.ee\/lt\/#organization\",\"name\":\"Puhdas+\",\"alternateName\":\"Puhdasplus\",\"url\":\"https:\/\/test.puhdasplus.ee\/lt\/\",\"logo\":{\"@type\":\"ImageObject\",\"inLanguage\":\"lt-LT\",\"@id\":\"https:\/\/test.puhdasplus.ee\/lt\/#\/schema\/logo\/image\/\",\"url\":\"https:\/\/test.puhdasplus.ee\/\/wp-content\/uploads\/2019\/10\/puhdas_logo-arvele.png\",\"contentUrl\":\"https:\/\/test.puhdasplus.ee\/\/wp-content\/uploads\/2019\/10\/puhdas_logo-arvele.png\",\"width\":114,\"height\":94,\"caption\":\"Puhdas+\"},\"image\":{\"@id\":\"https:\/\/test.puhdasplus.ee\/lt\/#\/schema\/logo\/image\/\"},\"sameAs\":[\"https:\/\/www.facebook.com\/puhdasplus\",\"https:\/\/www.instagram.com\/puhdasplus_ee\/\"]}]}<\/script>\n<!-- \/ Yoast SEO plugin. -->","yoast_head_json":{"title":"E\u017eiuol\u0117s tinkt\u016bra (Echinacea purpurea) 50 ml - Puhdas+","description":"Raudonasis e\u017eiuolis yra gerai \u017einomas liaudies medicinos gydytojas. Populiarus augalas per\u0161alimo profilaktikai ir imuninei sistemai stiprinti.","robots":{"index":"noindex","follow":"follow","max-snippet":"max-snippet:-1","max-image-preview":"max-image-preview:large","max-video-preview":"max-video-preview:-1"},"og_locale":"lt_LT","og_type":"article","og_title":"E\u017eiuol\u0117s tinkt\u016bra (Echinacea purpurea) 50 ml - Puhdas+","og_description":"Raudonasis e\u017eiuolis yra gerai \u017einomas liaudies medicinos gydytojas. Populiarus augalas per\u0161alimo profilaktikai ir imuninei sistemai stiprinti.","og_url":"https:\/\/test.puhdasplus.ee\/lt\/tooted\/imunine-sistema\/eziuoles-tinktura-echinacea-purpurea-50-ml\/","og_site_name":"Puhdas+","article_publisher":"https:\/\/www.facebook.com\/puhdasplus","article_modified_time":"2026-03-10T12:11:44+00:00","og_image":[{"width":1862,"height":2560,"url":"https:\/\/test.puhdasplus.ee\/wp-content\/uploads\/2025\/03\/92.jpg","type":"image\/jpeg"}],"twitter_card":"summary_large_image","twitter_misc":{"Est. reading time":"1 minut\u0117"},"schema":{"@context":"https:\/\/schema.org","@graph":[{"@type":"WebPage","@id":"https:\/\/test.puhdasplus.ee\/lt\/tooted\/imunine-sistema\/eziuoles-tinktura-echinacea-purpurea-50-ml\/","url":"https:\/\/test.puhdasplus.ee\/lt\/tooted\/imunine-sistema\/eziuoles-tinktura-echinacea-purpurea-50-ml\/","name":"E\u017eiuol\u0117s tinkt\u016bra (Echinacea purpurea) 50 ml - Puhdas+","isPartOf":{"@id":"https:\/\/test.puhdasplus.ee\/lt\/#website"},"primaryImageOfPage":{"@id":"https:\/\/test.puhdasplus.ee\/lt\/tooted\/imunine-sistema\/eziuoles-tinktura-echinacea-purpurea-50-ml\/#primaryimage"},"image":{"@id":"https:\/\/test.puhdasplus.ee\/lt\/tooted\/imunine-sistema\/eziuoles-tinktura-echinacea-purpurea-50-ml\/#primaryimage"},"thumbnailUrl":"https:\/\/test.puhdasplus.ee\/wp-content\/uploads\/2025\/03\/92.jpg","datePublished":"2024-02-24T12:25:53+00:00","dateModified":"2026-03-10T12:11:44+00:00","description":"Raudonasis e\u017eiuolis yra gerai \u017einomas liaudies medicinos gydytojas. Populiarus augalas per\u0161alimo profilaktikai ir imuninei sistemai stiprinti.","breadcrumb":{"@id":"https:\/\/test.puhdasplus.ee\/lt\/tooted\/imunine-sistema\/eziuoles-tinktura-echinacea-purpurea-50-ml\/#breadcrumb"},"inLanguage":"lt-LT","potentialAction":[{"@type":"ReadAction","target":["https:\/\/test.puhdasplus.ee\/lt\/tooted\/imunine-sistema\/eziuoles-tinktura-echinacea-purpurea-50-ml\/"]}]},{"@type":"ImageObject","inLanguage":"lt-LT","@id":"https:\/\/test.puhdasplus.ee\/lt\/tooted\/imunine-sistema\/eziuoles-tinktura-echinacea-purpurea-50-ml\/#primaryimage","url":"https:\/\/test.puhdasplus.ee\/wp-content\/uploads\/2025\/03\/92.jpg","contentUrl":"https:\/\/test.puhdasplus.ee\/wp-content\/uploads\/2025\/03\/92.jpg","width":1862,"height":2560,"caption":"E\u017eiuol\u0117s tinkt\u016bra (Echinacea purpurea)"},{"@type":"BreadcrumbList","@id":"https:\/\/test.puhdasplus.ee\/lt\/tooted\/imunine-sistema\/eziuoles-tinktura-echinacea-purpurea-50-ml\/#breadcrumb","itemListElement":[{"@type":"ListItem","position":1,"name":"Prad\u017eia","item":"https:\/\/test.puhdasplus.ee\/lt\/"},{"@type":"ListItem","position":2,"name":"Produktai","item":"https:\/\/test.puhdasplus.ee\/lt\/parduotuve\/"},{"@type":"ListItem","position":3,"name":"E\u017eiuol\u0117s tinkt\u016bra (Echinacea purpurea) 50 ml"}]},{"@type":"WebSite","@id":"https:\/\/test.puhdasplus.ee\/lt\/#website","url":"https:\/\/test.puhdasplus.ee\/lt\/","name":"Puhdas+","description":"Vitamiinid, Toidulisandid, looduskosmeetika, tervis, sport","publisher":{"@id":"https:\/\/test.puhdasplus.ee\/lt\/#organization"},"potentialAction":[{"@type":"SearchAction","target":{"@type":"EntryPoint","urlTemplate":"https:\/\/test.puhdasplus.ee\/lt\/?s={search_term_string}"},"query-input":{"@type":"PropertyValueSpecification","valueRequired":true,"valueName":"search_term_string"}}],"inLanguage":"lt-LT"},{"@type":"Organization","@id":"https:\/\/test.puhdasplus.ee\/lt\/#organization","name":"Puhdas+","alternateName":"Puhdasplus","url":"https:\/\/test.puhdasplus.ee\/lt\/","logo":{"@type":"ImageObject","inLanguage":"lt-LT","@id":"https:\/\/test.puhdasplus.ee\/lt\/#\/schema\/logo\/image\/","url":"https:\/\/test.puhdasplus.ee\/\/wp-content\/uploads\/2019\/10\/puhdas_logo-arvele.png","contentUrl":"https:\/\/test.puhdasplus.ee\/\/wp-content\/uploads\/2019\/10\/puhdas_logo-arvele.png","width":114,"height":94,"caption":"Puhdas+"},"image":{"@id":"https:\/\/test.puhdasplus.ee\/lt\/#\/schema\/logo\/image\/"},"sameAs":["https:\/\/www.facebook.com\/puhdasplus","https:\/\/www.instagram.com\/puhdasplus_ee\/"]}]}},"_links":{"self":[{"href":"https:\/\/test.puhdasplus.ee\/lt\/wp-json\/wp\/v2\/product\/33227","targetHints":{"allow":["GET"]}}],"collection":[{"href":"https:\/\/test.puhdasplus.ee\/lt\/wp-json\/wp\/v2\/product"}],"about":[{"href":"https:\/\/test.puhdasplus.ee\/lt\/wp-json\/wp\/v2\/types\/product"}],"replies":[{"embeddable":true,"href":"https:\/\/test.puhdasplus.ee\/lt\/wp-json\/wp\/v2\/comments?post=33227"}],"wp:featuredmedia":[{"embeddable":true,"href":"https:\/\/test.puhdasplus.ee\/lt\/wp-json\/wp\/v2\/media\/33230"}],"wp:attachment":[{"href":"https:\/\/test.puhdasplus.ee\/lt\/wp-json\/wp\/v2\/media?parent=33227"}],"wp:term":[{"taxonomy":"product_brand","embeddable":true,"href":"https:\/\/test.puhdasplus.ee\/lt\/wp-json\/wp\/v2\/product_brand?post=33227"},{"taxonomy":"product_cat","embeddable":true,"href":"https:\/\/test.puhdasplus.ee\/lt\/wp-json\/wp\/v2\/product_cat?post=33227"},{"taxonomy":"product_tag","embeddable":true,"href":"https:\/\/test.puhdasplus.ee\/lt\/wp-json\/wp\/v2\/product_tag?post=33227"}],"curies":[{"name":"wp","href":"https:\/\/api.w.org\/{rel}","templated":true}]}}