{"id":33214,"date":"2025-01-16T20:15:45","date_gmt":"2025-01-16T18:15:45","guid":{"rendered":"https:\/\/test.puhdasplus.ee\/\/tooted\/be-kategorijos\/kolageno-serumas-30-ml\/"},"modified":"2026-02-27T11:27:18","modified_gmt":"2026-02-27T09:27:18","slug":"kolageno-serumas-30-ml","status":"publish","type":"product","link":"https:\/\/test.puhdasplus.ee\/lt\/tooted\/kosmetika-lt\/kolageno-serumas-30-ml\/","title":{"rendered":"Kolageno serumas 30 ml"},"content":{"rendered":"<p>Kolageno serumas \u2013 tai intensyviai stangrinamasis ir dr\u0117kinamasis serumas, kurio sud\u0117tyje yra auk\u0161tos kokyb\u0117s hidrolizuoto kolageno, gerinan\u010dio odos elastingum\u0105 ir ma\u017einan\u010dio rauk\u0161les. Kolagenas padeda stiprinti odos strukt\u016br\u0105, padaryti j\u0105 lygesn\u0119 ir suteikti jaunatvi\u0161ko \u0161vyt\u0117jimo. Serume esanti hialurono r\u016bg\u0161tis giliai dr\u0117kina od\u0105, pad\u0117dama palaikyti jos dr\u0117gm\u0117s balans\u0105 ir u\u017ekirsti keli\u0105 rauk\u0161li\u0173 susidarymui d\u0117l sausumo. Lengva ir greitai \u012fsigerianti formul\u0117 idealiai tinka kasdienei vis\u0173 odos tip\u0173, ypa\u010d brand\u017eios ir sausos odos, prie\u017ei\u016brai.   <\/p>\n<p data-start=\"717\" data-end=\"741\"><strong data-start=\"717\" data-end=\"739\">Naudojimo instrukcijos:<\/strong><\/p>\n<ol data-start=\"742\" data-end=\"1012\">\n<li data-start=\"742\" data-end=\"795\">Prie\u0161 tepdami serum\u0105, nuvalykite ir nusausinkite od\u0105.<\/li>\n<li data-start=\"796\" data-end=\"891\">U\u017etepkite 2\u20133 la\u0161us serumo ant veido ir kaklo odos ir \u0161velniai masa\u017euokite, kol \u012fsigers.<\/li>\n<li data-start=\"892\" data-end=\"951\">Naudokite ryte ir (arba) vakare prie\u0161 dr\u0117kinam\u0105j\u012f krem\u0105.<\/li>\n<li data-start=\"952\" data-end=\"1012\">Geriausiems rezultatams pasiekti naudokite reguliariai.<\/li>\n<\/ol>\n<p data-start=\"1014\" data-end=\"1194\"><strong data-start=\"1014\" data-end=\"1030\">Sud\u0117tis:<\/strong><br data-start=\"1030\" data-end=\"1033\">Aqua (vanduo), gl\u00fctseriin (glicerinas), oliivi\u00f5li (Olea Europaea Fruit Oil)<em data-start=\"129\" data-end=\"358\" data-is-only-node=\"\">, kapr\u00fc\u00fcl\/kapriintrigl\u00fctseriid (kaprilo\/kaprio trigliceridas), C14-22 alkoholid (C14-22 alkoholiai), C12-20 alk\u00fc\u00fclgl\u00fckosiid (C12-20 alkilgliukozidas), h\u00fcdrol\u00fc\u00fcsitud kollageen (hidrolizuotas kolagenas), biotiin (biotinas), astelpaju viljaekstrakt (Hippophae Rhamnoides), maltodekstriin (maltodekstrinas), askorbiinhape (askorbo r\u016bg\u0161tis), argaania\u00f5li (Argania Spinosa Kernel Oil)<\/em>, jojoba\u00f5li (Simmondsia Chinensis Seed Oil)<em data-start=\"401\" data-end=\"442\">, sheav\u00f5i (Butyrospermum Parkii Butter)<\/em>, l\u00f5hnaaine (parfum), naatriumdeh\u00fcdroatsetaat (natrio dehidroacetatas), ksantaankummi (ksantano derva), tokoferool (tokoferolis), naatriumbensoaat (natrio benzoatas). Organinis.<\/p>\n","protected":false},"excerpt":{"rendered":"<p>Stangrinantis ir giliai dr\u0117kinantis kolageno serumas, atkuriantis odos elastingum\u0105, ma\u017einantis rauk\u0161les ir suteikiantis jaunatvi\u0161k\u0105 spindes\u012f.<\/p>\n","protected":false},"featured_media":33217,"comment_status":"closed","ping_status":"closed","template":"","meta":{"_acf_changed":false},"product_brand":[],"product_cat":[2582],"product_tag":[2691,3011,2704,2929,2668,2886,2667,2669,2705,2678,2911,3012],"class_list":{"0":"post-33214","1":"product","2":"type-product","3":"status-publish","4":"has-post-thumbnail","6":"product_cat-kosmetika-lt","7":"product_tag-gilus-drekinimas","8":"product_tag-kolageno-serumas","9":"product_tag-kolageno-stimuliacija","10":"product_tag-naturali-prieziura","11":"product_tag-odos-elastingumas","12":"product_tag-odos-prieziura","13":"product_tag-organinis","14":"product_tag-rauksliu-prevencijos-priemone","15":"product_tag-senejima-stabdantis","16":"product_tag-serumas","17":"product_tag-stangrinamasis-serumas","18":"product_tag-svarus-grazus","20":"first","21":"onbackorder","22":"taxable","23":"shipping-taxable","24":"purchasable","25":"product-type-simple"},"acf":[],"yoast_head":"<!-- This site is optimized with the Yoast SEO plugin v27.1.1 - https:\/\/yoast.com\/product\/yoast-seo-wordpress\/ -->\n<title>Kolageno serumas 30 ml - Puhdas+<\/title>\n<meta name=\"description\" content=\"\u201ePuhdas+\u201c kolageno serumas \u2013 veiksmingas kolageno serumas, palaikantis odos elastingum\u0105 ir dr\u0117kinim\u0105. Gryna sud\u0117tis, be pried\u0173, tinka kasdienei odos prie\u017ei\u016brai.\" \/>\n<meta name=\"robots\" content=\"noindex, follow, max-snippet:-1, max-image-preview:large, max-video-preview:-1\" \/>\n<meta property=\"og:locale\" content=\"lt_LT\" \/>\n<meta property=\"og:type\" content=\"article\" \/>\n<meta property=\"og:title\" content=\"Kolageno serumas 30 ml - Puhdas+\" \/>\n<meta property=\"og:description\" content=\"\u201ePuhdas+\u201c kolageno serumas \u2013 veiksmingas kolageno serumas, palaikantis odos elastingum\u0105 ir dr\u0117kinim\u0105. Gryna sud\u0117tis, be pried\u0173, tinka kasdienei odos prie\u017ei\u016brai.\" \/>\n<meta property=\"og:url\" content=\"https:\/\/test.puhdasplus.ee\/lt\/tooted\/kosmetika-lt\/kolageno-serumas-30-ml\/\" \/>\n<meta property=\"og:site_name\" content=\"Puhdas+\" \/>\n<meta property=\"article:publisher\" content=\"https:\/\/www.facebook.com\/puhdasplus\" \/>\n<meta property=\"article:modified_time\" content=\"2026-02-27T09:27:18+00:00\" \/>\n<meta property=\"og:image\" content=\"https:\/\/test.puhdasplus.ee\/wp-content\/uploads\/2025\/03\/146.jpg\" \/>\n\t<meta property=\"og:image:width\" content=\"1862\" \/>\n\t<meta property=\"og:image:height\" content=\"2560\" \/>\n\t<meta property=\"og:image:type\" content=\"image\/jpeg\" \/>\n<meta name=\"twitter:card\" content=\"summary_large_image\" \/>\n<meta name=\"twitter:label1\" content=\"Est. reading time\" \/>\n\t<meta name=\"twitter:data1\" content=\"1 minut\u0117\" \/>\n<script type=\"application\/ld+json\" class=\"yoast-schema-graph\">{\"@context\":\"https:\/\/schema.org\",\"@graph\":[{\"@type\":\"WebPage\",\"@id\":\"https:\/\/test.puhdasplus.ee\/lt\/tooted\/kosmetika-lt\/kolageno-serumas-30-ml\/\",\"url\":\"https:\/\/test.puhdasplus.ee\/lt\/tooted\/kosmetika-lt\/kolageno-serumas-30-ml\/\",\"name\":\"Kolageno serumas 30 ml - Puhdas+\",\"isPartOf\":{\"@id\":\"https:\/\/test.puhdasplus.ee\/lt\/#website\"},\"primaryImageOfPage\":{\"@id\":\"https:\/\/test.puhdasplus.ee\/lt\/tooted\/kosmetika-lt\/kolageno-serumas-30-ml\/#primaryimage\"},\"image\":{\"@id\":\"https:\/\/test.puhdasplus.ee\/lt\/tooted\/kosmetika-lt\/kolageno-serumas-30-ml\/#primaryimage\"},\"thumbnailUrl\":\"https:\/\/test.puhdasplus.ee\/wp-content\/uploads\/2025\/03\/146.jpg\",\"datePublished\":\"2025-01-16T18:15:45+00:00\",\"dateModified\":\"2026-02-27T09:27:18+00:00\",\"description\":\"\u201ePuhdas+\u201c kolageno serumas \u2013 veiksmingas kolageno serumas, palaikantis odos elastingum\u0105 ir dr\u0117kinim\u0105. Gryna sud\u0117tis, be pried\u0173, tinka kasdienei odos prie\u017ei\u016brai.\",\"breadcrumb\":{\"@id\":\"https:\/\/test.puhdasplus.ee\/lt\/tooted\/kosmetika-lt\/kolageno-serumas-30-ml\/#breadcrumb\"},\"inLanguage\":\"lt-LT\",\"potentialAction\":[{\"@type\":\"ReadAction\",\"target\":[\"https:\/\/test.puhdasplus.ee\/lt\/tooted\/kosmetika-lt\/kolageno-serumas-30-ml\/\"]}]},{\"@type\":\"ImageObject\",\"inLanguage\":\"lt-LT\",\"@id\":\"https:\/\/test.puhdasplus.ee\/lt\/tooted\/kosmetika-lt\/kolageno-serumas-30-ml\/#primaryimage\",\"url\":\"https:\/\/test.puhdasplus.ee\/wp-content\/uploads\/2025\/03\/146.jpg\",\"contentUrl\":\"https:\/\/test.puhdasplus.ee\/wp-content\/uploads\/2025\/03\/146.jpg\",\"width\":1862,\"height\":2560,\"caption\":\"Kolageno serumas\"},{\"@type\":\"BreadcrumbList\",\"@id\":\"https:\/\/test.puhdasplus.ee\/lt\/tooted\/kosmetika-lt\/kolageno-serumas-30-ml\/#breadcrumb\",\"itemListElement\":[{\"@type\":\"ListItem\",\"position\":1,\"name\":\"Prad\u017eia\",\"item\":\"https:\/\/test.puhdasplus.ee\/lt\/\"},{\"@type\":\"ListItem\",\"position\":2,\"name\":\"Produktai\",\"item\":\"https:\/\/test.puhdasplus.ee\/lt\/parduotuve\/\"},{\"@type\":\"ListItem\",\"position\":3,\"name\":\"Kolageno serumas 30 ml\"}]},{\"@type\":\"WebSite\",\"@id\":\"https:\/\/test.puhdasplus.ee\/lt\/#website\",\"url\":\"https:\/\/test.puhdasplus.ee\/lt\/\",\"name\":\"Puhdas+\",\"description\":\"Vitamiinid, Toidulisandid, looduskosmeetika, tervis, sport\",\"publisher\":{\"@id\":\"https:\/\/test.puhdasplus.ee\/lt\/#organization\"},\"potentialAction\":[{\"@type\":\"SearchAction\",\"target\":{\"@type\":\"EntryPoint\",\"urlTemplate\":\"https:\/\/test.puhdasplus.ee\/lt\/?s={search_term_string}\"},\"query-input\":{\"@type\":\"PropertyValueSpecification\",\"valueRequired\":true,\"valueName\":\"search_term_string\"}}],\"inLanguage\":\"lt-LT\"},{\"@type\":\"Organization\",\"@id\":\"https:\/\/test.puhdasplus.ee\/lt\/#organization\",\"name\":\"Puhdas+\",\"alternateName\":\"Puhdasplus\",\"url\":\"https:\/\/test.puhdasplus.ee\/lt\/\",\"logo\":{\"@type\":\"ImageObject\",\"inLanguage\":\"lt-LT\",\"@id\":\"https:\/\/test.puhdasplus.ee\/lt\/#\/schema\/logo\/image\/\",\"url\":\"https:\/\/test.puhdasplus.ee\/\/wp-content\/uploads\/2019\/10\/puhdas_logo-arvele.png\",\"contentUrl\":\"https:\/\/test.puhdasplus.ee\/\/wp-content\/uploads\/2019\/10\/puhdas_logo-arvele.png\",\"width\":114,\"height\":94,\"caption\":\"Puhdas+\"},\"image\":{\"@id\":\"https:\/\/test.puhdasplus.ee\/lt\/#\/schema\/logo\/image\/\"},\"sameAs\":[\"https:\/\/www.facebook.com\/puhdasplus\",\"https:\/\/www.instagram.com\/puhdasplus_ee\/\"]}]}<\/script>\n<!-- \/ Yoast SEO plugin. -->","yoast_head_json":{"title":"Kolageno serumas 30 ml - Puhdas+","description":"\u201ePuhdas+\u201c kolageno serumas \u2013 veiksmingas kolageno serumas, palaikantis odos elastingum\u0105 ir dr\u0117kinim\u0105. Gryna sud\u0117tis, be pried\u0173, tinka kasdienei odos prie\u017ei\u016brai.","robots":{"index":"noindex","follow":"follow","max-snippet":"max-snippet:-1","max-image-preview":"max-image-preview:large","max-video-preview":"max-video-preview:-1"},"og_locale":"lt_LT","og_type":"article","og_title":"Kolageno serumas 30 ml - Puhdas+","og_description":"\u201ePuhdas+\u201c kolageno serumas \u2013 veiksmingas kolageno serumas, palaikantis odos elastingum\u0105 ir dr\u0117kinim\u0105. Gryna sud\u0117tis, be pried\u0173, tinka kasdienei odos prie\u017ei\u016brai.","og_url":"https:\/\/test.puhdasplus.ee\/lt\/tooted\/kosmetika-lt\/kolageno-serumas-30-ml\/","og_site_name":"Puhdas+","article_publisher":"https:\/\/www.facebook.com\/puhdasplus","article_modified_time":"2026-02-27T09:27:18+00:00","og_image":[{"width":1862,"height":2560,"url":"https:\/\/test.puhdasplus.ee\/wp-content\/uploads\/2025\/03\/146.jpg","type":"image\/jpeg"}],"twitter_card":"summary_large_image","twitter_misc":{"Est. reading time":"1 minut\u0117"},"schema":{"@context":"https:\/\/schema.org","@graph":[{"@type":"WebPage","@id":"https:\/\/test.puhdasplus.ee\/lt\/tooted\/kosmetika-lt\/kolageno-serumas-30-ml\/","url":"https:\/\/test.puhdasplus.ee\/lt\/tooted\/kosmetika-lt\/kolageno-serumas-30-ml\/","name":"Kolageno serumas 30 ml - Puhdas+","isPartOf":{"@id":"https:\/\/test.puhdasplus.ee\/lt\/#website"},"primaryImageOfPage":{"@id":"https:\/\/test.puhdasplus.ee\/lt\/tooted\/kosmetika-lt\/kolageno-serumas-30-ml\/#primaryimage"},"image":{"@id":"https:\/\/test.puhdasplus.ee\/lt\/tooted\/kosmetika-lt\/kolageno-serumas-30-ml\/#primaryimage"},"thumbnailUrl":"https:\/\/test.puhdasplus.ee\/wp-content\/uploads\/2025\/03\/146.jpg","datePublished":"2025-01-16T18:15:45+00:00","dateModified":"2026-02-27T09:27:18+00:00","description":"\u201ePuhdas+\u201c kolageno serumas \u2013 veiksmingas kolageno serumas, palaikantis odos elastingum\u0105 ir dr\u0117kinim\u0105. Gryna sud\u0117tis, be pried\u0173, tinka kasdienei odos prie\u017ei\u016brai.","breadcrumb":{"@id":"https:\/\/test.puhdasplus.ee\/lt\/tooted\/kosmetika-lt\/kolageno-serumas-30-ml\/#breadcrumb"},"inLanguage":"lt-LT","potentialAction":[{"@type":"ReadAction","target":["https:\/\/test.puhdasplus.ee\/lt\/tooted\/kosmetika-lt\/kolageno-serumas-30-ml\/"]}]},{"@type":"ImageObject","inLanguage":"lt-LT","@id":"https:\/\/test.puhdasplus.ee\/lt\/tooted\/kosmetika-lt\/kolageno-serumas-30-ml\/#primaryimage","url":"https:\/\/test.puhdasplus.ee\/wp-content\/uploads\/2025\/03\/146.jpg","contentUrl":"https:\/\/test.puhdasplus.ee\/wp-content\/uploads\/2025\/03\/146.jpg","width":1862,"height":2560,"caption":"Kolageno serumas"},{"@type":"BreadcrumbList","@id":"https:\/\/test.puhdasplus.ee\/lt\/tooted\/kosmetika-lt\/kolageno-serumas-30-ml\/#breadcrumb","itemListElement":[{"@type":"ListItem","position":1,"name":"Prad\u017eia","item":"https:\/\/test.puhdasplus.ee\/lt\/"},{"@type":"ListItem","position":2,"name":"Produktai","item":"https:\/\/test.puhdasplus.ee\/lt\/parduotuve\/"},{"@type":"ListItem","position":3,"name":"Kolageno serumas 30 ml"}]},{"@type":"WebSite","@id":"https:\/\/test.puhdasplus.ee\/lt\/#website","url":"https:\/\/test.puhdasplus.ee\/lt\/","name":"Puhdas+","description":"Vitamiinid, Toidulisandid, looduskosmeetika, tervis, sport","publisher":{"@id":"https:\/\/test.puhdasplus.ee\/lt\/#organization"},"potentialAction":[{"@type":"SearchAction","target":{"@type":"EntryPoint","urlTemplate":"https:\/\/test.puhdasplus.ee\/lt\/?s={search_term_string}"},"query-input":{"@type":"PropertyValueSpecification","valueRequired":true,"valueName":"search_term_string"}}],"inLanguage":"lt-LT"},{"@type":"Organization","@id":"https:\/\/test.puhdasplus.ee\/lt\/#organization","name":"Puhdas+","alternateName":"Puhdasplus","url":"https:\/\/test.puhdasplus.ee\/lt\/","logo":{"@type":"ImageObject","inLanguage":"lt-LT","@id":"https:\/\/test.puhdasplus.ee\/lt\/#\/schema\/logo\/image\/","url":"https:\/\/test.puhdasplus.ee\/\/wp-content\/uploads\/2019\/10\/puhdas_logo-arvele.png","contentUrl":"https:\/\/test.puhdasplus.ee\/\/wp-content\/uploads\/2019\/10\/puhdas_logo-arvele.png","width":114,"height":94,"caption":"Puhdas+"},"image":{"@id":"https:\/\/test.puhdasplus.ee\/lt\/#\/schema\/logo\/image\/"},"sameAs":["https:\/\/www.facebook.com\/puhdasplus","https:\/\/www.instagram.com\/puhdasplus_ee\/"]}]}},"_links":{"self":[{"href":"https:\/\/test.puhdasplus.ee\/lt\/wp-json\/wp\/v2\/product\/33214","targetHints":{"allow":["GET"]}}],"collection":[{"href":"https:\/\/test.puhdasplus.ee\/lt\/wp-json\/wp\/v2\/product"}],"about":[{"href":"https:\/\/test.puhdasplus.ee\/lt\/wp-json\/wp\/v2\/types\/product"}],"replies":[{"embeddable":true,"href":"https:\/\/test.puhdasplus.ee\/lt\/wp-json\/wp\/v2\/comments?post=33214"}],"wp:featuredmedia":[{"embeddable":true,"href":"https:\/\/test.puhdasplus.ee\/lt\/wp-json\/wp\/v2\/media\/33217"}],"wp:attachment":[{"href":"https:\/\/test.puhdasplus.ee\/lt\/wp-json\/wp\/v2\/media?parent=33214"}],"wp:term":[{"taxonomy":"product_brand","embeddable":true,"href":"https:\/\/test.puhdasplus.ee\/lt\/wp-json\/wp\/v2\/product_brand?post=33214"},{"taxonomy":"product_cat","embeddable":true,"href":"https:\/\/test.puhdasplus.ee\/lt\/wp-json\/wp\/v2\/product_cat?post=33214"},{"taxonomy":"product_tag","embeddable":true,"href":"https:\/\/test.puhdasplus.ee\/lt\/wp-json\/wp\/v2\/product_tag?post=33214"}],"curies":[{"name":"wp","href":"https:\/\/api.w.org\/{rel}","templated":true}]}}