{"id":33199,"date":"2025-01-16T20:42:27","date_gmt":"2025-01-16T18:42:27","guid":{"rendered":"https:\/\/test.puhdasplus.ee\/\/tooted\/be-kategorijos\/bakuchiol-grozio-eliksyras-15-ml\/"},"modified":"2026-02-23T20:14:52","modified_gmt":"2026-02-23T18:14:52","slug":"bakuchiol-grozio-eliksyras-15-ml","status":"publish","type":"product","link":"https:\/\/test.puhdasplus.ee\/lt\/tooted\/kosmetika-lt\/bakuchiol-grozio-eliksyras-15-ml\/","title":{"rendered":"Bakuchiol gro\u017eio eliksyras 15 ml"},"content":{"rendered":"<p>\u201eBakuchiol Beauty Booster Elixir\u201c yra nat\u016brali ir \u0161velni, ta\u010diau veiksminga retinolio alternatyva, skatinanti odos atsinaujinim\u0105 ir padedanti suma\u017einti sen\u0117jimo po\u017eymius. Bakuchiolis yra augalin\u0117s kilm\u0117s veiklioji med\u017eiaga, skatinanti kolageno gamyb\u0105, i\u0161lyginanti odos atspalv\u012f ir gerinanti odos elastingum\u0105 be dirginimo. Eliksyro sud\u0117tyje taip pat yra maitinam\u0173j\u0173 aliej\u0173 ir antioksidant\u0173, kurie giliai dr\u0117kina ir suteikia odai sveik\u0105 bei spindin\u010di\u0105 veido spalv\u0105. Tinka kasdieniam naudojimui visiems odos tipams, \u012fskaitant jautri\u0105 od\u0105.   <\/p>\n<p data-start=\"647\" data-end=\"671\"><strong data-start=\"647\" data-end=\"669\">Naudojimo instrukcijos:<\/strong><\/p>\n<ol data-start=\"672\" data-end=\"943\">\n<li data-start=\"672\" data-end=\"727\">Prie\u0161 naudodami eliksyr\u0105, nuvalykite ir nusausinkite od\u0105.<\/li>\n<li data-start=\"728\" data-end=\"824\">U\u017etepkite 2\u20133 la\u0161us eliksyro ant veido ir kaklo odos ir \u0161velniai \u012fmasa\u017euokite \u012f od\u0105, kol \u012fsigers.<\/li>\n<li data-start=\"825\" data-end=\"884\">Naudokite ryte ir (arba) vakare prie\u0161 dr\u0117kinam\u0105j\u012f krem\u0105.<\/li>\n<li data-start=\"885\" data-end=\"943\">Tinka jautriai odai ir kasdieniam naudojimui.<\/li>\n<\/ol>\n<p data-start=\"945\" data-end=\"1041\"><strong data-start=\"945\" data-end=\"961\">Sudedamosios dalys:<\/strong><br data-start=\"961\" data-end=\"964\"> Baku\u010diolis, simondsij\u0173 aliejus, argano aliejus, er\u0161k\u0117tuogi\u0173 aliejus, vitaminas E, nat\u016bral\u016bs ekstraktai.<\/p>\n","protected":false},"excerpt":{"rendered":"<p>Nat\u016bralus eliksyras su baku\u010dioliu, kuris stangrina, dr\u0117kina ir lygina rauk\u0161les nedirgindamas odos.<\/p>\n","protected":false},"featured_media":33201,"comment_status":"closed","ping_status":"closed","template":"","meta":{"_acf_changed":false},"product_brand":[],"product_cat":[2582],"product_tag":[2999,2671,2577,2839,2563,2998,2706,2669,2705,3000],"class_list":{"0":"post-33199","1":"product","2":"type-product","3":"status-publish","4":"has-post-thumbnail","6":"product_cat-kosmetika-lt","7":"product_tag-bakuciolio-eliksyras","8":"product_tag-giliai-drekina","9":"product_tag-grynas-grozis","10":"product_tag-jautriai-odai","11":"product_tag-naturali-grozio-prieziura","12":"product_tag-naturali-retinolio-alternatyva","13":"product_tag-odos-tonuso-lygumas","14":"product_tag-rauksliu-prevencijos-priemone","15":"product_tag-senejima-stabdantis","16":"product_tag-stangrinanti-odos-prieziura","18":"first","19":"onbackorder","20":"taxable","21":"shipping-taxable","22":"purchasable","23":"product-type-simple"},"acf":[],"yoast_head":"<!-- This site is optimized with the Yoast SEO plugin v27.1.1 - https:\/\/yoast.com\/product\/yoast-seo-wordpress\/ -->\n<title>Bakuchiol gro\u017eio eliksyras 15 ml - Puhdas+<\/title>\n<meta name=\"description\" content=\"\u201eBakuchiol Beauty Booster Elixir\u201c yra nat\u016brali retinolio alternatyva, kuri dr\u0117kina, lygina rauk\u0161les ir suvienodina odos atspalv\u012f be dirginimo.\" \/>\n<meta name=\"robots\" content=\"noindex, follow, max-snippet:-1, max-image-preview:large, max-video-preview:-1\" \/>\n<meta property=\"og:locale\" content=\"lt_LT\" \/>\n<meta property=\"og:type\" content=\"article\" \/>\n<meta property=\"og:title\" content=\"Bakuchiol gro\u017eio eliksyras 15 ml - Puhdas+\" \/>\n<meta property=\"og:description\" content=\"\u201eBakuchiol Beauty Booster Elixir\u201c yra nat\u016brali retinolio alternatyva, kuri dr\u0117kina, lygina rauk\u0161les ir suvienodina odos atspalv\u012f be dirginimo.\" \/>\n<meta property=\"og:url\" content=\"https:\/\/test.puhdasplus.ee\/lt\/tooted\/kosmetika-lt\/bakuchiol-grozio-eliksyras-15-ml\/\" \/>\n<meta property=\"og:site_name\" content=\"Puhdas+\" \/>\n<meta property=\"article:publisher\" content=\"https:\/\/www.facebook.com\/puhdasplus\" \/>\n<meta property=\"article:modified_time\" content=\"2026-02-23T18:14:52+00:00\" \/>\n<meta property=\"og:image\" content=\"https:\/\/test.puhdasplus.ee\/wp-content\/uploads\/2025\/03\/138.jpg\" \/>\n\t<meta property=\"og:image:width\" content=\"1862\" \/>\n\t<meta property=\"og:image:height\" content=\"2560\" \/>\n\t<meta property=\"og:image:type\" content=\"image\/jpeg\" \/>\n<meta name=\"twitter:card\" content=\"summary_large_image\" \/>\n<meta name=\"twitter:label1\" content=\"Est. reading time\" \/>\n\t<meta name=\"twitter:data1\" content=\"1 minut\u0117\" \/>\n<script type=\"application\/ld+json\" class=\"yoast-schema-graph\">{\"@context\":\"https:\/\/schema.org\",\"@graph\":[{\"@type\":\"WebPage\",\"@id\":\"https:\/\/test.puhdasplus.ee\/lt\/tooted\/kosmetika-lt\/bakuchiol-grozio-eliksyras-15-ml\/\",\"url\":\"https:\/\/test.puhdasplus.ee\/lt\/tooted\/kosmetika-lt\/bakuchiol-grozio-eliksyras-15-ml\/\",\"name\":\"Bakuchiol gro\u017eio eliksyras 15 ml - Puhdas+\",\"isPartOf\":{\"@id\":\"https:\/\/test.puhdasplus.ee\/lt\/#website\"},\"primaryImageOfPage\":{\"@id\":\"https:\/\/test.puhdasplus.ee\/lt\/tooted\/kosmetika-lt\/bakuchiol-grozio-eliksyras-15-ml\/#primaryimage\"},\"image\":{\"@id\":\"https:\/\/test.puhdasplus.ee\/lt\/tooted\/kosmetika-lt\/bakuchiol-grozio-eliksyras-15-ml\/#primaryimage\"},\"thumbnailUrl\":\"https:\/\/test.puhdasplus.ee\/wp-content\/uploads\/2025\/03\/138.jpg\",\"datePublished\":\"2025-01-16T18:42:27+00:00\",\"dateModified\":\"2026-02-23T18:14:52+00:00\",\"description\":\"\u201eBakuchiol Beauty Booster Elixir\u201c yra nat\u016brali retinolio alternatyva, kuri dr\u0117kina, lygina rauk\u0161les ir suvienodina odos atspalv\u012f be dirginimo.\",\"breadcrumb\":{\"@id\":\"https:\/\/test.puhdasplus.ee\/lt\/tooted\/kosmetika-lt\/bakuchiol-grozio-eliksyras-15-ml\/#breadcrumb\"},\"inLanguage\":\"lt-LT\",\"potentialAction\":[{\"@type\":\"ReadAction\",\"target\":[\"https:\/\/test.puhdasplus.ee\/lt\/tooted\/kosmetika-lt\/bakuchiol-grozio-eliksyras-15-ml\/\"]}]},{\"@type\":\"ImageObject\",\"inLanguage\":\"lt-LT\",\"@id\":\"https:\/\/test.puhdasplus.ee\/lt\/tooted\/kosmetika-lt\/bakuchiol-grozio-eliksyras-15-ml\/#primaryimage\",\"url\":\"https:\/\/test.puhdasplus.ee\/wp-content\/uploads\/2025\/03\/138.jpg\",\"contentUrl\":\"https:\/\/test.puhdasplus.ee\/wp-content\/uploads\/2025\/03\/138.jpg\",\"width\":1862,\"height\":2560,\"caption\":\"Bakuchiol Beauty Booster eliksyras\"},{\"@type\":\"BreadcrumbList\",\"@id\":\"https:\/\/test.puhdasplus.ee\/lt\/tooted\/kosmetika-lt\/bakuchiol-grozio-eliksyras-15-ml\/#breadcrumb\",\"itemListElement\":[{\"@type\":\"ListItem\",\"position\":1,\"name\":\"Prad\u017eia\",\"item\":\"https:\/\/test.puhdasplus.ee\/lt\/\"},{\"@type\":\"ListItem\",\"position\":2,\"name\":\"Produktai\",\"item\":\"https:\/\/test.puhdasplus.ee\/lt\/parduotuve\/\"},{\"@type\":\"ListItem\",\"position\":3,\"name\":\"Bakuchiol gro\u017eio eliksyras 15 ml\"}]},{\"@type\":\"WebSite\",\"@id\":\"https:\/\/test.puhdasplus.ee\/lt\/#website\",\"url\":\"https:\/\/test.puhdasplus.ee\/lt\/\",\"name\":\"Puhdas+\",\"description\":\"Vitamiinid, Toidulisandid, looduskosmeetika, tervis, sport\",\"publisher\":{\"@id\":\"https:\/\/test.puhdasplus.ee\/lt\/#organization\"},\"potentialAction\":[{\"@type\":\"SearchAction\",\"target\":{\"@type\":\"EntryPoint\",\"urlTemplate\":\"https:\/\/test.puhdasplus.ee\/lt\/?s={search_term_string}\"},\"query-input\":{\"@type\":\"PropertyValueSpecification\",\"valueRequired\":true,\"valueName\":\"search_term_string\"}}],\"inLanguage\":\"lt-LT\"},{\"@type\":\"Organization\",\"@id\":\"https:\/\/test.puhdasplus.ee\/lt\/#organization\",\"name\":\"Puhdas+\",\"alternateName\":\"Puhdasplus\",\"url\":\"https:\/\/test.puhdasplus.ee\/lt\/\",\"logo\":{\"@type\":\"ImageObject\",\"inLanguage\":\"lt-LT\",\"@id\":\"https:\/\/test.puhdasplus.ee\/lt\/#\/schema\/logo\/image\/\",\"url\":\"https:\/\/test.puhdasplus.ee\/\/wp-content\/uploads\/2019\/10\/puhdas_logo-arvele.png\",\"contentUrl\":\"https:\/\/test.puhdasplus.ee\/\/wp-content\/uploads\/2019\/10\/puhdas_logo-arvele.png\",\"width\":114,\"height\":94,\"caption\":\"Puhdas+\"},\"image\":{\"@id\":\"https:\/\/test.puhdasplus.ee\/lt\/#\/schema\/logo\/image\/\"},\"sameAs\":[\"https:\/\/www.facebook.com\/puhdasplus\",\"https:\/\/www.instagram.com\/puhdasplus_ee\/\"]}]}<\/script>\n<!-- \/ Yoast SEO plugin. -->","yoast_head_json":{"title":"Bakuchiol gro\u017eio eliksyras 15 ml - Puhdas+","description":"\u201eBakuchiol Beauty Booster Elixir\u201c yra nat\u016brali retinolio alternatyva, kuri dr\u0117kina, lygina rauk\u0161les ir suvienodina odos atspalv\u012f be dirginimo.","robots":{"index":"noindex","follow":"follow","max-snippet":"max-snippet:-1","max-image-preview":"max-image-preview:large","max-video-preview":"max-video-preview:-1"},"og_locale":"lt_LT","og_type":"article","og_title":"Bakuchiol gro\u017eio eliksyras 15 ml - Puhdas+","og_description":"\u201eBakuchiol Beauty Booster Elixir\u201c yra nat\u016brali retinolio alternatyva, kuri dr\u0117kina, lygina rauk\u0161les ir suvienodina odos atspalv\u012f be dirginimo.","og_url":"https:\/\/test.puhdasplus.ee\/lt\/tooted\/kosmetika-lt\/bakuchiol-grozio-eliksyras-15-ml\/","og_site_name":"Puhdas+","article_publisher":"https:\/\/www.facebook.com\/puhdasplus","article_modified_time":"2026-02-23T18:14:52+00:00","og_image":[{"width":1862,"height":2560,"url":"https:\/\/test.puhdasplus.ee\/wp-content\/uploads\/2025\/03\/138.jpg","type":"image\/jpeg"}],"twitter_card":"summary_large_image","twitter_misc":{"Est. reading time":"1 minut\u0117"},"schema":{"@context":"https:\/\/schema.org","@graph":[{"@type":"WebPage","@id":"https:\/\/test.puhdasplus.ee\/lt\/tooted\/kosmetika-lt\/bakuchiol-grozio-eliksyras-15-ml\/","url":"https:\/\/test.puhdasplus.ee\/lt\/tooted\/kosmetika-lt\/bakuchiol-grozio-eliksyras-15-ml\/","name":"Bakuchiol gro\u017eio eliksyras 15 ml - Puhdas+","isPartOf":{"@id":"https:\/\/test.puhdasplus.ee\/lt\/#website"},"primaryImageOfPage":{"@id":"https:\/\/test.puhdasplus.ee\/lt\/tooted\/kosmetika-lt\/bakuchiol-grozio-eliksyras-15-ml\/#primaryimage"},"image":{"@id":"https:\/\/test.puhdasplus.ee\/lt\/tooted\/kosmetika-lt\/bakuchiol-grozio-eliksyras-15-ml\/#primaryimage"},"thumbnailUrl":"https:\/\/test.puhdasplus.ee\/wp-content\/uploads\/2025\/03\/138.jpg","datePublished":"2025-01-16T18:42:27+00:00","dateModified":"2026-02-23T18:14:52+00:00","description":"\u201eBakuchiol Beauty Booster Elixir\u201c yra nat\u016brali retinolio alternatyva, kuri dr\u0117kina, lygina rauk\u0161les ir suvienodina odos atspalv\u012f be dirginimo.","breadcrumb":{"@id":"https:\/\/test.puhdasplus.ee\/lt\/tooted\/kosmetika-lt\/bakuchiol-grozio-eliksyras-15-ml\/#breadcrumb"},"inLanguage":"lt-LT","potentialAction":[{"@type":"ReadAction","target":["https:\/\/test.puhdasplus.ee\/lt\/tooted\/kosmetika-lt\/bakuchiol-grozio-eliksyras-15-ml\/"]}]},{"@type":"ImageObject","inLanguage":"lt-LT","@id":"https:\/\/test.puhdasplus.ee\/lt\/tooted\/kosmetika-lt\/bakuchiol-grozio-eliksyras-15-ml\/#primaryimage","url":"https:\/\/test.puhdasplus.ee\/wp-content\/uploads\/2025\/03\/138.jpg","contentUrl":"https:\/\/test.puhdasplus.ee\/wp-content\/uploads\/2025\/03\/138.jpg","width":1862,"height":2560,"caption":"Bakuchiol Beauty Booster eliksyras"},{"@type":"BreadcrumbList","@id":"https:\/\/test.puhdasplus.ee\/lt\/tooted\/kosmetika-lt\/bakuchiol-grozio-eliksyras-15-ml\/#breadcrumb","itemListElement":[{"@type":"ListItem","position":1,"name":"Prad\u017eia","item":"https:\/\/test.puhdasplus.ee\/lt\/"},{"@type":"ListItem","position":2,"name":"Produktai","item":"https:\/\/test.puhdasplus.ee\/lt\/parduotuve\/"},{"@type":"ListItem","position":3,"name":"Bakuchiol gro\u017eio eliksyras 15 ml"}]},{"@type":"WebSite","@id":"https:\/\/test.puhdasplus.ee\/lt\/#website","url":"https:\/\/test.puhdasplus.ee\/lt\/","name":"Puhdas+","description":"Vitamiinid, Toidulisandid, looduskosmeetika, tervis, sport","publisher":{"@id":"https:\/\/test.puhdasplus.ee\/lt\/#organization"},"potentialAction":[{"@type":"SearchAction","target":{"@type":"EntryPoint","urlTemplate":"https:\/\/test.puhdasplus.ee\/lt\/?s={search_term_string}"},"query-input":{"@type":"PropertyValueSpecification","valueRequired":true,"valueName":"search_term_string"}}],"inLanguage":"lt-LT"},{"@type":"Organization","@id":"https:\/\/test.puhdasplus.ee\/lt\/#organization","name":"Puhdas+","alternateName":"Puhdasplus","url":"https:\/\/test.puhdasplus.ee\/lt\/","logo":{"@type":"ImageObject","inLanguage":"lt-LT","@id":"https:\/\/test.puhdasplus.ee\/lt\/#\/schema\/logo\/image\/","url":"https:\/\/test.puhdasplus.ee\/\/wp-content\/uploads\/2019\/10\/puhdas_logo-arvele.png","contentUrl":"https:\/\/test.puhdasplus.ee\/\/wp-content\/uploads\/2019\/10\/puhdas_logo-arvele.png","width":114,"height":94,"caption":"Puhdas+"},"image":{"@id":"https:\/\/test.puhdasplus.ee\/lt\/#\/schema\/logo\/image\/"},"sameAs":["https:\/\/www.facebook.com\/puhdasplus","https:\/\/www.instagram.com\/puhdasplus_ee\/"]}]}},"_links":{"self":[{"href":"https:\/\/test.puhdasplus.ee\/lt\/wp-json\/wp\/v2\/product\/33199","targetHints":{"allow":["GET"]}}],"collection":[{"href":"https:\/\/test.puhdasplus.ee\/lt\/wp-json\/wp\/v2\/product"}],"about":[{"href":"https:\/\/test.puhdasplus.ee\/lt\/wp-json\/wp\/v2\/types\/product"}],"replies":[{"embeddable":true,"href":"https:\/\/test.puhdasplus.ee\/lt\/wp-json\/wp\/v2\/comments?post=33199"}],"wp:featuredmedia":[{"embeddable":true,"href":"https:\/\/test.puhdasplus.ee\/lt\/wp-json\/wp\/v2\/media\/33201"}],"wp:attachment":[{"href":"https:\/\/test.puhdasplus.ee\/lt\/wp-json\/wp\/v2\/media?parent=33199"}],"wp:term":[{"taxonomy":"product_brand","embeddable":true,"href":"https:\/\/test.puhdasplus.ee\/lt\/wp-json\/wp\/v2\/product_brand?post=33199"},{"taxonomy":"product_cat","embeddable":true,"href":"https:\/\/test.puhdasplus.ee\/lt\/wp-json\/wp\/v2\/product_cat?post=33199"},{"taxonomy":"product_tag","embeddable":true,"href":"https:\/\/test.puhdasplus.ee\/lt\/wp-json\/wp\/v2\/product_tag?post=33199"}],"curies":[{"name":"wp","href":"https:\/\/api.w.org\/{rel}","templated":true}]}}