{"id":33195,"date":"2025-01-16T20:39:19","date_gmt":"2025-01-16T18:39:19","guid":{"rendered":"https:\/\/test.puhdasplus.ee\/\/tooted\/be-kategorijos\/bakuchiol-grozio-stiprinamasis-kremas-50-ml\/"},"modified":"2026-02-23T20:15:32","modified_gmt":"2026-02-23T18:15:32","slug":"bakuchiol-grozio-stiprinamasis-kremas-50-ml","status":"publish","type":"product","link":"https:\/\/test.puhdasplus.ee\/lt\/tooted\/kosmetika-lt\/bakuchiol-grozio-stiprinamasis-kremas-50-ml\/","title":{"rendered":"Bakuchiol gro\u017eio stiprinamasis kremas 50 ml"},"content":{"rendered":"<p>\u201eBakuchiol Beauty Booster\u201c kremas yra nat\u016brali ir \u0161velni, ta\u010diau veiksminga retinolio alternatyva. Bakuchiolis, veiklioji med\u017eiaga, gaunama i\u0161 augalini\u0173 \u0161altini\u0173, padeda skatinti kolageno gamyb\u0105, gerina odos tekst\u016br\u0105 ir ma\u017eina rauk\u0161les nedirgindamas odos. Kremas giliai dr\u0117kina, i\u0161lygina odos atspalv\u012f ir palaiko nat\u016bral\u0173 odos atsinaujinim\u0105. Puikiai tinka jautriai odai ir tinka naudoti kasdien tiek ryte, tiek vakare. Nat\u016bralus veido kremas su bakuchioliu, kuris lygina rauk\u0161les, gerina odos elastingum\u0105 ir giliai dr\u0117kina.   <\/p>\n<p data-start=\"579\" data-end=\"603\"><strong data-start=\"579\" data-end=\"601\">Naudojimo instrukcijos:<\/strong><\/p>\n<ol data-start=\"604\" data-end=\"905\">\n<li data-start=\"604\" data-end=\"659\">Prie\u0161 tepdami krem\u0105, nuvalykite ir nusausinkite od\u0105.<\/li>\n<li data-start=\"660\" data-end=\"755\">Nedidel\u012f kiek\u012f kremo u\u017etepkite ant veido ir kaklo odos ir \u0161velniai masa\u017euokite, kol \u012fsigers.<\/li>\n<li data-start=\"756\" data-end=\"822\">Naudokite ryte ir (arba) vakare kaip savo kasdien\u0117s odos prie\u017ei\u016bros rutinos dal\u012f.<\/li>\n<li data-start=\"823\" data-end=\"905\">Taip pat tinka jautriai odai ir gali b\u016bti naudojamas kartu su kitomis odos prie\u017ei\u016bros priemon\u0117mis.<\/li>\n<\/ol>\n<p data-start=\"907\" data-end=\"1090\"><strong data-start=\"907\" data-end=\"923\">Sudedamosios dalys:<\/strong><br data-start=\"923\" data-end=\"926\"> Vanduo, bakuchiolis, hialurono r\u016bg\u0161tis, glicerinas, alavijo (Aloe Barbadensis) lap\u0173 sultys, simondsij\u0173 aliejus, taukmed\u017eio sviestas, nat\u016bral\u016bs ekstraktai, vitaminas E, fenoksietanolis, etilheksilglicerinas.<\/p>\n","protected":false},"excerpt":{"rendered":"<p>Nat\u016bralus veido kremas su baku\u010dioliu, kuris lygina rauk\u0161les, gerina odos elastingum\u0105 ir giliai dr\u0117kina.<\/p>\n","protected":false},"featured_media":33198,"comment_status":"closed","ping_status":"closed","template":"","meta":{"_acf_changed":false},"product_brand":[],"product_cat":[2582],"product_tag":[2997,2671,2839,2996,2929,2998,2668,2886,2705],"class_list":{"0":"post-33195","1":"product","2":"type-product","3":"status-publish","4":"has-post-thumbnail","6":"product_cat-kosmetika-lt","7":"product_tag-bakuchiolio-kremas","8":"product_tag-giliai-drekina","9":"product_tag-jautriai-odai","10":"product_tag-kremas-nuo-rauksliu","11":"product_tag-naturali-prieziura","12":"product_tag-naturali-retinolio-alternatyva","13":"product_tag-odos-elastingumas","14":"product_tag-odos-prieziura","15":"product_tag-senejima-stabdantis","17":"first","18":"onbackorder","19":"taxable","20":"shipping-taxable","21":"purchasable","22":"product-type-simple"},"acf":[],"yoast_head":"<!-- This site is optimized with the Yoast SEO plugin v27.1.1 - https:\/\/yoast.com\/product\/yoast-seo-wordpress\/ -->\n<title>Bakuchiol gro\u017eio stiprinamasis kremas 50 ml - Puhdas+<\/title>\n<meta name=\"description\" content=\"\u201ePure+ Bakuchiol Beauty Booster\u201c \u2013 nat\u016bralus ir vegani\u0161kas bakuchiolio kremas, tinkantis kasdienei odos prie\u017ei\u016brai. Gryna sud\u0117tis, be pried\u0173.\" \/>\n<meta name=\"robots\" content=\"noindex, follow, max-snippet:-1, max-image-preview:large, max-video-preview:-1\" \/>\n<meta property=\"og:locale\" content=\"lt_LT\" \/>\n<meta property=\"og:type\" content=\"article\" \/>\n<meta property=\"og:title\" content=\"Bakuchiol gro\u017eio stiprinamasis kremas 50 ml - Puhdas+\" \/>\n<meta property=\"og:description\" content=\"\u201ePure+ Bakuchiol Beauty Booster\u201c \u2013 nat\u016bralus ir vegani\u0161kas bakuchiolio kremas, tinkantis kasdienei odos prie\u017ei\u016brai. Gryna sud\u0117tis, be pried\u0173.\" \/>\n<meta property=\"og:url\" content=\"https:\/\/test.puhdasplus.ee\/lt\/tooted\/kosmetika-lt\/bakuchiol-grozio-stiprinamasis-kremas-50-ml\/\" \/>\n<meta property=\"og:site_name\" content=\"Puhdas+\" \/>\n<meta property=\"article:publisher\" content=\"https:\/\/www.facebook.com\/puhdasplus\" \/>\n<meta property=\"article:modified_time\" content=\"2026-02-23T18:15:32+00:00\" \/>\n<meta property=\"og:image\" content=\"https:\/\/test.puhdasplus.ee\/wp-content\/uploads\/2025\/03\/140.jpg\" \/>\n\t<meta property=\"og:image:width\" content=\"1862\" \/>\n\t<meta property=\"og:image:height\" content=\"2560\" \/>\n\t<meta property=\"og:image:type\" content=\"image\/jpeg\" \/>\n<meta name=\"twitter:card\" content=\"summary_large_image\" \/>\n<meta name=\"twitter:label1\" content=\"Est. reading time\" \/>\n\t<meta name=\"twitter:data1\" content=\"1 minut\u0117\" \/>\n<script type=\"application\/ld+json\" class=\"yoast-schema-graph\">{\"@context\":\"https:\/\/schema.org\",\"@graph\":[{\"@type\":\"WebPage\",\"@id\":\"https:\/\/test.puhdasplus.ee\/lt\/tooted\/kosmetika-lt\/bakuchiol-grozio-stiprinamasis-kremas-50-ml\/\",\"url\":\"https:\/\/test.puhdasplus.ee\/lt\/tooted\/kosmetika-lt\/bakuchiol-grozio-stiprinamasis-kremas-50-ml\/\",\"name\":\"Bakuchiol gro\u017eio stiprinamasis kremas 50 ml - Puhdas+\",\"isPartOf\":{\"@id\":\"https:\/\/test.puhdasplus.ee\/lt\/#website\"},\"primaryImageOfPage\":{\"@id\":\"https:\/\/test.puhdasplus.ee\/lt\/tooted\/kosmetika-lt\/bakuchiol-grozio-stiprinamasis-kremas-50-ml\/#primaryimage\"},\"image\":{\"@id\":\"https:\/\/test.puhdasplus.ee\/lt\/tooted\/kosmetika-lt\/bakuchiol-grozio-stiprinamasis-kremas-50-ml\/#primaryimage\"},\"thumbnailUrl\":\"https:\/\/test.puhdasplus.ee\/wp-content\/uploads\/2025\/03\/140.jpg\",\"datePublished\":\"2025-01-16T18:39:19+00:00\",\"dateModified\":\"2026-02-23T18:15:32+00:00\",\"description\":\"\u201ePure+ Bakuchiol Beauty Booster\u201c \u2013 nat\u016bralus ir vegani\u0161kas bakuchiolio kremas, tinkantis kasdienei odos prie\u017ei\u016brai. Gryna sud\u0117tis, be pried\u0173.\",\"breadcrumb\":{\"@id\":\"https:\/\/test.puhdasplus.ee\/lt\/tooted\/kosmetika-lt\/bakuchiol-grozio-stiprinamasis-kremas-50-ml\/#breadcrumb\"},\"inLanguage\":\"lt-LT\",\"potentialAction\":[{\"@type\":\"ReadAction\",\"target\":[\"https:\/\/test.puhdasplus.ee\/lt\/tooted\/kosmetika-lt\/bakuchiol-grozio-stiprinamasis-kremas-50-ml\/\"]}]},{\"@type\":\"ImageObject\",\"inLanguage\":\"lt-LT\",\"@id\":\"https:\/\/test.puhdasplus.ee\/lt\/tooted\/kosmetika-lt\/bakuchiol-grozio-stiprinamasis-kremas-50-ml\/#primaryimage\",\"url\":\"https:\/\/test.puhdasplus.ee\/wp-content\/uploads\/2025\/03\/140.jpg\",\"contentUrl\":\"https:\/\/test.puhdasplus.ee\/wp-content\/uploads\/2025\/03\/140.jpg\",\"width\":1862,\"height\":2560,\"caption\":\"\u201eBakuchiol Beauty Booster\u201c kremas\"},{\"@type\":\"BreadcrumbList\",\"@id\":\"https:\/\/test.puhdasplus.ee\/lt\/tooted\/kosmetika-lt\/bakuchiol-grozio-stiprinamasis-kremas-50-ml\/#breadcrumb\",\"itemListElement\":[{\"@type\":\"ListItem\",\"position\":1,\"name\":\"Prad\u017eia\",\"item\":\"https:\/\/test.puhdasplus.ee\/lt\/\"},{\"@type\":\"ListItem\",\"position\":2,\"name\":\"Produktai\",\"item\":\"https:\/\/test.puhdasplus.ee\/lt\/parduotuve\/\"},{\"@type\":\"ListItem\",\"position\":3,\"name\":\"Bakuchiol gro\u017eio stiprinamasis kremas 50 ml\"}]},{\"@type\":\"WebSite\",\"@id\":\"https:\/\/test.puhdasplus.ee\/lt\/#website\",\"url\":\"https:\/\/test.puhdasplus.ee\/lt\/\",\"name\":\"Puhdas+\",\"description\":\"Vitamiinid, Toidulisandid, looduskosmeetika, tervis, sport\",\"publisher\":{\"@id\":\"https:\/\/test.puhdasplus.ee\/lt\/#organization\"},\"potentialAction\":[{\"@type\":\"SearchAction\",\"target\":{\"@type\":\"EntryPoint\",\"urlTemplate\":\"https:\/\/test.puhdasplus.ee\/lt\/?s={search_term_string}\"},\"query-input\":{\"@type\":\"PropertyValueSpecification\",\"valueRequired\":true,\"valueName\":\"search_term_string\"}}],\"inLanguage\":\"lt-LT\"},{\"@type\":\"Organization\",\"@id\":\"https:\/\/test.puhdasplus.ee\/lt\/#organization\",\"name\":\"Puhdas+\",\"alternateName\":\"Puhdasplus\",\"url\":\"https:\/\/test.puhdasplus.ee\/lt\/\",\"logo\":{\"@type\":\"ImageObject\",\"inLanguage\":\"lt-LT\",\"@id\":\"https:\/\/test.puhdasplus.ee\/lt\/#\/schema\/logo\/image\/\",\"url\":\"https:\/\/test.puhdasplus.ee\/\/wp-content\/uploads\/2019\/10\/puhdas_logo-arvele.png\",\"contentUrl\":\"https:\/\/test.puhdasplus.ee\/\/wp-content\/uploads\/2019\/10\/puhdas_logo-arvele.png\",\"width\":114,\"height\":94,\"caption\":\"Puhdas+\"},\"image\":{\"@id\":\"https:\/\/test.puhdasplus.ee\/lt\/#\/schema\/logo\/image\/\"},\"sameAs\":[\"https:\/\/www.facebook.com\/puhdasplus\",\"https:\/\/www.instagram.com\/puhdasplus_ee\/\"]}]}<\/script>\n<!-- \/ Yoast SEO plugin. -->","yoast_head_json":{"title":"Bakuchiol gro\u017eio stiprinamasis kremas 50 ml - Puhdas+","description":"\u201ePure+ Bakuchiol Beauty Booster\u201c \u2013 nat\u016bralus ir vegani\u0161kas bakuchiolio kremas, tinkantis kasdienei odos prie\u017ei\u016brai. Gryna sud\u0117tis, be pried\u0173.","robots":{"index":"noindex","follow":"follow","max-snippet":"max-snippet:-1","max-image-preview":"max-image-preview:large","max-video-preview":"max-video-preview:-1"},"og_locale":"lt_LT","og_type":"article","og_title":"Bakuchiol gro\u017eio stiprinamasis kremas 50 ml - Puhdas+","og_description":"\u201ePure+ Bakuchiol Beauty Booster\u201c \u2013 nat\u016bralus ir vegani\u0161kas bakuchiolio kremas, tinkantis kasdienei odos prie\u017ei\u016brai. Gryna sud\u0117tis, be pried\u0173.","og_url":"https:\/\/test.puhdasplus.ee\/lt\/tooted\/kosmetika-lt\/bakuchiol-grozio-stiprinamasis-kremas-50-ml\/","og_site_name":"Puhdas+","article_publisher":"https:\/\/www.facebook.com\/puhdasplus","article_modified_time":"2026-02-23T18:15:32+00:00","og_image":[{"width":1862,"height":2560,"url":"https:\/\/test.puhdasplus.ee\/wp-content\/uploads\/2025\/03\/140.jpg","type":"image\/jpeg"}],"twitter_card":"summary_large_image","twitter_misc":{"Est. reading time":"1 minut\u0117"},"schema":{"@context":"https:\/\/schema.org","@graph":[{"@type":"WebPage","@id":"https:\/\/test.puhdasplus.ee\/lt\/tooted\/kosmetika-lt\/bakuchiol-grozio-stiprinamasis-kremas-50-ml\/","url":"https:\/\/test.puhdasplus.ee\/lt\/tooted\/kosmetika-lt\/bakuchiol-grozio-stiprinamasis-kremas-50-ml\/","name":"Bakuchiol gro\u017eio stiprinamasis kremas 50 ml - Puhdas+","isPartOf":{"@id":"https:\/\/test.puhdasplus.ee\/lt\/#website"},"primaryImageOfPage":{"@id":"https:\/\/test.puhdasplus.ee\/lt\/tooted\/kosmetika-lt\/bakuchiol-grozio-stiprinamasis-kremas-50-ml\/#primaryimage"},"image":{"@id":"https:\/\/test.puhdasplus.ee\/lt\/tooted\/kosmetika-lt\/bakuchiol-grozio-stiprinamasis-kremas-50-ml\/#primaryimage"},"thumbnailUrl":"https:\/\/test.puhdasplus.ee\/wp-content\/uploads\/2025\/03\/140.jpg","datePublished":"2025-01-16T18:39:19+00:00","dateModified":"2026-02-23T18:15:32+00:00","description":"\u201ePure+ Bakuchiol Beauty Booster\u201c \u2013 nat\u016bralus ir vegani\u0161kas bakuchiolio kremas, tinkantis kasdienei odos prie\u017ei\u016brai. Gryna sud\u0117tis, be pried\u0173.","breadcrumb":{"@id":"https:\/\/test.puhdasplus.ee\/lt\/tooted\/kosmetika-lt\/bakuchiol-grozio-stiprinamasis-kremas-50-ml\/#breadcrumb"},"inLanguage":"lt-LT","potentialAction":[{"@type":"ReadAction","target":["https:\/\/test.puhdasplus.ee\/lt\/tooted\/kosmetika-lt\/bakuchiol-grozio-stiprinamasis-kremas-50-ml\/"]}]},{"@type":"ImageObject","inLanguage":"lt-LT","@id":"https:\/\/test.puhdasplus.ee\/lt\/tooted\/kosmetika-lt\/bakuchiol-grozio-stiprinamasis-kremas-50-ml\/#primaryimage","url":"https:\/\/test.puhdasplus.ee\/wp-content\/uploads\/2025\/03\/140.jpg","contentUrl":"https:\/\/test.puhdasplus.ee\/wp-content\/uploads\/2025\/03\/140.jpg","width":1862,"height":2560,"caption":"\u201eBakuchiol Beauty Booster\u201c kremas"},{"@type":"BreadcrumbList","@id":"https:\/\/test.puhdasplus.ee\/lt\/tooted\/kosmetika-lt\/bakuchiol-grozio-stiprinamasis-kremas-50-ml\/#breadcrumb","itemListElement":[{"@type":"ListItem","position":1,"name":"Prad\u017eia","item":"https:\/\/test.puhdasplus.ee\/lt\/"},{"@type":"ListItem","position":2,"name":"Produktai","item":"https:\/\/test.puhdasplus.ee\/lt\/parduotuve\/"},{"@type":"ListItem","position":3,"name":"Bakuchiol gro\u017eio stiprinamasis kremas 50 ml"}]},{"@type":"WebSite","@id":"https:\/\/test.puhdasplus.ee\/lt\/#website","url":"https:\/\/test.puhdasplus.ee\/lt\/","name":"Puhdas+","description":"Vitamiinid, Toidulisandid, looduskosmeetika, tervis, sport","publisher":{"@id":"https:\/\/test.puhdasplus.ee\/lt\/#organization"},"potentialAction":[{"@type":"SearchAction","target":{"@type":"EntryPoint","urlTemplate":"https:\/\/test.puhdasplus.ee\/lt\/?s={search_term_string}"},"query-input":{"@type":"PropertyValueSpecification","valueRequired":true,"valueName":"search_term_string"}}],"inLanguage":"lt-LT"},{"@type":"Organization","@id":"https:\/\/test.puhdasplus.ee\/lt\/#organization","name":"Puhdas+","alternateName":"Puhdasplus","url":"https:\/\/test.puhdasplus.ee\/lt\/","logo":{"@type":"ImageObject","inLanguage":"lt-LT","@id":"https:\/\/test.puhdasplus.ee\/lt\/#\/schema\/logo\/image\/","url":"https:\/\/test.puhdasplus.ee\/\/wp-content\/uploads\/2019\/10\/puhdas_logo-arvele.png","contentUrl":"https:\/\/test.puhdasplus.ee\/\/wp-content\/uploads\/2019\/10\/puhdas_logo-arvele.png","width":114,"height":94,"caption":"Puhdas+"},"image":{"@id":"https:\/\/test.puhdasplus.ee\/lt\/#\/schema\/logo\/image\/"},"sameAs":["https:\/\/www.facebook.com\/puhdasplus","https:\/\/www.instagram.com\/puhdasplus_ee\/"]}]}},"_links":{"self":[{"href":"https:\/\/test.puhdasplus.ee\/lt\/wp-json\/wp\/v2\/product\/33195","targetHints":{"allow":["GET"]}}],"collection":[{"href":"https:\/\/test.puhdasplus.ee\/lt\/wp-json\/wp\/v2\/product"}],"about":[{"href":"https:\/\/test.puhdasplus.ee\/lt\/wp-json\/wp\/v2\/types\/product"}],"replies":[{"embeddable":true,"href":"https:\/\/test.puhdasplus.ee\/lt\/wp-json\/wp\/v2\/comments?post=33195"}],"wp:featuredmedia":[{"embeddable":true,"href":"https:\/\/test.puhdasplus.ee\/lt\/wp-json\/wp\/v2\/media\/33198"}],"wp:attachment":[{"href":"https:\/\/test.puhdasplus.ee\/lt\/wp-json\/wp\/v2\/media?parent=33195"}],"wp:term":[{"taxonomy":"product_brand","embeddable":true,"href":"https:\/\/test.puhdasplus.ee\/lt\/wp-json\/wp\/v2\/product_brand?post=33195"},{"taxonomy":"product_cat","embeddable":true,"href":"https:\/\/test.puhdasplus.ee\/lt\/wp-json\/wp\/v2\/product_cat?post=33195"},{"taxonomy":"product_tag","embeddable":true,"href":"https:\/\/test.puhdasplus.ee\/lt\/wp-json\/wp\/v2\/product_tag?post=33195"}],"curies":[{"name":"wp","href":"https:\/\/api.w.org\/{rel}","templated":true}]}}