{"id":33186,"date":"2025-01-16T20:33:12","date_gmt":"2025-01-16T18:33:12","guid":{"rendered":"https:\/\/test.puhdasplus.ee\/\/tooted\/be-kategorijos\/hialurono-rugsties-serumas-su-melyniu-ekstraktu-30-ml\/"},"modified":"2026-02-23T20:17:15","modified_gmt":"2026-02-23T18:17:15","slug":"hialurono-rugsties-serumas-su-melyniu-ekstraktu-30-ml","status":"publish","type":"product","link":"https:\/\/test.puhdasplus.ee\/lt\/tooted\/kosmetika-lt\/hialurono-rugsties-serumas-su-melyniu-ekstraktu-30-ml\/","title":{"rendered":"Hialurono r\u016bg\u0161ties serumas su m\u0117lyni\u0173 ekstraktu 30 ml"},"content":{"rendered":"<p>Hialurono r\u016bg\u0161ties serumas su m\u0117lyni\u0173 ekstraktu yra intensyviai dr\u0117kinantis ir od\u0105 atgaivinantis serumas, kurio sud\u0117tyje yra trij\u0173 skirting\u0173 molekulini\u0173 svori\u0173 hialurono r\u016bg\u0161ties, u\u017etikrinan\u010dios gil\u0173 ir ilgalaik\u012f dr\u0117kinim\u0105. M\u0117lyni\u0173 ekstraktas yra gausus antioksidant\u0173 \u0161altinis, apsaugantis od\u0105 nuo aplinkos poveikio, raminantis ir i\u0161lyginantis odos atspalv\u012f. Serumas padeda suma\u017einti smulkias rauk\u0161leles, gerina odos elastingum\u0105 ir suteikia odai sveik\u0105 bei jaunatvi\u0161k\u0105 \u0161vyt\u0117jim\u0105. Lengva ir greitai \u012fsigerianti formul\u0117 tinka visiems odos tipams, ypa\u010d sausai ir pavargusiai odai.   <\/p>\n<p data-start=\"691\" data-end=\"715\"><strong data-start=\"691\" data-end=\"713\">Naudojimo instrukcijos:<\/strong><\/p>\n<ol data-start=\"716\" data-end=\"986\">\n<li data-start=\"716\" data-end=\"769\">Prie\u0161 tepdami serum\u0105, nuvalykite ir nusausinkite od\u0105.<\/li>\n<li data-start=\"770\" data-end=\"865\">U\u017etepkite 2\u20133 la\u0161us serumo ant veido ir kaklo odos ir \u0161velniai masa\u017euokite, kol \u012fsigers.<\/li>\n<li data-start=\"866\" data-end=\"925\">Naudokite ryte ir (arba) vakare prie\u0161 dr\u0117kinam\u0105j\u012f krem\u0105.<\/li>\n<li data-start=\"926\" data-end=\"986\">Geriausiems rezultatams pasiekti naudokite reguliariai.<\/li>\n<\/ol>\n<p><strong data-start=\"988\" data-end=\"1004\">Sudedamosios dalys:<\/strong><br data-start=\"1004\" data-end=\"1007\">Aqua (vanduo), glicerinas, propandiolis, karpotojo ber\u017eo (Betula Pendula) sultys*, betainas, natrio hialuronatas, natrio benzoatas, hidrolizuota hialurono r\u016bg\u0161tis, maltodekstrinas, kalio sorbatas, akacij\u0173 derva (Acacia Senegal), ksantano derva, m\u0117lyni\u0173 (Vaccinium Myrtillus) vaisi\u0173 ekstraktas*, pieno r\u016bg\u0161tis. Organinis.<\/p>\n","protected":false},"excerpt":{"rendered":"<p>Giliai dr\u0117kinantis hialurono r\u016bg\u0161ties serumas su m\u0117lyni\u0173 ekstraktu, atkuriantis odos elastingum\u0105 ir suteikiantis jaunatvi\u0161k\u0105 spindes\u012f.<\/p>\n","protected":false},"featured_media":33188,"comment_status":"closed","ping_status":"closed","template":"","meta":{"_acf_changed":false},"product_brand":[],"product_cat":[2582],"product_tag":[2672,2671,2577,2670,2987,2584,2988,2668,2706,2667,2669],"class_list":{"0":"post-33186","1":"product","2":"type-product","3":"status-publish","4":"has-post-thumbnail","6":"product_cat-kosmetika-lt","7":"product_tag-antioksidantas","8":"product_tag-giliai-drekina","9":"product_tag-grynas-grozis","10":"product_tag-hialurono-rugsties-serumas","11":"product_tag-melyniu-ekstraktas","12":"product_tag-naturali-odos-prieziura","13":"product_tag-odos-atgaivinimas","14":"product_tag-odos-elastingumas","15":"product_tag-odos-tonuso-lygumas","16":"product_tag-organinis","17":"product_tag-rauksliu-prevencijos-priemone","19":"first","20":"onbackorder","21":"taxable","22":"shipping-taxable","23":"purchasable","24":"product-type-simple"},"acf":[],"yoast_head":"<!-- This site is optimized with the Yoast SEO plugin v27.1.1 - https:\/\/yoast.com\/product\/yoast-seo-wordpress\/ -->\n<title>Hialurono r\u016bg\u0161ties serumas su m\u0117lyni\u0173 ekstraktu 30 ml - Puhdas+<\/title>\n<meta name=\"description\" content=\"Hialurono r\u016bg\u0161ties serumas su m\u0117lyni\u0173 ekstraktu 30 ml \u2013 giliai dr\u0117kina, gerina odos elastingum\u0105 ir apsaugo nuo laisv\u0173j\u0173 radikal\u0173. Organinis.\" \/>\n<meta name=\"robots\" content=\"noindex, follow, max-snippet:-1, max-image-preview:large, max-video-preview:-1\" \/>\n<meta property=\"og:locale\" content=\"lt_LT\" \/>\n<meta property=\"og:type\" content=\"article\" \/>\n<meta property=\"og:title\" content=\"Hialurono r\u016bg\u0161ties serumas su m\u0117lyni\u0173 ekstraktu 30 ml - Puhdas+\" \/>\n<meta property=\"og:description\" content=\"Hialurono r\u016bg\u0161ties serumas su m\u0117lyni\u0173 ekstraktu 30 ml \u2013 giliai dr\u0117kina, gerina odos elastingum\u0105 ir apsaugo nuo laisv\u0173j\u0173 radikal\u0173. Organinis.\" \/>\n<meta property=\"og:url\" content=\"https:\/\/test.puhdasplus.ee\/lt\/tooted\/kosmetika-lt\/hialurono-rugsties-serumas-su-melyniu-ekstraktu-30-ml\/\" \/>\n<meta property=\"og:site_name\" content=\"Puhdas+\" \/>\n<meta property=\"article:publisher\" content=\"https:\/\/www.facebook.com\/puhdasplus\" \/>\n<meta property=\"article:modified_time\" content=\"2026-02-23T18:17:15+00:00\" \/>\n<meta property=\"og:image\" content=\"https:\/\/test.puhdasplus.ee\/wp-content\/uploads\/2025\/03\/142.jpg\" \/>\n\t<meta property=\"og:image:width\" content=\"1862\" \/>\n\t<meta property=\"og:image:height\" content=\"2560\" \/>\n\t<meta property=\"og:image:type\" content=\"image\/jpeg\" \/>\n<meta name=\"twitter:card\" content=\"summary_large_image\" \/>\n<meta name=\"twitter:label1\" content=\"Est. reading time\" \/>\n\t<meta name=\"twitter:data1\" content=\"1 minut\u0117\" \/>\n<script type=\"application\/ld+json\" class=\"yoast-schema-graph\">{\"@context\":\"https:\/\/schema.org\",\"@graph\":[{\"@type\":\"WebPage\",\"@id\":\"https:\/\/test.puhdasplus.ee\/lt\/tooted\/kosmetika-lt\/hialurono-rugsties-serumas-su-melyniu-ekstraktu-30-ml\/\",\"url\":\"https:\/\/test.puhdasplus.ee\/lt\/tooted\/kosmetika-lt\/hialurono-rugsties-serumas-su-melyniu-ekstraktu-30-ml\/\",\"name\":\"Hialurono r\u016bg\u0161ties serumas su m\u0117lyni\u0173 ekstraktu 30 ml - Puhdas+\",\"isPartOf\":{\"@id\":\"https:\/\/test.puhdasplus.ee\/lt\/#website\"},\"primaryImageOfPage\":{\"@id\":\"https:\/\/test.puhdasplus.ee\/lt\/tooted\/kosmetika-lt\/hialurono-rugsties-serumas-su-melyniu-ekstraktu-30-ml\/#primaryimage\"},\"image\":{\"@id\":\"https:\/\/test.puhdasplus.ee\/lt\/tooted\/kosmetika-lt\/hialurono-rugsties-serumas-su-melyniu-ekstraktu-30-ml\/#primaryimage\"},\"thumbnailUrl\":\"https:\/\/test.puhdasplus.ee\/wp-content\/uploads\/2025\/03\/142.jpg\",\"datePublished\":\"2025-01-16T18:33:12+00:00\",\"dateModified\":\"2026-02-23T18:17:15+00:00\",\"description\":\"Hialurono r\u016bg\u0161ties serumas su m\u0117lyni\u0173 ekstraktu 30 ml \u2013 giliai dr\u0117kina, gerina odos elastingum\u0105 ir apsaugo nuo laisv\u0173j\u0173 radikal\u0173. Organinis.\",\"breadcrumb\":{\"@id\":\"https:\/\/test.puhdasplus.ee\/lt\/tooted\/kosmetika-lt\/hialurono-rugsties-serumas-su-melyniu-ekstraktu-30-ml\/#breadcrumb\"},\"inLanguage\":\"lt-LT\",\"potentialAction\":[{\"@type\":\"ReadAction\",\"target\":[\"https:\/\/test.puhdasplus.ee\/lt\/tooted\/kosmetika-lt\/hialurono-rugsties-serumas-su-melyniu-ekstraktu-30-ml\/\"]}]},{\"@type\":\"ImageObject\",\"inLanguage\":\"lt-LT\",\"@id\":\"https:\/\/test.puhdasplus.ee\/lt\/tooted\/kosmetika-lt\/hialurono-rugsties-serumas-su-melyniu-ekstraktu-30-ml\/#primaryimage\",\"url\":\"https:\/\/test.puhdasplus.ee\/wp-content\/uploads\/2025\/03\/142.jpg\",\"contentUrl\":\"https:\/\/test.puhdasplus.ee\/wp-content\/uploads\/2025\/03\/142.jpg\",\"width\":1862,\"height\":2560,\"caption\":\"Hialurono r\u016bg\u0161ties serumas su m\u0117lyni\u0173 ekstraktu\"},{\"@type\":\"BreadcrumbList\",\"@id\":\"https:\/\/test.puhdasplus.ee\/lt\/tooted\/kosmetika-lt\/hialurono-rugsties-serumas-su-melyniu-ekstraktu-30-ml\/#breadcrumb\",\"itemListElement\":[{\"@type\":\"ListItem\",\"position\":1,\"name\":\"Prad\u017eia\",\"item\":\"https:\/\/test.puhdasplus.ee\/lt\/\"},{\"@type\":\"ListItem\",\"position\":2,\"name\":\"Produktai\",\"item\":\"https:\/\/test.puhdasplus.ee\/lt\/parduotuve\/\"},{\"@type\":\"ListItem\",\"position\":3,\"name\":\"Hialurono r\u016bg\u0161ties serumas su m\u0117lyni\u0173 ekstraktu 30 ml\"}]},{\"@type\":\"WebSite\",\"@id\":\"https:\/\/test.puhdasplus.ee\/lt\/#website\",\"url\":\"https:\/\/test.puhdasplus.ee\/lt\/\",\"name\":\"Puhdas+\",\"description\":\"Vitamiinid, Toidulisandid, looduskosmeetika, tervis, sport\",\"publisher\":{\"@id\":\"https:\/\/test.puhdasplus.ee\/lt\/#organization\"},\"potentialAction\":[{\"@type\":\"SearchAction\",\"target\":{\"@type\":\"EntryPoint\",\"urlTemplate\":\"https:\/\/test.puhdasplus.ee\/lt\/?s={search_term_string}\"},\"query-input\":{\"@type\":\"PropertyValueSpecification\",\"valueRequired\":true,\"valueName\":\"search_term_string\"}}],\"inLanguage\":\"lt-LT\"},{\"@type\":\"Organization\",\"@id\":\"https:\/\/test.puhdasplus.ee\/lt\/#organization\",\"name\":\"Puhdas+\",\"alternateName\":\"Puhdasplus\",\"url\":\"https:\/\/test.puhdasplus.ee\/lt\/\",\"logo\":{\"@type\":\"ImageObject\",\"inLanguage\":\"lt-LT\",\"@id\":\"https:\/\/test.puhdasplus.ee\/lt\/#\/schema\/logo\/image\/\",\"url\":\"https:\/\/test.puhdasplus.ee\/\/wp-content\/uploads\/2019\/10\/puhdas_logo-arvele.png\",\"contentUrl\":\"https:\/\/test.puhdasplus.ee\/\/wp-content\/uploads\/2019\/10\/puhdas_logo-arvele.png\",\"width\":114,\"height\":94,\"caption\":\"Puhdas+\"},\"image\":{\"@id\":\"https:\/\/test.puhdasplus.ee\/lt\/#\/schema\/logo\/image\/\"},\"sameAs\":[\"https:\/\/www.facebook.com\/puhdasplus\",\"https:\/\/www.instagram.com\/puhdasplus_ee\/\"]}]}<\/script>\n<!-- \/ Yoast SEO plugin. -->","yoast_head_json":{"title":"Hialurono r\u016bg\u0161ties serumas su m\u0117lyni\u0173 ekstraktu 30 ml - Puhdas+","description":"Hialurono r\u016bg\u0161ties serumas su m\u0117lyni\u0173 ekstraktu 30 ml \u2013 giliai dr\u0117kina, gerina odos elastingum\u0105 ir apsaugo nuo laisv\u0173j\u0173 radikal\u0173. Organinis.","robots":{"index":"noindex","follow":"follow","max-snippet":"max-snippet:-1","max-image-preview":"max-image-preview:large","max-video-preview":"max-video-preview:-1"},"og_locale":"lt_LT","og_type":"article","og_title":"Hialurono r\u016bg\u0161ties serumas su m\u0117lyni\u0173 ekstraktu 30 ml - Puhdas+","og_description":"Hialurono r\u016bg\u0161ties serumas su m\u0117lyni\u0173 ekstraktu 30 ml \u2013 giliai dr\u0117kina, gerina odos elastingum\u0105 ir apsaugo nuo laisv\u0173j\u0173 radikal\u0173. Organinis.","og_url":"https:\/\/test.puhdasplus.ee\/lt\/tooted\/kosmetika-lt\/hialurono-rugsties-serumas-su-melyniu-ekstraktu-30-ml\/","og_site_name":"Puhdas+","article_publisher":"https:\/\/www.facebook.com\/puhdasplus","article_modified_time":"2026-02-23T18:17:15+00:00","og_image":[{"width":1862,"height":2560,"url":"https:\/\/test.puhdasplus.ee\/wp-content\/uploads\/2025\/03\/142.jpg","type":"image\/jpeg"}],"twitter_card":"summary_large_image","twitter_misc":{"Est. reading time":"1 minut\u0117"},"schema":{"@context":"https:\/\/schema.org","@graph":[{"@type":"WebPage","@id":"https:\/\/test.puhdasplus.ee\/lt\/tooted\/kosmetika-lt\/hialurono-rugsties-serumas-su-melyniu-ekstraktu-30-ml\/","url":"https:\/\/test.puhdasplus.ee\/lt\/tooted\/kosmetika-lt\/hialurono-rugsties-serumas-su-melyniu-ekstraktu-30-ml\/","name":"Hialurono r\u016bg\u0161ties serumas su m\u0117lyni\u0173 ekstraktu 30 ml - Puhdas+","isPartOf":{"@id":"https:\/\/test.puhdasplus.ee\/lt\/#website"},"primaryImageOfPage":{"@id":"https:\/\/test.puhdasplus.ee\/lt\/tooted\/kosmetika-lt\/hialurono-rugsties-serumas-su-melyniu-ekstraktu-30-ml\/#primaryimage"},"image":{"@id":"https:\/\/test.puhdasplus.ee\/lt\/tooted\/kosmetika-lt\/hialurono-rugsties-serumas-su-melyniu-ekstraktu-30-ml\/#primaryimage"},"thumbnailUrl":"https:\/\/test.puhdasplus.ee\/wp-content\/uploads\/2025\/03\/142.jpg","datePublished":"2025-01-16T18:33:12+00:00","dateModified":"2026-02-23T18:17:15+00:00","description":"Hialurono r\u016bg\u0161ties serumas su m\u0117lyni\u0173 ekstraktu 30 ml \u2013 giliai dr\u0117kina, gerina odos elastingum\u0105 ir apsaugo nuo laisv\u0173j\u0173 radikal\u0173. Organinis.","breadcrumb":{"@id":"https:\/\/test.puhdasplus.ee\/lt\/tooted\/kosmetika-lt\/hialurono-rugsties-serumas-su-melyniu-ekstraktu-30-ml\/#breadcrumb"},"inLanguage":"lt-LT","potentialAction":[{"@type":"ReadAction","target":["https:\/\/test.puhdasplus.ee\/lt\/tooted\/kosmetika-lt\/hialurono-rugsties-serumas-su-melyniu-ekstraktu-30-ml\/"]}]},{"@type":"ImageObject","inLanguage":"lt-LT","@id":"https:\/\/test.puhdasplus.ee\/lt\/tooted\/kosmetika-lt\/hialurono-rugsties-serumas-su-melyniu-ekstraktu-30-ml\/#primaryimage","url":"https:\/\/test.puhdasplus.ee\/wp-content\/uploads\/2025\/03\/142.jpg","contentUrl":"https:\/\/test.puhdasplus.ee\/wp-content\/uploads\/2025\/03\/142.jpg","width":1862,"height":2560,"caption":"Hialurono r\u016bg\u0161ties serumas su m\u0117lyni\u0173 ekstraktu"},{"@type":"BreadcrumbList","@id":"https:\/\/test.puhdasplus.ee\/lt\/tooted\/kosmetika-lt\/hialurono-rugsties-serumas-su-melyniu-ekstraktu-30-ml\/#breadcrumb","itemListElement":[{"@type":"ListItem","position":1,"name":"Prad\u017eia","item":"https:\/\/test.puhdasplus.ee\/lt\/"},{"@type":"ListItem","position":2,"name":"Produktai","item":"https:\/\/test.puhdasplus.ee\/lt\/parduotuve\/"},{"@type":"ListItem","position":3,"name":"Hialurono r\u016bg\u0161ties serumas su m\u0117lyni\u0173 ekstraktu 30 ml"}]},{"@type":"WebSite","@id":"https:\/\/test.puhdasplus.ee\/lt\/#website","url":"https:\/\/test.puhdasplus.ee\/lt\/","name":"Puhdas+","description":"Vitamiinid, Toidulisandid, looduskosmeetika, tervis, sport","publisher":{"@id":"https:\/\/test.puhdasplus.ee\/lt\/#organization"},"potentialAction":[{"@type":"SearchAction","target":{"@type":"EntryPoint","urlTemplate":"https:\/\/test.puhdasplus.ee\/lt\/?s={search_term_string}"},"query-input":{"@type":"PropertyValueSpecification","valueRequired":true,"valueName":"search_term_string"}}],"inLanguage":"lt-LT"},{"@type":"Organization","@id":"https:\/\/test.puhdasplus.ee\/lt\/#organization","name":"Puhdas+","alternateName":"Puhdasplus","url":"https:\/\/test.puhdasplus.ee\/lt\/","logo":{"@type":"ImageObject","inLanguage":"lt-LT","@id":"https:\/\/test.puhdasplus.ee\/lt\/#\/schema\/logo\/image\/","url":"https:\/\/test.puhdasplus.ee\/\/wp-content\/uploads\/2019\/10\/puhdas_logo-arvele.png","contentUrl":"https:\/\/test.puhdasplus.ee\/\/wp-content\/uploads\/2019\/10\/puhdas_logo-arvele.png","width":114,"height":94,"caption":"Puhdas+"},"image":{"@id":"https:\/\/test.puhdasplus.ee\/lt\/#\/schema\/logo\/image\/"},"sameAs":["https:\/\/www.facebook.com\/puhdasplus","https:\/\/www.instagram.com\/puhdasplus_ee\/"]}]}},"_links":{"self":[{"href":"https:\/\/test.puhdasplus.ee\/lt\/wp-json\/wp\/v2\/product\/33186","targetHints":{"allow":["GET"]}}],"collection":[{"href":"https:\/\/test.puhdasplus.ee\/lt\/wp-json\/wp\/v2\/product"}],"about":[{"href":"https:\/\/test.puhdasplus.ee\/lt\/wp-json\/wp\/v2\/types\/product"}],"replies":[{"embeddable":true,"href":"https:\/\/test.puhdasplus.ee\/lt\/wp-json\/wp\/v2\/comments?post=33186"}],"wp:featuredmedia":[{"embeddable":true,"href":"https:\/\/test.puhdasplus.ee\/lt\/wp-json\/wp\/v2\/media\/33188"}],"wp:attachment":[{"href":"https:\/\/test.puhdasplus.ee\/lt\/wp-json\/wp\/v2\/media?parent=33186"}],"wp:term":[{"taxonomy":"product_brand","embeddable":true,"href":"https:\/\/test.puhdasplus.ee\/lt\/wp-json\/wp\/v2\/product_brand?post=33186"},{"taxonomy":"product_cat","embeddable":true,"href":"https:\/\/test.puhdasplus.ee\/lt\/wp-json\/wp\/v2\/product_cat?post=33186"},{"taxonomy":"product_tag","embeddable":true,"href":"https:\/\/test.puhdasplus.ee\/lt\/wp-json\/wp\/v2\/product_tag?post=33186"}],"curies":[{"name":"wp","href":"https:\/\/api.w.org\/{rel}","templated":true}]}}