{"id":33166,"date":"2025-01-16T20:25:17","date_gmt":"2025-01-16T18:25:17","guid":{"rendered":"https:\/\/test.puhdasplus.ee\/\/tooted\/be-kategorijos\/niacinamido-10-serumas-30-ml\/"},"modified":"2026-02-27T11:27:18","modified_gmt":"2026-02-27T09:27:18","slug":"niacinamido-10-serumas-30-ml","status":"publish","type":"product","link":"https:\/\/test.puhdasplus.ee\/lt\/tooted\/kosmetika-lt\/niacinamido-10-serumas-30-ml\/","title":{"rendered":"Niacinamido 10 % serumas 30 ml"},"content":{"rendered":"<p data-start=\"30\" data-end=\"166\">Niacinamidas, dar \u017einomas kaip vitaminas B3, d\u0117l savo universali\u0173 savybi\u0173 tapo vienu mylimiausi\u0173 kosmetikos ingredient\u0173.<\/p>\n<p data-start=\"168\" data-end=\"361\">Niacinamidas \u017einomas d\u0117l savo prie\u0161u\u017edegimini\u0173 savybi\u0173, tod\u0117l puikiai tinka jautriai ir sudirgintai odai. Jis padeda nuraminti paraudim\u0105 ir sudirginim\u0105 bei suma\u017einti u\u017edegim\u0105. <\/p>\n<p data-start=\"363\" data-end=\"499\">Niacinamidas parod\u0117 geb\u0117jim\u0105 slopinti pigmento susidarym\u0105 odoje, pad\u0117damas i\u0161lyginti odos atspalv\u012f ir suma\u017einti tamsi\u0173 d\u0117mi\u0173 atsiradim\u0105.<\/p>\n<p data-start=\"501\" data-end=\"732\">Niacinamidas skatina kolageno \u2013 baltymo, b\u016btino odos elastingumui palaikyti, \u2013 gamyb\u0105. Senstant kolageno gamyba ma\u017e\u0117ja, tod\u0117l atsiranda smulki\u0173 rauk\u0161leli\u0173 ir linij\u0173. Niacinamidas padeda suma\u017einti \u0161iuos sen\u0117jimo po\u017eymius.  <\/p>\n<p data-start=\"734\" data-end=\"853\" data-is-last-node=\"\" data-is-only-node=\"\">Niacinamidas taip pat padeda reguliuoti riebal\u0173 gamyb\u0105 ir gerina odos elastingum\u0105, tod\u0117l poros tampa ma\u017eiau pastebimos.<\/p>\n<p data-start=\"690\" data-end=\"714\"><strong data-start=\"690\" data-end=\"712\">Naudojimo instrukcijos:<\/strong><\/p>\n<ol data-start=\"715\" data-end=\"1003\">\n<li data-start=\"715\" data-end=\"768\">Prie\u0161 tepdami serum\u0105, nuvalykite ir nusausinkite od\u0105.<\/li>\n<li data-start=\"769\" data-end=\"864\">U\u017etepkite 2\u20133 la\u0161us serumo ant veido ir kaklo odos ir \u0161velniai masa\u017euokite, kol \u012fsigers.<\/li>\n<li data-start=\"865\" data-end=\"924\">Naudokite ryte ir (arba) vakare prie\u0161 dr\u0117kinam\u0105j\u012f krem\u0105.<\/li>\n<li data-start=\"925\" data-end=\"1003\">Jei j\u016bs\u0173 oda jautri, prad\u0117kite naudoti kas antr\u0105 dien\u0105, kad i\u0161vengtum\u0117te sudirginimo.<\/li>\n<\/ol>\n<h3 data-start=\"0\" data-end=\"41\">Ar tur\u0117\u010diau rinktis 5% ar 10% koncentracij\u0105?<\/h3>\n<p data-start=\"43\" data-end=\"80\"><strong data-start=\"43\" data-end=\"78\">5 % niacinamido serumas tinka:<\/strong><\/p>\n<ul data-start=\"81\" data-end=\"409\">\n<li data-start=\"81\" data-end=\"214\"><strong data-start=\"83\" data-end=\"105\">Jautriai odai:<\/strong> 5 % koncentracija paprastai yra \u0161velnesn\u0117 odai ir puikiai tinka jautriai odai, nes suma\u017eina dirginimo rizik\u0105.<\/li>\n<li data-start=\"215\" data-end=\"315\"><strong data-start=\"217\" data-end=\"232\">Pradedantiesiems:<\/strong> jei anks\u010diau nenaudojote produkt\u0173, kuri\u0173 sud\u0117tyje yra niacinamido, 5 % yra gera prad\u017eia.<\/li>\n<li data-start=\"316\" data-end=\"409\"><strong data-start=\"318\" data-end=\"347\">Tolygiam odos tonui:<\/strong> padeda i\u0161lyginti odos atspalv\u012f ir suma\u017einti nedidelius odos tr\u016bkumus.<\/li>\n<\/ul>\n<p data-start=\"411\" data-end=\"449\"><strong data-start=\"411\" data-end=\"447\">10 % niacinamido serumas tinka:<\/strong><\/p>\n<ul data-start=\"450\" data-end=\"796\" data-is-only-node=\"\" data-is-last-node=\"\">\n<li data-start=\"450\" data-end=\"522\"><strong data-start=\"452\" data-end=\"472\">Riebiai odai:<\/strong> 10 % padeda subalansuoti perteklin\u0119 riebal\u0173 gamyb\u0105.<\/li>\n<li data-start=\"523\" data-end=\"664\"><strong data-start=\"525\" data-end=\"562\">Odai, kuriai reikia stipresnio poveikio:<\/strong> jei jau esate susipa\u017ein\u0119 su niacinamidu ir norite intensyvesn\u0117s prie\u017ei\u016bros, 10 % gali b\u016bti geresnis pasirinkimas.<\/li>\n<li data-start=\"665\" data-end=\"796\" data-is-last-node=\"\"><strong data-start=\"667\" data-end=\"699\">Odai su sen\u0117jimo po\u017eymiais:<\/strong> didesn\u0117 koncentracija padeda suma\u017einti smulkias rauk\u0161leles ir pagerinti odos elastingum\u0105.<\/li>\n<\/ul>\n<p data-start=\"1005\" data-end=\"1183\"><strong data-start=\"1005\" data-end=\"1021\">Sudedamosios dalys:<\/strong><br data-start=\"1021\" data-end=\"1024\"> Vanduo (Aqua), niacinamidas, glicerinas, dikaprililo karbonatas, kaprilo\/kaprio trigliceridas, kokos\u0173 kaprilatas\/kapratas, dodekanas, soj\u0173 pupeli\u0173 s\u0117kl\u0173 ekstraktas (Glycine Soja), kvapiosios med\u017eiagos (Parfum), ksantano derva, arb\u016bz\u0173 s\u0117kl\u0173 aliejus (Citrullus Lanatus), pieno r\u016bg\u0161tis, natrio benzoatas, natrio hialuronatas, tokoferolis, kalio sorbatas, fitino r\u016bg\u0161tis.<\/p>\n","protected":false},"excerpt":{"rendered":"<p>Galingas niacinamido serumas, reguliuojantis riebal\u0173 i\u0161siskyrim\u0105, suvienodinantis odos atspalv\u012f ir sutraukiantis poras.<\/p>\n","protected":false},"featured_media":33168,"comment_status":"closed","ping_status":"closed","template":"","meta":{"_acf_changed":false},"product_brand":[],"product_cat":[2582],"product_tag":[2690,2969,2929,2968,2934,2932,2936,2935,2933,2967],"class_list":{"0":"post-33166","1":"product","2":"type-product","3":"status-publish","4":"has-post-thumbnail","6":"product_cat-kosmetika-lt","7":"product_tag-hialurono-rugstis","8":"product_tag-i-spuogus-linkusiai-odai","9":"product_tag-naturali-prieziura","10":"product_tag-niacinamidas-10","11":"product_tag-odos-atspalvis-vakaras","12":"product_tag-poru-sutraukimas-lt","13":"product_tag-priesuzdegiminis","14":"product_tag-problemines-odos-prieziura","15":"product_tag-riebalu-reguliavimas","16":"product_tag-veganas","18":"first","19":"onbackorder","20":"taxable","21":"shipping-taxable","22":"purchasable","23":"product-type-simple"},"acf":[],"yoast_head":"<!-- This site is optimized with the Yoast SEO plugin v27.1.1 - https:\/\/yoast.com\/product\/yoast-seo-wordpress\/ -->\n<title>Niacinamido 10 % serumas 30 ml - Puhdas+<\/title>\n<meta name=\"description\" content=\"Niacinamido 10 % serumas suvienodina odos atspalv\u012f, sutraukia poras ir reguliuoja riebal\u0173 gamyb\u0105. Idealiai tinka probleminei ir riebiai odai! Vegani\u0161kas.\" \/>\n<meta name=\"robots\" content=\"noindex, follow, max-snippet:-1, max-image-preview:large, max-video-preview:-1\" \/>\n<meta property=\"og:locale\" content=\"lt_LT\" \/>\n<meta property=\"og:type\" content=\"article\" \/>\n<meta property=\"og:title\" content=\"Niacinamido 10 % serumas 30 ml - Puhdas+\" \/>\n<meta property=\"og:description\" content=\"Niacinamido 10 % serumas suvienodina odos atspalv\u012f, sutraukia poras ir reguliuoja riebal\u0173 gamyb\u0105. Idealiai tinka probleminei ir riebiai odai! Vegani\u0161kas.\" \/>\n<meta property=\"og:url\" content=\"https:\/\/test.puhdasplus.ee\/lt\/tooted\/kosmetika-lt\/niacinamido-10-serumas-30-ml\/\" \/>\n<meta property=\"og:site_name\" content=\"Puhdas+\" \/>\n<meta property=\"article:publisher\" content=\"https:\/\/www.facebook.com\/puhdasplus\" \/>\n<meta property=\"article:modified_time\" content=\"2026-02-27T09:27:18+00:00\" \/>\n<meta property=\"og:image\" content=\"https:\/\/test.puhdasplus.ee\/wp-content\/uploads\/2025\/03\/144.jpg\" \/>\n\t<meta property=\"og:image:width\" content=\"1862\" \/>\n\t<meta property=\"og:image:height\" content=\"2560\" \/>\n\t<meta property=\"og:image:type\" content=\"image\/jpeg\" \/>\n<meta name=\"twitter:card\" content=\"summary_large_image\" \/>\n<meta name=\"twitter:label1\" content=\"Est. reading time\" \/>\n\t<meta name=\"twitter:data1\" content=\"2 minut\u0117\" \/>\n<script type=\"application\/ld+json\" class=\"yoast-schema-graph\">{\"@context\":\"https:\/\/schema.org\",\"@graph\":[{\"@type\":\"WebPage\",\"@id\":\"https:\/\/test.puhdasplus.ee\/lt\/tooted\/kosmetika-lt\/niacinamido-10-serumas-30-ml\/\",\"url\":\"https:\/\/test.puhdasplus.ee\/lt\/tooted\/kosmetika-lt\/niacinamido-10-serumas-30-ml\/\",\"name\":\"Niacinamido 10 % serumas 30 ml - Puhdas+\",\"isPartOf\":{\"@id\":\"https:\/\/test.puhdasplus.ee\/lt\/#website\"},\"primaryImageOfPage\":{\"@id\":\"https:\/\/test.puhdasplus.ee\/lt\/tooted\/kosmetika-lt\/niacinamido-10-serumas-30-ml\/#primaryimage\"},\"image\":{\"@id\":\"https:\/\/test.puhdasplus.ee\/lt\/tooted\/kosmetika-lt\/niacinamido-10-serumas-30-ml\/#primaryimage\"},\"thumbnailUrl\":\"https:\/\/test.puhdasplus.ee\/wp-content\/uploads\/2025\/03\/144.jpg\",\"datePublished\":\"2025-01-16T18:25:17+00:00\",\"dateModified\":\"2026-02-27T09:27:18+00:00\",\"description\":\"Niacinamido 10 % serumas suvienodina odos atspalv\u012f, sutraukia poras ir reguliuoja riebal\u0173 gamyb\u0105. Idealiai tinka probleminei ir riebiai odai! Vegani\u0161kas.\",\"breadcrumb\":{\"@id\":\"https:\/\/test.puhdasplus.ee\/lt\/tooted\/kosmetika-lt\/niacinamido-10-serumas-30-ml\/#breadcrumb\"},\"inLanguage\":\"lt-LT\",\"potentialAction\":[{\"@type\":\"ReadAction\",\"target\":[\"https:\/\/test.puhdasplus.ee\/lt\/tooted\/kosmetika-lt\/niacinamido-10-serumas-30-ml\/\"]}]},{\"@type\":\"ImageObject\",\"inLanguage\":\"lt-LT\",\"@id\":\"https:\/\/test.puhdasplus.ee\/lt\/tooted\/kosmetika-lt\/niacinamido-10-serumas-30-ml\/#primaryimage\",\"url\":\"https:\/\/test.puhdasplus.ee\/wp-content\/uploads\/2025\/03\/144.jpg\",\"contentUrl\":\"https:\/\/test.puhdasplus.ee\/wp-content\/uploads\/2025\/03\/144.jpg\",\"width\":1862,\"height\":2560,\"caption\":\"Niacinamido 10 % serumas\"},{\"@type\":\"BreadcrumbList\",\"@id\":\"https:\/\/test.puhdasplus.ee\/lt\/tooted\/kosmetika-lt\/niacinamido-10-serumas-30-ml\/#breadcrumb\",\"itemListElement\":[{\"@type\":\"ListItem\",\"position\":1,\"name\":\"Prad\u017eia\",\"item\":\"https:\/\/test.puhdasplus.ee\/lt\/\"},{\"@type\":\"ListItem\",\"position\":2,\"name\":\"Produktai\",\"item\":\"https:\/\/test.puhdasplus.ee\/lt\/parduotuve\/\"},{\"@type\":\"ListItem\",\"position\":3,\"name\":\"Niacinamido 10 % serumas 30 ml\"}]},{\"@type\":\"WebSite\",\"@id\":\"https:\/\/test.puhdasplus.ee\/lt\/#website\",\"url\":\"https:\/\/test.puhdasplus.ee\/lt\/\",\"name\":\"Puhdas+\",\"description\":\"Vitamiinid, Toidulisandid, looduskosmeetika, tervis, sport\",\"publisher\":{\"@id\":\"https:\/\/test.puhdasplus.ee\/lt\/#organization\"},\"potentialAction\":[{\"@type\":\"SearchAction\",\"target\":{\"@type\":\"EntryPoint\",\"urlTemplate\":\"https:\/\/test.puhdasplus.ee\/lt\/?s={search_term_string}\"},\"query-input\":{\"@type\":\"PropertyValueSpecification\",\"valueRequired\":true,\"valueName\":\"search_term_string\"}}],\"inLanguage\":\"lt-LT\"},{\"@type\":\"Organization\",\"@id\":\"https:\/\/test.puhdasplus.ee\/lt\/#organization\",\"name\":\"Puhdas+\",\"alternateName\":\"Puhdasplus\",\"url\":\"https:\/\/test.puhdasplus.ee\/lt\/\",\"logo\":{\"@type\":\"ImageObject\",\"inLanguage\":\"lt-LT\",\"@id\":\"https:\/\/test.puhdasplus.ee\/lt\/#\/schema\/logo\/image\/\",\"url\":\"https:\/\/test.puhdasplus.ee\/\/wp-content\/uploads\/2019\/10\/puhdas_logo-arvele.png\",\"contentUrl\":\"https:\/\/test.puhdasplus.ee\/\/wp-content\/uploads\/2019\/10\/puhdas_logo-arvele.png\",\"width\":114,\"height\":94,\"caption\":\"Puhdas+\"},\"image\":{\"@id\":\"https:\/\/test.puhdasplus.ee\/lt\/#\/schema\/logo\/image\/\"},\"sameAs\":[\"https:\/\/www.facebook.com\/puhdasplus\",\"https:\/\/www.instagram.com\/puhdasplus_ee\/\"]}]}<\/script>\n<!-- \/ Yoast SEO plugin. -->","yoast_head_json":{"title":"Niacinamido 10 % serumas 30 ml - Puhdas+","description":"Niacinamido 10 % serumas suvienodina odos atspalv\u012f, sutraukia poras ir reguliuoja riebal\u0173 gamyb\u0105. Idealiai tinka probleminei ir riebiai odai! Vegani\u0161kas.","robots":{"index":"noindex","follow":"follow","max-snippet":"max-snippet:-1","max-image-preview":"max-image-preview:large","max-video-preview":"max-video-preview:-1"},"og_locale":"lt_LT","og_type":"article","og_title":"Niacinamido 10 % serumas 30 ml - Puhdas+","og_description":"Niacinamido 10 % serumas suvienodina odos atspalv\u012f, sutraukia poras ir reguliuoja riebal\u0173 gamyb\u0105. Idealiai tinka probleminei ir riebiai odai! Vegani\u0161kas.","og_url":"https:\/\/test.puhdasplus.ee\/lt\/tooted\/kosmetika-lt\/niacinamido-10-serumas-30-ml\/","og_site_name":"Puhdas+","article_publisher":"https:\/\/www.facebook.com\/puhdasplus","article_modified_time":"2026-02-27T09:27:18+00:00","og_image":[{"width":1862,"height":2560,"url":"https:\/\/test.puhdasplus.ee\/wp-content\/uploads\/2025\/03\/144.jpg","type":"image\/jpeg"}],"twitter_card":"summary_large_image","twitter_misc":{"Est. reading time":"2 minut\u0117"},"schema":{"@context":"https:\/\/schema.org","@graph":[{"@type":"WebPage","@id":"https:\/\/test.puhdasplus.ee\/lt\/tooted\/kosmetika-lt\/niacinamido-10-serumas-30-ml\/","url":"https:\/\/test.puhdasplus.ee\/lt\/tooted\/kosmetika-lt\/niacinamido-10-serumas-30-ml\/","name":"Niacinamido 10 % serumas 30 ml - Puhdas+","isPartOf":{"@id":"https:\/\/test.puhdasplus.ee\/lt\/#website"},"primaryImageOfPage":{"@id":"https:\/\/test.puhdasplus.ee\/lt\/tooted\/kosmetika-lt\/niacinamido-10-serumas-30-ml\/#primaryimage"},"image":{"@id":"https:\/\/test.puhdasplus.ee\/lt\/tooted\/kosmetika-lt\/niacinamido-10-serumas-30-ml\/#primaryimage"},"thumbnailUrl":"https:\/\/test.puhdasplus.ee\/wp-content\/uploads\/2025\/03\/144.jpg","datePublished":"2025-01-16T18:25:17+00:00","dateModified":"2026-02-27T09:27:18+00:00","description":"Niacinamido 10 % serumas suvienodina odos atspalv\u012f, sutraukia poras ir reguliuoja riebal\u0173 gamyb\u0105. Idealiai tinka probleminei ir riebiai odai! Vegani\u0161kas.","breadcrumb":{"@id":"https:\/\/test.puhdasplus.ee\/lt\/tooted\/kosmetika-lt\/niacinamido-10-serumas-30-ml\/#breadcrumb"},"inLanguage":"lt-LT","potentialAction":[{"@type":"ReadAction","target":["https:\/\/test.puhdasplus.ee\/lt\/tooted\/kosmetika-lt\/niacinamido-10-serumas-30-ml\/"]}]},{"@type":"ImageObject","inLanguage":"lt-LT","@id":"https:\/\/test.puhdasplus.ee\/lt\/tooted\/kosmetika-lt\/niacinamido-10-serumas-30-ml\/#primaryimage","url":"https:\/\/test.puhdasplus.ee\/wp-content\/uploads\/2025\/03\/144.jpg","contentUrl":"https:\/\/test.puhdasplus.ee\/wp-content\/uploads\/2025\/03\/144.jpg","width":1862,"height":2560,"caption":"Niacinamido 10 % serumas"},{"@type":"BreadcrumbList","@id":"https:\/\/test.puhdasplus.ee\/lt\/tooted\/kosmetika-lt\/niacinamido-10-serumas-30-ml\/#breadcrumb","itemListElement":[{"@type":"ListItem","position":1,"name":"Prad\u017eia","item":"https:\/\/test.puhdasplus.ee\/lt\/"},{"@type":"ListItem","position":2,"name":"Produktai","item":"https:\/\/test.puhdasplus.ee\/lt\/parduotuve\/"},{"@type":"ListItem","position":3,"name":"Niacinamido 10 % serumas 30 ml"}]},{"@type":"WebSite","@id":"https:\/\/test.puhdasplus.ee\/lt\/#website","url":"https:\/\/test.puhdasplus.ee\/lt\/","name":"Puhdas+","description":"Vitamiinid, Toidulisandid, looduskosmeetika, tervis, sport","publisher":{"@id":"https:\/\/test.puhdasplus.ee\/lt\/#organization"},"potentialAction":[{"@type":"SearchAction","target":{"@type":"EntryPoint","urlTemplate":"https:\/\/test.puhdasplus.ee\/lt\/?s={search_term_string}"},"query-input":{"@type":"PropertyValueSpecification","valueRequired":true,"valueName":"search_term_string"}}],"inLanguage":"lt-LT"},{"@type":"Organization","@id":"https:\/\/test.puhdasplus.ee\/lt\/#organization","name":"Puhdas+","alternateName":"Puhdasplus","url":"https:\/\/test.puhdasplus.ee\/lt\/","logo":{"@type":"ImageObject","inLanguage":"lt-LT","@id":"https:\/\/test.puhdasplus.ee\/lt\/#\/schema\/logo\/image\/","url":"https:\/\/test.puhdasplus.ee\/\/wp-content\/uploads\/2019\/10\/puhdas_logo-arvele.png","contentUrl":"https:\/\/test.puhdasplus.ee\/\/wp-content\/uploads\/2019\/10\/puhdas_logo-arvele.png","width":114,"height":94,"caption":"Puhdas+"},"image":{"@id":"https:\/\/test.puhdasplus.ee\/lt\/#\/schema\/logo\/image\/"},"sameAs":["https:\/\/www.facebook.com\/puhdasplus","https:\/\/www.instagram.com\/puhdasplus_ee\/"]}]}},"_links":{"self":[{"href":"https:\/\/test.puhdasplus.ee\/lt\/wp-json\/wp\/v2\/product\/33166","targetHints":{"allow":["GET"]}}],"collection":[{"href":"https:\/\/test.puhdasplus.ee\/lt\/wp-json\/wp\/v2\/product"}],"about":[{"href":"https:\/\/test.puhdasplus.ee\/lt\/wp-json\/wp\/v2\/types\/product"}],"replies":[{"embeddable":true,"href":"https:\/\/test.puhdasplus.ee\/lt\/wp-json\/wp\/v2\/comments?post=33166"}],"wp:featuredmedia":[{"embeddable":true,"href":"https:\/\/test.puhdasplus.ee\/lt\/wp-json\/wp\/v2\/media\/33168"}],"wp:attachment":[{"href":"https:\/\/test.puhdasplus.ee\/lt\/wp-json\/wp\/v2\/media?parent=33166"}],"wp:term":[{"taxonomy":"product_brand","embeddable":true,"href":"https:\/\/test.puhdasplus.ee\/lt\/wp-json\/wp\/v2\/product_brand?post=33166"},{"taxonomy":"product_cat","embeddable":true,"href":"https:\/\/test.puhdasplus.ee\/lt\/wp-json\/wp\/v2\/product_cat?post=33166"},{"taxonomy":"product_tag","embeddable":true,"href":"https:\/\/test.puhdasplus.ee\/lt\/wp-json\/wp\/v2\/product_tag?post=33166"}],"curies":[{"name":"wp","href":"https:\/\/api.w.org\/{rel}","templated":true}]}}