{"id":33145,"date":"2025-01-16T20:22:18","date_gmt":"2025-01-16T18:22:18","guid":{"rendered":"https:\/\/test.puhdasplus.ee\/\/tooted\/be-kategorijos\/niacinamido-5-serumas-30-ml\/"},"modified":"2026-02-27T11:26:47","modified_gmt":"2026-02-27T09:26:47","slug":"niacinamido-5-serumas-30-ml","status":"publish","type":"product","link":"https:\/\/test.puhdasplus.ee\/lt\/tooted\/kosmetika-lt\/niacinamido-5-serumas-30-ml\/","title":{"rendered":"Niacinamido 5% serumas 30 ml"},"content":{"rendered":"<p data-start=\"48\" data-end=\"114\"><strong data-start=\"48\" data-end=\"112\">Niacinamidas \u2013 universalus ir veiksmingas odos prie\u017ei\u016bros ingredientas<\/strong><\/p>\n<p data-start=\"116\" data-end=\"235\">Niacinamidas, dar \u017einomas kaip vitaminas B3, d\u0117l savo plataus poveikio spektro tapo tikru m\u0117gstamiausiu kosmetikoje.<\/p>\n<p data-start=\"237\" data-end=\"437\">Niacinamidas \u017einomas d\u0117l savo prie\u0161u\u017edegimini\u0173 savybi\u0173, tod\u0117l puikiai tinka jautriai ar sudirgintai odai. Jis padeda nuraminti paraudim\u0105, suma\u017einti dirginim\u0105 ir palengvinti u\u017edegim\u0105. <\/p>\n<p data-start=\"439\" data-end=\"608\">Niacinamidas taip pat parod\u0117 savo geb\u0117jim\u0105 slopinti pigmento pertekliaus susidarym\u0105 odoje, taip pad\u0117damas i\u0161lyginti odos atspalv\u012f ir suma\u017einti tamsi\u0173 d\u0117mi\u0173 atsiradim\u0105.<\/p>\n<p data-start=\"610\" data-end=\"844\">Niacinamidas palaiko kolageno \u2013 baltymo, b\u016btino odos elastingumui palaikyti, \u2013 gamyb\u0105. Senstant kolageno gamyba l\u0117t\u0117ja, tod\u0117l atsiranda smulki\u0173 rauk\u0161leli\u0173 ir linij\u0173. Niacinamidas padeda suma\u017einti \u0161iuos sen\u0117jimo po\u017eymius.  <\/p>\n<p data-start=\"846\" data-end=\"960\">Be to, niacinamidas padeda reguliuoti riebal\u0173 gamyb\u0105 ir gerina odos elastingum\u0105, tod\u0117l poros tampa ma\u017eiau pastebimos.<\/p>\n<h3 data-start=\"967\" data-end=\"1017\"><strong data-start=\"967\" data-end=\"1015\">Ar tur\u0117\u010diau rinktis 5 % ar 10 % niacinamido serum\u0105?<\/strong><\/h3>\n<p data-start=\"1019\" data-end=\"1056\"><strong data-start=\"1019\" data-end=\"1054\">5 % niacinamido serumas tinka:<\/strong><\/p>\n<ul data-start=\"1057\" data-end=\"1356\">\n<li data-start=\"1057\" data-end=\"1176\"><strong data-start=\"1059\" data-end=\"1081\">Jautriai odai:<\/strong> 5 % paprastai yra \u0161velnesnis pasirinkimas, kuris gerai veikia jautri\u0105 od\u0105 ir suma\u017eina dirginimo rizik\u0105.<\/li>\n<li data-start=\"1177\" data-end=\"1257\"><strong data-start=\"1179\" data-end=\"1194\">Pradedantiesiems:<\/strong> jei anks\u010diau nenaudojote niacinamido, 5 % yra gera prad\u017eia.<\/li>\n<li data-start=\"1258\" data-end=\"1356\"><strong data-start=\"1260\" data-end=\"1289\">Tolygiam odos tonui:<\/strong> padeda suma\u017einti nedidelius odos tr\u016bkumus ir suvienodinti odos atspalv\u012f.<\/li>\n<\/ul>\n<p data-start=\"1358\" data-end=\"1396\"><strong data-start=\"1358\" data-end=\"1394\">10 % niacinamido serumas tinka:<\/strong><\/p>\n<ul data-start=\"1397\" data-end=\"1742\">\n<li data-start=\"1397\" data-end=\"1483\"><strong data-start=\"1399\" data-end=\"1419\">Riebiai odai:<\/strong> 10 % koncentracija padeda kontroliuoti perteklin\u0119 riebal\u0173 gamyb\u0105.<\/li>\n<li data-start=\"1484\" data-end=\"1610\"><strong data-start=\"1486\" data-end=\"1525\">Odai, kuriai reikia stipresn\u0117s prie\u017ei\u016bros:<\/strong> jei jau esate susipa\u017ein\u0119 su niacinamidu ir ie\u0161kote veiksmingesnio produkto, 10 % yra geras pasirinkimas.<\/li>\n<li data-start=\"1611\" data-end=\"1742\"><strong data-start=\"1613\" data-end=\"1645\">Odai su sen\u0117jimo po\u017eymiais:<\/strong> didesn\u0117 koncentracija padeda suma\u017einti smulkias rauk\u0161leles ir pagerinti odos elastingum\u0105.<\/li>\n<\/ul>\n<p data-start=\"658\" data-end=\"682\"><strong data-start=\"658\" data-end=\"680\">Naudojimo instrukcijos:<\/strong><\/p>\n<ol data-start=\"683\" data-end=\"953\">\n<li data-start=\"683\" data-end=\"736\">Prie\u0161 tepdami serum\u0105, nuvalykite ir nusausinkite od\u0105.<\/li>\n<li data-start=\"737\" data-end=\"832\">U\u017etepkite 2\u20133 la\u0161us serumo ant veido ir kaklo odos ir \u0161velniai masa\u017euokite, kol \u012fsigers.<\/li>\n<li data-start=\"833\" data-end=\"892\">Naudokite ryte ir (arba) vakare prie\u0161 dr\u0117kinam\u0105j\u012f krem\u0105.<\/li>\n<li data-start=\"893\" data-end=\"953\">Geriausiems rezultatams pasiekti naudokite reguliariai.<\/li>\n<\/ol>\n<p data-start=\"955\" data-end=\"1132\"><strong data-start=\"955\" data-end=\"971\">Sudedamosios dalys:<\/strong><br data-start=\"971\" data-end=\"974\"> Vanduo (Aqua), glicerinas, niacinamidas, dikaprililo karbonatas, kaprilo\/kaprio trigliceridas, kokos\u0173 kaprilatas\/kapratas, dodekanas, soj\u0173 pupeli\u0173 s\u0117kl\u0173 ekstraktas (Glycine Soja), kvapiosios med\u017eiagos (Parfum), ksantano derva, arb\u016bz\u0173 s\u0117kl\u0173 aliejus (Citrullus Lanatus), natrio benzoatas, pieno r\u016bg\u0161tis, natrio hialuronatas, tokoferolis, kalio sorbatas, fitino r\u016bg\u0161tis.<\/p>\n","protected":false},"excerpt":{"rendered":"<p>Odos balans\u0105 atkuriantis ir poras sutraukiantis serumas, ma\u017einantis odos nelygumus ir reguliuojantis riebal\u0173 i\u0161siskyrim\u0105.<\/p>\n","protected":false},"featured_media":33150,"comment_status":"closed","ping_status":"closed","template":"","meta":{"_acf_changed":false},"product_brand":[],"product_cat":[2582,3282],"product_tag":[2930,2577,2690,2929,2937,2931,2934,2932,2936,2935,2933,2678],"class_list":{"0":"post-33145","1":"product","2":"type-product","3":"status-publish","4":"has-post-thumbnail","6":"product_cat-kosmetika-lt","7":"product_cat-oda-plaukai-nagai","8":"product_tag-drekinamasis-serumas","9":"product_tag-grynas-grozis","10":"product_tag-hialurono-rugstis","11":"product_tag-naturali-prieziura","12":"product_tag-niacinamidas","13":"product_tag-niacinamido-serumas","14":"product_tag-odos-atspalvis-vakaras","15":"product_tag-poru-sutraukimas-lt","16":"product_tag-priesuzdegiminis","17":"product_tag-problemines-odos-prieziura","18":"product_tag-riebalu-reguliavimas","19":"product_tag-serumas","21":"first","22":"onbackorder","23":"taxable","24":"shipping-taxable","25":"purchasable","26":"product-type-simple"},"acf":[],"yoast_head":"<!-- This site is optimized with the Yoast SEO plugin v27.1.1 - https:\/\/yoast.com\/product\/yoast-seo-wordpress\/ -->\n<title>Niacinamido 5% serumas 30 ml - Puhdas+<\/title>\n<meta name=\"description\" content=\"Niacinamido 5 % serumas padeda i\u0161lyginti odos atspalv\u012f, suma\u017einti d\u0117meles ir kontroliuoti riebal\u0173 gamyb\u0105. Idealiai tinka kasdieniam naudojimui! Vegani\u0161kas.\" \/>\n<meta name=\"robots\" content=\"noindex, follow, max-snippet:-1, max-image-preview:large, max-video-preview:-1\" \/>\n<meta property=\"og:locale\" content=\"lt_LT\" \/>\n<meta property=\"og:type\" content=\"article\" \/>\n<meta property=\"og:title\" content=\"Niacinamido 5% serumas 30 ml - Puhdas+\" \/>\n<meta property=\"og:description\" content=\"Niacinamido 5 % serumas padeda i\u0161lyginti odos atspalv\u012f, suma\u017einti d\u0117meles ir kontroliuoti riebal\u0173 gamyb\u0105. Idealiai tinka kasdieniam naudojimui! Vegani\u0161kas.\" \/>\n<meta property=\"og:url\" content=\"https:\/\/test.puhdasplus.ee\/lt\/tooted\/kosmetika-lt\/niacinamido-5-serumas-30-ml\/\" \/>\n<meta property=\"og:site_name\" content=\"Puhdas+\" \/>\n<meta property=\"article:publisher\" content=\"https:\/\/www.facebook.com\/puhdasplus\" \/>\n<meta property=\"article:modified_time\" content=\"2026-02-27T09:26:47+00:00\" \/>\n<meta property=\"og:image\" content=\"https:\/\/test.puhdasplus.ee\/wp-content\/uploads\/2025\/03\/145.jpg\" \/>\n\t<meta property=\"og:image:width\" content=\"1862\" \/>\n\t<meta property=\"og:image:height\" content=\"2560\" \/>\n\t<meta property=\"og:image:type\" content=\"image\/jpeg\" \/>\n<meta name=\"twitter:card\" content=\"summary_large_image\" \/>\n<meta name=\"twitter:label1\" content=\"Est. reading time\" \/>\n\t<meta name=\"twitter:data1\" content=\"2 minut\u0117\" \/>\n<script type=\"application\/ld+json\" class=\"yoast-schema-graph\">{\"@context\":\"https:\/\/schema.org\",\"@graph\":[{\"@type\":\"WebPage\",\"@id\":\"https:\/\/test.puhdasplus.ee\/lt\/tooted\/kosmetika-lt\/niacinamido-5-serumas-30-ml\/\",\"url\":\"https:\/\/test.puhdasplus.ee\/lt\/tooted\/kosmetika-lt\/niacinamido-5-serumas-30-ml\/\",\"name\":\"Niacinamido 5% serumas 30 ml - Puhdas+\",\"isPartOf\":{\"@id\":\"https:\/\/test.puhdasplus.ee\/lt\/#website\"},\"primaryImageOfPage\":{\"@id\":\"https:\/\/test.puhdasplus.ee\/lt\/tooted\/kosmetika-lt\/niacinamido-5-serumas-30-ml\/#primaryimage\"},\"image\":{\"@id\":\"https:\/\/test.puhdasplus.ee\/lt\/tooted\/kosmetika-lt\/niacinamido-5-serumas-30-ml\/#primaryimage\"},\"thumbnailUrl\":\"https:\/\/test.puhdasplus.ee\/wp-content\/uploads\/2025\/03\/145.jpg\",\"datePublished\":\"2025-01-16T18:22:18+00:00\",\"dateModified\":\"2026-02-27T09:26:47+00:00\",\"description\":\"Niacinamido 5 % serumas padeda i\u0161lyginti odos atspalv\u012f, suma\u017einti d\u0117meles ir kontroliuoti riebal\u0173 gamyb\u0105. Idealiai tinka kasdieniam naudojimui! Vegani\u0161kas.\",\"breadcrumb\":{\"@id\":\"https:\/\/test.puhdasplus.ee\/lt\/tooted\/kosmetika-lt\/niacinamido-5-serumas-30-ml\/#breadcrumb\"},\"inLanguage\":\"lt-LT\",\"potentialAction\":[{\"@type\":\"ReadAction\",\"target\":[\"https:\/\/test.puhdasplus.ee\/lt\/tooted\/kosmetika-lt\/niacinamido-5-serumas-30-ml\/\"]}]},{\"@type\":\"ImageObject\",\"inLanguage\":\"lt-LT\",\"@id\":\"https:\/\/test.puhdasplus.ee\/lt\/tooted\/kosmetika-lt\/niacinamido-5-serumas-30-ml\/#primaryimage\",\"url\":\"https:\/\/test.puhdasplus.ee\/wp-content\/uploads\/2025\/03\/145.jpg\",\"contentUrl\":\"https:\/\/test.puhdasplus.ee\/wp-content\/uploads\/2025\/03\/145.jpg\",\"width\":1862,\"height\":2560,\"caption\":\"Niacinamido 5% serumas\"},{\"@type\":\"BreadcrumbList\",\"@id\":\"https:\/\/test.puhdasplus.ee\/lt\/tooted\/kosmetika-lt\/niacinamido-5-serumas-30-ml\/#breadcrumb\",\"itemListElement\":[{\"@type\":\"ListItem\",\"position\":1,\"name\":\"Prad\u017eia\",\"item\":\"https:\/\/test.puhdasplus.ee\/lt\/\"},{\"@type\":\"ListItem\",\"position\":2,\"name\":\"Produktai\",\"item\":\"https:\/\/test.puhdasplus.ee\/lt\/parduotuve\/\"},{\"@type\":\"ListItem\",\"position\":3,\"name\":\"Niacinamido 5% serumas 30 ml\"}]},{\"@type\":\"WebSite\",\"@id\":\"https:\/\/test.puhdasplus.ee\/lt\/#website\",\"url\":\"https:\/\/test.puhdasplus.ee\/lt\/\",\"name\":\"Puhdas+\",\"description\":\"Vitamiinid, Toidulisandid, looduskosmeetika, tervis, sport\",\"publisher\":{\"@id\":\"https:\/\/test.puhdasplus.ee\/lt\/#organization\"},\"potentialAction\":[{\"@type\":\"SearchAction\",\"target\":{\"@type\":\"EntryPoint\",\"urlTemplate\":\"https:\/\/test.puhdasplus.ee\/lt\/?s={search_term_string}\"},\"query-input\":{\"@type\":\"PropertyValueSpecification\",\"valueRequired\":true,\"valueName\":\"search_term_string\"}}],\"inLanguage\":\"lt-LT\"},{\"@type\":\"Organization\",\"@id\":\"https:\/\/test.puhdasplus.ee\/lt\/#organization\",\"name\":\"Puhdas+\",\"alternateName\":\"Puhdasplus\",\"url\":\"https:\/\/test.puhdasplus.ee\/lt\/\",\"logo\":{\"@type\":\"ImageObject\",\"inLanguage\":\"lt-LT\",\"@id\":\"https:\/\/test.puhdasplus.ee\/lt\/#\/schema\/logo\/image\/\",\"url\":\"https:\/\/test.puhdasplus.ee\/\/wp-content\/uploads\/2019\/10\/puhdas_logo-arvele.png\",\"contentUrl\":\"https:\/\/test.puhdasplus.ee\/\/wp-content\/uploads\/2019\/10\/puhdas_logo-arvele.png\",\"width\":114,\"height\":94,\"caption\":\"Puhdas+\"},\"image\":{\"@id\":\"https:\/\/test.puhdasplus.ee\/lt\/#\/schema\/logo\/image\/\"},\"sameAs\":[\"https:\/\/www.facebook.com\/puhdasplus\",\"https:\/\/www.instagram.com\/puhdasplus_ee\/\"]}]}<\/script>\n<!-- \/ Yoast SEO plugin. -->","yoast_head_json":{"title":"Niacinamido 5% serumas 30 ml - Puhdas+","description":"Niacinamido 5 % serumas padeda i\u0161lyginti odos atspalv\u012f, suma\u017einti d\u0117meles ir kontroliuoti riebal\u0173 gamyb\u0105. Idealiai tinka kasdieniam naudojimui! Vegani\u0161kas.","robots":{"index":"noindex","follow":"follow","max-snippet":"max-snippet:-1","max-image-preview":"max-image-preview:large","max-video-preview":"max-video-preview:-1"},"og_locale":"lt_LT","og_type":"article","og_title":"Niacinamido 5% serumas 30 ml - Puhdas+","og_description":"Niacinamido 5 % serumas padeda i\u0161lyginti odos atspalv\u012f, suma\u017einti d\u0117meles ir kontroliuoti riebal\u0173 gamyb\u0105. Idealiai tinka kasdieniam naudojimui! Vegani\u0161kas.","og_url":"https:\/\/test.puhdasplus.ee\/lt\/tooted\/kosmetika-lt\/niacinamido-5-serumas-30-ml\/","og_site_name":"Puhdas+","article_publisher":"https:\/\/www.facebook.com\/puhdasplus","article_modified_time":"2026-02-27T09:26:47+00:00","og_image":[{"width":1862,"height":2560,"url":"https:\/\/test.puhdasplus.ee\/wp-content\/uploads\/2025\/03\/145.jpg","type":"image\/jpeg"}],"twitter_card":"summary_large_image","twitter_misc":{"Est. reading time":"2 minut\u0117"},"schema":{"@context":"https:\/\/schema.org","@graph":[{"@type":"WebPage","@id":"https:\/\/test.puhdasplus.ee\/lt\/tooted\/kosmetika-lt\/niacinamido-5-serumas-30-ml\/","url":"https:\/\/test.puhdasplus.ee\/lt\/tooted\/kosmetika-lt\/niacinamido-5-serumas-30-ml\/","name":"Niacinamido 5% serumas 30 ml - Puhdas+","isPartOf":{"@id":"https:\/\/test.puhdasplus.ee\/lt\/#website"},"primaryImageOfPage":{"@id":"https:\/\/test.puhdasplus.ee\/lt\/tooted\/kosmetika-lt\/niacinamido-5-serumas-30-ml\/#primaryimage"},"image":{"@id":"https:\/\/test.puhdasplus.ee\/lt\/tooted\/kosmetika-lt\/niacinamido-5-serumas-30-ml\/#primaryimage"},"thumbnailUrl":"https:\/\/test.puhdasplus.ee\/wp-content\/uploads\/2025\/03\/145.jpg","datePublished":"2025-01-16T18:22:18+00:00","dateModified":"2026-02-27T09:26:47+00:00","description":"Niacinamido 5 % serumas padeda i\u0161lyginti odos atspalv\u012f, suma\u017einti d\u0117meles ir kontroliuoti riebal\u0173 gamyb\u0105. Idealiai tinka kasdieniam naudojimui! Vegani\u0161kas.","breadcrumb":{"@id":"https:\/\/test.puhdasplus.ee\/lt\/tooted\/kosmetika-lt\/niacinamido-5-serumas-30-ml\/#breadcrumb"},"inLanguage":"lt-LT","potentialAction":[{"@type":"ReadAction","target":["https:\/\/test.puhdasplus.ee\/lt\/tooted\/kosmetika-lt\/niacinamido-5-serumas-30-ml\/"]}]},{"@type":"ImageObject","inLanguage":"lt-LT","@id":"https:\/\/test.puhdasplus.ee\/lt\/tooted\/kosmetika-lt\/niacinamido-5-serumas-30-ml\/#primaryimage","url":"https:\/\/test.puhdasplus.ee\/wp-content\/uploads\/2025\/03\/145.jpg","contentUrl":"https:\/\/test.puhdasplus.ee\/wp-content\/uploads\/2025\/03\/145.jpg","width":1862,"height":2560,"caption":"Niacinamido 5% serumas"},{"@type":"BreadcrumbList","@id":"https:\/\/test.puhdasplus.ee\/lt\/tooted\/kosmetika-lt\/niacinamido-5-serumas-30-ml\/#breadcrumb","itemListElement":[{"@type":"ListItem","position":1,"name":"Prad\u017eia","item":"https:\/\/test.puhdasplus.ee\/lt\/"},{"@type":"ListItem","position":2,"name":"Produktai","item":"https:\/\/test.puhdasplus.ee\/lt\/parduotuve\/"},{"@type":"ListItem","position":3,"name":"Niacinamido 5% serumas 30 ml"}]},{"@type":"WebSite","@id":"https:\/\/test.puhdasplus.ee\/lt\/#website","url":"https:\/\/test.puhdasplus.ee\/lt\/","name":"Puhdas+","description":"Vitamiinid, Toidulisandid, looduskosmeetika, tervis, sport","publisher":{"@id":"https:\/\/test.puhdasplus.ee\/lt\/#organization"},"potentialAction":[{"@type":"SearchAction","target":{"@type":"EntryPoint","urlTemplate":"https:\/\/test.puhdasplus.ee\/lt\/?s={search_term_string}"},"query-input":{"@type":"PropertyValueSpecification","valueRequired":true,"valueName":"search_term_string"}}],"inLanguage":"lt-LT"},{"@type":"Organization","@id":"https:\/\/test.puhdasplus.ee\/lt\/#organization","name":"Puhdas+","alternateName":"Puhdasplus","url":"https:\/\/test.puhdasplus.ee\/lt\/","logo":{"@type":"ImageObject","inLanguage":"lt-LT","@id":"https:\/\/test.puhdasplus.ee\/lt\/#\/schema\/logo\/image\/","url":"https:\/\/test.puhdasplus.ee\/\/wp-content\/uploads\/2019\/10\/puhdas_logo-arvele.png","contentUrl":"https:\/\/test.puhdasplus.ee\/\/wp-content\/uploads\/2019\/10\/puhdas_logo-arvele.png","width":114,"height":94,"caption":"Puhdas+"},"image":{"@id":"https:\/\/test.puhdasplus.ee\/lt\/#\/schema\/logo\/image\/"},"sameAs":["https:\/\/www.facebook.com\/puhdasplus","https:\/\/www.instagram.com\/puhdasplus_ee\/"]}]}},"_links":{"self":[{"href":"https:\/\/test.puhdasplus.ee\/lt\/wp-json\/wp\/v2\/product\/33145","targetHints":{"allow":["GET"]}}],"collection":[{"href":"https:\/\/test.puhdasplus.ee\/lt\/wp-json\/wp\/v2\/product"}],"about":[{"href":"https:\/\/test.puhdasplus.ee\/lt\/wp-json\/wp\/v2\/types\/product"}],"replies":[{"embeddable":true,"href":"https:\/\/test.puhdasplus.ee\/lt\/wp-json\/wp\/v2\/comments?post=33145"}],"wp:featuredmedia":[{"embeddable":true,"href":"https:\/\/test.puhdasplus.ee\/lt\/wp-json\/wp\/v2\/media\/33150"}],"wp:attachment":[{"href":"https:\/\/test.puhdasplus.ee\/lt\/wp-json\/wp\/v2\/media?parent=33145"}],"wp:term":[{"taxonomy":"product_brand","embeddable":true,"href":"https:\/\/test.puhdasplus.ee\/lt\/wp-json\/wp\/v2\/product_brand?post=33145"},{"taxonomy":"product_cat","embeddable":true,"href":"https:\/\/test.puhdasplus.ee\/lt\/wp-json\/wp\/v2\/product_cat?post=33145"},{"taxonomy":"product_tag","embeddable":true,"href":"https:\/\/test.puhdasplus.ee\/lt\/wp-json\/wp\/v2\/product_tag?post=33145"}],"curies":[{"name":"wp","href":"https:\/\/api.w.org\/{rel}","templated":true}]}}