{"id":33128,"date":"2025-01-16T20:07:31","date_gmt":"2025-01-16T18:07:31","guid":{"rendered":"https:\/\/test.puhdasplus.ee\/\/tooted\/be-kategorijos\/biciu-nuodu-serumas-30-ml\/"},"modified":"2026-02-27T11:27:03","modified_gmt":"2026-02-27T09:27:03","slug":"biciu-nuodu-serumas-30-ml","status":"publish","type":"product","link":"https:\/\/test.puhdasplus.ee\/lt\/tooted\/kosmetika-lt\/biciu-nuodu-serumas-30-ml\/","title":{"rendered":"Bi\u010di\u0173 nuod\u0173 serumas 30 ml"},"content":{"rendered":"<p>\u201eBee Venom\u201c serumas \u2013 tai intensyviai atjauninantis ir stangrinamasis serumas, kurio sud\u0117tyje yra bi\u010di\u0173 nuod\u0173 \u2013 nat\u016bralaus ingrediento, skatinan\u010dio odos atsinaujinim\u0105 ir kolageno gamyb\u0105. Bi\u010di\u0173 nuodai veikia kaip nat\u016bralus \u201emikrolifteris\u201c, padedantis suma\u017einti smulkias rauk\u0161leles ir pagerinti odos elastingum\u0105. Be to, serume yra hialurono r\u016bg\u0161ties ir nat\u016brali\u0173 dr\u0117kinam\u0173j\u0173 ekstrakt\u0173, kurie u\u017etikrina gil\u0173 dr\u0117kinim\u0105 ir suteikia odai sveik\u0105 \u0161vyt\u0117jim\u0105. Lengva formul\u0117 greitai \u012fsigeria ir nepalieka odos riebios pl\u0117vel\u0117s. Tinka visiems odos tipams, ypa\u010d brand\u017eiai ir pavargusiai odai.    <\/p>\n<p data-start=\"699\" data-end=\"723\"><strong data-start=\"699\" data-end=\"721\">Naudojimo instrukcijos:<\/strong><\/p>\n<ol data-start=\"724\" data-end=\"994\">\n<li data-start=\"724\" data-end=\"777\">Prie\u0161 tepdami serum\u0105, nuvalykite ir nusausinkite od\u0105.<\/li>\n<li data-start=\"778\" data-end=\"873\">U\u017etepkite 2\u20133 la\u0161us serumo ant veido ir kaklo odos ir \u0161velniai masa\u017euokite, kol \u012fsigers.<\/li>\n<li data-start=\"874\" data-end=\"933\">Naudokite ryte ir (arba) vakare prie\u0161 dr\u0117kinam\u0105j\u012f krem\u0105.<\/li>\n<li data-start=\"934\" data-end=\"994\">Geriausiems rezultatams pasiekti naudokite reguliariai.<\/li>\n<\/ol>\n<p><strong data-start=\"996\" data-end=\"1012\">Sudedamosios dalys:<\/strong><br data-start=\"1012\" data-end=\"1015\">Aqua (vanduo), kaprilo \/ kaprio trigliceridas, glicerinas, C14-22 alkoholiai, C12-20 alkilgliukozidas, medus, sald\u017ei\u0173j\u0173 migdol\u0173 aliejus (Prunus Amygdalus Dulcis)<em data-start=\"215\" data-end=\"374\">, er\u0161k\u0117tuogi\u0173 s\u0117kl\u0173 aliejus (Rosa Rubiginosa), bi\u010di\u0173 nuodai, propolis (Propolis Cera), silicio dioksidas (silica), hidrolizuota hialurono r\u016bg\u0161tis, kokos\u0173 aliejus (Cocos Nucifera)<\/em>, bi\u010di\u0173 va\u0161kas (Cera Alba)<em data-start=\"399\" data-end=\"455\">, tokoferolis, argano aliejus (Argania Spinosa Kernel Oil)<\/em>, sviestmed\u017ei\u0173 sviestas (Butyrospermum Parkii Butter)*, ksantano derva, natrio benzoatas, kalio sorbatas, kvapioji med\u017eiaga (parfum), fenoksietanolis, etilheksilglicerinas, pieno r\u016bg\u0161tis. Organinis.<\/p>\n","protected":false},"excerpt":{"rendered":"<p>Stangrinantis ir rauk\u0161les ma\u017einantis serumas su bi\u010di\u0173 nuodais, skatinantis odos atsinaujinim\u0105 ir giliai dr\u0117kinantis od\u0105.<\/p>\n","protected":false},"featured_media":33130,"comment_status":"closed","ping_status":"closed","template":"","meta":{"_acf_changed":false},"product_brand":[],"product_cat":[2582],"product_tag":[2909,2691,2577,2704,2563,2693,2886,2705,2678,2910,2911],"class_list":{"0":"post-33128","1":"product","2":"type-product","3":"status-publish","4":"has-post-thumbnail","6":"product_cat-kosmetika-lt","7":"product_tag-biciu-nuodu-serumas","8":"product_tag-gilus-drekinimas","9":"product_tag-grynas-grozis","10":"product_tag-kolageno-stimuliacija","11":"product_tag-naturali-grozio-prieziura","12":"product_tag-odos-atnaujinimas","13":"product_tag-odos-prieziura","14":"product_tag-senejima-stabdantis","15":"product_tag-serumas","16":"product_tag-serumas-nuo-rauksliu","17":"product_tag-stangrinamasis-serumas","19":"first","20":"onbackorder","21":"taxable","22":"shipping-taxable","23":"purchasable","24":"product-type-simple"},"acf":[],"yoast_head":"<!-- This site is optimized with the Yoast SEO plugin v27.1.1 - https:\/\/yoast.com\/product\/yoast-seo-wordpress\/ -->\n<title>Bi\u010di\u0173 nuod\u0173 serumas 30 ml - Puhdas+<\/title>\n<meta name=\"description\" content=\"Bi\u010di\u0173 nuod\u0173 serumas su bi\u010di\u0173 nuodais stimuliuoja kolageno gamyb\u0105, ma\u017eina rauk\u0161les ir stangrina od\u0105. Stangrinantis ir atjauninantis serumas. Organin\u0117 sud\u0117tis.\" \/>\n<meta name=\"robots\" content=\"noindex, follow, max-snippet:-1, max-image-preview:large, max-video-preview:-1\" \/>\n<meta property=\"og:locale\" content=\"lt_LT\" \/>\n<meta property=\"og:type\" content=\"article\" \/>\n<meta property=\"og:title\" content=\"Bi\u010di\u0173 nuod\u0173 serumas 30 ml - Puhdas+\" \/>\n<meta property=\"og:description\" content=\"Bi\u010di\u0173 nuod\u0173 serumas su bi\u010di\u0173 nuodais stimuliuoja kolageno gamyb\u0105, ma\u017eina rauk\u0161les ir stangrina od\u0105. Stangrinantis ir atjauninantis serumas. Organin\u0117 sud\u0117tis.\" \/>\n<meta property=\"og:url\" content=\"https:\/\/test.puhdasplus.ee\/lt\/tooted\/kosmetika-lt\/biciu-nuodu-serumas-30-ml\/\" \/>\n<meta property=\"og:site_name\" content=\"Puhdas+\" \/>\n<meta property=\"article:publisher\" content=\"https:\/\/www.facebook.com\/puhdasplus\" \/>\n<meta property=\"article:modified_time\" content=\"2026-02-27T09:27:03+00:00\" \/>\n<meta property=\"og:image\" content=\"https:\/\/test.puhdasplus.ee\/wp-content\/uploads\/2025\/03\/147.jpg\" \/>\n\t<meta property=\"og:image:width\" content=\"1862\" \/>\n\t<meta property=\"og:image:height\" content=\"2560\" \/>\n\t<meta property=\"og:image:type\" content=\"image\/jpeg\" \/>\n<meta name=\"twitter:card\" content=\"summary_large_image\" \/>\n<meta name=\"twitter:label1\" content=\"Est. reading time\" \/>\n\t<meta name=\"twitter:data1\" content=\"1 minut\u0117\" \/>\n<script type=\"application\/ld+json\" class=\"yoast-schema-graph\">{\"@context\":\"https:\/\/schema.org\",\"@graph\":[{\"@type\":\"WebPage\",\"@id\":\"https:\/\/test.puhdasplus.ee\/lt\/tooted\/kosmetika-lt\/biciu-nuodu-serumas-30-ml\/\",\"url\":\"https:\/\/test.puhdasplus.ee\/lt\/tooted\/kosmetika-lt\/biciu-nuodu-serumas-30-ml\/\",\"name\":\"Bi\u010di\u0173 nuod\u0173 serumas 30 ml - Puhdas+\",\"isPartOf\":{\"@id\":\"https:\/\/test.puhdasplus.ee\/lt\/#website\"},\"primaryImageOfPage\":{\"@id\":\"https:\/\/test.puhdasplus.ee\/lt\/tooted\/kosmetika-lt\/biciu-nuodu-serumas-30-ml\/#primaryimage\"},\"image\":{\"@id\":\"https:\/\/test.puhdasplus.ee\/lt\/tooted\/kosmetika-lt\/biciu-nuodu-serumas-30-ml\/#primaryimage\"},\"thumbnailUrl\":\"https:\/\/test.puhdasplus.ee\/wp-content\/uploads\/2025\/03\/147.jpg\",\"datePublished\":\"2025-01-16T18:07:31+00:00\",\"dateModified\":\"2026-02-27T09:27:03+00:00\",\"description\":\"Bi\u010di\u0173 nuod\u0173 serumas su bi\u010di\u0173 nuodais stimuliuoja kolageno gamyb\u0105, ma\u017eina rauk\u0161les ir stangrina od\u0105. Stangrinantis ir atjauninantis serumas. Organin\u0117 sud\u0117tis.\",\"breadcrumb\":{\"@id\":\"https:\/\/test.puhdasplus.ee\/lt\/tooted\/kosmetika-lt\/biciu-nuodu-serumas-30-ml\/#breadcrumb\"},\"inLanguage\":\"lt-LT\",\"potentialAction\":[{\"@type\":\"ReadAction\",\"target\":[\"https:\/\/test.puhdasplus.ee\/lt\/tooted\/kosmetika-lt\/biciu-nuodu-serumas-30-ml\/\"]}]},{\"@type\":\"ImageObject\",\"inLanguage\":\"lt-LT\",\"@id\":\"https:\/\/test.puhdasplus.ee\/lt\/tooted\/kosmetika-lt\/biciu-nuodu-serumas-30-ml\/#primaryimage\",\"url\":\"https:\/\/test.puhdasplus.ee\/wp-content\/uploads\/2025\/03\/147.jpg\",\"contentUrl\":\"https:\/\/test.puhdasplus.ee\/wp-content\/uploads\/2025\/03\/147.jpg\",\"width\":1862,\"height\":2560,\"caption\":\"Bi\u010di\u0173 nuod\u0173 serumas\"},{\"@type\":\"BreadcrumbList\",\"@id\":\"https:\/\/test.puhdasplus.ee\/lt\/tooted\/kosmetika-lt\/biciu-nuodu-serumas-30-ml\/#breadcrumb\",\"itemListElement\":[{\"@type\":\"ListItem\",\"position\":1,\"name\":\"Prad\u017eia\",\"item\":\"https:\/\/test.puhdasplus.ee\/lt\/\"},{\"@type\":\"ListItem\",\"position\":2,\"name\":\"Produktai\",\"item\":\"https:\/\/test.puhdasplus.ee\/lt\/parduotuve\/\"},{\"@type\":\"ListItem\",\"position\":3,\"name\":\"Bi\u010di\u0173 nuod\u0173 serumas 30 ml\"}]},{\"@type\":\"WebSite\",\"@id\":\"https:\/\/test.puhdasplus.ee\/lt\/#website\",\"url\":\"https:\/\/test.puhdasplus.ee\/lt\/\",\"name\":\"Puhdas+\",\"description\":\"Vitamiinid, Toidulisandid, looduskosmeetika, tervis, sport\",\"publisher\":{\"@id\":\"https:\/\/test.puhdasplus.ee\/lt\/#organization\"},\"potentialAction\":[{\"@type\":\"SearchAction\",\"target\":{\"@type\":\"EntryPoint\",\"urlTemplate\":\"https:\/\/test.puhdasplus.ee\/lt\/?s={search_term_string}\"},\"query-input\":{\"@type\":\"PropertyValueSpecification\",\"valueRequired\":true,\"valueName\":\"search_term_string\"}}],\"inLanguage\":\"lt-LT\"},{\"@type\":\"Organization\",\"@id\":\"https:\/\/test.puhdasplus.ee\/lt\/#organization\",\"name\":\"Puhdas+\",\"alternateName\":\"Puhdasplus\",\"url\":\"https:\/\/test.puhdasplus.ee\/lt\/\",\"logo\":{\"@type\":\"ImageObject\",\"inLanguage\":\"lt-LT\",\"@id\":\"https:\/\/test.puhdasplus.ee\/lt\/#\/schema\/logo\/image\/\",\"url\":\"https:\/\/test.puhdasplus.ee\/\/wp-content\/uploads\/2019\/10\/puhdas_logo-arvele.png\",\"contentUrl\":\"https:\/\/test.puhdasplus.ee\/\/wp-content\/uploads\/2019\/10\/puhdas_logo-arvele.png\",\"width\":114,\"height\":94,\"caption\":\"Puhdas+\"},\"image\":{\"@id\":\"https:\/\/test.puhdasplus.ee\/lt\/#\/schema\/logo\/image\/\"},\"sameAs\":[\"https:\/\/www.facebook.com\/puhdasplus\",\"https:\/\/www.instagram.com\/puhdasplus_ee\/\"]}]}<\/script>\n<!-- \/ Yoast SEO plugin. -->","yoast_head_json":{"title":"Bi\u010di\u0173 nuod\u0173 serumas 30 ml - Puhdas+","description":"Bi\u010di\u0173 nuod\u0173 serumas su bi\u010di\u0173 nuodais stimuliuoja kolageno gamyb\u0105, ma\u017eina rauk\u0161les ir stangrina od\u0105. Stangrinantis ir atjauninantis serumas. Organin\u0117 sud\u0117tis.","robots":{"index":"noindex","follow":"follow","max-snippet":"max-snippet:-1","max-image-preview":"max-image-preview:large","max-video-preview":"max-video-preview:-1"},"og_locale":"lt_LT","og_type":"article","og_title":"Bi\u010di\u0173 nuod\u0173 serumas 30 ml - Puhdas+","og_description":"Bi\u010di\u0173 nuod\u0173 serumas su bi\u010di\u0173 nuodais stimuliuoja kolageno gamyb\u0105, ma\u017eina rauk\u0161les ir stangrina od\u0105. Stangrinantis ir atjauninantis serumas. Organin\u0117 sud\u0117tis.","og_url":"https:\/\/test.puhdasplus.ee\/lt\/tooted\/kosmetika-lt\/biciu-nuodu-serumas-30-ml\/","og_site_name":"Puhdas+","article_publisher":"https:\/\/www.facebook.com\/puhdasplus","article_modified_time":"2026-02-27T09:27:03+00:00","og_image":[{"width":1862,"height":2560,"url":"https:\/\/test.puhdasplus.ee\/wp-content\/uploads\/2025\/03\/147.jpg","type":"image\/jpeg"}],"twitter_card":"summary_large_image","twitter_misc":{"Est. reading time":"1 minut\u0117"},"schema":{"@context":"https:\/\/schema.org","@graph":[{"@type":"WebPage","@id":"https:\/\/test.puhdasplus.ee\/lt\/tooted\/kosmetika-lt\/biciu-nuodu-serumas-30-ml\/","url":"https:\/\/test.puhdasplus.ee\/lt\/tooted\/kosmetika-lt\/biciu-nuodu-serumas-30-ml\/","name":"Bi\u010di\u0173 nuod\u0173 serumas 30 ml - Puhdas+","isPartOf":{"@id":"https:\/\/test.puhdasplus.ee\/lt\/#website"},"primaryImageOfPage":{"@id":"https:\/\/test.puhdasplus.ee\/lt\/tooted\/kosmetika-lt\/biciu-nuodu-serumas-30-ml\/#primaryimage"},"image":{"@id":"https:\/\/test.puhdasplus.ee\/lt\/tooted\/kosmetika-lt\/biciu-nuodu-serumas-30-ml\/#primaryimage"},"thumbnailUrl":"https:\/\/test.puhdasplus.ee\/wp-content\/uploads\/2025\/03\/147.jpg","datePublished":"2025-01-16T18:07:31+00:00","dateModified":"2026-02-27T09:27:03+00:00","description":"Bi\u010di\u0173 nuod\u0173 serumas su bi\u010di\u0173 nuodais stimuliuoja kolageno gamyb\u0105, ma\u017eina rauk\u0161les ir stangrina od\u0105. Stangrinantis ir atjauninantis serumas. Organin\u0117 sud\u0117tis.","breadcrumb":{"@id":"https:\/\/test.puhdasplus.ee\/lt\/tooted\/kosmetika-lt\/biciu-nuodu-serumas-30-ml\/#breadcrumb"},"inLanguage":"lt-LT","potentialAction":[{"@type":"ReadAction","target":["https:\/\/test.puhdasplus.ee\/lt\/tooted\/kosmetika-lt\/biciu-nuodu-serumas-30-ml\/"]}]},{"@type":"ImageObject","inLanguage":"lt-LT","@id":"https:\/\/test.puhdasplus.ee\/lt\/tooted\/kosmetika-lt\/biciu-nuodu-serumas-30-ml\/#primaryimage","url":"https:\/\/test.puhdasplus.ee\/wp-content\/uploads\/2025\/03\/147.jpg","contentUrl":"https:\/\/test.puhdasplus.ee\/wp-content\/uploads\/2025\/03\/147.jpg","width":1862,"height":2560,"caption":"Bi\u010di\u0173 nuod\u0173 serumas"},{"@type":"BreadcrumbList","@id":"https:\/\/test.puhdasplus.ee\/lt\/tooted\/kosmetika-lt\/biciu-nuodu-serumas-30-ml\/#breadcrumb","itemListElement":[{"@type":"ListItem","position":1,"name":"Prad\u017eia","item":"https:\/\/test.puhdasplus.ee\/lt\/"},{"@type":"ListItem","position":2,"name":"Produktai","item":"https:\/\/test.puhdasplus.ee\/lt\/parduotuve\/"},{"@type":"ListItem","position":3,"name":"Bi\u010di\u0173 nuod\u0173 serumas 30 ml"}]},{"@type":"WebSite","@id":"https:\/\/test.puhdasplus.ee\/lt\/#website","url":"https:\/\/test.puhdasplus.ee\/lt\/","name":"Puhdas+","description":"Vitamiinid, Toidulisandid, looduskosmeetika, tervis, sport","publisher":{"@id":"https:\/\/test.puhdasplus.ee\/lt\/#organization"},"potentialAction":[{"@type":"SearchAction","target":{"@type":"EntryPoint","urlTemplate":"https:\/\/test.puhdasplus.ee\/lt\/?s={search_term_string}"},"query-input":{"@type":"PropertyValueSpecification","valueRequired":true,"valueName":"search_term_string"}}],"inLanguage":"lt-LT"},{"@type":"Organization","@id":"https:\/\/test.puhdasplus.ee\/lt\/#organization","name":"Puhdas+","alternateName":"Puhdasplus","url":"https:\/\/test.puhdasplus.ee\/lt\/","logo":{"@type":"ImageObject","inLanguage":"lt-LT","@id":"https:\/\/test.puhdasplus.ee\/lt\/#\/schema\/logo\/image\/","url":"https:\/\/test.puhdasplus.ee\/\/wp-content\/uploads\/2019\/10\/puhdas_logo-arvele.png","contentUrl":"https:\/\/test.puhdasplus.ee\/\/wp-content\/uploads\/2019\/10\/puhdas_logo-arvele.png","width":114,"height":94,"caption":"Puhdas+"},"image":{"@id":"https:\/\/test.puhdasplus.ee\/lt\/#\/schema\/logo\/image\/"},"sameAs":["https:\/\/www.facebook.com\/puhdasplus","https:\/\/www.instagram.com\/puhdasplus_ee\/"]}]}},"_links":{"self":[{"href":"https:\/\/test.puhdasplus.ee\/lt\/wp-json\/wp\/v2\/product\/33128","targetHints":{"allow":["GET"]}}],"collection":[{"href":"https:\/\/test.puhdasplus.ee\/lt\/wp-json\/wp\/v2\/product"}],"about":[{"href":"https:\/\/test.puhdasplus.ee\/lt\/wp-json\/wp\/v2\/types\/product"}],"replies":[{"embeddable":true,"href":"https:\/\/test.puhdasplus.ee\/lt\/wp-json\/wp\/v2\/comments?post=33128"}],"wp:featuredmedia":[{"embeddable":true,"href":"https:\/\/test.puhdasplus.ee\/lt\/wp-json\/wp\/v2\/media\/33130"}],"wp:attachment":[{"href":"https:\/\/test.puhdasplus.ee\/lt\/wp-json\/wp\/v2\/media?parent=33128"}],"wp:term":[{"taxonomy":"product_brand","embeddable":true,"href":"https:\/\/test.puhdasplus.ee\/lt\/wp-json\/wp\/v2\/product_brand?post=33128"},{"taxonomy":"product_cat","embeddable":true,"href":"https:\/\/test.puhdasplus.ee\/lt\/wp-json\/wp\/v2\/product_cat?post=33128"},{"taxonomy":"product_tag","embeddable":true,"href":"https:\/\/test.puhdasplus.ee\/lt\/wp-json\/wp\/v2\/product_tag?post=33128"}],"curies":[{"name":"wp","href":"https:\/\/api.w.org\/{rel}","templated":true}]}}